{"id":419245,"date":"2025-12-09T12:11:09","date_gmt":"2025-12-09T12:11:09","guid":{"rendered":"https:\/\/www.purejewels.com\/?post_type=product&#038;p=419245"},"modified":"2026-03-09T05:25:02","modified_gmt":"2026-03-09T05:25:02","slug":"22-karat-gold-gedrehtes-seilband-53047","status":"publish","type":"product","link":"https:\/\/www.purejewels.com\/de\/product\/22ct-gold-twisted-rope-band-53047\/","title":{"rendered":"22ct Gold Gedrehtes Seil Band"},"content":{"rendered":"<p data-start=\"605\" data-end=\"895\"><strong data-start=\"605\" data-end=\"615\">Gestaltung<\/strong><\/p>\n<p data-start=\"605\" data-end=\"895\">Dieser raffinierte Ring zeichnet sich durch ein durchgehendes Seil aus, das von einem polierten Rand eingerahmt wird. Das Profil ist schlank und anmutig, sodass er sich wunderbar mit Verlobungsringen oder anderen Staplern kombinieren l\u00e4sst. Die Textur verleiht ihm eine ruhige Bewegung und einen klassischen nautischen Charakter, w\u00e4hrend die Silhouette minimal gehalten wird.<\/p>\n<p data-start=\"897\" data-end=\"1148\"><strong data-start=\"897\" data-end=\"914\">Handwerkliches K\u00f6nnen<\/strong><\/p>\n<p data-start=\"897\" data-end=\"1148\">Gegossen aus massivem 22-kar\u00e4tigem Gelbgold und mit einer Hochglanzpolitur versehen, um das Seil-Detail hervorzuheben. Die Innenseite ist sanft abgerundet f\u00fcr Komfort durch lange tragen. Punziert durch das UK Assay Office, um die Reinheit und Qualit\u00e4t des Goldes zu best\u00e4tigen.<\/p>\n<p data-start=\"1150\" data-end=\"1397\"><strong data-start=\"1150\" data-end=\"1171\">Styling &amp; Geschenkartikel<\/strong><\/p>\n<p data-start=\"1150\" data-end=\"1397\">Tragen Sie ihn allein f\u00fcr einen schlichten Alltagslook oder stapeln Sie ihn mit schlichten Ringen und diamantbesetzten Ringen, um mehr Struktur zu schaffen. Eine durchdachte Wahl f\u00fcr Geburtstage, Jahrestage oder als Symbol des Engagements. Leicht zu stylen zu allen Jahreszeiten und Anl\u00e4ssen.<\/p>","protected":false},"excerpt":{"rendered":"<p>Ein schmales, seilartiges Band aus strahlendem 22-kar\u00e4tigem Gelbgold. Die sanfte Drehung f\u00e4ngt das Licht bei jeder Bewegung ein, w\u00e4hrend das innere Band f\u00fcr den t\u00e4glichen Komfort glatt bleibt. Elegant f\u00fcr sich allein und m\u00fchelos zum Stapeln. Ein zeitloser Akzent f\u00fcr jedes Schmuckk\u00e4stchen.<\/p>\n<p><strong>Material:<\/strong> 22ct Gold (91,6% reines Gold)<strong><br \/>\nWahrzeichen:\u00a0<\/strong>Britisches G\u00fctesiegel<strong><br \/>\n<\/strong><strong>Bruttogewicht: <\/strong>1,69 Gramm<br \/>\n<strong>Gr\u00f6\u00dfe:<\/strong> K<br \/>\n<strong>SKU:<\/strong> 53047, 52553<\/p>\n<p><strong>Preis und Lieferung<\/strong>: Inklusive Mehrwertsteuer und Lieferkosten<br \/>\n<a href=\"https:\/\/www.purejewels.com\/de\/ruckgabepolitik\/\">R\u00fcckgabepolitik<\/a><\/p>","protected":false},"featured_media":419247,"comment_status":"closed","ping_status":"closed","template":"","meta":{"_eb_attr":"","_crsspst_to_jayantr4sg-hostcom":true},"product_brand":[],"product_cat":[1791,1559,1785,1793,1790,1229,1235,5343,1783,5353,5349],"product_tag":[],"class_list":{"0":"post-419245","1":"product","2":"type-product","3":"status-publish","4":"has-post-thumbnail","6":"product_cat-anniversary-gifts","7":"product_cat-birthday-gifts","8":"product_cat-daily-wear-rings","9":"product_cat-diwali-gifts","10":"product_cat-for-whom-when","11":"product_cat-22ct-gold-jewellery","12":"product_cat-gold-rings","13":"product_cat-jewellery-under-550","14":"product_cat-ladies-rings","15":"product_cat-shop-by","16":"product_cat-yellow-gold-jewellery","18":"first","19":"outofstock","20":"taxable","21":"shipping-taxable","22":"product-type-simple","23":"add-to-wishlist-before_image"},"yoast_head":"<!-- This site is optimized with the Yoast SEO plugin v27.5 - https:\/\/yoast.com\/product\/yoast-seo-wordpress\/ -->\n<title>22ct Gold Twisted Rope Band | Slim Stacking Ring<\/title>\n<meta name=\"description\" content=\"Shop the 22ct Gold Twisted Rope Band. A slim rope textured ring in polished 22ct Yellow Gold for effortless stacking and everyday wear.\" \/>\n<meta name=\"robots\" content=\"index, follow, max-snippet:-1, max-image-preview:large, max-video-preview:-1\" \/>\n<link rel=\"canonical\" href=\"https:\/\/www.purejewels.com\/de\/produkt-2\/22-karat-gold-gedrehtes-seilband-53047\/\" \/>\n<meta property=\"og:locale\" content=\"de_DE\" \/>\n<meta property=\"og:type\" content=\"article\" \/>\n<meta property=\"og:title\" content=\"22ct Gold Twisted Rope Band | Slim Stacking Ring\" \/>\n<meta property=\"og:description\" content=\"Shop the 22ct Gold Twisted Rope Band. A slim rope textured ring in polished 22ct Yellow Gold for effortless stacking and everyday wear.\" \/>\n<meta property=\"og:url\" content=\"https:\/\/www.purejewels.com\/de\/produkt-2\/22-karat-gold-gedrehtes-seilband-53047\/\" \/>\n<meta property=\"og:site_name\" content=\"PureJewels UK\" \/>\n<meta property=\"article:modified_time\" content=\"2026-03-09T05:25:02+00:00\" \/>\n<meta property=\"og:image\" content=\"https:\/\/static.purejewels.com\/wp-content\/uploads\/2025\/10\/SKU-52553.jpg\" \/>\n\t<meta property=\"og:image:width\" content=\"1000\" \/>\n\t<meta property=\"og:image:height\" content=\"1000\" \/>\n\t<meta property=\"og:image:type\" content=\"image\/jpeg\" \/>\n<meta name=\"twitter:card\" content=\"summary_large_image\" \/>\n<meta name=\"twitter:label1\" content=\"Gesch\u00e4tzte Lesezeit\" \/>\n\t<meta name=\"twitter:data1\" content=\"1\u00a0Minute\" \/>\n<script type=\"application\/ld+json\" class=\"yoast-schema-graph\">{\"@context\":\"https:\\\/\\\/schema.org\",\"@graph\":[{\"@type\":[\"WebPage\",\"ItemPage\"],\"@id\":\"https:\\\/\\\/www.purejewels.com\\\/product\\\/22ct-gold-twisted-rope-band-53047\\\/\",\"url\":\"https:\\\/\\\/www.purejewels.com\\\/product\\\/22ct-gold-twisted-rope-band-53047\\\/\",\"name\":\"22ct Gold Twisted Rope Band | Slim Stacking Ring\",\"isPartOf\":{\"@id\":\"https:\\\/\\\/www.purejewels.com\\\/#website\"},\"primaryImageOfPage\":{\"@id\":\"https:\\\/\\\/www.purejewels.com\\\/product\\\/22ct-gold-twisted-rope-band-53047\\\/#primaryimage\"},\"image\":{\"@id\":\"https:\\\/\\\/www.purejewels.com\\\/product\\\/22ct-gold-twisted-rope-band-53047\\\/#primaryimage\"},\"thumbnailUrl\":\"https:\\\/\\\/static.purejewels.com\\\/wp-content\\\/uploads\\\/2025\\\/10\\\/SKU-52553.jpg\",\"datePublished\":\"2025-12-09T12:11:09+00:00\",\"dateModified\":\"2026-03-09T05:25:02+00:00\",\"description\":\"Shop the 22ct Gold Twisted Rope Band. A slim rope textured ring in polished 22ct Yellow Gold for effortless stacking and everyday wear.\",\"breadcrumb\":{\"@id\":\"https:\\\/\\\/www.purejewels.com\\\/product\\\/22ct-gold-twisted-rope-band-53047\\\/#breadcrumb\"},\"inLanguage\":\"de\",\"potentialAction\":[{\"@type\":\"ReadAction\",\"target\":[\"https:\\\/\\\/www.purejewels.com\\\/product\\\/22ct-gold-twisted-rope-band-53047\\\/\"]}]},{\"@type\":\"ImageObject\",\"inLanguage\":\"de\",\"@id\":\"https:\\\/\\\/www.purejewels.com\\\/product\\\/22ct-gold-twisted-rope-band-53047\\\/#primaryimage\",\"url\":\"https:\\\/\\\/static.purejewels.com\\\/wp-content\\\/uploads\\\/2025\\\/10\\\/SKU-52553.jpg\",\"contentUrl\":\"https:\\\/\\\/static.purejewels.com\\\/wp-content\\\/uploads\\\/2025\\\/10\\\/SKU-52553.jpg\",\"width\":1000,\"height\":1000,\"caption\":\"22ct Gold Twisted Rope Band\"},{\"@type\":\"BreadcrumbList\",\"@id\":\"https:\\\/\\\/www.purejewels.com\\\/product\\\/22ct-gold-twisted-rope-band-53047\\\/#breadcrumb\",\"itemListElement\":[{\"@type\":\"ListItem\",\"position\":1,\"name\":\"Home\",\"item\":\"https:\\\/\\\/www.purejewels.com\\\/\"},{\"@type\":\"ListItem\",\"position\":2,\"name\":\"Shop\",\"item\":\"https:\\\/\\\/www.purejewels.com\\\/shop\\\/\"},{\"@type\":\"ListItem\",\"position\":3,\"name\":\"22ct Gold Twisted Rope Band\"}]},{\"@type\":\"WebSite\",\"@id\":\"https:\\\/\\\/www.purejewels.com\\\/#website\",\"url\":\"https:\\\/\\\/www.purejewels.com\\\/\",\"name\":\"PureJewels UK\",\"description\":\"Share the Love\",\"publisher\":{\"@id\":\"https:\\\/\\\/www.purejewels.com\\\/#organization\"},\"potentialAction\":[{\"@type\":\"SearchAction\",\"target\":{\"@type\":\"EntryPoint\",\"urlTemplate\":\"https:\\\/\\\/www.purejewels.com\\\/?s={search_term_string}\"},\"query-input\":{\"@type\":\"PropertyValueSpecification\",\"valueRequired\":true,\"valueName\":\"search_term_string\"}}],\"inLanguage\":\"de\"},{\"@type\":\"Organization\",\"@id\":\"https:\\\/\\\/www.purejewels.com\\\/#organization\",\"name\":\"PureJewels UK\",\"url\":\"https:\\\/\\\/www.purejewels.com\\\/\",\"logo\":{\"@type\":\"ImageObject\",\"inLanguage\":\"de\",\"@id\":\"https:\\\/\\\/www.purejewels.com\\\/#\\\/schema\\\/logo\\\/image\\\/\",\"url\":\"https:\\\/\\\/static.purejewels.com\\\/wp-content\\\/uploads\\\/2020\\\/11\\\/Logo-PJ-New-1.png\",\"contentUrl\":\"https:\\\/\\\/static.purejewels.com\\\/wp-content\\\/uploads\\\/2020\\\/11\\\/Logo-PJ-New-1.png\",\"width\":150,\"height\":80,\"caption\":\"PureJewels UK\"},\"image\":{\"@id\":\"https:\\\/\\\/www.purejewels.com\\\/#\\\/schema\\\/logo\\\/image\\\/\"}}]}<\/script>\n<!-- \/ Yoast SEO plugin. -->","yoast_head_json":{"title":"22ct Gold gedreht Seil Band | Slim Stacking Ring","description":"Kaufen Sie das 22ct Gold Twisted Rope Band. Ein schlanker Ring mit Seilstruktur aus poliertem 22-kar\u00e4tigem Gelbgold, der sich m\u00fchelos stapeln und im Alltag tragen l\u00e4sst.","robots":{"index":"index","follow":"follow","max-snippet":"max-snippet:-1","max-image-preview":"max-image-preview:large","max-video-preview":"max-video-preview:-1"},"canonical":"https:\/\/www.purejewels.com\/de\/produkt-2\/22-karat-gold-gedrehtes-seilband-53047\/","og_locale":"de_DE","og_type":"article","og_title":"22ct Gold Twisted Rope Band | Slim Stacking Ring","og_description":"Shop the 22ct Gold Twisted Rope Band. A slim rope textured ring in polished 22ct Yellow Gold for effortless stacking and everyday wear.","og_url":"https:\/\/www.purejewels.com\/de\/produkt-2\/22-karat-gold-gedrehtes-seilband-53047\/","og_site_name":"PureJewels UK","article_modified_time":"2026-03-09T05:25:02+00:00","og_image":[{"width":1000,"height":1000,"url":"https:\/\/static.purejewels.com\/wp-content\/uploads\/2025\/10\/SKU-52553.jpg","type":"image\/jpeg"}],"twitter_card":"summary_large_image","twitter_misc":{"Gesch\u00e4tzte Lesezeit":"1\u00a0Minute"},"schema":{"@context":"https:\/\/schema.org","@graph":[{"@type":["WebPage","ItemPage"],"@id":"https:\/\/www.purejewels.com\/product\/22ct-gold-twisted-rope-band-53047\/","url":"https:\/\/www.purejewels.com\/product\/22ct-gold-twisted-rope-band-53047\/","name":"22ct Gold gedreht Seil Band | Slim Stacking Ring","isPartOf":{"@id":"https:\/\/www.purejewels.com\/#website"},"primaryImageOfPage":{"@id":"https:\/\/www.purejewels.com\/product\/22ct-gold-twisted-rope-band-53047\/#primaryimage"},"image":{"@id":"https:\/\/www.purejewels.com\/product\/22ct-gold-twisted-rope-band-53047\/#primaryimage"},"thumbnailUrl":"https:\/\/static.purejewels.com\/wp-content\/uploads\/2025\/10\/SKU-52553.jpg","datePublished":"2025-12-09T12:11:09+00:00","dateModified":"2026-03-09T05:25:02+00:00","description":"Kaufen Sie das 22ct Gold Twisted Rope Band. Ein schlanker Ring mit Seilstruktur aus poliertem 22-kar\u00e4tigem Gelbgold, der sich m\u00fchelos stapeln und im Alltag tragen l\u00e4sst.","breadcrumb":{"@id":"https:\/\/www.purejewels.com\/product\/22ct-gold-twisted-rope-band-53047\/#breadcrumb"},"inLanguage":"de","potentialAction":[{"@type":"ReadAction","target":["https:\/\/www.purejewels.com\/product\/22ct-gold-twisted-rope-band-53047\/"]}]},{"@type":"ImageObject","inLanguage":"de","@id":"https:\/\/www.purejewels.com\/product\/22ct-gold-twisted-rope-band-53047\/#primaryimage","url":"https:\/\/static.purejewels.com\/wp-content\/uploads\/2025\/10\/SKU-52553.jpg","contentUrl":"https:\/\/static.purejewels.com\/wp-content\/uploads\/2025\/10\/SKU-52553.jpg","width":1000,"height":1000,"caption":"22ct Gold Twisted Rope Band"},{"@type":"BreadcrumbList","@id":"https:\/\/www.purejewels.com\/product\/22ct-gold-twisted-rope-band-53047\/#breadcrumb","itemListElement":[{"@type":"ListItem","position":1,"name":"Home","item":"https:\/\/www.purejewels.com\/"},{"@type":"ListItem","position":2,"name":"Shop","item":"https:\/\/www.purejewels.com\/shop\/"},{"@type":"ListItem","position":3,"name":"22ct Gold Twisted Rope Band"}]},{"@type":"WebSite","@id":"https:\/\/www.purejewels.com\/#website","url":"https:\/\/www.purejewels.com\/","name":"PureJewels UK","description":"Teile die Liebe","publisher":{"@id":"https:\/\/www.purejewels.com\/#organization"},"potentialAction":[{"@type":"SearchAction","target":{"@type":"EntryPoint","urlTemplate":"https:\/\/www.purejewels.com\/?s={search_term_string}"},"query-input":{"@type":"PropertyValueSpecification","valueRequired":true,"valueName":"search_term_string"}}],"inLanguage":"de"},{"@type":"Organization","@id":"https:\/\/www.purejewels.com\/#organization","name":"PureJewels UK","url":"https:\/\/www.purejewels.com\/","logo":{"@type":"ImageObject","inLanguage":"de","@id":"https:\/\/www.purejewels.com\/#\/schema\/logo\/image\/","url":"https:\/\/static.purejewels.com\/wp-content\/uploads\/2020\/11\/Logo-PJ-New-1.png","contentUrl":"https:\/\/static.purejewels.com\/wp-content\/uploads\/2020\/11\/Logo-PJ-New-1.png","width":150,"height":80,"caption":"PureJewels UK"},"image":{"@id":"https:\/\/www.purejewels.com\/#\/schema\/logo\/image\/"}}]}},"_links":{"self":[{"href":"https:\/\/www.purejewels.com\/de\/wp-json\/wp\/v2\/product\/419245","targetHints":{"allow":["GET"]}}],"collection":[{"href":"https:\/\/www.purejewels.com\/de\/wp-json\/wp\/v2\/product"}],"about":[{"href":"https:\/\/www.purejewels.com\/de\/wp-json\/wp\/v2\/types\/product"}],"replies":[{"embeddable":true,"href":"https:\/\/www.purejewels.com\/de\/wp-json\/wp\/v2\/comments?post=419245"}],"version-history":[{"count":2,"href":"https:\/\/www.purejewels.com\/de\/wp-json\/wp\/v2\/product\/419245\/revisions"}],"predecessor-version":[{"id":419250,"href":"https:\/\/www.purejewels.com\/de\/wp-json\/wp\/v2\/product\/419245\/revisions\/419250"}],"wp:featuredmedia":[{"embeddable":true,"href":"https:\/\/www.purejewels.com\/de\/wp-json\/wp\/v2\/media\/419247"}],"wp:attachment":[{"href":"https:\/\/www.purejewels.com\/de\/wp-json\/wp\/v2\/media?parent=419245"}],"wp:term":[{"taxonomy":"product_brand","embeddable":true,"href":"https:\/\/www.purejewels.com\/de\/wp-json\/wp\/v2\/product_brand?post=419245"},{"taxonomy":"product_cat","embeddable":true,"href":"https:\/\/www.purejewels.com\/de\/wp-json\/wp\/v2\/product_cat?post=419245"},{"taxonomy":"product_tag","embeddable":true,"href":"https:\/\/www.purejewels.com\/de\/wp-json\/wp\/v2\/product_tag?post=419245"}],"curies":[{"name":"wp","href":"https:\/\/api.w.org\/{rel}","templated":true}]}}