{"id":419359,"date":"2025-09-21T07:58:21","date_gmt":"2025-09-21T06:58:21","guid":{"rendered":"https:\/\/www.purejewels.com\/?post_type=product&#038;p=419359"},"modified":"2026-01-28T23:18:40","modified_gmt":"2026-01-28T23:18:40","slug":"22-karat-gelbgold-verflochtene-herz-ohrstecker-52555","status":"publish","type":"product","link":"https:\/\/www.purejewels.com\/de\/product\/22ct-yellow-gold-interlaced-heart-stud-earrings-52555\/","title":{"rendered":"22ct Gelbgold verflochtene Herz Ohrstecker"},"content":{"rendered":"<h4 data-start=\"430\" data-end=\"451\">Designkonzept<\/h4>\n<p data-start=\"452\" data-end=\"716\">Zwei flie\u00dfende Str\u00e4nge bilden ein offenes Herz, das durch seine Verflechtung Einigkeit und dauerhafte Zuneigung suggeriert. Der negative Raum h\u00e4lt die Silhouette leicht, w\u00e4hrend die polierten Konturen eine sanfte Definition hinzuf\u00fcgen. Eine raffinierte Interpretation eines klassischen Herzens f\u00fcr m\u00fchelose Eleganz im Alltag.<\/p>\n<h4 data-start=\"718\" data-end=\"738\">Handwerkliches K\u00f6nnen<\/h4>\n<p data-start=\"739\" data-end=\"999\">Fachm\u00e4nnisch hergestellt aus 22 Karat Gelbgold f\u00fcr einen reichen nat\u00fcrlichen Glanz und eine glatte Oberfl\u00e4che. Die Ohrstecker sind mit sicheren Stiften ausgestattet, um den ganzen Tag \u00fcber bequem getragen werden zu k\u00f6nnen. Jedes Paar ist sorgf\u00e4ltig poliert, um die geschwungenen Kurven und die sauberen durchbrochenen Verzierungen hervorzuheben.<\/p>\n<h4 data-start=\"1001\" data-end=\"1021\">Styling-Ideen<\/h4>\n<p data-start=\"1022\" data-end=\"1272\">Stylen Sie diese verflochtenen Herz-Ohrstecker aus 22 Karat Gelbgold als subtiles Symbol der Verbundenheit zum Valentinstag, perfekt f\u00fcr den Alltag mit weichen Strickwaren oder flie\u00dfenden Silhouetten. Ihre zarte Gr\u00f6\u00dfe macht sie ideal f\u00fcr die Kombination mit minimalen Goldketten oder Herzanh\u00e4ngern, um einen stimmigen Valentinstags-Look zu kreieren, ohne \u00fcbertrieben zu wirken. Einzeln getragen sind sie ein raffinierter und pers\u00f6nlicher Ausdruck der Liebe, der sich m\u00fchelos vom Tag in den Abend \u00fcbertragen l\u00e4sst.<\/p>","protected":false},"excerpt":{"rendered":"<p>Zarte, offene Herzen sind in einem weichen, verschlungenen Motiv verwoben, das Verbindung und F\u00fcrsorge symbolisiert. Diese zierlichen Ohrstecker sind aus strahlendem 22-kar\u00e4tigem Gelbgold gefertigt und bringen einen ruhigen Glanz in den Alltag. Sie sind bequem, sicher und einfach zu stylen und eignen sich hervorragend als Geschenk f\u00fcr Geburtstage und Meilensteine.<\/p>\n<ul>\n<li><strong>Material:<\/strong> 22ct Gold (92,6% reines Gold)<\/li>\n<li><strong>Wahrzeichen: <\/strong>Britisches G\u00fctesiegel<\/li>\n<li><strong>Bruttogewicht: <\/strong>1,14 Gramm<\/li>\n<li><strong>SKU: <\/strong>53123, 52555, 53125<\/li>\n<\/ul>\n<p><strong><br \/>\nPreis und Lieferung: <\/strong>Inklusive Mehrwertsteuer und Lieferkosten<br \/>\n<strong><a href=\"https:\/\/www.purejewels.com\/de\/ruckgabepolitik\/\">R\u00fcckgabepolitik<\/a><\/strong><\/p>","protected":false},"featured_media":419360,"comment_status":"closed","ping_status":"closed","template":"","meta":{"_eb_attr":"","_crsspst_to_jayantr4sg-hostcom":true},"product_brand":[],"product_cat":[1576,1793,1792,1790,1254,1229,5680,5342,5599,5943,5338,1577,1575,1573,1574],"product_tag":[],"class_list":{"0":"post-419359","1":"product","2":"type-product","3":"status-publish","4":"has-post-thumbnail","6":"product_cat-childrens-jewellery","7":"product_cat-diwali-gifts","8":"product_cat-festival-gifts","9":"product_cat-for-whom-when","10":"product_cat-gold-earrings","11":"product_cat-22ct-gold-jewellery","12":"product_cat-heart-earrings","13":"product_cat-jewellery-under-250","14":"product_cat-baby-earring","15":"product_cat-kids-jewellery","16":"product_cat-shop-by-price","17":"product_cat-stud-earrings","18":"product_cat-teenage-jewellery","19":"product_cat-wedding-gifts","20":"product_cat-womens-jewellery","22":"first","23":"outofstock","24":"taxable","25":"shipping-taxable","26":"product-type-simple","27":"add-to-wishlist-before_image"},"yoast_head":"<!-- This site is optimized with the Yoast SEO plugin v27.4 - https:\/\/yoast.com\/product\/yoast-seo-wordpress\/ -->\n<title>22ct Yellow Gold Interlaced Heart Stud Earrings | PureJewels UK<\/title>\n<meta name=\"description\" content=\"Shop Interlaced Heart Stud Earrings in 22ct Yellow Gold. Lightweight openwork hearts with polished finish, perfect for everyday wear and gifting.\" \/>\n<meta name=\"robots\" content=\"index, follow, max-snippet:-1, max-image-preview:large, max-video-preview:-1\" \/>\n<link rel=\"canonical\" href=\"https:\/\/www.purejewels.com\/de\/produkt-2\/22-karat-gelbgold-verflochtene-herz-ohrstecker-52555\/\" \/>\n<meta property=\"og:locale\" content=\"de_DE\" \/>\n<meta property=\"og:type\" content=\"article\" \/>\n<meta property=\"og:title\" content=\"22ct Yellow Gold Interlaced Heart Stud Earrings | PureJewels UK\" \/>\n<meta property=\"og:description\" content=\"Shop Interlaced Heart Stud Earrings in 22ct Yellow Gold. Lightweight openwork hearts with polished finish, perfect for everyday wear and gifting.\" \/>\n<meta property=\"og:url\" content=\"https:\/\/www.purejewels.com\/de\/produkt-2\/22-karat-gelbgold-verflochtene-herz-ohrstecker-52555\/\" \/>\n<meta property=\"og:site_name\" content=\"PureJewels UK\" \/>\n<meta property=\"article:modified_time\" content=\"2026-01-28T23:18:40+00:00\" \/>\n<meta property=\"og:image\" content=\"https:\/\/static.purejewels.com\/wp-content\/uploads\/2025\/10\/52555.jpg\" \/>\n\t<meta property=\"og:image:width\" content=\"1000\" \/>\n\t<meta property=\"og:image:height\" content=\"1000\" \/>\n\t<meta property=\"og:image:type\" content=\"image\/jpeg\" \/>\n<meta name=\"twitter:card\" content=\"summary_large_image\" \/>\n<meta name=\"twitter:label1\" content=\"Gesch\u00e4tzte Lesezeit\" \/>\n\t<meta name=\"twitter:data1\" content=\"1\u00a0Minute\" \/>\n<script type=\"application\/ld+json\" class=\"yoast-schema-graph\">{\"@context\":\"https:\\\/\\\/schema.org\",\"@graph\":[{\"@type\":[\"WebPage\",\"ItemPage\"],\"@id\":\"https:\\\/\\\/www.purejewels.com\\\/product\\\/22ct-yellow-gold-interlaced-heart-stud-earrings-52555\\\/\",\"url\":\"https:\\\/\\\/www.purejewels.com\\\/product\\\/22ct-yellow-gold-interlaced-heart-stud-earrings-52555\\\/\",\"name\":\"22ct Yellow Gold Interlaced Heart Stud Earrings | PureJewels UK\",\"isPartOf\":{\"@id\":\"https:\\\/\\\/www.purejewels.com\\\/#website\"},\"primaryImageOfPage\":{\"@id\":\"https:\\\/\\\/www.purejewels.com\\\/product\\\/22ct-yellow-gold-interlaced-heart-stud-earrings-52555\\\/#primaryimage\"},\"image\":{\"@id\":\"https:\\\/\\\/www.purejewels.com\\\/product\\\/22ct-yellow-gold-interlaced-heart-stud-earrings-52555\\\/#primaryimage\"},\"thumbnailUrl\":\"https:\\\/\\\/static.purejewels.com\\\/wp-content\\\/uploads\\\/2025\\\/10\\\/52555.jpg\",\"datePublished\":\"2025-09-21T06:58:21+00:00\",\"dateModified\":\"2026-01-28T23:18:40+00:00\",\"description\":\"Shop Interlaced Heart Stud Earrings in 22ct Yellow Gold. Lightweight openwork hearts with polished finish, perfect for everyday wear and gifting.\",\"breadcrumb\":{\"@id\":\"https:\\\/\\\/www.purejewels.com\\\/product\\\/22ct-yellow-gold-interlaced-heart-stud-earrings-52555\\\/#breadcrumb\"},\"inLanguage\":\"de\",\"potentialAction\":[{\"@type\":\"ReadAction\",\"target\":[\"https:\\\/\\\/www.purejewels.com\\\/product\\\/22ct-yellow-gold-interlaced-heart-stud-earrings-52555\\\/\"]}]},{\"@type\":\"ImageObject\",\"inLanguage\":\"de\",\"@id\":\"https:\\\/\\\/www.purejewels.com\\\/product\\\/22ct-yellow-gold-interlaced-heart-stud-earrings-52555\\\/#primaryimage\",\"url\":\"https:\\\/\\\/static.purejewels.com\\\/wp-content\\\/uploads\\\/2025\\\/10\\\/52555.jpg\",\"contentUrl\":\"https:\\\/\\\/static.purejewels.com\\\/wp-content\\\/uploads\\\/2025\\\/10\\\/52555.jpg\",\"width\":1000,\"height\":1000,\"caption\":\"22ct Yellow Gold Interlaced Heart Stud Earrings\"},{\"@type\":\"BreadcrumbList\",\"@id\":\"https:\\\/\\\/www.purejewels.com\\\/product\\\/22ct-yellow-gold-interlaced-heart-stud-earrings-52555\\\/#breadcrumb\",\"itemListElement\":[{\"@type\":\"ListItem\",\"position\":1,\"name\":\"Home\",\"item\":\"https:\\\/\\\/www.purejewels.com\\\/\"},{\"@type\":\"ListItem\",\"position\":2,\"name\":\"Shop\",\"item\":\"https:\\\/\\\/www.purejewels.com\\\/shop\\\/\"},{\"@type\":\"ListItem\",\"position\":3,\"name\":\"22ct Yellow Gold Interlaced Heart Stud Earrings\"}]},{\"@type\":\"WebSite\",\"@id\":\"https:\\\/\\\/www.purejewels.com\\\/#website\",\"url\":\"https:\\\/\\\/www.purejewels.com\\\/\",\"name\":\"PureJewels UK\",\"description\":\"Share the Love\",\"publisher\":{\"@id\":\"https:\\\/\\\/www.purejewels.com\\\/#organization\"},\"potentialAction\":[{\"@type\":\"SearchAction\",\"target\":{\"@type\":\"EntryPoint\",\"urlTemplate\":\"https:\\\/\\\/www.purejewels.com\\\/?s={search_term_string}\"},\"query-input\":{\"@type\":\"PropertyValueSpecification\",\"valueRequired\":true,\"valueName\":\"search_term_string\"}}],\"inLanguage\":\"de\"},{\"@type\":\"Organization\",\"@id\":\"https:\\\/\\\/www.purejewels.com\\\/#organization\",\"name\":\"PureJewels UK\",\"url\":\"https:\\\/\\\/www.purejewels.com\\\/\",\"logo\":{\"@type\":\"ImageObject\",\"inLanguage\":\"de\",\"@id\":\"https:\\\/\\\/www.purejewels.com\\\/#\\\/schema\\\/logo\\\/image\\\/\",\"url\":\"https:\\\/\\\/static.purejewels.com\\\/wp-content\\\/uploads\\\/2020\\\/11\\\/Logo-PJ-New-1.png\",\"contentUrl\":\"https:\\\/\\\/static.purejewels.com\\\/wp-content\\\/uploads\\\/2020\\\/11\\\/Logo-PJ-New-1.png\",\"width\":150,\"height\":80,\"caption\":\"PureJewels UK\"},\"image\":{\"@id\":\"https:\\\/\\\/www.purejewels.com\\\/#\\\/schema\\\/logo\\\/image\\\/\"}}]}<\/script>\n<!-- \/ Yoast SEO plugin. -->","yoast_head_json":{"title":"22ct Gelbgold verflochtene Herz Ohrstecker | PureJewels UK","description":"Shop Verflochtene Herz-Ohrstecker aus 22 Karat Gelbgold. Leichte durchbrochene Herzen mit poliertem Finish, perfekt f\u00fcr den Alltag und zum Verschenken.","robots":{"index":"index","follow":"follow","max-snippet":"max-snippet:-1","max-image-preview":"max-image-preview:large","max-video-preview":"max-video-preview:-1"},"canonical":"https:\/\/www.purejewels.com\/de\/produkt-2\/22-karat-gelbgold-verflochtene-herz-ohrstecker-52555\/","og_locale":"de_DE","og_type":"article","og_title":"22ct Yellow Gold Interlaced Heart Stud Earrings | PureJewels UK","og_description":"Shop Interlaced Heart Stud Earrings in 22ct Yellow Gold. Lightweight openwork hearts with polished finish, perfect for everyday wear and gifting.","og_url":"https:\/\/www.purejewels.com\/de\/produkt-2\/22-karat-gelbgold-verflochtene-herz-ohrstecker-52555\/","og_site_name":"PureJewels UK","article_modified_time":"2026-01-28T23:18:40+00:00","og_image":[{"width":1000,"height":1000,"url":"https:\/\/static.purejewels.com\/wp-content\/uploads\/2025\/10\/52555.jpg","type":"image\/jpeg"}],"twitter_card":"summary_large_image","twitter_misc":{"Gesch\u00e4tzte Lesezeit":"1\u00a0Minute"},"schema":{"@context":"https:\/\/schema.org","@graph":[{"@type":["WebPage","ItemPage"],"@id":"https:\/\/www.purejewels.com\/product\/22ct-yellow-gold-interlaced-heart-stud-earrings-52555\/","url":"https:\/\/www.purejewels.com\/product\/22ct-yellow-gold-interlaced-heart-stud-earrings-52555\/","name":"22ct Gelbgold verflochtene Herz Ohrstecker | PureJewels UK","isPartOf":{"@id":"https:\/\/www.purejewels.com\/#website"},"primaryImageOfPage":{"@id":"https:\/\/www.purejewels.com\/product\/22ct-yellow-gold-interlaced-heart-stud-earrings-52555\/#primaryimage"},"image":{"@id":"https:\/\/www.purejewels.com\/product\/22ct-yellow-gold-interlaced-heart-stud-earrings-52555\/#primaryimage"},"thumbnailUrl":"https:\/\/static.purejewels.com\/wp-content\/uploads\/2025\/10\/52555.jpg","datePublished":"2025-09-21T06:58:21+00:00","dateModified":"2026-01-28T23:18:40+00:00","description":"Shop Verflochtene Herz-Ohrstecker aus 22 Karat Gelbgold. Leichte durchbrochene Herzen mit poliertem Finish, perfekt f\u00fcr den Alltag und zum Verschenken.","breadcrumb":{"@id":"https:\/\/www.purejewels.com\/product\/22ct-yellow-gold-interlaced-heart-stud-earrings-52555\/#breadcrumb"},"inLanguage":"de","potentialAction":[{"@type":"ReadAction","target":["https:\/\/www.purejewels.com\/product\/22ct-yellow-gold-interlaced-heart-stud-earrings-52555\/"]}]},{"@type":"ImageObject","inLanguage":"de","@id":"https:\/\/www.purejewels.com\/product\/22ct-yellow-gold-interlaced-heart-stud-earrings-52555\/#primaryimage","url":"https:\/\/static.purejewels.com\/wp-content\/uploads\/2025\/10\/52555.jpg","contentUrl":"https:\/\/static.purejewels.com\/wp-content\/uploads\/2025\/10\/52555.jpg","width":1000,"height":1000,"caption":"22ct Yellow Gold Interlaced Heart Stud Earrings"},{"@type":"BreadcrumbList","@id":"https:\/\/www.purejewels.com\/product\/22ct-yellow-gold-interlaced-heart-stud-earrings-52555\/#breadcrumb","itemListElement":[{"@type":"ListItem","position":1,"name":"Home","item":"https:\/\/www.purejewels.com\/"},{"@type":"ListItem","position":2,"name":"Shop","item":"https:\/\/www.purejewels.com\/shop\/"},{"@type":"ListItem","position":3,"name":"22ct Yellow Gold Interlaced Heart Stud Earrings"}]},{"@type":"WebSite","@id":"https:\/\/www.purejewels.com\/#website","url":"https:\/\/www.purejewels.com\/","name":"PureJewels UK","description":"Teile die Liebe","publisher":{"@id":"https:\/\/www.purejewels.com\/#organization"},"potentialAction":[{"@type":"SearchAction","target":{"@type":"EntryPoint","urlTemplate":"https:\/\/www.purejewels.com\/?s={search_term_string}"},"query-input":{"@type":"PropertyValueSpecification","valueRequired":true,"valueName":"search_term_string"}}],"inLanguage":"de"},{"@type":"Organization","@id":"https:\/\/www.purejewels.com\/#organization","name":"PureJewels UK","url":"https:\/\/www.purejewels.com\/","logo":{"@type":"ImageObject","inLanguage":"de","@id":"https:\/\/www.purejewels.com\/#\/schema\/logo\/image\/","url":"https:\/\/static.purejewels.com\/wp-content\/uploads\/2020\/11\/Logo-PJ-New-1.png","contentUrl":"https:\/\/static.purejewels.com\/wp-content\/uploads\/2020\/11\/Logo-PJ-New-1.png","width":150,"height":80,"caption":"PureJewels UK"},"image":{"@id":"https:\/\/www.purejewels.com\/#\/schema\/logo\/image\/"}}]}},"_links":{"self":[{"href":"https:\/\/www.purejewels.com\/de\/wp-json\/wp\/v2\/product\/419359","targetHints":{"allow":["GET"]}}],"collection":[{"href":"https:\/\/www.purejewels.com\/de\/wp-json\/wp\/v2\/product"}],"about":[{"href":"https:\/\/www.purejewels.com\/de\/wp-json\/wp\/v2\/types\/product"}],"replies":[{"embeddable":true,"href":"https:\/\/www.purejewels.com\/de\/wp-json\/wp\/v2\/comments?post=419359"}],"version-history":[{"count":2,"href":"https:\/\/www.purejewels.com\/de\/wp-json\/wp\/v2\/product\/419359\/revisions"}],"predecessor-version":[{"id":424726,"href":"https:\/\/www.purejewels.com\/de\/wp-json\/wp\/v2\/product\/419359\/revisions\/424726"}],"wp:featuredmedia":[{"embeddable":true,"href":"https:\/\/www.purejewels.com\/de\/wp-json\/wp\/v2\/media\/419360"}],"wp:attachment":[{"href":"https:\/\/www.purejewels.com\/de\/wp-json\/wp\/v2\/media?parent=419359"}],"wp:term":[{"taxonomy":"product_brand","embeddable":true,"href":"https:\/\/www.purejewels.com\/de\/wp-json\/wp\/v2\/product_brand?post=419359"},{"taxonomy":"product_cat","embeddable":true,"href":"https:\/\/www.purejewels.com\/de\/wp-json\/wp\/v2\/product_cat?post=419359"},{"taxonomy":"product_tag","embeddable":true,"href":"https:\/\/www.purejewels.com\/de\/wp-json\/wp\/v2\/product_tag?post=419359"}],"curies":[{"name":"wp","href":"https:\/\/api.w.org\/{rel}","templated":true}]}}