{"id":419424,"date":"2025-08-23T08:51:32","date_gmt":"2025-08-23T07:51:32","guid":{"rendered":"https:\/\/www.purejewels.com\/?post_type=product&#038;p=419424"},"modified":"2026-04-23T09:46:08","modified_gmt":"2026-04-23T08:46:08","slug":"22-kt-gelbgold-cz-cluster-ring-grose-m-52414","status":"publish","type":"product","link":"https:\/\/www.purejewels.com\/de\/product\/22ct-yellow-gold-cz-cluster-ring-size-m-52414\/","title":{"rendered":"22ct Gelbgold CZ Cluster Ring"},"content":{"rendered":"<h3>Designkonzept<\/h3>\n<p>Das Cluster-Design ist inspiriert vom ewigen Charme der floralen Symmetrie, die Ausstrahlung und Weiblichkeit symbolisiert. Die zentrale Anordnung der Steine f\u00e4ngt das Licht aus jedem Winkel ein und sorgt f\u00fcr ein raffiniertes und fesselndes Funkeln.<\/p>\n<h3>Handwerkliches K\u00f6nnen<\/h3>\n<p>Dieser fachm\u00e4nnisch in Handarbeit aus 22 Karat Gelbgold gefertigte Ring zeichnet sich durch au\u00dfergew\u00f6hnliche Liebe zum Detail aus. Die CZ-Steine sind pr\u00e4zise gefasst, um ein harmonisches Gleichgewicht von Brillanz und St\u00e4rke zu erreichen, das die renommierte Kunstfertigkeit von PureJewels widerspiegelt.<\/p>\n<h3>Styling &amp; Geschenkartikel<\/h3>\n<p>Dieser Ring eignet sich sowohl f\u00fcr den eleganten Alltag als auch f\u00fcr besondere Anl\u00e4sse und l\u00e4sst sich wunderbar mit goldenen Armreifen oder zarten Ketten kombinieren. Er ist ein durchdachtes Geschenk f\u00fcr Geburtstage, Verlobungen oder Meilensteine und wird in der charakteristischen Luxusbox von PureJewels geliefert - bereit, die sch\u00f6nsten Momente des Lebens zu feiern.<\/p>","protected":false},"excerpt":{"rendered":"<p>Ein raffinierter Damenring aus 22 Karat Gelbgold mit einem funkelnden CZ-Cluster-Design. Elegant und anmutig verbindet dieser Ring traditionelles Goldhandwerk mit modernem Minimalismus.<\/p>\n<p><strong>Material:<\/strong> 22ct Gold (91,6% reines Gold)<strong><br \/>\nWahrzeichen:\u00a0<\/strong>Britisches G\u00fctesiegel<strong><br \/>\n<\/strong><strong>Bruttogewicht: <\/strong>1,14 Gramm<br \/>\n<strong>Gr\u00f6\u00dfen:<\/strong> Erh\u00e4ltlich in verschiedenen Gr\u00f6\u00dfen<br \/>\n<strong>SKU:<\/strong> 52414, 52436, 52437, 52415<\/p>\n<p><strong>Preis und Lieferung<\/strong>: Inklusive Mehrwertsteuer und Lieferkosten<br \/>\n<a href=\"https:\/\/www.purejewels.com\/de\/ruckgabepolitik\/\">R\u00fcckgabepolitik<\/a><\/p>","protected":false},"featured_media":419425,"comment_status":"closed","ping_status":"closed","template":"","meta":{"_eb_attr":"","_crsspst_to_jayantr4sg-hostcom":true},"product_brand":[],"product_cat":[1791,1559,6152,1785,6190,1790,1229,1235,5342,1783,1570,1786,5338,5353,1569,5349],"product_tag":[],"class_list":{"0":"post-419424","1":"product","2":"type-product","3":"status-publish","4":"has-post-thumbnail","6":"product_cat-anniversary-gifts","7":"product_cat-birthday-gifts","8":"product_cat-cubic-zirconia-rings","9":"product_cat-daily-wear-rings","10":"product_cat-easter-jewellery","11":"product_cat-for-whom-when","12":"product_cat-22ct-gold-jewellery","13":"product_cat-gold-rings","14":"product_cat-jewellery-under-250","15":"product_cat-ladies-rings","16":"product_cat-mothers-day-gifts","17":"product_cat-occasional-wear-rings","18":"product_cat-shop-by-price","19":"product_cat-shop-by","20":"product_cat-valentine-day-gifts","21":"product_cat-yellow-gold-jewellery","23":"first","24":"instock","25":"taxable","26":"shipping-taxable","27":"purchasable","28":"product-type-variable","29":"add-to-wishlist-before_image"},"yoast_head":"<!-- This site is optimized with the Yoast SEO plugin v27.4 - https:\/\/yoast.com\/product\/yoast-seo-wordpress\/ -->\n<title>22ct Yellow Gold CZ Ring | Elegant Cluster Design by Online at UK<\/title>\n<meta name=\"description\" content=\"Radiate timeless grace with this 22ct yellow gold CZ ring. Designed with a delicate cluster setting and crafted in London by PureJewels.\" \/>\n<meta name=\"robots\" content=\"index, follow, max-snippet:-1, max-image-preview:large, max-video-preview:-1\" \/>\n<link rel=\"canonical\" href=\"https:\/\/www.purejewels.com\/de\/produkt-2\/22-kt-gelbgold-cz-cluster-ring-grose-m-52414\/\" \/>\n<meta property=\"og:locale\" content=\"de_DE\" \/>\n<meta property=\"og:type\" content=\"article\" \/>\n<meta property=\"og:title\" content=\"22ct Yellow Gold CZ Ring | Elegant Cluster Design by Online at UK\" \/>\n<meta property=\"og:description\" content=\"Radiate timeless grace with this 22ct yellow gold CZ ring. Designed with a delicate cluster setting and crafted in London by PureJewels.\" \/>\n<meta property=\"og:url\" content=\"https:\/\/www.purejewels.com\/de\/produkt-2\/22-kt-gelbgold-cz-cluster-ring-grose-m-52414\/\" \/>\n<meta property=\"og:site_name\" content=\"PureJewels UK\" \/>\n<meta property=\"article:modified_time\" content=\"2026-04-23T08:46:08+00:00\" \/>\n<meta property=\"og:image\" content=\"https:\/\/static.purejewels.com\/wp-content\/uploads\/2025\/10\/SKU-52414.jpg\" \/>\n\t<meta property=\"og:image:width\" content=\"1000\" \/>\n\t<meta property=\"og:image:height\" content=\"1000\" \/>\n\t<meta property=\"og:image:type\" content=\"image\/jpeg\" \/>\n<meta name=\"twitter:card\" content=\"summary_large_image\" \/>\n<meta name=\"twitter:label1\" content=\"Gesch\u00e4tzte Lesezeit\" \/>\n\t<meta name=\"twitter:data1\" content=\"1\u00a0Minute\" \/>\n<script type=\"application\/ld+json\" class=\"yoast-schema-graph\">{\"@context\":\"https:\\\/\\\/schema.org\",\"@graph\":[{\"@type\":[\"WebPage\",\"ItemPage\"],\"@id\":\"https:\\\/\\\/www.purejewels.com\\\/product\\\/22ct-yellow-gold-cz-cluster-ring-size-m-52414\\\/\",\"url\":\"https:\\\/\\\/www.purejewels.com\\\/product\\\/22ct-yellow-gold-cz-cluster-ring-size-m-52414\\\/\",\"name\":\"22ct Yellow Gold CZ Ring | Elegant Cluster Design by Online at UK\",\"isPartOf\":{\"@id\":\"https:\\\/\\\/www.purejewels.com\\\/#website\"},\"primaryImageOfPage\":{\"@id\":\"https:\\\/\\\/www.purejewels.com\\\/product\\\/22ct-yellow-gold-cz-cluster-ring-size-m-52414\\\/#primaryimage\"},\"image\":{\"@id\":\"https:\\\/\\\/www.purejewels.com\\\/product\\\/22ct-yellow-gold-cz-cluster-ring-size-m-52414\\\/#primaryimage\"},\"thumbnailUrl\":\"https:\\\/\\\/static.purejewels.com\\\/wp-content\\\/uploads\\\/2025\\\/10\\\/SKU-52414.jpg\",\"datePublished\":\"2025-08-23T07:51:32+00:00\",\"dateModified\":\"2026-04-23T08:46:08+00:00\",\"description\":\"Radiate timeless grace with this 22ct yellow gold CZ ring. Designed with a delicate cluster setting and crafted in London by PureJewels.\",\"breadcrumb\":{\"@id\":\"https:\\\/\\\/www.purejewels.com\\\/product\\\/22ct-yellow-gold-cz-cluster-ring-size-m-52414\\\/#breadcrumb\"},\"inLanguage\":\"de\",\"potentialAction\":[{\"@type\":\"ReadAction\",\"target\":[\"https:\\\/\\\/www.purejewels.com\\\/product\\\/22ct-yellow-gold-cz-cluster-ring-size-m-52414\\\/\"]}]},{\"@type\":\"ImageObject\",\"inLanguage\":\"de\",\"@id\":\"https:\\\/\\\/www.purejewels.com\\\/product\\\/22ct-yellow-gold-cz-cluster-ring-size-m-52414\\\/#primaryimage\",\"url\":\"https:\\\/\\\/static.purejewels.com\\\/wp-content\\\/uploads\\\/2025\\\/10\\\/SKU-52414.jpg\",\"contentUrl\":\"https:\\\/\\\/static.purejewels.com\\\/wp-content\\\/uploads\\\/2025\\\/10\\\/SKU-52414.jpg\",\"width\":1000,\"height\":1000,\"caption\":\"Stacked from 20 images. Method=B (R=8,S=4)\"},{\"@type\":\"BreadcrumbList\",\"@id\":\"https:\\\/\\\/www.purejewels.com\\\/product\\\/22ct-yellow-gold-cz-cluster-ring-size-m-52414\\\/#breadcrumb\",\"itemListElement\":[{\"@type\":\"ListItem\",\"position\":1,\"name\":\"Home\",\"item\":\"https:\\\/\\\/www.purejewels.com\\\/\"},{\"@type\":\"ListItem\",\"position\":2,\"name\":\"Shop\",\"item\":\"https:\\\/\\\/www.purejewels.com\\\/shop\\\/\"},{\"@type\":\"ListItem\",\"position\":3,\"name\":\"22ct Yellow Gold CZ Cluster Ring\"}]},{\"@type\":\"WebSite\",\"@id\":\"https:\\\/\\\/www.purejewels.com\\\/#website\",\"url\":\"https:\\\/\\\/www.purejewels.com\\\/\",\"name\":\"PureJewels UK\",\"description\":\"Share the Love\",\"publisher\":{\"@id\":\"https:\\\/\\\/www.purejewels.com\\\/#organization\"},\"potentialAction\":[{\"@type\":\"SearchAction\",\"target\":{\"@type\":\"EntryPoint\",\"urlTemplate\":\"https:\\\/\\\/www.purejewels.com\\\/?s={search_term_string}\"},\"query-input\":{\"@type\":\"PropertyValueSpecification\",\"valueRequired\":true,\"valueName\":\"search_term_string\"}}],\"inLanguage\":\"de\"},{\"@type\":\"Organization\",\"@id\":\"https:\\\/\\\/www.purejewels.com\\\/#organization\",\"name\":\"PureJewels UK\",\"url\":\"https:\\\/\\\/www.purejewels.com\\\/\",\"logo\":{\"@type\":\"ImageObject\",\"inLanguage\":\"de\",\"@id\":\"https:\\\/\\\/www.purejewels.com\\\/#\\\/schema\\\/logo\\\/image\\\/\",\"url\":\"https:\\\/\\\/static.purejewels.com\\\/wp-content\\\/uploads\\\/2020\\\/11\\\/Logo-PJ-New-1.png\",\"contentUrl\":\"https:\\\/\\\/static.purejewels.com\\\/wp-content\\\/uploads\\\/2020\\\/11\\\/Logo-PJ-New-1.png\",\"width\":150,\"height\":80,\"caption\":\"PureJewels UK\"},\"image\":{\"@id\":\"https:\\\/\\\/www.purejewels.com\\\/#\\\/schema\\\/logo\\\/image\\\/\"}}]}<\/script>\n<!-- \/ Yoast SEO plugin. -->","yoast_head_json":{"title":"22ct Gelbgold CZ Ring | Elegantes Cluster Design von Online bei UK","description":"Strahlen Sie zeitlose Anmut aus mit diesem CZ-Ring aus 22 Karat Gelbgold. Entworfen mit einer zarten Cluster-Fassung und gefertigt in London von PureJewels.","robots":{"index":"index","follow":"follow","max-snippet":"max-snippet:-1","max-image-preview":"max-image-preview:large","max-video-preview":"max-video-preview:-1"},"canonical":"https:\/\/www.purejewels.com\/de\/produkt-2\/22-kt-gelbgold-cz-cluster-ring-grose-m-52414\/","og_locale":"de_DE","og_type":"article","og_title":"22ct Yellow Gold CZ Ring | Elegant Cluster Design by Online at UK","og_description":"Radiate timeless grace with this 22ct yellow gold CZ ring. Designed with a delicate cluster setting and crafted in London by PureJewels.","og_url":"https:\/\/www.purejewels.com\/de\/produkt-2\/22-kt-gelbgold-cz-cluster-ring-grose-m-52414\/","og_site_name":"PureJewels UK","article_modified_time":"2026-04-23T08:46:08+00:00","og_image":[{"width":1000,"height":1000,"url":"https:\/\/static.purejewels.com\/wp-content\/uploads\/2025\/10\/SKU-52414.jpg","type":"image\/jpeg"}],"twitter_card":"summary_large_image","twitter_misc":{"Gesch\u00e4tzte Lesezeit":"1\u00a0Minute"},"schema":{"@context":"https:\/\/schema.org","@graph":[{"@type":["WebPage","ItemPage"],"@id":"https:\/\/www.purejewels.com\/product\/22ct-yellow-gold-cz-cluster-ring-size-m-52414\/","url":"https:\/\/www.purejewels.com\/product\/22ct-yellow-gold-cz-cluster-ring-size-m-52414\/","name":"22ct Gelbgold CZ Ring | Elegantes Cluster Design von Online bei UK","isPartOf":{"@id":"https:\/\/www.purejewels.com\/#website"},"primaryImageOfPage":{"@id":"https:\/\/www.purejewels.com\/product\/22ct-yellow-gold-cz-cluster-ring-size-m-52414\/#primaryimage"},"image":{"@id":"https:\/\/www.purejewels.com\/product\/22ct-yellow-gold-cz-cluster-ring-size-m-52414\/#primaryimage"},"thumbnailUrl":"https:\/\/static.purejewels.com\/wp-content\/uploads\/2025\/10\/SKU-52414.jpg","datePublished":"2025-08-23T07:51:32+00:00","dateModified":"2026-04-23T08:46:08+00:00","description":"Strahlen Sie zeitlose Anmut aus mit diesem CZ-Ring aus 22 Karat Gelbgold. Entworfen mit einer zarten Cluster-Fassung und gefertigt in London von PureJewels.","breadcrumb":{"@id":"https:\/\/www.purejewels.com\/product\/22ct-yellow-gold-cz-cluster-ring-size-m-52414\/#breadcrumb"},"inLanguage":"de","potentialAction":[{"@type":"ReadAction","target":["https:\/\/www.purejewels.com\/product\/22ct-yellow-gold-cz-cluster-ring-size-m-52414\/"]}]},{"@type":"ImageObject","inLanguage":"de","@id":"https:\/\/www.purejewels.com\/product\/22ct-yellow-gold-cz-cluster-ring-size-m-52414\/#primaryimage","url":"https:\/\/static.purejewels.com\/wp-content\/uploads\/2025\/10\/SKU-52414.jpg","contentUrl":"https:\/\/static.purejewels.com\/wp-content\/uploads\/2025\/10\/SKU-52414.jpg","width":1000,"height":1000,"caption":"Stacked from 20 images. Method=B (R=8,S=4)"},{"@type":"BreadcrumbList","@id":"https:\/\/www.purejewels.com\/product\/22ct-yellow-gold-cz-cluster-ring-size-m-52414\/#breadcrumb","itemListElement":[{"@type":"ListItem","position":1,"name":"Home","item":"https:\/\/www.purejewels.com\/"},{"@type":"ListItem","position":2,"name":"Shop","item":"https:\/\/www.purejewels.com\/shop\/"},{"@type":"ListItem","position":3,"name":"22ct Yellow Gold CZ Cluster Ring"}]},{"@type":"WebSite","@id":"https:\/\/www.purejewels.com\/#website","url":"https:\/\/www.purejewels.com\/","name":"PureJewels UK","description":"Teile die Liebe","publisher":{"@id":"https:\/\/www.purejewels.com\/#organization"},"potentialAction":[{"@type":"SearchAction","target":{"@type":"EntryPoint","urlTemplate":"https:\/\/www.purejewels.com\/?s={search_term_string}"},"query-input":{"@type":"PropertyValueSpecification","valueRequired":true,"valueName":"search_term_string"}}],"inLanguage":"de"},{"@type":"Organization","@id":"https:\/\/www.purejewels.com\/#organization","name":"PureJewels UK","url":"https:\/\/www.purejewels.com\/","logo":{"@type":"ImageObject","inLanguage":"de","@id":"https:\/\/www.purejewels.com\/#\/schema\/logo\/image\/","url":"https:\/\/static.purejewels.com\/wp-content\/uploads\/2020\/11\/Logo-PJ-New-1.png","contentUrl":"https:\/\/static.purejewels.com\/wp-content\/uploads\/2020\/11\/Logo-PJ-New-1.png","width":150,"height":80,"caption":"PureJewels UK"},"image":{"@id":"https:\/\/www.purejewels.com\/#\/schema\/logo\/image\/"}}]}},"_links":{"self":[{"href":"https:\/\/www.purejewels.com\/de\/wp-json\/wp\/v2\/product\/419424","targetHints":{"allow":["GET"]}}],"collection":[{"href":"https:\/\/www.purejewels.com\/de\/wp-json\/wp\/v2\/product"}],"about":[{"href":"https:\/\/www.purejewels.com\/de\/wp-json\/wp\/v2\/types\/product"}],"replies":[{"embeddable":true,"href":"https:\/\/www.purejewels.com\/de\/wp-json\/wp\/v2\/comments?post=419424"}],"version-history":[{"count":3,"href":"https:\/\/www.purejewels.com\/de\/wp-json\/wp\/v2\/product\/419424\/revisions"}],"predecessor-version":[{"id":428914,"href":"https:\/\/www.purejewels.com\/de\/wp-json\/wp\/v2\/product\/419424\/revisions\/428914"}],"wp:featuredmedia":[{"embeddable":true,"href":"https:\/\/www.purejewels.com\/de\/wp-json\/wp\/v2\/media\/419425"}],"wp:attachment":[{"href":"https:\/\/www.purejewels.com\/de\/wp-json\/wp\/v2\/media?parent=419424"}],"wp:term":[{"taxonomy":"product_brand","embeddable":true,"href":"https:\/\/www.purejewels.com\/de\/wp-json\/wp\/v2\/product_brand?post=419424"},{"taxonomy":"product_cat","embeddable":true,"href":"https:\/\/www.purejewels.com\/de\/wp-json\/wp\/v2\/product_cat?post=419424"},{"taxonomy":"product_tag","embeddable":true,"href":"https:\/\/www.purejewels.com\/de\/wp-json\/wp\/v2\/product_tag?post=419424"}],"curies":[{"name":"wp","href":"https:\/\/api.w.org\/{rel}","templated":true}]}}