{"id":419504,"date":"2025-04-24T11:13:02","date_gmt":"2025-04-24T10:13:02","guid":{"rendered":"https:\/\/www.purejewels.com\/?post_type=product&#038;p=419504"},"modified":"2026-04-05T16:15:09","modified_gmt":"2026-04-05T15:15:09","slug":"22ct-gelbgold-cz-ring-fur-frauen","status":"publish","type":"product","link":"https:\/\/www.purejewels.com\/de\/product\/22ct-yellow-gold-cz-ring-for-women\/","title":{"rendered":"22ct Gelbgold CZ Ring f\u00fcr Frauen"},"content":{"rendered":"<h3>Designkonzept<\/h3>\n<ul>\n<li>Modernes Design mit funkelnden Zirkonia-Steinen<\/li>\n<li>Verleiht jedem Outfit Eleganz und Brillanz<\/li>\n<li>Sowohl f\u00fcr legere als auch f\u00fcr formelle Anl\u00e4sse geeignet<\/li>\n<\/ul>\n<h3>Handwerkliches K\u00f6nnen<\/h3>\n<ul>\n<li>Hergestellt aus hochwertigem 22-kar\u00e4tigem Gelbgold f\u00fcr dauerhaften Glanz<\/li>\n<li>Die Pr\u00e4zisionsfassung gew\u00e4hrleistet, dass die Steine sicher und perfekt ausgerichtet sind.<\/li>\n<li>Bequeme Passform f\u00fcr das t\u00e4gliche Tragen<\/li>\n<\/ul>\n<h3>Styling &amp; Geschenkartikel<\/h3>\n<ul>\n<li>Passt wunderbar zu goldenen Armb\u00e4ndern, Halsketten und Ohrringen<\/li>\n<li>Ideal zum Verschenken an Geburtstagen, Jahrestagen oder besonderen Anl\u00e4ssen<\/li>\n<li>Perfekt f\u00fcr das t\u00e4gliche Tragen oder besondere Anl\u00e4sse<\/li>\n<\/ul>","protected":false},"excerpt":{"rendered":"<p>Eleganter Ring aus 22-kar\u00e4tigem Gelbgold mit funkelnden Zirkonia-Steinen f\u00fcr Frauen, der Stil und Brillanz vereint und sich perfekt f\u00fcr das t\u00e4gliche Tragen oder als Geschenk eignet.<\/p>\n<p><strong>Material:<\/strong> 22ct Gold (91,6% reines Gold)<strong><br \/>\nWahrzeichen:\u00a0<\/strong>Britisches G\u00fctesiegel<strong><br \/>\n<\/strong><strong>Gewichtsbereich: <\/strong>1.30 Gramm - 1.35 Gramm<br \/>\n<strong>Gr\u00f6\u00dfe:<\/strong> Erh\u00e4ltlich in verschiedenen Gr\u00f6\u00dfen<br \/>\n<strong>SKU:<\/strong> 52492, 52493, 52494, 53080, 53081, 53082<\/p>\n<p><strong>Preis und Lieferung<\/strong>: Inklusive Mehrwertsteuer und Lieferkosten<br \/>\n<a href=\"https:\/\/www.purejewels.com\/de\/ruckgabepolitik\/\">R\u00fcckgabepolitik<\/a><\/p>","protected":false},"featured_media":419505,"comment_status":"closed","ping_status":"closed","template":"","meta":{"_eb_attr":"","_crsspst_to_jayantr4sg-hostcom":true},"product_brand":[],"product_cat":[5909,5342,5338,5353,5349,1229,1235,1783,1785,1790,1791,1559,1569,1792,1793],"product_tag":[],"class_list":{"0":"post-419504","1":"product","2":"type-product","3":"status-publish","4":"has-post-thumbnail","6":"product_cat-flower-ring-jewelry","7":"product_cat-jewellery-under-250","8":"product_cat-shop-by-price","9":"product_cat-shop-by","10":"product_cat-yellow-gold-jewellery","11":"product_cat-22ct-gold-jewellery","12":"product_cat-gold-rings","13":"product_cat-ladies-rings","14":"product_cat-daily-wear-rings","15":"product_cat-for-whom-when","16":"product_cat-anniversary-gifts","17":"product_cat-birthday-gifts","18":"product_cat-valentine-day-gifts","19":"product_cat-festival-gifts","20":"product_cat-diwali-gifts","22":"first","23":"outofstock","24":"taxable","25":"shipping-taxable","26":"product-type-variable","27":"add-to-wishlist-before_image"},"yoast_head":"<!-- This site is optimized with the Yoast SEO plugin v27.3 - https:\/\/yoast.com\/product\/yoast-seo-wordpress\/ -->\n<title>22ct Yellow Gold CZ Ring for women | Online at PureJewels<\/title>\n<meta name=\"description\" content=\"Shop 22ct Yellow Gold CZ Ring for women featuring sparkling cubic zirconia modern design lasting shine ideal for gifting or special occasions\" \/>\n<meta name=\"robots\" content=\"index, follow, max-snippet:-1, max-image-preview:large, max-video-preview:-1\" \/>\n<link rel=\"canonical\" href=\"https:\/\/www.purejewels.com\/de\/produkt-2\/22ct-gelbgold-cz-ring-fur-frauen\/\" \/>\n<meta property=\"og:locale\" content=\"de_DE\" \/>\n<meta property=\"og:type\" content=\"article\" \/>\n<meta property=\"og:title\" content=\"22ct Yellow Gold CZ Ring for women | Online at PureJewels\" \/>\n<meta property=\"og:description\" content=\"Shop 22ct Yellow Gold CZ Ring for women featuring sparkling cubic zirconia modern design lasting shine ideal for gifting or special occasions\" \/>\n<meta property=\"og:url\" content=\"https:\/\/www.purejewels.com\/de\/produkt-2\/22ct-gelbgold-cz-ring-fur-frauen\/\" \/>\n<meta property=\"og:site_name\" content=\"PureJewels UK\" \/>\n<meta property=\"article:modified_time\" content=\"2026-04-05T15:15:09+00:00\" \/>\n<meta property=\"og:image\" content=\"https:\/\/static.purejewels.com\/wp-content\/uploads\/2025\/10\/SKU-52494.jpg\" \/>\n\t<meta property=\"og:image:width\" content=\"1000\" \/>\n\t<meta property=\"og:image:height\" content=\"1000\" \/>\n\t<meta property=\"og:image:type\" content=\"image\/jpeg\" \/>\n<meta name=\"twitter:card\" content=\"summary_large_image\" \/>\n<meta name=\"twitter:label1\" content=\"Gesch\u00e4tzte Lesezeit\" \/>\n\t<meta name=\"twitter:data1\" content=\"1\u00a0Minute\" \/>\n<script type=\"application\/ld+json\" class=\"yoast-schema-graph\">{\"@context\":\"https:\\\/\\\/schema.org\",\"@graph\":[{\"@type\":[\"WebPage\",\"ItemPage\"],\"@id\":\"https:\\\/\\\/www.purejewels.com\\\/product\\\/22ct-yellow-gold-cz-ring-for-women\\\/\",\"url\":\"https:\\\/\\\/www.purejewels.com\\\/product\\\/22ct-yellow-gold-cz-ring-for-women\\\/\",\"name\":\"22ct Yellow Gold CZ Ring for women | Online at PureJewels\",\"isPartOf\":{\"@id\":\"https:\\\/\\\/www.purejewels.com\\\/#website\"},\"primaryImageOfPage\":{\"@id\":\"https:\\\/\\\/www.purejewels.com\\\/product\\\/22ct-yellow-gold-cz-ring-for-women\\\/#primaryimage\"},\"image\":{\"@id\":\"https:\\\/\\\/www.purejewels.com\\\/product\\\/22ct-yellow-gold-cz-ring-for-women\\\/#primaryimage\"},\"thumbnailUrl\":\"https:\\\/\\\/static.purejewels.com\\\/wp-content\\\/uploads\\\/2025\\\/10\\\/SKU-52494.jpg\",\"datePublished\":\"2025-04-24T10:13:02+00:00\",\"dateModified\":\"2026-04-05T15:15:09+00:00\",\"description\":\"Shop 22ct Yellow Gold CZ Ring for women featuring sparkling cubic zirconia modern design lasting shine ideal for gifting or special occasions\",\"breadcrumb\":{\"@id\":\"https:\\\/\\\/www.purejewels.com\\\/product\\\/22ct-yellow-gold-cz-ring-for-women\\\/#breadcrumb\"},\"inLanguage\":\"de\",\"potentialAction\":[{\"@type\":\"ReadAction\",\"target\":[\"https:\\\/\\\/www.purejewels.com\\\/product\\\/22ct-yellow-gold-cz-ring-for-women\\\/\"]}]},{\"@type\":\"ImageObject\",\"inLanguage\":\"de\",\"@id\":\"https:\\\/\\\/www.purejewels.com\\\/product\\\/22ct-yellow-gold-cz-ring-for-women\\\/#primaryimage\",\"url\":\"https:\\\/\\\/static.purejewels.com\\\/wp-content\\\/uploads\\\/2025\\\/10\\\/SKU-52494.jpg\",\"contentUrl\":\"https:\\\/\\\/static.purejewels.com\\\/wp-content\\\/uploads\\\/2025\\\/10\\\/SKU-52494.jpg\",\"width\":1000,\"height\":1000,\"caption\":\"Stacked from 20 images. Method=B (R=8,S=4)\"},{\"@type\":\"BreadcrumbList\",\"@id\":\"https:\\\/\\\/www.purejewels.com\\\/product\\\/22ct-yellow-gold-cz-ring-for-women\\\/#breadcrumb\",\"itemListElement\":[{\"@type\":\"ListItem\",\"position\":1,\"name\":\"Home\",\"item\":\"https:\\\/\\\/www.purejewels.com\\\/\"},{\"@type\":\"ListItem\",\"position\":2,\"name\":\"Shop\",\"item\":\"https:\\\/\\\/www.purejewels.com\\\/shop\\\/\"},{\"@type\":\"ListItem\",\"position\":3,\"name\":\"22ct Yellow Gold CZ Ring for Women\"}]},{\"@type\":\"WebSite\",\"@id\":\"https:\\\/\\\/www.purejewels.com\\\/#website\",\"url\":\"https:\\\/\\\/www.purejewels.com\\\/\",\"name\":\"PureJewels UK\",\"description\":\"Share the Love\",\"publisher\":{\"@id\":\"https:\\\/\\\/www.purejewels.com\\\/#organization\"},\"potentialAction\":[{\"@type\":\"SearchAction\",\"target\":{\"@type\":\"EntryPoint\",\"urlTemplate\":\"https:\\\/\\\/www.purejewels.com\\\/?s={search_term_string}\"},\"query-input\":{\"@type\":\"PropertyValueSpecification\",\"valueRequired\":true,\"valueName\":\"search_term_string\"}}],\"inLanguage\":\"de\"},{\"@type\":\"Organization\",\"@id\":\"https:\\\/\\\/www.purejewels.com\\\/#organization\",\"name\":\"PureJewels UK\",\"url\":\"https:\\\/\\\/www.purejewels.com\\\/\",\"logo\":{\"@type\":\"ImageObject\",\"inLanguage\":\"de\",\"@id\":\"https:\\\/\\\/www.purejewels.com\\\/#\\\/schema\\\/logo\\\/image\\\/\",\"url\":\"https:\\\/\\\/static.purejewels.com\\\/wp-content\\\/uploads\\\/2020\\\/11\\\/Logo-PJ-New-1.png\",\"contentUrl\":\"https:\\\/\\\/static.purejewels.com\\\/wp-content\\\/uploads\\\/2020\\\/11\\\/Logo-PJ-New-1.png\",\"width\":150,\"height\":80,\"caption\":\"PureJewels UK\"},\"image\":{\"@id\":\"https:\\\/\\\/www.purejewels.com\\\/#\\\/schema\\\/logo\\\/image\\\/\"}}]}<\/script>\n<!-- \/ Yoast SEO plugin. -->","yoast_head_json":{"title":"22ct Gelbgold CZ Ring f\u00fcr Frauen | Online bei PureJewels","description":"Shop 22ct Gelbgold CZ Ring f\u00fcr Frauen mit funkelnden Zirkonia modernes Design dauerhaften Glanz ideal zum Verschenken oder besondere Anl\u00e4sse","robots":{"index":"index","follow":"follow","max-snippet":"max-snippet:-1","max-image-preview":"max-image-preview:large","max-video-preview":"max-video-preview:-1"},"canonical":"https:\/\/www.purejewels.com\/de\/produkt-2\/22ct-gelbgold-cz-ring-fur-frauen\/","og_locale":"de_DE","og_type":"article","og_title":"22ct Yellow Gold CZ Ring for women | Online at PureJewels","og_description":"Shop 22ct Yellow Gold CZ Ring for women featuring sparkling cubic zirconia modern design lasting shine ideal for gifting or special occasions","og_url":"https:\/\/www.purejewels.com\/de\/produkt-2\/22ct-gelbgold-cz-ring-fur-frauen\/","og_site_name":"PureJewels UK","article_modified_time":"2026-04-05T15:15:09+00:00","og_image":[{"width":1000,"height":1000,"url":"https:\/\/static.purejewels.com\/wp-content\/uploads\/2025\/10\/SKU-52494.jpg","type":"image\/jpeg"}],"twitter_card":"summary_large_image","twitter_misc":{"Gesch\u00e4tzte Lesezeit":"1\u00a0Minute"},"schema":{"@context":"https:\/\/schema.org","@graph":[{"@type":["WebPage","ItemPage"],"@id":"https:\/\/www.purejewels.com\/product\/22ct-yellow-gold-cz-ring-for-women\/","url":"https:\/\/www.purejewels.com\/product\/22ct-yellow-gold-cz-ring-for-women\/","name":"22ct Gelbgold CZ Ring f\u00fcr Frauen | Online bei PureJewels","isPartOf":{"@id":"https:\/\/www.purejewels.com\/#website"},"primaryImageOfPage":{"@id":"https:\/\/www.purejewels.com\/product\/22ct-yellow-gold-cz-ring-for-women\/#primaryimage"},"image":{"@id":"https:\/\/www.purejewels.com\/product\/22ct-yellow-gold-cz-ring-for-women\/#primaryimage"},"thumbnailUrl":"https:\/\/static.purejewels.com\/wp-content\/uploads\/2025\/10\/SKU-52494.jpg","datePublished":"2025-04-24T10:13:02+00:00","dateModified":"2026-04-05T15:15:09+00:00","description":"Shop 22ct Gelbgold CZ Ring f\u00fcr Frauen mit funkelnden Zirkonia modernes Design dauerhaften Glanz ideal zum Verschenken oder besondere Anl\u00e4sse","breadcrumb":{"@id":"https:\/\/www.purejewels.com\/product\/22ct-yellow-gold-cz-ring-for-women\/#breadcrumb"},"inLanguage":"de","potentialAction":[{"@type":"ReadAction","target":["https:\/\/www.purejewels.com\/product\/22ct-yellow-gold-cz-ring-for-women\/"]}]},{"@type":"ImageObject","inLanguage":"de","@id":"https:\/\/www.purejewels.com\/product\/22ct-yellow-gold-cz-ring-for-women\/#primaryimage","url":"https:\/\/static.purejewels.com\/wp-content\/uploads\/2025\/10\/SKU-52494.jpg","contentUrl":"https:\/\/static.purejewels.com\/wp-content\/uploads\/2025\/10\/SKU-52494.jpg","width":1000,"height":1000,"caption":"Stacked from 20 images. Method=B (R=8,S=4)"},{"@type":"BreadcrumbList","@id":"https:\/\/www.purejewels.com\/product\/22ct-yellow-gold-cz-ring-for-women\/#breadcrumb","itemListElement":[{"@type":"ListItem","position":1,"name":"Home","item":"https:\/\/www.purejewels.com\/"},{"@type":"ListItem","position":2,"name":"Shop","item":"https:\/\/www.purejewels.com\/shop\/"},{"@type":"ListItem","position":3,"name":"22ct Yellow Gold CZ Ring for Women"}]},{"@type":"WebSite","@id":"https:\/\/www.purejewels.com\/#website","url":"https:\/\/www.purejewels.com\/","name":"PureJewels UK","description":"Teile die Liebe","publisher":{"@id":"https:\/\/www.purejewels.com\/#organization"},"potentialAction":[{"@type":"SearchAction","target":{"@type":"EntryPoint","urlTemplate":"https:\/\/www.purejewels.com\/?s={search_term_string}"},"query-input":{"@type":"PropertyValueSpecification","valueRequired":true,"valueName":"search_term_string"}}],"inLanguage":"de"},{"@type":"Organization","@id":"https:\/\/www.purejewels.com\/#organization","name":"PureJewels UK","url":"https:\/\/www.purejewels.com\/","logo":{"@type":"ImageObject","inLanguage":"de","@id":"https:\/\/www.purejewels.com\/#\/schema\/logo\/image\/","url":"https:\/\/static.purejewels.com\/wp-content\/uploads\/2020\/11\/Logo-PJ-New-1.png","contentUrl":"https:\/\/static.purejewels.com\/wp-content\/uploads\/2020\/11\/Logo-PJ-New-1.png","width":150,"height":80,"caption":"PureJewels UK"},"image":{"@id":"https:\/\/www.purejewels.com\/#\/schema\/logo\/image\/"}}]}},"_links":{"self":[{"href":"https:\/\/www.purejewels.com\/de\/wp-json\/wp\/v2\/product\/419504","targetHints":{"allow":["GET"]}}],"collection":[{"href":"https:\/\/www.purejewels.com\/de\/wp-json\/wp\/v2\/product"}],"about":[{"href":"https:\/\/www.purejewels.com\/de\/wp-json\/wp\/v2\/types\/product"}],"replies":[{"embeddable":true,"href":"https:\/\/www.purejewels.com\/de\/wp-json\/wp\/v2\/comments?post=419504"}],"version-history":[{"count":1,"href":"https:\/\/www.purejewels.com\/de\/wp-json\/wp\/v2\/product\/419504\/revisions"}],"predecessor-version":[{"id":419509,"href":"https:\/\/www.purejewels.com\/de\/wp-json\/wp\/v2\/product\/419504\/revisions\/419509"}],"wp:featuredmedia":[{"embeddable":true,"href":"https:\/\/www.purejewels.com\/de\/wp-json\/wp\/v2\/media\/419505"}],"wp:attachment":[{"href":"https:\/\/www.purejewels.com\/de\/wp-json\/wp\/v2\/media?parent=419504"}],"wp:term":[{"taxonomy":"product_brand","embeddable":true,"href":"https:\/\/www.purejewels.com\/de\/wp-json\/wp\/v2\/product_brand?post=419504"},{"taxonomy":"product_cat","embeddable":true,"href":"https:\/\/www.purejewels.com\/de\/wp-json\/wp\/v2\/product_cat?post=419504"},{"taxonomy":"product_tag","embeddable":true,"href":"https:\/\/www.purejewels.com\/de\/wp-json\/wp\/v2\/product_tag?post=419504"}],"curies":[{"name":"wp","href":"https:\/\/api.w.org\/{rel}","templated":true}]}}