{"id":419745,"date":"2025-11-10T05:19:28","date_gmt":"2025-11-10T05:19:28","guid":{"rendered":"https:\/\/www.purejewels.com\/?post_type=product&#038;p=419745"},"modified":"2026-01-06T09:20:47","modified_gmt":"2026-01-06T09:20:47","slug":"22ct-gold-cz-blatt-rebe-halskette-51188","status":"publish","type":"product","link":"https:\/\/www.purejewels.com\/de\/product\/22ct-gold-cz-leaf-vine-necklace-51188\/","title":{"rendered":"22ct Gold CZ Blatt Rebe Halskette"},"content":{"rendered":"<h3 data-start=\"498\" data-end=\"525\"><strong data-start=\"502\" data-end=\"523\">Designkonzept<\/strong><\/h3>\n<p data-start=\"526\" data-end=\"862\">Inspiriert von der stillen Sch\u00f6nheit von Reben und nat\u00fcrlichem Wachstum, zeigt der Anh\u00e4nger eine organische Form, die sich sanft windet und Kontinuit\u00e4t und Verbindung symbolisiert. Jedes blatt\u00e4hnliche Detail wird durch handgefasste CZ-Steine hervorgehoben, die das Licht wie Morgentau einfangen. Das Design spiegelt eine Mischung aus Natur, Tradition und raffinierter Modernit\u00e4t wider.<\/p>\n<h3 data-start=\"869\" data-end=\"896\"><strong data-start=\"873\" data-end=\"894\">\u00a0Handwerkliches K\u00f6nnen<\/strong><\/h3>\n<p data-start=\"897\" data-end=\"1234\">Diese in sorgf\u00e4ltiger Handarbeit aus 22-kar\u00e4tigem Gelbgold gefertigte und vom London Assay Office gepunzte Halskette zeugt von der Hingabe erfahrener Kunsthandwerker. Die CZ-Steine des Anh\u00e4ngers sind aufw\u00e4ndig gefasst, um die Brillanz zu verst\u00e4rken und gleichzeitig die anmutigen Kurven des Blattmotivs zu erhalten. Die leichte und doch luxuri\u00f6se Kette ist f\u00fcr Komfort und dauerhafte Eleganz geschaffen.<\/p>\n<h3 data-start=\"1241\" data-end=\"1267\"><strong data-start=\"1245\" data-end=\"1265\">Styling-Ideen<\/strong><\/h3>\n<p data-start=\"1268\" data-end=\"1492\">Kombinieren Sie diese Halskette mit sanften Pastellfarben oder tiefen Juwelent\u00f6nen als Kontrast. Sie eignet sich ideal als Brautgeschenk, als Geschenk zum Jahrestag oder als pers\u00f6nliches Geschenk. Sie l\u00e4sst sich wunderbar mit anderen Goldschmuckst\u00fccken kombinieren oder ist ein eigenst\u00e4ndiger Anh\u00e4nger.<\/p>","protected":false},"excerpt":{"rendered":"<p>Anmutig flie\u00dfend wie die Kunst der Natur, f\u00e4ngt diese 22ct Gold CZ Leaf Vine Halskette die Eleganz der sanft verschlungenen Bl\u00e4tter ein. Mit schimmernden Zirkonia-Steinen besetzt, verleiht sie Ihrem Dekollet\u00e9 ein subtiles Funkeln. Dieses Schmuckst\u00fcck ist sowohl f\u00fcr den Alltag als auch f\u00fcr besondere Momente geeignet und verleiht jedem Look einen raffinierten, femininen Touch.<\/p>\n<p><strong>Material:<\/strong> 22ct Gold (91,6% reines Gold)<strong><br \/>\nWahrzeichen:\u00a0<\/strong>Britisches G\u00fctesiegel<strong><br \/>\n<\/strong><strong>Bruttogewicht: <\/strong>4,62 Gramm<br \/>\n<strong>Nettogewicht: <\/strong>4,57 Gramm<strong><br \/>\nSKU: <\/strong>51188<\/p>\n<p><strong>Preis und Lieferung: <\/strong>\u00a0Inklusive Mehrwertsteuer und Lieferkosten<strong><br \/>\n<a href=\"https:\/\/www.purejewels.com\/de\/ruckgabepolitik\/\">R\u00fcckgabepolitik<\/a><\/strong><\/p>","protected":false},"featured_media":419817,"comment_status":"closed","ping_status":"closed","template":"","meta":{"_eb_attr":"","_crsspst_to_jayantr4sg-hostcom":true},"product_brand":[],"product_cat":[1794,1793,1792,1229,1253,5346,5902,1778,1574,5349],"product_tag":[6174],"class_list":{"0":"post-419745","1":"product","2":"type-product","3":"status-publish","4":"has-post-thumbnail","6":"product_cat-christmas-gifts","7":"product_cat-diwali-gifts","8":"product_cat-festival-gifts","9":"product_cat-22ct-gold-jewellery","10":"product_cat-gold-necklaces","11":"product_cat-gold-pendant-necklace","12":"product_cat-lariat-necklace","13":"product_cat-short-necklaces","14":"product_cat-womens-jewellery","15":"product_cat-yellow-gold-jewellery","16":"product_tag-22ct-butterfly-pendant","18":"first","19":"outofstock","20":"sale","21":"taxable","22":"shipping-taxable","23":"product-type-simple","24":"add-to-wishlist-before_image"},"yoast_head":"<!-- This site is optimized with the Yoast SEO plugin v27.3 - https:\/\/yoast.com\/product\/yoast-seo-wordpress\/ -->\n<title>22ct Gold CZ Leaf Vine Necklace | Nature-Inspired Jewellery<\/title>\n<meta name=\"description\" content=\"Discover the 22ct Gold CZ Leaf Vine Necklace at PureJewels. Handcrafted in yellow gold with sparkling cubic zirconia stones. A nature-inspired piece of elegance.\" \/>\n<meta name=\"robots\" content=\"index, follow, max-snippet:-1, max-image-preview:large, max-video-preview:-1\" \/>\n<link rel=\"canonical\" href=\"https:\/\/www.purejewels.com\/de\/produkt-2\/22ct-gold-cz-blatt-rebe-halskette-51188\/\" \/>\n<meta property=\"og:locale\" content=\"de_DE\" \/>\n<meta property=\"og:type\" content=\"article\" \/>\n<meta property=\"og:title\" content=\"22ct Gold CZ Leaf Vine Necklace | Nature-Inspired Jewellery\" \/>\n<meta property=\"og:description\" content=\"Discover the 22ct Gold CZ Leaf Vine Necklace at PureJewels. Handcrafted in yellow gold with sparkling cubic zirconia stones. A nature-inspired piece of elegance.\" \/>\n<meta property=\"og:url\" content=\"https:\/\/www.purejewels.com\/de\/produkt-2\/22ct-gold-cz-blatt-rebe-halskette-51188\/\" \/>\n<meta property=\"og:site_name\" content=\"PureJewels UK\" \/>\n<meta property=\"article:modified_time\" content=\"2026-01-06T09:20:47+00:00\" \/>\n<meta property=\"og:image\" content=\"https:\/\/static.purejewels.com\/wp-content\/uploads\/2025\/09\/sku-51188.jpg\" \/>\n\t<meta property=\"og:image:width\" content=\"1000\" \/>\n\t<meta property=\"og:image:height\" content=\"1000\" \/>\n\t<meta property=\"og:image:type\" content=\"image\/jpeg\" \/>\n<meta name=\"twitter:card\" content=\"summary_large_image\" \/>\n<meta name=\"twitter:label1\" content=\"Gesch\u00e4tzte Lesezeit\" \/>\n\t<meta name=\"twitter:data1\" content=\"1\u00a0Minute\" \/>\n<script type=\"application\/ld+json\" class=\"yoast-schema-graph\">{\"@context\":\"https:\\\/\\\/schema.org\",\"@graph\":[{\"@type\":[\"WebPage\",\"ItemPage\"],\"@id\":\"https:\\\/\\\/www.purejewels.com\\\/product\\\/22ct-gold-cz-leaf-vine-necklace-51188\\\/\",\"url\":\"https:\\\/\\\/www.purejewels.com\\\/product\\\/22ct-gold-cz-leaf-vine-necklace-51188\\\/\",\"name\":\"22ct Gold CZ Leaf Vine Necklace | Nature-Inspired Jewellery\",\"isPartOf\":{\"@id\":\"https:\\\/\\\/www.purejewels.com\\\/#website\"},\"primaryImageOfPage\":{\"@id\":\"https:\\\/\\\/www.purejewels.com\\\/product\\\/22ct-gold-cz-leaf-vine-necklace-51188\\\/#primaryimage\"},\"image\":{\"@id\":\"https:\\\/\\\/www.purejewels.com\\\/product\\\/22ct-gold-cz-leaf-vine-necklace-51188\\\/#primaryimage\"},\"thumbnailUrl\":\"https:\\\/\\\/static.purejewels.com\\\/wp-content\\\/uploads\\\/2025\\\/09\\\/sku-51188.jpg\",\"datePublished\":\"2025-11-10T05:19:28+00:00\",\"dateModified\":\"2026-01-06T09:20:47+00:00\",\"description\":\"Discover the 22ct Gold CZ Leaf Vine Necklace at PureJewels. Handcrafted in yellow gold with sparkling cubic zirconia stones. A nature-inspired piece of elegance.\",\"breadcrumb\":{\"@id\":\"https:\\\/\\\/www.purejewels.com\\\/product\\\/22ct-gold-cz-leaf-vine-necklace-51188\\\/#breadcrumb\"},\"inLanguage\":\"de\",\"potentialAction\":[{\"@type\":\"ReadAction\",\"target\":[\"https:\\\/\\\/www.purejewels.com\\\/product\\\/22ct-gold-cz-leaf-vine-necklace-51188\\\/\"]}]},{\"@type\":\"ImageObject\",\"inLanguage\":\"de\",\"@id\":\"https:\\\/\\\/www.purejewels.com\\\/product\\\/22ct-gold-cz-leaf-vine-necklace-51188\\\/#primaryimage\",\"url\":\"https:\\\/\\\/static.purejewels.com\\\/wp-content\\\/uploads\\\/2025\\\/09\\\/sku-51188.jpg\",\"contentUrl\":\"https:\\\/\\\/static.purejewels.com\\\/wp-content\\\/uploads\\\/2025\\\/09\\\/sku-51188.jpg\",\"width\":1000,\"height\":1000,\"caption\":\"22ct Gold CZ Leaf Vine Necklace\"},{\"@type\":\"BreadcrumbList\",\"@id\":\"https:\\\/\\\/www.purejewels.com\\\/product\\\/22ct-gold-cz-leaf-vine-necklace-51188\\\/#breadcrumb\",\"itemListElement\":[{\"@type\":\"ListItem\",\"position\":1,\"name\":\"Home\",\"item\":\"https:\\\/\\\/www.purejewels.com\\\/\"},{\"@type\":\"ListItem\",\"position\":2,\"name\":\"Shop\",\"item\":\"https:\\\/\\\/www.purejewels.com\\\/shop\\\/\"},{\"@type\":\"ListItem\",\"position\":3,\"name\":\"22ct Gold CZ Leaf Vine Necklace\"}]},{\"@type\":\"WebSite\",\"@id\":\"https:\\\/\\\/www.purejewels.com\\\/#website\",\"url\":\"https:\\\/\\\/www.purejewels.com\\\/\",\"name\":\"PureJewels UK\",\"description\":\"Share the Love\",\"publisher\":{\"@id\":\"https:\\\/\\\/www.purejewels.com\\\/#organization\"},\"potentialAction\":[{\"@type\":\"SearchAction\",\"target\":{\"@type\":\"EntryPoint\",\"urlTemplate\":\"https:\\\/\\\/www.purejewels.com\\\/?s={search_term_string}\"},\"query-input\":{\"@type\":\"PropertyValueSpecification\",\"valueRequired\":true,\"valueName\":\"search_term_string\"}}],\"inLanguage\":\"de\"},{\"@type\":\"Organization\",\"@id\":\"https:\\\/\\\/www.purejewels.com\\\/#organization\",\"name\":\"PureJewels UK\",\"url\":\"https:\\\/\\\/www.purejewels.com\\\/\",\"logo\":{\"@type\":\"ImageObject\",\"inLanguage\":\"de\",\"@id\":\"https:\\\/\\\/www.purejewels.com\\\/#\\\/schema\\\/logo\\\/image\\\/\",\"url\":\"https:\\\/\\\/static.purejewels.com\\\/wp-content\\\/uploads\\\/2020\\\/11\\\/Logo-PJ-New-1.png\",\"contentUrl\":\"https:\\\/\\\/static.purejewels.com\\\/wp-content\\\/uploads\\\/2020\\\/11\\\/Logo-PJ-New-1.png\",\"width\":150,\"height\":80,\"caption\":\"PureJewels UK\"},\"image\":{\"@id\":\"https:\\\/\\\/www.purejewels.com\\\/#\\\/schema\\\/logo\\\/image\\\/\"}}]}<\/script>\n<!-- \/ Yoast SEO plugin. -->","yoast_head_json":{"title":"22ct Gold CZ Blatt Rebe Halskette | Natur-inspirierten Schmuck","description":"Entdecken Sie die 22ct Gold CZ Leaf Vine Halskette bei PureJewels. Handgefertigt aus Gelbgold mit funkelnden Zirkoniasteinen. Ein von der Natur inspiriertes St\u00fcck voller Eleganz.","robots":{"index":"index","follow":"follow","max-snippet":"max-snippet:-1","max-image-preview":"max-image-preview:large","max-video-preview":"max-video-preview:-1"},"canonical":"https:\/\/www.purejewels.com\/de\/produkt-2\/22ct-gold-cz-blatt-rebe-halskette-51188\/","og_locale":"de_DE","og_type":"article","og_title":"22ct Gold CZ Leaf Vine Necklace | Nature-Inspired Jewellery","og_description":"Discover the 22ct Gold CZ Leaf Vine Necklace at PureJewels. Handcrafted in yellow gold with sparkling cubic zirconia stones. A nature-inspired piece of elegance.","og_url":"https:\/\/www.purejewels.com\/de\/produkt-2\/22ct-gold-cz-blatt-rebe-halskette-51188\/","og_site_name":"PureJewels UK","article_modified_time":"2026-01-06T09:20:47+00:00","og_image":[{"width":1000,"height":1000,"url":"https:\/\/static.purejewels.com\/wp-content\/uploads\/2025\/09\/sku-51188.jpg","type":"image\/jpeg"}],"twitter_card":"summary_large_image","twitter_misc":{"Gesch\u00e4tzte Lesezeit":"1\u00a0Minute"},"schema":{"@context":"https:\/\/schema.org","@graph":[{"@type":["WebPage","ItemPage"],"@id":"https:\/\/www.purejewels.com\/product\/22ct-gold-cz-leaf-vine-necklace-51188\/","url":"https:\/\/www.purejewels.com\/product\/22ct-gold-cz-leaf-vine-necklace-51188\/","name":"22ct Gold CZ Blatt Rebe Halskette | Natur-inspirierten Schmuck","isPartOf":{"@id":"https:\/\/www.purejewels.com\/#website"},"primaryImageOfPage":{"@id":"https:\/\/www.purejewels.com\/product\/22ct-gold-cz-leaf-vine-necklace-51188\/#primaryimage"},"image":{"@id":"https:\/\/www.purejewels.com\/product\/22ct-gold-cz-leaf-vine-necklace-51188\/#primaryimage"},"thumbnailUrl":"https:\/\/static.purejewels.com\/wp-content\/uploads\/2025\/09\/sku-51188.jpg","datePublished":"2025-11-10T05:19:28+00:00","dateModified":"2026-01-06T09:20:47+00:00","description":"Entdecken Sie die 22ct Gold CZ Leaf Vine Halskette bei PureJewels. Handgefertigt aus Gelbgold mit funkelnden Zirkoniasteinen. Ein von der Natur inspiriertes St\u00fcck voller Eleganz.","breadcrumb":{"@id":"https:\/\/www.purejewels.com\/product\/22ct-gold-cz-leaf-vine-necklace-51188\/#breadcrumb"},"inLanguage":"de","potentialAction":[{"@type":"ReadAction","target":["https:\/\/www.purejewels.com\/product\/22ct-gold-cz-leaf-vine-necklace-51188\/"]}]},{"@type":"ImageObject","inLanguage":"de","@id":"https:\/\/www.purejewels.com\/product\/22ct-gold-cz-leaf-vine-necklace-51188\/#primaryimage","url":"https:\/\/static.purejewels.com\/wp-content\/uploads\/2025\/09\/sku-51188.jpg","contentUrl":"https:\/\/static.purejewels.com\/wp-content\/uploads\/2025\/09\/sku-51188.jpg","width":1000,"height":1000,"caption":"22ct Gold CZ Leaf Vine Necklace"},{"@type":"BreadcrumbList","@id":"https:\/\/www.purejewels.com\/product\/22ct-gold-cz-leaf-vine-necklace-51188\/#breadcrumb","itemListElement":[{"@type":"ListItem","position":1,"name":"Home","item":"https:\/\/www.purejewels.com\/"},{"@type":"ListItem","position":2,"name":"Shop","item":"https:\/\/www.purejewels.com\/shop\/"},{"@type":"ListItem","position":3,"name":"22ct Gold CZ Leaf Vine Necklace"}]},{"@type":"WebSite","@id":"https:\/\/www.purejewels.com\/#website","url":"https:\/\/www.purejewels.com\/","name":"PureJewels UK","description":"Teile die Liebe","publisher":{"@id":"https:\/\/www.purejewels.com\/#organization"},"potentialAction":[{"@type":"SearchAction","target":{"@type":"EntryPoint","urlTemplate":"https:\/\/www.purejewels.com\/?s={search_term_string}"},"query-input":{"@type":"PropertyValueSpecification","valueRequired":true,"valueName":"search_term_string"}}],"inLanguage":"de"},{"@type":"Organization","@id":"https:\/\/www.purejewels.com\/#organization","name":"PureJewels UK","url":"https:\/\/www.purejewels.com\/","logo":{"@type":"ImageObject","inLanguage":"de","@id":"https:\/\/www.purejewels.com\/#\/schema\/logo\/image\/","url":"https:\/\/static.purejewels.com\/wp-content\/uploads\/2020\/11\/Logo-PJ-New-1.png","contentUrl":"https:\/\/static.purejewels.com\/wp-content\/uploads\/2020\/11\/Logo-PJ-New-1.png","width":150,"height":80,"caption":"PureJewels UK"},"image":{"@id":"https:\/\/www.purejewels.com\/#\/schema\/logo\/image\/"}}]}},"_links":{"self":[{"href":"https:\/\/www.purejewels.com\/de\/wp-json\/wp\/v2\/product\/419745","targetHints":{"allow":["GET"]}}],"collection":[{"href":"https:\/\/www.purejewels.com\/de\/wp-json\/wp\/v2\/product"}],"about":[{"href":"https:\/\/www.purejewels.com\/de\/wp-json\/wp\/v2\/types\/product"}],"replies":[{"embeddable":true,"href":"https:\/\/www.purejewels.com\/de\/wp-json\/wp\/v2\/comments?post=419745"}],"version-history":[{"count":2,"href":"https:\/\/www.purejewels.com\/de\/wp-json\/wp\/v2\/product\/419745\/revisions"}],"predecessor-version":[{"id":419819,"href":"https:\/\/www.purejewels.com\/de\/wp-json\/wp\/v2\/product\/419745\/revisions\/419819"}],"wp:featuredmedia":[{"embeddable":true,"href":"https:\/\/www.purejewels.com\/de\/wp-json\/wp\/v2\/media\/419817"}],"wp:attachment":[{"href":"https:\/\/www.purejewels.com\/de\/wp-json\/wp\/v2\/media?parent=419745"}],"wp:term":[{"taxonomy":"product_brand","embeddable":true,"href":"https:\/\/www.purejewels.com\/de\/wp-json\/wp\/v2\/product_brand?post=419745"},{"taxonomy":"product_cat","embeddable":true,"href":"https:\/\/www.purejewels.com\/de\/wp-json\/wp\/v2\/product_cat?post=419745"},{"taxonomy":"product_tag","embeddable":true,"href":"https:\/\/www.purejewels.com\/de\/wp-json\/wp\/v2\/product_tag?post=419745"}],"curies":[{"name":"wp","href":"https:\/\/api.w.org\/{rel}","templated":true}]}}