{"id":419749,"date":"2025-11-10T07:03:43","date_gmt":"2025-11-10T07:03:43","guid":{"rendered":"https:\/\/www.purejewels.com\/?post_type=product&#038;p=419749"},"modified":"2026-01-06T09:20:47","modified_gmt":"2026-01-06T09:20:47","slug":"22-kt-gelbgold-grun-cz-stein-halskette-51187","status":"publish","type":"product","link":"https:\/\/www.purejewels.com\/de\/product\/22ct-yellow-gold-green-cz-stone-necklace-51187\/","title":{"rendered":"22ct Gelbgold Gr\u00fcn CZ Stein Halskette"},"content":{"rendered":"<h3 data-start=\"521\" data-end=\"548\"><strong data-start=\"525\" data-end=\"546\">Designkonzept<\/strong><\/h3>\n<p data-start=\"549\" data-end=\"894\">Das Design ist von bl\u00fchenden Bl\u00e4ttern und knospendem Gr\u00fcn inspiriert und symbolisiert Erneuerung und pers\u00f6nliches Wachstum. Die durchbrochenen Goldrahmen verschmelzen m\u00fchelos mit pav\u00e9gefassten gr\u00fcnen CZ-Steinen. Jedes Element erz\u00e4hlt eine Geschichte \u00fcber den Fluss der Natur und zelebriert organische Sch\u00f6nheit durch eine moderne Linse.<\/p>\n<h3 data-start=\"901\" data-end=\"928\"><strong data-start=\"905\" data-end=\"926\">\u00a0Handwerkliches K\u00f6nnen<\/strong><\/h3>\n<p data-start=\"929\" data-end=\"1262\">Diese in sorgf\u00e4ltiger Handarbeit aus reinem 22-kar\u00e4tigem Gold gefertigte Halskette ist vom London Assay Office gestempelt. Die gr\u00fcnen CZ-Steine sind sorgf\u00e4ltig von Hand gefasst, um Pr\u00e4zision und Haltbarkeit zu gew\u00e4hrleisten. Dekorative Goldperlendetails und eine flie\u00dfende Kettenstruktur spiegeln PureJewels\u2019 Aufmerksamkeit f\u00fcr Komfort und Details wider und bringen Design und Funktion nahtlos zusammen.<\/p>\n<h3 data-start=\"1269\" data-end=\"1295\"><strong data-start=\"1273\" data-end=\"1293\">Styling-Ideen<\/strong><\/h3>\n<p data-start=\"1296\" data-end=\"1553\">Ideal f\u00fcr festliche Anl\u00e4sse, Hochzeitsfeiern oder um Ihre Alltagskleidung aufzuwerten. Diese Halskette passt wunderbar zu Smaragdt\u00f6nen, tiefen Juwelenfarben oder sanften Neutralt\u00f6nen. Tragen Sie sie allein f\u00fcr ein elegantes Statement oder kombinieren Sie sie mit schlichten Goldketten f\u00fcr einen strukturierten Look.<\/p>","protected":false},"excerpt":{"rendered":"<p>Lebendig, anmutig und erfrischend modern - diese Halskette aus 22 Karat Gelbgold mit gr\u00fcnen CZ-Steinen zeigt von Bl\u00e4ttern inspirierte Motive, die mit leuchtend gr\u00fcnen Zirkonia verziert sind. Das asymmetrische Design und die Perlenakzente schaffen eine zeitgem\u00e4\u00dfe und doch zeitlose Silhouette, die an die Eleganz der Natur erinnert. Ein strahlender Ausdruck von Individualit\u00e4t und Charme.<\/p>\n<p><strong>Material:<\/strong> 22ct Gold (91,6% reines Gold)<strong><br \/>\nWahrzeichen:\u00a0<\/strong>Britisches G\u00fctesiegel<strong><br \/>\n<\/strong><strong>Bruttogewicht: <\/strong>7,74 Gramm<br \/>\n<strong>Nettogewicht: <\/strong>7,66 Gramm<strong><br \/>\nSKU: <\/strong>51187<\/p>\n<p><strong>Preis und Lieferung:<\/strong> Inklusive Mehrwertsteuer und Lieferkosten<strong><br \/>\n<a href=\"https:\/\/www.purejewels.com\/de\/ruckgabepolitik\/\">R\u00fcckgabepolitik<\/a><\/strong><\/p>","protected":false},"featured_media":419759,"comment_status":"closed","ping_status":"closed","template":"","meta":{"_eb_attr":"","_crsspst_to_jayantr4sg-hostcom":true},"product_brand":[],"product_cat":[1793,1792,1229,1253,5346,5902,1778,1574,5349],"product_tag":[],"class_list":{"0":"post-419749","1":"product","2":"type-product","3":"status-publish","4":"has-post-thumbnail","6":"product_cat-diwali-gifts","7":"product_cat-festival-gifts","8":"product_cat-22ct-gold-jewellery","9":"product_cat-gold-necklaces","10":"product_cat-gold-pendant-necklace","11":"product_cat-lariat-necklace","12":"product_cat-short-necklaces","13":"product_cat-womens-jewellery","14":"product_cat-yellow-gold-jewellery","16":"first","17":"outofstock","18":"sale","19":"taxable","20":"shipping-taxable","21":"product-type-simple","22":"add-to-wishlist-before_image"},"yoast_head":"<!-- This site is optimized with the Yoast SEO plugin v27.3 - https:\/\/yoast.com\/product\/yoast-seo-wordpress\/ -->\n<title>22ct Yellow Gold Green CZ Stone Necklace | Elegant Leaf Design<\/title>\n<meta name=\"description\" content=\"Shop the 22ct Yellow Gold Green CZ Stone Necklace by PureJewels. Inspired by nature with leaf motifs and green cubic zirconia. Hallmarked and handcrafted in gold.\" \/>\n<meta name=\"robots\" content=\"index, follow, max-snippet:-1, max-image-preview:large, max-video-preview:-1\" \/>\n<link rel=\"canonical\" href=\"https:\/\/www.purejewels.com\/de\/produkt-2\/22-kt-gelbgold-grun-cz-stein-halskette-51187\/\" \/>\n<meta property=\"og:locale\" content=\"de_DE\" \/>\n<meta property=\"og:type\" content=\"article\" \/>\n<meta property=\"og:title\" content=\"22ct Yellow Gold Green CZ Stone Necklace | Elegant Leaf Design\" \/>\n<meta property=\"og:description\" content=\"Shop the 22ct Yellow Gold Green CZ Stone Necklace by PureJewels. Inspired by nature with leaf motifs and green cubic zirconia. Hallmarked and handcrafted in gold.\" \/>\n<meta property=\"og:url\" content=\"https:\/\/www.purejewels.com\/de\/produkt-2\/22-kt-gelbgold-grun-cz-stein-halskette-51187\/\" \/>\n<meta property=\"og:site_name\" content=\"PureJewels UK\" \/>\n<meta property=\"article:modified_time\" content=\"2026-01-06T09:20:47+00:00\" \/>\n<meta property=\"og:image\" content=\"https:\/\/www.purejewels.com\/wp-content\/uploads\/2025\/10\/sku-51187.jpg\" \/>\n\t<meta property=\"og:image:width\" content=\"1000\" \/>\n\t<meta property=\"og:image:height\" content=\"1000\" \/>\n\t<meta property=\"og:image:type\" content=\"image\/jpeg\" \/>\n<meta name=\"twitter:card\" content=\"summary_large_image\" \/>\n<meta name=\"twitter:label1\" content=\"Gesch\u00e4tzte Lesezeit\" \/>\n\t<meta name=\"twitter:data1\" content=\"1\u00a0Minute\" \/>\n<script type=\"application\/ld+json\" class=\"yoast-schema-graph\">{\"@context\":\"https:\\\/\\\/schema.org\",\"@graph\":[{\"@type\":[\"WebPage\",\"ItemPage\"],\"@id\":\"https:\\\/\\\/www.purejewels.com\\\/product\\\/22ct-yellow-gold-green-cz-stone-necklace-51187\\\/\",\"url\":\"https:\\\/\\\/www.purejewels.com\\\/product\\\/22ct-yellow-gold-green-cz-stone-necklace-51187\\\/\",\"name\":\"22ct Yellow Gold Green CZ Stone Necklace | Elegant Leaf Design\",\"isPartOf\":{\"@id\":\"https:\\\/\\\/www.purejewels.com\\\/#website\"},\"primaryImageOfPage\":{\"@id\":\"https:\\\/\\\/www.purejewels.com\\\/product\\\/22ct-yellow-gold-green-cz-stone-necklace-51187\\\/#primaryimage\"},\"image\":{\"@id\":\"https:\\\/\\\/www.purejewels.com\\\/product\\\/22ct-yellow-gold-green-cz-stone-necklace-51187\\\/#primaryimage\"},\"thumbnailUrl\":\"https:\\\/\\\/static.purejewels.com\\\/wp-content\\\/uploads\\\/2025\\\/10\\\/sku-51187.jpg\",\"datePublished\":\"2025-11-10T07:03:43+00:00\",\"dateModified\":\"2026-01-06T09:20:47+00:00\",\"description\":\"Shop the 22ct Yellow Gold Green CZ Stone Necklace by PureJewels. Inspired by nature with leaf motifs and green cubic zirconia. Hallmarked and handcrafted in gold.\",\"breadcrumb\":{\"@id\":\"https:\\\/\\\/www.purejewels.com\\\/product\\\/22ct-yellow-gold-green-cz-stone-necklace-51187\\\/#breadcrumb\"},\"inLanguage\":\"de\",\"potentialAction\":[{\"@type\":\"ReadAction\",\"target\":[\"https:\\\/\\\/www.purejewels.com\\\/product\\\/22ct-yellow-gold-green-cz-stone-necklace-51187\\\/\"]}]},{\"@type\":\"ImageObject\",\"inLanguage\":\"de\",\"@id\":\"https:\\\/\\\/www.purejewels.com\\\/product\\\/22ct-yellow-gold-green-cz-stone-necklace-51187\\\/#primaryimage\",\"url\":\"https:\\\/\\\/static.purejewels.com\\\/wp-content\\\/uploads\\\/2025\\\/10\\\/sku-51187.jpg\",\"contentUrl\":\"https:\\\/\\\/static.purejewels.com\\\/wp-content\\\/uploads\\\/2025\\\/10\\\/sku-51187.jpg\",\"width\":1000,\"height\":1000,\"caption\":\"22ct Yellow Gold Green CZ Stone Necklace\"},{\"@type\":\"BreadcrumbList\",\"@id\":\"https:\\\/\\\/www.purejewels.com\\\/product\\\/22ct-yellow-gold-green-cz-stone-necklace-51187\\\/#breadcrumb\",\"itemListElement\":[{\"@type\":\"ListItem\",\"position\":1,\"name\":\"Home\",\"item\":\"https:\\\/\\\/www.purejewels.com\\\/\"},{\"@type\":\"ListItem\",\"position\":2,\"name\":\"Shop\",\"item\":\"https:\\\/\\\/www.purejewels.com\\\/shop\\\/\"},{\"@type\":\"ListItem\",\"position\":3,\"name\":\"22ct Yellow Gold Green CZ Stone Necklace\"}]},{\"@type\":\"WebSite\",\"@id\":\"https:\\\/\\\/www.purejewels.com\\\/#website\",\"url\":\"https:\\\/\\\/www.purejewels.com\\\/\",\"name\":\"PureJewels UK\",\"description\":\"Share the Love\",\"publisher\":{\"@id\":\"https:\\\/\\\/www.purejewels.com\\\/#organization\"},\"potentialAction\":[{\"@type\":\"SearchAction\",\"target\":{\"@type\":\"EntryPoint\",\"urlTemplate\":\"https:\\\/\\\/www.purejewels.com\\\/?s={search_term_string}\"},\"query-input\":{\"@type\":\"PropertyValueSpecification\",\"valueRequired\":true,\"valueName\":\"search_term_string\"}}],\"inLanguage\":\"de\"},{\"@type\":\"Organization\",\"@id\":\"https:\\\/\\\/www.purejewels.com\\\/#organization\",\"name\":\"PureJewels UK\",\"url\":\"https:\\\/\\\/www.purejewels.com\\\/\",\"logo\":{\"@type\":\"ImageObject\",\"inLanguage\":\"de\",\"@id\":\"https:\\\/\\\/www.purejewels.com\\\/#\\\/schema\\\/logo\\\/image\\\/\",\"url\":\"https:\\\/\\\/static.purejewels.com\\\/wp-content\\\/uploads\\\/2020\\\/11\\\/Logo-PJ-New-1.png\",\"contentUrl\":\"https:\\\/\\\/static.purejewels.com\\\/wp-content\\\/uploads\\\/2020\\\/11\\\/Logo-PJ-New-1.png\",\"width\":150,\"height\":80,\"caption\":\"PureJewels UK\"},\"image\":{\"@id\":\"https:\\\/\\\/www.purejewels.com\\\/#\\\/schema\\\/logo\\\/image\\\/\"}}]}<\/script>\n<!-- \/ Yoast SEO plugin. -->","yoast_head_json":{"title":"22ct Gelbgold Gr\u00fcn CZ Stein Halskette | Elegantes Blatt Design","description":"Shoppen Sie die 22ct Gelbgold Gr\u00fcn CZ Stein Halskette von PureJewels. Inspiriert von der Natur mit Blattmotiven und gr\u00fcnen Zirkonia. Gepunzt und handgefertigt in Gold.","robots":{"index":"index","follow":"follow","max-snippet":"max-snippet:-1","max-image-preview":"max-image-preview:large","max-video-preview":"max-video-preview:-1"},"canonical":"https:\/\/www.purejewels.com\/de\/produkt-2\/22-kt-gelbgold-grun-cz-stein-halskette-51187\/","og_locale":"de_DE","og_type":"article","og_title":"22ct Yellow Gold Green CZ Stone Necklace | Elegant Leaf Design","og_description":"Shop the 22ct Yellow Gold Green CZ Stone Necklace by PureJewels. Inspired by nature with leaf motifs and green cubic zirconia. Hallmarked and handcrafted in gold.","og_url":"https:\/\/www.purejewels.com\/de\/produkt-2\/22-kt-gelbgold-grun-cz-stein-halskette-51187\/","og_site_name":"PureJewels UK","article_modified_time":"2026-01-06T09:20:47+00:00","og_image":[{"width":1000,"height":1000,"url":"https:\/\/www.purejewels.com\/wp-content\/uploads\/2025\/10\/sku-51187.jpg","type":"image\/jpeg"}],"twitter_card":"summary_large_image","twitter_misc":{"Gesch\u00e4tzte Lesezeit":"1\u00a0Minute"},"schema":{"@context":"https:\/\/schema.org","@graph":[{"@type":["WebPage","ItemPage"],"@id":"https:\/\/www.purejewels.com\/product\/22ct-yellow-gold-green-cz-stone-necklace-51187\/","url":"https:\/\/www.purejewels.com\/product\/22ct-yellow-gold-green-cz-stone-necklace-51187\/","name":"22ct Gelbgold Gr\u00fcn CZ Stein Halskette | Elegantes Blatt Design","isPartOf":{"@id":"https:\/\/www.purejewels.com\/#website"},"primaryImageOfPage":{"@id":"https:\/\/www.purejewels.com\/product\/22ct-yellow-gold-green-cz-stone-necklace-51187\/#primaryimage"},"image":{"@id":"https:\/\/www.purejewels.com\/product\/22ct-yellow-gold-green-cz-stone-necklace-51187\/#primaryimage"},"thumbnailUrl":"https:\/\/static.purejewels.com\/wp-content\/uploads\/2025\/10\/sku-51187.jpg","datePublished":"2025-11-10T07:03:43+00:00","dateModified":"2026-01-06T09:20:47+00:00","description":"Shoppen Sie die 22ct Gelbgold Gr\u00fcn CZ Stein Halskette von PureJewels. Inspiriert von der Natur mit Blattmotiven und gr\u00fcnen Zirkonia. Gepunzt und handgefertigt in Gold.","breadcrumb":{"@id":"https:\/\/www.purejewels.com\/product\/22ct-yellow-gold-green-cz-stone-necklace-51187\/#breadcrumb"},"inLanguage":"de","potentialAction":[{"@type":"ReadAction","target":["https:\/\/www.purejewels.com\/product\/22ct-yellow-gold-green-cz-stone-necklace-51187\/"]}]},{"@type":"ImageObject","inLanguage":"de","@id":"https:\/\/www.purejewels.com\/product\/22ct-yellow-gold-green-cz-stone-necklace-51187\/#primaryimage","url":"https:\/\/static.purejewels.com\/wp-content\/uploads\/2025\/10\/sku-51187.jpg","contentUrl":"https:\/\/static.purejewels.com\/wp-content\/uploads\/2025\/10\/sku-51187.jpg","width":1000,"height":1000,"caption":"22ct Yellow Gold Green CZ Stone Necklace"},{"@type":"BreadcrumbList","@id":"https:\/\/www.purejewels.com\/product\/22ct-yellow-gold-green-cz-stone-necklace-51187\/#breadcrumb","itemListElement":[{"@type":"ListItem","position":1,"name":"Home","item":"https:\/\/www.purejewels.com\/"},{"@type":"ListItem","position":2,"name":"Shop","item":"https:\/\/www.purejewels.com\/shop\/"},{"@type":"ListItem","position":3,"name":"22ct Yellow Gold Green CZ Stone Necklace"}]},{"@type":"WebSite","@id":"https:\/\/www.purejewels.com\/#website","url":"https:\/\/www.purejewels.com\/","name":"PureJewels UK","description":"Teile die Liebe","publisher":{"@id":"https:\/\/www.purejewels.com\/#organization"},"potentialAction":[{"@type":"SearchAction","target":{"@type":"EntryPoint","urlTemplate":"https:\/\/www.purejewels.com\/?s={search_term_string}"},"query-input":{"@type":"PropertyValueSpecification","valueRequired":true,"valueName":"search_term_string"}}],"inLanguage":"de"},{"@type":"Organization","@id":"https:\/\/www.purejewels.com\/#organization","name":"PureJewels UK","url":"https:\/\/www.purejewels.com\/","logo":{"@type":"ImageObject","inLanguage":"de","@id":"https:\/\/www.purejewels.com\/#\/schema\/logo\/image\/","url":"https:\/\/static.purejewels.com\/wp-content\/uploads\/2020\/11\/Logo-PJ-New-1.png","contentUrl":"https:\/\/static.purejewels.com\/wp-content\/uploads\/2020\/11\/Logo-PJ-New-1.png","width":150,"height":80,"caption":"PureJewels UK"},"image":{"@id":"https:\/\/www.purejewels.com\/#\/schema\/logo\/image\/"}}]}},"_links":{"self":[{"href":"https:\/\/www.purejewels.com\/de\/wp-json\/wp\/v2\/product\/419749","targetHints":{"allow":["GET"]}}],"collection":[{"href":"https:\/\/www.purejewels.com\/de\/wp-json\/wp\/v2\/product"}],"about":[{"href":"https:\/\/www.purejewels.com\/de\/wp-json\/wp\/v2\/types\/product"}],"replies":[{"embeddable":true,"href":"https:\/\/www.purejewels.com\/de\/wp-json\/wp\/v2\/comments?post=419749"}],"version-history":[{"count":3,"href":"https:\/\/www.purejewels.com\/de\/wp-json\/wp\/v2\/product\/419749\/revisions"}],"predecessor-version":[{"id":419763,"href":"https:\/\/www.purejewels.com\/de\/wp-json\/wp\/v2\/product\/419749\/revisions\/419763"}],"wp:featuredmedia":[{"embeddable":true,"href":"https:\/\/www.purejewels.com\/de\/wp-json\/wp\/v2\/media\/419759"}],"wp:attachment":[{"href":"https:\/\/www.purejewels.com\/de\/wp-json\/wp\/v2\/media?parent=419749"}],"wp:term":[{"taxonomy":"product_brand","embeddable":true,"href":"https:\/\/www.purejewels.com\/de\/wp-json\/wp\/v2\/product_brand?post=419749"},{"taxonomy":"product_cat","embeddable":true,"href":"https:\/\/www.purejewels.com\/de\/wp-json\/wp\/v2\/product_cat?post=419749"},{"taxonomy":"product_tag","embeddable":true,"href":"https:\/\/www.purejewels.com\/de\/wp-json\/wp\/v2\/product_tag?post=419749"}],"curies":[{"name":"wp","href":"https:\/\/api.w.org\/{rel}","templated":true}]}}