{"id":422954,"date":"2025-12-11T07:15:45","date_gmt":"2025-12-11T07:15:45","guid":{"rendered":"https:\/\/www.purejewels.com\/?post_type=product&#038;p=422954"},"modified":"2026-01-06T05:35:01","modified_gmt":"2026-01-06T05:35:01","slug":"ohrstecker-mit-22-karat-goldgranulat-53576","status":"publish","type":"product","link":"https:\/\/www.purejewels.com\/de\/product\/22ct-gold-granule-stud-earrings-53576\/","title":{"rendered":"22 Karat Gold Granulat Ohrstecker"},"content":{"rendered":"<h3 data-start=\"762\" data-end=\"778\"><strong data-start=\"766\" data-end=\"776\">Gestaltung<\/strong><\/h3>\n<p data-start=\"779\" data-end=\"1111\">Diese Ohrringe sind von der traditionellen Goldgranulation inspiriert und bilden eine zarte florale Silhouette aus sanften Kurven und winzigen Goldperlen. Die abgerundete Mitte und die strukturierten Details sorgen f\u00fcr einen weichen, skulpturalen Look, der das Licht wundersch\u00f6n reflektiert. Durch ihre kompakte Form wirken sie raffiniert, anmutig und eignen sich perfekt f\u00fcr den Alltag.<\/p>\n<h3 data-start=\"1113\" data-end=\"1136\"><strong data-start=\"1117\" data-end=\"1134\">Handwerkliches K\u00f6nnen<\/strong><\/h3>\n<p data-start=\"1137\" data-end=\"1455\">Jeder Ohrstecker ist aus reinem 22-kar\u00e4tigem Gold gefertigt und zeichnet sich durch pr\u00e4zise Granulatplatzierung und ausgewogene Symmetrie aus. Die glatt polierte Kuppel kontrastiert mit den strukturierten Motiven und unterstreicht die Kunstfertigkeit des Designs. Jedes Paar ist in Gro\u00dfbritannien punziert, was die zertifizierte Reinheit und das Bekenntnis von PureJewels zu authentischer Handwerkskunst garantiert.<\/p>\n<h3 data-start=\"1457\" data-end=\"1484\"><strong data-start=\"1461\" data-end=\"1482\">Styling &amp; Geschenkartikel<\/strong><\/h3>\n<p data-start=\"1485\" data-end=\"1802\">Diese Ohrstecker sind perfekt f\u00fcr den eleganten Alltag und lassen sich m\u00fchelos mit hellgoldenen Ketten, Armreifen oder traditionellen Schmuckst\u00fccken kombinieren. Ihre klassische Form passt sowohl zu modernen als auch zu traditionellen Outfits und macht sie zu einem idealen Geschenk f\u00fcr Geburtstage, Feste oder Jubil\u00e4en. Eine zeitlose Erg\u00e4nzung f\u00fcr jede Schmuckkollektion.<\/p>","protected":false},"excerpt":{"rendered":"<p>Klassische Ohrstecker aus 22 Karat Gold mit traditionellen Granulatdetails und einer weichen, von Blumen inspirierten Form. Ein zeitloses Paar f\u00fcr allt\u00e4gliche Eleganz oder als Geschenk.<\/p>\n<ul>\n<li><strong>Material:<\/strong> 22ct Gold (91,6% reines Gold)<\/li>\n<li><strong>Wahrzeichen: <\/strong>Britisches G\u00fctesiegel<\/li>\n<li><strong>Bruttogewicht: <\/strong>1.2 Gms<\/li>\n<li><strong>SKU: <\/strong>53576<\/li>\n<\/ul>\n<p><strong><br \/>\nPreis und Lieferung: <\/strong>Inklusive Mehrwertsteuer und Lieferkosten<br \/>\n<strong><a href=\"https:\/\/www.purejewels.com\/de\/ruckgabepolitik\/\">R\u00fcckgabepolitik<\/a><\/strong><\/p>","protected":false},"featured_media":422956,"comment_status":"closed","ping_status":"closed","template":"","meta":{"_eb_attr":"","_crsspst_to_jayantr4sg-hostcom":true},"product_brand":[],"product_cat":[1559,1576,1794,1793,1792,1790,1254,1229,5342,5599,5943,5338,1577,1575,1574,5349],"product_tag":[],"class_list":{"0":"post-422954","1":"product","2":"type-product","3":"status-publish","4":"has-post-thumbnail","6":"product_cat-birthday-gifts","7":"product_cat-childrens-jewellery","8":"product_cat-christmas-gifts","9":"product_cat-diwali-gifts","10":"product_cat-festival-gifts","11":"product_cat-for-whom-when","12":"product_cat-gold-earrings","13":"product_cat-22ct-gold-jewellery","14":"product_cat-jewellery-under-250","15":"product_cat-baby-earring","16":"product_cat-kids-jewellery","17":"product_cat-shop-by-price","18":"product_cat-stud-earrings","19":"product_cat-teenage-jewellery","20":"product_cat-womens-jewellery","21":"product_cat-yellow-gold-jewellery","23":"first","24":"outofstock","25":"taxable","26":"shipping-taxable","27":"product-type-simple","28":"add-to-wishlist-before_image"},"yoast_head":"<!-- This site is optimized with the Yoast SEO plugin v27.5 - https:\/\/yoast.com\/product\/yoast-seo-wordpress\/ -->\n<title>Women\u2019s 22ct Gold Traditional Granule Studs | PureJewels UK<\/title>\n<meta name=\"description\" content=\"22ct gold stud earrings with traditional granule detailing and a classic floral form. UK hallmarked and crafted for elegant daily wear.\" \/>\n<meta name=\"robots\" content=\"index, follow, max-snippet:-1, max-image-preview:large, max-video-preview:-1\" \/>\n<link rel=\"canonical\" href=\"https:\/\/www.purejewels.com\/de\/produkt-2\/ohrstecker-mit-22-karat-goldgranulat-53576\/\" \/>\n<meta property=\"og:locale\" content=\"de_DE\" \/>\n<meta property=\"og:type\" content=\"article\" \/>\n<meta property=\"og:title\" content=\"Women\u2019s 22ct Gold Traditional Granule Studs | PureJewels UK\" \/>\n<meta property=\"og:description\" content=\"22ct gold stud earrings with traditional granule detailing and a classic floral form. UK hallmarked and crafted for elegant daily wear.\" \/>\n<meta property=\"og:url\" content=\"https:\/\/www.purejewels.com\/de\/produkt-2\/ohrstecker-mit-22-karat-goldgranulat-53576\/\" \/>\n<meta property=\"og:site_name\" content=\"PureJewels UK\" \/>\n<meta property=\"article:modified_time\" content=\"2026-01-06T05:35:01+00:00\" \/>\n<meta property=\"og:image\" content=\"https:\/\/static.purejewels.com\/wp-content\/uploads\/2025\/12\/SKU-53576.jpg\" \/>\n\t<meta property=\"og:image:width\" content=\"1000\" \/>\n\t<meta property=\"og:image:height\" content=\"1000\" \/>\n\t<meta property=\"og:image:type\" content=\"image\/jpeg\" \/>\n<meta name=\"twitter:card\" content=\"summary_large_image\" \/>\n<meta name=\"twitter:label1\" content=\"Gesch\u00e4tzte Lesezeit\" \/>\n\t<meta name=\"twitter:data1\" content=\"1\u00a0Minute\" \/>\n<script type=\"application\/ld+json\" class=\"yoast-schema-graph\">{\"@context\":\"https:\\\/\\\/schema.org\",\"@graph\":[{\"@type\":[\"WebPage\",\"ItemPage\"],\"@id\":\"https:\\\/\\\/www.purejewels.com\\\/product\\\/22ct-gold-granule-stud-earrings-53576\\\/\",\"url\":\"https:\\\/\\\/www.purejewels.com\\\/product\\\/22ct-gold-granule-stud-earrings-53576\\\/\",\"name\":\"Women\u2019s 22ct Gold Traditional Granule Studs | PureJewels UK\",\"isPartOf\":{\"@id\":\"https:\\\/\\\/www.purejewels.com\\\/#website\"},\"primaryImageOfPage\":{\"@id\":\"https:\\\/\\\/www.purejewels.com\\\/product\\\/22ct-gold-granule-stud-earrings-53576\\\/#primaryimage\"},\"image\":{\"@id\":\"https:\\\/\\\/www.purejewels.com\\\/product\\\/22ct-gold-granule-stud-earrings-53576\\\/#primaryimage\"},\"thumbnailUrl\":\"https:\\\/\\\/static.purejewels.com\\\/wp-content\\\/uploads\\\/2025\\\/12\\\/SKU-53576.jpg\",\"datePublished\":\"2025-12-11T07:15:45+00:00\",\"dateModified\":\"2026-01-06T05:35:01+00:00\",\"description\":\"22ct gold stud earrings with traditional granule detailing and a classic floral form. UK hallmarked and crafted for elegant daily wear.\",\"breadcrumb\":{\"@id\":\"https:\\\/\\\/www.purejewels.com\\\/product\\\/22ct-gold-granule-stud-earrings-53576\\\/#breadcrumb\"},\"inLanguage\":\"de\",\"potentialAction\":[{\"@type\":\"ReadAction\",\"target\":[\"https:\\\/\\\/www.purejewels.com\\\/product\\\/22ct-gold-granule-stud-earrings-53576\\\/\"]}]},{\"@type\":\"ImageObject\",\"inLanguage\":\"de\",\"@id\":\"https:\\\/\\\/www.purejewels.com\\\/product\\\/22ct-gold-granule-stud-earrings-53576\\\/#primaryimage\",\"url\":\"https:\\\/\\\/static.purejewels.com\\\/wp-content\\\/uploads\\\/2025\\\/12\\\/SKU-53576.jpg\",\"contentUrl\":\"https:\\\/\\\/static.purejewels.com\\\/wp-content\\\/uploads\\\/2025\\\/12\\\/SKU-53576.jpg\",\"width\":1000,\"height\":1000,\"caption\":\"22ct Gold Granule Stud Earrings\"},{\"@type\":\"BreadcrumbList\",\"@id\":\"https:\\\/\\\/www.purejewels.com\\\/product\\\/22ct-gold-granule-stud-earrings-53576\\\/#breadcrumb\",\"itemListElement\":[{\"@type\":\"ListItem\",\"position\":1,\"name\":\"Home\",\"item\":\"https:\\\/\\\/www.purejewels.com\\\/\"},{\"@type\":\"ListItem\",\"position\":2,\"name\":\"Shop\",\"item\":\"https:\\\/\\\/www.purejewels.com\\\/shop\\\/\"},{\"@type\":\"ListItem\",\"position\":3,\"name\":\"22ct Gold Granule Stud Earrings\"}]},{\"@type\":\"WebSite\",\"@id\":\"https:\\\/\\\/www.purejewels.com\\\/#website\",\"url\":\"https:\\\/\\\/www.purejewels.com\\\/\",\"name\":\"PureJewels UK\",\"description\":\"Share the Love\",\"publisher\":{\"@id\":\"https:\\\/\\\/www.purejewels.com\\\/#organization\"},\"potentialAction\":[{\"@type\":\"SearchAction\",\"target\":{\"@type\":\"EntryPoint\",\"urlTemplate\":\"https:\\\/\\\/www.purejewels.com\\\/?s={search_term_string}\"},\"query-input\":{\"@type\":\"PropertyValueSpecification\",\"valueRequired\":true,\"valueName\":\"search_term_string\"}}],\"inLanguage\":\"de\"},{\"@type\":\"Organization\",\"@id\":\"https:\\\/\\\/www.purejewels.com\\\/#organization\",\"name\":\"PureJewels UK\",\"url\":\"https:\\\/\\\/www.purejewels.com\\\/\",\"logo\":{\"@type\":\"ImageObject\",\"inLanguage\":\"de\",\"@id\":\"https:\\\/\\\/www.purejewels.com\\\/#\\\/schema\\\/logo\\\/image\\\/\",\"url\":\"https:\\\/\\\/static.purejewels.com\\\/wp-content\\\/uploads\\\/2020\\\/11\\\/Logo-PJ-New-1.png\",\"contentUrl\":\"https:\\\/\\\/static.purejewels.com\\\/wp-content\\\/uploads\\\/2020\\\/11\\\/Logo-PJ-New-1.png\",\"width\":150,\"height\":80,\"caption\":\"PureJewels UK\"},\"image\":{\"@id\":\"https:\\\/\\\/www.purejewels.com\\\/#\\\/schema\\\/logo\\\/image\\\/\"}}]}<\/script>\n<!-- \/ Yoast SEO plugin. -->","yoast_head_json":{"title":"Traditionelle Granulat-Ohrstecker f\u00fcr Damen aus 22 Karat Gold | PureJewels UK","description":"22 Karat Gold-Ohrstecker mit traditionellen Granulatdetails und klassischer Blumenform. Mit britischer Punzierung und f\u00fcr elegantes t\u00e4gliches Tragen gefertigt.","robots":{"index":"index","follow":"follow","max-snippet":"max-snippet:-1","max-image-preview":"max-image-preview:large","max-video-preview":"max-video-preview:-1"},"canonical":"https:\/\/www.purejewels.com\/de\/produkt-2\/ohrstecker-mit-22-karat-goldgranulat-53576\/","og_locale":"de_DE","og_type":"article","og_title":"Women\u2019s 22ct Gold Traditional Granule Studs | PureJewels UK","og_description":"22ct gold stud earrings with traditional granule detailing and a classic floral form. UK hallmarked and crafted for elegant daily wear.","og_url":"https:\/\/www.purejewels.com\/de\/produkt-2\/ohrstecker-mit-22-karat-goldgranulat-53576\/","og_site_name":"PureJewels UK","article_modified_time":"2026-01-06T05:35:01+00:00","og_image":[{"width":1000,"height":1000,"url":"https:\/\/static.purejewels.com\/wp-content\/uploads\/2025\/12\/SKU-53576.jpg","type":"image\/jpeg"}],"twitter_card":"summary_large_image","twitter_misc":{"Gesch\u00e4tzte Lesezeit":"1\u00a0Minute"},"schema":{"@context":"https:\/\/schema.org","@graph":[{"@type":["WebPage","ItemPage"],"@id":"https:\/\/www.purejewels.com\/product\/22ct-gold-granule-stud-earrings-53576\/","url":"https:\/\/www.purejewels.com\/product\/22ct-gold-granule-stud-earrings-53576\/","name":"Traditionelle Granulat-Ohrstecker f\u00fcr Damen aus 22 Karat Gold | PureJewels UK","isPartOf":{"@id":"https:\/\/www.purejewels.com\/#website"},"primaryImageOfPage":{"@id":"https:\/\/www.purejewels.com\/product\/22ct-gold-granule-stud-earrings-53576\/#primaryimage"},"image":{"@id":"https:\/\/www.purejewels.com\/product\/22ct-gold-granule-stud-earrings-53576\/#primaryimage"},"thumbnailUrl":"https:\/\/static.purejewels.com\/wp-content\/uploads\/2025\/12\/SKU-53576.jpg","datePublished":"2025-12-11T07:15:45+00:00","dateModified":"2026-01-06T05:35:01+00:00","description":"22 Karat Gold-Ohrstecker mit traditionellen Granulatdetails und klassischer Blumenform. Mit britischer Punzierung und f\u00fcr elegantes t\u00e4gliches Tragen gefertigt.","breadcrumb":{"@id":"https:\/\/www.purejewels.com\/product\/22ct-gold-granule-stud-earrings-53576\/#breadcrumb"},"inLanguage":"de","potentialAction":[{"@type":"ReadAction","target":["https:\/\/www.purejewels.com\/product\/22ct-gold-granule-stud-earrings-53576\/"]}]},{"@type":"ImageObject","inLanguage":"de","@id":"https:\/\/www.purejewels.com\/product\/22ct-gold-granule-stud-earrings-53576\/#primaryimage","url":"https:\/\/static.purejewels.com\/wp-content\/uploads\/2025\/12\/SKU-53576.jpg","contentUrl":"https:\/\/static.purejewels.com\/wp-content\/uploads\/2025\/12\/SKU-53576.jpg","width":1000,"height":1000,"caption":"22ct Gold Granule Stud Earrings"},{"@type":"BreadcrumbList","@id":"https:\/\/www.purejewels.com\/product\/22ct-gold-granule-stud-earrings-53576\/#breadcrumb","itemListElement":[{"@type":"ListItem","position":1,"name":"Home","item":"https:\/\/www.purejewels.com\/"},{"@type":"ListItem","position":2,"name":"Shop","item":"https:\/\/www.purejewels.com\/shop\/"},{"@type":"ListItem","position":3,"name":"22ct Gold Granule Stud Earrings"}]},{"@type":"WebSite","@id":"https:\/\/www.purejewels.com\/#website","url":"https:\/\/www.purejewels.com\/","name":"PureJewels UK","description":"Teile die Liebe","publisher":{"@id":"https:\/\/www.purejewels.com\/#organization"},"potentialAction":[{"@type":"SearchAction","target":{"@type":"EntryPoint","urlTemplate":"https:\/\/www.purejewels.com\/?s={search_term_string}"},"query-input":{"@type":"PropertyValueSpecification","valueRequired":true,"valueName":"search_term_string"}}],"inLanguage":"de"},{"@type":"Organization","@id":"https:\/\/www.purejewels.com\/#organization","name":"PureJewels UK","url":"https:\/\/www.purejewels.com\/","logo":{"@type":"ImageObject","inLanguage":"de","@id":"https:\/\/www.purejewels.com\/#\/schema\/logo\/image\/","url":"https:\/\/static.purejewels.com\/wp-content\/uploads\/2020\/11\/Logo-PJ-New-1.png","contentUrl":"https:\/\/static.purejewels.com\/wp-content\/uploads\/2020\/11\/Logo-PJ-New-1.png","width":150,"height":80,"caption":"PureJewels UK"},"image":{"@id":"https:\/\/www.purejewels.com\/#\/schema\/logo\/image\/"}}]}},"_links":{"self":[{"href":"https:\/\/www.purejewels.com\/de\/wp-json\/wp\/v2\/product\/422954","targetHints":{"allow":["GET"]}}],"collection":[{"href":"https:\/\/www.purejewels.com\/de\/wp-json\/wp\/v2\/product"}],"about":[{"href":"https:\/\/www.purejewels.com\/de\/wp-json\/wp\/v2\/types\/product"}],"replies":[{"embeddable":true,"href":"https:\/\/www.purejewels.com\/de\/wp-json\/wp\/v2\/comments?post=422954"}],"version-history":[{"count":1,"href":"https:\/\/www.purejewels.com\/de\/wp-json\/wp\/v2\/product\/422954\/revisions"}],"predecessor-version":[{"id":422958,"href":"https:\/\/www.purejewels.com\/de\/wp-json\/wp\/v2\/product\/422954\/revisions\/422958"}],"wp:featuredmedia":[{"embeddable":true,"href":"https:\/\/www.purejewels.com\/de\/wp-json\/wp\/v2\/media\/422956"}],"wp:attachment":[{"href":"https:\/\/www.purejewels.com\/de\/wp-json\/wp\/v2\/media?parent=422954"}],"wp:term":[{"taxonomy":"product_brand","embeddable":true,"href":"https:\/\/www.purejewels.com\/de\/wp-json\/wp\/v2\/product_brand?post=422954"},{"taxonomy":"product_cat","embeddable":true,"href":"https:\/\/www.purejewels.com\/de\/wp-json\/wp\/v2\/product_cat?post=422954"},{"taxonomy":"product_tag","embeddable":true,"href":"https:\/\/www.purejewels.com\/de\/wp-json\/wp\/v2\/product_tag?post=422954"}],"curies":[{"name":"wp","href":"https:\/\/api.w.org\/{rel}","templated":true}]}}