{"id":422959,"date":"2025-12-11T07:59:09","date_gmt":"2025-12-11T07:59:09","guid":{"rendered":"https:\/\/www.purejewels.com\/?post_type=product&#038;p=422959"},"modified":"2026-02-04T06:41:18","modified_gmt":"2026-02-04T06:41:18","slug":"22-karat-gold-filigrane-bluten-ohrstecker-53579","status":"publish","type":"product","link":"https:\/\/www.purejewels.com\/de\/product\/22ct-gold-filigree-blossom-stud-earrings-53579\/","title":{"rendered":"22 Karat Gold Filigran Bl\u00fcten Ohrstecker"},"content":{"rendered":"<h3 data-start=\"778\" data-end=\"794\"><strong data-start=\"782\" data-end=\"792\">Gestaltung<\/strong><\/h3>\n<p data-start=\"795\" data-end=\"1135\">Diese Ohrringe sind von traditionellen Blumenmotiven inspiriert und haben die Form einer zarten Bl\u00fcte, die durch filigrane Strukturen und polierte Granulatakzente bereichert wird. Die mehrschichtige Bl\u00fctenblattstruktur schafft Tiefe und Dimension und verleiht den Ohrringen einen raffinierten und dennoch ausdrucksstarken Charakter. Durch ihre kompakte Silhouette eignen sie sich ideal f\u00fcr den eleganten Alltag.<\/p>\n<h3 data-start=\"1137\" data-end=\"1160\"><strong data-start=\"1141\" data-end=\"1158\">Handwerkliches K\u00f6nnen<\/strong><\/h3>\n<p data-start=\"1161\" data-end=\"1526\">Jeder Ohrring ist aus strahlendem 22-kar\u00e4tigem Gold gefertigt und zeichnet sich durch pr\u00e4zise Texturierung, glatte Konturen und symmetrische Details aus. Die Granulat-Elemente sind sorgf\u00e4ltig platziert, um die klassischen Traditionen der indischen Goldschmiedekunst widerzuspiegeln, w\u00e4hrend die polierten Oberfl\u00e4chen die W\u00e4rme des 22-kar\u00e4tigen Goldes unterstreichen. Mit dem britischen Feingehaltsstempel versehen, spiegeln sie das Bekenntnis von PureJewels zu Reinheit und sorgf\u00e4ltiger Handwerkskunst wider.<\/p>\n<h3 data-start=\"1528\" data-end=\"1555\"><strong data-start=\"1532\" data-end=\"1553\">Styling &amp; Geschenkartikel<\/strong><\/h3>\n<p data-start=\"1556\" data-end=\"1895\">Diese Bl\u00fctenohrstecker passen sowohl zu modernen Outfits als auch zu traditioneller Kleidung. Tragen Sie sie allein f\u00fcr einen dezenten goldenen Glanz oder kombinieren Sie sie mit feinen Goldketten und Armreifen f\u00fcr einen abgestimmten Look. Sie sind ein durchdachtes Geschenk f\u00fcr Geburtstage, Feste oder Jubil\u00e4en und bieten Charme, Tradition und allt\u00e4gliche Raffinesse.<\/p>","protected":false},"excerpt":{"rendered":"<p>Elegante Ohrstecker aus 22 Karat Gold mit zarten, filigranen Bl\u00fctenbl\u00e4ttern und feinen Granulatdetails. Ein zeitloses Blumenpaar, perfekt f\u00fcr den Alltag oder als Geschenk.<\/p>\n<ul>\n<li><strong>Material:<\/strong> 22ct Gold (91,6% reines Gold)<\/li>\n<li><strong>Wahrzeichen: <\/strong>Britisches G\u00fctesiegel<\/li>\n<li><strong>Bruttogewicht: <\/strong>1.4 Gms<\/li>\n<li><strong>SKU: <\/strong>53579<\/li>\n<\/ul>\n<p><strong><br \/>\nPreis und Lieferung: <\/strong>Inklusive Mehrwertsteuer und Lieferkosten<br \/>\n<strong><a href=\"https:\/\/www.purejewels.com\/de\/ruckgabepolitik\/\">R\u00fcckgabepolitik<\/a><\/strong><\/p>","protected":false},"featured_media":422960,"comment_status":"closed","ping_status":"closed","template":"","meta":{"_eb_attr":"","_crsspst_to_jayantr4sg-hostcom":true},"product_brand":[],"product_cat":[1559,1576,1794,1793,1792,1790,1254,1229,5343,5599,5943,5338,1577,1575,1574,5349],"product_tag":[],"class_list":{"0":"post-422959","1":"product","2":"type-product","3":"status-publish","4":"has-post-thumbnail","6":"product_cat-birthday-gifts","7":"product_cat-childrens-jewellery","8":"product_cat-christmas-gifts","9":"product_cat-diwali-gifts","10":"product_cat-festival-gifts","11":"product_cat-for-whom-when","12":"product_cat-gold-earrings","13":"product_cat-22ct-gold-jewellery","14":"product_cat-jewellery-under-550","15":"product_cat-baby-earring","16":"product_cat-kids-jewellery","17":"product_cat-shop-by-price","18":"product_cat-stud-earrings","19":"product_cat-teenage-jewellery","20":"product_cat-womens-jewellery","21":"product_cat-yellow-gold-jewellery","23":"first","24":"outofstock","25":"taxable","26":"shipping-taxable","27":"product-type-simple","28":"add-to-wishlist-before_image"},"yoast_head":"<!-- This site is optimized with the Yoast SEO plugin v27.3 - https:\/\/yoast.com\/product\/yoast-seo-wordpress\/ -->\n<title>Women\u2019s 22ct Gold Floral Filigree Stud Earrings | PureJewels UK<\/title>\n<meta name=\"description\" content=\"22ct gold floral stud earrings with detailed filigree work and granule accents. UK hallmarked and crafted for elegant daily wear.\" \/>\n<meta name=\"robots\" content=\"index, follow, max-snippet:-1, max-image-preview:large, max-video-preview:-1\" \/>\n<link rel=\"canonical\" href=\"https:\/\/www.purejewels.com\/de\/produkt-2\/22-karat-gold-filigrane-bluten-ohrstecker-53579\/\" \/>\n<meta property=\"og:locale\" content=\"de_DE\" \/>\n<meta property=\"og:type\" content=\"article\" \/>\n<meta property=\"og:title\" content=\"Women\u2019s 22ct Gold Floral Filigree Stud Earrings | PureJewels UK\" \/>\n<meta property=\"og:description\" content=\"22ct gold floral stud earrings with detailed filigree work and granule accents. UK hallmarked and crafted for elegant daily wear.\" \/>\n<meta property=\"og:url\" content=\"https:\/\/www.purejewels.com\/de\/produkt-2\/22-karat-gold-filigrane-bluten-ohrstecker-53579\/\" \/>\n<meta property=\"og:site_name\" content=\"PureJewels UK\" \/>\n<meta property=\"article:modified_time\" content=\"2026-02-04T06:41:18+00:00\" \/>\n<meta property=\"og:image\" content=\"https:\/\/static.purejewels.com\/wp-content\/uploads\/2025\/12\/SKU-53579.jpg\" \/>\n\t<meta property=\"og:image:width\" content=\"1000\" \/>\n\t<meta property=\"og:image:height\" content=\"1000\" \/>\n\t<meta property=\"og:image:type\" content=\"image\/jpeg\" \/>\n<meta name=\"twitter:card\" content=\"summary_large_image\" \/>\n<meta name=\"twitter:label1\" content=\"Gesch\u00e4tzte Lesezeit\" \/>\n\t<meta name=\"twitter:data1\" content=\"1\u00a0Minute\" \/>\n<script type=\"application\/ld+json\" class=\"yoast-schema-graph\">{\"@context\":\"https:\\\/\\\/schema.org\",\"@graph\":[{\"@type\":[\"WebPage\",\"ItemPage\"],\"@id\":\"https:\\\/\\\/www.purejewels.com\\\/product\\\/22ct-gold-filigree-blossom-stud-earrings-53579\\\/\",\"url\":\"https:\\\/\\\/www.purejewels.com\\\/product\\\/22ct-gold-filigree-blossom-stud-earrings-53579\\\/\",\"name\":\"Women\u2019s 22ct Gold Floral Filigree Stud Earrings | PureJewels UK\",\"isPartOf\":{\"@id\":\"https:\\\/\\\/www.purejewels.com\\\/#website\"},\"primaryImageOfPage\":{\"@id\":\"https:\\\/\\\/www.purejewels.com\\\/product\\\/22ct-gold-filigree-blossom-stud-earrings-53579\\\/#primaryimage\"},\"image\":{\"@id\":\"https:\\\/\\\/www.purejewels.com\\\/product\\\/22ct-gold-filigree-blossom-stud-earrings-53579\\\/#primaryimage\"},\"thumbnailUrl\":\"https:\\\/\\\/static.purejewels.com\\\/wp-content\\\/uploads\\\/2025\\\/12\\\/SKU-53579.jpg\",\"datePublished\":\"2025-12-11T07:59:09+00:00\",\"dateModified\":\"2026-02-04T06:41:18+00:00\",\"description\":\"22ct gold floral stud earrings with detailed filigree work and granule accents. UK hallmarked and crafted for elegant daily wear.\",\"breadcrumb\":{\"@id\":\"https:\\\/\\\/www.purejewels.com\\\/product\\\/22ct-gold-filigree-blossom-stud-earrings-53579\\\/#breadcrumb\"},\"inLanguage\":\"de\",\"potentialAction\":[{\"@type\":\"ReadAction\",\"target\":[\"https:\\\/\\\/www.purejewels.com\\\/product\\\/22ct-gold-filigree-blossom-stud-earrings-53579\\\/\"]}]},{\"@type\":\"ImageObject\",\"inLanguage\":\"de\",\"@id\":\"https:\\\/\\\/www.purejewels.com\\\/product\\\/22ct-gold-filigree-blossom-stud-earrings-53579\\\/#primaryimage\",\"url\":\"https:\\\/\\\/static.purejewels.com\\\/wp-content\\\/uploads\\\/2025\\\/12\\\/SKU-53579.jpg\",\"contentUrl\":\"https:\\\/\\\/static.purejewels.com\\\/wp-content\\\/uploads\\\/2025\\\/12\\\/SKU-53579.jpg\",\"width\":1000,\"height\":1000,\"caption\":\"22ct Gold Filigree Blossom Stud Earrings\"},{\"@type\":\"BreadcrumbList\",\"@id\":\"https:\\\/\\\/www.purejewels.com\\\/product\\\/22ct-gold-filigree-blossom-stud-earrings-53579\\\/#breadcrumb\",\"itemListElement\":[{\"@type\":\"ListItem\",\"position\":1,\"name\":\"Home\",\"item\":\"https:\\\/\\\/www.purejewels.com\\\/\"},{\"@type\":\"ListItem\",\"position\":2,\"name\":\"Shop\",\"item\":\"https:\\\/\\\/www.purejewels.com\\\/shop\\\/\"},{\"@type\":\"ListItem\",\"position\":3,\"name\":\"22ct Gold Filigree Blossom Stud Earrings\"}]},{\"@type\":\"WebSite\",\"@id\":\"https:\\\/\\\/www.purejewels.com\\\/#website\",\"url\":\"https:\\\/\\\/www.purejewels.com\\\/\",\"name\":\"PureJewels UK\",\"description\":\"Share the Love\",\"publisher\":{\"@id\":\"https:\\\/\\\/www.purejewels.com\\\/#organization\"},\"potentialAction\":[{\"@type\":\"SearchAction\",\"target\":{\"@type\":\"EntryPoint\",\"urlTemplate\":\"https:\\\/\\\/www.purejewels.com\\\/?s={search_term_string}\"},\"query-input\":{\"@type\":\"PropertyValueSpecification\",\"valueRequired\":true,\"valueName\":\"search_term_string\"}}],\"inLanguage\":\"de\"},{\"@type\":\"Organization\",\"@id\":\"https:\\\/\\\/www.purejewels.com\\\/#organization\",\"name\":\"PureJewels UK\",\"url\":\"https:\\\/\\\/www.purejewels.com\\\/\",\"logo\":{\"@type\":\"ImageObject\",\"inLanguage\":\"de\",\"@id\":\"https:\\\/\\\/www.purejewels.com\\\/#\\\/schema\\\/logo\\\/image\\\/\",\"url\":\"https:\\\/\\\/static.purejewels.com\\\/wp-content\\\/uploads\\\/2020\\\/11\\\/Logo-PJ-New-1.png\",\"contentUrl\":\"https:\\\/\\\/static.purejewels.com\\\/wp-content\\\/uploads\\\/2020\\\/11\\\/Logo-PJ-New-1.png\",\"width\":150,\"height\":80,\"caption\":\"PureJewels UK\"},\"image\":{\"@id\":\"https:\\\/\\\/www.purejewels.com\\\/#\\\/schema\\\/logo\\\/image\\\/\"}}]}<\/script>\n<!-- \/ Yoast SEO plugin. -->","yoast_head_json":{"title":"Damen-Ohrstecker aus 22 Karat Gold mit floralem Filigranmuster | PureJewels UK","description":"22 Karat Gold Ohrstecker mit Blumenmotiv, detaillierter Filigranarbeit und Granulatakzenten. Mit britischer Punzierung und f\u00fcr elegantes t\u00e4gliches Tragen gefertigt.","robots":{"index":"index","follow":"follow","max-snippet":"max-snippet:-1","max-image-preview":"max-image-preview:large","max-video-preview":"max-video-preview:-1"},"canonical":"https:\/\/www.purejewels.com\/de\/produkt-2\/22-karat-gold-filigrane-bluten-ohrstecker-53579\/","og_locale":"de_DE","og_type":"article","og_title":"Women\u2019s 22ct Gold Floral Filigree Stud Earrings | PureJewels UK","og_description":"22ct gold floral stud earrings with detailed filigree work and granule accents. UK hallmarked and crafted for elegant daily wear.","og_url":"https:\/\/www.purejewels.com\/de\/produkt-2\/22-karat-gold-filigrane-bluten-ohrstecker-53579\/","og_site_name":"PureJewels UK","article_modified_time":"2026-02-04T06:41:18+00:00","og_image":[{"width":1000,"height":1000,"url":"https:\/\/static.purejewels.com\/wp-content\/uploads\/2025\/12\/SKU-53579.jpg","type":"image\/jpeg"}],"twitter_card":"summary_large_image","twitter_misc":{"Gesch\u00e4tzte Lesezeit":"1\u00a0Minute"},"schema":{"@context":"https:\/\/schema.org","@graph":[{"@type":["WebPage","ItemPage"],"@id":"https:\/\/www.purejewels.com\/product\/22ct-gold-filigree-blossom-stud-earrings-53579\/","url":"https:\/\/www.purejewels.com\/product\/22ct-gold-filigree-blossom-stud-earrings-53579\/","name":"Damen-Ohrstecker aus 22 Karat Gold mit floralem Filigranmuster | PureJewels UK","isPartOf":{"@id":"https:\/\/www.purejewels.com\/#website"},"primaryImageOfPage":{"@id":"https:\/\/www.purejewels.com\/product\/22ct-gold-filigree-blossom-stud-earrings-53579\/#primaryimage"},"image":{"@id":"https:\/\/www.purejewels.com\/product\/22ct-gold-filigree-blossom-stud-earrings-53579\/#primaryimage"},"thumbnailUrl":"https:\/\/static.purejewels.com\/wp-content\/uploads\/2025\/12\/SKU-53579.jpg","datePublished":"2025-12-11T07:59:09+00:00","dateModified":"2026-02-04T06:41:18+00:00","description":"22 Karat Gold Ohrstecker mit Blumenmotiv, detaillierter Filigranarbeit und Granulatakzenten. Mit britischer Punzierung und f\u00fcr elegantes t\u00e4gliches Tragen gefertigt.","breadcrumb":{"@id":"https:\/\/www.purejewels.com\/product\/22ct-gold-filigree-blossom-stud-earrings-53579\/#breadcrumb"},"inLanguage":"de","potentialAction":[{"@type":"ReadAction","target":["https:\/\/www.purejewels.com\/product\/22ct-gold-filigree-blossom-stud-earrings-53579\/"]}]},{"@type":"ImageObject","inLanguage":"de","@id":"https:\/\/www.purejewels.com\/product\/22ct-gold-filigree-blossom-stud-earrings-53579\/#primaryimage","url":"https:\/\/static.purejewels.com\/wp-content\/uploads\/2025\/12\/SKU-53579.jpg","contentUrl":"https:\/\/static.purejewels.com\/wp-content\/uploads\/2025\/12\/SKU-53579.jpg","width":1000,"height":1000,"caption":"22ct Gold Filigree Blossom Stud Earrings"},{"@type":"BreadcrumbList","@id":"https:\/\/www.purejewels.com\/product\/22ct-gold-filigree-blossom-stud-earrings-53579\/#breadcrumb","itemListElement":[{"@type":"ListItem","position":1,"name":"Home","item":"https:\/\/www.purejewels.com\/"},{"@type":"ListItem","position":2,"name":"Shop","item":"https:\/\/www.purejewels.com\/shop\/"},{"@type":"ListItem","position":3,"name":"22ct Gold Filigree Blossom Stud Earrings"}]},{"@type":"WebSite","@id":"https:\/\/www.purejewels.com\/#website","url":"https:\/\/www.purejewels.com\/","name":"PureJewels UK","description":"Teile die Liebe","publisher":{"@id":"https:\/\/www.purejewels.com\/#organization"},"potentialAction":[{"@type":"SearchAction","target":{"@type":"EntryPoint","urlTemplate":"https:\/\/www.purejewels.com\/?s={search_term_string}"},"query-input":{"@type":"PropertyValueSpecification","valueRequired":true,"valueName":"search_term_string"}}],"inLanguage":"de"},{"@type":"Organization","@id":"https:\/\/www.purejewels.com\/#organization","name":"PureJewels UK","url":"https:\/\/www.purejewels.com\/","logo":{"@type":"ImageObject","inLanguage":"de","@id":"https:\/\/www.purejewels.com\/#\/schema\/logo\/image\/","url":"https:\/\/static.purejewels.com\/wp-content\/uploads\/2020\/11\/Logo-PJ-New-1.png","contentUrl":"https:\/\/static.purejewels.com\/wp-content\/uploads\/2020\/11\/Logo-PJ-New-1.png","width":150,"height":80,"caption":"PureJewels UK"},"image":{"@id":"https:\/\/www.purejewels.com\/#\/schema\/logo\/image\/"}}]}},"_links":{"self":[{"href":"https:\/\/www.purejewels.com\/de\/wp-json\/wp\/v2\/product\/422959","targetHints":{"allow":["GET"]}}],"collection":[{"href":"https:\/\/www.purejewels.com\/de\/wp-json\/wp\/v2\/product"}],"about":[{"href":"https:\/\/www.purejewels.com\/de\/wp-json\/wp\/v2\/types\/product"}],"replies":[{"embeddable":true,"href":"https:\/\/www.purejewels.com\/de\/wp-json\/wp\/v2\/comments?post=422959"}],"version-history":[{"count":2,"href":"https:\/\/www.purejewels.com\/de\/wp-json\/wp\/v2\/product\/422959\/revisions"}],"predecessor-version":[{"id":423024,"href":"https:\/\/www.purejewels.com\/de\/wp-json\/wp\/v2\/product\/422959\/revisions\/423024"}],"wp:featuredmedia":[{"embeddable":true,"href":"https:\/\/www.purejewels.com\/de\/wp-json\/wp\/v2\/media\/422960"}],"wp:attachment":[{"href":"https:\/\/www.purejewels.com\/de\/wp-json\/wp\/v2\/media?parent=422959"}],"wp:term":[{"taxonomy":"product_brand","embeddable":true,"href":"https:\/\/www.purejewels.com\/de\/wp-json\/wp\/v2\/product_brand?post=422959"},{"taxonomy":"product_cat","embeddable":true,"href":"https:\/\/www.purejewels.com\/de\/wp-json\/wp\/v2\/product_cat?post=422959"},{"taxonomy":"product_tag","embeddable":true,"href":"https:\/\/www.purejewels.com\/de\/wp-json\/wp\/v2\/product_tag?post=422959"}],"curies":[{"name":"wp","href":"https:\/\/api.w.org\/{rel}","templated":true}]}}