{"id":422978,"date":"2025-12-11T09:27:08","date_gmt":"2025-12-11T09:27:08","guid":{"rendered":"https:\/\/www.purejewels.com\/?post_type=product&#038;p=422978"},"modified":"2026-02-06T11:51:20","modified_gmt":"2026-02-06T11:51:20","slug":"22-karat-gold-gedrehte-creolen-53058","status":"publish","type":"product","link":"https:\/\/www.purejewels.com\/de\/product\/22ct-gold-twisted-hoop-earrings-53058\/","title":{"rendered":"22 Karat Gold verdrehte Creolen"},"content":{"rendered":"<h2 data-start=\"278\" data-end=\"293\"><strong data-start=\"281\" data-end=\"291\">Gestaltung<\/strong><\/h2>\n<p data-start=\"294\" data-end=\"664\">Diese eleganten Creolen interpretieren eine klassische Silhouette neu mit einer raffinierten, gedrehten Form, die das Licht aus jedem Winkel einf\u00e4ngt. Die sanfte Kurve und die skulpturale Drehung erzeugen ein Gef\u00fchl von Bewegung und unterstreichen den nat\u00fcrlichen Glanz von 22 Karat Gold. Ihr klares, minimalistisches Design bietet einen modernen und dennoch zeitlosen Look, sodass sie sich m\u00fchelos f\u00fcr den Alltag oder besondere Anl\u00e4sse eignen.<\/p>\n<h2 data-start=\"671\" data-end=\"693\"><strong data-start=\"674\" data-end=\"691\">Handwerkliches K\u00f6nnen<\/strong><\/h2>\n<p data-start=\"694\" data-end=\"1080\">Jeder Reif ist aus reinem 22-kar\u00e4tigem Gold gefertigt und mit Pr\u00e4zision geformt, um eine glatte, durchgehende Drehung zu erzielen. Die polierte Oberfl\u00e4che unterstreicht die F\u00fclle des Metalls und sorgt gleichzeitig f\u00fcr dauerhaften Glanz. Jedes Paar ist mit einem sicheren Verschluss f\u00fcr Komfort und Langlebigkeit ausgestattet und in Gro\u00dfbritannien punziert, was die zertifizierte Reinheit garantiert und das Engagement von PureJewels f\u00fcr feine Schmuckkunst widerspiegelt.<\/p>\n<h2 data-start=\"1087\" data-end=\"1113\"><strong data-start=\"1090\" data-end=\"1111\">Styling &amp; Geschenkartikel<\/strong><\/h2>\n<p data-start=\"1114\" data-end=\"1484\">Vielseitig und dezent, passen diese gedrehten Creolen sowohl zu modernen als auch zu traditionellen Outfits. Tragen Sie sie als t\u00e4gliches Accessoire oder kombinieren Sie sie mit goldenen Ohrsteckern, Armreifen oder mehrreihigen Ketten f\u00fcr einen ausdrucksst\u00e4rkeren Look. Ihr elegantes Design macht sie zu einem passenden Geschenk f\u00fcr Geburtstage, Jahrestage oder jeden anderen Anlass, der ein wundersch\u00f6n gearbeitetes Schmuckst\u00fcck aus 22 Karat Gold erfordert.<\/p>","protected":false},"excerpt":{"rendered":"<p data-start=\"906\" data-end=\"1110\">Elegante 22-kar\u00e4tige Goldcreolen mit einer glatten, skulpturalen Drehung, die bei jeder Bewegung das Licht wundersch\u00f6n reflektiert. Eine moderne Interpretation eines klassischen Designs, in Gro\u00dfbritannien punziert und f\u00fcr den m\u00fchelosen Alltag gefertigt.<\/p>\n<p><strong>Material:<\/strong> 22ct Gold (91,6% reines Gold)<strong><br \/>\nWahrzeichen:\u00a0<\/strong>Britisches G\u00fctesiegel<strong><br \/>\n<\/strong><strong>Bruttogewicht: <\/strong>2.4 Gms<br \/>\n<strong>SKU:<\/strong> 53058<\/p>\n<p><strong>Preis und Lieferung<\/strong>:Inklusive Mehrwertsteuer und Lieferkosten<br \/>\n<a href=\"https:\/\/www.purejewels.com\/de\/ruckgabepolitik\/\">R\u00fcckgabepolitik<\/a><\/p>","protected":false},"featured_media":422980,"comment_status":"closed","ping_status":"closed","template":"","meta":{"_eb_attr":"","_crsspst_to_jayantr4sg-hostcom":true},"product_brand":[],"product_cat":[1791,1559,1793,1792,1254,1229,1579,5343,5608,1574,5349],"product_tag":[6101],"class_list":{"0":"post-422978","1":"product","2":"type-product","3":"status-publish","4":"has-post-thumbnail","6":"product_cat-anniversary-gifts","7":"product_cat-birthday-gifts","8":"product_cat-diwali-gifts","9":"product_cat-festival-gifts","10":"product_cat-gold-earrings","11":"product_cat-22ct-gold-jewellery","12":"product_cat-hoop-earrings","13":"product_cat-jewellery-under-550","14":"product_cat-simple-hoops","15":"product_cat-womens-jewellery","16":"product_cat-yellow-gold-jewellery","17":"product_tag-earring","19":"first","20":"instock","21":"taxable","22":"shipping-taxable","23":"purchasable","24":"product-type-simple","25":"add-to-wishlist-before_image"},"yoast_head":"<!-- This site is optimized with the Yoast SEO plugin v27.6 - https:\/\/yoast.com\/product\/yoast-seo-wordpress\/ -->\n<title>22ct Gold Everyday Twist Hoops for Women | PureJewels UK<\/title>\n<meta name=\"description\" content=\"22ct gold twist hoop earrings with a polished and satin finish. A modern sculpted design, UK hallmarked and crafted for elegant everyday wear.\" \/>\n<meta name=\"robots\" content=\"index, follow, max-snippet:-1, max-image-preview:large, max-video-preview:-1\" \/>\n<link rel=\"canonical\" href=\"https:\/\/www.purejewels.com\/de\/produkt-2\/22-karat-gold-gedrehte-creolen-53058\/\" \/>\n<meta property=\"og:locale\" content=\"de_DE\" \/>\n<meta property=\"og:type\" content=\"article\" \/>\n<meta property=\"og:title\" content=\"22ct Gold Everyday Twist Hoops for Women | PureJewels UK\" \/>\n<meta property=\"og:description\" content=\"22ct gold twist hoop earrings with a polished and satin finish. A modern sculpted design, UK hallmarked and crafted for elegant everyday wear.\" \/>\n<meta property=\"og:url\" content=\"https:\/\/www.purejewels.com\/de\/produkt-2\/22-karat-gold-gedrehte-creolen-53058\/\" \/>\n<meta property=\"og:site_name\" content=\"PureJewels UK\" \/>\n<meta property=\"article:modified_time\" content=\"2026-02-06T11:51:20+00:00\" \/>\n<meta property=\"og:image\" content=\"https:\/\/static.purejewels.com\/wp-content\/uploads\/2025\/12\/SKU-53058.2.jpg\" \/>\n\t<meta property=\"og:image:width\" content=\"1000\" \/>\n\t<meta property=\"og:image:height\" content=\"1000\" \/>\n\t<meta property=\"og:image:type\" content=\"image\/jpeg\" \/>\n<meta name=\"twitter:card\" content=\"summary_large_image\" \/>\n<meta name=\"twitter:label1\" content=\"Gesch\u00e4tzte Lesezeit\" \/>\n\t<meta name=\"twitter:data1\" content=\"1\u00a0Minute\" \/>\n<script type=\"application\/ld+json\" class=\"yoast-schema-graph\">{\"@context\":\"https:\\\/\\\/schema.org\",\"@graph\":[{\"@type\":[\"WebPage\",\"ItemPage\"],\"@id\":\"https:\\\/\\\/www.purejewels.com\\\/product\\\/22ct-gold-twisted-hoop-earrings-53058\\\/\",\"url\":\"https:\\\/\\\/www.purejewels.com\\\/product\\\/22ct-gold-twisted-hoop-earrings-53058\\\/\",\"name\":\"22ct Gold Everyday Twist Hoops for Women | PureJewels UK\",\"isPartOf\":{\"@id\":\"https:\\\/\\\/www.purejewels.com\\\/#website\"},\"primaryImageOfPage\":{\"@id\":\"https:\\\/\\\/www.purejewels.com\\\/product\\\/22ct-gold-twisted-hoop-earrings-53058\\\/#primaryimage\"},\"image\":{\"@id\":\"https:\\\/\\\/www.purejewels.com\\\/product\\\/22ct-gold-twisted-hoop-earrings-53058\\\/#primaryimage\"},\"thumbnailUrl\":\"https:\\\/\\\/static.purejewels.com\\\/wp-content\\\/uploads\\\/2025\\\/12\\\/SKU-53058.2.jpg\",\"datePublished\":\"2025-12-11T09:27:08+00:00\",\"dateModified\":\"2026-02-06T11:51:20+00:00\",\"description\":\"22ct gold twist hoop earrings with a polished and satin finish. A modern sculpted design, UK hallmarked and crafted for elegant everyday wear.\",\"breadcrumb\":{\"@id\":\"https:\\\/\\\/www.purejewels.com\\\/product\\\/22ct-gold-twisted-hoop-earrings-53058\\\/#breadcrumb\"},\"inLanguage\":\"de\",\"potentialAction\":[{\"@type\":\"ReadAction\",\"target\":[\"https:\\\/\\\/www.purejewels.com\\\/product\\\/22ct-gold-twisted-hoop-earrings-53058\\\/\"]}]},{\"@type\":\"ImageObject\",\"inLanguage\":\"de\",\"@id\":\"https:\\\/\\\/www.purejewels.com\\\/product\\\/22ct-gold-twisted-hoop-earrings-53058\\\/#primaryimage\",\"url\":\"https:\\\/\\\/static.purejewels.com\\\/wp-content\\\/uploads\\\/2025\\\/12\\\/SKU-53058.2.jpg\",\"contentUrl\":\"https:\\\/\\\/static.purejewels.com\\\/wp-content\\\/uploads\\\/2025\\\/12\\\/SKU-53058.2.jpg\",\"width\":1000,\"height\":1000,\"caption\":\"22ct Gold Twisted Hoop Earrings\"},{\"@type\":\"BreadcrumbList\",\"@id\":\"https:\\\/\\\/www.purejewels.com\\\/product\\\/22ct-gold-twisted-hoop-earrings-53058\\\/#breadcrumb\",\"itemListElement\":[{\"@type\":\"ListItem\",\"position\":1,\"name\":\"Home\",\"item\":\"https:\\\/\\\/www.purejewels.com\\\/\"},{\"@type\":\"ListItem\",\"position\":2,\"name\":\"Shop\",\"item\":\"https:\\\/\\\/www.purejewels.com\\\/shop\\\/\"},{\"@type\":\"ListItem\",\"position\":3,\"name\":\"22ct Gold Twisted Hoop Earrings\"}]},{\"@type\":\"WebSite\",\"@id\":\"https:\\\/\\\/www.purejewels.com\\\/#website\",\"url\":\"https:\\\/\\\/www.purejewels.com\\\/\",\"name\":\"PureJewels UK\",\"description\":\"Share the Love\",\"publisher\":{\"@id\":\"https:\\\/\\\/www.purejewels.com\\\/#organization\"},\"potentialAction\":[{\"@type\":\"SearchAction\",\"target\":{\"@type\":\"EntryPoint\",\"urlTemplate\":\"https:\\\/\\\/www.purejewels.com\\\/?s={search_term_string}\"},\"query-input\":{\"@type\":\"PropertyValueSpecification\",\"valueRequired\":true,\"valueName\":\"search_term_string\"}}],\"inLanguage\":\"de\"},{\"@type\":\"Organization\",\"@id\":\"https:\\\/\\\/www.purejewels.com\\\/#organization\",\"name\":\"PureJewels UK\",\"url\":\"https:\\\/\\\/www.purejewels.com\\\/\",\"logo\":{\"@type\":\"ImageObject\",\"inLanguage\":\"de\",\"@id\":\"https:\\\/\\\/www.purejewels.com\\\/#\\\/schema\\\/logo\\\/image\\\/\",\"url\":\"https:\\\/\\\/static.purejewels.com\\\/wp-content\\\/uploads\\\/2020\\\/11\\\/Logo-PJ-New-1.png\",\"contentUrl\":\"https:\\\/\\\/static.purejewels.com\\\/wp-content\\\/uploads\\\/2020\\\/11\\\/Logo-PJ-New-1.png\",\"width\":150,\"height\":80,\"caption\":\"PureJewels UK\"},\"image\":{\"@id\":\"https:\\\/\\\/www.purejewels.com\\\/#\\\/schema\\\/logo\\\/image\\\/\"}}]}<\/script>\n<!-- \/ Yoast SEO plugin. -->","yoast_head_json":{"title":"22 Karat Gold Everyday Twist Creolen f\u00fcr Damen | PureJewels UK","description":"22 Karat Gold-Twist-Creolen mit polierter und satinierter Oberfl\u00e4che. Ein modernes, skulpturales Design, mit britischer Punzierung und f\u00fcr eleganten Alltagstragen gefertigt.","robots":{"index":"index","follow":"follow","max-snippet":"max-snippet:-1","max-image-preview":"max-image-preview:large","max-video-preview":"max-video-preview:-1"},"canonical":"https:\/\/www.purejewels.com\/de\/produkt-2\/22-karat-gold-gedrehte-creolen-53058\/","og_locale":"de_DE","og_type":"article","og_title":"22ct Gold Everyday Twist Hoops for Women | PureJewels UK","og_description":"22ct gold twist hoop earrings with a polished and satin finish. A modern sculpted design, UK hallmarked and crafted for elegant everyday wear.","og_url":"https:\/\/www.purejewels.com\/de\/produkt-2\/22-karat-gold-gedrehte-creolen-53058\/","og_site_name":"PureJewels UK","article_modified_time":"2026-02-06T11:51:20+00:00","og_image":[{"width":1000,"height":1000,"url":"https:\/\/static.purejewels.com\/wp-content\/uploads\/2025\/12\/SKU-53058.2.jpg","type":"image\/jpeg"}],"twitter_card":"summary_large_image","twitter_misc":{"Gesch\u00e4tzte Lesezeit":"1\u00a0Minute"},"schema":{"@context":"https:\/\/schema.org","@graph":[{"@type":["WebPage","ItemPage"],"@id":"https:\/\/www.purejewels.com\/product\/22ct-gold-twisted-hoop-earrings-53058\/","url":"https:\/\/www.purejewels.com\/product\/22ct-gold-twisted-hoop-earrings-53058\/","name":"22 Karat Gold Everyday Twist Creolen f\u00fcr Damen | PureJewels UK","isPartOf":{"@id":"https:\/\/www.purejewels.com\/#website"},"primaryImageOfPage":{"@id":"https:\/\/www.purejewels.com\/product\/22ct-gold-twisted-hoop-earrings-53058\/#primaryimage"},"image":{"@id":"https:\/\/www.purejewels.com\/product\/22ct-gold-twisted-hoop-earrings-53058\/#primaryimage"},"thumbnailUrl":"https:\/\/static.purejewels.com\/wp-content\/uploads\/2025\/12\/SKU-53058.2.jpg","datePublished":"2025-12-11T09:27:08+00:00","dateModified":"2026-02-06T11:51:20+00:00","description":"22 Karat Gold-Twist-Creolen mit polierter und satinierter Oberfl\u00e4che. Ein modernes, skulpturales Design, mit britischer Punzierung und f\u00fcr eleganten Alltagstragen gefertigt.","breadcrumb":{"@id":"https:\/\/www.purejewels.com\/product\/22ct-gold-twisted-hoop-earrings-53058\/#breadcrumb"},"inLanguage":"de","potentialAction":[{"@type":"ReadAction","target":["https:\/\/www.purejewels.com\/product\/22ct-gold-twisted-hoop-earrings-53058\/"]}]},{"@type":"ImageObject","inLanguage":"de","@id":"https:\/\/www.purejewels.com\/product\/22ct-gold-twisted-hoop-earrings-53058\/#primaryimage","url":"https:\/\/static.purejewels.com\/wp-content\/uploads\/2025\/12\/SKU-53058.2.jpg","contentUrl":"https:\/\/static.purejewels.com\/wp-content\/uploads\/2025\/12\/SKU-53058.2.jpg","width":1000,"height":1000,"caption":"22ct Gold Twisted Hoop Earrings"},{"@type":"BreadcrumbList","@id":"https:\/\/www.purejewels.com\/product\/22ct-gold-twisted-hoop-earrings-53058\/#breadcrumb","itemListElement":[{"@type":"ListItem","position":1,"name":"Home","item":"https:\/\/www.purejewels.com\/"},{"@type":"ListItem","position":2,"name":"Shop","item":"https:\/\/www.purejewels.com\/shop\/"},{"@type":"ListItem","position":3,"name":"22ct Gold Twisted Hoop Earrings"}]},{"@type":"WebSite","@id":"https:\/\/www.purejewels.com\/#website","url":"https:\/\/www.purejewels.com\/","name":"PureJewels UK","description":"Teile die Liebe","publisher":{"@id":"https:\/\/www.purejewels.com\/#organization"},"potentialAction":[{"@type":"SearchAction","target":{"@type":"EntryPoint","urlTemplate":"https:\/\/www.purejewels.com\/?s={search_term_string}"},"query-input":{"@type":"PropertyValueSpecification","valueRequired":true,"valueName":"search_term_string"}}],"inLanguage":"de"},{"@type":"Organization","@id":"https:\/\/www.purejewels.com\/#organization","name":"PureJewels UK","url":"https:\/\/www.purejewels.com\/","logo":{"@type":"ImageObject","inLanguage":"de","@id":"https:\/\/www.purejewels.com\/#\/schema\/logo\/image\/","url":"https:\/\/static.purejewels.com\/wp-content\/uploads\/2020\/11\/Logo-PJ-New-1.png","contentUrl":"https:\/\/static.purejewels.com\/wp-content\/uploads\/2020\/11\/Logo-PJ-New-1.png","width":150,"height":80,"caption":"PureJewels UK"},"image":{"@id":"https:\/\/www.purejewels.com\/#\/schema\/logo\/image\/"}}]}},"_links":{"self":[{"href":"https:\/\/www.purejewels.com\/de\/wp-json\/wp\/v2\/product\/422978","targetHints":{"allow":["GET"]}}],"collection":[{"href":"https:\/\/www.purejewels.com\/de\/wp-json\/wp\/v2\/product"}],"about":[{"href":"https:\/\/www.purejewels.com\/de\/wp-json\/wp\/v2\/types\/product"}],"replies":[{"embeddable":true,"href":"https:\/\/www.purejewels.com\/de\/wp-json\/wp\/v2\/comments?post=422978"}],"version-history":[{"count":4,"href":"https:\/\/www.purejewels.com\/de\/wp-json\/wp\/v2\/product\/422978\/revisions"}],"predecessor-version":[{"id":423546,"href":"https:\/\/www.purejewels.com\/de\/wp-json\/wp\/v2\/product\/422978\/revisions\/423546"}],"wp:featuredmedia":[{"embeddable":true,"href":"https:\/\/www.purejewels.com\/de\/wp-json\/wp\/v2\/media\/422980"}],"wp:attachment":[{"href":"https:\/\/www.purejewels.com\/de\/wp-json\/wp\/v2\/media?parent=422978"}],"wp:term":[{"taxonomy":"product_brand","embeddable":true,"href":"https:\/\/www.purejewels.com\/de\/wp-json\/wp\/v2\/product_brand?post=422978"},{"taxonomy":"product_cat","embeddable":true,"href":"https:\/\/www.purejewels.com\/de\/wp-json\/wp\/v2\/product_cat?post=422978"},{"taxonomy":"product_tag","embeddable":true,"href":"https:\/\/www.purejewels.com\/de\/wp-json\/wp\/v2\/product_tag?post=422978"}],"curies":[{"name":"wp","href":"https:\/\/api.w.org\/{rel}","templated":true}]}}