{"id":423031,"date":"2025-12-12T07:38:35","date_gmt":"2025-12-12T07:38:35","guid":{"rendered":"https:\/\/www.purejewels.com\/?post_type=product&#038;p=423031"},"modified":"2026-03-19T08:13:14","modified_gmt":"2026-03-19T08:13:14","slug":"spiralformiger-ring-aus-22-karat-gold-mit-rhodium-53522","status":"publish","type":"product","link":"https:\/\/www.purejewels.com\/de\/product\/22ct-gold-spiral-ring-with-rhodium-53522\/","title":{"rendered":"Spiralf\u00f6rmiger Ring aus 22 Karat Gold mit Rhodium"},"content":{"rendered":"<p><strong>Gestaltung<\/strong><\/p>\n<p>Dieses charakteristische St\u00fcck zeigt eine markante spiralf\u00f6rmige Silhouette, die mit abwechselnd angeordneten Platten mit Pyramidenschliff und hochglanzpolierten Rhodium-Akzenten verziert ist. Das Design ist inspiriert von der flie\u00dfenden Bewegung und der St\u00e4rke der Struktur - es verk\u00f6rpert die PureJewels-\u00c4sthetik der k\u00fchnen Anmut. Sunrise Gold bietet eine strahlende W\u00e4rme, die sich subtil von traditionellem Gelbgold unterscheidet und dem Ring einen weichen, modernen Ton verleiht.<\/p>\n<p><strong>Handwerkliches K\u00f6nnen<\/strong><\/p>\n<p>Dieser Ring ist ein Zeugnis der handwerklichen Wurzeln von PureJewels und wird in unserer Werkstatt mit traditionellen Techniken, die \u00fcber Generationen hinweg verfeinert wurden, fachm\u00e4nnisch hergestellt. Das leuchtende 22-kar\u00e4tige Sunrise Gold ist vom London Assay Office gepunzt, und jeder Rhodiumabschnitt wird mit sorgf\u00e4ltiger Pr\u00e4zision aufgetragen, um sowohl Haltbarkeit als auch Brillanz zu gew\u00e4hrleisten.<\/p>\n<p><strong>Stil<\/strong><\/p>\n<p>Der Aurum Spiral Ring ist ideal f\u00fcr alle, die auf der Suche nach einem eleganten Statement sind. Er l\u00e4sst sich m\u00fchelos von der Alltagskleidung bis zu besonderen Anl\u00e4ssen tragen. Seine offene, skulpturale Form umschmeichelt die Hand mit einem leichten, architektonischen Touch - perfekt, wenn Sie ihn solo tragen oder als Herzst\u00fcck in einem kuratierten Schmuckstapel.<\/p>","protected":false},"excerpt":{"rendered":"<p>Dieser skulpturale Spiralring aus leuchtendem 22-kar\u00e4tigem Gold ist mit rhodinierten Akzenten und geometrischen Strukturen versehen - ein k\u00fchner Ausdruck des modernen Erbes.<\/p>\n<p><strong>Material:<\/strong> 22ct Gold<strong><br \/>\nWahrzeichen:\u00a0<\/strong>Britisches G\u00fctesiegel<strong><br \/>\n<\/strong><strong>Bruttogewicht: <\/strong>7.1 Gms<br \/>\n<strong>SKU:<\/strong> 53522<\/p>\n<p><strong>Preis und Lieferung<\/strong>: Inklusive Mehrwertsteuer und Lieferkosten<br \/>\n<a href=\"https:\/\/www.purejewels.com\/de\/ruckgabepolitik\/\">R\u00fcckgabepolitik<\/a><\/p>","protected":false},"featured_media":423032,"comment_status":"closed","ping_status":"closed","template":"","meta":{"_eb_attr":"","_crsspst_to_jayantr4sg-hostcom":true},"product_brand":[],"product_cat":[1791,1559,1785,1793,1792,1790,1229,1235,1783,1786,5353,1569,5349],"product_tag":[],"class_list":{"0":"post-423031","1":"product","2":"type-product","3":"status-publish","4":"has-post-thumbnail","6":"product_cat-anniversary-gifts","7":"product_cat-birthday-gifts","8":"product_cat-daily-wear-rings","9":"product_cat-diwali-gifts","10":"product_cat-festival-gifts","11":"product_cat-for-whom-when","12":"product_cat-22ct-gold-jewellery","13":"product_cat-gold-rings","14":"product_cat-ladies-rings","15":"product_cat-occasional-wear-rings","16":"product_cat-shop-by","17":"product_cat-valentine-day-gifts","18":"product_cat-yellow-gold-jewellery","20":"first","21":"instock","22":"taxable","23":"shipping-taxable","24":"purchasable","25":"product-type-simple","26":"add-to-wishlist-before_image"},"yoast_head":"<!-- This site is optimized with the Yoast SEO plugin v27.3 - https:\/\/yoast.com\/product\/yoast-seo-wordpress\/ -->\n<title>22ct Sunrise Gold Spiral Ring with Rhodium Detailing | PureJewels<\/title>\n<meta name=\"description\" content=\"Make a bold statement with our 22ct Sunrise Gold Spiral Ring. Featuring geometric textures and rhodium accents, crafted with precision and elegance.\" \/>\n<meta name=\"robots\" content=\"index, follow, max-snippet:-1, max-image-preview:large, max-video-preview:-1\" \/>\n<link rel=\"canonical\" href=\"https:\/\/www.purejewels.com\/de\/produkt-2\/spiralformiger-ring-aus-22-karat-gold-mit-rhodium-53522\/\" \/>\n<meta property=\"og:locale\" content=\"de_DE\" \/>\n<meta property=\"og:type\" content=\"article\" \/>\n<meta property=\"og:title\" content=\"22ct Sunrise Gold Spiral Ring with Rhodium Detailing | PureJewels\" \/>\n<meta property=\"og:description\" content=\"Make a bold statement with our 22ct Sunrise Gold Spiral Ring. Featuring geometric textures and rhodium accents, crafted with precision and elegance.\" \/>\n<meta property=\"og:url\" content=\"https:\/\/www.purejewels.com\/de\/produkt-2\/spiralformiger-ring-aus-22-karat-gold-mit-rhodium-53522\/\" \/>\n<meta property=\"og:site_name\" content=\"PureJewels UK\" \/>\n<meta property=\"article:modified_time\" content=\"2026-03-19T08:13:14+00:00\" \/>\n<meta property=\"og:image\" content=\"https:\/\/static.purejewels.com\/wp-content\/uploads\/2025\/12\/SKU-53522.2.jpg\" \/>\n\t<meta property=\"og:image:width\" content=\"1000\" \/>\n\t<meta property=\"og:image:height\" content=\"1000\" \/>\n\t<meta property=\"og:image:type\" content=\"image\/jpeg\" \/>\n<meta name=\"twitter:card\" content=\"summary_large_image\" \/>\n<meta name=\"twitter:label1\" content=\"Gesch\u00e4tzte Lesezeit\" \/>\n\t<meta name=\"twitter:data1\" content=\"1\u00a0Minute\" \/>\n<script type=\"application\/ld+json\" class=\"yoast-schema-graph\">{\"@context\":\"https:\\\/\\\/schema.org\",\"@graph\":[{\"@type\":[\"WebPage\",\"ItemPage\"],\"@id\":\"https:\\\/\\\/www.purejewels.com\\\/product\\\/22ct-gold-spiral-ring-with-rhodium-53522\\\/\",\"url\":\"https:\\\/\\\/www.purejewels.com\\\/product\\\/22ct-gold-spiral-ring-with-rhodium-53522\\\/\",\"name\":\"22ct Sunrise Gold Spiral Ring with Rhodium Detailing | PureJewels\",\"isPartOf\":{\"@id\":\"https:\\\/\\\/www.purejewels.com\\\/#website\"},\"primaryImageOfPage\":{\"@id\":\"https:\\\/\\\/www.purejewels.com\\\/product\\\/22ct-gold-spiral-ring-with-rhodium-53522\\\/#primaryimage\"},\"image\":{\"@id\":\"https:\\\/\\\/www.purejewels.com\\\/product\\\/22ct-gold-spiral-ring-with-rhodium-53522\\\/#primaryimage\"},\"thumbnailUrl\":\"https:\\\/\\\/static.purejewels.com\\\/wp-content\\\/uploads\\\/2025\\\/12\\\/SKU-53522.2.jpg\",\"datePublished\":\"2025-12-12T07:38:35+00:00\",\"dateModified\":\"2026-03-19T08:13:14+00:00\",\"description\":\"Make a bold statement with our 22ct Sunrise Gold Spiral Ring. Featuring geometric textures and rhodium accents, crafted with precision and elegance.\",\"breadcrumb\":{\"@id\":\"https:\\\/\\\/www.purejewels.com\\\/product\\\/22ct-gold-spiral-ring-with-rhodium-53522\\\/#breadcrumb\"},\"inLanguage\":\"de\",\"potentialAction\":[{\"@type\":\"ReadAction\",\"target\":[\"https:\\\/\\\/www.purejewels.com\\\/product\\\/22ct-gold-spiral-ring-with-rhodium-53522\\\/\"]}]},{\"@type\":\"ImageObject\",\"inLanguage\":\"de\",\"@id\":\"https:\\\/\\\/www.purejewels.com\\\/product\\\/22ct-gold-spiral-ring-with-rhodium-53522\\\/#primaryimage\",\"url\":\"https:\\\/\\\/static.purejewels.com\\\/wp-content\\\/uploads\\\/2025\\\/12\\\/SKU-53522.2.jpg\",\"contentUrl\":\"https:\\\/\\\/static.purejewels.com\\\/wp-content\\\/uploads\\\/2025\\\/12\\\/SKU-53522.2.jpg\",\"width\":1000,\"height\":1000,\"caption\":\"Stacked from 8 images. Method=B (R=8,S=4)\"},{\"@type\":\"BreadcrumbList\",\"@id\":\"https:\\\/\\\/www.purejewels.com\\\/product\\\/22ct-gold-spiral-ring-with-rhodium-53522\\\/#breadcrumb\",\"itemListElement\":[{\"@type\":\"ListItem\",\"position\":1,\"name\":\"Home\",\"item\":\"https:\\\/\\\/www.purejewels.com\\\/\"},{\"@type\":\"ListItem\",\"position\":2,\"name\":\"Shop\",\"item\":\"https:\\\/\\\/www.purejewels.com\\\/shop\\\/\"},{\"@type\":\"ListItem\",\"position\":3,\"name\":\"22ct Gold Spiral Ring with Rhodium\"}]},{\"@type\":\"WebSite\",\"@id\":\"https:\\\/\\\/www.purejewels.com\\\/#website\",\"url\":\"https:\\\/\\\/www.purejewels.com\\\/\",\"name\":\"PureJewels UK\",\"description\":\"Share the Love\",\"publisher\":{\"@id\":\"https:\\\/\\\/www.purejewels.com\\\/#organization\"},\"potentialAction\":[{\"@type\":\"SearchAction\",\"target\":{\"@type\":\"EntryPoint\",\"urlTemplate\":\"https:\\\/\\\/www.purejewels.com\\\/?s={search_term_string}\"},\"query-input\":{\"@type\":\"PropertyValueSpecification\",\"valueRequired\":true,\"valueName\":\"search_term_string\"}}],\"inLanguage\":\"de\"},{\"@type\":\"Organization\",\"@id\":\"https:\\\/\\\/www.purejewels.com\\\/#organization\",\"name\":\"PureJewels UK\",\"url\":\"https:\\\/\\\/www.purejewels.com\\\/\",\"logo\":{\"@type\":\"ImageObject\",\"inLanguage\":\"de\",\"@id\":\"https:\\\/\\\/www.purejewels.com\\\/#\\\/schema\\\/logo\\\/image\\\/\",\"url\":\"https:\\\/\\\/static.purejewels.com\\\/wp-content\\\/uploads\\\/2020\\\/11\\\/Logo-PJ-New-1.png\",\"contentUrl\":\"https:\\\/\\\/static.purejewels.com\\\/wp-content\\\/uploads\\\/2020\\\/11\\\/Logo-PJ-New-1.png\",\"width\":150,\"height\":80,\"caption\":\"PureJewels UK\"},\"image\":{\"@id\":\"https:\\\/\\\/www.purejewels.com\\\/#\\\/schema\\\/logo\\\/image\\\/\"}}]}<\/script>\n<!-- \/ Yoast SEO plugin. -->","yoast_head_json":{"title":"22ct Sunrise Gold Spirale Ring mit Rhodium Detaillierung | PureJewels","description":"Setzen Sie mit unserem Spiralring aus 22-kar\u00e4tigem Sunrise Gold ein mutiges Statement. Mit geometrischen Texturen und Rhodium-Akzenten, die mit Pr\u00e4zision und Eleganz gefertigt wurden.","robots":{"index":"index","follow":"follow","max-snippet":"max-snippet:-1","max-image-preview":"max-image-preview:large","max-video-preview":"max-video-preview:-1"},"canonical":"https:\/\/www.purejewels.com\/de\/produkt-2\/spiralformiger-ring-aus-22-karat-gold-mit-rhodium-53522\/","og_locale":"de_DE","og_type":"article","og_title":"22ct Sunrise Gold Spiral Ring with Rhodium Detailing | PureJewels","og_description":"Make a bold statement with our 22ct Sunrise Gold Spiral Ring. Featuring geometric textures and rhodium accents, crafted with precision and elegance.","og_url":"https:\/\/www.purejewels.com\/de\/produkt-2\/spiralformiger-ring-aus-22-karat-gold-mit-rhodium-53522\/","og_site_name":"PureJewels UK","article_modified_time":"2026-03-19T08:13:14+00:00","og_image":[{"width":1000,"height":1000,"url":"https:\/\/static.purejewels.com\/wp-content\/uploads\/2025\/12\/SKU-53522.2.jpg","type":"image\/jpeg"}],"twitter_card":"summary_large_image","twitter_misc":{"Gesch\u00e4tzte Lesezeit":"1\u00a0Minute"},"schema":{"@context":"https:\/\/schema.org","@graph":[{"@type":["WebPage","ItemPage"],"@id":"https:\/\/www.purejewels.com\/product\/22ct-gold-spiral-ring-with-rhodium-53522\/","url":"https:\/\/www.purejewels.com\/product\/22ct-gold-spiral-ring-with-rhodium-53522\/","name":"22ct Sunrise Gold Spirale Ring mit Rhodium Detaillierung | PureJewels","isPartOf":{"@id":"https:\/\/www.purejewels.com\/#website"},"primaryImageOfPage":{"@id":"https:\/\/www.purejewels.com\/product\/22ct-gold-spiral-ring-with-rhodium-53522\/#primaryimage"},"image":{"@id":"https:\/\/www.purejewels.com\/product\/22ct-gold-spiral-ring-with-rhodium-53522\/#primaryimage"},"thumbnailUrl":"https:\/\/static.purejewels.com\/wp-content\/uploads\/2025\/12\/SKU-53522.2.jpg","datePublished":"2025-12-12T07:38:35+00:00","dateModified":"2026-03-19T08:13:14+00:00","description":"Setzen Sie mit unserem Spiralring aus 22-kar\u00e4tigem Sunrise Gold ein mutiges Statement. Mit geometrischen Texturen und Rhodium-Akzenten, die mit Pr\u00e4zision und Eleganz gefertigt wurden.","breadcrumb":{"@id":"https:\/\/www.purejewels.com\/product\/22ct-gold-spiral-ring-with-rhodium-53522\/#breadcrumb"},"inLanguage":"de","potentialAction":[{"@type":"ReadAction","target":["https:\/\/www.purejewels.com\/product\/22ct-gold-spiral-ring-with-rhodium-53522\/"]}]},{"@type":"ImageObject","inLanguage":"de","@id":"https:\/\/www.purejewels.com\/product\/22ct-gold-spiral-ring-with-rhodium-53522\/#primaryimage","url":"https:\/\/static.purejewels.com\/wp-content\/uploads\/2025\/12\/SKU-53522.2.jpg","contentUrl":"https:\/\/static.purejewels.com\/wp-content\/uploads\/2025\/12\/SKU-53522.2.jpg","width":1000,"height":1000,"caption":"Stacked from 8 images. Method=B (R=8,S=4)"},{"@type":"BreadcrumbList","@id":"https:\/\/www.purejewels.com\/product\/22ct-gold-spiral-ring-with-rhodium-53522\/#breadcrumb","itemListElement":[{"@type":"ListItem","position":1,"name":"Home","item":"https:\/\/www.purejewels.com\/"},{"@type":"ListItem","position":2,"name":"Shop","item":"https:\/\/www.purejewels.com\/shop\/"},{"@type":"ListItem","position":3,"name":"22ct Gold Spiral Ring with Rhodium"}]},{"@type":"WebSite","@id":"https:\/\/www.purejewels.com\/#website","url":"https:\/\/www.purejewels.com\/","name":"PureJewels UK","description":"Teile die Liebe","publisher":{"@id":"https:\/\/www.purejewels.com\/#organization"},"potentialAction":[{"@type":"SearchAction","target":{"@type":"EntryPoint","urlTemplate":"https:\/\/www.purejewels.com\/?s={search_term_string}"},"query-input":{"@type":"PropertyValueSpecification","valueRequired":true,"valueName":"search_term_string"}}],"inLanguage":"de"},{"@type":"Organization","@id":"https:\/\/www.purejewels.com\/#organization","name":"PureJewels UK","url":"https:\/\/www.purejewels.com\/","logo":{"@type":"ImageObject","inLanguage":"de","@id":"https:\/\/www.purejewels.com\/#\/schema\/logo\/image\/","url":"https:\/\/static.purejewels.com\/wp-content\/uploads\/2020\/11\/Logo-PJ-New-1.png","contentUrl":"https:\/\/static.purejewels.com\/wp-content\/uploads\/2020\/11\/Logo-PJ-New-1.png","width":150,"height":80,"caption":"PureJewels UK"},"image":{"@id":"https:\/\/www.purejewels.com\/#\/schema\/logo\/image\/"}}]}},"_links":{"self":[{"href":"https:\/\/www.purejewels.com\/de\/wp-json\/wp\/v2\/product\/423031","targetHints":{"allow":["GET"]}}],"collection":[{"href":"https:\/\/www.purejewels.com\/de\/wp-json\/wp\/v2\/product"}],"about":[{"href":"https:\/\/www.purejewels.com\/de\/wp-json\/wp\/v2\/types\/product"}],"replies":[{"embeddable":true,"href":"https:\/\/www.purejewels.com\/de\/wp-json\/wp\/v2\/comments?post=423031"}],"version-history":[{"count":3,"href":"https:\/\/www.purejewels.com\/de\/wp-json\/wp\/v2\/product\/423031\/revisions"}],"predecessor-version":[{"id":427361,"href":"https:\/\/www.purejewels.com\/de\/wp-json\/wp\/v2\/product\/423031\/revisions\/427361"}],"wp:featuredmedia":[{"embeddable":true,"href":"https:\/\/www.purejewels.com\/de\/wp-json\/wp\/v2\/media\/423032"}],"wp:attachment":[{"href":"https:\/\/www.purejewels.com\/de\/wp-json\/wp\/v2\/media?parent=423031"}],"wp:term":[{"taxonomy":"product_brand","embeddable":true,"href":"https:\/\/www.purejewels.com\/de\/wp-json\/wp\/v2\/product_brand?post=423031"},{"taxonomy":"product_cat","embeddable":true,"href":"https:\/\/www.purejewels.com\/de\/wp-json\/wp\/v2\/product_cat?post=423031"},{"taxonomy":"product_tag","embeddable":true,"href":"https:\/\/www.purejewels.com\/de\/wp-json\/wp\/v2\/product_tag?post=423031"}],"curies":[{"name":"wp","href":"https:\/\/api.w.org\/{rel}","templated":true}]}}