{"id":423041,"date":"2025-12-11T09:42:51","date_gmt":"2025-12-11T09:42:51","guid":{"rendered":"https:\/\/www.purejewels.com\/?post_type=product&#038;p=423041"},"modified":"2026-01-06T05:08:57","modified_gmt":"2026-01-06T05:08:57","slug":"strahlende-umarmung-cz-creolen-aus-22-karat-gelbgold-54574","status":"publish","type":"product","link":"https:\/\/www.purejewels.com\/de\/product\/radiant-embrace-cz-hoop-earrings-in-22ct-yellow-gold-54574\/","title":{"rendered":"Radiant Embrace CZ Creolen aus 22 Karat Gelbgold"},"content":{"rendered":"<p>Wir pr\u00e4sentieren die Radiant Embrace CZ Hoops \u2013 ein zeitgem\u00e4\u00dfes Must-have, das zur\u00fcckhaltenden Luxus verk\u00f6rpert. Diese Ohrringe aus 22 Karat Gelbgold spiegeln die Vision von PureJewels wider, allt\u00e4gliche Eleganz mit kulturellem Reichtum zu verbinden.<\/p>\n<p><strong>Gestaltung<\/strong><\/p>\n<p>Die sanft geschwungene Silhouette des Creolen wird durch zwei Reihen pr\u00e4zise gefasster Zirkoniasteine verziert, die f\u00fcr einen dezenten Glanz ohne Prunk sorgen. Das offene Design sorgt f\u00fcr eine leichte und luftige Form, sodass die Ohrringe das Licht mit flie\u00dfender Anmut reflektieren. Der geometrische Abstand auf dem Innenband sorgt f\u00fcr ein dezentes architektonisches Detail \u2013 eine durchdachte Note f\u00fcr das anspruchsvolle Auge.<\/p>\n<p><strong>Handwerkliches K\u00f6nnen<\/strong><\/p>\n<p>Diese Creolen werden in unserem Londoner Atelier unter Verwendung traditioneller Goldschmiedetechniken handgefertigt. Jeder Stein ist sorgf\u00e4ltig in 22 Karat Gold gefasst, das vom London Assay Office punziert ist. Der nahtlose Scharnierverschluss sorgt f\u00fcr sicheren und bequemen Tragekomfort und macht sie zu einem raffinierten Accessoire f\u00fcr jeden Tag.<\/p>\n<p><strong>Stil<\/strong><\/p>\n<p>Diese Creolen sind ideal f\u00fcr Frauen, die minimalistischen Schmuck mit maximaler Wirkung bevorzugen. Sie lassen sich m\u00fchelos vom morgendlichen Ritual bis zur abendlichen Soir\u00e9e tragen. Allein getragen sorgen sie f\u00fcr raffinierte Eleganz. In Kombination mit mehrreihigen Ohrsteckern oder einer zarten Kette strahlen sie moderne, kuratierte Eleganz aus.<\/p>","protected":false},"excerpt":{"rendered":"<p>Eine moderne Interpretation klassischer Creolen \u2013 zwei Reihen funkelnder Zirkoniasteine, gefasst in reinem 22-kar\u00e4tigem Gelbgold. Leicht, raffiniert und zur\u00fcckhaltend faszinierend.<\/p>\n<ul>\n<li><strong>Material:<\/strong> 22ct Gold<\/li>\n<li><strong>Wahrzeichen: <\/strong>Britisches G\u00fctesiegel<\/li>\n<li><strong>Bruttogewicht: <\/strong>1,9 Gramm<\/li>\n<li><strong>SKU:<\/strong>53573<\/li>\n<\/ul>\n<p><strong>Preis und Lieferung: <\/strong>Inklusive Mehrwertsteuer und Lieferkosten<br \/>\n<strong><a href=\"https:\/\/www.purejewels.com\/de\/ruckgabepolitik\/\">R\u00fcckgabepolitik<\/a><\/strong><\/p>","protected":false},"featured_media":423042,"comment_status":"closed","ping_status":"closed","template":"","meta":{"_eb_attr":"","_crsspst_to_jayantr4sg-hostcom":true},"product_brand":[],"product_cat":[1793,1792,1790,1254,1229,1579,5343,5338,1573,1574,5349],"product_tag":[5933,5922,66,5919],"class_list":{"0":"post-423041","1":"product","2":"type-product","3":"status-publish","4":"has-post-thumbnail","6":"product_cat-diwali-gifts","7":"product_cat-festival-gifts","8":"product_cat-for-whom-when","9":"product_cat-gold-earrings","10":"product_cat-22ct-gold-jewellery","11":"product_cat-hoop-earrings","12":"product_cat-jewellery-under-550","13":"product_cat-shop-by-price","14":"product_cat-wedding-gifts","15":"product_cat-womens-jewellery","16":"product_cat-yellow-gold-jewellery","17":"product_tag-22ct-gold","18":"product_tag-22ct-gold-earrings","19":"product_tag-earrings","20":"product_tag-stud","22":"first","23":"outofstock","24":"taxable","25":"shipping-taxable","26":"product-type-simple","27":"add-to-wishlist-before_image"},"yoast_head":"<!-- This site is optimized with the Yoast SEO plugin v27.5 - https:\/\/yoast.com\/product\/yoast-seo-wordpress\/ -->\n<title>Refined CZ Hoop Earrings in 22ct Yellow Gold | PureJewels UK<\/title>\n<meta name=\"description\" content=\"Graceful and radiant, these 22ct gold hoops feature twin rows of CZ stones \u2014 understated brilliance in a timeless form, handcrafted to perfection.\" \/>\n<meta name=\"robots\" content=\"index, follow, max-snippet:-1, max-image-preview:large, max-video-preview:-1\" \/>\n<link rel=\"canonical\" href=\"https:\/\/www.purejewels.com\/de\/produkt-2\/strahlende-umarmung-cz-creolen-aus-22-karat-gelbgold-54574\/\" \/>\n<meta property=\"og:locale\" content=\"de_DE\" \/>\n<meta property=\"og:type\" content=\"article\" \/>\n<meta property=\"og:title\" content=\"Refined CZ Hoop Earrings in 22ct Yellow Gold | PureJewels UK\" \/>\n<meta property=\"og:description\" content=\"Graceful and radiant, these 22ct gold hoops feature twin rows of CZ stones \u2014 understated brilliance in a timeless form, handcrafted to perfection.\" \/>\n<meta property=\"og:url\" content=\"https:\/\/www.purejewels.com\/de\/produkt-2\/strahlende-umarmung-cz-creolen-aus-22-karat-gelbgold-54574\/\" \/>\n<meta property=\"og:site_name\" content=\"PureJewels UK\" \/>\n<meta property=\"article:modified_time\" content=\"2026-01-06T05:08:57+00:00\" \/>\n<meta property=\"og:image\" content=\"https:\/\/static.purejewels.com\/wp-content\/uploads\/2025\/12\/SKU-53574.2.jpg\" \/>\n\t<meta property=\"og:image:width\" content=\"1000\" \/>\n\t<meta property=\"og:image:height\" content=\"1000\" \/>\n\t<meta property=\"og:image:type\" content=\"image\/jpeg\" \/>\n<meta name=\"twitter:card\" content=\"summary_large_image\" \/>\n<meta name=\"twitter:label1\" content=\"Gesch\u00e4tzte Lesezeit\" \/>\n\t<meta name=\"twitter:data1\" content=\"1\u00a0Minute\" \/>\n<script type=\"application\/ld+json\" class=\"yoast-schema-graph\">{\"@context\":\"https:\\\/\\\/schema.org\",\"@graph\":[{\"@type\":[\"WebPage\",\"ItemPage\"],\"@id\":\"https:\\\/\\\/www.purejewels.com\\\/product\\\/radiant-embrace-cz-hoop-earrings-in-22ct-yellow-gold-54574\\\/\",\"url\":\"https:\\\/\\\/www.purejewels.com\\\/product\\\/radiant-embrace-cz-hoop-earrings-in-22ct-yellow-gold-54574\\\/\",\"name\":\"Refined CZ Hoop Earrings in 22ct Yellow Gold | PureJewels UK\",\"isPartOf\":{\"@id\":\"https:\\\/\\\/www.purejewels.com\\\/#website\"},\"primaryImageOfPage\":{\"@id\":\"https:\\\/\\\/www.purejewels.com\\\/product\\\/radiant-embrace-cz-hoop-earrings-in-22ct-yellow-gold-54574\\\/#primaryimage\"},\"image\":{\"@id\":\"https:\\\/\\\/www.purejewels.com\\\/product\\\/radiant-embrace-cz-hoop-earrings-in-22ct-yellow-gold-54574\\\/#primaryimage\"},\"thumbnailUrl\":\"https:\\\/\\\/static.purejewels.com\\\/wp-content\\\/uploads\\\/2025\\\/12\\\/SKU-53574.2.jpg\",\"datePublished\":\"2025-12-11T09:42:51+00:00\",\"dateModified\":\"2026-01-06T05:08:57+00:00\",\"description\":\"Graceful and radiant, these 22ct gold hoops feature twin rows of CZ stones \u2014 understated brilliance in a timeless form, handcrafted to perfection.\",\"breadcrumb\":{\"@id\":\"https:\\\/\\\/www.purejewels.com\\\/product\\\/radiant-embrace-cz-hoop-earrings-in-22ct-yellow-gold-54574\\\/#breadcrumb\"},\"inLanguage\":\"de\",\"potentialAction\":[{\"@type\":\"ReadAction\",\"target\":[\"https:\\\/\\\/www.purejewels.com\\\/product\\\/radiant-embrace-cz-hoop-earrings-in-22ct-yellow-gold-54574\\\/\"]}]},{\"@type\":\"ImageObject\",\"inLanguage\":\"de\",\"@id\":\"https:\\\/\\\/www.purejewels.com\\\/product\\\/radiant-embrace-cz-hoop-earrings-in-22ct-yellow-gold-54574\\\/#primaryimage\",\"url\":\"https:\\\/\\\/static.purejewels.com\\\/wp-content\\\/uploads\\\/2025\\\/12\\\/SKU-53574.2.jpg\",\"contentUrl\":\"https:\\\/\\\/static.purejewels.com\\\/wp-content\\\/uploads\\\/2025\\\/12\\\/SKU-53574.2.jpg\",\"width\":1000,\"height\":1000,\"caption\":\"Stacked from 7 images. Method=B (R=8,S=4)\"},{\"@type\":\"BreadcrumbList\",\"@id\":\"https:\\\/\\\/www.purejewels.com\\\/product\\\/radiant-embrace-cz-hoop-earrings-in-22ct-yellow-gold-54574\\\/#breadcrumb\",\"itemListElement\":[{\"@type\":\"ListItem\",\"position\":1,\"name\":\"Home\",\"item\":\"https:\\\/\\\/www.purejewels.com\\\/\"},{\"@type\":\"ListItem\",\"position\":2,\"name\":\"Shop\",\"item\":\"https:\\\/\\\/www.purejewels.com\\\/shop\\\/\"},{\"@type\":\"ListItem\",\"position\":3,\"name\":\"Radiant Embrace CZ Hoop Earrings in 22ct Yellow Gold\"}]},{\"@type\":\"WebSite\",\"@id\":\"https:\\\/\\\/www.purejewels.com\\\/#website\",\"url\":\"https:\\\/\\\/www.purejewels.com\\\/\",\"name\":\"PureJewels UK\",\"description\":\"Share the Love\",\"publisher\":{\"@id\":\"https:\\\/\\\/www.purejewels.com\\\/#organization\"},\"potentialAction\":[{\"@type\":\"SearchAction\",\"target\":{\"@type\":\"EntryPoint\",\"urlTemplate\":\"https:\\\/\\\/www.purejewels.com\\\/?s={search_term_string}\"},\"query-input\":{\"@type\":\"PropertyValueSpecification\",\"valueRequired\":true,\"valueName\":\"search_term_string\"}}],\"inLanguage\":\"de\"},{\"@type\":\"Organization\",\"@id\":\"https:\\\/\\\/www.purejewels.com\\\/#organization\",\"name\":\"PureJewels UK\",\"url\":\"https:\\\/\\\/www.purejewels.com\\\/\",\"logo\":{\"@type\":\"ImageObject\",\"inLanguage\":\"de\",\"@id\":\"https:\\\/\\\/www.purejewels.com\\\/#\\\/schema\\\/logo\\\/image\\\/\",\"url\":\"https:\\\/\\\/static.purejewels.com\\\/wp-content\\\/uploads\\\/2020\\\/11\\\/Logo-PJ-New-1.png\",\"contentUrl\":\"https:\\\/\\\/static.purejewels.com\\\/wp-content\\\/uploads\\\/2020\\\/11\\\/Logo-PJ-New-1.png\",\"width\":150,\"height\":80,\"caption\":\"PureJewels UK\"},\"image\":{\"@id\":\"https:\\\/\\\/www.purejewels.com\\\/#\\\/schema\\\/logo\\\/image\\\/\"}}]}<\/script>\n<!-- \/ Yoast SEO plugin. -->","yoast_head_json":{"title":"Edle CZ-Creolen aus 22 Karat Gelbgold | PureJewels UK","description":"Anmutig und strahlend: Diese 22-kar\u00e4tigen Goldcreolen sind mit zwei Reihen Zirkoniasteinen besetzt \u2013 zur\u00fcckhaltender Glanz in zeitloser Form, handgefertigt bis zur Perfektion.","robots":{"index":"index","follow":"follow","max-snippet":"max-snippet:-1","max-image-preview":"max-image-preview:large","max-video-preview":"max-video-preview:-1"},"canonical":"https:\/\/www.purejewels.com\/de\/produkt-2\/strahlende-umarmung-cz-creolen-aus-22-karat-gelbgold-54574\/","og_locale":"de_DE","og_type":"article","og_title":"Refined CZ Hoop Earrings in 22ct Yellow Gold | PureJewels UK","og_description":"Graceful and radiant, these 22ct gold hoops feature twin rows of CZ stones \u2014 understated brilliance in a timeless form, handcrafted to perfection.","og_url":"https:\/\/www.purejewels.com\/de\/produkt-2\/strahlende-umarmung-cz-creolen-aus-22-karat-gelbgold-54574\/","og_site_name":"PureJewels UK","article_modified_time":"2026-01-06T05:08:57+00:00","og_image":[{"width":1000,"height":1000,"url":"https:\/\/static.purejewels.com\/wp-content\/uploads\/2025\/12\/SKU-53574.2.jpg","type":"image\/jpeg"}],"twitter_card":"summary_large_image","twitter_misc":{"Gesch\u00e4tzte Lesezeit":"1\u00a0Minute"},"schema":{"@context":"https:\/\/schema.org","@graph":[{"@type":["WebPage","ItemPage"],"@id":"https:\/\/www.purejewels.com\/product\/radiant-embrace-cz-hoop-earrings-in-22ct-yellow-gold-54574\/","url":"https:\/\/www.purejewels.com\/product\/radiant-embrace-cz-hoop-earrings-in-22ct-yellow-gold-54574\/","name":"Edle CZ-Creolen aus 22 Karat Gelbgold | PureJewels UK","isPartOf":{"@id":"https:\/\/www.purejewels.com\/#website"},"primaryImageOfPage":{"@id":"https:\/\/www.purejewels.com\/product\/radiant-embrace-cz-hoop-earrings-in-22ct-yellow-gold-54574\/#primaryimage"},"image":{"@id":"https:\/\/www.purejewels.com\/product\/radiant-embrace-cz-hoop-earrings-in-22ct-yellow-gold-54574\/#primaryimage"},"thumbnailUrl":"https:\/\/static.purejewels.com\/wp-content\/uploads\/2025\/12\/SKU-53574.2.jpg","datePublished":"2025-12-11T09:42:51+00:00","dateModified":"2026-01-06T05:08:57+00:00","description":"Anmutig und strahlend: Diese 22-kar\u00e4tigen Goldcreolen sind mit zwei Reihen Zirkoniasteinen besetzt \u2013 zur\u00fcckhaltender Glanz in zeitloser Form, handgefertigt bis zur Perfektion.","breadcrumb":{"@id":"https:\/\/www.purejewels.com\/product\/radiant-embrace-cz-hoop-earrings-in-22ct-yellow-gold-54574\/#breadcrumb"},"inLanguage":"de","potentialAction":[{"@type":"ReadAction","target":["https:\/\/www.purejewels.com\/product\/radiant-embrace-cz-hoop-earrings-in-22ct-yellow-gold-54574\/"]}]},{"@type":"ImageObject","inLanguage":"de","@id":"https:\/\/www.purejewels.com\/product\/radiant-embrace-cz-hoop-earrings-in-22ct-yellow-gold-54574\/#primaryimage","url":"https:\/\/static.purejewels.com\/wp-content\/uploads\/2025\/12\/SKU-53574.2.jpg","contentUrl":"https:\/\/static.purejewels.com\/wp-content\/uploads\/2025\/12\/SKU-53574.2.jpg","width":1000,"height":1000,"caption":"Stacked from 7 images. Method=B (R=8,S=4)"},{"@type":"BreadcrumbList","@id":"https:\/\/www.purejewels.com\/product\/radiant-embrace-cz-hoop-earrings-in-22ct-yellow-gold-54574\/#breadcrumb","itemListElement":[{"@type":"ListItem","position":1,"name":"Home","item":"https:\/\/www.purejewels.com\/"},{"@type":"ListItem","position":2,"name":"Shop","item":"https:\/\/www.purejewels.com\/shop\/"},{"@type":"ListItem","position":3,"name":"Radiant Embrace CZ Hoop Earrings in 22ct Yellow Gold"}]},{"@type":"WebSite","@id":"https:\/\/www.purejewels.com\/#website","url":"https:\/\/www.purejewels.com\/","name":"PureJewels UK","description":"Teile die Liebe","publisher":{"@id":"https:\/\/www.purejewels.com\/#organization"},"potentialAction":[{"@type":"SearchAction","target":{"@type":"EntryPoint","urlTemplate":"https:\/\/www.purejewels.com\/?s={search_term_string}"},"query-input":{"@type":"PropertyValueSpecification","valueRequired":true,"valueName":"search_term_string"}}],"inLanguage":"de"},{"@type":"Organization","@id":"https:\/\/www.purejewels.com\/#organization","name":"PureJewels UK","url":"https:\/\/www.purejewels.com\/","logo":{"@type":"ImageObject","inLanguage":"de","@id":"https:\/\/www.purejewels.com\/#\/schema\/logo\/image\/","url":"https:\/\/static.purejewels.com\/wp-content\/uploads\/2020\/11\/Logo-PJ-New-1.png","contentUrl":"https:\/\/static.purejewels.com\/wp-content\/uploads\/2020\/11\/Logo-PJ-New-1.png","width":150,"height":80,"caption":"PureJewels UK"},"image":{"@id":"https:\/\/www.purejewels.com\/#\/schema\/logo\/image\/"}}]}},"_links":{"self":[{"href":"https:\/\/www.purejewels.com\/de\/wp-json\/wp\/v2\/product\/423041","targetHints":{"allow":["GET"]}}],"collection":[{"href":"https:\/\/www.purejewels.com\/de\/wp-json\/wp\/v2\/product"}],"about":[{"href":"https:\/\/www.purejewels.com\/de\/wp-json\/wp\/v2\/types\/product"}],"replies":[{"embeddable":true,"href":"https:\/\/www.purejewels.com\/de\/wp-json\/wp\/v2\/comments?post=423041"}],"version-history":[{"count":1,"href":"https:\/\/www.purejewels.com\/de\/wp-json\/wp\/v2\/product\/423041\/revisions"}],"predecessor-version":[{"id":423044,"href":"https:\/\/www.purejewels.com\/de\/wp-json\/wp\/v2\/product\/423041\/revisions\/423044"}],"wp:featuredmedia":[{"embeddable":true,"href":"https:\/\/www.purejewels.com\/de\/wp-json\/wp\/v2\/media\/423042"}],"wp:attachment":[{"href":"https:\/\/www.purejewels.com\/de\/wp-json\/wp\/v2\/media?parent=423041"}],"wp:term":[{"taxonomy":"product_brand","embeddable":true,"href":"https:\/\/www.purejewels.com\/de\/wp-json\/wp\/v2\/product_brand?post=423041"},{"taxonomy":"product_cat","embeddable":true,"href":"https:\/\/www.purejewels.com\/de\/wp-json\/wp\/v2\/product_cat?post=423041"},{"taxonomy":"product_tag","embeddable":true,"href":"https:\/\/www.purejewels.com\/de\/wp-json\/wp\/v2\/product_tag?post=423041"}],"curies":[{"name":"wp","href":"https:\/\/api.w.org\/{rel}","templated":true}]}}