{"id":423052,"date":"2025-12-12T11:38:25","date_gmt":"2025-12-12T11:38:25","guid":{"rendered":"https:\/\/www.purejewels.com\/?post_type=product&#038;p=423052"},"modified":"2026-05-08T04:49:32","modified_gmt":"2026-05-08T03:49:32","slug":"22-karat-gold-zariya-vanki-ring-grose-r-53187","status":"publish","type":"product","link":"https:\/\/www.purejewels.com\/de\/product\/22ct-sunrise-gold-zariya-vanki-ring-size-r-53187\/","title":{"rendered":"22 Karat Sunrise Gold Zariya Vanki Ring | Gr\u00f6\u00dfe R"},"content":{"rendered":"<p>Schlicht und doch \u00e4u\u00dferst raffiniert, w\u00fcrdigt der Zariya Vanki Ring aus 22 Karat Sunrise Gold das traditionelle s\u00fcdasiatische Design in seiner reinsten Form \u2013 und zelebriert dabei Form, Handwerkskunst und stille St\u00e4rke.<\/p>\n<p><strong>Gestaltung<\/strong><\/p>\n<p>Inspiriert von der klassischen Vanki- oder Armreifform, zeichnet sich dieser Ring durch eine anmutige, umgekehrte Bogenform aus, die an die jahrhundertelange kulturelle Bedeutung erinnert. Das gesamte Band ist mit einer verdrehten Seilstruktur verziert, die ihm Tiefe, Dimension und symbolische Kontinuit\u00e4t verleiht. Seine flie\u00dfende Silhouette schmiegt sich sanft an den Finger, w\u00e4hrend das offene Design ihm eine luftige Eleganz verleiht.<\/p>\n<p><strong>Handwerkliches K\u00f6nnen<\/strong><\/p>\n<p>Dieses St\u00fcck wurde aus 22 Karat Sunrise Gold handgeschmiedet \u2013 bekannt f\u00fcr seinen sanften Glanz und seine reichhaltige W\u00e4rme \u2013 und spiegelt das Engagement von PureJewels wider, traditionelle Techniken mit moderner Sensibilit\u00e4t zu bewahren. Die verdrehten Details erfordern pr\u00e4zise Bearbeitung, um perfekte Symmetrie und Ausgewogenheit zu gew\u00e4hrleisten. Der Ring ist vollst\u00e4ndig verstellbar und mit dem Punzenzeichen des London Assay Office versehen, einem Siegel f\u00fcr seine Reinheit und Echtheit.<\/p>\n<p><strong>Stil<\/strong><\/p>\n<p>Ohne Steine oder Blumenmotive besticht dieses Schmuckst\u00fcck durch seine strukturelle Schlichtheit. Der Zariya Vanki Ring ist ideal f\u00fcr alle, die minimalistischen Schmuck mit kultureller Tiefe bevorzugen. Er kann allein getragen werden, um einen raffinierten Akzent zu setzen, oder zusammen mit passenden Blumen- oder Edelsteinringen, um einen Kontrast zu schaffen.<\/p>","protected":false},"excerpt":{"rendered":"<p>Der minimalistische und dennoch auff\u00e4llige Ring \u201eZariya Vanki\u201c ist aus 22 Karat Sunrise Gold handgefertigt und verf\u00fcgt \u00fcber ein gedrehtes Seil-Finish und eine offene, skulpturale Silhouette \u2013 tragbares Erbe neu interpretiert.<\/p>\n<p><strong>Material:<\/strong> 22ct Sonnenaufgang Gold<br \/>\n<strong>Reinheit:<\/strong> 91.6% reines Gold<br \/>\n<strong>Wahrzeichen:<\/strong> Britisches G\u00fctesiegel<br \/>\n<strong>SKU:<\/strong> 53187<br \/>\n<strong>Gewicht:<\/strong> 2.4Gms<br \/>\n<strong>Ringgr\u00f6\u00dfe:<\/strong> R<\/p>\n<p><strong>Preis und Lieferung:<\/strong>\u00a0Inklusive Mehrwertsteuer und Lieferkosten<br \/>\n<a href=\"https:\/\/www.purejewels.com\/de\/ruckgabepolitik\/\"><strong>R\u00fcckgabepolitik<\/strong><\/a><\/p>","protected":false},"featured_media":423054,"comment_status":"closed","ping_status":"closed","template":"","meta":{"_eb_attr":"","_crsspst_to_jayantr4sg-hostcom":false},"product_brand":[],"product_cat":[1559,1794,5701,1792,1229,1235,1783,1786,1573,1574],"product_tag":[],"class_list":{"0":"post-423052","1":"product","2":"type-product","3":"status-publish","4":"has-post-thumbnail","6":"product_cat-birthday-gifts","7":"product_cat-christmas-gifts","8":"product_cat-eid-jewellery","9":"product_cat-festival-gifts","10":"product_cat-22ct-gold-jewellery","11":"product_cat-gold-rings","12":"product_cat-ladies-rings","13":"product_cat-occasional-wear-rings","14":"product_cat-wedding-gifts","15":"product_cat-womens-jewellery","17":"first","18":"outofstock","19":"taxable","20":"shipping-taxable","21":"product-type-simple","22":"add-to-wishlist-before_image"},"yoast_head":"<!-- This site is optimized with the Yoast SEO plugin v27.5 - https:\/\/yoast.com\/product\/yoast-seo-wordpress\/ -->\n<title>22ct Sunrise Gold Zariya Vanki Ring | PureJewels London<\/title>\n<meta name=\"description\" content=\"A graceful nod to tradition, the Zariya Vanki Ring in 22ct Sunrise Gold features a sculptural silhouette with twisted rope texture \u2014 elegant, adjustable.\" \/>\n<meta name=\"robots\" content=\"index, follow, max-snippet:-1, max-image-preview:large, max-video-preview:-1\" \/>\n<link rel=\"canonical\" href=\"https:\/\/www.purejewels.com\/de\/produkt-2\/22-karat-gold-zariya-vanki-ring-grose-r-53187\/\" \/>\n<meta property=\"og:locale\" content=\"de_DE\" \/>\n<meta property=\"og:type\" content=\"article\" \/>\n<meta property=\"og:title\" content=\"22ct Sunrise Gold Zariya Vanki Ring | PureJewels London\" \/>\n<meta property=\"og:description\" content=\"A graceful nod to tradition, the Zariya Vanki Ring in 22ct Sunrise Gold features a sculptural silhouette with twisted rope texture \u2014 elegant, adjustable.\" \/>\n<meta property=\"og:url\" content=\"https:\/\/www.purejewels.com\/de\/produkt-2\/22-karat-gold-zariya-vanki-ring-grose-r-53187\/\" \/>\n<meta property=\"og:site_name\" content=\"PureJewels UK\" \/>\n<meta property=\"article:modified_time\" content=\"2026-05-08T03:49:32+00:00\" \/>\n<meta property=\"og:image\" content=\"https:\/\/static.purejewels.com\/wp-content\/uploads\/2025\/12\/SKU-53187.jpg\" \/>\n\t<meta property=\"og:image:width\" content=\"1000\" \/>\n\t<meta property=\"og:image:height\" content=\"1000\" \/>\n\t<meta property=\"og:image:type\" content=\"image\/jpeg\" \/>\n<meta name=\"twitter:card\" content=\"summary_large_image\" \/>\n<meta name=\"twitter:label1\" content=\"Gesch\u00e4tzte Lesezeit\" \/>\n\t<meta name=\"twitter:data1\" content=\"2\u00a0Minuten\" \/>\n<script type=\"application\/ld+json\" class=\"yoast-schema-graph\">{\"@context\":\"https:\\\/\\\/schema.org\",\"@graph\":[{\"@type\":[\"WebPage\",\"ItemPage\"],\"@id\":\"https:\\\/\\\/www.purejewels.com\\\/product\\\/22ct-sunrise-gold-zariya-vanki-ring-size-r-53187\\\/\",\"url\":\"https:\\\/\\\/www.purejewels.com\\\/product\\\/22ct-sunrise-gold-zariya-vanki-ring-size-r-53187\\\/\",\"name\":\"22ct Sunrise Gold Zariya Vanki Ring | PureJewels London\",\"isPartOf\":{\"@id\":\"https:\\\/\\\/www.purejewels.com\\\/#website\"},\"primaryImageOfPage\":{\"@id\":\"https:\\\/\\\/www.purejewels.com\\\/product\\\/22ct-sunrise-gold-zariya-vanki-ring-size-r-53187\\\/#primaryimage\"},\"image\":{\"@id\":\"https:\\\/\\\/www.purejewels.com\\\/product\\\/22ct-sunrise-gold-zariya-vanki-ring-size-r-53187\\\/#primaryimage\"},\"thumbnailUrl\":\"https:\\\/\\\/static.purejewels.com\\\/wp-content\\\/uploads\\\/2025\\\/12\\\/SKU-53187.jpg\",\"datePublished\":\"2025-12-12T11:38:25+00:00\",\"dateModified\":\"2026-05-08T03:49:32+00:00\",\"description\":\"A graceful nod to tradition, the Zariya Vanki Ring in 22ct Sunrise Gold features a sculptural silhouette with twisted rope texture \u2014 elegant, adjustable.\",\"breadcrumb\":{\"@id\":\"https:\\\/\\\/www.purejewels.com\\\/product\\\/22ct-sunrise-gold-zariya-vanki-ring-size-r-53187\\\/#breadcrumb\"},\"inLanguage\":\"de\",\"potentialAction\":[{\"@type\":\"ReadAction\",\"target\":[\"https:\\\/\\\/www.purejewels.com\\\/product\\\/22ct-sunrise-gold-zariya-vanki-ring-size-r-53187\\\/\"]}]},{\"@type\":\"ImageObject\",\"inLanguage\":\"de\",\"@id\":\"https:\\\/\\\/www.purejewels.com\\\/product\\\/22ct-sunrise-gold-zariya-vanki-ring-size-r-53187\\\/#primaryimage\",\"url\":\"https:\\\/\\\/static.purejewels.com\\\/wp-content\\\/uploads\\\/2025\\\/12\\\/SKU-53187.jpg\",\"contentUrl\":\"https:\\\/\\\/static.purejewels.com\\\/wp-content\\\/uploads\\\/2025\\\/12\\\/SKU-53187.jpg\",\"width\":1000,\"height\":1000,\"caption\":\"Stacked from 6 images. Method=B (R=8,S=4)\"},{\"@type\":\"BreadcrumbList\",\"@id\":\"https:\\\/\\\/www.purejewels.com\\\/product\\\/22ct-sunrise-gold-zariya-vanki-ring-size-r-53187\\\/#breadcrumb\",\"itemListElement\":[{\"@type\":\"ListItem\",\"position\":1,\"name\":\"Home\",\"item\":\"https:\\\/\\\/www.purejewels.com\\\/\"},{\"@type\":\"ListItem\",\"position\":2,\"name\":\"Shop\",\"item\":\"https:\\\/\\\/www.purejewels.com\\\/shop\\\/\"},{\"@type\":\"ListItem\",\"position\":3,\"name\":\"22ct Sunrise Gold Zariya Vanki Ring | Size R\"}]},{\"@type\":\"WebSite\",\"@id\":\"https:\\\/\\\/www.purejewels.com\\\/#website\",\"url\":\"https:\\\/\\\/www.purejewels.com\\\/\",\"name\":\"PureJewels UK\",\"description\":\"Share the Love\",\"publisher\":{\"@id\":\"https:\\\/\\\/www.purejewels.com\\\/#organization\"},\"potentialAction\":[{\"@type\":\"SearchAction\",\"target\":{\"@type\":\"EntryPoint\",\"urlTemplate\":\"https:\\\/\\\/www.purejewels.com\\\/?s={search_term_string}\"},\"query-input\":{\"@type\":\"PropertyValueSpecification\",\"valueRequired\":true,\"valueName\":\"search_term_string\"}}],\"inLanguage\":\"de\"},{\"@type\":\"Organization\",\"@id\":\"https:\\\/\\\/www.purejewels.com\\\/#organization\",\"name\":\"PureJewels UK\",\"url\":\"https:\\\/\\\/www.purejewels.com\\\/\",\"logo\":{\"@type\":\"ImageObject\",\"inLanguage\":\"de\",\"@id\":\"https:\\\/\\\/www.purejewels.com\\\/#\\\/schema\\\/logo\\\/image\\\/\",\"url\":\"https:\\\/\\\/static.purejewels.com\\\/wp-content\\\/uploads\\\/2020\\\/11\\\/Logo-PJ-New-1.png\",\"contentUrl\":\"https:\\\/\\\/static.purejewels.com\\\/wp-content\\\/uploads\\\/2020\\\/11\\\/Logo-PJ-New-1.png\",\"width\":150,\"height\":80,\"caption\":\"PureJewels UK\"},\"image\":{\"@id\":\"https:\\\/\\\/www.purejewels.com\\\/#\\\/schema\\\/logo\\\/image\\\/\"}}]}<\/script>\n<!-- \/ Yoast SEO plugin. -->","yoast_head_json":{"title":"22 Karat Sunrise Gold Zariya Vanki Ring | PureJewels London","description":"Der Zariya Vanki Ring aus 22 Karat Sunrise Gold ist eine elegante Hommage an die Tradition und zeichnet sich durch eine skulpturale Silhouette mit gedrehter Seilstruktur aus \u2013 elegant und verstellbar.","robots":{"index":"index","follow":"follow","max-snippet":"max-snippet:-1","max-image-preview":"max-image-preview:large","max-video-preview":"max-video-preview:-1"},"canonical":"https:\/\/www.purejewels.com\/de\/produkt-2\/22-karat-gold-zariya-vanki-ring-grose-r-53187\/","og_locale":"de_DE","og_type":"article","og_title":"22ct Sunrise Gold Zariya Vanki Ring | PureJewels London","og_description":"A graceful nod to tradition, the Zariya Vanki Ring in 22ct Sunrise Gold features a sculptural silhouette with twisted rope texture \u2014 elegant, adjustable.","og_url":"https:\/\/www.purejewels.com\/de\/produkt-2\/22-karat-gold-zariya-vanki-ring-grose-r-53187\/","og_site_name":"PureJewels UK","article_modified_time":"2026-05-08T03:49:32+00:00","og_image":[{"width":1000,"height":1000,"url":"https:\/\/static.purejewels.com\/wp-content\/uploads\/2025\/12\/SKU-53187.jpg","type":"image\/jpeg"}],"twitter_card":"summary_large_image","twitter_misc":{"Gesch\u00e4tzte Lesezeit":"2\u00a0Minuten"},"schema":{"@context":"https:\/\/schema.org","@graph":[{"@type":["WebPage","ItemPage"],"@id":"https:\/\/www.purejewels.com\/product\/22ct-sunrise-gold-zariya-vanki-ring-size-r-53187\/","url":"https:\/\/www.purejewels.com\/product\/22ct-sunrise-gold-zariya-vanki-ring-size-r-53187\/","name":"22 Karat Sunrise Gold Zariya Vanki Ring | PureJewels London","isPartOf":{"@id":"https:\/\/www.purejewels.com\/#website"},"primaryImageOfPage":{"@id":"https:\/\/www.purejewels.com\/product\/22ct-sunrise-gold-zariya-vanki-ring-size-r-53187\/#primaryimage"},"image":{"@id":"https:\/\/www.purejewels.com\/product\/22ct-sunrise-gold-zariya-vanki-ring-size-r-53187\/#primaryimage"},"thumbnailUrl":"https:\/\/static.purejewels.com\/wp-content\/uploads\/2025\/12\/SKU-53187.jpg","datePublished":"2025-12-12T11:38:25+00:00","dateModified":"2026-05-08T03:49:32+00:00","description":"Der Zariya Vanki Ring aus 22 Karat Sunrise Gold ist eine elegante Hommage an die Tradition und zeichnet sich durch eine skulpturale Silhouette mit gedrehter Seilstruktur aus \u2013 elegant und verstellbar.","breadcrumb":{"@id":"https:\/\/www.purejewels.com\/product\/22ct-sunrise-gold-zariya-vanki-ring-size-r-53187\/#breadcrumb"},"inLanguage":"de","potentialAction":[{"@type":"ReadAction","target":["https:\/\/www.purejewels.com\/product\/22ct-sunrise-gold-zariya-vanki-ring-size-r-53187\/"]}]},{"@type":"ImageObject","inLanguage":"de","@id":"https:\/\/www.purejewels.com\/product\/22ct-sunrise-gold-zariya-vanki-ring-size-r-53187\/#primaryimage","url":"https:\/\/static.purejewels.com\/wp-content\/uploads\/2025\/12\/SKU-53187.jpg","contentUrl":"https:\/\/static.purejewels.com\/wp-content\/uploads\/2025\/12\/SKU-53187.jpg","width":1000,"height":1000,"caption":"Stacked from 6 images. Method=B (R=8,S=4)"},{"@type":"BreadcrumbList","@id":"https:\/\/www.purejewels.com\/product\/22ct-sunrise-gold-zariya-vanki-ring-size-r-53187\/#breadcrumb","itemListElement":[{"@type":"ListItem","position":1,"name":"Home","item":"https:\/\/www.purejewels.com\/"},{"@type":"ListItem","position":2,"name":"Shop","item":"https:\/\/www.purejewels.com\/shop\/"},{"@type":"ListItem","position":3,"name":"22ct Sunrise Gold Zariya Vanki Ring | Size R"}]},{"@type":"WebSite","@id":"https:\/\/www.purejewels.com\/#website","url":"https:\/\/www.purejewels.com\/","name":"PureJewels UK","description":"Teile die Liebe","publisher":{"@id":"https:\/\/www.purejewels.com\/#organization"},"potentialAction":[{"@type":"SearchAction","target":{"@type":"EntryPoint","urlTemplate":"https:\/\/www.purejewels.com\/?s={search_term_string}"},"query-input":{"@type":"PropertyValueSpecification","valueRequired":true,"valueName":"search_term_string"}}],"inLanguage":"de"},{"@type":"Organization","@id":"https:\/\/www.purejewels.com\/#organization","name":"PureJewels UK","url":"https:\/\/www.purejewels.com\/","logo":{"@type":"ImageObject","inLanguage":"de","@id":"https:\/\/www.purejewels.com\/#\/schema\/logo\/image\/","url":"https:\/\/static.purejewels.com\/wp-content\/uploads\/2020\/11\/Logo-PJ-New-1.png","contentUrl":"https:\/\/static.purejewels.com\/wp-content\/uploads\/2020\/11\/Logo-PJ-New-1.png","width":150,"height":80,"caption":"PureJewels UK"},"image":{"@id":"https:\/\/www.purejewels.com\/#\/schema\/logo\/image\/"}}]}},"_links":{"self":[{"href":"https:\/\/www.purejewels.com\/de\/wp-json\/wp\/v2\/product\/423052","targetHints":{"allow":["GET"]}}],"collection":[{"href":"https:\/\/www.purejewels.com\/de\/wp-json\/wp\/v2\/product"}],"about":[{"href":"https:\/\/www.purejewels.com\/de\/wp-json\/wp\/v2\/types\/product"}],"replies":[{"embeddable":true,"href":"https:\/\/www.purejewels.com\/de\/wp-json\/wp\/v2\/comments?post=423052"}],"version-history":[{"count":1,"href":"https:\/\/www.purejewels.com\/de\/wp-json\/wp\/v2\/product\/423052\/revisions"}],"predecessor-version":[{"id":423055,"href":"https:\/\/www.purejewels.com\/de\/wp-json\/wp\/v2\/product\/423052\/revisions\/423055"}],"wp:featuredmedia":[{"embeddable":true,"href":"https:\/\/www.purejewels.com\/de\/wp-json\/wp\/v2\/media\/423054"}],"wp:attachment":[{"href":"https:\/\/www.purejewels.com\/de\/wp-json\/wp\/v2\/media?parent=423052"}],"wp:term":[{"taxonomy":"product_brand","embeddable":true,"href":"https:\/\/www.purejewels.com\/de\/wp-json\/wp\/v2\/product_brand?post=423052"},{"taxonomy":"product_cat","embeddable":true,"href":"https:\/\/www.purejewels.com\/de\/wp-json\/wp\/v2\/product_cat?post=423052"},{"taxonomy":"product_tag","embeddable":true,"href":"https:\/\/www.purejewels.com\/de\/wp-json\/wp\/v2\/product_tag?post=423052"}],"curies":[{"name":"wp","href":"https:\/\/api.w.org\/{rel}","templated":true}]}}