{"id":423176,"date":"2025-12-16T07:47:08","date_gmt":"2025-12-16T07:47:08","guid":{"rendered":"https:\/\/www.purejewels.com\/?post_type=product&#038;p=423176"},"modified":"2026-04-29T07:37:37","modified_gmt":"2026-04-29T06:37:37","slug":"klassische-strukturierte-creolen-aus-22-karat-gold-53866","status":"publish","type":"product","link":"https:\/\/www.purejewels.com\/de\/product\/22ct-gold-classic-textured-hoop-earrings-53866\/","title":{"rendered":"Klassische strukturierte Creolen aus 22 Karat Gold"},"content":{"rendered":"<p data-start=\"0\" data-end=\"390\"><strong data-start=\"0\" data-end=\"18\">Designkonzept<\/strong><br data-start=\"18\" data-end=\"21\" \/>Diese klassischen Creolen haben ein sanft abgerundetes Profil und eine raffinierte strukturierte Oberfl\u00e4che, die dem Design Tiefe und einen ruhigen Charakter verleiht. Die Details unterstreichen die nat\u00fcrliche W\u00e4rme von 22 Karat Gold und sorgen gleichzeitig f\u00fcr eine zeitlose und ausgewogene Silhouette. Sie sind so gestaltet, dass sie vertraut und dennoch unverwechselbar wirken und bieten einen eleganten Ausdruck von allt\u00e4glichem Luxus.<\/p>\n<p data-start=\"392\" data-end=\"810\"><strong data-start=\"392\" data-end=\"409\">Handwerkliches K\u00f6nnen<\/strong><br data-start=\"409\" data-end=\"412\" \/>Jeder Reif ist aus 22 Karat Gold gefertigt und wird sorgf\u00e4ltig geformt und von Hand vollendet, um einen gleichm\u00e4\u00dfigen Struktureffekt auf der gesamten Oberfl\u00e4che zu erzielen. Die Konstruktion gew\u00e4hrleistet Festigkeit und geschmeidige Beweglichkeit, sodass die Ohrringe den ganzen Tag \u00fcber bequem getragen werden k\u00f6nnen. Diese Ohrringe sind poliert, um die F\u00fclle des Goldes hervorzuheben, und in Gro\u00dfbritannien mit einem Feingehaltsstempel versehen. Sie spiegeln langj\u00e4hrige Handwerkskunst und Liebe zum Detail wider.<\/p>\n<p data-start=\"812\" data-end=\"1184\" data-is-last-node=\"\" data-is-only-node=\"\"><strong data-start=\"812\" data-end=\"829\">Styling-Ideen<\/strong><br data-start=\"829\" data-end=\"832\" \/>Tragen Sie diese Creolen als t\u00e4gliches Accessoire zu legeren Anz\u00fcgen, Strickwaren oder traditioneller Kleidung f\u00fcr einen m\u00fchelos eleganten Look. Dank ihrer strukturierten Oberfl\u00e4che k\u00f6nnen sie einzeln getragen werden oder lassen sich wunderbar mit dezenten Ohrsteckern und Ohrklemmen kombinieren. Sie eignen sich ideal als Geschenk zu Geburtstagen, Jubil\u00e4en oder bedeutenden Meilensteinen und sind so gestaltet, dass sie oft getragen und \u00fcber lange Zeit gesch\u00e4tzt werden k\u00f6nnen.<\/p>","protected":false},"excerpt":{"rendered":"<p>Diese 22-kar\u00e4tigen Gold-Creolen zeichnen sich durch eine klassische, abgerundete Silhouette aus, die durch eine fein strukturierte Oberfl\u00e4che bereichert wird. Die subtilen Details verleihen ihnen Tiefe und W\u00e4rme und bewahren gleichzeitig ihren eleganten, zeitlosen Charakter. Sie wurden f\u00fcr den t\u00e4glichen Tragekomfort entworfen und bieten ein raffiniertes Finish, das sowohl zu Freizeitkleidung als auch zu festlicher Kleidung passt. Ein vielseitiges Must-have, das sich m\u00fchelos kombinieren l\u00e4sst.<\/p>\n<p><strong>Material:<\/strong> 22ct Gold (91,6% reines Gold)<strong><br \/>\nWahrzeichen:\u00a0<\/strong>Britisches G\u00fctesiegel<strong><br \/>\n<\/strong><strong>Gewicht: <\/strong>3,37 Gramm<br \/>\n<strong>Innendurchmesser:<\/strong> 29mm<strong><br \/>\nSKU: <\/strong>53866, 53872, 53893, 53895<\/p>\n<p><strong>Preis und Lieferung<\/strong>:Inklusive Mehrwertsteuer und Lieferkosten<\/p>\n<p><a href=\"https:\/\/www.purejewels.com\/de\/ruckgabepolitik\/\">R\u00fcckgabepolitik<\/a><\/p>","protected":false},"featured_media":401634,"comment_status":"closed","ping_status":"closed","template":"","meta":{"_eb_attr":"","_crsspst_to_jayantr4sg-hostcom":true},"product_brand":[],"product_cat":[1791,1559,1794,1793,1254,1229,1579,1570,5608,1574,5349],"product_tag":[66],"class_list":{"0":"post-423176","1":"product","2":"type-product","3":"status-publish","4":"has-post-thumbnail","6":"product_cat-anniversary-gifts","7":"product_cat-birthday-gifts","8":"product_cat-christmas-gifts","9":"product_cat-diwali-gifts","10":"product_cat-gold-earrings","11":"product_cat-22ct-gold-jewellery","12":"product_cat-hoop-earrings","13":"product_cat-mothers-day-gifts","14":"product_cat-simple-hoops","15":"product_cat-womens-jewellery","16":"product_cat-yellow-gold-jewellery","17":"product_tag-earrings","19":"first","20":"instock","21":"taxable","22":"shipping-taxable","23":"purchasable","24":"product-type-simple","25":"add-to-wishlist-before_image"},"yoast_head":"<!-- This site is optimized with the Yoast SEO plugin v27.5 - https:\/\/yoast.com\/product\/yoast-seo-wordpress\/ -->\n<title>Textured 22ct Gold Hoop Earrings for Everyday Elegance<\/title>\n<meta name=\"description\" content=\"Shop refined 22ct gold hoop earrings with a classic textured finish. Hallmarked in the UK, these elegant hoops are designed for comfortable everyday wear.\" \/>\n<meta name=\"robots\" content=\"index, follow, max-snippet:-1, max-image-preview:large, max-video-preview:-1\" \/>\n<link rel=\"canonical\" href=\"https:\/\/www.purejewels.com\/de\/produkt-2\/klassische-strukturierte-creolen-aus-22-karat-gold-53866\/\" \/>\n<meta property=\"og:locale\" content=\"de_DE\" \/>\n<meta property=\"og:type\" content=\"article\" \/>\n<meta property=\"og:title\" content=\"Textured 22ct Gold Hoop Earrings for Everyday Elegance\" \/>\n<meta property=\"og:description\" content=\"Shop refined 22ct gold hoop earrings with a classic textured finish. Hallmarked in the UK, these elegant hoops are designed for comfortable everyday wear.\" \/>\n<meta property=\"og:url\" content=\"https:\/\/www.purejewels.com\/de\/produkt-2\/klassische-strukturierte-creolen-aus-22-karat-gold-53866\/\" \/>\n<meta property=\"og:site_name\" content=\"PureJewels UK\" \/>\n<meta property=\"article:modified_time\" content=\"2026-04-29T06:37:37+00:00\" \/>\n<meta property=\"og:image\" content=\"https:\/\/static.purejewels.com\/wp-content\/uploads\/2024\/10\/SKU-52144-52149-52145.png\" \/>\n\t<meta property=\"og:image:width\" content=\"1000\" \/>\n\t<meta property=\"og:image:height\" content=\"1000\" \/>\n\t<meta property=\"og:image:type\" content=\"image\/png\" \/>\n<meta name=\"twitter:card\" content=\"summary_large_image\" \/>\n<meta name=\"twitter:label1\" content=\"Gesch\u00e4tzte Lesezeit\" \/>\n\t<meta name=\"twitter:data1\" content=\"1\u00a0Minute\" \/>\n<script type=\"application\/ld+json\" class=\"yoast-schema-graph\">{\"@context\":\"https:\\\/\\\/schema.org\",\"@graph\":[{\"@type\":[\"WebPage\",\"ItemPage\"],\"@id\":\"https:\\\/\\\/www.purejewels.com\\\/product\\\/22ct-gold-classic-textured-hoop-earrings-53866\\\/\",\"url\":\"https:\\\/\\\/www.purejewels.com\\\/product\\\/22ct-gold-classic-textured-hoop-earrings-53866\\\/\",\"name\":\"Textured 22ct Gold Hoop Earrings for Everyday Elegance\",\"isPartOf\":{\"@id\":\"https:\\\/\\\/www.purejewels.com\\\/#website\"},\"primaryImageOfPage\":{\"@id\":\"https:\\\/\\\/www.purejewels.com\\\/product\\\/22ct-gold-classic-textured-hoop-earrings-53866\\\/#primaryimage\"},\"image\":{\"@id\":\"https:\\\/\\\/www.purejewels.com\\\/product\\\/22ct-gold-classic-textured-hoop-earrings-53866\\\/#primaryimage\"},\"thumbnailUrl\":\"https:\\\/\\\/static.purejewels.com\\\/wp-content\\\/uploads\\\/2024\\\/10\\\/SKU-52144-52149-52145.png\",\"datePublished\":\"2025-12-16T07:47:08+00:00\",\"dateModified\":\"2026-04-29T06:37:37+00:00\",\"description\":\"Shop refined 22ct gold hoop earrings with a classic textured finish. Hallmarked in the UK, these elegant hoops are designed for comfortable everyday wear.\",\"breadcrumb\":{\"@id\":\"https:\\\/\\\/www.purejewels.com\\\/product\\\/22ct-gold-classic-textured-hoop-earrings-53866\\\/#breadcrumb\"},\"inLanguage\":\"de\",\"potentialAction\":[{\"@type\":\"ReadAction\",\"target\":[\"https:\\\/\\\/www.purejewels.com\\\/product\\\/22ct-gold-classic-textured-hoop-earrings-53866\\\/\"]}]},{\"@type\":\"ImageObject\",\"inLanguage\":\"de\",\"@id\":\"https:\\\/\\\/www.purejewels.com\\\/product\\\/22ct-gold-classic-textured-hoop-earrings-53866\\\/#primaryimage\",\"url\":\"https:\\\/\\\/static.purejewels.com\\\/wp-content\\\/uploads\\\/2024\\\/10\\\/SKU-52144-52149-52145.png\",\"contentUrl\":\"https:\\\/\\\/static.purejewels.com\\\/wp-content\\\/uploads\\\/2024\\\/10\\\/SKU-52144-52149-52145.png\",\"width\":1000,\"height\":1000,\"caption\":\"22ct Gold Designer Hoop Earring\"},{\"@type\":\"BreadcrumbList\",\"@id\":\"https:\\\/\\\/www.purejewels.com\\\/product\\\/22ct-gold-classic-textured-hoop-earrings-53866\\\/#breadcrumb\",\"itemListElement\":[{\"@type\":\"ListItem\",\"position\":1,\"name\":\"Home\",\"item\":\"https:\\\/\\\/www.purejewels.com\\\/\"},{\"@type\":\"ListItem\",\"position\":2,\"name\":\"Shop\",\"item\":\"https:\\\/\\\/www.purejewels.com\\\/shop\\\/\"},{\"@type\":\"ListItem\",\"position\":3,\"name\":\"22ct Gold Classic Textured Hoop Earrings\"}]},{\"@type\":\"WebSite\",\"@id\":\"https:\\\/\\\/www.purejewels.com\\\/#website\",\"url\":\"https:\\\/\\\/www.purejewels.com\\\/\",\"name\":\"PureJewels UK\",\"description\":\"Share the Love\",\"publisher\":{\"@id\":\"https:\\\/\\\/www.purejewels.com\\\/#organization\"},\"potentialAction\":[{\"@type\":\"SearchAction\",\"target\":{\"@type\":\"EntryPoint\",\"urlTemplate\":\"https:\\\/\\\/www.purejewels.com\\\/?s={search_term_string}\"},\"query-input\":{\"@type\":\"PropertyValueSpecification\",\"valueRequired\":true,\"valueName\":\"search_term_string\"}}],\"inLanguage\":\"de\"},{\"@type\":\"Organization\",\"@id\":\"https:\\\/\\\/www.purejewels.com\\\/#organization\",\"name\":\"PureJewels UK\",\"url\":\"https:\\\/\\\/www.purejewels.com\\\/\",\"logo\":{\"@type\":\"ImageObject\",\"inLanguage\":\"de\",\"@id\":\"https:\\\/\\\/www.purejewels.com\\\/#\\\/schema\\\/logo\\\/image\\\/\",\"url\":\"https:\\\/\\\/static.purejewels.com\\\/wp-content\\\/uploads\\\/2020\\\/11\\\/Logo-PJ-New-1.png\",\"contentUrl\":\"https:\\\/\\\/static.purejewels.com\\\/wp-content\\\/uploads\\\/2020\\\/11\\\/Logo-PJ-New-1.png\",\"width\":150,\"height\":80,\"caption\":\"PureJewels UK\"},\"image\":{\"@id\":\"https:\\\/\\\/www.purejewels.com\\\/#\\\/schema\\\/logo\\\/image\\\/\"}}]}<\/script>\n<!-- \/ Yoast SEO plugin. -->","yoast_head_json":{"title":"Strukturierte 22-kar\u00e4tige Gold-Creolen f\u00fcr alltagstaugliche Eleganz","description":"Entdecken Sie raffinierte 22-kar\u00e4tige Gold-Creolen mit klassischer Struktur. Diese eleganten Creolen sind in Gro\u00dfbritannien punziert und f\u00fcr den bequemen Alltagstragen konzipiert.","robots":{"index":"index","follow":"follow","max-snippet":"max-snippet:-1","max-image-preview":"max-image-preview:large","max-video-preview":"max-video-preview:-1"},"canonical":"https:\/\/www.purejewels.com\/de\/produkt-2\/klassische-strukturierte-creolen-aus-22-karat-gold-53866\/","og_locale":"de_DE","og_type":"article","og_title":"Textured 22ct Gold Hoop Earrings for Everyday Elegance","og_description":"Shop refined 22ct gold hoop earrings with a classic textured finish. Hallmarked in the UK, these elegant hoops are designed for comfortable everyday wear.","og_url":"https:\/\/www.purejewels.com\/de\/produkt-2\/klassische-strukturierte-creolen-aus-22-karat-gold-53866\/","og_site_name":"PureJewels UK","article_modified_time":"2026-04-29T06:37:37+00:00","og_image":[{"width":1000,"height":1000,"url":"https:\/\/static.purejewels.com\/wp-content\/uploads\/2024\/10\/SKU-52144-52149-52145.png","type":"image\/png"}],"twitter_card":"summary_large_image","twitter_misc":{"Gesch\u00e4tzte Lesezeit":"1\u00a0Minute"},"schema":{"@context":"https:\/\/schema.org","@graph":[{"@type":["WebPage","ItemPage"],"@id":"https:\/\/www.purejewels.com\/product\/22ct-gold-classic-textured-hoop-earrings-53866\/","url":"https:\/\/www.purejewels.com\/product\/22ct-gold-classic-textured-hoop-earrings-53866\/","name":"Strukturierte 22-kar\u00e4tige Gold-Creolen f\u00fcr alltagstaugliche Eleganz","isPartOf":{"@id":"https:\/\/www.purejewels.com\/#website"},"primaryImageOfPage":{"@id":"https:\/\/www.purejewels.com\/product\/22ct-gold-classic-textured-hoop-earrings-53866\/#primaryimage"},"image":{"@id":"https:\/\/www.purejewels.com\/product\/22ct-gold-classic-textured-hoop-earrings-53866\/#primaryimage"},"thumbnailUrl":"https:\/\/static.purejewels.com\/wp-content\/uploads\/2024\/10\/SKU-52144-52149-52145.png","datePublished":"2025-12-16T07:47:08+00:00","dateModified":"2026-04-29T06:37:37+00:00","description":"Entdecken Sie raffinierte 22-kar\u00e4tige Gold-Creolen mit klassischer Struktur. Diese eleganten Creolen sind in Gro\u00dfbritannien punziert und f\u00fcr den bequemen Alltagstragen konzipiert.","breadcrumb":{"@id":"https:\/\/www.purejewels.com\/product\/22ct-gold-classic-textured-hoop-earrings-53866\/#breadcrumb"},"inLanguage":"de","potentialAction":[{"@type":"ReadAction","target":["https:\/\/www.purejewels.com\/product\/22ct-gold-classic-textured-hoop-earrings-53866\/"]}]},{"@type":"ImageObject","inLanguage":"de","@id":"https:\/\/www.purejewels.com\/product\/22ct-gold-classic-textured-hoop-earrings-53866\/#primaryimage","url":"https:\/\/static.purejewels.com\/wp-content\/uploads\/2024\/10\/SKU-52144-52149-52145.png","contentUrl":"https:\/\/static.purejewels.com\/wp-content\/uploads\/2024\/10\/SKU-52144-52149-52145.png","width":1000,"height":1000,"caption":"22ct Gold Designer Hoop Earring"},{"@type":"BreadcrumbList","@id":"https:\/\/www.purejewels.com\/product\/22ct-gold-classic-textured-hoop-earrings-53866\/#breadcrumb","itemListElement":[{"@type":"ListItem","position":1,"name":"Home","item":"https:\/\/www.purejewels.com\/"},{"@type":"ListItem","position":2,"name":"Shop","item":"https:\/\/www.purejewels.com\/shop\/"},{"@type":"ListItem","position":3,"name":"22ct Gold Classic Textured Hoop Earrings"}]},{"@type":"WebSite","@id":"https:\/\/www.purejewels.com\/#website","url":"https:\/\/www.purejewels.com\/","name":"PureJewels UK","description":"Teile die Liebe","publisher":{"@id":"https:\/\/www.purejewels.com\/#organization"},"potentialAction":[{"@type":"SearchAction","target":{"@type":"EntryPoint","urlTemplate":"https:\/\/www.purejewels.com\/?s={search_term_string}"},"query-input":{"@type":"PropertyValueSpecification","valueRequired":true,"valueName":"search_term_string"}}],"inLanguage":"de"},{"@type":"Organization","@id":"https:\/\/www.purejewels.com\/#organization","name":"PureJewels UK","url":"https:\/\/www.purejewels.com\/","logo":{"@type":"ImageObject","inLanguage":"de","@id":"https:\/\/www.purejewels.com\/#\/schema\/logo\/image\/","url":"https:\/\/static.purejewels.com\/wp-content\/uploads\/2020\/11\/Logo-PJ-New-1.png","contentUrl":"https:\/\/static.purejewels.com\/wp-content\/uploads\/2020\/11\/Logo-PJ-New-1.png","width":150,"height":80,"caption":"PureJewels UK"},"image":{"@id":"https:\/\/www.purejewels.com\/#\/schema\/logo\/image\/"}}]}},"_links":{"self":[{"href":"https:\/\/www.purejewels.com\/de\/wp-json\/wp\/v2\/product\/423176","targetHints":{"allow":["GET"]}}],"collection":[{"href":"https:\/\/www.purejewels.com\/de\/wp-json\/wp\/v2\/product"}],"about":[{"href":"https:\/\/www.purejewels.com\/de\/wp-json\/wp\/v2\/types\/product"}],"replies":[{"embeddable":true,"href":"https:\/\/www.purejewels.com\/de\/wp-json\/wp\/v2\/comments?post=423176"}],"version-history":[{"count":3,"href":"https:\/\/www.purejewels.com\/de\/wp-json\/wp\/v2\/product\/423176\/revisions"}],"predecessor-version":[{"id":426629,"href":"https:\/\/www.purejewels.com\/de\/wp-json\/wp\/v2\/product\/423176\/revisions\/426629"}],"wp:featuredmedia":[{"embeddable":true,"href":"https:\/\/www.purejewels.com\/de\/wp-json\/wp\/v2\/media\/401634"}],"wp:attachment":[{"href":"https:\/\/www.purejewels.com\/de\/wp-json\/wp\/v2\/media?parent=423176"}],"wp:term":[{"taxonomy":"product_brand","embeddable":true,"href":"https:\/\/www.purejewels.com\/de\/wp-json\/wp\/v2\/product_brand?post=423176"},{"taxonomy":"product_cat","embeddable":true,"href":"https:\/\/www.purejewels.com\/de\/wp-json\/wp\/v2\/product_cat?post=423176"},{"taxonomy":"product_tag","embeddable":true,"href":"https:\/\/www.purejewels.com\/de\/wp-json\/wp\/v2\/product_tag?post=423176"}],"curies":[{"name":"wp","href":"https:\/\/api.w.org\/{rel}","templated":true}]}}