{"id":423596,"date":"2025-12-22T05:09:36","date_gmt":"2025-12-22T05:09:36","guid":{"rendered":"https:\/\/www.purejewels.com\/?post_type=product&#038;p=423596"},"modified":"2026-04-07T09:46:35","modified_gmt":"2026-04-07T08:46:35","slug":"22-karat-sonnenaufgangsgold-minimalistischer-ehering-2-mm-48389","status":"publish","type":"product","link":"https:\/\/www.purejewels.com\/de\/product\/22ct-sunrise-gold-minimal-wedding-band-2mm-48389\/","title":{"rendered":"22 Karat Sunrise Gold Minimalistischer Ehering \u2013 2 mm"},"content":{"rendered":"<p><strong>Designkonzept<\/strong><\/p>\n<p>Der Minimal Wedding Band in 2 mm verk\u00f6rpert Reinheit in seiner Form. Er ist aus dem f\u00fcr PureJewels typischen 22-kar\u00e4tigen Sunrise Gold gefertigt und bietet mit seinem feinen Profil sowohl Komfort als auch Anmut. Inspiriert von der Einfachheit ewiger Liebe, ist dieser Ring ideal f\u00fcr diejenigen, die Subtilit\u00e4t mit Substanz suchen \u2013 ein m\u00fcheloser Begleiter f\u00fcr die Meilensteine des Lebens.<\/p>\n<p><strong>Handwerkliches K\u00f6nnen<\/strong><\/p>\n<p>Dieser Ring wurde in London von erfahrenen Handwerkern hergestellt und unter Verwendung pr\u00e4ziser Stanztechniken gefertigt, die seine Struktur und Haltbarkeit verbessern. Die hochglanzpolierte Oberfl\u00e4che verleiht ihm W\u00e4rme und Tiefe, w\u00e4hrend die Innenkurve der klassischen Court-Form f\u00fcr einen angenehmen Tragekomfort sorgt. Mit einem Echtheitsstempel des London Assay Office versehen.<\/p>\n<p><strong>Styling-Ideen<\/strong><\/p>\n<ul>\n<li>Tragen Sie es solo f\u00fcr ein minimalistisches Statement der Liebe.<\/li>\n<li>Mit anderen feinen B\u00e4ndern oder strukturierten Goldringen kombinieren.<\/li>\n<li>Passt wunderbar zu schmalen Verlobungsringen oder Diamant-Ewigkeitsringen.<\/li>\n<li>Ideal f\u00fcr moderne Br\u00e4ute und Br\u00e4utigame, die zur\u00fcckhaltenden Luxus sch\u00e4tzen.<\/li>\n<\/ul>","protected":false},"excerpt":{"rendered":"<p>Ein schlanker, 2 mm breiter Ehering, handgefertigt aus strahlendem 22-kar\u00e4tigem Sunrise Gold. Zur\u00fcckhaltend, zeitlos und f\u00fcr allt\u00e4gliche Eleganz mit einem modernen, minimalistischen Finish entworfen.<\/p>\n<p><strong>Material:<\/strong>\u00a022ct Sonnenaufgang Gold<br \/>\n<strong>Reinheit:<\/strong>\u00a091.6% reines Gold<br \/>\n<strong>Wahrzeichen:<\/strong>\u00a0Britisches G\u00fctesiegel<br \/>\n<strong>SKU:<\/strong> 48389, 48390<br \/>\n<strong>Gewicht:<\/strong> 2,80 Gramm<br \/>\n<strong>Ringgr\u00f6\u00dfe:<\/strong> N 1\/2<br \/>\n<strong>Breite:<\/strong> 2 mm<\/p>\n<p><strong>Preis und Lieferung:<\/strong>\u00a0Inklusive Mehrwertsteuer und Lieferkosten<br \/>\n<a href=\"https:\/\/www.purejewels.com\/de\/ruckgabepolitik\/\"><strong>R\u00fcckgabepolitik<\/strong><\/a><\/p>","protected":false},"featured_media":355719,"comment_status":"closed","ping_status":"closed","template":"","meta":{"_eb_attr":"","_crsspst_to_jayantr4sg-hostcom":false},"product_brand":[],"product_cat":[1640,5756,1559,231,1784,1229,1235,1783,1572,229,1573,226,1574],"product_tag":[64],"class_list":{"0":"post-423596","1":"product","2":"type-product","3":"status-publish","4":"has-post-thumbnail","6":"product_cat-22ct-gold-bands","7":"product_cat-22ct-sunrise-gold-bands","8":"product_cat-birthday-gifts","9":"product_cat-engagement-rings","10":"product_cat-gents-rings","11":"product_cat-22ct-gold-jewellery","12":"product_cat-gold-rings","13":"product_cat-ladies-rings","14":"product_cat-mens-jewellery","15":"product_cat-wedding-bands","16":"product_cat-wedding-gifts","17":"product_cat-wedding-rings-bands","18":"product_cat-womens-jewellery","19":"product_tag-rings","21":"first","22":"instock","23":"taxable","24":"shipping-taxable","25":"purchasable","26":"product-type-simple","27":"add-to-wishlist-before_image"},"yoast_head":"<!-- This site is optimized with the Yoast SEO plugin v27.5 - https:\/\/yoast.com\/product\/yoast-seo-wordpress\/ -->\n<title>Minimal 22ct Gold Wedding Ring | Slim Sunrise Gold Band 2mm<\/title>\n<meta name=\"description\" content=\"Explore the 22ct Sunrise Gold Minimal Wedding Band \u2013 2mm from PureJewels. A fine, handcrafted ring in radiant gold, blending timeless design with everyday comfort.\" \/>\n<meta name=\"robots\" content=\"index, follow, max-snippet:-1, max-image-preview:large, max-video-preview:-1\" \/>\n<link rel=\"canonical\" href=\"https:\/\/www.purejewels.com\/de\/produkt-2\/22-karat-sonnenaufgangsgold-minimalistischer-ehering-2-mm-48389\/\" \/>\n<meta property=\"og:locale\" content=\"de_DE\" \/>\n<meta property=\"og:type\" content=\"article\" \/>\n<meta property=\"og:title\" content=\"Minimal 22ct Gold Wedding Ring | Slim Sunrise Gold Band 2mm\" \/>\n<meta property=\"og:description\" content=\"Explore the 22ct Sunrise Gold Minimal Wedding Band \u2013 2mm from PureJewels. A fine, handcrafted ring in radiant gold, blending timeless design with everyday comfort.\" \/>\n<meta property=\"og:url\" content=\"https:\/\/www.purejewels.com\/de\/produkt-2\/22-karat-sonnenaufgangsgold-minimalistischer-ehering-2-mm-48389\/\" \/>\n<meta property=\"og:site_name\" content=\"PureJewels UK\" \/>\n<meta property=\"article:modified_time\" content=\"2026-04-07T08:46:35+00:00\" \/>\n<meta property=\"og:image\" content=\"https:\/\/static.purejewels.com\/wp-content\/uploads\/2024\/01\/46288_2.jpg\" \/>\n\t<meta property=\"og:image:width\" content=\"1000\" \/>\n\t<meta property=\"og:image:height\" content=\"1000\" \/>\n\t<meta property=\"og:image:type\" content=\"image\/jpeg\" \/>\n<meta name=\"twitter:card\" content=\"summary_large_image\" \/>\n<meta name=\"twitter:label1\" content=\"Gesch\u00e4tzte Lesezeit\" \/>\n\t<meta name=\"twitter:data1\" content=\"1\u00a0Minute\" \/>\n<script type=\"application\/ld+json\" class=\"yoast-schema-graph\">{\"@context\":\"https:\\\/\\\/schema.org\",\"@graph\":[{\"@type\":[\"WebPage\",\"ItemPage\"],\"@id\":\"https:\\\/\\\/www.purejewels.com\\\/product\\\/22ct-sunrise-gold-minimal-wedding-band-2mm-48389\\\/\",\"url\":\"https:\\\/\\\/www.purejewels.com\\\/product\\\/22ct-sunrise-gold-minimal-wedding-band-2mm-48389\\\/\",\"name\":\"Minimal 22ct Gold Wedding Ring | Slim Sunrise Gold Band 2mm\",\"isPartOf\":{\"@id\":\"https:\\\/\\\/www.purejewels.com\\\/#website\"},\"primaryImageOfPage\":{\"@id\":\"https:\\\/\\\/www.purejewels.com\\\/product\\\/22ct-sunrise-gold-minimal-wedding-band-2mm-48389\\\/#primaryimage\"},\"image\":{\"@id\":\"https:\\\/\\\/www.purejewels.com\\\/product\\\/22ct-sunrise-gold-minimal-wedding-band-2mm-48389\\\/#primaryimage\"},\"thumbnailUrl\":\"https:\\\/\\\/static.purejewels.com\\\/wp-content\\\/uploads\\\/2024\\\/01\\\/46288_2.jpg\",\"datePublished\":\"2025-12-22T05:09:36+00:00\",\"dateModified\":\"2026-04-07T08:46:35+00:00\",\"description\":\"Explore the 22ct Sunrise Gold Minimal Wedding Band \u2013 2mm from PureJewels. A fine, handcrafted ring in radiant gold, blending timeless design with everyday comfort.\",\"breadcrumb\":{\"@id\":\"https:\\\/\\\/www.purejewels.com\\\/product\\\/22ct-sunrise-gold-minimal-wedding-band-2mm-48389\\\/#breadcrumb\"},\"inLanguage\":\"de\",\"potentialAction\":[{\"@type\":\"ReadAction\",\"target\":[\"https:\\\/\\\/www.purejewels.com\\\/product\\\/22ct-sunrise-gold-minimal-wedding-band-2mm-48389\\\/\"]}]},{\"@type\":\"ImageObject\",\"inLanguage\":\"de\",\"@id\":\"https:\\\/\\\/www.purejewels.com\\\/product\\\/22ct-sunrise-gold-minimal-wedding-band-2mm-48389\\\/#primaryimage\",\"url\":\"https:\\\/\\\/static.purejewels.com\\\/wp-content\\\/uploads\\\/2024\\\/01\\\/46288_2.jpg\",\"contentUrl\":\"https:\\\/\\\/static.purejewels.com\\\/wp-content\\\/uploads\\\/2024\\\/01\\\/46288_2.jpg\",\"width\":1000,\"height\":1000,\"caption\":\"Wedding Band in 22ct Sunrise Gold\"},{\"@type\":\"BreadcrumbList\",\"@id\":\"https:\\\/\\\/www.purejewels.com\\\/product\\\/22ct-sunrise-gold-minimal-wedding-band-2mm-48389\\\/#breadcrumb\",\"itemListElement\":[{\"@type\":\"ListItem\",\"position\":1,\"name\":\"Home\",\"item\":\"https:\\\/\\\/www.purejewels.com\\\/\"},{\"@type\":\"ListItem\",\"position\":2,\"name\":\"Shop\",\"item\":\"https:\\\/\\\/www.purejewels.com\\\/shop\\\/\"},{\"@type\":\"ListItem\",\"position\":3,\"name\":\"22ct Sunrise Gold Minimal Wedding Band \u2013 2mm\"}]},{\"@type\":\"WebSite\",\"@id\":\"https:\\\/\\\/www.purejewels.com\\\/#website\",\"url\":\"https:\\\/\\\/www.purejewels.com\\\/\",\"name\":\"PureJewels UK\",\"description\":\"Share the Love\",\"publisher\":{\"@id\":\"https:\\\/\\\/www.purejewels.com\\\/#organization\"},\"potentialAction\":[{\"@type\":\"SearchAction\",\"target\":{\"@type\":\"EntryPoint\",\"urlTemplate\":\"https:\\\/\\\/www.purejewels.com\\\/?s={search_term_string}\"},\"query-input\":{\"@type\":\"PropertyValueSpecification\",\"valueRequired\":true,\"valueName\":\"search_term_string\"}}],\"inLanguage\":\"de\"},{\"@type\":\"Organization\",\"@id\":\"https:\\\/\\\/www.purejewels.com\\\/#organization\",\"name\":\"PureJewels UK\",\"url\":\"https:\\\/\\\/www.purejewels.com\\\/\",\"logo\":{\"@type\":\"ImageObject\",\"inLanguage\":\"de\",\"@id\":\"https:\\\/\\\/www.purejewels.com\\\/#\\\/schema\\\/logo\\\/image\\\/\",\"url\":\"https:\\\/\\\/static.purejewels.com\\\/wp-content\\\/uploads\\\/2020\\\/11\\\/Logo-PJ-New-1.png\",\"contentUrl\":\"https:\\\/\\\/static.purejewels.com\\\/wp-content\\\/uploads\\\/2020\\\/11\\\/Logo-PJ-New-1.png\",\"width\":150,\"height\":80,\"caption\":\"PureJewels UK\"},\"image\":{\"@id\":\"https:\\\/\\\/www.purejewels.com\\\/#\\\/schema\\\/logo\\\/image\\\/\"}}]}<\/script>\n<!-- \/ Yoast SEO plugin. -->","yoast_head_json":{"title":"Minimalistischer Ehering aus 22 Karat Gold | Schlanker Sunrise-Goldring 2 mm","description":"Entdecken Sie den minimalistischen Ehering \u201eSunrise Gold\u201c aus 22 Karat Gold \u2013 2 mm von PureJewels. Ein feiner, handgefertigter Ring aus strahlendem Gold, der zeitloses Design mit Tragekomfort f\u00fcr jeden Tag verbindet.","robots":{"index":"index","follow":"follow","max-snippet":"max-snippet:-1","max-image-preview":"max-image-preview:large","max-video-preview":"max-video-preview:-1"},"canonical":"https:\/\/www.purejewels.com\/de\/produkt-2\/22-karat-sonnenaufgangsgold-minimalistischer-ehering-2-mm-48389\/","og_locale":"de_DE","og_type":"article","og_title":"Minimal 22ct Gold Wedding Ring | Slim Sunrise Gold Band 2mm","og_description":"Explore the 22ct Sunrise Gold Minimal Wedding Band \u2013 2mm from PureJewels. A fine, handcrafted ring in radiant gold, blending timeless design with everyday comfort.","og_url":"https:\/\/www.purejewels.com\/de\/produkt-2\/22-karat-sonnenaufgangsgold-minimalistischer-ehering-2-mm-48389\/","og_site_name":"PureJewels UK","article_modified_time":"2026-04-07T08:46:35+00:00","og_image":[{"width":1000,"height":1000,"url":"https:\/\/static.purejewels.com\/wp-content\/uploads\/2024\/01\/46288_2.jpg","type":"image\/jpeg"}],"twitter_card":"summary_large_image","twitter_misc":{"Gesch\u00e4tzte Lesezeit":"1\u00a0Minute"},"schema":{"@context":"https:\/\/schema.org","@graph":[{"@type":["WebPage","ItemPage"],"@id":"https:\/\/www.purejewels.com\/product\/22ct-sunrise-gold-minimal-wedding-band-2mm-48389\/","url":"https:\/\/www.purejewels.com\/product\/22ct-sunrise-gold-minimal-wedding-band-2mm-48389\/","name":"Minimalistischer Ehering aus 22 Karat Gold | Schlanker Sunrise-Goldring 2 mm","isPartOf":{"@id":"https:\/\/www.purejewels.com\/#website"},"primaryImageOfPage":{"@id":"https:\/\/www.purejewels.com\/product\/22ct-sunrise-gold-minimal-wedding-band-2mm-48389\/#primaryimage"},"image":{"@id":"https:\/\/www.purejewels.com\/product\/22ct-sunrise-gold-minimal-wedding-band-2mm-48389\/#primaryimage"},"thumbnailUrl":"https:\/\/static.purejewels.com\/wp-content\/uploads\/2024\/01\/46288_2.jpg","datePublished":"2025-12-22T05:09:36+00:00","dateModified":"2026-04-07T08:46:35+00:00","description":"Entdecken Sie den minimalistischen Ehering \u201eSunrise Gold\u201c aus 22 Karat Gold \u2013 2 mm von PureJewels. Ein feiner, handgefertigter Ring aus strahlendem Gold, der zeitloses Design mit Tragekomfort f\u00fcr jeden Tag verbindet.","breadcrumb":{"@id":"https:\/\/www.purejewels.com\/product\/22ct-sunrise-gold-minimal-wedding-band-2mm-48389\/#breadcrumb"},"inLanguage":"de","potentialAction":[{"@type":"ReadAction","target":["https:\/\/www.purejewels.com\/product\/22ct-sunrise-gold-minimal-wedding-band-2mm-48389\/"]}]},{"@type":"ImageObject","inLanguage":"de","@id":"https:\/\/www.purejewels.com\/product\/22ct-sunrise-gold-minimal-wedding-band-2mm-48389\/#primaryimage","url":"https:\/\/static.purejewels.com\/wp-content\/uploads\/2024\/01\/46288_2.jpg","contentUrl":"https:\/\/static.purejewels.com\/wp-content\/uploads\/2024\/01\/46288_2.jpg","width":1000,"height":1000,"caption":"Wedding Band in 22ct Sunrise Gold"},{"@type":"BreadcrumbList","@id":"https:\/\/www.purejewels.com\/product\/22ct-sunrise-gold-minimal-wedding-band-2mm-48389\/#breadcrumb","itemListElement":[{"@type":"ListItem","position":1,"name":"Home","item":"https:\/\/www.purejewels.com\/"},{"@type":"ListItem","position":2,"name":"Shop","item":"https:\/\/www.purejewels.com\/shop\/"},{"@type":"ListItem","position":3,"name":"22ct Sunrise Gold Minimal Wedding Band \u2013 2mm"}]},{"@type":"WebSite","@id":"https:\/\/www.purejewels.com\/#website","url":"https:\/\/www.purejewels.com\/","name":"PureJewels UK","description":"Teile die Liebe","publisher":{"@id":"https:\/\/www.purejewels.com\/#organization"},"potentialAction":[{"@type":"SearchAction","target":{"@type":"EntryPoint","urlTemplate":"https:\/\/www.purejewels.com\/?s={search_term_string}"},"query-input":{"@type":"PropertyValueSpecification","valueRequired":true,"valueName":"search_term_string"}}],"inLanguage":"de"},{"@type":"Organization","@id":"https:\/\/www.purejewels.com\/#organization","name":"PureJewels UK","url":"https:\/\/www.purejewels.com\/","logo":{"@type":"ImageObject","inLanguage":"de","@id":"https:\/\/www.purejewels.com\/#\/schema\/logo\/image\/","url":"https:\/\/static.purejewels.com\/wp-content\/uploads\/2020\/11\/Logo-PJ-New-1.png","contentUrl":"https:\/\/static.purejewels.com\/wp-content\/uploads\/2020\/11\/Logo-PJ-New-1.png","width":150,"height":80,"caption":"PureJewels UK"},"image":{"@id":"https:\/\/www.purejewels.com\/#\/schema\/logo\/image\/"}}]}},"_links":{"self":[{"href":"https:\/\/www.purejewels.com\/de\/wp-json\/wp\/v2\/product\/423596","targetHints":{"allow":["GET"]}}],"collection":[{"href":"https:\/\/www.purejewels.com\/de\/wp-json\/wp\/v2\/product"}],"about":[{"href":"https:\/\/www.purejewels.com\/de\/wp-json\/wp\/v2\/types\/product"}],"replies":[{"embeddable":true,"href":"https:\/\/www.purejewels.com\/de\/wp-json\/wp\/v2\/comments?post=423596"}],"version-history":[{"count":1,"href":"https:\/\/www.purejewels.com\/de\/wp-json\/wp\/v2\/product\/423596\/revisions"}],"predecessor-version":[{"id":423597,"href":"https:\/\/www.purejewels.com\/de\/wp-json\/wp\/v2\/product\/423596\/revisions\/423597"}],"wp:featuredmedia":[{"embeddable":true,"href":"https:\/\/www.purejewels.com\/de\/wp-json\/wp\/v2\/media\/355719"}],"wp:attachment":[{"href":"https:\/\/www.purejewels.com\/de\/wp-json\/wp\/v2\/media?parent=423596"}],"wp:term":[{"taxonomy":"product_brand","embeddable":true,"href":"https:\/\/www.purejewels.com\/de\/wp-json\/wp\/v2\/product_brand?post=423596"},{"taxonomy":"product_cat","embeddable":true,"href":"https:\/\/www.purejewels.com\/de\/wp-json\/wp\/v2\/product_cat?post=423596"},{"taxonomy":"product_tag","embeddable":true,"href":"https:\/\/www.purejewels.com\/de\/wp-json\/wp\/v2\/product_tag?post=423596"}],"curies":[{"name":"wp","href":"https:\/\/api.w.org\/{rel}","templated":true}]}}