{"id":423650,"date":"2025-12-22T09:50:27","date_gmt":"2025-12-22T09:50:27","guid":{"rendered":"https:\/\/www.purejewels.com\/?post_type=product&#038;p=423650"},"modified":"2026-04-07T12:17:48","modified_gmt":"2026-04-07T11:17:48","slug":"armband-aus-22-karat-gold-mit-perlen-und-punktstruktur-53967","status":"publish","type":"product","link":"https:\/\/www.purejewels.com\/de\/product\/22ct-gold-beaded-chain-bracelet-dot-texture-53967\/","title":{"rendered":"Armband aus 22 Karat Gold mit Perlen \u2013 Punktstruktur"},"content":{"rendered":"<p><strong>Designkonzept<\/strong><\/p>\n<p>Dieses Armband aus 22 Karat Goldperlen ist eine zarte Harmonie aus Minimalismus und Textur. Eine Reihe handgefertigter Goldperlen mit einer subtilen Punktstruktur sorgt bei jeder Bewegung f\u00fcr einen sanften Glanz. Das Design, das an einer feinen Goldkette befestigt ist, zelebriert Ausgewogenheit und Leichtigkeit \u2013 ideal f\u00fcr einen modernen Stil mit einem Hauch von Tradition.<\/p>\n<p>Inspiriert von der Schlichtheit von Gold in seiner reinsten Form, ist dieses Armband perfekt f\u00fcr alle, die zur\u00fcckhaltenden Luxus sch\u00e4tzen.<\/p>\n<p><strong>Handwerkliches K\u00f6nnen<\/strong><\/p>\n<p>Jedes Armband ist aus strahlendem 22-kar\u00e4tigem Gelbgold gefertigt, das f\u00fcr seinen satten Farbton und seine kulturelle Bedeutung bekannt ist. Die strukturierten Perlen werden einzeln mit traditionellen Techniken veredelt, wodurch sie einen unverwechselbaren Glanz erhalten. Wie immer ist dieses Schmuckst\u00fcck vom London Assay Office punziert, was seine Echtheit und Reinheit garantiert.<\/p>\n<p>Der sichere Verschluss und die ausgewogenen Proportionen machen es ebenso praktisch wie sch\u00f6n.<\/p>\n<p><strong>Styling-Ideen<\/strong><\/p>\n<ul>\n<li>Tragen Sie es solo f\u00fcr einen minimalistischen Gold-Look.<\/li>\n<li>Kombinieren Sie ihn mit schmalen Armreifen oder Charm-Armb\u00e4ndern f\u00fcr einen mehrschichtigen, modernen Look.<\/li>\n<li>Passt m\u00fchelos zu ethnischer und westlicher Kleidung<\/li>\n<li>Ein sch\u00f6nes Geschenk f\u00fcr Geburtstage, Meilensteine oder den Alltag<\/li>\n<\/ul>\n<p>Das 22ct Gold Beaded Chain Bracelet - Dot Texture zeichnet sich durch fein detaillierte Goldperlen aus, die entlang einer zarten Kette angeordnet sind und f\u00fcr ein subtiles, aber strahlendes Finish sorgen. Seine leichte Eleganz macht es m\u00fchelos von Tag zu Abend Feierlichkeiten zu tragen. Eine raffinierte Auswahl der neuesten Schmuckst\u00fccke f\u00fcr das Zuckerfest, perfekt f\u00fcr ein modernes festliches Styling.<\/p>","protected":false},"excerpt":{"rendered":"<p>Ein elegantes Armband aus 22 Karat Gold mit einer Reihe aufwendig strukturierter Perlen an einer zarten Goldkette. Ein raffiniertes Accessoire f\u00fcr allt\u00e4gliche Eleganz oder ein durchdachtes Geschenk.<\/p>\n<p><strong>Material:<\/strong> 22ct Gold (91,6% reines Gold)<strong><br \/>\nWahrzeichen:\u00a0<\/strong>Britisches G\u00fctesiegel<strong><br \/>\n<\/strong><strong>Bruttogewicht: <\/strong>2.04 Gms<br \/>\n<strong>L\u00e4nge:<\/strong> 7 Zoll<br \/>\n<strong>SKU:<\/strong> 53974, 53972, 53970, 53969, 53967, 52946, 54730<\/p>\n<p><strong>Preis und Lieferung<\/strong>: Inklusive Mehrwertsteuer und Lieferkosten<br \/>\n<a href=\"https:\/\/www.purejewels.com\/de\/ruckgabepolitik\/\">R\u00fcckgabepolitik<\/a><\/p>","protected":false},"featured_media":423653,"comment_status":"closed","ping_status":"closed","template":"","meta":{"_eb_attr":"","_crsspst_to_jayantr4sg-hostcom":true},"product_brand":[],"product_cat":[1791,5441,1559,1793,1792,1324,1627,1229,5343,1575,1569,1574,5349],"product_tag":[5634],"class_list":{"0":"post-423650","1":"product","2":"type-product","3":"status-publish","4":"has-post-thumbnail","6":"product_cat-anniversary-gifts","7":"product_cat-gold-bead-bracelets","8":"product_cat-birthday-gifts","9":"product_cat-diwali-gifts","10":"product_cat-festival-gifts","11":"product_cat-gold-bracelet","12":"product_cat-ladies-bracelet","13":"product_cat-22ct-gold-jewellery","14":"product_cat-jewellery-under-550","15":"product_cat-teenage-jewellery","16":"product_cat-valentine-day-gifts","17":"product_cat-womens-jewellery","18":"product_cat-yellow-gold-jewellery","19":"product_tag-22ct-gold-bracelet-for-ladies","21":"first","22":"instock","23":"taxable","24":"shipping-taxable","25":"purchasable","26":"product-type-simple","27":"add-to-wishlist-before_image"},"yoast_head":"<!-- This site is optimized with the Yoast SEO plugin v27.4 - https:\/\/yoast.com\/product\/yoast-seo-wordpress\/ -->\n<title>Elegant 22ct Gold Bracelet with Textured Beads for Women<\/title>\n<meta name=\"description\" content=\"Shop the 22ct Gold Beaded Chain Bracelet for women, crafted with dot-textured beads and fine chain. Elegant, hallmarked, and perfect for gifting at PureJewels.\" \/>\n<meta name=\"robots\" content=\"index, follow, max-snippet:-1, max-image-preview:large, max-video-preview:-1\" \/>\n<link rel=\"canonical\" href=\"https:\/\/www.purejewels.com\/de\/produkt-2\/armband-aus-22-karat-gold-mit-perlen-und-punktstruktur-53967\/\" \/>\n<meta property=\"og:locale\" content=\"de_DE\" \/>\n<meta property=\"og:type\" content=\"article\" \/>\n<meta property=\"og:title\" content=\"Elegant 22ct Gold Bracelet with Textured Beads for Women\" \/>\n<meta property=\"og:description\" content=\"Shop the 22ct Gold Beaded Chain Bracelet for women, crafted with dot-textured beads and fine chain. Elegant, hallmarked, and perfect for gifting at PureJewels.\" \/>\n<meta property=\"og:url\" content=\"https:\/\/www.purejewels.com\/de\/produkt-2\/armband-aus-22-karat-gold-mit-perlen-und-punktstruktur-53967\/\" \/>\n<meta property=\"og:site_name\" content=\"PureJewels UK\" \/>\n<meta property=\"article:modified_time\" content=\"2026-04-07T11:17:48+00:00\" \/>\n<meta property=\"og:image\" content=\"https:\/\/static.purejewels.com\/wp-content\/uploads\/2025\/12\/53967.jpg\" \/>\n\t<meta property=\"og:image:width\" content=\"1000\" \/>\n\t<meta property=\"og:image:height\" content=\"1000\" \/>\n\t<meta property=\"og:image:type\" content=\"image\/jpeg\" \/>\n<meta name=\"twitter:card\" content=\"summary_large_image\" \/>\n<meta name=\"twitter:label1\" content=\"Gesch\u00e4tzte Lesezeit\" \/>\n\t<meta name=\"twitter:data1\" content=\"2\u00a0Minuten\" \/>\n<script type=\"application\/ld+json\" class=\"yoast-schema-graph\">{\"@context\":\"https:\\\/\\\/schema.org\",\"@graph\":[{\"@type\":[\"WebPage\",\"ItemPage\"],\"@id\":\"https:\\\/\\\/www.purejewels.com\\\/product\\\/22ct-gold-beaded-chain-bracelet-dot-texture-53967\\\/\",\"url\":\"https:\\\/\\\/www.purejewels.com\\\/product\\\/22ct-gold-beaded-chain-bracelet-dot-texture-53967\\\/\",\"name\":\"Elegant 22ct Gold Bracelet with Textured Beads for Women\",\"isPartOf\":{\"@id\":\"https:\\\/\\\/www.purejewels.com\\\/#website\"},\"primaryImageOfPage\":{\"@id\":\"https:\\\/\\\/www.purejewels.com\\\/product\\\/22ct-gold-beaded-chain-bracelet-dot-texture-53967\\\/#primaryimage\"},\"image\":{\"@id\":\"https:\\\/\\\/www.purejewels.com\\\/product\\\/22ct-gold-beaded-chain-bracelet-dot-texture-53967\\\/#primaryimage\"},\"thumbnailUrl\":\"https:\\\/\\\/static.purejewels.com\\\/wp-content\\\/uploads\\\/2025\\\/12\\\/53967.jpg\",\"datePublished\":\"2025-12-22T09:50:27+00:00\",\"dateModified\":\"2026-04-07T11:17:48+00:00\",\"description\":\"Shop the 22ct Gold Beaded Chain Bracelet for women, crafted with dot-textured beads and fine chain. Elegant, hallmarked, and perfect for gifting at PureJewels.\",\"breadcrumb\":{\"@id\":\"https:\\\/\\\/www.purejewels.com\\\/product\\\/22ct-gold-beaded-chain-bracelet-dot-texture-53967\\\/#breadcrumb\"},\"inLanguage\":\"de\",\"potentialAction\":[{\"@type\":\"ReadAction\",\"target\":[\"https:\\\/\\\/www.purejewels.com\\\/product\\\/22ct-gold-beaded-chain-bracelet-dot-texture-53967\\\/\"]}]},{\"@type\":\"ImageObject\",\"inLanguage\":\"de\",\"@id\":\"https:\\\/\\\/www.purejewels.com\\\/product\\\/22ct-gold-beaded-chain-bracelet-dot-texture-53967\\\/#primaryimage\",\"url\":\"https:\\\/\\\/static.purejewels.com\\\/wp-content\\\/uploads\\\/2025\\\/12\\\/53967.jpg\",\"contentUrl\":\"https:\\\/\\\/static.purejewels.com\\\/wp-content\\\/uploads\\\/2025\\\/12\\\/53967.jpg\",\"width\":1000,\"height\":1000,\"caption\":\"22ct Gold Beaded Chain Bracelet \u2013 Dot Texture\"},{\"@type\":\"BreadcrumbList\",\"@id\":\"https:\\\/\\\/www.purejewels.com\\\/product\\\/22ct-gold-beaded-chain-bracelet-dot-texture-53967\\\/#breadcrumb\",\"itemListElement\":[{\"@type\":\"ListItem\",\"position\":1,\"name\":\"Home\",\"item\":\"https:\\\/\\\/www.purejewels.com\\\/\"},{\"@type\":\"ListItem\",\"position\":2,\"name\":\"Shop\",\"item\":\"https:\\\/\\\/www.purejewels.com\\\/shop\\\/\"},{\"@type\":\"ListItem\",\"position\":3,\"name\":\"22ct Gold Beaded Chain Bracelet \u2013 Dot Texture\"}]},{\"@type\":\"WebSite\",\"@id\":\"https:\\\/\\\/www.purejewels.com\\\/#website\",\"url\":\"https:\\\/\\\/www.purejewels.com\\\/\",\"name\":\"PureJewels UK\",\"description\":\"Share the Love\",\"publisher\":{\"@id\":\"https:\\\/\\\/www.purejewels.com\\\/#organization\"},\"potentialAction\":[{\"@type\":\"SearchAction\",\"target\":{\"@type\":\"EntryPoint\",\"urlTemplate\":\"https:\\\/\\\/www.purejewels.com\\\/?s={search_term_string}\"},\"query-input\":{\"@type\":\"PropertyValueSpecification\",\"valueRequired\":true,\"valueName\":\"search_term_string\"}}],\"inLanguage\":\"de\"},{\"@type\":\"Organization\",\"@id\":\"https:\\\/\\\/www.purejewels.com\\\/#organization\",\"name\":\"PureJewels UK\",\"url\":\"https:\\\/\\\/www.purejewels.com\\\/\",\"logo\":{\"@type\":\"ImageObject\",\"inLanguage\":\"de\",\"@id\":\"https:\\\/\\\/www.purejewels.com\\\/#\\\/schema\\\/logo\\\/image\\\/\",\"url\":\"https:\\\/\\\/static.purejewels.com\\\/wp-content\\\/uploads\\\/2020\\\/11\\\/Logo-PJ-New-1.png\",\"contentUrl\":\"https:\\\/\\\/static.purejewels.com\\\/wp-content\\\/uploads\\\/2020\\\/11\\\/Logo-PJ-New-1.png\",\"width\":150,\"height\":80,\"caption\":\"PureJewels UK\"},\"image\":{\"@id\":\"https:\\\/\\\/www.purejewels.com\\\/#\\\/schema\\\/logo\\\/image\\\/\"}}]}<\/script>\n<!-- \/ Yoast SEO plugin. -->","yoast_head_json":{"title":"Elegantes Armband aus 22 Karat Gold mit strukturierten Perlen f\u00fcr Damen","description":"Entdecken Sie das Armband aus 22 Karat Gold mit Perlen f\u00fcr Damen, gefertigt aus Perlen mit Punktstruktur und einer feinen Kette. Elegant, mit Punzierung und perfekt als Geschenk bei PureJewels.","robots":{"index":"index","follow":"follow","max-snippet":"max-snippet:-1","max-image-preview":"max-image-preview:large","max-video-preview":"max-video-preview:-1"},"canonical":"https:\/\/www.purejewels.com\/de\/produkt-2\/armband-aus-22-karat-gold-mit-perlen-und-punktstruktur-53967\/","og_locale":"de_DE","og_type":"article","og_title":"Elegant 22ct Gold Bracelet with Textured Beads for Women","og_description":"Shop the 22ct Gold Beaded Chain Bracelet for women, crafted with dot-textured beads and fine chain. Elegant, hallmarked, and perfect for gifting at PureJewels.","og_url":"https:\/\/www.purejewels.com\/de\/produkt-2\/armband-aus-22-karat-gold-mit-perlen-und-punktstruktur-53967\/","og_site_name":"PureJewels UK","article_modified_time":"2026-04-07T11:17:48+00:00","og_image":[{"width":1000,"height":1000,"url":"https:\/\/static.purejewels.com\/wp-content\/uploads\/2025\/12\/53967.jpg","type":"image\/jpeg"}],"twitter_card":"summary_large_image","twitter_misc":{"Gesch\u00e4tzte Lesezeit":"2\u00a0Minuten"},"schema":{"@context":"https:\/\/schema.org","@graph":[{"@type":["WebPage","ItemPage"],"@id":"https:\/\/www.purejewels.com\/product\/22ct-gold-beaded-chain-bracelet-dot-texture-53967\/","url":"https:\/\/www.purejewels.com\/product\/22ct-gold-beaded-chain-bracelet-dot-texture-53967\/","name":"Elegantes Armband aus 22 Karat Gold mit strukturierten Perlen f\u00fcr Damen","isPartOf":{"@id":"https:\/\/www.purejewels.com\/#website"},"primaryImageOfPage":{"@id":"https:\/\/www.purejewels.com\/product\/22ct-gold-beaded-chain-bracelet-dot-texture-53967\/#primaryimage"},"image":{"@id":"https:\/\/www.purejewels.com\/product\/22ct-gold-beaded-chain-bracelet-dot-texture-53967\/#primaryimage"},"thumbnailUrl":"https:\/\/static.purejewels.com\/wp-content\/uploads\/2025\/12\/53967.jpg","datePublished":"2025-12-22T09:50:27+00:00","dateModified":"2026-04-07T11:17:48+00:00","description":"Entdecken Sie das Armband aus 22 Karat Gold mit Perlen f\u00fcr Damen, gefertigt aus Perlen mit Punktstruktur und einer feinen Kette. Elegant, mit Punzierung und perfekt als Geschenk bei PureJewels.","breadcrumb":{"@id":"https:\/\/www.purejewels.com\/product\/22ct-gold-beaded-chain-bracelet-dot-texture-53967\/#breadcrumb"},"inLanguage":"de","potentialAction":[{"@type":"ReadAction","target":["https:\/\/www.purejewels.com\/product\/22ct-gold-beaded-chain-bracelet-dot-texture-53967\/"]}]},{"@type":"ImageObject","inLanguage":"de","@id":"https:\/\/www.purejewels.com\/product\/22ct-gold-beaded-chain-bracelet-dot-texture-53967\/#primaryimage","url":"https:\/\/static.purejewels.com\/wp-content\/uploads\/2025\/12\/53967.jpg","contentUrl":"https:\/\/static.purejewels.com\/wp-content\/uploads\/2025\/12\/53967.jpg","width":1000,"height":1000,"caption":"22ct Gold Beaded Chain Bracelet \u2013 Dot Texture"},{"@type":"BreadcrumbList","@id":"https:\/\/www.purejewels.com\/product\/22ct-gold-beaded-chain-bracelet-dot-texture-53967\/#breadcrumb","itemListElement":[{"@type":"ListItem","position":1,"name":"Home","item":"https:\/\/www.purejewels.com\/"},{"@type":"ListItem","position":2,"name":"Shop","item":"https:\/\/www.purejewels.com\/shop\/"},{"@type":"ListItem","position":3,"name":"22ct Gold Beaded Chain Bracelet \u2013 Dot Texture"}]},{"@type":"WebSite","@id":"https:\/\/www.purejewels.com\/#website","url":"https:\/\/www.purejewels.com\/","name":"PureJewels UK","description":"Teile die Liebe","publisher":{"@id":"https:\/\/www.purejewels.com\/#organization"},"potentialAction":[{"@type":"SearchAction","target":{"@type":"EntryPoint","urlTemplate":"https:\/\/www.purejewels.com\/?s={search_term_string}"},"query-input":{"@type":"PropertyValueSpecification","valueRequired":true,"valueName":"search_term_string"}}],"inLanguage":"de"},{"@type":"Organization","@id":"https:\/\/www.purejewels.com\/#organization","name":"PureJewels UK","url":"https:\/\/www.purejewels.com\/","logo":{"@type":"ImageObject","inLanguage":"de","@id":"https:\/\/www.purejewels.com\/#\/schema\/logo\/image\/","url":"https:\/\/static.purejewels.com\/wp-content\/uploads\/2020\/11\/Logo-PJ-New-1.png","contentUrl":"https:\/\/static.purejewels.com\/wp-content\/uploads\/2020\/11\/Logo-PJ-New-1.png","width":150,"height":80,"caption":"PureJewels UK"},"image":{"@id":"https:\/\/www.purejewels.com\/#\/schema\/logo\/image\/"}}]}},"_links":{"self":[{"href":"https:\/\/www.purejewels.com\/de\/wp-json\/wp\/v2\/product\/423650","targetHints":{"allow":["GET"]}}],"collection":[{"href":"https:\/\/www.purejewels.com\/de\/wp-json\/wp\/v2\/product"}],"about":[{"href":"https:\/\/www.purejewels.com\/de\/wp-json\/wp\/v2\/types\/product"}],"replies":[{"embeddable":true,"href":"https:\/\/www.purejewels.com\/de\/wp-json\/wp\/v2\/comments?post=423650"}],"version-history":[{"count":3,"href":"https:\/\/www.purejewels.com\/de\/wp-json\/wp\/v2\/product\/423650\/revisions"}],"predecessor-version":[{"id":426968,"href":"https:\/\/www.purejewels.com\/de\/wp-json\/wp\/v2\/product\/423650\/revisions\/426968"}],"wp:featuredmedia":[{"embeddable":true,"href":"https:\/\/www.purejewels.com\/de\/wp-json\/wp\/v2\/media\/423653"}],"wp:attachment":[{"href":"https:\/\/www.purejewels.com\/de\/wp-json\/wp\/v2\/media?parent=423650"}],"wp:term":[{"taxonomy":"product_brand","embeddable":true,"href":"https:\/\/www.purejewels.com\/de\/wp-json\/wp\/v2\/product_brand?post=423650"},{"taxonomy":"product_cat","embeddable":true,"href":"https:\/\/www.purejewels.com\/de\/wp-json\/wp\/v2\/product_cat?post=423650"},{"taxonomy":"product_tag","embeddable":true,"href":"https:\/\/www.purejewels.com\/de\/wp-json\/wp\/v2\/product_tag?post=423650"}],"curies":[{"name":"wp","href":"https:\/\/api.w.org\/{rel}","templated":true}]}}