{"id":423710,"date":"2026-02-23T10:18:12","date_gmt":"2026-02-23T10:18:12","guid":{"rendered":"https:\/\/www.purejewels.com\/?post_type=product&#038;p=423710"},"modified":"2026-04-16T13:18:42","modified_gmt":"2026-04-16T12:18:42","slug":"armband-aus-22-karat-gold-mit-gepunkteter-perlenkette-53986","status":"publish","type":"product","link":"https:\/\/www.purejewels.com\/de\/product\/22ct-gold-dotted-bead-chain-bracelet-53986\/","title":{"rendered":"Armband aus 22 Karat Gold mit gepunkteten Perlen"},"content":{"rendered":"<h3 data-start=\"435\" data-end=\"453\">Designkonzept<\/h3>\n<p data-start=\"454\" data-end=\"766\">Dieses Armband besticht durch seine fein geschliffenen Perlen mit Schlitzstruktur, die beim Bewegen des Handgelenks sanfte Glanzpunkte setzen. Das gleichm\u00e4\u00dfig angeordnete Perlenmuster sorgt f\u00fcr Rhythmus und Ausgewogenheit, w\u00e4hrend die schmale Kette den Look leicht und zeitgem\u00e4\u00df h\u00e4lt. Eine moderne Interpretation klassischer Goldschmuckst\u00fccke.<\/p>\n<h3 data-start=\"768\" data-end=\"785\">Handwerkliches K\u00f6nnen<\/h3>\n<p data-start=\"786\" data-end=\"1110\">Jede Perle ist aus massivem 22 Karat Gelbgold gefertigt und sorgf\u00e4ltig mit pr\u00e4zise geschnittenen Schr\u00e4gstrichen versehen, um die Textur und Tiefe zu betonen. Die Perlen sind sicher an einer feinen Kette befestigt, die Komfort und Flexibilit\u00e4t f\u00fcr den t\u00e4glichen Gebrauch bietet. Das Armband ist in Gro\u00dfbritannien punziert und spiegelt die garantierte Goldreinheit und sorgf\u00e4ltige Verarbeitung wider.<\/p>\n<h3 data-start=\"1112\" data-end=\"1129\">Styling-Ideen<\/h3>\n<p data-start=\"1130\" data-end=\"1406\">Tragen Sie es solo als zarten Akzent im Alltag oder kombinieren Sie es mit schlichten Goldketten und Armreifen zu einem stilvollen Handgelenk-Stack. Dank seiner leichten Eleganz eignet es sich sowohl f\u00fcr Freizeitkleidung als auch f\u00fcr besondere Anl\u00e4sse. Ein durchdachtes Geschenk f\u00fcr Geburtstage, Jahrestage oder bedeutende Meilensteine.<\/p>","protected":false},"excerpt":{"rendered":"<p>Ein raffiniertes Armband aus reinem 22-kar\u00e4tigem Gold mit einer feinen Kette, die mit wundersch\u00f6n strukturierten Goldperlen verziert ist. Leicht und elegant \u2013 perfekt f\u00fcr den Alltag oder als liebevolles Geschenk.<\/p>\n<p><strong>Material:<\/strong> 22ct Gold (91,6% reines Gold)<strong><br \/>\nWahrzeichen:\u00a0<\/strong>Britisches G\u00fctesiegel<strong><br \/>\n<\/strong><strong>Bruttogewicht: <\/strong>1,97 Gramm<br \/>\n<strong>L\u00e4nge:<\/strong> 7 Zoll<br \/>\n<strong>SKU:<\/strong> 53959, 53957, 53954, 54728<\/p>\n<p><strong>Preis und Lieferung<\/strong>: Inklusive Mehrwertsteuer und Lieferkosten<br \/>\n<a href=\"https:\/\/www.purejewels.com\/de\/ruckgabepolitik\/\">R\u00fcckgabepolitik<\/a><\/p>","protected":false},"featured_media":423734,"comment_status":"closed","ping_status":"closed","template":"","meta":{"_eb_attr":"","_crsspst_to_jayantr4sg-hostcom":true},"product_brand":[],"product_cat":[1791,5441,1559,1793,1792,1324,1627,1229,5343,1575,1569,1574,5349],"product_tag":[5634],"class_list":{"0":"post-423710","1":"product","2":"type-product","3":"status-publish","4":"has-post-thumbnail","6":"product_cat-anniversary-gifts","7":"product_cat-gold-bead-bracelets","8":"product_cat-birthday-gifts","9":"product_cat-diwali-gifts","10":"product_cat-festival-gifts","11":"product_cat-gold-bracelet","12":"product_cat-ladies-bracelet","13":"product_cat-22ct-gold-jewellery","14":"product_cat-jewellery-under-550","15":"product_cat-teenage-jewellery","16":"product_cat-valentine-day-gifts","17":"product_cat-womens-jewellery","18":"product_cat-yellow-gold-jewellery","19":"product_tag-22ct-gold-bracelet-for-ladies","21":"first","22":"instock","23":"taxable","24":"shipping-taxable","25":"purchasable","26":"product-type-simple","27":"add-to-wishlist-before_image"},"yoast_head":"<!-- This site is optimized with the Yoast SEO plugin v27.4 - https:\/\/yoast.com\/product\/yoast-seo-wordpress\/ -->\n<title>Delicate 22ct Gold Bead Bracelet with Cut-Texture Finish<\/title>\n<meta name=\"description\" content=\"A refined single-line bracelet crafted in 22ct yellow gold, featuring cut-textured beads on a fine chain. Hallmarked in the UK and ideal for everyday elegance.\" \/>\n<meta name=\"robots\" content=\"index, follow, max-snippet:-1, max-image-preview:large, max-video-preview:-1\" \/>\n<link rel=\"canonical\" href=\"https:\/\/www.purejewels.com\/de\/produkt-2\/armband-aus-22-karat-gold-mit-gepunkteter-perlenkette-53986\/\" \/>\n<meta property=\"og:locale\" content=\"de_DE\" \/>\n<meta property=\"og:type\" content=\"article\" \/>\n<meta property=\"og:title\" content=\"Delicate 22ct Gold Bead Bracelet with Cut-Texture Finish\" \/>\n<meta property=\"og:description\" content=\"A refined single-line bracelet crafted in 22ct yellow gold, featuring cut-textured beads on a fine chain. Hallmarked in the UK and ideal for everyday elegance.\" \/>\n<meta property=\"og:url\" content=\"https:\/\/www.purejewels.com\/de\/produkt-2\/armband-aus-22-karat-gold-mit-gepunkteter-perlenkette-53986\/\" \/>\n<meta property=\"og:site_name\" content=\"PureJewels UK\" \/>\n<meta property=\"article:modified_time\" content=\"2026-04-16T12:18:42+00:00\" \/>\n<meta property=\"og:image\" content=\"https:\/\/static.purejewels.com\/wp-content\/uploads\/2025\/12\/53957.jpg\" \/>\n\t<meta property=\"og:image:width\" content=\"1000\" \/>\n\t<meta property=\"og:image:height\" content=\"1000\" \/>\n\t<meta property=\"og:image:type\" content=\"image\/jpeg\" \/>\n<meta name=\"twitter:card\" content=\"summary_large_image\" \/>\n<meta name=\"twitter:label1\" content=\"Gesch\u00e4tzte Lesezeit\" \/>\n\t<meta name=\"twitter:data1\" content=\"1\u00a0Minute\" \/>\n<script type=\"application\/ld+json\" class=\"yoast-schema-graph\">{\"@context\":\"https:\\\/\\\/schema.org\",\"@graph\":[{\"@type\":[\"WebPage\",\"ItemPage\"],\"@id\":\"https:\\\/\\\/www.purejewels.com\\\/product\\\/22ct-gold-dotted-bead-chain-bracelet-53986\\\/\",\"url\":\"https:\\\/\\\/www.purejewels.com\\\/product\\\/22ct-gold-dotted-bead-chain-bracelet-53986\\\/\",\"name\":\"Delicate 22ct Gold Bead Bracelet with Cut-Texture Finish\",\"isPartOf\":{\"@id\":\"https:\\\/\\\/www.purejewels.com\\\/#website\"},\"primaryImageOfPage\":{\"@id\":\"https:\\\/\\\/www.purejewels.com\\\/product\\\/22ct-gold-dotted-bead-chain-bracelet-53986\\\/#primaryimage\"},\"image\":{\"@id\":\"https:\\\/\\\/www.purejewels.com\\\/product\\\/22ct-gold-dotted-bead-chain-bracelet-53986\\\/#primaryimage\"},\"thumbnailUrl\":\"https:\\\/\\\/static.purejewels.com\\\/wp-content\\\/uploads\\\/2025\\\/12\\\/53957.jpg\",\"datePublished\":\"2026-02-23T10:18:12+00:00\",\"dateModified\":\"2026-04-16T12:18:42+00:00\",\"description\":\"A refined single-line bracelet crafted in 22ct yellow gold, featuring cut-textured beads on a fine chain. Hallmarked in the UK and ideal for everyday elegance.\",\"breadcrumb\":{\"@id\":\"https:\\\/\\\/www.purejewels.com\\\/product\\\/22ct-gold-dotted-bead-chain-bracelet-53986\\\/#breadcrumb\"},\"inLanguage\":\"de\",\"potentialAction\":[{\"@type\":\"ReadAction\",\"target\":[\"https:\\\/\\\/www.purejewels.com\\\/product\\\/22ct-gold-dotted-bead-chain-bracelet-53986\\\/\"]}]},{\"@type\":\"ImageObject\",\"inLanguage\":\"de\",\"@id\":\"https:\\\/\\\/www.purejewels.com\\\/product\\\/22ct-gold-dotted-bead-chain-bracelet-53986\\\/#primaryimage\",\"url\":\"https:\\\/\\\/static.purejewels.com\\\/wp-content\\\/uploads\\\/2025\\\/12\\\/53957.jpg\",\"contentUrl\":\"https:\\\/\\\/static.purejewels.com\\\/wp-content\\\/uploads\\\/2025\\\/12\\\/53957.jpg\",\"width\":1000,\"height\":1000,\"caption\":\"22ct Gold Dotted Bead Chain Bracelet\"},{\"@type\":\"BreadcrumbList\",\"@id\":\"https:\\\/\\\/www.purejewels.com\\\/product\\\/22ct-gold-dotted-bead-chain-bracelet-53986\\\/#breadcrumb\",\"itemListElement\":[{\"@type\":\"ListItem\",\"position\":1,\"name\":\"Home\",\"item\":\"https:\\\/\\\/www.purejewels.com\\\/\"},{\"@type\":\"ListItem\",\"position\":2,\"name\":\"Shop\",\"item\":\"https:\\\/\\\/www.purejewels.com\\\/shop\\\/\"},{\"@type\":\"ListItem\",\"position\":3,\"name\":\"22ct Gold Dotted Bead Chain Bracelet\"}]},{\"@type\":\"WebSite\",\"@id\":\"https:\\\/\\\/www.purejewels.com\\\/#website\",\"url\":\"https:\\\/\\\/www.purejewels.com\\\/\",\"name\":\"PureJewels UK\",\"description\":\"Share the Love\",\"publisher\":{\"@id\":\"https:\\\/\\\/www.purejewels.com\\\/#organization\"},\"potentialAction\":[{\"@type\":\"SearchAction\",\"target\":{\"@type\":\"EntryPoint\",\"urlTemplate\":\"https:\\\/\\\/www.purejewels.com\\\/?s={search_term_string}\"},\"query-input\":{\"@type\":\"PropertyValueSpecification\",\"valueRequired\":true,\"valueName\":\"search_term_string\"}}],\"inLanguage\":\"de\"},{\"@type\":\"Organization\",\"@id\":\"https:\\\/\\\/www.purejewels.com\\\/#organization\",\"name\":\"PureJewels UK\",\"url\":\"https:\\\/\\\/www.purejewels.com\\\/\",\"logo\":{\"@type\":\"ImageObject\",\"inLanguage\":\"de\",\"@id\":\"https:\\\/\\\/www.purejewels.com\\\/#\\\/schema\\\/logo\\\/image\\\/\",\"url\":\"https:\\\/\\\/static.purejewels.com\\\/wp-content\\\/uploads\\\/2020\\\/11\\\/Logo-PJ-New-1.png\",\"contentUrl\":\"https:\\\/\\\/static.purejewels.com\\\/wp-content\\\/uploads\\\/2020\\\/11\\\/Logo-PJ-New-1.png\",\"width\":150,\"height\":80,\"caption\":\"PureJewels UK\"},\"image\":{\"@id\":\"https:\\\/\\\/www.purejewels.com\\\/#\\\/schema\\\/logo\\\/image\\\/\"}}]}<\/script>\n<!-- \/ Yoast SEO plugin. -->","yoast_head_json":{"title":"Zartes Armband aus 22 Karat Gold mit Perlen und geschliffener Oberfl\u00e4che","description":"Ein raffiniertes einreihiges Armband aus 22 Karat Gelbgold mit Perlen mit geschliffener Struktur an einer feinen Kette. Mit britischer Punzierung und ideal f\u00fcr elegante Alltagslooks.","robots":{"index":"index","follow":"follow","max-snippet":"max-snippet:-1","max-image-preview":"max-image-preview:large","max-video-preview":"max-video-preview:-1"},"canonical":"https:\/\/www.purejewels.com\/de\/produkt-2\/armband-aus-22-karat-gold-mit-gepunkteter-perlenkette-53986\/","og_locale":"de_DE","og_type":"article","og_title":"Delicate 22ct Gold Bead Bracelet with Cut-Texture Finish","og_description":"A refined single-line bracelet crafted in 22ct yellow gold, featuring cut-textured beads on a fine chain. Hallmarked in the UK and ideal for everyday elegance.","og_url":"https:\/\/www.purejewels.com\/de\/produkt-2\/armband-aus-22-karat-gold-mit-gepunkteter-perlenkette-53986\/","og_site_name":"PureJewels UK","article_modified_time":"2026-04-16T12:18:42+00:00","og_image":[{"width":1000,"height":1000,"url":"https:\/\/static.purejewels.com\/wp-content\/uploads\/2025\/12\/53957.jpg","type":"image\/jpeg"}],"twitter_card":"summary_large_image","twitter_misc":{"Gesch\u00e4tzte Lesezeit":"1\u00a0Minute"},"schema":{"@context":"https:\/\/schema.org","@graph":[{"@type":["WebPage","ItemPage"],"@id":"https:\/\/www.purejewels.com\/product\/22ct-gold-dotted-bead-chain-bracelet-53986\/","url":"https:\/\/www.purejewels.com\/product\/22ct-gold-dotted-bead-chain-bracelet-53986\/","name":"Zartes Armband aus 22 Karat Gold mit Perlen und geschliffener Oberfl\u00e4che","isPartOf":{"@id":"https:\/\/www.purejewels.com\/#website"},"primaryImageOfPage":{"@id":"https:\/\/www.purejewels.com\/product\/22ct-gold-dotted-bead-chain-bracelet-53986\/#primaryimage"},"image":{"@id":"https:\/\/www.purejewels.com\/product\/22ct-gold-dotted-bead-chain-bracelet-53986\/#primaryimage"},"thumbnailUrl":"https:\/\/static.purejewels.com\/wp-content\/uploads\/2025\/12\/53957.jpg","datePublished":"2026-02-23T10:18:12+00:00","dateModified":"2026-04-16T12:18:42+00:00","description":"Ein raffiniertes einreihiges Armband aus 22 Karat Gelbgold mit Perlen mit geschliffener Struktur an einer feinen Kette. Mit britischer Punzierung und ideal f\u00fcr elegante Alltagslooks.","breadcrumb":{"@id":"https:\/\/www.purejewels.com\/product\/22ct-gold-dotted-bead-chain-bracelet-53986\/#breadcrumb"},"inLanguage":"de","potentialAction":[{"@type":"ReadAction","target":["https:\/\/www.purejewels.com\/product\/22ct-gold-dotted-bead-chain-bracelet-53986\/"]}]},{"@type":"ImageObject","inLanguage":"de","@id":"https:\/\/www.purejewels.com\/product\/22ct-gold-dotted-bead-chain-bracelet-53986\/#primaryimage","url":"https:\/\/static.purejewels.com\/wp-content\/uploads\/2025\/12\/53957.jpg","contentUrl":"https:\/\/static.purejewels.com\/wp-content\/uploads\/2025\/12\/53957.jpg","width":1000,"height":1000,"caption":"22ct Gold Dotted Bead Chain Bracelet"},{"@type":"BreadcrumbList","@id":"https:\/\/www.purejewels.com\/product\/22ct-gold-dotted-bead-chain-bracelet-53986\/#breadcrumb","itemListElement":[{"@type":"ListItem","position":1,"name":"Home","item":"https:\/\/www.purejewels.com\/"},{"@type":"ListItem","position":2,"name":"Shop","item":"https:\/\/www.purejewels.com\/shop\/"},{"@type":"ListItem","position":3,"name":"22ct Gold Dotted Bead Chain Bracelet"}]},{"@type":"WebSite","@id":"https:\/\/www.purejewels.com\/#website","url":"https:\/\/www.purejewels.com\/","name":"PureJewels UK","description":"Teile die Liebe","publisher":{"@id":"https:\/\/www.purejewels.com\/#organization"},"potentialAction":[{"@type":"SearchAction","target":{"@type":"EntryPoint","urlTemplate":"https:\/\/www.purejewels.com\/?s={search_term_string}"},"query-input":{"@type":"PropertyValueSpecification","valueRequired":true,"valueName":"search_term_string"}}],"inLanguage":"de"},{"@type":"Organization","@id":"https:\/\/www.purejewels.com\/#organization","name":"PureJewels UK","url":"https:\/\/www.purejewels.com\/","logo":{"@type":"ImageObject","inLanguage":"de","@id":"https:\/\/www.purejewels.com\/#\/schema\/logo\/image\/","url":"https:\/\/static.purejewels.com\/wp-content\/uploads\/2020\/11\/Logo-PJ-New-1.png","contentUrl":"https:\/\/static.purejewels.com\/wp-content\/uploads\/2020\/11\/Logo-PJ-New-1.png","width":150,"height":80,"caption":"PureJewels UK"},"image":{"@id":"https:\/\/www.purejewels.com\/#\/schema\/logo\/image\/"}}]}},"_links":{"self":[{"href":"https:\/\/www.purejewels.com\/de\/wp-json\/wp\/v2\/product\/423710","targetHints":{"allow":["GET"]}}],"collection":[{"href":"https:\/\/www.purejewels.com\/de\/wp-json\/wp\/v2\/product"}],"about":[{"href":"https:\/\/www.purejewels.com\/de\/wp-json\/wp\/v2\/types\/product"}],"replies":[{"embeddable":true,"href":"https:\/\/www.purejewels.com\/de\/wp-json\/wp\/v2\/comments?post=423710"}],"version-history":[{"count":3,"href":"https:\/\/www.purejewels.com\/de\/wp-json\/wp\/v2\/product\/423710\/revisions"}],"predecessor-version":[{"id":426356,"href":"https:\/\/www.purejewels.com\/de\/wp-json\/wp\/v2\/product\/423710\/revisions\/426356"}],"wp:featuredmedia":[{"embeddable":true,"href":"https:\/\/www.purejewels.com\/de\/wp-json\/wp\/v2\/media\/423734"}],"wp:attachment":[{"href":"https:\/\/www.purejewels.com\/de\/wp-json\/wp\/v2\/media?parent=423710"}],"wp:term":[{"taxonomy":"product_brand","embeddable":true,"href":"https:\/\/www.purejewels.com\/de\/wp-json\/wp\/v2\/product_brand?post=423710"},{"taxonomy":"product_cat","embeddable":true,"href":"https:\/\/www.purejewels.com\/de\/wp-json\/wp\/v2\/product_cat?post=423710"},{"taxonomy":"product_tag","embeddable":true,"href":"https:\/\/www.purejewels.com\/de\/wp-json\/wp\/v2\/product_tag?post=423710"}],"curies":[{"name":"wp","href":"https:\/\/api.w.org\/{rel}","templated":true}]}}