{"id":423737,"date":"2025-12-23T06:59:59","date_gmt":"2025-12-23T06:59:59","guid":{"rendered":"https:\/\/www.purejewels.com\/?post_type=product&#038;p=423737"},"modified":"2026-01-06T10:00:36","modified_gmt":"2026-01-06T10:00:36","slug":"armband-mit-linearen-perlen-aus-22-karat-gold-53532","status":"publish","type":"product","link":"https:\/\/www.purejewels.com\/de\/product\/22ct-gold-linear-bar-bead-bracelet-53532\/","title":{"rendered":"22 Karat Gold Armband mit linearen Perlen"},"content":{"rendered":"<h3 data-start=\"516\" data-end=\"534\">Designkonzept<\/h3>\n<p data-start=\"535\" data-end=\"874\">Das Armband hat einen schmalen, linearen Steg als Mittelpunkt, der einen dezenten Blickfang am Handgelenk bildet, w\u00e4hrend gleichm\u00e4\u00dfig angeordnete Perlen f\u00fcr einen sanften Rhythmus und Struktur sorgen. Seine klare Geometrie und die feinen Proportionen verleihen ihm eine moderne Ausstrahlung und machen es zu einem vielseitigen Schmuckst\u00fcck, das sowohl minimalistisch als auch aussagekr\u00e4ftig wirkt. Das Design zeichnet sich durch Zur\u00fcckhaltung, Detailtreue und Ausgewogenheit aus.<\/p>\n<h3 data-start=\"876\" data-end=\"893\">Handwerkliches K\u00f6nnen<\/h3>\n<p data-start=\"894\" data-end=\"1234\">Die linearen Stab- und Perlenelemente sind aus massivem 22-kar\u00e4tigem Gelbgold gefertigt, pr\u00e4zise geformt und sicher in eine feine Kette integriert. Das Armband ist weich poliert, was die nat\u00fcrliche W\u00e4rme des hochreinen Goldes unterstreicht und gleichzeitig den Tragekomfort im Alltag gew\u00e4hrleistet. Jedes St\u00fcck ist in Gro\u00dfbritannien punziert, was die Reinheit und Qualit\u00e4t des Goldes garantiert.<\/p>\n<h3 data-start=\"1236\" data-end=\"1253\">Styling-Ideen<\/h3>\n<p data-start=\"1254\" data-end=\"1538\">Tragen Sie es allein f\u00fcr einen raffinierten, zur\u00fcckhaltenden Look oder kombinieren Sie es mit schmalen Goldketten und Armreifen f\u00fcr einen modernen Handgelenk-Look. Durch sein leichtes Design eignet es sich ideal f\u00fcr den Alltag, ist aber auch elegant genug f\u00fcr den Abend. Ein durchdachtes Geschenk f\u00fcr Geburtstage, Jahrestage oder besondere Meilensteine.<\/p>","protected":false},"excerpt":{"rendered":"<p>Ein zartes, einreihiges Armband aus 22 Karat Gelbgold mit einem raffinierten linearen Steg, der von subtil detaillierten Goldperlen eingerahmt wird. Ausgewogen und elegant, bietet es einen zeitgem\u00e4\u00dfen Ausdruck von Goldschmuck f\u00fcr den Alltag. Entworfen f\u00fcr m\u00fcheloses Tragen und Kombinieren.<\/p>\n<p><strong>Material:<\/strong> 22ct Gold (91,6% reines Gold)<strong><br \/>\nWahrzeichen:\u00a0<\/strong>Britisches G\u00fctesiegel<strong><br \/>\n<\/strong><strong>Bruttogewicht: <\/strong>1,80 Gramm<br \/>\n<strong>L\u00e4nge:<\/strong> 7 Zoll<br \/>\n<strong>SKU:<\/strong> 53532<\/p>\n<p><strong>Preis und Lieferung<\/strong>: Inklusive Mehrwertsteuer und Lieferkosten<br \/>\n<a href=\"https:\/\/www.purejewels.com\/de\/ruckgabepolitik\/\">R\u00fcckgabepolitik<\/a><\/p>","protected":false},"featured_media":423739,"comment_status":"closed","ping_status":"closed","template":"","meta":{"_eb_attr":"","_crsspst_to_jayantr4sg-hostcom":true},"product_brand":[],"product_cat":[1791,5441,1559,1793,1792,1324,1627,1229,5343,1575,1569,1574,5349],"product_tag":[5634],"class_list":{"0":"post-423737","1":"product","2":"type-product","3":"status-publish","4":"has-post-thumbnail","6":"product_cat-anniversary-gifts","7":"product_cat-gold-bead-bracelets","8":"product_cat-birthday-gifts","9":"product_cat-diwali-gifts","10":"product_cat-festival-gifts","11":"product_cat-gold-bracelet","12":"product_cat-ladies-bracelet","13":"product_cat-22ct-gold-jewellery","14":"product_cat-jewellery-under-550","15":"product_cat-teenage-jewellery","16":"product_cat-valentine-day-gifts","17":"product_cat-womens-jewellery","18":"product_cat-yellow-gold-jewellery","19":"product_tag-22ct-gold-bracelet-for-ladies","21":"first","22":"outofstock","23":"taxable","24":"shipping-taxable","25":"product-type-simple","26":"add-to-wishlist-before_image"},"yoast_head":"<!-- This site is optimized with the Yoast SEO plugin v27.5 - https:\/\/yoast.com\/product\/yoast-seo-wordpress\/ -->\n<title>Delicate 22ct Gold Bracelet with Bar and Bead Detailing<\/title>\n<meta name=\"description\" content=\"A refined single-line bracelet crafted in 22ct yellow gold, featuring a central bar and subtle bead accents. Hallmarked in the UK and designed for elegant everyday wear.\" \/>\n<meta name=\"robots\" content=\"index, follow, max-snippet:-1, max-image-preview:large, max-video-preview:-1\" \/>\n<link rel=\"canonical\" href=\"https:\/\/www.purejewels.com\/de\/produkt-2\/armband-mit-linearen-perlen-aus-22-karat-gold-53532\/\" \/>\n<meta property=\"og:locale\" content=\"de_DE\" \/>\n<meta property=\"og:type\" content=\"article\" \/>\n<meta property=\"og:title\" content=\"Delicate 22ct Gold Bracelet with Bar and Bead Detailing\" \/>\n<meta property=\"og:description\" content=\"A refined single-line bracelet crafted in 22ct yellow gold, featuring a central bar and subtle bead accents. Hallmarked in the UK and designed for elegant everyday wear.\" \/>\n<meta property=\"og:url\" content=\"https:\/\/www.purejewels.com\/de\/produkt-2\/armband-mit-linearen-perlen-aus-22-karat-gold-53532\/\" \/>\n<meta property=\"og:site_name\" content=\"PureJewels UK\" \/>\n<meta property=\"article:modified_time\" content=\"2026-01-06T10:00:36+00:00\" \/>\n<meta property=\"og:image\" content=\"https:\/\/static.purejewels.com\/wp-content\/uploads\/2025\/12\/53532.jpg\" \/>\n\t<meta property=\"og:image:width\" content=\"1000\" \/>\n\t<meta property=\"og:image:height\" content=\"1000\" \/>\n\t<meta property=\"og:image:type\" content=\"image\/jpeg\" \/>\n<meta name=\"twitter:card\" content=\"summary_large_image\" \/>\n<meta name=\"twitter:label1\" content=\"Gesch\u00e4tzte Lesezeit\" \/>\n\t<meta name=\"twitter:data1\" content=\"1\u00a0Minute\" \/>\n<script type=\"application\/ld+json\" class=\"yoast-schema-graph\">{\"@context\":\"https:\\\/\\\/schema.org\",\"@graph\":[{\"@type\":[\"WebPage\",\"ItemPage\"],\"@id\":\"https:\\\/\\\/www.purejewels.com\\\/product\\\/22ct-gold-linear-bar-bead-bracelet-53532\\\/\",\"url\":\"https:\\\/\\\/www.purejewels.com\\\/product\\\/22ct-gold-linear-bar-bead-bracelet-53532\\\/\",\"name\":\"Delicate 22ct Gold Bracelet with Bar and Bead Detailing\",\"isPartOf\":{\"@id\":\"https:\\\/\\\/www.purejewels.com\\\/#website\"},\"primaryImageOfPage\":{\"@id\":\"https:\\\/\\\/www.purejewels.com\\\/product\\\/22ct-gold-linear-bar-bead-bracelet-53532\\\/#primaryimage\"},\"image\":{\"@id\":\"https:\\\/\\\/www.purejewels.com\\\/product\\\/22ct-gold-linear-bar-bead-bracelet-53532\\\/#primaryimage\"},\"thumbnailUrl\":\"https:\\\/\\\/static.purejewels.com\\\/wp-content\\\/uploads\\\/2025\\\/12\\\/53532.jpg\",\"datePublished\":\"2025-12-23T06:59:59+00:00\",\"dateModified\":\"2026-01-06T10:00:36+00:00\",\"description\":\"A refined single-line bracelet crafted in 22ct yellow gold, featuring a central bar and subtle bead accents. Hallmarked in the UK and designed for elegant everyday wear.\",\"breadcrumb\":{\"@id\":\"https:\\\/\\\/www.purejewels.com\\\/product\\\/22ct-gold-linear-bar-bead-bracelet-53532\\\/#breadcrumb\"},\"inLanguage\":\"de\",\"potentialAction\":[{\"@type\":\"ReadAction\",\"target\":[\"https:\\\/\\\/www.purejewels.com\\\/product\\\/22ct-gold-linear-bar-bead-bracelet-53532\\\/\"]}]},{\"@type\":\"ImageObject\",\"inLanguage\":\"de\",\"@id\":\"https:\\\/\\\/www.purejewels.com\\\/product\\\/22ct-gold-linear-bar-bead-bracelet-53532\\\/#primaryimage\",\"url\":\"https:\\\/\\\/static.purejewels.com\\\/wp-content\\\/uploads\\\/2025\\\/12\\\/53532.jpg\",\"contentUrl\":\"https:\\\/\\\/static.purejewels.com\\\/wp-content\\\/uploads\\\/2025\\\/12\\\/53532.jpg\",\"width\":1000,\"height\":1000,\"caption\":\"22ct Gold Linear Bar Bead Bracelet\"},{\"@type\":\"BreadcrumbList\",\"@id\":\"https:\\\/\\\/www.purejewels.com\\\/product\\\/22ct-gold-linear-bar-bead-bracelet-53532\\\/#breadcrumb\",\"itemListElement\":[{\"@type\":\"ListItem\",\"position\":1,\"name\":\"Home\",\"item\":\"https:\\\/\\\/www.purejewels.com\\\/\"},{\"@type\":\"ListItem\",\"position\":2,\"name\":\"Shop\",\"item\":\"https:\\\/\\\/www.purejewels.com\\\/shop\\\/\"},{\"@type\":\"ListItem\",\"position\":3,\"name\":\"22ct Gold Linear Bar Bead Bracelet\"}]},{\"@type\":\"WebSite\",\"@id\":\"https:\\\/\\\/www.purejewels.com\\\/#website\",\"url\":\"https:\\\/\\\/www.purejewels.com\\\/\",\"name\":\"PureJewels UK\",\"description\":\"Share the Love\",\"publisher\":{\"@id\":\"https:\\\/\\\/www.purejewels.com\\\/#organization\"},\"potentialAction\":[{\"@type\":\"SearchAction\",\"target\":{\"@type\":\"EntryPoint\",\"urlTemplate\":\"https:\\\/\\\/www.purejewels.com\\\/?s={search_term_string}\"},\"query-input\":{\"@type\":\"PropertyValueSpecification\",\"valueRequired\":true,\"valueName\":\"search_term_string\"}}],\"inLanguage\":\"de\"},{\"@type\":\"Organization\",\"@id\":\"https:\\\/\\\/www.purejewels.com\\\/#organization\",\"name\":\"PureJewels UK\",\"url\":\"https:\\\/\\\/www.purejewels.com\\\/\",\"logo\":{\"@type\":\"ImageObject\",\"inLanguage\":\"de\",\"@id\":\"https:\\\/\\\/www.purejewels.com\\\/#\\\/schema\\\/logo\\\/image\\\/\",\"url\":\"https:\\\/\\\/static.purejewels.com\\\/wp-content\\\/uploads\\\/2020\\\/11\\\/Logo-PJ-New-1.png\",\"contentUrl\":\"https:\\\/\\\/static.purejewels.com\\\/wp-content\\\/uploads\\\/2020\\\/11\\\/Logo-PJ-New-1.png\",\"width\":150,\"height\":80,\"caption\":\"PureJewels UK\"},\"image\":{\"@id\":\"https:\\\/\\\/www.purejewels.com\\\/#\\\/schema\\\/logo\\\/image\\\/\"}}]}<\/script>\n<!-- \/ Yoast SEO plugin. -->","yoast_head_json":{"title":"Zartes Armband aus 22 Karat Gold mit Stab- und Perlenverzierung","description":"Ein raffiniertes einreihiges Armband aus 22 Karat Gelbgold mit einem zentralen Steg und dezenten Perlenakzenten. Mit britischer Punzierung und f\u00fcr eleganten Alltagstragen entworfen.","robots":{"index":"index","follow":"follow","max-snippet":"max-snippet:-1","max-image-preview":"max-image-preview:large","max-video-preview":"max-video-preview:-1"},"canonical":"https:\/\/www.purejewels.com\/de\/produkt-2\/armband-mit-linearen-perlen-aus-22-karat-gold-53532\/","og_locale":"de_DE","og_type":"article","og_title":"Delicate 22ct Gold Bracelet with Bar and Bead Detailing","og_description":"A refined single-line bracelet crafted in 22ct yellow gold, featuring a central bar and subtle bead accents. Hallmarked in the UK and designed for elegant everyday wear.","og_url":"https:\/\/www.purejewels.com\/de\/produkt-2\/armband-mit-linearen-perlen-aus-22-karat-gold-53532\/","og_site_name":"PureJewels UK","article_modified_time":"2026-01-06T10:00:36+00:00","og_image":[{"width":1000,"height":1000,"url":"https:\/\/static.purejewels.com\/wp-content\/uploads\/2025\/12\/53532.jpg","type":"image\/jpeg"}],"twitter_card":"summary_large_image","twitter_misc":{"Gesch\u00e4tzte Lesezeit":"1\u00a0Minute"},"schema":{"@context":"https:\/\/schema.org","@graph":[{"@type":["WebPage","ItemPage"],"@id":"https:\/\/www.purejewels.com\/product\/22ct-gold-linear-bar-bead-bracelet-53532\/","url":"https:\/\/www.purejewels.com\/product\/22ct-gold-linear-bar-bead-bracelet-53532\/","name":"Zartes Armband aus 22 Karat Gold mit Stab- und Perlenverzierung","isPartOf":{"@id":"https:\/\/www.purejewels.com\/#website"},"primaryImageOfPage":{"@id":"https:\/\/www.purejewels.com\/product\/22ct-gold-linear-bar-bead-bracelet-53532\/#primaryimage"},"image":{"@id":"https:\/\/www.purejewels.com\/product\/22ct-gold-linear-bar-bead-bracelet-53532\/#primaryimage"},"thumbnailUrl":"https:\/\/static.purejewels.com\/wp-content\/uploads\/2025\/12\/53532.jpg","datePublished":"2025-12-23T06:59:59+00:00","dateModified":"2026-01-06T10:00:36+00:00","description":"Ein raffiniertes einreihiges Armband aus 22 Karat Gelbgold mit einem zentralen Steg und dezenten Perlenakzenten. Mit britischer Punzierung und f\u00fcr eleganten Alltagstragen entworfen.","breadcrumb":{"@id":"https:\/\/www.purejewels.com\/product\/22ct-gold-linear-bar-bead-bracelet-53532\/#breadcrumb"},"inLanguage":"de","potentialAction":[{"@type":"ReadAction","target":["https:\/\/www.purejewels.com\/product\/22ct-gold-linear-bar-bead-bracelet-53532\/"]}]},{"@type":"ImageObject","inLanguage":"de","@id":"https:\/\/www.purejewels.com\/product\/22ct-gold-linear-bar-bead-bracelet-53532\/#primaryimage","url":"https:\/\/static.purejewels.com\/wp-content\/uploads\/2025\/12\/53532.jpg","contentUrl":"https:\/\/static.purejewels.com\/wp-content\/uploads\/2025\/12\/53532.jpg","width":1000,"height":1000,"caption":"22ct Gold Linear Bar Bead Bracelet"},{"@type":"BreadcrumbList","@id":"https:\/\/www.purejewels.com\/product\/22ct-gold-linear-bar-bead-bracelet-53532\/#breadcrumb","itemListElement":[{"@type":"ListItem","position":1,"name":"Home","item":"https:\/\/www.purejewels.com\/"},{"@type":"ListItem","position":2,"name":"Shop","item":"https:\/\/www.purejewels.com\/shop\/"},{"@type":"ListItem","position":3,"name":"22ct Gold Linear Bar Bead Bracelet"}]},{"@type":"WebSite","@id":"https:\/\/www.purejewels.com\/#website","url":"https:\/\/www.purejewels.com\/","name":"PureJewels UK","description":"Teile die Liebe","publisher":{"@id":"https:\/\/www.purejewels.com\/#organization"},"potentialAction":[{"@type":"SearchAction","target":{"@type":"EntryPoint","urlTemplate":"https:\/\/www.purejewels.com\/?s={search_term_string}"},"query-input":{"@type":"PropertyValueSpecification","valueRequired":true,"valueName":"search_term_string"}}],"inLanguage":"de"},{"@type":"Organization","@id":"https:\/\/www.purejewels.com\/#organization","name":"PureJewels UK","url":"https:\/\/www.purejewels.com\/","logo":{"@type":"ImageObject","inLanguage":"de","@id":"https:\/\/www.purejewels.com\/#\/schema\/logo\/image\/","url":"https:\/\/static.purejewels.com\/wp-content\/uploads\/2020\/11\/Logo-PJ-New-1.png","contentUrl":"https:\/\/static.purejewels.com\/wp-content\/uploads\/2020\/11\/Logo-PJ-New-1.png","width":150,"height":80,"caption":"PureJewels UK"},"image":{"@id":"https:\/\/www.purejewels.com\/#\/schema\/logo\/image\/"}}]}},"_links":{"self":[{"href":"https:\/\/www.purejewels.com\/de\/wp-json\/wp\/v2\/product\/423737","targetHints":{"allow":["GET"]}}],"collection":[{"href":"https:\/\/www.purejewels.com\/de\/wp-json\/wp\/v2\/product"}],"about":[{"href":"https:\/\/www.purejewels.com\/de\/wp-json\/wp\/v2\/types\/product"}],"replies":[{"embeddable":true,"href":"https:\/\/www.purejewels.com\/de\/wp-json\/wp\/v2\/comments?post=423737"}],"version-history":[{"count":1,"href":"https:\/\/www.purejewels.com\/de\/wp-json\/wp\/v2\/product\/423737\/revisions"}],"predecessor-version":[{"id":423738,"href":"https:\/\/www.purejewels.com\/de\/wp-json\/wp\/v2\/product\/423737\/revisions\/423738"}],"wp:featuredmedia":[{"embeddable":true,"href":"https:\/\/www.purejewels.com\/de\/wp-json\/wp\/v2\/media\/423739"}],"wp:attachment":[{"href":"https:\/\/www.purejewels.com\/de\/wp-json\/wp\/v2\/media?parent=423737"}],"wp:term":[{"taxonomy":"product_brand","embeddable":true,"href":"https:\/\/www.purejewels.com\/de\/wp-json\/wp\/v2\/product_brand?post=423737"},{"taxonomy":"product_cat","embeddable":true,"href":"https:\/\/www.purejewels.com\/de\/wp-json\/wp\/v2\/product_cat?post=423737"},{"taxonomy":"product_tag","embeddable":true,"href":"https:\/\/www.purejewels.com\/de\/wp-json\/wp\/v2\/product_tag?post=423737"}],"curies":[{"name":"wp","href":"https:\/\/api.w.org\/{rel}","templated":true}]}}