{"id":424892,"date":"2026-01-11T09:27:04","date_gmt":"2026-01-11T09:27:04","guid":{"rendered":"https:\/\/www.purejewels.com\/?post_type=product&#038;p=424892"},"modified":"2026-02-18T06:07:34","modified_gmt":"2026-02-18T06:07:34","slug":"lilypad-jackenring-lotus-22ct","status":"publish","type":"product","link":"https:\/\/www.purejewels.com\/de\/product\/lilypad-jacket-ring-lotus-22ct\/","title":{"rendered":"Lilypad Jacket Ring"},"content":{"rendered":"<p><strong>Gestaltung<\/strong><\/p>\n<p>Der Lilypad Jacket Ring ist von taufrischen Lilienbl\u00e4ttern inspiriert und bietet eine stabile und st\u00fctzende Form, aus der der Lotos erbl\u00fchen kann. Sein sanft asymmetrisches Band w\u00f6lbt sich absichtlich und schafft einen subtilen Heiligenschein, der Unterst\u00fctzung, Gleichgewicht und den nat\u00fcrlichen Verlauf der Reise der Liebe widerspiegelt. Der Mantel ist so gestaltet, dass er sich nahtlos um den Bud-Verlobungsring legt und den mittleren Ring mit einem durchdachten und harmonischen Profil einrahmt.<\/p>\n<p><strong>Handwerkliches K\u00f6nnen<\/strong><\/p>\n<p>Der Ring ist in PureJewels\u2019 unverkennbarem 22-kar\u00e4tigem Sunrise Gold gefertigt und verf\u00fcgt \u00fcber einen Halo aus Brillanten, die in unserem unverwechselbaren Dew Drop-Stil gefasst sind und der asymmetrischen Form Weichheit und Licht verleihen. Jeder Diamant wird einzeln ausgew\u00e4hlt und pr\u00e4zise gefasst, um Komfort, Haltbarkeit und optische Ausgewogenheit zu gew\u00e4hrleisten. Der von Hand gefertigte und im Vereinigten K\u00f6nigreich gepunzte Lilypad Jacket Ring spiegelt einen raffinierten Ansatz in Bezug auf Struktur, Proportionen und Details wider.<\/p>\n<p><strong>Styling &amp; Geschenkartikel<\/strong><\/p>\n<p>Der Lilypad Jacket Ring wurde als Erg\u00e4nzung zum Bud Verlobungsring entworfen und bietet eine durchdachte M\u00f6glichkeit, ein Verlobungsst\u00fcck im Laufe der Zeit zu verbessern und zu entwickeln. Er kann auch allein als eleganter, skulpturaler Ring getragen werden oder mit anderen Lotus-Designs f\u00fcr ein pers\u00f6nlicheres Arrangement gestapelt werden. Als \u00fcberlegtes Geschenk f\u00fcr Jahrestage, Meilensteine oder bedeutende Momente markiert er das stetige Wachstum einer gemeinsamen Reise.<\/p>","protected":false},"excerpt":{"rendered":"<p>Der Lilypad Jacket Ring hat eine zarte Kontur, die die Illusion eines schwebenden Diamantenhalos erzeugt, wie die st\u00fctzenden Seerosenbl\u00e4tter in einer Szene mit Lotosbl\u00fcten. Er passt nahtlos \u00fcber den Bud-Verlobungsring und vervollst\u00e4ndigt den Look, indem er das friedliche und doch leidenschaftliche Wachstum der Liebe festh\u00e4lt.<\/p>\n<p><strong>Material:<\/strong> 22ct Sonnenaufgang Gold<br \/>\n<strong><strong>Wahrzeichen: <\/strong><\/strong>Britisches G\u00fctesiegel<br \/>\n<strong>Bruttogewicht:<\/strong> 4.2gms<br \/>\n<strong><strong>Stein: <\/strong><\/strong>Nat\u00fcrlicher Diamant im Brillantschliff<strong><strong><br \/>\n<\/strong><\/strong><strong><strong><b>Zertifizierung: <\/b><\/strong><\/strong>GIA-zertifiziert<strong><strong><br \/>\n<strong>Gewicht der Diamanten: <\/strong><\/strong><\/strong>0,09ct<br \/>\n<strong>Ringgr\u00f6\u00dfe: <\/strong>I 1\/2 (andere Gr\u00f6\u00dfen auf Anfrage erh\u00e4ltlich)<br \/>\n<strong>SKU: <\/strong>53686<br \/>\n<strong>Preis und Lieferung:<\/strong>\u00a0Inklusive Mehrwertsteuer und Lieferkosten<br \/>\n<strong>Garantie:<\/strong>\u00a0kostenloser Valet-Service und Schwachstellenkontrollen<br \/>\n<strong>Anmerkung:\u00a0<\/strong>Der Lotus-Verlobungsring, der mit dem Jackenring kombiniert werden kann, ist separat erh\u00e4ltlich.<\/p>\n<p><strong><strong><strong><strong><strong><strong><strong><strong><strong><strong><a href=\"https:\/\/www.purejewels.com\/de\/ruckgabepolitik\/\">R\u00fcckgabepolitik<\/a><\/strong><\/strong><\/strong><\/strong><\/strong><\/strong><\/strong><\/strong><\/strong><\/strong><\/p>","protected":false},"featured_media":424899,"comment_status":"closed","ping_status":"closed","template":"","meta":{"_eb_attr":"","_crsspst_to_jayantr4sg-hostcom":false},"product_brand":[],"product_cat":[1791,5457,5460,1796,231,1235,1633,6050,6042,1569,226,1574],"product_tag":[5963,5941],"class_list":{"0":"post-424892","1":"product","2":"type-product","3":"status-publish","4":"has-post-thumbnail","6":"product_cat-anniversary-gifts","7":"product_cat-diamond-jewellery","8":"product_cat-diamond-ring","9":"product_cat-diamond-rings","10":"product_cat-engagement-rings","11":"product_cat-gold-rings","12":"product_cat-lotus-collections","13":"product_cat-lotus-ring","14":"product_cat-solitaire-ring","15":"product_cat-valentine-day-gifts","16":"product_cat-wedding-rings-bands","17":"product_cat-womens-jewellery","18":"product_tag-diamond","19":"product_tag-ring","21":"first","22":"instock","23":"taxable","24":"shipping-taxable","25":"purchasable","26":"product-type-simple","27":"add-to-wishlist-before_image"},"yoast_head":"<!-- This site is optimized with the Yoast SEO plugin v27.4 - https:\/\/yoast.com\/product\/yoast-seo-wordpress\/ -->\n<title>22ct Gold &amp; Diamond Jacket Ring | Lotus Collection | PureJewels<\/title>\n<meta name=\"description\" content=\"PureJewels UK offers the Lotus Engagement Jacket Ring, a testament to our commitment to unique and high-quality jewellery. Explore our Lotus collection online.\" \/>\n<meta name=\"robots\" content=\"index, follow, max-snippet:-1, max-image-preview:large, max-video-preview:-1\" \/>\n<link rel=\"canonical\" href=\"https:\/\/www.purejewels.com\/de\/produkt-2\/lilypad-jackenring-lotus-22ct\/\" \/>\n<meta property=\"og:locale\" content=\"de_DE\" \/>\n<meta property=\"og:type\" content=\"article\" \/>\n<meta property=\"og:title\" content=\"22ct Gold &amp; Diamond Jacket Ring | Lotus Collection | PureJewels\" \/>\n<meta property=\"og:description\" content=\"PureJewels UK offers the Lotus Engagement Jacket Ring, a testament to our commitment to unique and high-quality jewellery. Explore our Lotus collection online.\" \/>\n<meta property=\"og:url\" content=\"https:\/\/www.purejewels.com\/de\/produkt-2\/lilypad-jackenring-lotus-22ct\/\" \/>\n<meta property=\"og:site_name\" content=\"PureJewels UK\" \/>\n<meta property=\"article:modified_time\" content=\"2026-02-18T06:07:34+00:00\" \/>\n<meta property=\"og:image\" content=\"https:\/\/static.purejewels.com\/wp-content\/uploads\/2026\/01\/lotus-jaclet-ring-top-1.jpg\" \/>\n\t<meta property=\"og:image:width\" content=\"1000\" \/>\n\t<meta property=\"og:image:height\" content=\"1000\" \/>\n\t<meta property=\"og:image:type\" content=\"image\/jpeg\" \/>\n<meta name=\"twitter:card\" content=\"summary_large_image\" \/>\n<meta name=\"twitter:label1\" content=\"Gesch\u00e4tzte Lesezeit\" \/>\n\t<meta name=\"twitter:data1\" content=\"2\u00a0Minuten\" \/>\n<script type=\"application\/ld+json\" class=\"yoast-schema-graph\">{\"@context\":\"https:\\\/\\\/schema.org\",\"@graph\":[{\"@type\":[\"WebPage\",\"ItemPage\"],\"@id\":\"https:\\\/\\\/www.purejewels.com\\\/product\\\/lilypad-jacket-ring-lotus-22ct\\\/\",\"url\":\"https:\\\/\\\/www.purejewels.com\\\/product\\\/lilypad-jacket-ring-lotus-22ct\\\/\",\"name\":\"22ct Gold & Diamond Jacket Ring | Lotus Collection | PureJewels\",\"isPartOf\":{\"@id\":\"https:\\\/\\\/www.purejewels.com\\\/#website\"},\"primaryImageOfPage\":{\"@id\":\"https:\\\/\\\/www.purejewels.com\\\/product\\\/lilypad-jacket-ring-lotus-22ct\\\/#primaryimage\"},\"image\":{\"@id\":\"https:\\\/\\\/www.purejewels.com\\\/product\\\/lilypad-jacket-ring-lotus-22ct\\\/#primaryimage\"},\"thumbnailUrl\":\"https:\\\/\\\/static.purejewels.com\\\/wp-content\\\/uploads\\\/2026\\\/01\\\/lotus-jaclet-ring-top-1.jpg\",\"datePublished\":\"2026-01-11T09:27:04+00:00\",\"dateModified\":\"2026-02-18T06:07:34+00:00\",\"description\":\"PureJewels UK offers the Lotus Engagement Jacket Ring, a testament to our commitment to unique and high-quality jewellery. Explore our Lotus collection online.\",\"breadcrumb\":{\"@id\":\"https:\\\/\\\/www.purejewels.com\\\/product\\\/lilypad-jacket-ring-lotus-22ct\\\/#breadcrumb\"},\"inLanguage\":\"de\",\"potentialAction\":[{\"@type\":\"ReadAction\",\"target\":[\"https:\\\/\\\/www.purejewels.com\\\/product\\\/lilypad-jacket-ring-lotus-22ct\\\/\"]}]},{\"@type\":\"ImageObject\",\"inLanguage\":\"de\",\"@id\":\"https:\\\/\\\/www.purejewels.com\\\/product\\\/lilypad-jacket-ring-lotus-22ct\\\/#primaryimage\",\"url\":\"https:\\\/\\\/static.purejewels.com\\\/wp-content\\\/uploads\\\/2026\\\/01\\\/lotus-jaclet-ring-top-1.jpg\",\"contentUrl\":\"https:\\\/\\\/static.purejewels.com\\\/wp-content\\\/uploads\\\/2026\\\/01\\\/lotus-jaclet-ring-top-1.jpg\",\"width\":1000,\"height\":1000},{\"@type\":\"BreadcrumbList\",\"@id\":\"https:\\\/\\\/www.purejewels.com\\\/product\\\/lilypad-jacket-ring-lotus-22ct\\\/#breadcrumb\",\"itemListElement\":[{\"@type\":\"ListItem\",\"position\":1,\"name\":\"Home\",\"item\":\"https:\\\/\\\/www.purejewels.com\\\/\"},{\"@type\":\"ListItem\",\"position\":2,\"name\":\"Shop\",\"item\":\"https:\\\/\\\/www.purejewels.com\\\/shop\\\/\"},{\"@type\":\"ListItem\",\"position\":3,\"name\":\"Lilypad Jacket Ring\"}]},{\"@type\":\"WebSite\",\"@id\":\"https:\\\/\\\/www.purejewels.com\\\/#website\",\"url\":\"https:\\\/\\\/www.purejewels.com\\\/\",\"name\":\"PureJewels UK\",\"description\":\"Share the Love\",\"publisher\":{\"@id\":\"https:\\\/\\\/www.purejewels.com\\\/#organization\"},\"potentialAction\":[{\"@type\":\"SearchAction\",\"target\":{\"@type\":\"EntryPoint\",\"urlTemplate\":\"https:\\\/\\\/www.purejewels.com\\\/?s={search_term_string}\"},\"query-input\":{\"@type\":\"PropertyValueSpecification\",\"valueRequired\":true,\"valueName\":\"search_term_string\"}}],\"inLanguage\":\"de\"},{\"@type\":\"Organization\",\"@id\":\"https:\\\/\\\/www.purejewels.com\\\/#organization\",\"name\":\"PureJewels UK\",\"url\":\"https:\\\/\\\/www.purejewels.com\\\/\",\"logo\":{\"@type\":\"ImageObject\",\"inLanguage\":\"de\",\"@id\":\"https:\\\/\\\/www.purejewels.com\\\/#\\\/schema\\\/logo\\\/image\\\/\",\"url\":\"https:\\\/\\\/static.purejewels.com\\\/wp-content\\\/uploads\\\/2020\\\/11\\\/Logo-PJ-New-1.png\",\"contentUrl\":\"https:\\\/\\\/static.purejewels.com\\\/wp-content\\\/uploads\\\/2020\\\/11\\\/Logo-PJ-New-1.png\",\"width\":150,\"height\":80,\"caption\":\"PureJewels UK\"},\"image\":{\"@id\":\"https:\\\/\\\/www.purejewels.com\\\/#\\\/schema\\\/logo\\\/image\\\/\"}}]}<\/script>\n<!-- \/ Yoast SEO plugin. -->","yoast_head_json":{"title":"22ct Gold &amp; Diamant Mantel Ring | Lotus Kollektion | PureJewels","description":"PureJewels UK bietet den Lotus Verlobungsring an, ein Beweis f\u00fcr unser Engagement f\u00fcr einzigartigen und hochwertigen Schmuck. Entdecken Sie unsere Lotus Kollektion online.","robots":{"index":"index","follow":"follow","max-snippet":"max-snippet:-1","max-image-preview":"max-image-preview:large","max-video-preview":"max-video-preview:-1"},"canonical":"https:\/\/www.purejewels.com\/de\/produkt-2\/lilypad-jackenring-lotus-22ct\/","og_locale":"de_DE","og_type":"article","og_title":"22ct Gold & Diamond Jacket Ring | Lotus Collection | PureJewels","og_description":"PureJewels UK offers the Lotus Engagement Jacket Ring, a testament to our commitment to unique and high-quality jewellery. Explore our Lotus collection online.","og_url":"https:\/\/www.purejewels.com\/de\/produkt-2\/lilypad-jackenring-lotus-22ct\/","og_site_name":"PureJewels UK","article_modified_time":"2026-02-18T06:07:34+00:00","og_image":[{"width":1000,"height":1000,"url":"https:\/\/static.purejewels.com\/wp-content\/uploads\/2026\/01\/lotus-jaclet-ring-top-1.jpg","type":"image\/jpeg"}],"twitter_card":"summary_large_image","twitter_misc":{"Gesch\u00e4tzte Lesezeit":"2\u00a0Minuten"},"schema":{"@context":"https:\/\/schema.org","@graph":[{"@type":["WebPage","ItemPage"],"@id":"https:\/\/www.purejewels.com\/product\/lilypad-jacket-ring-lotus-22ct\/","url":"https:\/\/www.purejewels.com\/product\/lilypad-jacket-ring-lotus-22ct\/","name":"22ct Gold &amp; Diamant Mantel Ring | Lotus Kollektion | PureJewels","isPartOf":{"@id":"https:\/\/www.purejewels.com\/#website"},"primaryImageOfPage":{"@id":"https:\/\/www.purejewels.com\/product\/lilypad-jacket-ring-lotus-22ct\/#primaryimage"},"image":{"@id":"https:\/\/www.purejewels.com\/product\/lilypad-jacket-ring-lotus-22ct\/#primaryimage"},"thumbnailUrl":"https:\/\/static.purejewels.com\/wp-content\/uploads\/2026\/01\/lotus-jaclet-ring-top-1.jpg","datePublished":"2026-01-11T09:27:04+00:00","dateModified":"2026-02-18T06:07:34+00:00","description":"PureJewels UK bietet den Lotus Verlobungsring an, ein Beweis f\u00fcr unser Engagement f\u00fcr einzigartigen und hochwertigen Schmuck. Entdecken Sie unsere Lotus Kollektion online.","breadcrumb":{"@id":"https:\/\/www.purejewels.com\/product\/lilypad-jacket-ring-lotus-22ct\/#breadcrumb"},"inLanguage":"de","potentialAction":[{"@type":"ReadAction","target":["https:\/\/www.purejewels.com\/product\/lilypad-jacket-ring-lotus-22ct\/"]}]},{"@type":"ImageObject","inLanguage":"de","@id":"https:\/\/www.purejewels.com\/product\/lilypad-jacket-ring-lotus-22ct\/#primaryimage","url":"https:\/\/static.purejewels.com\/wp-content\/uploads\/2026\/01\/lotus-jaclet-ring-top-1.jpg","contentUrl":"https:\/\/static.purejewels.com\/wp-content\/uploads\/2026\/01\/lotus-jaclet-ring-top-1.jpg","width":1000,"height":1000},{"@type":"BreadcrumbList","@id":"https:\/\/www.purejewels.com\/product\/lilypad-jacket-ring-lotus-22ct\/#breadcrumb","itemListElement":[{"@type":"ListItem","position":1,"name":"Home","item":"https:\/\/www.purejewels.com\/"},{"@type":"ListItem","position":2,"name":"Shop","item":"https:\/\/www.purejewels.com\/shop\/"},{"@type":"ListItem","position":3,"name":"Lilypad Jacket Ring"}]},{"@type":"WebSite","@id":"https:\/\/www.purejewels.com\/#website","url":"https:\/\/www.purejewels.com\/","name":"PureJewels UK","description":"Teile die Liebe","publisher":{"@id":"https:\/\/www.purejewels.com\/#organization"},"potentialAction":[{"@type":"SearchAction","target":{"@type":"EntryPoint","urlTemplate":"https:\/\/www.purejewels.com\/?s={search_term_string}"},"query-input":{"@type":"PropertyValueSpecification","valueRequired":true,"valueName":"search_term_string"}}],"inLanguage":"de"},{"@type":"Organization","@id":"https:\/\/www.purejewels.com\/#organization","name":"PureJewels UK","url":"https:\/\/www.purejewels.com\/","logo":{"@type":"ImageObject","inLanguage":"de","@id":"https:\/\/www.purejewels.com\/#\/schema\/logo\/image\/","url":"https:\/\/static.purejewels.com\/wp-content\/uploads\/2020\/11\/Logo-PJ-New-1.png","contentUrl":"https:\/\/static.purejewels.com\/wp-content\/uploads\/2020\/11\/Logo-PJ-New-1.png","width":150,"height":80,"caption":"PureJewels UK"},"image":{"@id":"https:\/\/www.purejewels.com\/#\/schema\/logo\/image\/"}}]}},"_links":{"self":[{"href":"https:\/\/www.purejewels.com\/de\/wp-json\/wp\/v2\/product\/424892","targetHints":{"allow":["GET"]}}],"collection":[{"href":"https:\/\/www.purejewels.com\/de\/wp-json\/wp\/v2\/product"}],"about":[{"href":"https:\/\/www.purejewels.com\/de\/wp-json\/wp\/v2\/types\/product"}],"replies":[{"embeddable":true,"href":"https:\/\/www.purejewels.com\/de\/wp-json\/wp\/v2\/comments?post=424892"}],"version-history":[{"count":3,"href":"https:\/\/www.purejewels.com\/de\/wp-json\/wp\/v2\/product\/424892\/revisions"}],"predecessor-version":[{"id":425575,"href":"https:\/\/www.purejewels.com\/de\/wp-json\/wp\/v2\/product\/424892\/revisions\/425575"}],"wp:featuredmedia":[{"embeddable":true,"href":"https:\/\/www.purejewels.com\/de\/wp-json\/wp\/v2\/media\/424899"}],"wp:attachment":[{"href":"https:\/\/www.purejewels.com\/de\/wp-json\/wp\/v2\/media?parent=424892"}],"wp:term":[{"taxonomy":"product_brand","embeddable":true,"href":"https:\/\/www.purejewels.com\/de\/wp-json\/wp\/v2\/product_brand?post=424892"},{"taxonomy":"product_cat","embeddable":true,"href":"https:\/\/www.purejewels.com\/de\/wp-json\/wp\/v2\/product_cat?post=424892"},{"taxonomy":"product_tag","embeddable":true,"href":"https:\/\/www.purejewels.com\/de\/wp-json\/wp\/v2\/product_tag?post=424892"}],"curies":[{"name":"wp","href":"https:\/\/api.w.org\/{rel}","templated":true}]}}