{"id":4260,"date":"2017-07-19T13:26:31","date_gmt":"2017-07-19T12:26:31","guid":{"rendered":"http:\/\/new.purejewels.com\/product\/22ct-gold-mangalsutra-pendant-8\/"},"modified":"2026-01-07T10:51:09","modified_gmt":"2026-01-07T10:51:09","slug":"22ct-gold-mangalsutra-anhanger-8","status":"publish","type":"product","link":"https:\/\/www.purejewels.com\/de\/product\/22ct-gold-mangalsutra-pendant-8\/","title":{"rendered":"22ct Gold Mangalsutra-Anh\u00e4nger"},"content":{"rendered":"<p>F\u00fcr Ihren perfekten Tag finden Sie hier eine sensationelle <a href=\"https:\/\/www.purejewels.com\/de\/product\/22ct-gold-jali-filigree-ring-jali-collection-31926\/\">22ct<\/a> Gold <a href=\"https:\/\/www.purejewels.com\/de\/product-category\/22ct-gold-jewellery\/gold-mangalsutras\/\">mangalsutra<\/a> Anh\u00e4nger. Schimmernde, mondhelle Zirkonia kontrastieren wundersch\u00f6n mit nachtschwarzen Perlen und warmem Gold. Er ist das Herzst\u00fcck f\u00fcr Ihre <a href=\"https:\/\/www.purejewels.com\/de\/product\/22ct-gold-bridal-necklace-46262\/\">Brautschmuck<\/a>und ein Schmuckst\u00fcck, das Sie Ihr ganzes Eheleben lang tragen werden. Dieser dekadente Anh\u00e4nger ist von der klassischen Mangalsutra inspiriert und zeigt eine mit Diamanten besetzte Tr\u00e4ne aus indischem Paisley. Das ist kein Minimalismus, sondern pure Pracht. Und warum sollte er das auch nicht sein? Es ist eine Investition, die Sie nur einmal t\u00e4tigen werden.  *Dieser Mangalsutra-Anh\u00e4nger aus Gold wird individuell auf Bestellung gefertigt. Bitte kontaktieren Sie uns, wenn Sie ihn kaufen m\u00f6chten.<\/p>\n<ul>\n<li>Gold Mangalsutra Anh\u00e4nger ohne Kette<\/li>\n<li>Gewicht : 13.4 g<\/li>\n<li>Alle Preise inklusive Mehrwertsteuer<\/li>\n<li>22ct Gold gestempelt von London Assay Office<\/li>\n<li>Mit Pr\u00e4sentationsbox<\/li>\n<li>Lieferung inbegriffen<\/li>\n<li>AUF BESTELLUNG GEFERTIGT. Nutzen Sie den Live-Chat, um sich zu erkundigen, oder sehen Sie sich weitere Bilder von \u00e4hnlichen Designs an, die derzeit auf Lager sind.<\/li>\n<li>Dieser goldene Mangalsutra-Anh\u00e4nger ist aus 22 Karat Gold gefertigt. Wir haben uns f\u00fcr 22 Karat entschieden, weil es die beste Qualit\u00e4t f\u00fcr die Herstellung von feinem Schmuck ist und f\u00fcr ein St\u00fcck, das ein Leben lang h\u00e4lt, die perfekte Wahl ist.<\/li>\n<li>Er ist mit vielen hochwertigen Zirkonia im Facettenschliff besetzt, die wie Diamanten funkeln.<\/li>\n<li>Dieser goldene Mangalsutra-Anh\u00e4nger wiegt 13,4 g OHNE KETTE.<\/li>\n<li>Kaufen Sie eine goldene Mangalsutra-Kette separat - fragen Sie uns nach den M\u00f6glichkeiten. Auf diese Weise k\u00f6nnen Sie Ihre Mangalsutra individuell gestalten, indem Sie Ihre eigene Kette oder Perlen ausw\u00e4hlen.<\/li>\n<li>Gepunzt durch das London Assay Office.<\/li>\n<\/ul>\n<p><strong>Die Tradition des Mangalsutra-Anh\u00e4ngers aus Gold<\/strong><br \/>\nIn der hinduistischen Tradition wird der Mangalsutra der Braut an ihrem Hochzeitstag geschenkt.  Es wird angenommen, dass es die Gesundheit des Ehemanns sch\u00fctzt, die Fruchtbarkeit f\u00f6rdert oder Gl\u00fcck bringt.  Die Kombination aus goldenen oder gelben und schwarzen Perlen stammt von den traditionellen Farben, mit denen der b\u00f6se Blick abgewehrt werden soll.  Fr\u00fcher wurde die Mangalsutra vom Br\u00e4utigam umgebunden und f\u00fcr immer getragen; heute tragen viele verheiratete Frauen sie nur noch zu besonderen Anl\u00e4ssen.  Wie auch immer man dazu steht, das Tragen einer Mangalsutra ist immer noch sehr beliebt und kann zu einem beliebten Teil des Schmuckk\u00e4stchens einer Frau werden.  Wahrscheinlich wird sie auch von Generation zu Generation weitergegeben und zum Tr\u00e4ger wertvoller Erinnerungen.<\/p>\n<p><strong>So w\u00e4hlen Sie den richtigen Mangalsutra-Anh\u00e4nger aus Gold<\/strong><br \/>\nDie Mangalsutra ist ein kleiner Teil Ihres Hochzeitstages, bleibt aber f\u00fcr den Rest Ihres Lebens bestehen.  Es ist also eine gute Idee, eine Mangalsutra zu w\u00e4hlen, die etwas klassisch (aber ganz nach Ihrem Geschmack; es ist ein sehr pers\u00f6nliches Schmuckst\u00fcck) und best\u00e4ndig ist.  Es ist eine Investition; wenn Sie sich 22 Karat Gold leisten k\u00f6nnen, dann greifen Sie zu.  Wir haben moderne Mangalsutra aus Gold (wie die Vinyasa Mangalsutra, die gegen die Tradition zugunsten von Wei\u00dfgold verst\u00f6\u00dft) und sehr traditionelle <a href=\"https:\/\/www.purejewels.com\/de\/product-category\/22ct-gold-jewellery\/gold-pendants\/\">Anh\u00e4nger<\/a> (wie diese hier aus 22 Karat Gold).   Vielleicht ist es am besten, wenn Sie alle Ratschl\u00e4ge ignorieren.  W\u00e4hle ein Mangalsutra, das zu deinem Herzen spricht.<\/p>","protected":false},"excerpt":{"rendered":"<ul>\n<li>Mangalsutra-Anh\u00e4nger ohne Kette<\/li>\n<li>Gewicht : 13.4 g<\/li>\n<li>Alle Preise inklusive Mehrwertsteuer<\/li>\n<li>22ct Gold gestempelt von London Assay Office<\/li>\n<li>Mit Pr\u00e4sentationsbox<\/li>\n<li>Lieferung inbegriffen<\/li>\n<li>Derzeit nicht auf Lager , Live-Chat mit uns f\u00fcr die Verf\u00fcgbarkeit und mehr Bilder von \u00e4hnlichen Designs derzeit auf Lager<\/li>\n<\/ul>\n<p>&nbsp;<\/p>","protected":false},"featured_media":4261,"comment_status":"closed","ping_status":"closed","template":"","meta":{"_eb_attr":"","_crsspst_to_jayantr4sg-hostcom":true},"product_brand":[],"product_cat":[1776],"product_tag":[],"class_list":{"0":"post-4260","1":"product","2":"type-product","3":"status-publish","4":"has-post-thumbnail","6":"product_cat-occasional-wear-mangalsutras","8":"first","9":"outofstock","10":"taxable","11":"shipping-taxable","12":"product-type-simple","13":"add-to-wishlist-before_image"},"yoast_head":"<!-- This site is optimized with the Yoast SEO plugin v27.3 - https:\/\/yoast.com\/product\/yoast-seo-wordpress\/ -->\n<title>22ct Gold Mangalsutra Pendant - PureJewels UK<\/title>\n<meta name=\"robots\" content=\"index, follow, max-snippet:-1, max-image-preview:large, max-video-preview:-1\" \/>\n<link rel=\"canonical\" href=\"https:\/\/www.purejewels.com\/de\/produkt-2\/22ct-gold-mangalsutra-anhanger-8\/\" \/>\n<meta property=\"og:locale\" content=\"de_DE\" \/>\n<meta property=\"og:type\" content=\"article\" \/>\n<meta property=\"og:title\" content=\"22ct Gold Mangalsutra Pendant - PureJewels UK\" \/>\n<meta property=\"og:description\" content=\"Mangalsutra Pendant without chain  Wt :\u00a0 13.4 gms  All prices include VAT  22ct Gold\u00a0Hallmarked by London Assay Office  Comes With Presentation Box  Delivery Included  Currently Out of Stock , Live chat with us for availability and more images of similar designs currently in stock  &nbsp;\" \/>\n<meta property=\"og:url\" content=\"https:\/\/www.purejewels.com\/de\/produkt-2\/22ct-gold-mangalsutra-anhanger-8\/\" \/>\n<meta property=\"og:site_name\" content=\"PureJewels UK\" \/>\n<meta property=\"article:modified_time\" content=\"2026-01-07T10:51:09+00:00\" \/>\n<meta property=\"og:image\" content=\"https:\/\/www.purejewels.com\/wp-content\/uploads\/2017\/07\/mangalsutra_22362_960px-2.jpg\" \/>\n\t<meta property=\"og:image:width\" content=\"960\" \/>\n\t<meta property=\"og:image:height\" content=\"960\" \/>\n\t<meta property=\"og:image:type\" content=\"image\/jpeg\" \/>\n<meta name=\"twitter:card\" content=\"summary_large_image\" \/>\n<meta name=\"twitter:label1\" content=\"Gesch\u00e4tzte Lesezeit\" \/>\n\t<meta name=\"twitter:data1\" content=\"2\u00a0Minuten\" \/>\n<script type=\"application\/ld+json\" class=\"yoast-schema-graph\">{\"@context\":\"https:\\\/\\\/schema.org\",\"@graph\":[{\"@type\":[\"WebPage\",\"ItemPage\"],\"@id\":\"https:\\\/\\\/www.purejewels.com\\\/product\\\/22ct-gold-mangalsutra-pendant-8\\\/\",\"url\":\"https:\\\/\\\/www.purejewels.com\\\/product\\\/22ct-gold-mangalsutra-pendant-8\\\/\",\"name\":\"22ct Gold Mangalsutra Pendant - PureJewels UK\",\"isPartOf\":{\"@id\":\"https:\\\/\\\/www.purejewels.com\\\/#website\"},\"primaryImageOfPage\":{\"@id\":\"https:\\\/\\\/www.purejewels.com\\\/product\\\/22ct-gold-mangalsutra-pendant-8\\\/#primaryimage\"},\"image\":{\"@id\":\"https:\\\/\\\/www.purejewels.com\\\/product\\\/22ct-gold-mangalsutra-pendant-8\\\/#primaryimage\"},\"thumbnailUrl\":\"https:\\\/\\\/static.purejewels.com\\\/wp-content\\\/uploads\\\/2017\\\/07\\\/mangalsutra_22362_960px-2.jpg\",\"datePublished\":\"2017-07-19T12:26:31+00:00\",\"dateModified\":\"2026-01-07T10:51:09+00:00\",\"breadcrumb\":{\"@id\":\"https:\\\/\\\/www.purejewels.com\\\/product\\\/22ct-gold-mangalsutra-pendant-8\\\/#breadcrumb\"},\"inLanguage\":\"de\",\"potentialAction\":[{\"@type\":\"ReadAction\",\"target\":[\"https:\\\/\\\/www.purejewels.com\\\/product\\\/22ct-gold-mangalsutra-pendant-8\\\/\"]}]},{\"@type\":\"ImageObject\",\"inLanguage\":\"de\",\"@id\":\"https:\\\/\\\/www.purejewels.com\\\/product\\\/22ct-gold-mangalsutra-pendant-8\\\/#primaryimage\",\"url\":\"https:\\\/\\\/static.purejewels.com\\\/wp-content\\\/uploads\\\/2017\\\/07\\\/mangalsutra_22362_960px-2.jpg\",\"contentUrl\":\"https:\\\/\\\/static.purejewels.com\\\/wp-content\\\/uploads\\\/2017\\\/07\\\/mangalsutra_22362_960px-2.jpg\",\"width\":960,\"height\":960,\"caption\":\"mangalsutra_22362_960px.jpg\"},{\"@type\":\"BreadcrumbList\",\"@id\":\"https:\\\/\\\/www.purejewels.com\\\/product\\\/22ct-gold-mangalsutra-pendant-8\\\/#breadcrumb\",\"itemListElement\":[{\"@type\":\"ListItem\",\"position\":1,\"name\":\"Home\",\"item\":\"https:\\\/\\\/www.purejewels.com\\\/\"},{\"@type\":\"ListItem\",\"position\":2,\"name\":\"Shop\",\"item\":\"https:\\\/\\\/www.purejewels.com\\\/shop\\\/\"},{\"@type\":\"ListItem\",\"position\":3,\"name\":\"22ct Gold Mangalsutra Pendant\"}]},{\"@type\":\"WebSite\",\"@id\":\"https:\\\/\\\/www.purejewels.com\\\/#website\",\"url\":\"https:\\\/\\\/www.purejewels.com\\\/\",\"name\":\"PureJewels UK\",\"description\":\"Share the Love\",\"publisher\":{\"@id\":\"https:\\\/\\\/www.purejewels.com\\\/#organization\"},\"potentialAction\":[{\"@type\":\"SearchAction\",\"target\":{\"@type\":\"EntryPoint\",\"urlTemplate\":\"https:\\\/\\\/www.purejewels.com\\\/?s={search_term_string}\"},\"query-input\":{\"@type\":\"PropertyValueSpecification\",\"valueRequired\":true,\"valueName\":\"search_term_string\"}}],\"inLanguage\":\"de\"},{\"@type\":\"Organization\",\"@id\":\"https:\\\/\\\/www.purejewels.com\\\/#organization\",\"name\":\"PureJewels UK\",\"url\":\"https:\\\/\\\/www.purejewels.com\\\/\",\"logo\":{\"@type\":\"ImageObject\",\"inLanguage\":\"de\",\"@id\":\"https:\\\/\\\/www.purejewels.com\\\/#\\\/schema\\\/logo\\\/image\\\/\",\"url\":\"https:\\\/\\\/static.purejewels.com\\\/wp-content\\\/uploads\\\/2020\\\/11\\\/Logo-PJ-New-1.png\",\"contentUrl\":\"https:\\\/\\\/static.purejewels.com\\\/wp-content\\\/uploads\\\/2020\\\/11\\\/Logo-PJ-New-1.png\",\"width\":150,\"height\":80,\"caption\":\"PureJewels UK\"},\"image\":{\"@id\":\"https:\\\/\\\/www.purejewels.com\\\/#\\\/schema\\\/logo\\\/image\\\/\"}}]}<\/script>\n<!-- \/ Yoast SEO plugin. -->","yoast_head_json":{"title":"22ct Gold Mangalsutra Anh\u00e4nger - PureJewels UK","robots":{"index":"index","follow":"follow","max-snippet":"max-snippet:-1","max-image-preview":"max-image-preview:large","max-video-preview":"max-video-preview:-1"},"canonical":"https:\/\/www.purejewels.com\/de\/produkt-2\/22ct-gold-mangalsutra-anhanger-8\/","og_locale":"de_DE","og_type":"article","og_title":"22ct Gold Mangalsutra Pendant - PureJewels UK","og_description":"Mangalsutra Pendant without chain  Wt :\u00a0 13.4 gms  All prices include VAT  22ct Gold\u00a0Hallmarked by London Assay Office  Comes With Presentation Box  Delivery Included  Currently Out of Stock , Live chat with us for availability and more images of similar designs currently in stock  &nbsp;","og_url":"https:\/\/www.purejewels.com\/de\/produkt-2\/22ct-gold-mangalsutra-anhanger-8\/","og_site_name":"PureJewels UK","article_modified_time":"2026-01-07T10:51:09+00:00","og_image":[{"width":960,"height":960,"url":"https:\/\/www.purejewels.com\/wp-content\/uploads\/2017\/07\/mangalsutra_22362_960px-2.jpg","type":"image\/jpeg"}],"twitter_card":"summary_large_image","twitter_misc":{"Gesch\u00e4tzte Lesezeit":"2\u00a0Minuten"},"schema":{"@context":"https:\/\/schema.org","@graph":[{"@type":["WebPage","ItemPage"],"@id":"https:\/\/www.purejewels.com\/product\/22ct-gold-mangalsutra-pendant-8\/","url":"https:\/\/www.purejewels.com\/product\/22ct-gold-mangalsutra-pendant-8\/","name":"22ct Gold Mangalsutra Anh\u00e4nger - PureJewels UK","isPartOf":{"@id":"https:\/\/www.purejewels.com\/#website"},"primaryImageOfPage":{"@id":"https:\/\/www.purejewels.com\/product\/22ct-gold-mangalsutra-pendant-8\/#primaryimage"},"image":{"@id":"https:\/\/www.purejewels.com\/product\/22ct-gold-mangalsutra-pendant-8\/#primaryimage"},"thumbnailUrl":"https:\/\/static.purejewels.com\/wp-content\/uploads\/2017\/07\/mangalsutra_22362_960px-2.jpg","datePublished":"2017-07-19T12:26:31+00:00","dateModified":"2026-01-07T10:51:09+00:00","breadcrumb":{"@id":"https:\/\/www.purejewels.com\/product\/22ct-gold-mangalsutra-pendant-8\/#breadcrumb"},"inLanguage":"de","potentialAction":[{"@type":"ReadAction","target":["https:\/\/www.purejewels.com\/product\/22ct-gold-mangalsutra-pendant-8\/"]}]},{"@type":"ImageObject","inLanguage":"de","@id":"https:\/\/www.purejewels.com\/product\/22ct-gold-mangalsutra-pendant-8\/#primaryimage","url":"https:\/\/static.purejewels.com\/wp-content\/uploads\/2017\/07\/mangalsutra_22362_960px-2.jpg","contentUrl":"https:\/\/static.purejewels.com\/wp-content\/uploads\/2017\/07\/mangalsutra_22362_960px-2.jpg","width":960,"height":960,"caption":"mangalsutra_22362_960px.jpg"},{"@type":"BreadcrumbList","@id":"https:\/\/www.purejewels.com\/product\/22ct-gold-mangalsutra-pendant-8\/#breadcrumb","itemListElement":[{"@type":"ListItem","position":1,"name":"Home","item":"https:\/\/www.purejewels.com\/"},{"@type":"ListItem","position":2,"name":"Shop","item":"https:\/\/www.purejewels.com\/shop\/"},{"@type":"ListItem","position":3,"name":"22ct Gold Mangalsutra Pendant"}]},{"@type":"WebSite","@id":"https:\/\/www.purejewels.com\/#website","url":"https:\/\/www.purejewels.com\/","name":"PureJewels UK","description":"Teile die Liebe","publisher":{"@id":"https:\/\/www.purejewels.com\/#organization"},"potentialAction":[{"@type":"SearchAction","target":{"@type":"EntryPoint","urlTemplate":"https:\/\/www.purejewels.com\/?s={search_term_string}"},"query-input":{"@type":"PropertyValueSpecification","valueRequired":true,"valueName":"search_term_string"}}],"inLanguage":"de"},{"@type":"Organization","@id":"https:\/\/www.purejewels.com\/#organization","name":"PureJewels UK","url":"https:\/\/www.purejewels.com\/","logo":{"@type":"ImageObject","inLanguage":"de","@id":"https:\/\/www.purejewels.com\/#\/schema\/logo\/image\/","url":"https:\/\/static.purejewels.com\/wp-content\/uploads\/2020\/11\/Logo-PJ-New-1.png","contentUrl":"https:\/\/static.purejewels.com\/wp-content\/uploads\/2020\/11\/Logo-PJ-New-1.png","width":150,"height":80,"caption":"PureJewels UK"},"image":{"@id":"https:\/\/www.purejewels.com\/#\/schema\/logo\/image\/"}}]}},"_links":{"self":[{"href":"https:\/\/www.purejewels.com\/de\/wp-json\/wp\/v2\/product\/4260","targetHints":{"allow":["GET"]}}],"collection":[{"href":"https:\/\/www.purejewels.com\/de\/wp-json\/wp\/v2\/product"}],"about":[{"href":"https:\/\/www.purejewels.com\/de\/wp-json\/wp\/v2\/types\/product"}],"replies":[{"embeddable":true,"href":"https:\/\/www.purejewels.com\/de\/wp-json\/wp\/v2\/comments?post=4260"}],"version-history":[{"count":1,"href":"https:\/\/www.purejewels.com\/de\/wp-json\/wp\/v2\/product\/4260\/revisions"}],"predecessor-version":[{"id":392623,"href":"https:\/\/www.purejewels.com\/de\/wp-json\/wp\/v2\/product\/4260\/revisions\/392623"}],"wp:featuredmedia":[{"embeddable":true,"href":"https:\/\/www.purejewels.com\/de\/wp-json\/wp\/v2\/media\/4261"}],"wp:attachment":[{"href":"https:\/\/www.purejewels.com\/de\/wp-json\/wp\/v2\/media?parent=4260"}],"wp:term":[{"taxonomy":"product_brand","embeddable":true,"href":"https:\/\/www.purejewels.com\/de\/wp-json\/wp\/v2\/product_brand?post=4260"},{"taxonomy":"product_cat","embeddable":true,"href":"https:\/\/www.purejewels.com\/de\/wp-json\/wp\/v2\/product_cat?post=4260"},{"taxonomy":"product_tag","embeddable":true,"href":"https:\/\/www.purejewels.com\/de\/wp-json\/wp\/v2\/product_tag?post=4260"}],"curies":[{"name":"wp","href":"https:\/\/api.w.org\/{rel}","templated":true}]}}