{"id":426910,"date":"2025-03-10T12:42:42","date_gmt":"2025-03-10T12:42:42","guid":{"rendered":"https:\/\/www.purejewels.com\/?post_type=product&#038;p=426910"},"modified":"2026-03-16T08:39:11","modified_gmt":"2026-03-16T08:39:11","slug":"verstellbarer-vanki-ring-mit-ghungri-aus-22ct-sunrise-gold-55095","status":"publish","type":"product","link":"https:\/\/www.purejewels.com\/de\/product\/adjustable-vanki-ring-with-ghungri-in-22ct-sunrise-gold-55095\/","title":{"rendered":"22ct Sunrise Gold Verstellbarer Vanki Ring mit Ghungri"},"content":{"rendered":"<p>Der verstellbare Vanki-Ring mit Ghungri aus 22 Karat Sunrise Gold ist von traditionellen indischen Schmuckformen inspiriert. Das unverwechselbare V-f\u00f6rmige Design legt sich elegant um den Finger, w\u00e4hrend zarte Ghungri-Perlentropfen f\u00fcr sanfte Bewegung und verspielten Charme sorgen. Der aus warmem Sunrise-Gold gefertigte Ring kombiniert traditionelles Design mit einer bequemen, verstellbaren Passform f\u00fcr modernes Tragen.<\/p>\n<h3 data-section-id=\"1qj9e1g\" data-start=\"1282\" data-end=\"1302\">Designkonzept<\/h3>\n<p data-start=\"1303\" data-end=\"1487\">Inspiriert von der traditionellen Silhouette des Vanki-Armreifs, spiegelt der Ring die Eleganz des Erbes und die symbolische St\u00e4rke wider. Die Ghungri-Perlen sorgen f\u00fcr anmutige Bewegung und feierlichen Charakter.<\/p>\n<h3 data-section-id=\"n147pz\" data-start=\"1494\" data-end=\"1513\">Handwerkliches K\u00f6nnen<\/h3>\n<p data-start=\"1514\" data-end=\"1725\">Der fachm\u00e4nnisch aus hochreinem 22-kar\u00e4tigem Sunrise-Gold gefertigte Ring besteht aus fein geformten Goldspiralen und sorgf\u00e4ltig angebrachten Ghungri-Perlen. Jedes Element ist mit Pr\u00e4zision geformt, um Komfort und Haltbarkeit zu gew\u00e4hrleisten.<\/p>\n<h3 data-section-id=\"lvxqx6\" data-start=\"1732\" data-end=\"1750\">Styling-Tipps<\/h3>\n<p data-start=\"1751\" data-end=\"1936\" data-is-last-node=\"\" data-is-only-node=\"\">Als Statement-Ring f\u00fcr festliche Anl\u00e4sse zu tragen.<br data-start=\"1798\" data-end=\"1801\" \/>Kombinieren Sie sie mit traditionellen Goldarmb\u00e4ndern f\u00fcr einen koordinierten Heritage-Look.<br data-start=\"1868\" data-end=\"1871\" \/>Kombinieren Sie sie mit minimalem Schmuck, um das unverwechselbare Design zu betonen.<\/p>","protected":false},"excerpt":{"rendered":"<p>Ein skulpturaler, verstellbarer Vanki-Ring aus 22 Karat Sunrise Gold mit strukturiertem Golddraht und zarten Ghungri-Anh\u00e4ngern, die sanfte Bewegungen und Kl\u00e4nge erzeugen.<\/p>\n<p><strong>Material:<\/strong> 22ct Sonnenaufgang Gold<br \/>\n<strong>Reinheit:<\/strong> 91.6% reines Gold<br \/>\n<strong>Wahrzeichen:<\/strong> Britisches G\u00fctesiegel<br \/>\n<strong>SKU:<\/strong> 55095<br \/>\n<strong>Gewicht:<\/strong> 5.12Gms<br \/>\n<strong>Ringgr\u00f6\u00dfe:<\/strong> Einstellbar<br \/>\n<strong>Breite:<\/strong> 1,8 mm<\/p>\n<p><strong>Preis und Lieferung:<\/strong>\u00a0Inklusive Mehrwertsteuer und Lieferkosten<br \/>\n<a href=\"https:\/\/www.purejewels.com\/de\/ruckgabepolitik\/\"><strong>R\u00fcckgabepolitik<\/strong><\/a><\/p>","protected":false},"featured_media":389929,"comment_status":"closed","ping_status":"closed","template":"","meta":{"_eb_attr":"","_crsspst_to_jayantr4sg-hostcom":false},"product_brand":[],"product_cat":[5756,1559,5701,1792,1229,1235,1783,1786,6081,1573,1574,5349],"product_tag":[],"class_list":{"0":"post-426910","1":"product","2":"type-product","3":"status-publish","4":"has-post-thumbnail","6":"product_cat-22ct-sunrise-gold-bands","7":"product_cat-birthday-gifts","8":"product_cat-eid-jewellery","9":"product_cat-festival-gifts","10":"product_cat-22ct-gold-jewellery","11":"product_cat-gold-rings","12":"product_cat-ladies-rings","13":"product_cat-occasional-wear-rings","14":"product_cat-sunrise-gold","15":"product_cat-wedding-gifts","16":"product_cat-womens-jewellery","17":"product_cat-yellow-gold-jewellery","19":"first","20":"instock","21":"taxable","22":"shipping-taxable","23":"purchasable","24":"product-type-simple","25":"add-to-wishlist-before_image"},"yoast_head":"<!-- This site is optimized with the Yoast SEO plugin v27.5 - https:\/\/yoast.com\/product\/yoast-seo-wordpress\/ -->\n<title>Shop the Adjustable Vanki Ring in 22ct Sunrise Gold | PureJewels<\/title>\n<meta name=\"description\" content=\"Shop the Adjustable Vanki Ring with Ghungri from PureJewels. Crafted in 22ct Sunrise Gold this handcrafted ring features a textured Vanki form with ghungri.\" \/>\n<meta name=\"robots\" content=\"index, follow, max-snippet:-1, max-image-preview:large, max-video-preview:-1\" \/>\n<link rel=\"canonical\" href=\"https:\/\/www.purejewels.com\/de\/produkt-2\/verstellbarer-vanki-ring-mit-ghungri-aus-22ct-sunrise-gold-55095\/\" \/>\n<meta property=\"og:locale\" content=\"de_DE\" \/>\n<meta property=\"og:type\" content=\"article\" \/>\n<meta property=\"og:title\" content=\"Shop the Adjustable Vanki Ring in 22ct Sunrise Gold | PureJewels\" \/>\n<meta property=\"og:description\" content=\"Shop the Adjustable Vanki Ring with Ghungri from PureJewels. Crafted in 22ct Sunrise Gold this handcrafted ring features a textured Vanki form with ghungri.\" \/>\n<meta property=\"og:url\" content=\"https:\/\/www.purejewels.com\/de\/produkt-2\/verstellbarer-vanki-ring-mit-ghungri-aus-22ct-sunrise-gold-55095\/\" \/>\n<meta property=\"og:site_name\" content=\"PureJewels UK\" \/>\n<meta property=\"article:modified_time\" content=\"2026-03-16T08:39:11+00:00\" \/>\n<meta property=\"og:image\" content=\"https:\/\/static.purejewels.com\/wp-content\/uploads\/2025\/01\/50577.png\" \/>\n\t<meta property=\"og:image:width\" content=\"1000\" \/>\n\t<meta property=\"og:image:height\" content=\"1000\" \/>\n\t<meta property=\"og:image:type\" content=\"image\/png\" \/>\n<meta name=\"twitter:card\" content=\"summary_large_image\" \/>\n<meta name=\"twitter:label1\" content=\"Gesch\u00e4tzte Lesezeit\" \/>\n\t<meta name=\"twitter:data1\" content=\"1\u00a0Minute\" \/>\n<script type=\"application\/ld+json\" class=\"yoast-schema-graph\">{\"@context\":\"https:\\\/\\\/schema.org\",\"@graph\":[{\"@type\":[\"WebPage\",\"ItemPage\"],\"@id\":\"https:\\\/\\\/www.purejewels.com\\\/product\\\/adjustable-vanki-ring-with-ghungri-in-22ct-sunrise-gold-55095\\\/\",\"url\":\"https:\\\/\\\/www.purejewels.com\\\/product\\\/adjustable-vanki-ring-with-ghungri-in-22ct-sunrise-gold-55095\\\/\",\"name\":\"Shop the Adjustable Vanki Ring in 22ct Sunrise Gold | PureJewels\",\"isPartOf\":{\"@id\":\"https:\\\/\\\/www.purejewels.com\\\/#website\"},\"primaryImageOfPage\":{\"@id\":\"https:\\\/\\\/www.purejewels.com\\\/product\\\/adjustable-vanki-ring-with-ghungri-in-22ct-sunrise-gold-55095\\\/#primaryimage\"},\"image\":{\"@id\":\"https:\\\/\\\/www.purejewels.com\\\/product\\\/adjustable-vanki-ring-with-ghungri-in-22ct-sunrise-gold-55095\\\/#primaryimage\"},\"thumbnailUrl\":\"https:\\\/\\\/static.purejewels.com\\\/wp-content\\\/uploads\\\/2025\\\/01\\\/50577.png\",\"datePublished\":\"2025-03-10T12:42:42+00:00\",\"dateModified\":\"2026-03-16T08:39:11+00:00\",\"description\":\"Shop the Adjustable Vanki Ring with Ghungri from PureJewels. Crafted in 22ct Sunrise Gold this handcrafted ring features a textured Vanki form with ghungri.\",\"breadcrumb\":{\"@id\":\"https:\\\/\\\/www.purejewels.com\\\/product\\\/adjustable-vanki-ring-with-ghungri-in-22ct-sunrise-gold-55095\\\/#breadcrumb\"},\"inLanguage\":\"de\",\"potentialAction\":[{\"@type\":\"ReadAction\",\"target\":[\"https:\\\/\\\/www.purejewels.com\\\/product\\\/adjustable-vanki-ring-with-ghungri-in-22ct-sunrise-gold-55095\\\/\"]}]},{\"@type\":\"ImageObject\",\"inLanguage\":\"de\",\"@id\":\"https:\\\/\\\/www.purejewels.com\\\/product\\\/adjustable-vanki-ring-with-ghungri-in-22ct-sunrise-gold-55095\\\/#primaryimage\",\"url\":\"https:\\\/\\\/static.purejewels.com\\\/wp-content\\\/uploads\\\/2025\\\/01\\\/50577.png\",\"contentUrl\":\"https:\\\/\\\/static.purejewels.com\\\/wp-content\\\/uploads\\\/2025\\\/01\\\/50577.png\",\"width\":1000,\"height\":1000,\"caption\":\"22ct Sunrise Gold Vanki Ring\"},{\"@type\":\"BreadcrumbList\",\"@id\":\"https:\\\/\\\/www.purejewels.com\\\/product\\\/adjustable-vanki-ring-with-ghungri-in-22ct-sunrise-gold-55095\\\/#breadcrumb\",\"itemListElement\":[{\"@type\":\"ListItem\",\"position\":1,\"name\":\"Home\",\"item\":\"https:\\\/\\\/www.purejewels.com\\\/\"},{\"@type\":\"ListItem\",\"position\":2,\"name\":\"Shop\",\"item\":\"https:\\\/\\\/www.purejewels.com\\\/shop\\\/\"},{\"@type\":\"ListItem\",\"position\":3,\"name\":\"22ct Sunrise Gold Adjustable Vanki Ring with Ghungri\"}]},{\"@type\":\"WebSite\",\"@id\":\"https:\\\/\\\/www.purejewels.com\\\/#website\",\"url\":\"https:\\\/\\\/www.purejewels.com\\\/\",\"name\":\"PureJewels UK\",\"description\":\"Share the Love\",\"publisher\":{\"@id\":\"https:\\\/\\\/www.purejewels.com\\\/#organization\"},\"potentialAction\":[{\"@type\":\"SearchAction\",\"target\":{\"@type\":\"EntryPoint\",\"urlTemplate\":\"https:\\\/\\\/www.purejewels.com\\\/?s={search_term_string}\"},\"query-input\":{\"@type\":\"PropertyValueSpecification\",\"valueRequired\":true,\"valueName\":\"search_term_string\"}}],\"inLanguage\":\"de\"},{\"@type\":\"Organization\",\"@id\":\"https:\\\/\\\/www.purejewels.com\\\/#organization\",\"name\":\"PureJewels UK\",\"url\":\"https:\\\/\\\/www.purejewels.com\\\/\",\"logo\":{\"@type\":\"ImageObject\",\"inLanguage\":\"de\",\"@id\":\"https:\\\/\\\/www.purejewels.com\\\/#\\\/schema\\\/logo\\\/image\\\/\",\"url\":\"https:\\\/\\\/static.purejewels.com\\\/wp-content\\\/uploads\\\/2020\\\/11\\\/Logo-PJ-New-1.png\",\"contentUrl\":\"https:\\\/\\\/static.purejewels.com\\\/wp-content\\\/uploads\\\/2020\\\/11\\\/Logo-PJ-New-1.png\",\"width\":150,\"height\":80,\"caption\":\"PureJewels UK\"},\"image\":{\"@id\":\"https:\\\/\\\/www.purejewels.com\\\/#\\\/schema\\\/logo\\\/image\\\/\"}}]}<\/script>\n<!-- \/ Yoast SEO plugin. -->","yoast_head_json":{"title":"Kaufen Sie den verstellbaren Vanki Ring in 22ct Sunrise Gold | PureJewels","description":"Kaufen Sie den verstellbaren Vanki Ring mit Ghungri von PureJewels. Handgefertigt in 22ct Sunrise Gold dieser handgefertigten Ring verf\u00fcgt \u00fcber eine strukturierte Vanki Form mit Ghungri.","robots":{"index":"index","follow":"follow","max-snippet":"max-snippet:-1","max-image-preview":"max-image-preview:large","max-video-preview":"max-video-preview:-1"},"canonical":"https:\/\/www.purejewels.com\/de\/produkt-2\/verstellbarer-vanki-ring-mit-ghungri-aus-22ct-sunrise-gold-55095\/","og_locale":"de_DE","og_type":"article","og_title":"Shop the Adjustable Vanki Ring in 22ct Sunrise Gold | PureJewels","og_description":"Shop the Adjustable Vanki Ring with Ghungri from PureJewels. Crafted in 22ct Sunrise Gold this handcrafted ring features a textured Vanki form with ghungri.","og_url":"https:\/\/www.purejewels.com\/de\/produkt-2\/verstellbarer-vanki-ring-mit-ghungri-aus-22ct-sunrise-gold-55095\/","og_site_name":"PureJewels UK","article_modified_time":"2026-03-16T08:39:11+00:00","og_image":[{"width":1000,"height":1000,"url":"https:\/\/static.purejewels.com\/wp-content\/uploads\/2025\/01\/50577.png","type":"image\/png"}],"twitter_card":"summary_large_image","twitter_misc":{"Gesch\u00e4tzte Lesezeit":"1\u00a0Minute"},"schema":{"@context":"https:\/\/schema.org","@graph":[{"@type":["WebPage","ItemPage"],"@id":"https:\/\/www.purejewels.com\/product\/adjustable-vanki-ring-with-ghungri-in-22ct-sunrise-gold-55095\/","url":"https:\/\/www.purejewels.com\/product\/adjustable-vanki-ring-with-ghungri-in-22ct-sunrise-gold-55095\/","name":"Kaufen Sie den verstellbaren Vanki Ring in 22ct Sunrise Gold | PureJewels","isPartOf":{"@id":"https:\/\/www.purejewels.com\/#website"},"primaryImageOfPage":{"@id":"https:\/\/www.purejewels.com\/product\/adjustable-vanki-ring-with-ghungri-in-22ct-sunrise-gold-55095\/#primaryimage"},"image":{"@id":"https:\/\/www.purejewels.com\/product\/adjustable-vanki-ring-with-ghungri-in-22ct-sunrise-gold-55095\/#primaryimage"},"thumbnailUrl":"https:\/\/static.purejewels.com\/wp-content\/uploads\/2025\/01\/50577.png","datePublished":"2025-03-10T12:42:42+00:00","dateModified":"2026-03-16T08:39:11+00:00","description":"Kaufen Sie den verstellbaren Vanki Ring mit Ghungri von PureJewels. Handgefertigt in 22ct Sunrise Gold dieser handgefertigten Ring verf\u00fcgt \u00fcber eine strukturierte Vanki Form mit Ghungri.","breadcrumb":{"@id":"https:\/\/www.purejewels.com\/product\/adjustable-vanki-ring-with-ghungri-in-22ct-sunrise-gold-55095\/#breadcrumb"},"inLanguage":"de","potentialAction":[{"@type":"ReadAction","target":["https:\/\/www.purejewels.com\/product\/adjustable-vanki-ring-with-ghungri-in-22ct-sunrise-gold-55095\/"]}]},{"@type":"ImageObject","inLanguage":"de","@id":"https:\/\/www.purejewels.com\/product\/adjustable-vanki-ring-with-ghungri-in-22ct-sunrise-gold-55095\/#primaryimage","url":"https:\/\/static.purejewels.com\/wp-content\/uploads\/2025\/01\/50577.png","contentUrl":"https:\/\/static.purejewels.com\/wp-content\/uploads\/2025\/01\/50577.png","width":1000,"height":1000,"caption":"22ct Sunrise Gold Vanki Ring"},{"@type":"BreadcrumbList","@id":"https:\/\/www.purejewels.com\/product\/adjustable-vanki-ring-with-ghungri-in-22ct-sunrise-gold-55095\/#breadcrumb","itemListElement":[{"@type":"ListItem","position":1,"name":"Home","item":"https:\/\/www.purejewels.com\/"},{"@type":"ListItem","position":2,"name":"Shop","item":"https:\/\/www.purejewels.com\/shop\/"},{"@type":"ListItem","position":3,"name":"22ct Sunrise Gold Adjustable Vanki Ring with Ghungri"}]},{"@type":"WebSite","@id":"https:\/\/www.purejewels.com\/#website","url":"https:\/\/www.purejewels.com\/","name":"PureJewels UK","description":"Teile die Liebe","publisher":{"@id":"https:\/\/www.purejewels.com\/#organization"},"potentialAction":[{"@type":"SearchAction","target":{"@type":"EntryPoint","urlTemplate":"https:\/\/www.purejewels.com\/?s={search_term_string}"},"query-input":{"@type":"PropertyValueSpecification","valueRequired":true,"valueName":"search_term_string"}}],"inLanguage":"de"},{"@type":"Organization","@id":"https:\/\/www.purejewels.com\/#organization","name":"PureJewels UK","url":"https:\/\/www.purejewels.com\/","logo":{"@type":"ImageObject","inLanguage":"de","@id":"https:\/\/www.purejewels.com\/#\/schema\/logo\/image\/","url":"https:\/\/static.purejewels.com\/wp-content\/uploads\/2020\/11\/Logo-PJ-New-1.png","contentUrl":"https:\/\/static.purejewels.com\/wp-content\/uploads\/2020\/11\/Logo-PJ-New-1.png","width":150,"height":80,"caption":"PureJewels UK"},"image":{"@id":"https:\/\/www.purejewels.com\/#\/schema\/logo\/image\/"}}]}},"_links":{"self":[{"href":"https:\/\/www.purejewels.com\/de\/wp-json\/wp\/v2\/product\/426910","targetHints":{"allow":["GET"]}}],"collection":[{"href":"https:\/\/www.purejewels.com\/de\/wp-json\/wp\/v2\/product"}],"about":[{"href":"https:\/\/www.purejewels.com\/de\/wp-json\/wp\/v2\/types\/product"}],"replies":[{"embeddable":true,"href":"https:\/\/www.purejewels.com\/de\/wp-json\/wp\/v2\/comments?post=426910"}],"version-history":[{"count":3,"href":"https:\/\/www.purejewels.com\/de\/wp-json\/wp\/v2\/product\/426910\/revisions"}],"predecessor-version":[{"id":427147,"href":"https:\/\/www.purejewels.com\/de\/wp-json\/wp\/v2\/product\/426910\/revisions\/427147"}],"wp:featuredmedia":[{"embeddable":true,"href":"https:\/\/www.purejewels.com\/de\/wp-json\/wp\/v2\/media\/389929"}],"wp:attachment":[{"href":"https:\/\/www.purejewels.com\/de\/wp-json\/wp\/v2\/media?parent=426910"}],"wp:term":[{"taxonomy":"product_brand","embeddable":true,"href":"https:\/\/www.purejewels.com\/de\/wp-json\/wp\/v2\/product_brand?post=426910"},{"taxonomy":"product_cat","embeddable":true,"href":"https:\/\/www.purejewels.com\/de\/wp-json\/wp\/v2\/product_cat?post=426910"},{"taxonomy":"product_tag","embeddable":true,"href":"https:\/\/www.purejewels.com\/de\/wp-json\/wp\/v2\/product_tag?post=426910"}],"curies":[{"name":"wp","href":"https:\/\/api.w.org\/{rel}","templated":true}]}}