{"id":426944,"date":"2025-03-11T07:39:46","date_gmt":"2025-03-11T07:39:46","guid":{"rendered":"https:\/\/www.purejewels.com\/?post_type=product&#038;p=426944"},"modified":"2026-03-11T07:54:26","modified_gmt":"2026-03-11T07:54:26","slug":"rosette-sammlung-anhanger-in-22ct-sunrise-gold-durchmesser-12mm-54836","status":"publish","type":"product","link":"https:\/\/www.purejewels.com\/de\/product\/rosette-collection-pendant-in-22ct-sunrise-gold-diameter-12mm-54836\/","title":{"rendered":"22ct Sunrise Gold-Anh\u00e4nger | Durchmesser 12mm | Rosette Kollektion"},"content":{"rendered":"<p>Der Anh\u00e4nger der Rosette Collection aus 22 Karat Sunrise Gold f\u00e4ngt die Sch\u00f6nheit einer bl\u00fchenden Blume durch raffinierte skulpturale Details ein. Sanft strukturierte Bl\u00fctenbl\u00e4tter umgeben ein poliertes Zentrum, das Tiefe und sanften Glanz erzeugt. Der warme Glanz des Sunrise Goldes unterstreicht die florale Form und bietet einen zeitlosen Anh\u00e4nger, der Eleganz, Tradition und anmutige Schlichtheit widerspiegelt.<\/p>\n<h3 data-section-id=\"1qj9e1g\" data-start=\"1197\" data-end=\"1217\">Designkonzept<\/h3>\n<p data-start=\"1218\" data-end=\"1392\">Inspiriert von bl\u00fchenden Rosetten, symbolisiert der Anh\u00e4nger die Feier der Sch\u00f6nheit und pers\u00f6nliche Reisen. Das Design mit den \u00fcbereinanderliegenden Bl\u00fctenbl\u00e4ttern sorgt f\u00fcr eine ausgewogene Tiefe und einen zarten floralen Ausdruck.<\/p>\n<h3 data-section-id=\"n147pz\" data-start=\"1399\" data-end=\"1418\">Handwerkliches K\u00f6nnen<\/h3>\n<p data-start=\"1419\" data-end=\"1608\">Jedes einzelne Bl\u00fctenblatt ist sorgf\u00e4ltig geformt, um die Tiefe und den Glanz der Textur hervorzuheben. Es ist aus hochreinem 22-kar\u00e4tigem Sunrise-Gold gefertigt. Der Anh\u00e4nger spiegelt geschickte Goldschmiedekunst und pr\u00e4zise Verarbeitung wider.<\/p>\n<h3 data-section-id=\"lvxqx6\" data-start=\"1615\" data-end=\"1633\">Styling-Tipps<\/h3>\n<p data-start=\"1634\" data-end=\"1807\" data-is-last-node=\"\" data-is-only-node=\"\">Kombiniert mit einer zarten Kette aus 22-kar\u00e4tigem Gold sorgt sie f\u00fcr Eleganz im Alltag.<br data-start=\"1693\" data-end=\"1696\" \/>Tragen Sie dazu die Rosette-Ohrringe f\u00fcr einen koordinierten Stil.<br data-start=\"1747\" data-end=\"1750\" \/>Kombinieren Sie sie mit feinen Goldketten f\u00fcr einen modernen, raffinierten Look.<\/p>","protected":false},"excerpt":{"rendered":"<table class=\"sh_desc\">\n<tbody>\n<tr>\n<td>Typ des Anh\u00e4ngers<\/td>\n<td>Fancy Anh\u00e4nger<\/td>\n<\/tr>\n<tr>\n<td>SKU<\/td>\n<td>54832, 54833, 54834, 54835, 54836<\/td>\n<\/tr>\n<tr>\n<td>Gewicht<\/td>\n<td>2.07Gms<\/td>\n<\/tr>\n<tr>\n<td>Breite<\/td>\n<td>12mm<\/td>\n<\/tr>\n<tr>\n<td>Metall<\/td>\n<td>22ct Sonnenaufgang Gold<\/td>\n<\/tr>\n<tr>\n<td>Sammlung<\/td>\n<td><strong>Kollektion Rosetten<\/strong><\/td>\n<\/tr>\n<tr>\n<td>Entgelte<\/td>\n<td>Lieferung und Mehrwertsteuer inbegriffen<\/td>\n<\/tr>\n<tr>\n<td>Verpackung<\/td>\n<td>Mit Pr\u00e4sentationsbox<\/td>\n<\/tr>\n<tr>\n<td>Mehr Informationen<\/td>\n<td>\n<ul>\n<li>Kette ist nicht enthalten<\/li>\n<li>Sehen Sie sich unsere Sammlung von\u00a0<strong>Gold-Ketten<\/strong><\/li>\n<li>Live-Chat mit uns f\u00fcr Verf\u00fcgbarkeit und mehr Bilder<\/li>\n<\/ul>\n<\/td>\n<\/tr>\n<\/tbody>\n<\/table>","protected":false},"featured_media":426947,"comment_status":"closed","ping_status":"closed","template":"","meta":{"_eb_attr":"","_crsspst_to_jayantr4sg-hostcom":false},"product_brand":[],"product_cat":[1791,1559,5701,1255,5343,1767,1570,5585,1656,6081,1573,1574,5349],"product_tag":[],"class_list":{"0":"post-426944","1":"product","2":"type-product","3":"status-publish","4":"has-post-thumbnail","6":"product_cat-anniversary-gifts","7":"product_cat-birthday-gifts","8":"product_cat-eid-jewellery","9":"product_cat-gold-pendants","10":"product_cat-jewellery-under-550","11":"product_cat-ladies-pendants","12":"product_cat-mothers-day-gifts","13":"product_cat-rosette-pendant","14":"product_cat-rosettes-collections","15":"product_cat-sunrise-gold","16":"product_cat-wedding-gifts","17":"product_cat-womens-jewellery","18":"product_cat-yellow-gold-jewellery","20":"first","21":"instock","22":"taxable","23":"shipping-taxable","24":"purchasable","25":"product-type-simple","26":"add-to-wishlist-before_image"},"yoast_head":"<!-- This site is optimized with the Yoast SEO plugin v27.3 - https:\/\/yoast.com\/product\/yoast-seo-wordpress\/ -->\n<title>Rosette Collection Pendant 22ct Sunrise Gold PureJewels UK<\/title>\n<meta name=\"description\" content=\"Discover the Rosette Collection pendant crafted in 22ct sunrise gold. A delicate floral design celebrating heritage craftsmanship and timeless elegance.\" \/>\n<meta name=\"robots\" content=\"index, follow, max-snippet:-1, max-image-preview:large, max-video-preview:-1\" \/>\n<link rel=\"canonical\" href=\"https:\/\/www.purejewels.com\/de\/produkt-2\/rosette-sammlung-anhanger-in-22ct-sunrise-gold-durchmesser-12mm-54836\/\" \/>\n<meta property=\"og:locale\" content=\"de_DE\" \/>\n<meta property=\"og:type\" content=\"article\" \/>\n<meta property=\"og:title\" content=\"Rosette Collection Pendant 22ct Sunrise Gold PureJewels UK\" \/>\n<meta property=\"og:description\" content=\"Discover the Rosette Collection pendant crafted in 22ct sunrise gold. A delicate floral design celebrating heritage craftsmanship and timeless elegance.\" \/>\n<meta property=\"og:url\" content=\"https:\/\/www.purejewels.com\/de\/produkt-2\/rosette-sammlung-anhanger-in-22ct-sunrise-gold-durchmesser-12mm-54836\/\" \/>\n<meta property=\"og:site_name\" content=\"PureJewels UK\" \/>\n<meta property=\"article:modified_time\" content=\"2026-03-11T07:54:26+00:00\" \/>\n<meta property=\"og:image\" content=\"https:\/\/static.purejewels.com\/wp-content\/uploads\/2025\/03\/44834-SUNRISE.jpg\" \/>\n\t<meta property=\"og:image:width\" content=\"1000\" \/>\n\t<meta property=\"og:image:height\" content=\"1000\" \/>\n\t<meta property=\"og:image:type\" content=\"image\/jpeg\" \/>\n<meta name=\"twitter:card\" content=\"summary_large_image\" \/>\n<meta name=\"twitter:label1\" content=\"Gesch\u00e4tzte Lesezeit\" \/>\n\t<meta name=\"twitter:data1\" content=\"1\u00a0Minute\" \/>\n<script type=\"application\/ld+json\" class=\"yoast-schema-graph\">{\"@context\":\"https:\\\/\\\/schema.org\",\"@graph\":[{\"@type\":[\"WebPage\",\"ItemPage\"],\"@id\":\"https:\\\/\\\/www.purejewels.com\\\/product\\\/rosette-collection-pendant-in-22ct-sunrise-gold-diameter-12mm-54836\\\/\",\"url\":\"https:\\\/\\\/www.purejewels.com\\\/product\\\/rosette-collection-pendant-in-22ct-sunrise-gold-diameter-12mm-54836\\\/\",\"name\":\"Rosette Collection Pendant 22ct Sunrise Gold PureJewels UK\",\"isPartOf\":{\"@id\":\"https:\\\/\\\/www.purejewels.com\\\/#website\"},\"primaryImageOfPage\":{\"@id\":\"https:\\\/\\\/www.purejewels.com\\\/product\\\/rosette-collection-pendant-in-22ct-sunrise-gold-diameter-12mm-54836\\\/#primaryimage\"},\"image\":{\"@id\":\"https:\\\/\\\/www.purejewels.com\\\/product\\\/rosette-collection-pendant-in-22ct-sunrise-gold-diameter-12mm-54836\\\/#primaryimage\"},\"thumbnailUrl\":\"https:\\\/\\\/static.purejewels.com\\\/wp-content\\\/uploads\\\/2025\\\/03\\\/44834-SUNRISE.jpg\",\"datePublished\":\"2025-03-11T07:39:46+00:00\",\"dateModified\":\"2026-03-11T07:54:26+00:00\",\"description\":\"Discover the Rosette Collection pendant crafted in 22ct sunrise gold. A delicate floral design celebrating heritage craftsmanship and timeless elegance.\",\"breadcrumb\":{\"@id\":\"https:\\\/\\\/www.purejewels.com\\\/product\\\/rosette-collection-pendant-in-22ct-sunrise-gold-diameter-12mm-54836\\\/#breadcrumb\"},\"inLanguage\":\"de\",\"potentialAction\":[{\"@type\":\"ReadAction\",\"target\":[\"https:\\\/\\\/www.purejewels.com\\\/product\\\/rosette-collection-pendant-in-22ct-sunrise-gold-diameter-12mm-54836\\\/\"]}]},{\"@type\":\"ImageObject\",\"inLanguage\":\"de\",\"@id\":\"https:\\\/\\\/www.purejewels.com\\\/product\\\/rosette-collection-pendant-in-22ct-sunrise-gold-diameter-12mm-54836\\\/#primaryimage\",\"url\":\"https:\\\/\\\/static.purejewels.com\\\/wp-content\\\/uploads\\\/2025\\\/03\\\/44834-SUNRISE.jpg\",\"contentUrl\":\"https:\\\/\\\/static.purejewels.com\\\/wp-content\\\/uploads\\\/2025\\\/03\\\/44834-SUNRISE.jpg\",\"width\":1000,\"height\":1000},{\"@type\":\"BreadcrumbList\",\"@id\":\"https:\\\/\\\/www.purejewels.com\\\/product\\\/rosette-collection-pendant-in-22ct-sunrise-gold-diameter-12mm-54836\\\/#breadcrumb\",\"itemListElement\":[{\"@type\":\"ListItem\",\"position\":1,\"name\":\"Home\",\"item\":\"https:\\\/\\\/www.purejewels.com\\\/\"},{\"@type\":\"ListItem\",\"position\":2,\"name\":\"Shop\",\"item\":\"https:\\\/\\\/www.purejewels.com\\\/shop\\\/\"},{\"@type\":\"ListItem\",\"position\":3,\"name\":\"22ct Sunrise Gold Pendant | Diameter 12mm | Rosette Collection\"}]},{\"@type\":\"WebSite\",\"@id\":\"https:\\\/\\\/www.purejewels.com\\\/#website\",\"url\":\"https:\\\/\\\/www.purejewels.com\\\/\",\"name\":\"PureJewels UK\",\"description\":\"Share the Love\",\"publisher\":{\"@id\":\"https:\\\/\\\/www.purejewels.com\\\/#organization\"},\"potentialAction\":[{\"@type\":\"SearchAction\",\"target\":{\"@type\":\"EntryPoint\",\"urlTemplate\":\"https:\\\/\\\/www.purejewels.com\\\/?s={search_term_string}\"},\"query-input\":{\"@type\":\"PropertyValueSpecification\",\"valueRequired\":true,\"valueName\":\"search_term_string\"}}],\"inLanguage\":\"de\"},{\"@type\":\"Organization\",\"@id\":\"https:\\\/\\\/www.purejewels.com\\\/#organization\",\"name\":\"PureJewels UK\",\"url\":\"https:\\\/\\\/www.purejewels.com\\\/\",\"logo\":{\"@type\":\"ImageObject\",\"inLanguage\":\"de\",\"@id\":\"https:\\\/\\\/www.purejewels.com\\\/#\\\/schema\\\/logo\\\/image\\\/\",\"url\":\"https:\\\/\\\/static.purejewels.com\\\/wp-content\\\/uploads\\\/2020\\\/11\\\/Logo-PJ-New-1.png\",\"contentUrl\":\"https:\\\/\\\/static.purejewels.com\\\/wp-content\\\/uploads\\\/2020\\\/11\\\/Logo-PJ-New-1.png\",\"width\":150,\"height\":80,\"caption\":\"PureJewels UK\"},\"image\":{\"@id\":\"https:\\\/\\\/www.purejewels.com\\\/#\\\/schema\\\/logo\\\/image\\\/\"}}]}<\/script>\n<!-- \/ Yoast SEO plugin. -->","yoast_head_json":{"title":"Rosette Collection Anh\u00e4nger 22ct Sunrise Gold PureJewels UK","description":"Entdecken Sie den Anh\u00e4nger der Rosette Collection aus 22 Karat Sunrise Gold. Ein zartes florales Design, das traditionelle Handwerkskunst und zeitlose Eleganz zelebriert.","robots":{"index":"index","follow":"follow","max-snippet":"max-snippet:-1","max-image-preview":"max-image-preview:large","max-video-preview":"max-video-preview:-1"},"canonical":"https:\/\/www.purejewels.com\/de\/produkt-2\/rosette-sammlung-anhanger-in-22ct-sunrise-gold-durchmesser-12mm-54836\/","og_locale":"de_DE","og_type":"article","og_title":"Rosette Collection Pendant 22ct Sunrise Gold PureJewels UK","og_description":"Discover the Rosette Collection pendant crafted in 22ct sunrise gold. A delicate floral design celebrating heritage craftsmanship and timeless elegance.","og_url":"https:\/\/www.purejewels.com\/de\/produkt-2\/rosette-sammlung-anhanger-in-22ct-sunrise-gold-durchmesser-12mm-54836\/","og_site_name":"PureJewels UK","article_modified_time":"2026-03-11T07:54:26+00:00","og_image":[{"width":1000,"height":1000,"url":"https:\/\/static.purejewels.com\/wp-content\/uploads\/2025\/03\/44834-SUNRISE.jpg","type":"image\/jpeg"}],"twitter_card":"summary_large_image","twitter_misc":{"Gesch\u00e4tzte Lesezeit":"1\u00a0Minute"},"schema":{"@context":"https:\/\/schema.org","@graph":[{"@type":["WebPage","ItemPage"],"@id":"https:\/\/www.purejewels.com\/product\/rosette-collection-pendant-in-22ct-sunrise-gold-diameter-12mm-54836\/","url":"https:\/\/www.purejewels.com\/product\/rosette-collection-pendant-in-22ct-sunrise-gold-diameter-12mm-54836\/","name":"Rosette Collection Anh\u00e4nger 22ct Sunrise Gold PureJewels UK","isPartOf":{"@id":"https:\/\/www.purejewels.com\/#website"},"primaryImageOfPage":{"@id":"https:\/\/www.purejewels.com\/product\/rosette-collection-pendant-in-22ct-sunrise-gold-diameter-12mm-54836\/#primaryimage"},"image":{"@id":"https:\/\/www.purejewels.com\/product\/rosette-collection-pendant-in-22ct-sunrise-gold-diameter-12mm-54836\/#primaryimage"},"thumbnailUrl":"https:\/\/static.purejewels.com\/wp-content\/uploads\/2025\/03\/44834-SUNRISE.jpg","datePublished":"2025-03-11T07:39:46+00:00","dateModified":"2026-03-11T07:54:26+00:00","description":"Entdecken Sie den Anh\u00e4nger der Rosette Collection aus 22 Karat Sunrise Gold. Ein zartes florales Design, das traditionelle Handwerkskunst und zeitlose Eleganz zelebriert.","breadcrumb":{"@id":"https:\/\/www.purejewels.com\/product\/rosette-collection-pendant-in-22ct-sunrise-gold-diameter-12mm-54836\/#breadcrumb"},"inLanguage":"de","potentialAction":[{"@type":"ReadAction","target":["https:\/\/www.purejewels.com\/product\/rosette-collection-pendant-in-22ct-sunrise-gold-diameter-12mm-54836\/"]}]},{"@type":"ImageObject","inLanguage":"de","@id":"https:\/\/www.purejewels.com\/product\/rosette-collection-pendant-in-22ct-sunrise-gold-diameter-12mm-54836\/#primaryimage","url":"https:\/\/static.purejewels.com\/wp-content\/uploads\/2025\/03\/44834-SUNRISE.jpg","contentUrl":"https:\/\/static.purejewels.com\/wp-content\/uploads\/2025\/03\/44834-SUNRISE.jpg","width":1000,"height":1000},{"@type":"BreadcrumbList","@id":"https:\/\/www.purejewels.com\/product\/rosette-collection-pendant-in-22ct-sunrise-gold-diameter-12mm-54836\/#breadcrumb","itemListElement":[{"@type":"ListItem","position":1,"name":"Home","item":"https:\/\/www.purejewels.com\/"},{"@type":"ListItem","position":2,"name":"Shop","item":"https:\/\/www.purejewels.com\/shop\/"},{"@type":"ListItem","position":3,"name":"22ct Sunrise Gold Pendant | Diameter 12mm | Rosette Collection"}]},{"@type":"WebSite","@id":"https:\/\/www.purejewels.com\/#website","url":"https:\/\/www.purejewels.com\/","name":"PureJewels UK","description":"Teile die Liebe","publisher":{"@id":"https:\/\/www.purejewels.com\/#organization"},"potentialAction":[{"@type":"SearchAction","target":{"@type":"EntryPoint","urlTemplate":"https:\/\/www.purejewels.com\/?s={search_term_string}"},"query-input":{"@type":"PropertyValueSpecification","valueRequired":true,"valueName":"search_term_string"}}],"inLanguage":"de"},{"@type":"Organization","@id":"https:\/\/www.purejewels.com\/#organization","name":"PureJewels UK","url":"https:\/\/www.purejewels.com\/","logo":{"@type":"ImageObject","inLanguage":"de","@id":"https:\/\/www.purejewels.com\/#\/schema\/logo\/image\/","url":"https:\/\/static.purejewels.com\/wp-content\/uploads\/2020\/11\/Logo-PJ-New-1.png","contentUrl":"https:\/\/static.purejewels.com\/wp-content\/uploads\/2020\/11\/Logo-PJ-New-1.png","width":150,"height":80,"caption":"PureJewels UK"},"image":{"@id":"https:\/\/www.purejewels.com\/#\/schema\/logo\/image\/"}}]}},"_links":{"self":[{"href":"https:\/\/www.purejewels.com\/de\/wp-json\/wp\/v2\/product\/426944","targetHints":{"allow":["GET"]}}],"collection":[{"href":"https:\/\/www.purejewels.com\/de\/wp-json\/wp\/v2\/product"}],"about":[{"href":"https:\/\/www.purejewels.com\/de\/wp-json\/wp\/v2\/types\/product"}],"replies":[{"embeddable":true,"href":"https:\/\/www.purejewels.com\/de\/wp-json\/wp\/v2\/comments?post=426944"}],"version-history":[{"count":2,"href":"https:\/\/www.purejewels.com\/de\/wp-json\/wp\/v2\/product\/426944\/revisions"}],"predecessor-version":[{"id":426946,"href":"https:\/\/www.purejewels.com\/de\/wp-json\/wp\/v2\/product\/426944\/revisions\/426946"}],"wp:featuredmedia":[{"embeddable":true,"href":"https:\/\/www.purejewels.com\/de\/wp-json\/wp\/v2\/media\/426947"}],"wp:attachment":[{"href":"https:\/\/www.purejewels.com\/de\/wp-json\/wp\/v2\/media?parent=426944"}],"wp:term":[{"taxonomy":"product_brand","embeddable":true,"href":"https:\/\/www.purejewels.com\/de\/wp-json\/wp\/v2\/product_brand?post=426944"},{"taxonomy":"product_cat","embeddable":true,"href":"https:\/\/www.purejewels.com\/de\/wp-json\/wp\/v2\/product_cat?post=426944"},{"taxonomy":"product_tag","embeddable":true,"href":"https:\/\/www.purejewels.com\/de\/wp-json\/wp\/v2\/product_tag?post=426944"}],"curies":[{"name":"wp","href":"https:\/\/api.w.org\/{rel}","templated":true}]}}