{"id":427030,"date":"2025-03-13T06:30:45","date_gmt":"2025-03-13T06:30:45","guid":{"rendered":"https:\/\/www.purejewels.com\/?post_type=product&#038;p=427030"},"modified":"2026-04-13T05:34:40","modified_gmt":"2026-04-13T04:34:40","slug":"elchi-armband-aus-22-kt-sunrise-gold-51786","status":"publish","type":"product","link":"https:\/\/www.purejewels.com\/de\/product\/elchi-bracelet-in-22ct-sunrise-gold-51786\/","title":{"rendered":"Elchi Armband aus 22ct Sunrise Gold"},"content":{"rendered":"<p data-start=\"585\" data-end=\"928\">Das Elchi-Armband aus 22 Karat Sunrise-Gold spiegelt moderne Eleganz durch ein raffiniertes skulpturales Motiv wider. Eine sanft geschwungene Form umgibt eine polierte Goldkugel und schafft so Gleichgewicht und Harmonie entlang einer zarten Kette. Der warme Glanz des Sunrise Goldes unterstreicht die sanften Konturen. Das Ergebnis ist ein zeitloses Armband f\u00fcr unaufdringlichen Luxus im Alltag.<\/p>\n<h3 data-section-id=\"1qj9e1g\" data-start=\"1140\" data-end=\"1160\">Designkonzept<\/h3>\n<p data-start=\"1161\" data-end=\"1335\">Inspiriert von flie\u00dfenden organischen Formen, symbolisiert das Elchi-Motiv Harmonie und moderne Eleganz. Die skulpturale Form setzt einen subtilen Akzent entlang der feinen Kette.<\/p>\n<h3 data-section-id=\"n147pz\" data-start=\"1342\" data-end=\"1361\">Handwerkliches K\u00f6nnen<\/h3>\n<p data-start=\"1362\" data-end=\"1562\">Das fachm\u00e4nnisch aus hochreinem 22-kar\u00e4tigem Sunrise-Gold gefertigte Armband zeichnet sich durch sorgf\u00e4ltig geformte Elemente mit glatt polierter Oberfl\u00e4che aus. Die pr\u00e4zise Montage sorgt f\u00fcr Langlebigkeit, Komfort und raffinierten Glanz.<\/p>\n<h3 data-section-id=\"lvxqx6\" data-start=\"1569\" data-end=\"1587\">Styling-Tipps<\/h3>\n<p data-start=\"1588\" data-end=\"1753\" data-is-last-node=\"\" data-is-only-node=\"\">Tragen Sie ihn allein f\u00fcr einen minimalistischen, eleganten Look.<br data-start=\"1626\" data-end=\"1629\" \/>F\u00fcr einen modernen Stil tragen Sie dazu schmale goldene Armreife.<br data-start=\"1677\" data-end=\"1680\" \/>Kombinieren Sie ihn mit zartem Goldschmuck f\u00fcr m\u00fchelose Eleganz im Alltag.<\/p>","protected":false},"excerpt":{"rendered":"<p>Ein anmutiges Elchi-Armband aus strahlendem 22-kar\u00e4tigem Sunrise-Gold mit einem skulpturalen Mittelmotiv an einer zarten Kette.<\/p>\n<p><strong>Material:<\/strong> 22ct Sonnenaufgang Gold<strong><br \/>\nWahrzeichen:\u00a0<\/strong>Britisches G\u00fctesiegel<strong><br \/>\n<\/strong><strong>Bruttogewicht: <\/strong>2,90 Gramm<br \/>\n<strong>L\u00e4nge:<\/strong> 7 Zoll<br \/>\n<strong>Breite:<\/strong> 6 mm<br \/>\n<strong>SKU:<\/strong> 51786, 51253<\/p>\n<p><strong>Preis und Lieferung<\/strong>: Inklusive Mehrwertsteuer und Lieferkosten<br \/>\n<a href=\"https:\/\/www.purejewels.com\/de\/ruckgabepolitik\/\">R\u00fcckgabepolitik<\/a><\/p>","protected":false},"featured_media":427033,"comment_status":"closed","ping_status":"closed","template":"","meta":{"_eb_attr":"","_crsspst_to_jayantr4sg-hostcom":false},"product_brand":[],"product_cat":[5441,1559,236,1793,5848,1790,1324,1627,1229,5344,5338,6081,1575,1569,1574],"product_tag":[],"class_list":{"0":"post-427030","1":"product","2":"type-product","3":"status-publish","4":"has-post-thumbnail","6":"product_cat-gold-bead-bracelets","7":"product_cat-birthday-gifts","8":"product_cat-collections","9":"product_cat-diwali-gifts","10":"product_cat-elchi-collection","11":"product_cat-for-whom-when","12":"product_cat-gold-bracelet","13":"product_cat-ladies-bracelet","14":"product_cat-22ct-gold-jewellery","15":"product_cat-jewellery-under-750","16":"product_cat-shop-by-price","17":"product_cat-sunrise-gold","18":"product_cat-teenage-jewellery","19":"product_cat-valentine-day-gifts","20":"product_cat-womens-jewellery","22":"first","23":"instock","24":"taxable","25":"shipping-taxable","26":"purchasable","27":"product-type-simple","28":"add-to-wishlist-before_image"},"yoast_head":"<!-- This site is optimized with the Yoast SEO plugin v27.5 - https:\/\/yoast.com\/product\/yoast-seo-wordpress\/ -->\n<title>Elchi Bracelet 22ct Sunrise Gold PureJewels London<\/title>\n<meta name=\"description\" content=\"Discover the Elchi bracelet crafted in 22ct sunrise gold. A delicate motif bracelet designed with refined elegance and timeless craftsmanship.\" \/>\n<meta name=\"robots\" content=\"index, follow, max-snippet:-1, max-image-preview:large, max-video-preview:-1\" \/>\n<link rel=\"canonical\" href=\"https:\/\/www.purejewels.com\/de\/produkt-2\/elchi-armband-aus-22-kt-sunrise-gold-51786\/\" \/>\n<meta property=\"og:locale\" content=\"de_DE\" \/>\n<meta property=\"og:type\" content=\"article\" \/>\n<meta property=\"og:title\" content=\"Elchi Bracelet 22ct Sunrise Gold PureJewels London\" \/>\n<meta property=\"og:description\" content=\"Discover the Elchi bracelet crafted in 22ct sunrise gold. A delicate motif bracelet designed with refined elegance and timeless craftsmanship.\" \/>\n<meta property=\"og:url\" content=\"https:\/\/www.purejewels.com\/de\/produkt-2\/elchi-armband-aus-22-kt-sunrise-gold-51786\/\" \/>\n<meta property=\"og:site_name\" content=\"PureJewels UK\" \/>\n<meta property=\"article:modified_time\" content=\"2026-04-13T04:34:40+00:00\" \/>\n<meta property=\"og:image\" content=\"https:\/\/static.purejewels.com\/wp-content\/uploads\/2025\/03\/SGBRBEEC001L7060.jpg\" \/>\n\t<meta property=\"og:image:width\" content=\"1000\" \/>\n\t<meta property=\"og:image:height\" content=\"1000\" \/>\n\t<meta property=\"og:image:type\" content=\"image\/jpeg\" \/>\n<meta name=\"twitter:card\" content=\"summary_large_image\" \/>\n<meta name=\"twitter:label1\" content=\"Gesch\u00e4tzte Lesezeit\" \/>\n\t<meta name=\"twitter:data1\" content=\"1\u00a0Minute\" \/>\n<script type=\"application\/ld+json\" class=\"yoast-schema-graph\">{\"@context\":\"https:\\\/\\\/schema.org\",\"@graph\":[{\"@type\":[\"WebPage\",\"ItemPage\"],\"@id\":\"https:\\\/\\\/www.purejewels.com\\\/product\\\/elchi-bracelet-in-22ct-sunrise-gold-51786\\\/\",\"url\":\"https:\\\/\\\/www.purejewels.com\\\/product\\\/elchi-bracelet-in-22ct-sunrise-gold-51786\\\/\",\"name\":\"Elchi Bracelet 22ct Sunrise Gold PureJewels London\",\"isPartOf\":{\"@id\":\"https:\\\/\\\/www.purejewels.com\\\/#website\"},\"primaryImageOfPage\":{\"@id\":\"https:\\\/\\\/www.purejewels.com\\\/product\\\/elchi-bracelet-in-22ct-sunrise-gold-51786\\\/#primaryimage\"},\"image\":{\"@id\":\"https:\\\/\\\/www.purejewels.com\\\/product\\\/elchi-bracelet-in-22ct-sunrise-gold-51786\\\/#primaryimage\"},\"thumbnailUrl\":\"https:\\\/\\\/static.purejewels.com\\\/wp-content\\\/uploads\\\/2025\\\/03\\\/SGBRBEEC001L7060.jpg\",\"datePublished\":\"2025-03-13T06:30:45+00:00\",\"dateModified\":\"2026-04-13T04:34:40+00:00\",\"description\":\"Discover the Elchi bracelet crafted in 22ct sunrise gold. A delicate motif bracelet designed with refined elegance and timeless craftsmanship.\",\"breadcrumb\":{\"@id\":\"https:\\\/\\\/www.purejewels.com\\\/product\\\/elchi-bracelet-in-22ct-sunrise-gold-51786\\\/#breadcrumb\"},\"inLanguage\":\"de\",\"potentialAction\":[{\"@type\":\"ReadAction\",\"target\":[\"https:\\\/\\\/www.purejewels.com\\\/product\\\/elchi-bracelet-in-22ct-sunrise-gold-51786\\\/\"]}]},{\"@type\":\"ImageObject\",\"inLanguage\":\"de\",\"@id\":\"https:\\\/\\\/www.purejewels.com\\\/product\\\/elchi-bracelet-in-22ct-sunrise-gold-51786\\\/#primaryimage\",\"url\":\"https:\\\/\\\/static.purejewels.com\\\/wp-content\\\/uploads\\\/2025\\\/03\\\/SGBRBEEC001L7060.jpg\",\"contentUrl\":\"https:\\\/\\\/static.purejewels.com\\\/wp-content\\\/uploads\\\/2025\\\/03\\\/SGBRBEEC001L7060.jpg\",\"width\":1000,\"height\":1000},{\"@type\":\"BreadcrumbList\",\"@id\":\"https:\\\/\\\/www.purejewels.com\\\/product\\\/elchi-bracelet-in-22ct-sunrise-gold-51786\\\/#breadcrumb\",\"itemListElement\":[{\"@type\":\"ListItem\",\"position\":1,\"name\":\"Home\",\"item\":\"https:\\\/\\\/www.purejewels.com\\\/\"},{\"@type\":\"ListItem\",\"position\":2,\"name\":\"Shop\",\"item\":\"https:\\\/\\\/www.purejewels.com\\\/shop\\\/\"},{\"@type\":\"ListItem\",\"position\":3,\"name\":\"Elchi Bracelet in 22ct Sunrise Gold\"}]},{\"@type\":\"WebSite\",\"@id\":\"https:\\\/\\\/www.purejewels.com\\\/#website\",\"url\":\"https:\\\/\\\/www.purejewels.com\\\/\",\"name\":\"PureJewels UK\",\"description\":\"Share the Love\",\"publisher\":{\"@id\":\"https:\\\/\\\/www.purejewels.com\\\/#organization\"},\"potentialAction\":[{\"@type\":\"SearchAction\",\"target\":{\"@type\":\"EntryPoint\",\"urlTemplate\":\"https:\\\/\\\/www.purejewels.com\\\/?s={search_term_string}\"},\"query-input\":{\"@type\":\"PropertyValueSpecification\",\"valueRequired\":true,\"valueName\":\"search_term_string\"}}],\"inLanguage\":\"de\"},{\"@type\":\"Organization\",\"@id\":\"https:\\\/\\\/www.purejewels.com\\\/#organization\",\"name\":\"PureJewels UK\",\"url\":\"https:\\\/\\\/www.purejewels.com\\\/\",\"logo\":{\"@type\":\"ImageObject\",\"inLanguage\":\"de\",\"@id\":\"https:\\\/\\\/www.purejewels.com\\\/#\\\/schema\\\/logo\\\/image\\\/\",\"url\":\"https:\\\/\\\/static.purejewels.com\\\/wp-content\\\/uploads\\\/2020\\\/11\\\/Logo-PJ-New-1.png\",\"contentUrl\":\"https:\\\/\\\/static.purejewels.com\\\/wp-content\\\/uploads\\\/2020\\\/11\\\/Logo-PJ-New-1.png\",\"width\":150,\"height\":80,\"caption\":\"PureJewels UK\"},\"image\":{\"@id\":\"https:\\\/\\\/www.purejewels.com\\\/#\\\/schema\\\/logo\\\/image\\\/\"}}]}<\/script>\n<!-- \/ Yoast SEO plugin. -->","yoast_head_json":{"title":"Elchi Armband 22ct Sunrise Gold PureJewels London","description":"Entdecken Sie das Elchi-Armband aus 22 Karat Sunrise-Gold. Ein zartes Motivarmband, entworfen mit raffinierter Eleganz und zeitloser Handwerkskunst.","robots":{"index":"index","follow":"follow","max-snippet":"max-snippet:-1","max-image-preview":"max-image-preview:large","max-video-preview":"max-video-preview:-1"},"canonical":"https:\/\/www.purejewels.com\/de\/produkt-2\/elchi-armband-aus-22-kt-sunrise-gold-51786\/","og_locale":"de_DE","og_type":"article","og_title":"Elchi Bracelet 22ct Sunrise Gold PureJewels London","og_description":"Discover the Elchi bracelet crafted in 22ct sunrise gold. A delicate motif bracelet designed with refined elegance and timeless craftsmanship.","og_url":"https:\/\/www.purejewels.com\/de\/produkt-2\/elchi-armband-aus-22-kt-sunrise-gold-51786\/","og_site_name":"PureJewels UK","article_modified_time":"2026-04-13T04:34:40+00:00","og_image":[{"width":1000,"height":1000,"url":"https:\/\/static.purejewels.com\/wp-content\/uploads\/2025\/03\/SGBRBEEC001L7060.jpg","type":"image\/jpeg"}],"twitter_card":"summary_large_image","twitter_misc":{"Gesch\u00e4tzte Lesezeit":"1\u00a0Minute"},"schema":{"@context":"https:\/\/schema.org","@graph":[{"@type":["WebPage","ItemPage"],"@id":"https:\/\/www.purejewels.com\/product\/elchi-bracelet-in-22ct-sunrise-gold-51786\/","url":"https:\/\/www.purejewels.com\/product\/elchi-bracelet-in-22ct-sunrise-gold-51786\/","name":"Elchi Armband 22ct Sunrise Gold PureJewels London","isPartOf":{"@id":"https:\/\/www.purejewels.com\/#website"},"primaryImageOfPage":{"@id":"https:\/\/www.purejewels.com\/product\/elchi-bracelet-in-22ct-sunrise-gold-51786\/#primaryimage"},"image":{"@id":"https:\/\/www.purejewels.com\/product\/elchi-bracelet-in-22ct-sunrise-gold-51786\/#primaryimage"},"thumbnailUrl":"https:\/\/static.purejewels.com\/wp-content\/uploads\/2025\/03\/SGBRBEEC001L7060.jpg","datePublished":"2025-03-13T06:30:45+00:00","dateModified":"2026-04-13T04:34:40+00:00","description":"Entdecken Sie das Elchi-Armband aus 22 Karat Sunrise-Gold. Ein zartes Motivarmband, entworfen mit raffinierter Eleganz und zeitloser Handwerkskunst.","breadcrumb":{"@id":"https:\/\/www.purejewels.com\/product\/elchi-bracelet-in-22ct-sunrise-gold-51786\/#breadcrumb"},"inLanguage":"de","potentialAction":[{"@type":"ReadAction","target":["https:\/\/www.purejewels.com\/product\/elchi-bracelet-in-22ct-sunrise-gold-51786\/"]}]},{"@type":"ImageObject","inLanguage":"de","@id":"https:\/\/www.purejewels.com\/product\/elchi-bracelet-in-22ct-sunrise-gold-51786\/#primaryimage","url":"https:\/\/static.purejewels.com\/wp-content\/uploads\/2025\/03\/SGBRBEEC001L7060.jpg","contentUrl":"https:\/\/static.purejewels.com\/wp-content\/uploads\/2025\/03\/SGBRBEEC001L7060.jpg","width":1000,"height":1000},{"@type":"BreadcrumbList","@id":"https:\/\/www.purejewels.com\/product\/elchi-bracelet-in-22ct-sunrise-gold-51786\/#breadcrumb","itemListElement":[{"@type":"ListItem","position":1,"name":"Home","item":"https:\/\/www.purejewels.com\/"},{"@type":"ListItem","position":2,"name":"Shop","item":"https:\/\/www.purejewels.com\/shop\/"},{"@type":"ListItem","position":3,"name":"Elchi Bracelet in 22ct Sunrise Gold"}]},{"@type":"WebSite","@id":"https:\/\/www.purejewels.com\/#website","url":"https:\/\/www.purejewels.com\/","name":"PureJewels UK","description":"Teile die Liebe","publisher":{"@id":"https:\/\/www.purejewels.com\/#organization"},"potentialAction":[{"@type":"SearchAction","target":{"@type":"EntryPoint","urlTemplate":"https:\/\/www.purejewels.com\/?s={search_term_string}"},"query-input":{"@type":"PropertyValueSpecification","valueRequired":true,"valueName":"search_term_string"}}],"inLanguage":"de"},{"@type":"Organization","@id":"https:\/\/www.purejewels.com\/#organization","name":"PureJewels UK","url":"https:\/\/www.purejewels.com\/","logo":{"@type":"ImageObject","inLanguage":"de","@id":"https:\/\/www.purejewels.com\/#\/schema\/logo\/image\/","url":"https:\/\/static.purejewels.com\/wp-content\/uploads\/2020\/11\/Logo-PJ-New-1.png","contentUrl":"https:\/\/static.purejewels.com\/wp-content\/uploads\/2020\/11\/Logo-PJ-New-1.png","width":150,"height":80,"caption":"PureJewels UK"},"image":{"@id":"https:\/\/www.purejewels.com\/#\/schema\/logo\/image\/"}}]}},"_links":{"self":[{"href":"https:\/\/www.purejewels.com\/de\/wp-json\/wp\/v2\/product\/427030","targetHints":{"allow":["GET"]}}],"collection":[{"href":"https:\/\/www.purejewels.com\/de\/wp-json\/wp\/v2\/product"}],"about":[{"href":"https:\/\/www.purejewels.com\/de\/wp-json\/wp\/v2\/types\/product"}],"replies":[{"embeddable":true,"href":"https:\/\/www.purejewels.com\/de\/wp-json\/wp\/v2\/comments?post=427030"}],"version-history":[{"count":1,"href":"https:\/\/www.purejewels.com\/de\/wp-json\/wp\/v2\/product\/427030\/revisions"}],"predecessor-version":[{"id":427032,"href":"https:\/\/www.purejewels.com\/de\/wp-json\/wp\/v2\/product\/427030\/revisions\/427032"}],"wp:featuredmedia":[{"embeddable":true,"href":"https:\/\/www.purejewels.com\/de\/wp-json\/wp\/v2\/media\/427033"}],"wp:attachment":[{"href":"https:\/\/www.purejewels.com\/de\/wp-json\/wp\/v2\/media?parent=427030"}],"wp:term":[{"taxonomy":"product_brand","embeddable":true,"href":"https:\/\/www.purejewels.com\/de\/wp-json\/wp\/v2\/product_brand?post=427030"},{"taxonomy":"product_cat","embeddable":true,"href":"https:\/\/www.purejewels.com\/de\/wp-json\/wp\/v2\/product_cat?post=427030"},{"taxonomy":"product_tag","embeddable":true,"href":"https:\/\/www.purejewels.com\/de\/wp-json\/wp\/v2\/product_tag?post=427030"}],"curies":[{"name":"wp","href":"https:\/\/api.w.org\/{rel}","templated":true}]}}