{"id":427041,"date":"2025-03-13T07:47:10","date_gmt":"2025-03-13T07:47:10","guid":{"rendered":"https:\/\/www.purejewels.com\/?post_type=product&#038;p=427041"},"modified":"2026-04-24T13:51:20","modified_gmt":"2026-04-24T12:51:20","slug":"22-karat-gold-klassische-kugel-ohrstecker-6mm-53459","status":"publish","type":"product","link":"https:\/\/www.purejewels.com\/de\/product\/22ct-gold-classic-ball-stud-earrings-6mm-53459\/","title":{"rendered":"22ct Gold Klassische Kugel-Ohrstecker | 6mm"},"content":{"rendered":"<p data-start=\"460\" data-end=\"724\">Die klassischen Kugelohrstecker aus 22-kar\u00e4tigem Gold in 6 mm Gr\u00f6\u00dfe zelebrieren Schlichtheit und zeitlosen Stil. Mit ihren glatten, kugelf\u00f6rmigen Formen und der gl\u00e4nzenden, polierten Oberfl\u00e4che unterstreichen diese Ohrringe die nat\u00fcrliche Sch\u00f6nheit von hochreinem Gold. Ihr elegantes, minimalistisches Design macht sie zu einem vielseitigen Schmuckst\u00fcck, das sich sowohl f\u00fcr den Alltag als auch f\u00fcr besondere Anl\u00e4sse eignet.<\/p>\n<h3 data-section-id=\"1qj9e1g\" data-start=\"1117\" data-end=\"1137\">Designkonzept<\/h3>\n<p data-start=\"1138\" data-end=\"1332\">Inspiriert von der Reinheit einfacher geometrischer Formen, symbolisiert das kugelf\u00f6rmige Design Gleichgewicht, Harmonie und zeitlose Eleganz. Die klare, minimale Silhouette l\u00e4sst den nat\u00fcrlichen Glanz des Goldes zur Geltung kommen.<\/p>\n<h3 data-section-id=\"n147pz\" data-start=\"1339\" data-end=\"1358\">Handwerkliches K\u00f6nnen<\/h3>\n<p data-start=\"1359\" data-end=\"1586\">Fachm\u00e4nnisch aus hochreinem 22-kar\u00e4tigem Gelbgold gefertigt, wird jede Kugel sorgf\u00e4ltig geformt und poliert, um eine makellose, glatte Oberfl\u00e4che und raffinierten Glanz zu erzielen. Die Ohrstecker sind f\u00fcr Komfort, Haltbarkeit und sicheres Tragen im Alltag konzipiert.<\/p>\n<h3 data-section-id=\"lvxqx6\" data-start=\"1593\" data-end=\"1611\">Styling-Tipps<\/h3>\n<p data-start=\"1612\" data-end=\"1810\" data-is-last-node=\"\" data-is-only-node=\"\">Perfekt f\u00fcr den Alltag, sowohl f\u00fcr legere als auch f\u00fcr formelle Anl\u00e4sse.<br data-start=\"1674\" data-end=\"1677\" \/>Kombinieren Sie sie mit zarten Goldketten oder Armreifen f\u00fcr einen raffinierten, minimalistischen Look.<br data-start=\"1749\" data-end=\"1752\" \/>Ideal als zeitloses Schmuckst\u00fcck oder als durchdachtes Geschenk.<\/p>","protected":false},"excerpt":{"rendered":"<p>Klassische Kugelohrstecker aus 22-kar\u00e4tigem Gold mit 6 mm Durchmesser und einer glatten, polierten Oberfl\u00e4che f\u00fcr zeitlose Eleganz im Alltag.<\/p>\n<p><strong>Material:<\/strong> 22ct Gelbgold<br \/>\n<strong>Reinheit:<\/strong>\u00a091.6% rein<br \/>\n<strong>Wahrzeichen:<\/strong>\u00a0Britisches G\u00fctesiegel<strong><br \/>\n<\/strong><strong>Bruttogewicht: <\/strong>1,60 Gramm<br \/>\n<strong>Breite: <\/strong>6mm<br \/>\n<strong>SKU:<\/strong> 53459<\/p>\n<p><strong>Preis und Lieferung<\/strong>: Inklusive Mehrwertsteuer und Lieferkosten<br \/>\n<a href=\"https:\/\/www.purejewels.com\/de\/ruckgabepolitik\/\">R\u00fcckgabepolitik<\/a><\/p>","protected":false},"featured_media":418809,"comment_status":"closed","ping_status":"closed","template":"","meta":{"_eb_attr":"","_crsspst_to_jayantr4sg-hostcom":false},"product_brand":[],"product_cat":[1559,1576,236,1793,5701,1792,1790,1254,5343,5599,5943,1570,1577,1575,1574,5349],"product_tag":[66],"class_list":{"0":"post-427041","1":"product","2":"type-product","3":"status-publish","4":"has-post-thumbnail","6":"product_cat-birthday-gifts","7":"product_cat-childrens-jewellery","8":"product_cat-collections","9":"product_cat-diwali-gifts","10":"product_cat-eid-jewellery","11":"product_cat-festival-gifts","12":"product_cat-for-whom-when","13":"product_cat-gold-earrings","14":"product_cat-jewellery-under-550","15":"product_cat-baby-earring","16":"product_cat-kids-jewellery","17":"product_cat-mothers-day-gifts","18":"product_cat-stud-earrings","19":"product_cat-teenage-jewellery","20":"product_cat-womens-jewellery","21":"product_cat-yellow-gold-jewellery","22":"product_tag-earrings","24":"first","25":"instock","26":"taxable","27":"shipping-taxable","28":"purchasable","29":"product-type-simple","30":"add-to-wishlist-before_image"},"yoast_head":"<!-- This site is optimized with the Yoast SEO plugin v27.5 - https:\/\/yoast.com\/product\/yoast-seo-wordpress\/ -->\n<title>22ct Gold Classic Ball Stud Earrings 6mm PureJewels London<\/title>\n<meta name=\"description\" content=\"Discover 22ct gold classic ball stud earrings in 6mm. A timeless minimalist design crafted for everyday elegance and refined style.\" \/>\n<meta name=\"robots\" content=\"index, follow, max-snippet:-1, max-image-preview:large, max-video-preview:-1\" \/>\n<link rel=\"canonical\" href=\"https:\/\/www.purejewels.com\/de\/produkt-2\/22-karat-gold-klassische-kugel-ohrstecker-6mm-53459\/\" \/>\n<meta property=\"og:locale\" content=\"de_DE\" \/>\n<meta property=\"og:type\" content=\"article\" \/>\n<meta property=\"og:title\" content=\"22ct Gold Classic Ball Stud Earrings 6mm PureJewels London\" \/>\n<meta property=\"og:description\" content=\"Discover 22ct gold classic ball stud earrings in 6mm. A timeless minimalist design crafted for everyday elegance and refined style.\" \/>\n<meta property=\"og:url\" content=\"https:\/\/www.purejewels.com\/de\/produkt-2\/22-karat-gold-klassische-kugel-ohrstecker-6mm-53459\/\" \/>\n<meta property=\"og:site_name\" content=\"PureJewels UK\" \/>\n<meta property=\"article:modified_time\" content=\"2026-04-24T12:51:20+00:00\" \/>\n<meta property=\"og:image\" content=\"https:\/\/static.purejewels.com\/wp-content\/uploads\/2025\/10\/SKu-52406.jpg\" \/>\n\t<meta property=\"og:image:width\" content=\"1000\" \/>\n\t<meta property=\"og:image:height\" content=\"1000\" \/>\n\t<meta property=\"og:image:type\" content=\"image\/jpeg\" \/>\n<meta name=\"twitter:card\" content=\"summary_large_image\" \/>\n<meta name=\"twitter:label1\" content=\"Gesch\u00e4tzte Lesezeit\" \/>\n\t<meta name=\"twitter:data1\" content=\"1\u00a0Minute\" \/>\n<script type=\"application\/ld+json\" class=\"yoast-schema-graph\">{\"@context\":\"https:\\\/\\\/schema.org\",\"@graph\":[{\"@type\":[\"WebPage\",\"ItemPage\"],\"@id\":\"https:\\\/\\\/www.purejewels.com\\\/product\\\/22ct-gold-classic-ball-stud-earrings-6mm-53459\\\/\",\"url\":\"https:\\\/\\\/www.purejewels.com\\\/product\\\/22ct-gold-classic-ball-stud-earrings-6mm-53459\\\/\",\"name\":\"22ct Gold Classic Ball Stud Earrings 6mm PureJewels London\",\"isPartOf\":{\"@id\":\"https:\\\/\\\/www.purejewels.com\\\/#website\"},\"primaryImageOfPage\":{\"@id\":\"https:\\\/\\\/www.purejewels.com\\\/product\\\/22ct-gold-classic-ball-stud-earrings-6mm-53459\\\/#primaryimage\"},\"image\":{\"@id\":\"https:\\\/\\\/www.purejewels.com\\\/product\\\/22ct-gold-classic-ball-stud-earrings-6mm-53459\\\/#primaryimage\"},\"thumbnailUrl\":\"https:\\\/\\\/static.purejewels.com\\\/wp-content\\\/uploads\\\/2025\\\/10\\\/SKu-52406.jpg\",\"datePublished\":\"2025-03-13T07:47:10+00:00\",\"dateModified\":\"2026-04-24T12:51:20+00:00\",\"description\":\"Discover 22ct gold classic ball stud earrings in 6mm. A timeless minimalist design crafted for everyday elegance and refined style.\",\"breadcrumb\":{\"@id\":\"https:\\\/\\\/www.purejewels.com\\\/product\\\/22ct-gold-classic-ball-stud-earrings-6mm-53459\\\/#breadcrumb\"},\"inLanguage\":\"de\",\"potentialAction\":[{\"@type\":\"ReadAction\",\"target\":[\"https:\\\/\\\/www.purejewels.com\\\/product\\\/22ct-gold-classic-ball-stud-earrings-6mm-53459\\\/\"]}]},{\"@type\":\"ImageObject\",\"inLanguage\":\"de\",\"@id\":\"https:\\\/\\\/www.purejewels.com\\\/product\\\/22ct-gold-classic-ball-stud-earrings-6mm-53459\\\/#primaryimage\",\"url\":\"https:\\\/\\\/static.purejewels.com\\\/wp-content\\\/uploads\\\/2025\\\/10\\\/SKu-52406.jpg\",\"contentUrl\":\"https:\\\/\\\/static.purejewels.com\\\/wp-content\\\/uploads\\\/2025\\\/10\\\/SKu-52406.jpg\",\"width\":1000,\"height\":1000,\"caption\":\"22ct Gold Classic Ball Stud Earrings\"},{\"@type\":\"BreadcrumbList\",\"@id\":\"https:\\\/\\\/www.purejewels.com\\\/product\\\/22ct-gold-classic-ball-stud-earrings-6mm-53459\\\/#breadcrumb\",\"itemListElement\":[{\"@type\":\"ListItem\",\"position\":1,\"name\":\"Home\",\"item\":\"https:\\\/\\\/www.purejewels.com\\\/\"},{\"@type\":\"ListItem\",\"position\":2,\"name\":\"Shop\",\"item\":\"https:\\\/\\\/www.purejewels.com\\\/shop\\\/\"},{\"@type\":\"ListItem\",\"position\":3,\"name\":\"22ct Gold Classic Ball Stud Earrings | 6mm\"}]},{\"@type\":\"WebSite\",\"@id\":\"https:\\\/\\\/www.purejewels.com\\\/#website\",\"url\":\"https:\\\/\\\/www.purejewels.com\\\/\",\"name\":\"PureJewels UK\",\"description\":\"Share the Love\",\"publisher\":{\"@id\":\"https:\\\/\\\/www.purejewels.com\\\/#organization\"},\"potentialAction\":[{\"@type\":\"SearchAction\",\"target\":{\"@type\":\"EntryPoint\",\"urlTemplate\":\"https:\\\/\\\/www.purejewels.com\\\/?s={search_term_string}\"},\"query-input\":{\"@type\":\"PropertyValueSpecification\",\"valueRequired\":true,\"valueName\":\"search_term_string\"}}],\"inLanguage\":\"de\"},{\"@type\":\"Organization\",\"@id\":\"https:\\\/\\\/www.purejewels.com\\\/#organization\",\"name\":\"PureJewels UK\",\"url\":\"https:\\\/\\\/www.purejewels.com\\\/\",\"logo\":{\"@type\":\"ImageObject\",\"inLanguage\":\"de\",\"@id\":\"https:\\\/\\\/www.purejewels.com\\\/#\\\/schema\\\/logo\\\/image\\\/\",\"url\":\"https:\\\/\\\/static.purejewels.com\\\/wp-content\\\/uploads\\\/2020\\\/11\\\/Logo-PJ-New-1.png\",\"contentUrl\":\"https:\\\/\\\/static.purejewels.com\\\/wp-content\\\/uploads\\\/2020\\\/11\\\/Logo-PJ-New-1.png\",\"width\":150,\"height\":80,\"caption\":\"PureJewels UK\"},\"image\":{\"@id\":\"https:\\\/\\\/www.purejewels.com\\\/#\\\/schema\\\/logo\\\/image\\\/\"}}]}<\/script>\n<!-- \/ Yoast SEO plugin. -->","yoast_head_json":{"title":"22ct Gold Klassische Kugel-Ohrstecker 6mm PureJewels London","description":"Entdecken Sie die klassischen Kugel-Ohrstecker aus 22 Karat Gold in 6 mm. Ein zeitloses, minimalistisches Design f\u00fcr allt\u00e4gliche Eleganz und raffinierten Stil.","robots":{"index":"index","follow":"follow","max-snippet":"max-snippet:-1","max-image-preview":"max-image-preview:large","max-video-preview":"max-video-preview:-1"},"canonical":"https:\/\/www.purejewels.com\/de\/produkt-2\/22-karat-gold-klassische-kugel-ohrstecker-6mm-53459\/","og_locale":"de_DE","og_type":"article","og_title":"22ct Gold Classic Ball Stud Earrings 6mm PureJewels London","og_description":"Discover 22ct gold classic ball stud earrings in 6mm. A timeless minimalist design crafted for everyday elegance and refined style.","og_url":"https:\/\/www.purejewels.com\/de\/produkt-2\/22-karat-gold-klassische-kugel-ohrstecker-6mm-53459\/","og_site_name":"PureJewels UK","article_modified_time":"2026-04-24T12:51:20+00:00","og_image":[{"width":1000,"height":1000,"url":"https:\/\/static.purejewels.com\/wp-content\/uploads\/2025\/10\/SKu-52406.jpg","type":"image\/jpeg"}],"twitter_card":"summary_large_image","twitter_misc":{"Gesch\u00e4tzte Lesezeit":"1\u00a0Minute"},"schema":{"@context":"https:\/\/schema.org","@graph":[{"@type":["WebPage","ItemPage"],"@id":"https:\/\/www.purejewels.com\/product\/22ct-gold-classic-ball-stud-earrings-6mm-53459\/","url":"https:\/\/www.purejewels.com\/product\/22ct-gold-classic-ball-stud-earrings-6mm-53459\/","name":"22ct Gold Klassische Kugel-Ohrstecker 6mm PureJewels London","isPartOf":{"@id":"https:\/\/www.purejewels.com\/#website"},"primaryImageOfPage":{"@id":"https:\/\/www.purejewels.com\/product\/22ct-gold-classic-ball-stud-earrings-6mm-53459\/#primaryimage"},"image":{"@id":"https:\/\/www.purejewels.com\/product\/22ct-gold-classic-ball-stud-earrings-6mm-53459\/#primaryimage"},"thumbnailUrl":"https:\/\/static.purejewels.com\/wp-content\/uploads\/2025\/10\/SKu-52406.jpg","datePublished":"2025-03-13T07:47:10+00:00","dateModified":"2026-04-24T12:51:20+00:00","description":"Entdecken Sie die klassischen Kugel-Ohrstecker aus 22 Karat Gold in 6 mm. Ein zeitloses, minimalistisches Design f\u00fcr allt\u00e4gliche Eleganz und raffinierten Stil.","breadcrumb":{"@id":"https:\/\/www.purejewels.com\/product\/22ct-gold-classic-ball-stud-earrings-6mm-53459\/#breadcrumb"},"inLanguage":"de","potentialAction":[{"@type":"ReadAction","target":["https:\/\/www.purejewels.com\/product\/22ct-gold-classic-ball-stud-earrings-6mm-53459\/"]}]},{"@type":"ImageObject","inLanguage":"de","@id":"https:\/\/www.purejewels.com\/product\/22ct-gold-classic-ball-stud-earrings-6mm-53459\/#primaryimage","url":"https:\/\/static.purejewels.com\/wp-content\/uploads\/2025\/10\/SKu-52406.jpg","contentUrl":"https:\/\/static.purejewels.com\/wp-content\/uploads\/2025\/10\/SKu-52406.jpg","width":1000,"height":1000,"caption":"22ct Gold Classic Ball Stud Earrings"},{"@type":"BreadcrumbList","@id":"https:\/\/www.purejewels.com\/product\/22ct-gold-classic-ball-stud-earrings-6mm-53459\/#breadcrumb","itemListElement":[{"@type":"ListItem","position":1,"name":"Home","item":"https:\/\/www.purejewels.com\/"},{"@type":"ListItem","position":2,"name":"Shop","item":"https:\/\/www.purejewels.com\/shop\/"},{"@type":"ListItem","position":3,"name":"22ct Gold Classic Ball Stud Earrings | 6mm"}]},{"@type":"WebSite","@id":"https:\/\/www.purejewels.com\/#website","url":"https:\/\/www.purejewels.com\/","name":"PureJewels UK","description":"Teile die Liebe","publisher":{"@id":"https:\/\/www.purejewels.com\/#organization"},"potentialAction":[{"@type":"SearchAction","target":{"@type":"EntryPoint","urlTemplate":"https:\/\/www.purejewels.com\/?s={search_term_string}"},"query-input":{"@type":"PropertyValueSpecification","valueRequired":true,"valueName":"search_term_string"}}],"inLanguage":"de"},{"@type":"Organization","@id":"https:\/\/www.purejewels.com\/#organization","name":"PureJewels UK","url":"https:\/\/www.purejewels.com\/","logo":{"@type":"ImageObject","inLanguage":"de","@id":"https:\/\/www.purejewels.com\/#\/schema\/logo\/image\/","url":"https:\/\/static.purejewels.com\/wp-content\/uploads\/2020\/11\/Logo-PJ-New-1.png","contentUrl":"https:\/\/static.purejewels.com\/wp-content\/uploads\/2020\/11\/Logo-PJ-New-1.png","width":150,"height":80,"caption":"PureJewels UK"},"image":{"@id":"https:\/\/www.purejewels.com\/#\/schema\/logo\/image\/"}}]}},"_links":{"self":[{"href":"https:\/\/www.purejewels.com\/de\/wp-json\/wp\/v2\/product\/427041","targetHints":{"allow":["GET"]}}],"collection":[{"href":"https:\/\/www.purejewels.com\/de\/wp-json\/wp\/v2\/product"}],"about":[{"href":"https:\/\/www.purejewels.com\/de\/wp-json\/wp\/v2\/types\/product"}],"replies":[{"embeddable":true,"href":"https:\/\/www.purejewels.com\/de\/wp-json\/wp\/v2\/comments?post=427041"}],"version-history":[{"count":3,"href":"https:\/\/www.purejewels.com\/de\/wp-json\/wp\/v2\/product\/427041\/revisions"}],"predecessor-version":[{"id":427045,"href":"https:\/\/www.purejewels.com\/de\/wp-json\/wp\/v2\/product\/427041\/revisions\/427045"}],"wp:featuredmedia":[{"embeddable":true,"href":"https:\/\/www.purejewels.com\/de\/wp-json\/wp\/v2\/media\/418809"}],"wp:attachment":[{"href":"https:\/\/www.purejewels.com\/de\/wp-json\/wp\/v2\/media?parent=427041"}],"wp:term":[{"taxonomy":"product_brand","embeddable":true,"href":"https:\/\/www.purejewels.com\/de\/wp-json\/wp\/v2\/product_brand?post=427041"},{"taxonomy":"product_cat","embeddable":true,"href":"https:\/\/www.purejewels.com\/de\/wp-json\/wp\/v2\/product_cat?post=427041"},{"taxonomy":"product_tag","embeddable":true,"href":"https:\/\/www.purejewels.com\/de\/wp-json\/wp\/v2\/product_tag?post=427041"}],"curies":[{"name":"wp","href":"https:\/\/api.w.org\/{rel}","templated":true}]}}