{"id":427048,"date":"2025-03-13T08:14:28","date_gmt":"2025-03-13T08:14:28","guid":{"rendered":"https:\/\/www.purejewels.com\/?post_type=product&#038;p=427048"},"modified":"2026-05-08T06:00:39","modified_gmt":"2026-05-08T05:00:39","slug":"klassische-kugel-ohrstecker-aus-22-karat-gold-4mm","status":"publish","type":"product","link":"https:\/\/www.purejewels.com\/de\/product\/22ct-gold-classic-ball-stud-earrings-4mm\/","title":{"rendered":"22ct Gold Klassische Kugel-Ohrstecker | 4mm"},"content":{"rendered":"<p data-start=\"460\" data-end=\"724\">Die klassischen Kugel-Ohrstecker aus 22-kar\u00e4tigem Sunrise-Gold in 4 mm Gr\u00f6\u00dfe zelebrieren raffinierte Schlichtheit und zeitlose Eleganz. Mit ihren glatten, kugelf\u00f6rmigen Formen und der gl\u00e4nzenden, polierten Oberfl\u00e4che unterstreichen diese Ohrringe den warmen Glanz des Sunrise Goldes. Ihre zierliche Gr\u00f6\u00dfe und ihr minimalistisches Design machen sie perfekt f\u00fcr den Alltag und verleihen ihnen einen raffinierten, klassischen Look.<\/p>\n<h3 data-section-id=\"1qj9e1g\" data-start=\"1179\" data-end=\"1199\">Designkonzept<\/h3>\n<p data-start=\"1200\" data-end=\"1391\">Inspiriert von der Reinheit einfacher geometrischer Formen, symbolisiert das kugelf\u00f6rmige Design Gleichgewicht, Harmonie und zeitlose Sch\u00f6nheit. Die minimale Silhouette unterstreicht den nat\u00fcrlichen Glanz von Sunrise Gold.<\/p>\n<h3 data-section-id=\"n147pz\" data-start=\"1398\" data-end=\"1417\">Handwerkliches K\u00f6nnen<\/h3>\n<p data-start=\"1418\" data-end=\"1629\">Jede Kugel ist aus hochreinem 22-kar\u00e4tigem Sunrise-Gold gefertigt und wurde sorgf\u00e4ltig geformt und poliert, um eine makellose, glatte Oberfl\u00e4che und einen raffinierten Glanz zu erzielen. Die Schraubverschl\u00fcsse sorgen f\u00fcr sicheren Tragekomfort.<\/p>\n<h3 data-section-id=\"lvxqx6\" data-start=\"1636\" data-end=\"1654\">Styling-Tipps<\/h3>\n<p data-start=\"1655\" data-end=\"1850\" data-is-last-node=\"\" data-is-only-node=\"\">Perfekt f\u00fcr das t\u00e4gliche Tragen mit l\u00e4ssigen und formellen Outfits.<br data-start=\"1712\" data-end=\"1715\" \/>Kombinieren Sie sie mit zarten Goldketten oder Armb\u00e4ndern f\u00fcr einen raffinierten, minimalistischen Look.<br data-start=\"1789\" data-end=\"1792\" \/>Ideal als zeitloses Schmuckst\u00fcck oder als durchdachtes Geschenk.<\/p>","protected":false},"excerpt":{"rendered":"<p>Klassische Kugelohrstecker aus 22-kar\u00e4tigem Sunrise-Gold mit 4 mm Durchmesser und einer glatten, polierten Oberfl\u00e4che, die f\u00fcr eine zarte, allt\u00e4gliche Eleganz sorgt.<\/p>\n<p><strong>Material:<\/strong> 22ct Sonnenaufgang Gold<br \/>\n<strong>Reinheit:<\/strong>\u00a091.6% rein<br \/>\n<strong>Wahrzeichen:<\/strong>\u00a0Britisches G\u00fctesiegel<strong><br \/>\n<\/strong><strong>Bruttogewicht: <\/strong>1,08 Gramm<br \/>\n<strong>Breite: <\/strong>4mm<br \/>\n<strong>SKU:<\/strong> 54918, 54917<\/p>\n<p><strong>Preis und Lieferung<\/strong>: Inklusive Mehrwertsteuer und Lieferkosten<br \/>\n<a href=\"https:\/\/www.purejewels.com\/de\/ruckgabepolitik\/\">R\u00fcckgabepolitik<\/a><\/p>","protected":false},"featured_media":427050,"comment_status":"closed","ping_status":"closed","template":"","meta":{"_eb_attr":"","_crsspst_to_jayantr4sg-hostcom":false},"product_brand":[],"product_cat":[1559,1576,1793,5701,1792,1790,1254,5342,5599,5943,1577,1575,1574,5349],"product_tag":[66],"class_list":{"0":"post-427048","1":"product","2":"type-product","3":"status-publish","4":"has-post-thumbnail","6":"product_cat-birthday-gifts","7":"product_cat-childrens-jewellery","8":"product_cat-diwali-gifts","9":"product_cat-eid-jewellery","10":"product_cat-festival-gifts","11":"product_cat-for-whom-when","12":"product_cat-gold-earrings","13":"product_cat-jewellery-under-250","14":"product_cat-baby-earring","15":"product_cat-kids-jewellery","16":"product_cat-stud-earrings","17":"product_cat-teenage-jewellery","18":"product_cat-womens-jewellery","19":"product_cat-yellow-gold-jewellery","20":"product_tag-earrings","22":"first","23":"outofstock","24":"taxable","25":"shipping-taxable","26":"product-type-simple","27":"add-to-wishlist-before_image"},"yoast_head":"<!-- This site is optimized with the Yoast SEO plugin v27.5 - https:\/\/yoast.com\/product\/yoast-seo-wordpress\/ -->\n<title>22ct Sunrise Gold Classic Ball Stud Earrings 4mm PureJewels UK<\/title>\n<meta name=\"description\" content=\"Discover 22ct sunrise gold classic ball stud earrings in 4mm. A timeless minimalist design crafted for everyday elegance and refined style.\" \/>\n<meta name=\"robots\" content=\"index, follow, max-snippet:-1, max-image-preview:large, max-video-preview:-1\" \/>\n<link rel=\"canonical\" href=\"https:\/\/www.purejewels.com\/de\/produkt-2\/klassische-kugel-ohrstecker-aus-22-karat-gold-4mm\/\" \/>\n<meta property=\"og:locale\" content=\"de_DE\" \/>\n<meta property=\"og:type\" content=\"article\" \/>\n<meta property=\"og:title\" content=\"22ct Sunrise Gold Classic Ball Stud Earrings 4mm PureJewels UK\" \/>\n<meta property=\"og:description\" content=\"Discover 22ct sunrise gold classic ball stud earrings in 4mm. A timeless minimalist design crafted for everyday elegance and refined style.\" \/>\n<meta property=\"og:url\" content=\"https:\/\/www.purejewels.com\/de\/produkt-2\/klassische-kugel-ohrstecker-aus-22-karat-gold-4mm\/\" \/>\n<meta property=\"og:site_name\" content=\"PureJewels UK\" \/>\n<meta property=\"article:modified_time\" content=\"2026-05-08T05:00:39+00:00\" \/>\n<meta property=\"og:image\" content=\"https:\/\/static.purejewels.com\/wp-content\/uploads\/2025\/03\/54918_1.png\" \/>\n\t<meta property=\"og:image:width\" content=\"1000\" \/>\n\t<meta property=\"og:image:height\" content=\"1000\" \/>\n\t<meta property=\"og:image:type\" content=\"image\/png\" \/>\n<meta name=\"twitter:card\" content=\"summary_large_image\" \/>\n<meta name=\"twitter:label1\" content=\"Gesch\u00e4tzte Lesezeit\" \/>\n\t<meta name=\"twitter:data1\" content=\"1\u00a0Minute\" \/>\n<script type=\"application\/ld+json\" class=\"yoast-schema-graph\">{\"@context\":\"https:\\\/\\\/schema.org\",\"@graph\":[{\"@type\":[\"WebPage\",\"ItemPage\"],\"@id\":\"https:\\\/\\\/www.purejewels.com\\\/product\\\/22ct-gold-classic-ball-stud-earrings-4mm\\\/\",\"url\":\"https:\\\/\\\/www.purejewels.com\\\/product\\\/22ct-gold-classic-ball-stud-earrings-4mm\\\/\",\"name\":\"22ct Sunrise Gold Classic Ball Stud Earrings 4mm PureJewels UK\",\"isPartOf\":{\"@id\":\"https:\\\/\\\/www.purejewels.com\\\/#website\"},\"primaryImageOfPage\":{\"@id\":\"https:\\\/\\\/www.purejewels.com\\\/product\\\/22ct-gold-classic-ball-stud-earrings-4mm\\\/#primaryimage\"},\"image\":{\"@id\":\"https:\\\/\\\/www.purejewels.com\\\/product\\\/22ct-gold-classic-ball-stud-earrings-4mm\\\/#primaryimage\"},\"thumbnailUrl\":\"https:\\\/\\\/static.purejewels.com\\\/wp-content\\\/uploads\\\/2025\\\/03\\\/54918_1.png\",\"datePublished\":\"2025-03-13T08:14:28+00:00\",\"dateModified\":\"2026-05-08T05:00:39+00:00\",\"description\":\"Discover 22ct sunrise gold classic ball stud earrings in 4mm. A timeless minimalist design crafted for everyday elegance and refined style.\",\"breadcrumb\":{\"@id\":\"https:\\\/\\\/www.purejewels.com\\\/product\\\/22ct-gold-classic-ball-stud-earrings-4mm\\\/#breadcrumb\"},\"inLanguage\":\"de\",\"potentialAction\":[{\"@type\":\"ReadAction\",\"target\":[\"https:\\\/\\\/www.purejewels.com\\\/product\\\/22ct-gold-classic-ball-stud-earrings-4mm\\\/\"]}]},{\"@type\":\"ImageObject\",\"inLanguage\":\"de\",\"@id\":\"https:\\\/\\\/www.purejewels.com\\\/product\\\/22ct-gold-classic-ball-stud-earrings-4mm\\\/#primaryimage\",\"url\":\"https:\\\/\\\/static.purejewels.com\\\/wp-content\\\/uploads\\\/2025\\\/03\\\/54918_1.png\",\"contentUrl\":\"https:\\\/\\\/static.purejewels.com\\\/wp-content\\\/uploads\\\/2025\\\/03\\\/54918_1.png\",\"width\":1000,\"height\":1000},{\"@type\":\"BreadcrumbList\",\"@id\":\"https:\\\/\\\/www.purejewels.com\\\/product\\\/22ct-gold-classic-ball-stud-earrings-4mm\\\/#breadcrumb\",\"itemListElement\":[{\"@type\":\"ListItem\",\"position\":1,\"name\":\"Home\",\"item\":\"https:\\\/\\\/www.purejewels.com\\\/\"},{\"@type\":\"ListItem\",\"position\":2,\"name\":\"Shop\",\"item\":\"https:\\\/\\\/www.purejewels.com\\\/shop\\\/\"},{\"@type\":\"ListItem\",\"position\":3,\"name\":\"22ct Gold Classic Ball Stud Earrings | 4mm\"}]},{\"@type\":\"WebSite\",\"@id\":\"https:\\\/\\\/www.purejewels.com\\\/#website\",\"url\":\"https:\\\/\\\/www.purejewels.com\\\/\",\"name\":\"PureJewels UK\",\"description\":\"Share the Love\",\"publisher\":{\"@id\":\"https:\\\/\\\/www.purejewels.com\\\/#organization\"},\"potentialAction\":[{\"@type\":\"SearchAction\",\"target\":{\"@type\":\"EntryPoint\",\"urlTemplate\":\"https:\\\/\\\/www.purejewels.com\\\/?s={search_term_string}\"},\"query-input\":{\"@type\":\"PropertyValueSpecification\",\"valueRequired\":true,\"valueName\":\"search_term_string\"}}],\"inLanguage\":\"de\"},{\"@type\":\"Organization\",\"@id\":\"https:\\\/\\\/www.purejewels.com\\\/#organization\",\"name\":\"PureJewels UK\",\"url\":\"https:\\\/\\\/www.purejewels.com\\\/\",\"logo\":{\"@type\":\"ImageObject\",\"inLanguage\":\"de\",\"@id\":\"https:\\\/\\\/www.purejewels.com\\\/#\\\/schema\\\/logo\\\/image\\\/\",\"url\":\"https:\\\/\\\/static.purejewels.com\\\/wp-content\\\/uploads\\\/2020\\\/11\\\/Logo-PJ-New-1.png\",\"contentUrl\":\"https:\\\/\\\/static.purejewels.com\\\/wp-content\\\/uploads\\\/2020\\\/11\\\/Logo-PJ-New-1.png\",\"width\":150,\"height\":80,\"caption\":\"PureJewels UK\"},\"image\":{\"@id\":\"https:\\\/\\\/www.purejewels.com\\\/#\\\/schema\\\/logo\\\/image\\\/\"}}]}<\/script>\n<!-- \/ Yoast SEO plugin. -->","yoast_head_json":{"title":"22ct Sunrise Gold Klassische Kugel-Ohrstecker 4mm PureJewels UK","description":"Entdecken Sie die klassischen Kugelohrstecker aus 22 Karat Sunrise Gold in 4 mm. Ein zeitloses, minimalistisches Design f\u00fcr allt\u00e4gliche Eleganz und raffinierten Stil.","robots":{"index":"index","follow":"follow","max-snippet":"max-snippet:-1","max-image-preview":"max-image-preview:large","max-video-preview":"max-video-preview:-1"},"canonical":"https:\/\/www.purejewels.com\/de\/produkt-2\/klassische-kugel-ohrstecker-aus-22-karat-gold-4mm\/","og_locale":"de_DE","og_type":"article","og_title":"22ct Sunrise Gold Classic Ball Stud Earrings 4mm PureJewels UK","og_description":"Discover 22ct sunrise gold classic ball stud earrings in 4mm. A timeless minimalist design crafted for everyday elegance and refined style.","og_url":"https:\/\/www.purejewels.com\/de\/produkt-2\/klassische-kugel-ohrstecker-aus-22-karat-gold-4mm\/","og_site_name":"PureJewels UK","article_modified_time":"2026-05-08T05:00:39+00:00","og_image":[{"width":1000,"height":1000,"url":"https:\/\/static.purejewels.com\/wp-content\/uploads\/2025\/03\/54918_1.png","type":"image\/png"}],"twitter_card":"summary_large_image","twitter_misc":{"Gesch\u00e4tzte Lesezeit":"1\u00a0Minute"},"schema":{"@context":"https:\/\/schema.org","@graph":[{"@type":["WebPage","ItemPage"],"@id":"https:\/\/www.purejewels.com\/product\/22ct-gold-classic-ball-stud-earrings-4mm\/","url":"https:\/\/www.purejewels.com\/product\/22ct-gold-classic-ball-stud-earrings-4mm\/","name":"22ct Sunrise Gold Klassische Kugel-Ohrstecker 4mm PureJewels UK","isPartOf":{"@id":"https:\/\/www.purejewels.com\/#website"},"primaryImageOfPage":{"@id":"https:\/\/www.purejewels.com\/product\/22ct-gold-classic-ball-stud-earrings-4mm\/#primaryimage"},"image":{"@id":"https:\/\/www.purejewels.com\/product\/22ct-gold-classic-ball-stud-earrings-4mm\/#primaryimage"},"thumbnailUrl":"https:\/\/static.purejewels.com\/wp-content\/uploads\/2025\/03\/54918_1.png","datePublished":"2025-03-13T08:14:28+00:00","dateModified":"2026-05-08T05:00:39+00:00","description":"Entdecken Sie die klassischen Kugelohrstecker aus 22 Karat Sunrise Gold in 4 mm. Ein zeitloses, minimalistisches Design f\u00fcr allt\u00e4gliche Eleganz und raffinierten Stil.","breadcrumb":{"@id":"https:\/\/www.purejewels.com\/product\/22ct-gold-classic-ball-stud-earrings-4mm\/#breadcrumb"},"inLanguage":"de","potentialAction":[{"@type":"ReadAction","target":["https:\/\/www.purejewels.com\/product\/22ct-gold-classic-ball-stud-earrings-4mm\/"]}]},{"@type":"ImageObject","inLanguage":"de","@id":"https:\/\/www.purejewels.com\/product\/22ct-gold-classic-ball-stud-earrings-4mm\/#primaryimage","url":"https:\/\/static.purejewels.com\/wp-content\/uploads\/2025\/03\/54918_1.png","contentUrl":"https:\/\/static.purejewels.com\/wp-content\/uploads\/2025\/03\/54918_1.png","width":1000,"height":1000},{"@type":"BreadcrumbList","@id":"https:\/\/www.purejewels.com\/product\/22ct-gold-classic-ball-stud-earrings-4mm\/#breadcrumb","itemListElement":[{"@type":"ListItem","position":1,"name":"Home","item":"https:\/\/www.purejewels.com\/"},{"@type":"ListItem","position":2,"name":"Shop","item":"https:\/\/www.purejewels.com\/shop\/"},{"@type":"ListItem","position":3,"name":"22ct Gold Classic Ball Stud Earrings | 4mm"}]},{"@type":"WebSite","@id":"https:\/\/www.purejewels.com\/#website","url":"https:\/\/www.purejewels.com\/","name":"PureJewels UK","description":"Teile die Liebe","publisher":{"@id":"https:\/\/www.purejewels.com\/#organization"},"potentialAction":[{"@type":"SearchAction","target":{"@type":"EntryPoint","urlTemplate":"https:\/\/www.purejewels.com\/?s={search_term_string}"},"query-input":{"@type":"PropertyValueSpecification","valueRequired":true,"valueName":"search_term_string"}}],"inLanguage":"de"},{"@type":"Organization","@id":"https:\/\/www.purejewels.com\/#organization","name":"PureJewels UK","url":"https:\/\/www.purejewels.com\/","logo":{"@type":"ImageObject","inLanguage":"de","@id":"https:\/\/www.purejewels.com\/#\/schema\/logo\/image\/","url":"https:\/\/static.purejewels.com\/wp-content\/uploads\/2020\/11\/Logo-PJ-New-1.png","contentUrl":"https:\/\/static.purejewels.com\/wp-content\/uploads\/2020\/11\/Logo-PJ-New-1.png","width":150,"height":80,"caption":"PureJewels UK"},"image":{"@id":"https:\/\/www.purejewels.com\/#\/schema\/logo\/image\/"}}]}},"_links":{"self":[{"href":"https:\/\/www.purejewels.com\/de\/wp-json\/wp\/v2\/product\/427048","targetHints":{"allow":["GET"]}}],"collection":[{"href":"https:\/\/www.purejewels.com\/de\/wp-json\/wp\/v2\/product"}],"about":[{"href":"https:\/\/www.purejewels.com\/de\/wp-json\/wp\/v2\/types\/product"}],"replies":[{"embeddable":true,"href":"https:\/\/www.purejewels.com\/de\/wp-json\/wp\/v2\/comments?post=427048"}],"version-history":[{"count":1,"href":"https:\/\/www.purejewels.com\/de\/wp-json\/wp\/v2\/product\/427048\/revisions"}],"predecessor-version":[{"id":427049,"href":"https:\/\/www.purejewels.com\/de\/wp-json\/wp\/v2\/product\/427048\/revisions\/427049"}],"wp:featuredmedia":[{"embeddable":true,"href":"https:\/\/www.purejewels.com\/de\/wp-json\/wp\/v2\/media\/427050"}],"wp:attachment":[{"href":"https:\/\/www.purejewels.com\/de\/wp-json\/wp\/v2\/media?parent=427048"}],"wp:term":[{"taxonomy":"product_brand","embeddable":true,"href":"https:\/\/www.purejewels.com\/de\/wp-json\/wp\/v2\/product_brand?post=427048"},{"taxonomy":"product_cat","embeddable":true,"href":"https:\/\/www.purejewels.com\/de\/wp-json\/wp\/v2\/product_cat?post=427048"},{"taxonomy":"product_tag","embeddable":true,"href":"https:\/\/www.purejewels.com\/de\/wp-json\/wp\/v2\/product_tag?post=427048"}],"curies":[{"name":"wp","href":"https:\/\/api.w.org\/{rel}","templated":true}]}}