{"id":427286,"date":"2026-03-18T07:31:36","date_gmt":"2026-03-18T07:31:36","guid":{"rendered":"https:\/\/www.purejewels.com\/?post_type=product&#038;p=427286"},"modified":"2026-03-31T08:26:40","modified_gmt":"2026-03-31T07:26:40","slug":"22-karat-gelbgold-ghungri-twist-armreif-50923","status":"publish","type":"product","link":"https:\/\/www.purejewels.com\/de\/product\/22ct-yellow-gold-ghungri-twist-bangle-50923\/","title":{"rendered":"22ct Gelbgold Ghungri Twist Armreif"},"content":{"rendered":"<p><strong>Designkonzept<\/strong><br \/>\nInspiriert von Rhythmus, Bewegung und der Poesie des Schmucks, f\u00e4ngt der Ghungri Twist Armreif aus 22 Karat Gelbgold die Essenz der sanften Bewegung ein. Die Form des gedrehten Seils symbolisiert Kontinuit\u00e4t und Fluss - ein Echo der Lebensreise -, w\u00e4hrend die Ghungri-Tropfen eine spielerische und doch raffinierte Musikalit\u00e4t vermitteln. Jedes Element ist mit Bedacht platziert, um ein Gleichgewicht zu schaffen, so dass das Schmuckst\u00fcck sowohl traditionell als auch modern wirkt.<\/p>\n<p><strong>Handwerkliches K\u00f6nnen<\/strong><br \/>\nDieser aus hochreinem 22-kar\u00e4tigem Gold handgefertigte Armreif spiegelt das Engagement von PureJewels wider, traditionelle Techniken zu bewahren und gleichzeitig auf Pr\u00e4zision zu setzen. Die gedrehte Form wurde sorgf\u00e4ltig auf Flie\u00dff\u00e4higkeit und Festigkeit ausgelegt, um Komfort zu gew\u00e4hrleisten, ohne Kompromisse bei der Struktur einzugehen. Jeder Ghungri-Tropfer wird einzeln zusammengesetzt, was eine subtile Bewegung und einen weichen, eleganten Klang erm\u00f6glicht. Wie alle unsere Kreationen ist auch dieses St\u00fcck gepunzt, um die Echtheit und Reinheit des Goldes zu gew\u00e4hrleisten.<\/p>\n<p><strong>Styling-Ideen<\/strong><br \/>\nDieser Armreif eignet sich sowohl f\u00fcr den eleganten Alltag als auch f\u00fcr besondere Anl\u00e4sse.<\/p>\n<ul>\n<li>Tragen Sie ihn solo, um ein minimalistisches, aber ausdrucksstarkes Statement abzugeben.<\/li>\n<li>Kombinieren Sie sie mit anderen 22-kar\u00e4tigen Goldarmb\u00e4ndern f\u00fcr einen mehrschichtigen, festlichen Look.<\/li>\n<li>Kombinieren Sie es mit traditioneller Kleidung, um seinen kulturellen Reichtum zu unterstreichen, oder mit modernen Silhouetten f\u00fcr eine subtile Fusion-\u00c4sthetik.<\/li>\n<\/ul>\n<p>Es ist ein St\u00fcck, das sich mit Ihnen bewegt - ruhig und ausdrucksstark, zeitlos im Geist und zutiefst pers\u00f6nlich in seiner Pr\u00e4senz.<\/p>","protected":false},"excerpt":{"rendered":"<p>Ein raffinierter Armreif aus 22-kar\u00e4tigem Gelbgold mit zartem Twist-Design und anmutigen Ghungri-Tropfen - gefertigt, um sich sch\u00f6n mit Ihnen zu bewegen.<\/p>\n<ul>\n<li><strong>Material:<\/strong>\u00a022ct Gold (91,6% reines Gold)<\/li>\n<li><strong>Wahrzeichen:\u00a0<\/strong>Britisches G\u00fctesiegel<\/li>\n<li><strong>Bruttogewicht: <\/strong>11,60 Gramm<\/li>\n<li><b>Gr\u00f6\u00dfe: <\/b>2.8<\/li>\n<li><strong>Breite:<\/strong> 2mm<\/li>\n<li><strong>SKU: <\/strong>50923<\/li>\n<\/ul>\n<p><strong>Preis und Lieferung:\u00a0<\/strong>Inklusive Mehrwertsteuer und Lieferkosten<br \/>\n<strong><a href=\"https:\/\/www.purejewels.com\/de\/ruckgabepolitik\/\">R\u00fcckgabepolitik<\/a><\/strong><\/p>","protected":false},"featured_media":427287,"comment_status":"closed","ping_status":"closed","template":"","meta":{"_eb_attr":"","_crsspst_to_jayantr4sg-hostcom":false},"product_brand":[],"product_cat":[1791,1559,5270,1793,5701,5370,1792,1790,1233,1229,5371,1573,1574,5349],"product_tag":[1514],"class_list":{"0":"post-427286","1":"product","2":"type-product","3":"status-publish","4":"has-post-thumbnail","6":"product_cat-anniversary-gifts","7":"product_cat-birthday-gifts","8":"product_cat-daily-wear-bangles","9":"product_cat-diwali-gifts","10":"product_cat-eid-jewellery","11":"product_cat-ethnic-jewellery","12":"product_cat-festival-gifts","13":"product_cat-for-whom-when","14":"product_cat-gold-bangles","15":"product_cat-22ct-gold-jewellery","16":"product_cat-jewellery-for-hands","17":"product_cat-wedding-gifts","18":"product_cat-womens-jewellery","19":"product_cat-yellow-gold-jewellery","20":"product_tag-bangles","22":"first","23":"instock","24":"taxable","25":"shipping-taxable","26":"purchasable","27":"product-type-simple","28":"add-to-wishlist-before_image"},"yoast_head":"<!-- This site is optimized with the Yoast SEO plugin v27.3 - https:\/\/yoast.com\/product\/yoast-seo-wordpress\/ -->\n<title>hop Elegant 22ct Gold Ghungri Twist Bangle Online | PureJewels<\/title>\n<meta name=\"description\" content=\"Shop the 22ct Yellow Gold Ghungri Twist Bangle, crafted in high-purity gold with delicate ghungri drops. Discover timeless elegance and order online with PureJewels London.\" \/>\n<meta name=\"robots\" content=\"index, follow, max-snippet:-1, max-image-preview:large, max-video-preview:-1\" \/>\n<link rel=\"canonical\" href=\"https:\/\/www.purejewels.com\/de\/produkt-2\/22-karat-gelbgold-ghungri-twist-armreif-50923\/\" \/>\n<meta property=\"og:locale\" content=\"de_DE\" \/>\n<meta property=\"og:type\" content=\"article\" \/>\n<meta property=\"og:title\" content=\"hop Elegant 22ct Gold Ghungri Twist Bangle Online | PureJewels\" \/>\n<meta property=\"og:description\" content=\"Shop the 22ct Yellow Gold Ghungri Twist Bangle, crafted in high-purity gold with delicate ghungri drops. Discover timeless elegance and order online with PureJewels London.\" \/>\n<meta property=\"og:url\" content=\"https:\/\/www.purejewels.com\/de\/produkt-2\/22-karat-gelbgold-ghungri-twist-armreif-50923\/\" \/>\n<meta property=\"og:site_name\" content=\"PureJewels UK\" \/>\n<meta property=\"article:modified_time\" content=\"2026-03-31T07:26:40+00:00\" \/>\n<meta property=\"og:image\" content=\"https:\/\/static.purejewels.com\/wp-content\/uploads\/2026\/03\/50923.jpg\" \/>\n\t<meta property=\"og:image:width\" content=\"1024\" \/>\n\t<meta property=\"og:image:height\" content=\"1024\" \/>\n\t<meta property=\"og:image:type\" content=\"image\/jpeg\" \/>\n<meta name=\"twitter:card\" content=\"summary_large_image\" \/>\n<meta name=\"twitter:label1\" content=\"Gesch\u00e4tzte Lesezeit\" \/>\n\t<meta name=\"twitter:data1\" content=\"2\u00a0Minuten\" \/>\n<script type=\"application\/ld+json\" class=\"yoast-schema-graph\">{\"@context\":\"https:\\\/\\\/schema.org\",\"@graph\":[{\"@type\":[\"WebPage\",\"ItemPage\"],\"@id\":\"https:\\\/\\\/www.purejewels.com\\\/product\\\/22ct-yellow-gold-ghungri-twist-bangle-50923\\\/\",\"url\":\"https:\\\/\\\/www.purejewels.com\\\/product\\\/22ct-yellow-gold-ghungri-twist-bangle-50923\\\/\",\"name\":\"hop Elegant 22ct Gold Ghungri Twist Bangle Online | PureJewels\",\"isPartOf\":{\"@id\":\"https:\\\/\\\/www.purejewels.com\\\/#website\"},\"primaryImageOfPage\":{\"@id\":\"https:\\\/\\\/www.purejewels.com\\\/product\\\/22ct-yellow-gold-ghungri-twist-bangle-50923\\\/#primaryimage\"},\"image\":{\"@id\":\"https:\\\/\\\/www.purejewels.com\\\/product\\\/22ct-yellow-gold-ghungri-twist-bangle-50923\\\/#primaryimage\"},\"thumbnailUrl\":\"https:\\\/\\\/static.purejewels.com\\\/wp-content\\\/uploads\\\/2026\\\/03\\\/50923.jpg\",\"datePublished\":\"2026-03-18T07:31:36+00:00\",\"dateModified\":\"2026-03-31T07:26:40+00:00\",\"description\":\"Shop the 22ct Yellow Gold Ghungri Twist Bangle, crafted in high-purity gold with delicate ghungri drops. Discover timeless elegance and order online with PureJewels London.\",\"breadcrumb\":{\"@id\":\"https:\\\/\\\/www.purejewels.com\\\/product\\\/22ct-yellow-gold-ghungri-twist-bangle-50923\\\/#breadcrumb\"},\"inLanguage\":\"de\",\"potentialAction\":[{\"@type\":\"ReadAction\",\"target\":[\"https:\\\/\\\/www.purejewels.com\\\/product\\\/22ct-yellow-gold-ghungri-twist-bangle-50923\\\/\"]}]},{\"@type\":\"ImageObject\",\"inLanguage\":\"de\",\"@id\":\"https:\\\/\\\/www.purejewels.com\\\/product\\\/22ct-yellow-gold-ghungri-twist-bangle-50923\\\/#primaryimage\",\"url\":\"https:\\\/\\\/static.purejewels.com\\\/wp-content\\\/uploads\\\/2026\\\/03\\\/50923.jpg\",\"contentUrl\":\"https:\\\/\\\/static.purejewels.com\\\/wp-content\\\/uploads\\\/2026\\\/03\\\/50923.jpg\",\"width\":1024,\"height\":1024,\"caption\":\"22ct Yellow Gold Ghungri Twist Bangle\"},{\"@type\":\"BreadcrumbList\",\"@id\":\"https:\\\/\\\/www.purejewels.com\\\/product\\\/22ct-yellow-gold-ghungri-twist-bangle-50923\\\/#breadcrumb\",\"itemListElement\":[{\"@type\":\"ListItem\",\"position\":1,\"name\":\"Home\",\"item\":\"https:\\\/\\\/www.purejewels.com\\\/\"},{\"@type\":\"ListItem\",\"position\":2,\"name\":\"Shop\",\"item\":\"https:\\\/\\\/www.purejewels.com\\\/shop\\\/\"},{\"@type\":\"ListItem\",\"position\":3,\"name\":\"22ct Yellow Gold Ghungri Twist Bangle\"}]},{\"@type\":\"WebSite\",\"@id\":\"https:\\\/\\\/www.purejewels.com\\\/#website\",\"url\":\"https:\\\/\\\/www.purejewels.com\\\/\",\"name\":\"PureJewels UK\",\"description\":\"Share the Love\",\"publisher\":{\"@id\":\"https:\\\/\\\/www.purejewels.com\\\/#organization\"},\"potentialAction\":[{\"@type\":\"SearchAction\",\"target\":{\"@type\":\"EntryPoint\",\"urlTemplate\":\"https:\\\/\\\/www.purejewels.com\\\/?s={search_term_string}\"},\"query-input\":{\"@type\":\"PropertyValueSpecification\",\"valueRequired\":true,\"valueName\":\"search_term_string\"}}],\"inLanguage\":\"de\"},{\"@type\":\"Organization\",\"@id\":\"https:\\\/\\\/www.purejewels.com\\\/#organization\",\"name\":\"PureJewels UK\",\"url\":\"https:\\\/\\\/www.purejewels.com\\\/\",\"logo\":{\"@type\":\"ImageObject\",\"inLanguage\":\"de\",\"@id\":\"https:\\\/\\\/www.purejewels.com\\\/#\\\/schema\\\/logo\\\/image\\\/\",\"url\":\"https:\\\/\\\/static.purejewels.com\\\/wp-content\\\/uploads\\\/2020\\\/11\\\/Logo-PJ-New-1.png\",\"contentUrl\":\"https:\\\/\\\/static.purejewels.com\\\/wp-content\\\/uploads\\\/2020\\\/11\\\/Logo-PJ-New-1.png\",\"width\":150,\"height\":80,\"caption\":\"PureJewels UK\"},\"image\":{\"@id\":\"https:\\\/\\\/www.purejewels.com\\\/#\\\/schema\\\/logo\\\/image\\\/\"}}]}<\/script>\n<!-- \/ Yoast SEO plugin. -->","yoast_head_json":{"title":"Hop Elegant 22ct Gold Ghungri Twist Armreif Online | PureJewels","description":"Shoppen Sie den 22 Karat Gelbgold Ghungri Twist Armreif, gefertigt aus hochreinem Gold mit zarten Ghungri Tropfen. Entdecken Sie zeitlose Eleganz und bestellen Sie online bei PureJewels London.","robots":{"index":"index","follow":"follow","max-snippet":"max-snippet:-1","max-image-preview":"max-image-preview:large","max-video-preview":"max-video-preview:-1"},"canonical":"https:\/\/www.purejewels.com\/de\/produkt-2\/22-karat-gelbgold-ghungri-twist-armreif-50923\/","og_locale":"de_DE","og_type":"article","og_title":"hop Elegant 22ct Gold Ghungri Twist Bangle Online | PureJewels","og_description":"Shop the 22ct Yellow Gold Ghungri Twist Bangle, crafted in high-purity gold with delicate ghungri drops. Discover timeless elegance and order online with PureJewels London.","og_url":"https:\/\/www.purejewels.com\/de\/produkt-2\/22-karat-gelbgold-ghungri-twist-armreif-50923\/","og_site_name":"PureJewels UK","article_modified_time":"2026-03-31T07:26:40+00:00","og_image":[{"width":1024,"height":1024,"url":"https:\/\/static.purejewels.com\/wp-content\/uploads\/2026\/03\/50923.jpg","type":"image\/jpeg"}],"twitter_card":"summary_large_image","twitter_misc":{"Gesch\u00e4tzte Lesezeit":"2\u00a0Minuten"},"schema":{"@context":"https:\/\/schema.org","@graph":[{"@type":["WebPage","ItemPage"],"@id":"https:\/\/www.purejewels.com\/product\/22ct-yellow-gold-ghungri-twist-bangle-50923\/","url":"https:\/\/www.purejewels.com\/product\/22ct-yellow-gold-ghungri-twist-bangle-50923\/","name":"Hop Elegant 22ct Gold Ghungri Twist Armreif Online | PureJewels","isPartOf":{"@id":"https:\/\/www.purejewels.com\/#website"},"primaryImageOfPage":{"@id":"https:\/\/www.purejewels.com\/product\/22ct-yellow-gold-ghungri-twist-bangle-50923\/#primaryimage"},"image":{"@id":"https:\/\/www.purejewels.com\/product\/22ct-yellow-gold-ghungri-twist-bangle-50923\/#primaryimage"},"thumbnailUrl":"https:\/\/static.purejewels.com\/wp-content\/uploads\/2026\/03\/50923.jpg","datePublished":"2026-03-18T07:31:36+00:00","dateModified":"2026-03-31T07:26:40+00:00","description":"Shoppen Sie den 22 Karat Gelbgold Ghungri Twist Armreif, gefertigt aus hochreinem Gold mit zarten Ghungri Tropfen. Entdecken Sie zeitlose Eleganz und bestellen Sie online bei PureJewels London.","breadcrumb":{"@id":"https:\/\/www.purejewels.com\/product\/22ct-yellow-gold-ghungri-twist-bangle-50923\/#breadcrumb"},"inLanguage":"de","potentialAction":[{"@type":"ReadAction","target":["https:\/\/www.purejewels.com\/product\/22ct-yellow-gold-ghungri-twist-bangle-50923\/"]}]},{"@type":"ImageObject","inLanguage":"de","@id":"https:\/\/www.purejewels.com\/product\/22ct-yellow-gold-ghungri-twist-bangle-50923\/#primaryimage","url":"https:\/\/static.purejewels.com\/wp-content\/uploads\/2026\/03\/50923.jpg","contentUrl":"https:\/\/static.purejewels.com\/wp-content\/uploads\/2026\/03\/50923.jpg","width":1024,"height":1024,"caption":"22ct Yellow Gold Ghungri Twist Bangle"},{"@type":"BreadcrumbList","@id":"https:\/\/www.purejewels.com\/product\/22ct-yellow-gold-ghungri-twist-bangle-50923\/#breadcrumb","itemListElement":[{"@type":"ListItem","position":1,"name":"Home","item":"https:\/\/www.purejewels.com\/"},{"@type":"ListItem","position":2,"name":"Shop","item":"https:\/\/www.purejewels.com\/shop\/"},{"@type":"ListItem","position":3,"name":"22ct Yellow Gold Ghungri Twist Bangle"}]},{"@type":"WebSite","@id":"https:\/\/www.purejewels.com\/#website","url":"https:\/\/www.purejewels.com\/","name":"PureJewels UK","description":"Teile die Liebe","publisher":{"@id":"https:\/\/www.purejewels.com\/#organization"},"potentialAction":[{"@type":"SearchAction","target":{"@type":"EntryPoint","urlTemplate":"https:\/\/www.purejewels.com\/?s={search_term_string}"},"query-input":{"@type":"PropertyValueSpecification","valueRequired":true,"valueName":"search_term_string"}}],"inLanguage":"de"},{"@type":"Organization","@id":"https:\/\/www.purejewels.com\/#organization","name":"PureJewels UK","url":"https:\/\/www.purejewels.com\/","logo":{"@type":"ImageObject","inLanguage":"de","@id":"https:\/\/www.purejewels.com\/#\/schema\/logo\/image\/","url":"https:\/\/static.purejewels.com\/wp-content\/uploads\/2020\/11\/Logo-PJ-New-1.png","contentUrl":"https:\/\/static.purejewels.com\/wp-content\/uploads\/2020\/11\/Logo-PJ-New-1.png","width":150,"height":80,"caption":"PureJewels UK"},"image":{"@id":"https:\/\/www.purejewels.com\/#\/schema\/logo\/image\/"}}]}},"_links":{"self":[{"href":"https:\/\/www.purejewels.com\/de\/wp-json\/wp\/v2\/product\/427286","targetHints":{"allow":["GET"]}}],"collection":[{"href":"https:\/\/www.purejewels.com\/de\/wp-json\/wp\/v2\/product"}],"about":[{"href":"https:\/\/www.purejewels.com\/de\/wp-json\/wp\/v2\/types\/product"}],"replies":[{"embeddable":true,"href":"https:\/\/www.purejewels.com\/de\/wp-json\/wp\/v2\/comments?post=427286"}],"version-history":[{"count":2,"href":"https:\/\/www.purejewels.com\/de\/wp-json\/wp\/v2\/product\/427286\/revisions"}],"predecessor-version":[{"id":427557,"href":"https:\/\/www.purejewels.com\/de\/wp-json\/wp\/v2\/product\/427286\/revisions\/427557"}],"wp:featuredmedia":[{"embeddable":true,"href":"https:\/\/www.purejewels.com\/de\/wp-json\/wp\/v2\/media\/427287"}],"wp:attachment":[{"href":"https:\/\/www.purejewels.com\/de\/wp-json\/wp\/v2\/media?parent=427286"}],"wp:term":[{"taxonomy":"product_brand","embeddable":true,"href":"https:\/\/www.purejewels.com\/de\/wp-json\/wp\/v2\/product_brand?post=427286"},{"taxonomy":"product_cat","embeddable":true,"href":"https:\/\/www.purejewels.com\/de\/wp-json\/wp\/v2\/product_cat?post=427286"},{"taxonomy":"product_tag","embeddable":true,"href":"https:\/\/www.purejewels.com\/de\/wp-json\/wp\/v2\/product_tag?post=427286"}],"curies":[{"name":"wp","href":"https:\/\/api.w.org\/{rel}","templated":true}]}}