{"id":427350,"date":"2026-01-19T05:55:41","date_gmt":"2026-01-19T05:55:41","guid":{"rendered":"https:\/\/www.purejewels.com\/?post_type=product&#038;p=427350"},"modified":"2026-03-19T06:19:42","modified_gmt":"2026-03-19T06:19:42","slug":"18ct-gold-quadratische-mitte-diamant-halo-anhanger-49783","status":"publish","type":"product","link":"https:\/\/www.purejewels.com\/de\/product\/18ct-gold-square-centre-diamond-halo-pendant-49783\/","title":{"rendered":"Diamant-Halo-Anh\u00e4nger mit quadratischem Zentrum aus 18 Karat Gold"},"content":{"rendered":"<p><strong>Designkonzept<\/strong><br \/>\nDer quadratische Diamant-Halo-Anh\u00e4nger aus 18 Karat Gold ist ein moderner Ausdruck zeitloser Eleganz. Ein pr\u00e4zise geschliffener quadratischer Diamant steht im Mittelpunkt des Designs und wird von einem Halo aus runden Brillanten umgeben, die sein Funkeln verst\u00e4rken. Der sanft gerundete Halo kontrastiert mit dem geometrischen Zentrum und schafft eine raffinierte und ausgewogene Silhouette, die sowohl modern als auch klassisch wirkt.<\/p>\n<p><strong>Handwerkliches K\u00f6nnen<\/strong><br \/>\nDieser aus 18-kar\u00e4tigem Gold gefertigte Anh\u00e4nger besticht durch seine harmonische zweifarbige \u00c4sthetik: Die Diamantfassung wirkt hell und leuchtend und erm\u00f6glicht eine maximale Lichtreflexion, w\u00e4hrend die Basis aus Gelbgold f\u00fcr W\u00e4rme und Struktur sorgt. Jeder Stein ist sorgf\u00e4ltig gefasst, um eine nahtlose Oberfl\u00e4che zu schaffen, die das sichtbare Metall minimiert und die Brillanz verst\u00e4rkt. Die feine Kette erg\u00e4nzt den Anh\u00e4nger und sorgt f\u00fcr flie\u00dfende Bewegung und Komfort.<\/p>\n<p><strong>Styling-Ideen<\/strong><\/p>\n<ul>\n<li>Perfekt f\u00fcr allt\u00e4gliche Eleganz, allein getragen f\u00fcr ein subtiles Statement<\/li>\n<li>Kombiniert mit passenden Ohrringen f\u00fcr einen koordinierten, raffinierten Look<\/li>\n<li>Lagenweise mit feinen Goldketten f\u00fcr eine moderne, gestylte \u00c4sthetik<\/li>\n<li>Ideal zum Verschenken, um bedeutende Momente mit zeitlosem Design zu markieren<\/li>\n<\/ul>","protected":false},"excerpt":{"rendered":"<table class=\"sh_desc\">\n<tbody>\n<tr>\n<td>Typ des Anh\u00e4ngers<\/td>\n<td>Fancy Anh\u00e4nger<\/td>\n<\/tr>\n<tr>\n<td>SKU<\/td>\n<td>49783<\/td>\n<\/tr>\n<tr>\n<td>Bruttogewicht.<\/td>\n<td>0,80 Gramm<\/td>\n<\/tr>\n<tr>\n<td>Diamant Wt.<\/td>\n<td>0,33ct<\/td>\n<\/tr>\n<tr>\n<td>Wahrzeichen<\/td>\n<td>18ct Gold gestempelt von London Assay Office<\/td>\n<\/tr>\n<tr>\n<td>Entgelte<\/td>\n<td>Lieferung und Mehrwertsteuer inbegriffen<\/td>\n<\/tr>\n<tr>\n<td>Verpackung<\/td>\n<td>Mit Pr\u00e4sentationsbox<\/td>\n<\/tr>\n<tr>\n<td>Mehr Informationen<\/td>\n<td>\n<ul>\n<li>Kette ist nicht enthalten<\/li>\n<li>Erkunden Sie unser<strong>\u00a0Kette<\/strong>\u00a0Sammlung<\/li>\n<li>Live-Chat mit uns f\u00fcr Verf\u00fcgbarkeit und mehr Bilder<\/li>\n<\/ul>\n<\/td>\n<\/tr>\n<\/tbody>\n<\/table>","protected":false},"featured_media":383967,"comment_status":"closed","ping_status":"closed","template":"","meta":{"_eb_attr":"","_crsspst_to_jayantr4sg-hostcom":false},"product_brand":[],"product_cat":[5679,5951,1791,1559,1794,5457,5459,1770,1570,1573,1574,5349],"product_tag":[5612],"class_list":{"0":"post-427350","1":"product","2":"type-product","3":"status-publish","4":"has-post-thumbnail","6":"product_cat-18ct-gold-jewellery","7":"product_cat-18ct-gold-pendant","8":"product_cat-anniversary-gifts","9":"product_cat-birthday-gifts","10":"product_cat-christmas-gifts","11":"product_cat-diamond-jewellery","12":"product_cat-diamond-pendant","13":"product_cat-fancy-pendants","14":"product_cat-mothers-day-gifts","15":"product_cat-wedding-gifts","16":"product_cat-womens-jewellery","17":"product_cat-yellow-gold-jewellery","18":"product_tag-diamond-pendant","20":"first","21":"instock","22":"taxable","23":"shipping-taxable","24":"purchasable","25":"product-type-simple","26":"add-to-wishlist-before_image"},"yoast_head":"<!-- This site is optimized with the Yoast SEO plugin v27.5 - https:\/\/yoast.com\/product\/yoast-seo-wordpress\/ -->\n<title>Shop Square Diamond Halo Pendant in 18ct Gold | PureJewels<\/title>\n<meta name=\"description\" content=\"Discover the 18ct Gold Square Centre Diamond Halo Pendant, designed to maximise brilliance with a refined halo setting. Shop now for timeless elegance and everyday luxury.\" \/>\n<meta name=\"robots\" content=\"index, follow, max-snippet:-1, max-image-preview:large, max-video-preview:-1\" \/>\n<link rel=\"canonical\" href=\"https:\/\/www.purejewels.com\/de\/produkt-2\/18ct-gold-quadratische-mitte-diamant-halo-anhanger-49783\/\" \/>\n<meta property=\"og:locale\" content=\"de_DE\" \/>\n<meta property=\"og:type\" content=\"article\" \/>\n<meta property=\"og:title\" content=\"Shop Square Diamond Halo Pendant in 18ct Gold | PureJewels\" \/>\n<meta property=\"og:description\" content=\"Discover the 18ct Gold Square Centre Diamond Halo Pendant, designed to maximise brilliance with a refined halo setting. Shop now for timeless elegance and everyday luxury.\" \/>\n<meta property=\"og:url\" content=\"https:\/\/www.purejewels.com\/de\/produkt-2\/18ct-gold-quadratische-mitte-diamant-halo-anhanger-49783\/\" \/>\n<meta property=\"og:site_name\" content=\"PureJewels UK\" \/>\n<meta property=\"article:modified_time\" content=\"2026-03-19T06:19:42+00:00\" \/>\n<meta property=\"og:image\" content=\"https:\/\/static.purejewels.com\/wp-content\/uploads\/2021\/10\/49779.png\" \/>\n\t<meta property=\"og:image:width\" content=\"1000\" \/>\n\t<meta property=\"og:image:height\" content=\"1000\" \/>\n\t<meta property=\"og:image:type\" content=\"image\/png\" \/>\n<meta name=\"twitter:card\" content=\"summary_large_image\" \/>\n<meta name=\"twitter:label1\" content=\"Gesch\u00e4tzte Lesezeit\" \/>\n\t<meta name=\"twitter:data1\" content=\"1\u00a0Minute\" \/>\n<script type=\"application\/ld+json\" class=\"yoast-schema-graph\">{\"@context\":\"https:\\\/\\\/schema.org\",\"@graph\":[{\"@type\":[\"WebPage\",\"ItemPage\"],\"@id\":\"https:\\\/\\\/www.purejewels.com\\\/product\\\/18ct-gold-square-centre-diamond-halo-pendant-49783\\\/\",\"url\":\"https:\\\/\\\/www.purejewels.com\\\/product\\\/18ct-gold-square-centre-diamond-halo-pendant-49783\\\/\",\"name\":\"Shop Square Diamond Halo Pendant in 18ct Gold | PureJewels\",\"isPartOf\":{\"@id\":\"https:\\\/\\\/www.purejewels.com\\\/#website\"},\"primaryImageOfPage\":{\"@id\":\"https:\\\/\\\/www.purejewels.com\\\/product\\\/18ct-gold-square-centre-diamond-halo-pendant-49783\\\/#primaryimage\"},\"image\":{\"@id\":\"https:\\\/\\\/www.purejewels.com\\\/product\\\/18ct-gold-square-centre-diamond-halo-pendant-49783\\\/#primaryimage\"},\"thumbnailUrl\":\"https:\\\/\\\/static.purejewels.com\\\/wp-content\\\/uploads\\\/2021\\\/10\\\/49779.png\",\"datePublished\":\"2026-01-19T05:55:41+00:00\",\"dateModified\":\"2026-03-19T06:19:42+00:00\",\"description\":\"Discover the 18ct Gold Square Centre Diamond Halo Pendant, designed to maximise brilliance with a refined halo setting. Shop now for timeless elegance and everyday luxury.\",\"breadcrumb\":{\"@id\":\"https:\\\/\\\/www.purejewels.com\\\/product\\\/18ct-gold-square-centre-diamond-halo-pendant-49783\\\/#breadcrumb\"},\"inLanguage\":\"de\",\"potentialAction\":[{\"@type\":\"ReadAction\",\"target\":[\"https:\\\/\\\/www.purejewels.com\\\/product\\\/18ct-gold-square-centre-diamond-halo-pendant-49783\\\/\"]}]},{\"@type\":\"ImageObject\",\"inLanguage\":\"de\",\"@id\":\"https:\\\/\\\/www.purejewels.com\\\/product\\\/18ct-gold-square-centre-diamond-halo-pendant-49783\\\/#primaryimage\",\"url\":\"https:\\\/\\\/static.purejewels.com\\\/wp-content\\\/uploads\\\/2021\\\/10\\\/49779.png\",\"contentUrl\":\"https:\\\/\\\/static.purejewels.com\\\/wp-content\\\/uploads\\\/2021\\\/10\\\/49779.png\",\"width\":1000,\"height\":1000,\"caption\":\"18 Carat Gold Pendant\"},{\"@type\":\"BreadcrumbList\",\"@id\":\"https:\\\/\\\/www.purejewels.com\\\/product\\\/18ct-gold-square-centre-diamond-halo-pendant-49783\\\/#breadcrumb\",\"itemListElement\":[{\"@type\":\"ListItem\",\"position\":1,\"name\":\"Home\",\"item\":\"https:\\\/\\\/www.purejewels.com\\\/\"},{\"@type\":\"ListItem\",\"position\":2,\"name\":\"Shop\",\"item\":\"https:\\\/\\\/www.purejewels.com\\\/shop\\\/\"},{\"@type\":\"ListItem\",\"position\":3,\"name\":\"18ct Gold Square Centre Diamond Halo Pendant\"}]},{\"@type\":\"WebSite\",\"@id\":\"https:\\\/\\\/www.purejewels.com\\\/#website\",\"url\":\"https:\\\/\\\/www.purejewels.com\\\/\",\"name\":\"PureJewels UK\",\"description\":\"Share the Love\",\"publisher\":{\"@id\":\"https:\\\/\\\/www.purejewels.com\\\/#organization\"},\"potentialAction\":[{\"@type\":\"SearchAction\",\"target\":{\"@type\":\"EntryPoint\",\"urlTemplate\":\"https:\\\/\\\/www.purejewels.com\\\/?s={search_term_string}\"},\"query-input\":{\"@type\":\"PropertyValueSpecification\",\"valueRequired\":true,\"valueName\":\"search_term_string\"}}],\"inLanguage\":\"de\"},{\"@type\":\"Organization\",\"@id\":\"https:\\\/\\\/www.purejewels.com\\\/#organization\",\"name\":\"PureJewels UK\",\"url\":\"https:\\\/\\\/www.purejewels.com\\\/\",\"logo\":{\"@type\":\"ImageObject\",\"inLanguage\":\"de\",\"@id\":\"https:\\\/\\\/www.purejewels.com\\\/#\\\/schema\\\/logo\\\/image\\\/\",\"url\":\"https:\\\/\\\/static.purejewels.com\\\/wp-content\\\/uploads\\\/2020\\\/11\\\/Logo-PJ-New-1.png\",\"contentUrl\":\"https:\\\/\\\/static.purejewels.com\\\/wp-content\\\/uploads\\\/2020\\\/11\\\/Logo-PJ-New-1.png\",\"width\":150,\"height\":80,\"caption\":\"PureJewels UK\"},\"image\":{\"@id\":\"https:\\\/\\\/www.purejewels.com\\\/#\\\/schema\\\/logo\\\/image\\\/\"}}]}<\/script>\n<!-- \/ Yoast SEO plugin. -->","yoast_head_json":{"title":"Shop Quadratischer Diamant Halo Anh\u00e4nger in 18ct Gold | PureJewels","description":"Entdecken Sie den quadratischen Diamant-Halo-Anh\u00e4nger aus 18 Karat Gold, der mit einer raffinierten Halo-Fassung f\u00fcr maximalen Glanz sorgt. Kaufen Sie jetzt f\u00fcr zeitlose Eleganz und allt\u00e4glichen Luxus.","robots":{"index":"index","follow":"follow","max-snippet":"max-snippet:-1","max-image-preview":"max-image-preview:large","max-video-preview":"max-video-preview:-1"},"canonical":"https:\/\/www.purejewels.com\/de\/produkt-2\/18ct-gold-quadratische-mitte-diamant-halo-anhanger-49783\/","og_locale":"de_DE","og_type":"article","og_title":"Shop Square Diamond Halo Pendant in 18ct Gold | PureJewels","og_description":"Discover the 18ct Gold Square Centre Diamond Halo Pendant, designed to maximise brilliance with a refined halo setting. Shop now for timeless elegance and everyday luxury.","og_url":"https:\/\/www.purejewels.com\/de\/produkt-2\/18ct-gold-quadratische-mitte-diamant-halo-anhanger-49783\/","og_site_name":"PureJewels UK","article_modified_time":"2026-03-19T06:19:42+00:00","og_image":[{"width":1000,"height":1000,"url":"https:\/\/static.purejewels.com\/wp-content\/uploads\/2021\/10\/49779.png","type":"image\/png"}],"twitter_card":"summary_large_image","twitter_misc":{"Gesch\u00e4tzte Lesezeit":"1\u00a0Minute"},"schema":{"@context":"https:\/\/schema.org","@graph":[{"@type":["WebPage","ItemPage"],"@id":"https:\/\/www.purejewels.com\/product\/18ct-gold-square-centre-diamond-halo-pendant-49783\/","url":"https:\/\/www.purejewels.com\/product\/18ct-gold-square-centre-diamond-halo-pendant-49783\/","name":"Shop Quadratischer Diamant Halo Anh\u00e4nger in 18ct Gold | PureJewels","isPartOf":{"@id":"https:\/\/www.purejewels.com\/#website"},"primaryImageOfPage":{"@id":"https:\/\/www.purejewels.com\/product\/18ct-gold-square-centre-diamond-halo-pendant-49783\/#primaryimage"},"image":{"@id":"https:\/\/www.purejewels.com\/product\/18ct-gold-square-centre-diamond-halo-pendant-49783\/#primaryimage"},"thumbnailUrl":"https:\/\/static.purejewels.com\/wp-content\/uploads\/2021\/10\/49779.png","datePublished":"2026-01-19T05:55:41+00:00","dateModified":"2026-03-19T06:19:42+00:00","description":"Entdecken Sie den quadratischen Diamant-Halo-Anh\u00e4nger aus 18 Karat Gold, der mit einer raffinierten Halo-Fassung f\u00fcr maximalen Glanz sorgt. Kaufen Sie jetzt f\u00fcr zeitlose Eleganz und allt\u00e4glichen Luxus.","breadcrumb":{"@id":"https:\/\/www.purejewels.com\/product\/18ct-gold-square-centre-diamond-halo-pendant-49783\/#breadcrumb"},"inLanguage":"de","potentialAction":[{"@type":"ReadAction","target":["https:\/\/www.purejewels.com\/product\/18ct-gold-square-centre-diamond-halo-pendant-49783\/"]}]},{"@type":"ImageObject","inLanguage":"de","@id":"https:\/\/www.purejewels.com\/product\/18ct-gold-square-centre-diamond-halo-pendant-49783\/#primaryimage","url":"https:\/\/static.purejewels.com\/wp-content\/uploads\/2021\/10\/49779.png","contentUrl":"https:\/\/static.purejewels.com\/wp-content\/uploads\/2021\/10\/49779.png","width":1000,"height":1000,"caption":"18 Carat Gold Pendant"},{"@type":"BreadcrumbList","@id":"https:\/\/www.purejewels.com\/product\/18ct-gold-square-centre-diamond-halo-pendant-49783\/#breadcrumb","itemListElement":[{"@type":"ListItem","position":1,"name":"Home","item":"https:\/\/www.purejewels.com\/"},{"@type":"ListItem","position":2,"name":"Shop","item":"https:\/\/www.purejewels.com\/shop\/"},{"@type":"ListItem","position":3,"name":"18ct Gold Square Centre Diamond Halo Pendant"}]},{"@type":"WebSite","@id":"https:\/\/www.purejewels.com\/#website","url":"https:\/\/www.purejewels.com\/","name":"PureJewels UK","description":"Teile die Liebe","publisher":{"@id":"https:\/\/www.purejewels.com\/#organization"},"potentialAction":[{"@type":"SearchAction","target":{"@type":"EntryPoint","urlTemplate":"https:\/\/www.purejewels.com\/?s={search_term_string}"},"query-input":{"@type":"PropertyValueSpecification","valueRequired":true,"valueName":"search_term_string"}}],"inLanguage":"de"},{"@type":"Organization","@id":"https:\/\/www.purejewels.com\/#organization","name":"PureJewels UK","url":"https:\/\/www.purejewels.com\/","logo":{"@type":"ImageObject","inLanguage":"de","@id":"https:\/\/www.purejewels.com\/#\/schema\/logo\/image\/","url":"https:\/\/static.purejewels.com\/wp-content\/uploads\/2020\/11\/Logo-PJ-New-1.png","contentUrl":"https:\/\/static.purejewels.com\/wp-content\/uploads\/2020\/11\/Logo-PJ-New-1.png","width":150,"height":80,"caption":"PureJewels UK"},"image":{"@id":"https:\/\/www.purejewels.com\/#\/schema\/logo\/image\/"}}]}},"_links":{"self":[{"href":"https:\/\/www.purejewels.com\/de\/wp-json\/wp\/v2\/product\/427350","targetHints":{"allow":["GET"]}}],"collection":[{"href":"https:\/\/www.purejewels.com\/de\/wp-json\/wp\/v2\/product"}],"about":[{"href":"https:\/\/www.purejewels.com\/de\/wp-json\/wp\/v2\/types\/product"}],"replies":[{"embeddable":true,"href":"https:\/\/www.purejewels.com\/de\/wp-json\/wp\/v2\/comments?post=427350"}],"version-history":[{"count":1,"href":"https:\/\/www.purejewels.com\/de\/wp-json\/wp\/v2\/product\/427350\/revisions"}],"predecessor-version":[{"id":427351,"href":"https:\/\/www.purejewels.com\/de\/wp-json\/wp\/v2\/product\/427350\/revisions\/427351"}],"wp:featuredmedia":[{"embeddable":true,"href":"https:\/\/www.purejewels.com\/de\/wp-json\/wp\/v2\/media\/383967"}],"wp:attachment":[{"href":"https:\/\/www.purejewels.com\/de\/wp-json\/wp\/v2\/media?parent=427350"}],"wp:term":[{"taxonomy":"product_brand","embeddable":true,"href":"https:\/\/www.purejewels.com\/de\/wp-json\/wp\/v2\/product_brand?post=427350"},{"taxonomy":"product_cat","embeddable":true,"href":"https:\/\/www.purejewels.com\/de\/wp-json\/wp\/v2\/product_cat?post=427350"},{"taxonomy":"product_tag","embeddable":true,"href":"https:\/\/www.purejewels.com\/de\/wp-json\/wp\/v2\/product_tag?post=427350"}],"curies":[{"name":"wp","href":"https:\/\/api.w.org\/{rel}","templated":true}]}}