{"id":427502,"date":"2026-01-24T05:36:31","date_gmt":"2026-01-24T05:36:31","guid":{"rendered":"https:\/\/www.purejewels.com\/?post_type=product&#038;p=427502"},"modified":"2026-04-24T14:16:14","modified_gmt":"2026-04-24T13:16:14","slug":"22-karat-gold-tulsi-perlen-mala-54043","status":"publish","type":"product","link":"https:\/\/www.purejewels.com\/de\/product\/22ct-gold-tulsi-beaded-mala-54043\/","title":{"rendered":"22ct Gold Tulsi Perlen Mala"},"content":{"rendered":"<p><strong>Designkonzept<\/strong><\/p>\n<p>Das Tulsi-Perlendesign ist in der Tradition und symbolischen Sch\u00f6nheit verwurzelt und vermittelt ein Gef\u00fchl von Rhythmus und Gleichgewicht, inspiriert von heiligen Formen und zeitlosem indischem Schmuckerbe. Jede Perle ist sorgf\u00e4ltig angeordnet, um einen harmonischen Fluss zu schaffen, w\u00e4hrend der subtile Kontrast der Texturen Tiefe und Charakter verleiht. Diese Mala spiegelt eine ruhige Eleganz wider - eine, die die kulturellen Wurzeln ehrt und gleichzeitig m\u00fchelos in einem modernen Kontext tragbar ist.<\/p>\n<p><strong>Handwerkliches K\u00f6nnen<\/strong><\/p>\n<p>Jede einzelne Perle aus reichhaltigem 22-kar\u00e4tigem Gold wird mit Pr\u00e4zision geformt und zusammengesetzt, um eine einheitliche und flie\u00dfende Struktur zu erhalten. Das delikate Zusammenspiel zwischen polierten Goldgliedern und strukturierten Tulsi-Perlen zeigt das K\u00f6nnen erfahrener Kunsthandwerker und gew\u00e4hrleistet sowohl optische Raffinesse als auch dauerhafte Haltbarkeit. Das vom London Assay Office gepunzte St\u00fcck garantiert Authentizit\u00e4t und Reinheit und spiegelt das Engagement von PureJewels f\u00fcr hervorragende Qualit\u00e4t wider. .<\/p>\n<p><strong>Styling-Ideen<\/strong><\/p>\n<p>Diese Tulsi Mala ist wunderbar vielseitig - tragen Sie sie als Einzelst\u00fcck f\u00fcr einen raffinierten Alltagslook oder kombinieren Sie sie mit anderen Goldketten, um einen ausdrucksstarken, kuratierten Stil zu kreieren. Sie l\u00e4sst sich m\u00fchelos sowohl mit traditioneller Kleidung als auch mit modernen Outfits kombinieren und ist damit die ideale Wahl f\u00fcr den eleganten Alltag und besondere Anl\u00e4sse. Durch ihr ausgewogenes Design sitzt sie anmutig am Dekollet\u00e9 und verleiht jedem Ensemble W\u00e4rme und Raffinesse.<\/p>","protected":false},"excerpt":{"rendered":"<p>Tulsi Mala-Halskette aus 22 Karat Gold mit heiligen Tulsi-Perlen und aufw\u00e4ndigen Golddetails. Goldschmuck mit Punzierung in Gro\u00dfbritannien, wo Erbe auf Anmut trifft, um im Alltag getragen und verschenkt zu werden.<\/p>\n<p><strong>SKU:<\/strong> 54043<br \/>\n<strong>Bruttogewicht:<\/strong> 15,10 g<br \/>\n<strong>L\u00e4nge:<\/strong> 24 Zoll<br \/>\n<strong>Wahrzeichen:<\/strong> UK Assay-gepunzt<br \/>\n<strong>Metall:<\/strong> 22ct Gold<br \/>\n<strong>Preis und Lieferung:<\/strong> Inklusive Mehrwertsteuer und Lieferkosten<br \/>\n<a href=\"https:\/\/www.purejewels.com\/de\/ruckgabepolitik\/\"><strong>R\u00fcckgabepolitik<\/strong><\/a><\/p>","protected":false},"featured_media":427893,"comment_status":"closed","ping_status":"closed","template":"","meta":{"_eb_attr":"","_crsspst_to_jayantr4sg-hostcom":false},"product_brand":[],"product_cat":[1617,1475,1229,1253,1779,1570,1574,5349],"product_tag":[],"class_list":{"0":"post-427502","1":"product","2":"type-product","3":"status-publish","4":"has-post-thumbnail","6":"product_cat-fancy-mala-chains","7":"product_cat-gold-chains","8":"product_cat-22ct-gold-jewellery","9":"product_cat-gold-necklaces","10":"product_cat-mala-style-necklaces","11":"product_cat-mothers-day-gifts","12":"product_cat-womens-jewellery","13":"product_cat-yellow-gold-jewellery","15":"first","16":"instock","17":"taxable","18":"shipping-taxable","19":"purchasable","20":"product-type-simple","21":"add-to-wishlist-before_image"},"yoast_head":"<!-- This site is optimized with the Yoast SEO plugin v27.6 - https:\/\/yoast.com\/product\/yoast-seo-wordpress\/ -->\n<title>22ct Gold Tulsi Beaded Mala Necklace | Pure Gold Chain UK<\/title>\n<meta name=\"description\" content=\"Elegant 22ct gold Tulsi beaded mala necklace crafted with traditional detailing. A timeless gold chain perfect for everyday wear or layering.\" \/>\n<meta name=\"robots\" content=\"index, follow, max-snippet:-1, max-image-preview:large, max-video-preview:-1\" \/>\n<link rel=\"canonical\" href=\"https:\/\/www.purejewels.com\/de\/produkt-2\/22-karat-gold-tulsi-perlen-mala-54043\/\" \/>\n<meta property=\"og:locale\" content=\"de_DE\" \/>\n<meta property=\"og:type\" content=\"article\" \/>\n<meta property=\"og:title\" content=\"22ct Gold Tulsi Beaded Mala Necklace | Pure Gold Chain UK\" \/>\n<meta property=\"og:description\" content=\"Elegant 22ct gold Tulsi beaded mala necklace crafted with traditional detailing. A timeless gold chain perfect for everyday wear or layering.\" \/>\n<meta property=\"og:url\" content=\"https:\/\/www.purejewels.com\/de\/produkt-2\/22-karat-gold-tulsi-perlen-mala-54043\/\" \/>\n<meta property=\"og:site_name\" content=\"PureJewels UK\" \/>\n<meta property=\"article:modified_time\" content=\"2026-04-24T13:16:14+00:00\" \/>\n<meta property=\"og:image\" content=\"https:\/\/static.purejewels.com\/wp-content\/uploads\/2026\/01\/JWNLMLRP009.jpg\" \/>\n\t<meta property=\"og:image:width\" content=\"1000\" \/>\n\t<meta property=\"og:image:height\" content=\"1000\" \/>\n\t<meta property=\"og:image:type\" content=\"image\/jpeg\" \/>\n<meta name=\"twitter:card\" content=\"summary_large_image\" \/>\n<meta name=\"twitter:label1\" content=\"Gesch\u00e4tzte Lesezeit\" \/>\n\t<meta name=\"twitter:data1\" content=\"2\u00a0Minuten\" \/>\n<script type=\"application\/ld+json\" class=\"yoast-schema-graph\">{\"@context\":\"https:\\\/\\\/schema.org\",\"@graph\":[{\"@type\":[\"WebPage\",\"ItemPage\"],\"@id\":\"https:\\\/\\\/www.purejewels.com\\\/product\\\/22ct-gold-tulsi-beaded-mala-54043\\\/\",\"url\":\"https:\\\/\\\/www.purejewels.com\\\/product\\\/22ct-gold-tulsi-beaded-mala-54043\\\/\",\"name\":\"22ct Gold Tulsi Beaded Mala Necklace | Pure Gold Chain UK\",\"isPartOf\":{\"@id\":\"https:\\\/\\\/www.purejewels.com\\\/#website\"},\"primaryImageOfPage\":{\"@id\":\"https:\\\/\\\/www.purejewels.com\\\/product\\\/22ct-gold-tulsi-beaded-mala-54043\\\/#primaryimage\"},\"image\":{\"@id\":\"https:\\\/\\\/www.purejewels.com\\\/product\\\/22ct-gold-tulsi-beaded-mala-54043\\\/#primaryimage\"},\"thumbnailUrl\":\"https:\\\/\\\/static.purejewels.com\\\/wp-content\\\/uploads\\\/2026\\\/01\\\/JWNLMLRP009.jpg\",\"datePublished\":\"2026-01-24T05:36:31+00:00\",\"dateModified\":\"2026-04-24T13:16:14+00:00\",\"description\":\"Elegant 22ct gold Tulsi beaded mala necklace crafted with traditional detailing. A timeless gold chain perfect for everyday wear or layering.\",\"breadcrumb\":{\"@id\":\"https:\\\/\\\/www.purejewels.com\\\/product\\\/22ct-gold-tulsi-beaded-mala-54043\\\/#breadcrumb\"},\"inLanguage\":\"de\",\"potentialAction\":[{\"@type\":\"ReadAction\",\"target\":[\"https:\\\/\\\/www.purejewels.com\\\/product\\\/22ct-gold-tulsi-beaded-mala-54043\\\/\"]}]},{\"@type\":\"ImageObject\",\"inLanguage\":\"de\",\"@id\":\"https:\\\/\\\/www.purejewels.com\\\/product\\\/22ct-gold-tulsi-beaded-mala-54043\\\/#primaryimage\",\"url\":\"https:\\\/\\\/static.purejewels.com\\\/wp-content\\\/uploads\\\/2026\\\/01\\\/JWNLMLRP009.jpg\",\"contentUrl\":\"https:\\\/\\\/static.purejewels.com\\\/wp-content\\\/uploads\\\/2026\\\/01\\\/JWNLMLRP009.jpg\",\"width\":1000,\"height\":1000},{\"@type\":\"BreadcrumbList\",\"@id\":\"https:\\\/\\\/www.purejewels.com\\\/product\\\/22ct-gold-tulsi-beaded-mala-54043\\\/#breadcrumb\",\"itemListElement\":[{\"@type\":\"ListItem\",\"position\":1,\"name\":\"Home\",\"item\":\"https:\\\/\\\/www.purejewels.com\\\/\"},{\"@type\":\"ListItem\",\"position\":2,\"name\":\"Shop\",\"item\":\"https:\\\/\\\/www.purejewels.com\\\/shop\\\/\"},{\"@type\":\"ListItem\",\"position\":3,\"name\":\"22ct Gold Tulsi Beaded Mala\"}]},{\"@type\":\"WebSite\",\"@id\":\"https:\\\/\\\/www.purejewels.com\\\/#website\",\"url\":\"https:\\\/\\\/www.purejewels.com\\\/\",\"name\":\"PureJewels UK\",\"description\":\"Share the Love\",\"publisher\":{\"@id\":\"https:\\\/\\\/www.purejewels.com\\\/#organization\"},\"potentialAction\":[{\"@type\":\"SearchAction\",\"target\":{\"@type\":\"EntryPoint\",\"urlTemplate\":\"https:\\\/\\\/www.purejewels.com\\\/?s={search_term_string}\"},\"query-input\":{\"@type\":\"PropertyValueSpecification\",\"valueRequired\":true,\"valueName\":\"search_term_string\"}}],\"inLanguage\":\"de\"},{\"@type\":\"Organization\",\"@id\":\"https:\\\/\\\/www.purejewels.com\\\/#organization\",\"name\":\"PureJewels UK\",\"url\":\"https:\\\/\\\/www.purejewels.com\\\/\",\"logo\":{\"@type\":\"ImageObject\",\"inLanguage\":\"de\",\"@id\":\"https:\\\/\\\/www.purejewels.com\\\/#\\\/schema\\\/logo\\\/image\\\/\",\"url\":\"https:\\\/\\\/static.purejewels.com\\\/wp-content\\\/uploads\\\/2020\\\/11\\\/Logo-PJ-New-1.png\",\"contentUrl\":\"https:\\\/\\\/static.purejewels.com\\\/wp-content\\\/uploads\\\/2020\\\/11\\\/Logo-PJ-New-1.png\",\"width\":150,\"height\":80,\"caption\":\"PureJewels UK\"},\"image\":{\"@id\":\"https:\\\/\\\/www.purejewels.com\\\/#\\\/schema\\\/logo\\\/image\\\/\"}}]}<\/script>\n<!-- \/ Yoast SEO plugin. -->","yoast_head_json":{"title":"22ct Gold Tulsi Beaded Mala Halskette | Pure Gold Chain UK","description":"Elegante Tulsi-Mala-Halskette aus 22-kar\u00e4tigem Gold, die mit traditionellen Details versehen ist. Eine zeitlose Goldkette, perfekt f\u00fcr den Alltag oder zum \u00dcbereinanderlegen.","robots":{"index":"index","follow":"follow","max-snippet":"max-snippet:-1","max-image-preview":"max-image-preview:large","max-video-preview":"max-video-preview:-1"},"canonical":"https:\/\/www.purejewels.com\/de\/produkt-2\/22-karat-gold-tulsi-perlen-mala-54043\/","og_locale":"de_DE","og_type":"article","og_title":"22ct Gold Tulsi Beaded Mala Necklace | Pure Gold Chain UK","og_description":"Elegant 22ct gold Tulsi beaded mala necklace crafted with traditional detailing. A timeless gold chain perfect for everyday wear or layering.","og_url":"https:\/\/www.purejewels.com\/de\/produkt-2\/22-karat-gold-tulsi-perlen-mala-54043\/","og_site_name":"PureJewels UK","article_modified_time":"2026-04-24T13:16:14+00:00","og_image":[{"width":1000,"height":1000,"url":"https:\/\/static.purejewels.com\/wp-content\/uploads\/2026\/01\/JWNLMLRP009.jpg","type":"image\/jpeg"}],"twitter_card":"summary_large_image","twitter_misc":{"Gesch\u00e4tzte Lesezeit":"2\u00a0Minuten"},"schema":{"@context":"https:\/\/schema.org","@graph":[{"@type":["WebPage","ItemPage"],"@id":"https:\/\/www.purejewels.com\/product\/22ct-gold-tulsi-beaded-mala-54043\/","url":"https:\/\/www.purejewels.com\/product\/22ct-gold-tulsi-beaded-mala-54043\/","name":"22ct Gold Tulsi Beaded Mala Halskette | Pure Gold Chain UK","isPartOf":{"@id":"https:\/\/www.purejewels.com\/#website"},"primaryImageOfPage":{"@id":"https:\/\/www.purejewels.com\/product\/22ct-gold-tulsi-beaded-mala-54043\/#primaryimage"},"image":{"@id":"https:\/\/www.purejewels.com\/product\/22ct-gold-tulsi-beaded-mala-54043\/#primaryimage"},"thumbnailUrl":"https:\/\/static.purejewels.com\/wp-content\/uploads\/2026\/01\/JWNLMLRP009.jpg","datePublished":"2026-01-24T05:36:31+00:00","dateModified":"2026-04-24T13:16:14+00:00","description":"Elegante Tulsi-Mala-Halskette aus 22-kar\u00e4tigem Gold, die mit traditionellen Details versehen ist. Eine zeitlose Goldkette, perfekt f\u00fcr den Alltag oder zum \u00dcbereinanderlegen.","breadcrumb":{"@id":"https:\/\/www.purejewels.com\/product\/22ct-gold-tulsi-beaded-mala-54043\/#breadcrumb"},"inLanguage":"de","potentialAction":[{"@type":"ReadAction","target":["https:\/\/www.purejewels.com\/product\/22ct-gold-tulsi-beaded-mala-54043\/"]}]},{"@type":"ImageObject","inLanguage":"de","@id":"https:\/\/www.purejewels.com\/product\/22ct-gold-tulsi-beaded-mala-54043\/#primaryimage","url":"https:\/\/static.purejewels.com\/wp-content\/uploads\/2026\/01\/JWNLMLRP009.jpg","contentUrl":"https:\/\/static.purejewels.com\/wp-content\/uploads\/2026\/01\/JWNLMLRP009.jpg","width":1000,"height":1000},{"@type":"BreadcrumbList","@id":"https:\/\/www.purejewels.com\/product\/22ct-gold-tulsi-beaded-mala-54043\/#breadcrumb","itemListElement":[{"@type":"ListItem","position":1,"name":"Home","item":"https:\/\/www.purejewels.com\/"},{"@type":"ListItem","position":2,"name":"Shop","item":"https:\/\/www.purejewels.com\/shop\/"},{"@type":"ListItem","position":3,"name":"22ct Gold Tulsi Beaded Mala"}]},{"@type":"WebSite","@id":"https:\/\/www.purejewels.com\/#website","url":"https:\/\/www.purejewels.com\/","name":"PureJewels UK","description":"Teile die Liebe","publisher":{"@id":"https:\/\/www.purejewels.com\/#organization"},"potentialAction":[{"@type":"SearchAction","target":{"@type":"EntryPoint","urlTemplate":"https:\/\/www.purejewels.com\/?s={search_term_string}"},"query-input":{"@type":"PropertyValueSpecification","valueRequired":true,"valueName":"search_term_string"}}],"inLanguage":"de"},{"@type":"Organization","@id":"https:\/\/www.purejewels.com\/#organization","name":"PureJewels UK","url":"https:\/\/www.purejewels.com\/","logo":{"@type":"ImageObject","inLanguage":"de","@id":"https:\/\/www.purejewels.com\/#\/schema\/logo\/image\/","url":"https:\/\/static.purejewels.com\/wp-content\/uploads\/2020\/11\/Logo-PJ-New-1.png","contentUrl":"https:\/\/static.purejewels.com\/wp-content\/uploads\/2020\/11\/Logo-PJ-New-1.png","width":150,"height":80,"caption":"PureJewels UK"},"image":{"@id":"https:\/\/www.purejewels.com\/#\/schema\/logo\/image\/"}}]}},"_links":{"self":[{"href":"https:\/\/www.purejewels.com\/de\/wp-json\/wp\/v2\/product\/427502","targetHints":{"allow":["GET"]}}],"collection":[{"href":"https:\/\/www.purejewels.com\/de\/wp-json\/wp\/v2\/product"}],"about":[{"href":"https:\/\/www.purejewels.com\/de\/wp-json\/wp\/v2\/types\/product"}],"replies":[{"embeddable":true,"href":"https:\/\/www.purejewels.com\/de\/wp-json\/wp\/v2\/comments?post=427502"}],"version-history":[{"count":3,"href":"https:\/\/www.purejewels.com\/de\/wp-json\/wp\/v2\/product\/427502\/revisions"}],"predecessor-version":[{"id":428976,"href":"https:\/\/www.purejewels.com\/de\/wp-json\/wp\/v2\/product\/427502\/revisions\/428976"}],"wp:featuredmedia":[{"embeddable":true,"href":"https:\/\/www.purejewels.com\/de\/wp-json\/wp\/v2\/media\/427893"}],"wp:attachment":[{"href":"https:\/\/www.purejewels.com\/de\/wp-json\/wp\/v2\/media?parent=427502"}],"wp:term":[{"taxonomy":"product_brand","embeddable":true,"href":"https:\/\/www.purejewels.com\/de\/wp-json\/wp\/v2\/product_brand?post=427502"},{"taxonomy":"product_cat","embeddable":true,"href":"https:\/\/www.purejewels.com\/de\/wp-json\/wp\/v2\/product_cat?post=427502"},{"taxonomy":"product_tag","embeddable":true,"href":"https:\/\/www.purejewels.com\/de\/wp-json\/wp\/v2\/product_tag?post=427502"}],"curies":[{"name":"wp","href":"https:\/\/api.w.org\/{rel}","templated":true}]}}