{"id":427536,"date":"2026-01-24T11:01:16","date_gmt":"2026-01-24T11:01:16","guid":{"rendered":"https:\/\/www.purejewels.com\/?post_type=product&#038;p=427536"},"modified":"2026-03-24T11:06:52","modified_gmt":"2026-03-24T11:06:52","slug":"22-kt-gold-rhodium-ausgefallene-reifen-bali-ohrringe-46111","status":"publish","type":"product","link":"https:\/\/www.purejewels.com\/de\/product\/22ct-gold-rhodium-fancy-hoop-bali-earrings-46111\/","title":{"rendered":"22ct Gold Rhodium Fancy Hoop Bali Ohrringe"},"content":{"rendered":"<p><strong>Designkonzept<\/strong><\/p>\n<p>Diese ausgefallenen Bali Hoop-Ohrringe sind ein Fest der Kontraste und der Handwerkskunst. Sie vereinen den Reichtum von 22-kar\u00e4tigem Gold mit dem Glanz von Rhodium-Akzenten. Die klassische Reifensilhouette wird durch aufwendige Gravuren und strukturierte Perlen aufgewertet, die ein harmonisches Zusammenspiel von Glanz und Details schaffen. Der kreisf\u00f6rmige Tropfen verleiht dem Design Bewegung und Tiefe und macht es gleichzeitig ausdrucksstark und raffiniert - perfekt f\u00fcr alle, die Statement-St\u00fccke mit subtiler Eleganz sch\u00e4tzen.<\/p>\n<p><strong>Handwerkliches K\u00f6nnen<\/strong><\/p>\n<p>Diese fachm\u00e4nnisch aus 22-kar\u00e4tigem Gold gefertigten Ohrringe spiegeln die Pr\u00e4zision und Kunstfertigkeit wider, f\u00fcr die PureJewels steht. Jedes Element - vom fein ge\u00e4tzten Reif bis zu den zart strukturierten Rhodiumperlen - wurde sorgf\u00e4ltig verarbeitet, um Klarheit, Ausgewogenheit und Haltbarkeit zu gew\u00e4hrleisten. Die zweifarbigen Details verst\u00e4rken die visuelle Dimension, w\u00e4hrend der sichere Bali-Verschluss f\u00fcr Komfort und einfaches Tragen sorgt. Das vom London Assay Office gepunzte St\u00fcck garantiert Authentizit\u00e4t und h\u00f6chste Qualit\u00e4t.<\/p>\n<p><strong>Styling-Ideen<\/strong><\/p>\n<p>Diese Ohrringe lassen sich m\u00fchelos vom Tag zum Abend kombinieren. Tragen Sie sie zu schlichter Kleidung, um ihr kompliziertes Design zur Geltung zu bringen, oder kombinieren Sie sie f\u00fcr einen ausdrucksstarken Look mit mehrschichtigen Goldst\u00fccken. Dank ihrer zweifarbigen Ausf\u00fchrung passen sie sowohl zu goldfarbenem als auch zu wei\u00dfem Schmuck, was sie zu einer vielseitigen Erg\u00e4nzung jeder Kollektion macht - ideal f\u00fcr festliche Anl\u00e4sse, Feiern oder raffinierte Alltagskleidung.<\/p>","protected":false},"excerpt":{"rendered":"<div class=\"woocommerce-product-details__short-description\">\n<table class=\"sh_desc\">\n<tbody>\n<tr>\n<td>Art des Ohrrings<\/td>\n<td>Reif-Ohrring<\/td>\n<\/tr>\n<tr>\n<td>SKU<\/td>\n<td>46111<\/td>\n<\/tr>\n<tr>\n<td>Gewicht<\/td>\n<td>6.10 Gms<\/td>\n<\/tr>\n<tr>\n<td>\u00c4u\u00dfere Breite<\/td>\n<td>21,3 mm<\/td>\n<\/tr>\n<tr>\n<td>Metall<\/td>\n<td>22ct Gold<\/td>\n<\/tr>\n<tr>\n<td>Entgelte<\/td>\n<td>Lieferung und Mehrwertsteuer inbegriffen<\/td>\n<\/tr>\n<tr>\n<td>Verpackung<\/td>\n<td>Mit Pr\u00e4sentationsbox<\/td>\n<\/tr>\n<tr>\n<td>Mehr Informationen<\/td>\n<td>Live-Chat mit uns f\u00fcr Verf\u00fcgbarkeit und mehr Bilder<\/td>\n<\/tr>\n<\/tbody>\n<\/table>\n<\/div>\n<div class=\"btn-atc atc-slide\"><\/div>\n<div class=\"product_meta\"><\/div>","protected":false},"featured_media":427537,"comment_status":"closed","ping_status":"closed","template":"","meta":{"_eb_attr":"","_crsspst_to_jayantr4sg-hostcom":true},"product_brand":[],"product_cat":[1791,1254,1579,5609,1573,1574,5349],"product_tag":[66],"class_list":{"0":"post-427536","1":"product","2":"type-product","3":"status-publish","4":"has-post-thumbnail","6":"product_cat-anniversary-gifts","7":"product_cat-gold-earrings","8":"product_cat-hoop-earrings","9":"product_cat-hoop-with-droplets","10":"product_cat-wedding-gifts","11":"product_cat-womens-jewellery","12":"product_cat-yellow-gold-jewellery","13":"product_tag-earrings","15":"first","16":"instock","17":"taxable","18":"shipping-taxable","19":"purchasable","20":"product-type-simple","21":"add-to-wishlist-before_image"},"yoast_head":"<!-- This site is optimized with the Yoast SEO plugin v27.5 - https:\/\/yoast.com\/product\/yoast-seo-wordpress\/ -->\n<title>22ct Gold Rhodium Fancy Hoop Bali Earrings | Dual Tone Hoops<\/title>\n<meta name=\"description\" content=\"Shop elegant 22ct gold rhodium fancy hoop bali earrings. Dual tone design with intricate detailing, perfect for everyday wear or special occasions.\" \/>\n<meta name=\"robots\" content=\"index, follow, max-snippet:-1, max-image-preview:large, max-video-preview:-1\" \/>\n<link rel=\"canonical\" href=\"https:\/\/www.purejewels.com\/de\/produkt-2\/22-kt-gold-rhodium-ausgefallene-reifen-bali-ohrringe-46111\/\" \/>\n<meta property=\"og:locale\" content=\"de_DE\" \/>\n<meta property=\"og:type\" content=\"article\" \/>\n<meta property=\"og:title\" content=\"22ct Gold Rhodium Fancy Hoop Bali Earrings | Dual Tone Hoops\" \/>\n<meta property=\"og:description\" content=\"Shop elegant 22ct gold rhodium fancy hoop bali earrings. Dual tone design with intricate detailing, perfect for everyday wear or special occasions.\" \/>\n<meta property=\"og:url\" content=\"https:\/\/www.purejewels.com\/de\/produkt-2\/22-kt-gold-rhodium-ausgefallene-reifen-bali-ohrringe-46111\/\" \/>\n<meta property=\"og:site_name\" content=\"PureJewels UK\" \/>\n<meta property=\"article:modified_time\" content=\"2026-03-24T11:06:52+00:00\" \/>\n<meta property=\"og:image\" content=\"https:\/\/static.purejewels.com\/wp-content\/uploads\/2026\/03\/46111.jpg\" \/>\n\t<meta property=\"og:image:width\" content=\"1000\" \/>\n\t<meta property=\"og:image:height\" content=\"1000\" \/>\n\t<meta property=\"og:image:type\" content=\"image\/jpeg\" \/>\n<meta name=\"twitter:card\" content=\"summary_large_image\" \/>\n<meta name=\"twitter:label1\" content=\"Gesch\u00e4tzte Lesezeit\" \/>\n\t<meta name=\"twitter:data1\" content=\"2\u00a0Minuten\" \/>\n<script type=\"application\/ld+json\" class=\"yoast-schema-graph\">{\"@context\":\"https:\\\/\\\/schema.org\",\"@graph\":[{\"@type\":[\"WebPage\",\"ItemPage\"],\"@id\":\"https:\\\/\\\/www.purejewels.com\\\/product\\\/22ct-gold-rhodium-fancy-hoop-bali-earrings-46111\\\/\",\"url\":\"https:\\\/\\\/www.purejewels.com\\\/product\\\/22ct-gold-rhodium-fancy-hoop-bali-earrings-46111\\\/\",\"name\":\"22ct Gold Rhodium Fancy Hoop Bali Earrings | Dual Tone Hoops\",\"isPartOf\":{\"@id\":\"https:\\\/\\\/www.purejewels.com\\\/#website\"},\"primaryImageOfPage\":{\"@id\":\"https:\\\/\\\/www.purejewels.com\\\/product\\\/22ct-gold-rhodium-fancy-hoop-bali-earrings-46111\\\/#primaryimage\"},\"image\":{\"@id\":\"https:\\\/\\\/www.purejewels.com\\\/product\\\/22ct-gold-rhodium-fancy-hoop-bali-earrings-46111\\\/#primaryimage\"},\"thumbnailUrl\":\"https:\\\/\\\/static.purejewels.com\\\/wp-content\\\/uploads\\\/2026\\\/03\\\/46111.jpg\",\"datePublished\":\"2026-01-24T11:01:16+00:00\",\"dateModified\":\"2026-03-24T11:06:52+00:00\",\"description\":\"Shop elegant 22ct gold rhodium fancy hoop bali earrings. Dual tone design with intricate detailing, perfect for everyday wear or special occasions.\",\"breadcrumb\":{\"@id\":\"https:\\\/\\\/www.purejewels.com\\\/product\\\/22ct-gold-rhodium-fancy-hoop-bali-earrings-46111\\\/#breadcrumb\"},\"inLanguage\":\"de\",\"potentialAction\":[{\"@type\":\"ReadAction\",\"target\":[\"https:\\\/\\\/www.purejewels.com\\\/product\\\/22ct-gold-rhodium-fancy-hoop-bali-earrings-46111\\\/\"]}]},{\"@type\":\"ImageObject\",\"inLanguage\":\"de\",\"@id\":\"https:\\\/\\\/www.purejewels.com\\\/product\\\/22ct-gold-rhodium-fancy-hoop-bali-earrings-46111\\\/#primaryimage\",\"url\":\"https:\\\/\\\/static.purejewels.com\\\/wp-content\\\/uploads\\\/2026\\\/03\\\/46111.jpg\",\"contentUrl\":\"https:\\\/\\\/static.purejewels.com\\\/wp-content\\\/uploads\\\/2026\\\/03\\\/46111.jpg\",\"width\":1000,\"height\":1000,\"caption\":\"22ct Gold Rhodium Fancy Hoop Bali Earrings\"},{\"@type\":\"BreadcrumbList\",\"@id\":\"https:\\\/\\\/www.purejewels.com\\\/product\\\/22ct-gold-rhodium-fancy-hoop-bali-earrings-46111\\\/#breadcrumb\",\"itemListElement\":[{\"@type\":\"ListItem\",\"position\":1,\"name\":\"Home\",\"item\":\"https:\\\/\\\/www.purejewels.com\\\/\"},{\"@type\":\"ListItem\",\"position\":2,\"name\":\"Shop\",\"item\":\"https:\\\/\\\/www.purejewels.com\\\/shop\\\/\"},{\"@type\":\"ListItem\",\"position\":3,\"name\":\"22ct Gold Rhodium Fancy Hoop Bali Earrings\"}]},{\"@type\":\"WebSite\",\"@id\":\"https:\\\/\\\/www.purejewels.com\\\/#website\",\"url\":\"https:\\\/\\\/www.purejewels.com\\\/\",\"name\":\"PureJewels UK\",\"description\":\"Share the Love\",\"publisher\":{\"@id\":\"https:\\\/\\\/www.purejewels.com\\\/#organization\"},\"potentialAction\":[{\"@type\":\"SearchAction\",\"target\":{\"@type\":\"EntryPoint\",\"urlTemplate\":\"https:\\\/\\\/www.purejewels.com\\\/?s={search_term_string}\"},\"query-input\":{\"@type\":\"PropertyValueSpecification\",\"valueRequired\":true,\"valueName\":\"search_term_string\"}}],\"inLanguage\":\"de\"},{\"@type\":\"Organization\",\"@id\":\"https:\\\/\\\/www.purejewels.com\\\/#organization\",\"name\":\"PureJewels UK\",\"url\":\"https:\\\/\\\/www.purejewels.com\\\/\",\"logo\":{\"@type\":\"ImageObject\",\"inLanguage\":\"de\",\"@id\":\"https:\\\/\\\/www.purejewels.com\\\/#\\\/schema\\\/logo\\\/image\\\/\",\"url\":\"https:\\\/\\\/static.purejewels.com\\\/wp-content\\\/uploads\\\/2020\\\/11\\\/Logo-PJ-New-1.png\",\"contentUrl\":\"https:\\\/\\\/static.purejewels.com\\\/wp-content\\\/uploads\\\/2020\\\/11\\\/Logo-PJ-New-1.png\",\"width\":150,\"height\":80,\"caption\":\"PureJewels UK\"},\"image\":{\"@id\":\"https:\\\/\\\/www.purejewels.com\\\/#\\\/schema\\\/logo\\\/image\\\/\"}}]}<\/script>\n<!-- \/ Yoast SEO plugin. -->","yoast_head_json":{"title":"22ct Gold Rhodium Fancy Hoop Bali Ohrringe | Dual Tone Hoops","description":"Elegante 22-kar\u00e4tige Gold-Rhodium-Ohrringe in Bali-Form. Dual-Ton-Design mit komplizierten Details, perfekt f\u00fcr den Alltag oder besondere Anl\u00e4sse.","robots":{"index":"index","follow":"follow","max-snippet":"max-snippet:-1","max-image-preview":"max-image-preview:large","max-video-preview":"max-video-preview:-1"},"canonical":"https:\/\/www.purejewels.com\/de\/produkt-2\/22-kt-gold-rhodium-ausgefallene-reifen-bali-ohrringe-46111\/","og_locale":"de_DE","og_type":"article","og_title":"22ct Gold Rhodium Fancy Hoop Bali Earrings | Dual Tone Hoops","og_description":"Shop elegant 22ct gold rhodium fancy hoop bali earrings. Dual tone design with intricate detailing, perfect for everyday wear or special occasions.","og_url":"https:\/\/www.purejewels.com\/de\/produkt-2\/22-kt-gold-rhodium-ausgefallene-reifen-bali-ohrringe-46111\/","og_site_name":"PureJewels UK","article_modified_time":"2026-03-24T11:06:52+00:00","og_image":[{"width":1000,"height":1000,"url":"https:\/\/static.purejewels.com\/wp-content\/uploads\/2026\/03\/46111.jpg","type":"image\/jpeg"}],"twitter_card":"summary_large_image","twitter_misc":{"Gesch\u00e4tzte Lesezeit":"2\u00a0Minuten"},"schema":{"@context":"https:\/\/schema.org","@graph":[{"@type":["WebPage","ItemPage"],"@id":"https:\/\/www.purejewels.com\/product\/22ct-gold-rhodium-fancy-hoop-bali-earrings-46111\/","url":"https:\/\/www.purejewels.com\/product\/22ct-gold-rhodium-fancy-hoop-bali-earrings-46111\/","name":"22ct Gold Rhodium Fancy Hoop Bali Ohrringe | Dual Tone Hoops","isPartOf":{"@id":"https:\/\/www.purejewels.com\/#website"},"primaryImageOfPage":{"@id":"https:\/\/www.purejewels.com\/product\/22ct-gold-rhodium-fancy-hoop-bali-earrings-46111\/#primaryimage"},"image":{"@id":"https:\/\/www.purejewels.com\/product\/22ct-gold-rhodium-fancy-hoop-bali-earrings-46111\/#primaryimage"},"thumbnailUrl":"https:\/\/static.purejewels.com\/wp-content\/uploads\/2026\/03\/46111.jpg","datePublished":"2026-01-24T11:01:16+00:00","dateModified":"2026-03-24T11:06:52+00:00","description":"Elegante 22-kar\u00e4tige Gold-Rhodium-Ohrringe in Bali-Form. Dual-Ton-Design mit komplizierten Details, perfekt f\u00fcr den Alltag oder besondere Anl\u00e4sse.","breadcrumb":{"@id":"https:\/\/www.purejewels.com\/product\/22ct-gold-rhodium-fancy-hoop-bali-earrings-46111\/#breadcrumb"},"inLanguage":"de","potentialAction":[{"@type":"ReadAction","target":["https:\/\/www.purejewels.com\/product\/22ct-gold-rhodium-fancy-hoop-bali-earrings-46111\/"]}]},{"@type":"ImageObject","inLanguage":"de","@id":"https:\/\/www.purejewels.com\/product\/22ct-gold-rhodium-fancy-hoop-bali-earrings-46111\/#primaryimage","url":"https:\/\/static.purejewels.com\/wp-content\/uploads\/2026\/03\/46111.jpg","contentUrl":"https:\/\/static.purejewels.com\/wp-content\/uploads\/2026\/03\/46111.jpg","width":1000,"height":1000,"caption":"22ct Gold Rhodium Fancy Hoop Bali Earrings"},{"@type":"BreadcrumbList","@id":"https:\/\/www.purejewels.com\/product\/22ct-gold-rhodium-fancy-hoop-bali-earrings-46111\/#breadcrumb","itemListElement":[{"@type":"ListItem","position":1,"name":"Home","item":"https:\/\/www.purejewels.com\/"},{"@type":"ListItem","position":2,"name":"Shop","item":"https:\/\/www.purejewels.com\/shop\/"},{"@type":"ListItem","position":3,"name":"22ct Gold Rhodium Fancy Hoop Bali Earrings"}]},{"@type":"WebSite","@id":"https:\/\/www.purejewels.com\/#website","url":"https:\/\/www.purejewels.com\/","name":"PureJewels UK","description":"Teile die Liebe","publisher":{"@id":"https:\/\/www.purejewels.com\/#organization"},"potentialAction":[{"@type":"SearchAction","target":{"@type":"EntryPoint","urlTemplate":"https:\/\/www.purejewels.com\/?s={search_term_string}"},"query-input":{"@type":"PropertyValueSpecification","valueRequired":true,"valueName":"search_term_string"}}],"inLanguage":"de"},{"@type":"Organization","@id":"https:\/\/www.purejewels.com\/#organization","name":"PureJewels UK","url":"https:\/\/www.purejewels.com\/","logo":{"@type":"ImageObject","inLanguage":"de","@id":"https:\/\/www.purejewels.com\/#\/schema\/logo\/image\/","url":"https:\/\/static.purejewels.com\/wp-content\/uploads\/2020\/11\/Logo-PJ-New-1.png","contentUrl":"https:\/\/static.purejewels.com\/wp-content\/uploads\/2020\/11\/Logo-PJ-New-1.png","width":150,"height":80,"caption":"PureJewels UK"},"image":{"@id":"https:\/\/www.purejewels.com\/#\/schema\/logo\/image\/"}}]}},"_links":{"self":[{"href":"https:\/\/www.purejewels.com\/de\/wp-json\/wp\/v2\/product\/427536","targetHints":{"allow":["GET"]}}],"collection":[{"href":"https:\/\/www.purejewels.com\/de\/wp-json\/wp\/v2\/product"}],"about":[{"href":"https:\/\/www.purejewels.com\/de\/wp-json\/wp\/v2\/types\/product"}],"replies":[{"embeddable":true,"href":"https:\/\/www.purejewels.com\/de\/wp-json\/wp\/v2\/comments?post=427536"}],"version-history":[{"count":1,"href":"https:\/\/www.purejewels.com\/de\/wp-json\/wp\/v2\/product\/427536\/revisions"}],"predecessor-version":[{"id":427538,"href":"https:\/\/www.purejewels.com\/de\/wp-json\/wp\/v2\/product\/427536\/revisions\/427538"}],"wp:featuredmedia":[{"embeddable":true,"href":"https:\/\/www.purejewels.com\/de\/wp-json\/wp\/v2\/media\/427537"}],"wp:attachment":[{"href":"https:\/\/www.purejewels.com\/de\/wp-json\/wp\/v2\/media?parent=427536"}],"wp:term":[{"taxonomy":"product_brand","embeddable":true,"href":"https:\/\/www.purejewels.com\/de\/wp-json\/wp\/v2\/product_brand?post=427536"},{"taxonomy":"product_cat","embeddable":true,"href":"https:\/\/www.purejewels.com\/de\/wp-json\/wp\/v2\/product_cat?post=427536"},{"taxonomy":"product_tag","embeddable":true,"href":"https:\/\/www.purejewels.com\/de\/wp-json\/wp\/v2\/product_tag?post=427536"}],"curies":[{"name":"wp","href":"https:\/\/api.w.org\/{rel}","templated":true}]}}