{"id":427554,"date":"2026-01-25T07:38:21","date_gmt":"2026-01-25T07:38:21","guid":{"rendered":"https:\/\/www.purejewels.com\/?post_type=product&#038;p=427554"},"modified":"2026-04-28T13:36:30","modified_gmt":"2026-04-28T12:36:30","slug":"22ct-gold-cz-schmetterling-ohrstecker-53145","status":"publish","type":"product","link":"https:\/\/www.purejewels.com\/de\/product\/22ct-gold-cz-butterfly-stud-earrings-53145\/","title":{"rendered":"22ct Gold CZ Schmetterling Ohrstecker"},"content":{"rendered":"<p><strong>Designkonzept<\/strong><\/p>\n<p>Inspiriert von der Leichtigkeit und Sch\u00f6nheit der Natur, vermitteln diese Schmetterlingsohrstecker ein Gef\u00fchl von Anmut und Verwandlung. Die flie\u00dfende Schmetterlingssilhouette ist mit schimmernden Zirkonia-Steinen besetzt, die ein sanftes Funkeln erzeugen, das einen sch\u00f6nen Kontrast zur W\u00e4rme des 22-kar\u00e4tigen Goldes bildet. Das offene, luftige Design verleiht einen modernen Touch und bewahrt gleichzeitig einen zeitlosen Charme - perfekt f\u00fcr alle, die subtilen und doch ausdrucksstarken Schmuck sch\u00e4tzen.<\/p>\n<p><strong>Handwerkliches K\u00f6nnen<\/strong><\/p>\n<p>Jeder Ohrring wurde fachm\u00e4nnisch aus 22-kar\u00e4tigem Gold gefertigt und mit Pr\u00e4zision entworfen, um eine raffinierte und ausgewogene Form zu erhalten. Die CZ-Steine sind sorgf\u00e4ltig gefasst, um die Brillanz zu maximieren, w\u00e4hrend die glatte Goldoberfl\u00e4che den Komfort und die Haltbarkeit verbessert. Diese leichten und wohlproportionierten Ohrstecker sind ideal f\u00fcr den ganzen Tag. Sie sind vom London Assay Office gepunzt und spiegeln das Engagement von PureJewels f\u00fcr Authentizit\u00e4t und feine Handwerkskunst wider.<\/p>\n<p><strong>Styling-Ideen<\/strong><\/p>\n<p>Diese Schmetterlingsnieten sind perfekt f\u00fcr das t\u00e4gliche Styling und verleihen jedem Look ein sanftes Funkeln. Tragen Sie sie allein f\u00fcr ein minimalistisches, elegantes Statement oder kombinieren Sie sie mit anderen zarten Teilen f\u00fcr einen mehrschichtigen, femininen Stil. Durch ihr vielseitiges Design eignen sie sich sowohl f\u00fcr Freizeitkleidung als auch f\u00fcr besondere Anl\u00e4sse und verleihen jedem Moment einen Hauch von Charme.<\/p>","protected":false},"excerpt":{"rendered":"<p>Diese zarten und femininen CZ-Schmetterlingsohrstecker aus 22-kar\u00e4tigem Gold sind mit funkelnden Steinen und einer anmutigen Schmetterlingssilhouette versehen - perfekt f\u00fcr den eleganten Alltag.<\/p>\n<ul>\n<li><strong>Material:<\/strong> 22ct Gold<\/li>\n<li><strong>Wahrzeichen: <\/strong>Britisches G\u00fctesiegel<\/li>\n<li><strong>Bruttogewicht: <\/strong>2,44 Gramm<\/li>\n<li><strong>SKU: <\/strong>53145<\/li>\n<\/ul>\n<p><strong><br \/>\nPreis und Lieferung: <\/strong>Inklusive Mehrwertsteuer und Lieferkosten<br \/>\n<strong><a href=\"https:\/\/www.purejewels.com\/de\/ruckgabepolitik\/\">R\u00fcckgabepolitik<\/a><\/strong><\/p>","protected":false},"featured_media":427555,"comment_status":"closed","ping_status":"closed","template":"","meta":{"_eb_attr":"","_crsspst_to_jayantr4sg-hostcom":true},"product_brand":[],"product_cat":[1559,1576,1793,6190,1792,1790,1254,1229,5343,1570,5338,1577,1575,1574,5349],"product_tag":[],"class_list":{"0":"post-427554","1":"product","2":"type-product","3":"status-publish","4":"has-post-thumbnail","6":"product_cat-birthday-gifts","7":"product_cat-childrens-jewellery","8":"product_cat-diwali-gifts","9":"product_cat-easter-jewellery","10":"product_cat-festival-gifts","11":"product_cat-for-whom-when","12":"product_cat-gold-earrings","13":"product_cat-22ct-gold-jewellery","14":"product_cat-jewellery-under-550","15":"product_cat-mothers-day-gifts","16":"product_cat-shop-by-price","17":"product_cat-stud-earrings","18":"product_cat-teenage-jewellery","19":"product_cat-womens-jewellery","20":"product_cat-yellow-gold-jewellery","22":"first","23":"instock","24":"taxable","25":"shipping-taxable","26":"purchasable","27":"product-type-simple","28":"add-to-wishlist-before_image"},"yoast_head":"<!-- This site is optimized with the Yoast SEO plugin v27.5 - https:\/\/yoast.com\/product\/yoast-seo-wordpress\/ -->\n<title>Gold Studs UK | 22ct Gold CZ Butterfly Stud Earrings<\/title>\n<meta name=\"description\" content=\"Shop 22ct gold CZ butterfly stud earrings with a delicate dual-tone design. Elegant, lightweight, and perfect for everyday wear.\" \/>\n<meta name=\"robots\" content=\"index, follow, max-snippet:-1, max-image-preview:large, max-video-preview:-1\" \/>\n<link rel=\"canonical\" href=\"https:\/\/www.purejewels.com\/de\/produkt-2\/22ct-gold-cz-schmetterling-ohrstecker-53145\/\" \/>\n<meta property=\"og:locale\" content=\"de_DE\" \/>\n<meta property=\"og:type\" content=\"article\" \/>\n<meta property=\"og:title\" content=\"Gold Studs UK | 22ct Gold CZ Butterfly Stud Earrings\" \/>\n<meta property=\"og:description\" content=\"Shop 22ct gold CZ butterfly stud earrings with a delicate dual-tone design. Elegant, lightweight, and perfect for everyday wear.\" \/>\n<meta property=\"og:url\" content=\"https:\/\/www.purejewels.com\/de\/produkt-2\/22ct-gold-cz-schmetterling-ohrstecker-53145\/\" \/>\n<meta property=\"og:site_name\" content=\"PureJewels UK\" \/>\n<meta property=\"article:modified_time\" content=\"2026-04-28T12:36:30+00:00\" \/>\n<meta property=\"og:image\" content=\"https:\/\/static.purejewels.com\/wp-content\/uploads\/2026\/03\/53145.jpg\" \/>\n\t<meta property=\"og:image:width\" content=\"1024\" \/>\n\t<meta property=\"og:image:height\" content=\"1024\" \/>\n\t<meta property=\"og:image:type\" content=\"image\/jpeg\" \/>\n<meta name=\"twitter:card\" content=\"summary_large_image\" \/>\n<meta name=\"twitter:label1\" content=\"Gesch\u00e4tzte Lesezeit\" \/>\n\t<meta name=\"twitter:data1\" content=\"2\u00a0Minuten\" \/>\n<script type=\"application\/ld+json\" class=\"yoast-schema-graph\">{\"@context\":\"https:\\\/\\\/schema.org\",\"@graph\":[{\"@type\":[\"WebPage\",\"ItemPage\"],\"@id\":\"https:\\\/\\\/www.purejewels.com\\\/product\\\/22ct-gold-cz-butterfly-stud-earrings-53145\\\/\",\"url\":\"https:\\\/\\\/www.purejewels.com\\\/product\\\/22ct-gold-cz-butterfly-stud-earrings-53145\\\/\",\"name\":\"Gold Studs UK | 22ct Gold CZ Butterfly Stud Earrings\",\"isPartOf\":{\"@id\":\"https:\\\/\\\/www.purejewels.com\\\/#website\"},\"primaryImageOfPage\":{\"@id\":\"https:\\\/\\\/www.purejewels.com\\\/product\\\/22ct-gold-cz-butterfly-stud-earrings-53145\\\/#primaryimage\"},\"image\":{\"@id\":\"https:\\\/\\\/www.purejewels.com\\\/product\\\/22ct-gold-cz-butterfly-stud-earrings-53145\\\/#primaryimage\"},\"thumbnailUrl\":\"https:\\\/\\\/static.purejewels.com\\\/wp-content\\\/uploads\\\/2026\\\/03\\\/53145.jpg\",\"datePublished\":\"2026-01-25T07:38:21+00:00\",\"dateModified\":\"2026-04-28T12:36:30+00:00\",\"description\":\"Shop 22ct gold CZ butterfly stud earrings with a delicate dual-tone design. Elegant, lightweight, and perfect for everyday wear.\",\"breadcrumb\":{\"@id\":\"https:\\\/\\\/www.purejewels.com\\\/product\\\/22ct-gold-cz-butterfly-stud-earrings-53145\\\/#breadcrumb\"},\"inLanguage\":\"de\",\"potentialAction\":[{\"@type\":\"ReadAction\",\"target\":[\"https:\\\/\\\/www.purejewels.com\\\/product\\\/22ct-gold-cz-butterfly-stud-earrings-53145\\\/\"]}]},{\"@type\":\"ImageObject\",\"inLanguage\":\"de\",\"@id\":\"https:\\\/\\\/www.purejewels.com\\\/product\\\/22ct-gold-cz-butterfly-stud-earrings-53145\\\/#primaryimage\",\"url\":\"https:\\\/\\\/static.purejewels.com\\\/wp-content\\\/uploads\\\/2026\\\/03\\\/53145.jpg\",\"contentUrl\":\"https:\\\/\\\/static.purejewels.com\\\/wp-content\\\/uploads\\\/2026\\\/03\\\/53145.jpg\",\"width\":1024,\"height\":1024,\"caption\":\"22ct Gold CZ Butterfly Stud Earrings\"},{\"@type\":\"BreadcrumbList\",\"@id\":\"https:\\\/\\\/www.purejewels.com\\\/product\\\/22ct-gold-cz-butterfly-stud-earrings-53145\\\/#breadcrumb\",\"itemListElement\":[{\"@type\":\"ListItem\",\"position\":1,\"name\":\"Home\",\"item\":\"https:\\\/\\\/www.purejewels.com\\\/\"},{\"@type\":\"ListItem\",\"position\":2,\"name\":\"Shop\",\"item\":\"https:\\\/\\\/www.purejewels.com\\\/shop\\\/\"},{\"@type\":\"ListItem\",\"position\":3,\"name\":\"22ct Gold CZ Butterfly Stud Earrings\"}]},{\"@type\":\"WebSite\",\"@id\":\"https:\\\/\\\/www.purejewels.com\\\/#website\",\"url\":\"https:\\\/\\\/www.purejewels.com\\\/\",\"name\":\"PureJewels UK\",\"description\":\"Share the Love\",\"publisher\":{\"@id\":\"https:\\\/\\\/www.purejewels.com\\\/#organization\"},\"potentialAction\":[{\"@type\":\"SearchAction\",\"target\":{\"@type\":\"EntryPoint\",\"urlTemplate\":\"https:\\\/\\\/www.purejewels.com\\\/?s={search_term_string}\"},\"query-input\":{\"@type\":\"PropertyValueSpecification\",\"valueRequired\":true,\"valueName\":\"search_term_string\"}}],\"inLanguage\":\"de\"},{\"@type\":\"Organization\",\"@id\":\"https:\\\/\\\/www.purejewels.com\\\/#organization\",\"name\":\"PureJewels UK\",\"url\":\"https:\\\/\\\/www.purejewels.com\\\/\",\"logo\":{\"@type\":\"ImageObject\",\"inLanguage\":\"de\",\"@id\":\"https:\\\/\\\/www.purejewels.com\\\/#\\\/schema\\\/logo\\\/image\\\/\",\"url\":\"https:\\\/\\\/static.purejewels.com\\\/wp-content\\\/uploads\\\/2020\\\/11\\\/Logo-PJ-New-1.png\",\"contentUrl\":\"https:\\\/\\\/static.purejewels.com\\\/wp-content\\\/uploads\\\/2020\\\/11\\\/Logo-PJ-New-1.png\",\"width\":150,\"height\":80,\"caption\":\"PureJewels UK\"},\"image\":{\"@id\":\"https:\\\/\\\/www.purejewels.com\\\/#\\\/schema\\\/logo\\\/image\\\/\"}}]}<\/script>\n<!-- \/ Yoast SEO plugin. -->","yoast_head_json":{"title":"Gold Ohrstecker UK | 22ct Gold CZ Schmetterling Ohrstecker","description":"Shop 22ct Gold CZ Schmetterling Ohrstecker mit einem zarten zweifarbigen Design. Elegant, leicht und perfekt f\u00fcr das t\u00e4gliche Tragen.","robots":{"index":"index","follow":"follow","max-snippet":"max-snippet:-1","max-image-preview":"max-image-preview:large","max-video-preview":"max-video-preview:-1"},"canonical":"https:\/\/www.purejewels.com\/de\/produkt-2\/22ct-gold-cz-schmetterling-ohrstecker-53145\/","og_locale":"de_DE","og_type":"article","og_title":"Gold Studs UK | 22ct Gold CZ Butterfly Stud Earrings","og_description":"Shop 22ct gold CZ butterfly stud earrings with a delicate dual-tone design. Elegant, lightweight, and perfect for everyday wear.","og_url":"https:\/\/www.purejewels.com\/de\/produkt-2\/22ct-gold-cz-schmetterling-ohrstecker-53145\/","og_site_name":"PureJewels UK","article_modified_time":"2026-04-28T12:36:30+00:00","og_image":[{"width":1024,"height":1024,"url":"https:\/\/static.purejewels.com\/wp-content\/uploads\/2026\/03\/53145.jpg","type":"image\/jpeg"}],"twitter_card":"summary_large_image","twitter_misc":{"Gesch\u00e4tzte Lesezeit":"2\u00a0Minuten"},"schema":{"@context":"https:\/\/schema.org","@graph":[{"@type":["WebPage","ItemPage"],"@id":"https:\/\/www.purejewels.com\/product\/22ct-gold-cz-butterfly-stud-earrings-53145\/","url":"https:\/\/www.purejewels.com\/product\/22ct-gold-cz-butterfly-stud-earrings-53145\/","name":"Gold Ohrstecker UK | 22ct Gold CZ Schmetterling Ohrstecker","isPartOf":{"@id":"https:\/\/www.purejewels.com\/#website"},"primaryImageOfPage":{"@id":"https:\/\/www.purejewels.com\/product\/22ct-gold-cz-butterfly-stud-earrings-53145\/#primaryimage"},"image":{"@id":"https:\/\/www.purejewels.com\/product\/22ct-gold-cz-butterfly-stud-earrings-53145\/#primaryimage"},"thumbnailUrl":"https:\/\/static.purejewels.com\/wp-content\/uploads\/2026\/03\/53145.jpg","datePublished":"2026-01-25T07:38:21+00:00","dateModified":"2026-04-28T12:36:30+00:00","description":"Shop 22ct Gold CZ Schmetterling Ohrstecker mit einem zarten zweifarbigen Design. Elegant, leicht und perfekt f\u00fcr das t\u00e4gliche Tragen.","breadcrumb":{"@id":"https:\/\/www.purejewels.com\/product\/22ct-gold-cz-butterfly-stud-earrings-53145\/#breadcrumb"},"inLanguage":"de","potentialAction":[{"@type":"ReadAction","target":["https:\/\/www.purejewels.com\/product\/22ct-gold-cz-butterfly-stud-earrings-53145\/"]}]},{"@type":"ImageObject","inLanguage":"de","@id":"https:\/\/www.purejewels.com\/product\/22ct-gold-cz-butterfly-stud-earrings-53145\/#primaryimage","url":"https:\/\/static.purejewels.com\/wp-content\/uploads\/2026\/03\/53145.jpg","contentUrl":"https:\/\/static.purejewels.com\/wp-content\/uploads\/2026\/03\/53145.jpg","width":1024,"height":1024,"caption":"22ct Gold CZ Butterfly Stud Earrings"},{"@type":"BreadcrumbList","@id":"https:\/\/www.purejewels.com\/product\/22ct-gold-cz-butterfly-stud-earrings-53145\/#breadcrumb","itemListElement":[{"@type":"ListItem","position":1,"name":"Home","item":"https:\/\/www.purejewels.com\/"},{"@type":"ListItem","position":2,"name":"Shop","item":"https:\/\/www.purejewels.com\/shop\/"},{"@type":"ListItem","position":3,"name":"22ct Gold CZ Butterfly Stud Earrings"}]},{"@type":"WebSite","@id":"https:\/\/www.purejewels.com\/#website","url":"https:\/\/www.purejewels.com\/","name":"PureJewels UK","description":"Teile die Liebe","publisher":{"@id":"https:\/\/www.purejewels.com\/#organization"},"potentialAction":[{"@type":"SearchAction","target":{"@type":"EntryPoint","urlTemplate":"https:\/\/www.purejewels.com\/?s={search_term_string}"},"query-input":{"@type":"PropertyValueSpecification","valueRequired":true,"valueName":"search_term_string"}}],"inLanguage":"de"},{"@type":"Organization","@id":"https:\/\/www.purejewels.com\/#organization","name":"PureJewels UK","url":"https:\/\/www.purejewels.com\/","logo":{"@type":"ImageObject","inLanguage":"de","@id":"https:\/\/www.purejewels.com\/#\/schema\/logo\/image\/","url":"https:\/\/static.purejewels.com\/wp-content\/uploads\/2020\/11\/Logo-PJ-New-1.png","contentUrl":"https:\/\/static.purejewels.com\/wp-content\/uploads\/2020\/11\/Logo-PJ-New-1.png","width":150,"height":80,"caption":"PureJewels UK"},"image":{"@id":"https:\/\/www.purejewels.com\/#\/schema\/logo\/image\/"}}]}},"_links":{"self":[{"href":"https:\/\/www.purejewels.com\/de\/wp-json\/wp\/v2\/product\/427554","targetHints":{"allow":["GET"]}}],"collection":[{"href":"https:\/\/www.purejewels.com\/de\/wp-json\/wp\/v2\/product"}],"about":[{"href":"https:\/\/www.purejewels.com\/de\/wp-json\/wp\/v2\/types\/product"}],"replies":[{"embeddable":true,"href":"https:\/\/www.purejewels.com\/de\/wp-json\/wp\/v2\/comments?post=427554"}],"version-history":[{"count":2,"href":"https:\/\/www.purejewels.com\/de\/wp-json\/wp\/v2\/product\/427554\/revisions"}],"predecessor-version":[{"id":428102,"href":"https:\/\/www.purejewels.com\/de\/wp-json\/wp\/v2\/product\/427554\/revisions\/428102"}],"wp:featuredmedia":[{"embeddable":true,"href":"https:\/\/www.purejewels.com\/de\/wp-json\/wp\/v2\/media\/427555"}],"wp:attachment":[{"href":"https:\/\/www.purejewels.com\/de\/wp-json\/wp\/v2\/media?parent=427554"}],"wp:term":[{"taxonomy":"product_brand","embeddable":true,"href":"https:\/\/www.purejewels.com\/de\/wp-json\/wp\/v2\/product_brand?post=427554"},{"taxonomy":"product_cat","embeddable":true,"href":"https:\/\/www.purejewels.com\/de\/wp-json\/wp\/v2\/product_cat?post=427554"},{"taxonomy":"product_tag","embeddable":true,"href":"https:\/\/www.purejewels.com\/de\/wp-json\/wp\/v2\/product_tag?post=427554"}],"curies":[{"name":"wp","href":"https:\/\/api.w.org\/{rel}","templated":true}]}}