{"id":427698,"date":"2026-01-26T10:52:12","date_gmt":"2026-01-26T10:52:12","guid":{"rendered":"https:\/\/www.purejewels.com\/?post_type=product&#038;p=427698"},"modified":"2026-03-26T11:16:28","modified_gmt":"2026-03-26T11:16:28","slug":"22-kt-gold-armari-gitter-tropfen-halskette-49612","status":"publish","type":"product","link":"https:\/\/www.purejewels.com\/de\/product\/22ct-gold-armari-lattice-drop-necklace-49612\/","title":{"rendered":"22ct Gold Armari Gitter Tropfen Halskette"},"content":{"rendered":"<p><strong>Designkonzept<\/strong><br \/>\nDie Armari Lattice Drop Necklace zelebriert Leichtigkeit und Komplexit\u00e4t durch ihren fein detaillierten runden Anh\u00e4nger. Die von einem Gitter inspirierte Textur schafft ein Gef\u00fchl von Offenheit und Struktur, w\u00e4hrend die zarten Tropfenelemente einen sanften Rhythmus und Bewegung erzeugen.<br \/>\nSeine ausgewogenen Proportionen machen ihn sowohl ausdrucksstark als auch tragbar - ein St\u00fcck, das unaufdringlich elegant und m\u00fchelos raffiniert wirkt.<\/p>\n<p><strong>Handwerkliches K\u00f6nnen<\/strong><br \/>\nDer aus reichem 22-kar\u00e4tigem Gold gefertigte Anh\u00e4nger zeichnet sich durch eine pr\u00e4zise Strukturierung aus, die ein zartes Gittermuster bildet und das Licht mit subtiler Brillanz reflektiert. Die feine Perlenkette sorgt f\u00fcr einen flie\u00dfenden \u00dcbergang und erm\u00f6glicht einen nat\u00fcrlichen Sitz der Kette am Dekollet\u00e9.<br \/>\nJedes Element ist sorgf\u00e4ltig verarbeitet und verk\u00f6rpert das Engagement von PureJewels f\u00fcr traditionelle Handwerkskunst und dauerhafte Qualit\u00e4t.<\/p>\n<p><strong>Styling-Ideen<\/strong><br \/>\nDie Armari Lattice Drop Necklace ist perfekt f\u00fcr alle, die schlichte Eleganz zu sch\u00e4tzen wissen. Ihre zarte Gr\u00f6\u00dfe macht sie ideal f\u00fcr den Alltag und passt wunderbar zu weichen Silhouetten und minimalistischem Styling.<\/p>\n<p>F\u00fcr einen koordinierten Look k\u00f6nnen Sie ihn mit Armari Textured Stud Earrings kombinieren, um eine subtile Harmonie zu erzielen, oder ihn mit Crescent Drop Earrings aufwerten, um einen Kontrast und Bewegung zu schaffen. Sie l\u00e4sst sich auch elegant mit feineren Ketten kombinieren, um einen individuellen, modernen Look zu kreieren.<\/p>","protected":false},"excerpt":{"rendered":"<div class=\"woocommerce-product-details__short-description\">\n<div class=\"woocommerce-product-details__short-description\">Eine zarte Halskette aus 22-kar\u00e4tigem Gold mit einem runden Anh\u00e4nger mit Gitterstruktur und weichen Tropfenakzenten - f\u00fcr anmutige Bewegungen und allt\u00e4gliche Eleganz.<\/div>\n<\/div>\n<div><\/div>\n<div><strong>Material:<\/strong> 22ct Gold<\/div>\n<div><strong>Reinheit:<\/strong> 91.6% rein<\/div>\n<div><strong>Wahrzeichen:<\/strong> Britisches G\u00fctesiegel<\/div>\n<div><strong>Bruttogewicht: <\/strong>22.10 Gms<\/div>\n<div><strong>L\u00e4nge:<\/strong> 18 Zoll<\/div>\n<div><strong>SKU:<\/strong> 49612<\/div>\n<div>\n<p><strong>Preis und Lieferung<\/strong>: Inklusive Mehrwertsteuer und Lieferkosten<br \/>\n<a href=\"https:\/\/www.purejewels.com\/de\/ruckgabepolitik\/\">R\u00fcckgabepolitik<\/a><\/p>\n<\/div>\n<div class=\"woocommerce-product-details__short-description\">\n<div class=\"btn-atc atc-slide\"><\/div>\n<div class=\"product_meta\"><\/div>\n<\/div>\n<div class=\"btn-atc atc-slide\"><\/div>\n<div class=\"product_meta\"><\/div>","protected":false},"featured_media":427699,"comment_status":"closed","ping_status":"closed","template":"","meta":{"_eb_attr":"","_crsspst_to_jayantr4sg-hostcom":false},"product_brand":[],"product_cat":[245,5643,236,1790,1253,1778,1574,5349],"product_tag":[],"class_list":{"0":"post-427698","1":"product","2":"type-product","3":"status-publish","4":"has-post-thumbnail","6":"product_cat-armari-collections","7":"product_cat-armari-necklace","8":"product_cat-collections","9":"product_cat-for-whom-when","10":"product_cat-gold-necklaces","11":"product_cat-short-necklaces","12":"product_cat-womens-jewellery","13":"product_cat-yellow-gold-jewellery","15":"first","16":"instock","17":"taxable","18":"shipping-taxable","19":"purchasable","20":"product-type-simple","21":"add-to-wishlist-before_image"},"yoast_head":"<!-- This site is optimized with the Yoast SEO plugin v27.6 - https:\/\/yoast.com\/product\/yoast-seo-wordpress\/ -->\n<title>22ct Gold Armari Lattice Drop Necklace | PureJewels London<\/title>\n<meta name=\"description\" content=\"Discover the 22ct Gold Armari Lattice Drop Necklace, featuring intricate woven detailing with delicate drop elements. A refined expression of craftsmanship by PureJewels.\" \/>\n<meta name=\"robots\" content=\"index, follow, max-snippet:-1, max-image-preview:large, max-video-preview:-1\" \/>\n<link rel=\"canonical\" href=\"https:\/\/www.purejewels.com\/de\/produkt-2\/22-kt-gold-armari-gitter-tropfen-halskette-49612\/\" \/>\n<meta property=\"og:locale\" content=\"de_DE\" \/>\n<meta property=\"og:type\" content=\"article\" \/>\n<meta property=\"og:title\" content=\"22ct Gold Armari Lattice Drop Necklace | PureJewels London\" \/>\n<meta property=\"og:description\" content=\"Discover the 22ct Gold Armari Lattice Drop Necklace, featuring intricate woven detailing with delicate drop elements. A refined expression of craftsmanship by PureJewels.\" \/>\n<meta property=\"og:url\" content=\"https:\/\/www.purejewels.com\/de\/produkt-2\/22-kt-gold-armari-gitter-tropfen-halskette-49612\/\" \/>\n<meta property=\"og:site_name\" content=\"PureJewels UK\" \/>\n<meta property=\"article:modified_time\" content=\"2026-03-26T11:16:28+00:00\" \/>\n<meta property=\"og:image\" content=\"https:\/\/static.purejewels.com\/wp-content\/uploads\/2026\/03\/SKU-49612-FRONT.jpg\" \/>\n\t<meta property=\"og:image:width\" content=\"1000\" \/>\n\t<meta property=\"og:image:height\" content=\"1000\" \/>\n\t<meta property=\"og:image:type\" content=\"image\/jpeg\" \/>\n<meta name=\"twitter:card\" content=\"summary_large_image\" \/>\n<meta name=\"twitter:label1\" content=\"Gesch\u00e4tzte Lesezeit\" \/>\n\t<meta name=\"twitter:data1\" content=\"1\u00a0Minute\" \/>\n<script type=\"application\/ld+json\" class=\"yoast-schema-graph\">{\"@context\":\"https:\\\/\\\/schema.org\",\"@graph\":[{\"@type\":[\"WebPage\",\"ItemPage\"],\"@id\":\"https:\\\/\\\/www.purejewels.com\\\/product\\\/22ct-gold-armari-lattice-drop-necklace-49612\\\/\",\"url\":\"https:\\\/\\\/www.purejewels.com\\\/product\\\/22ct-gold-armari-lattice-drop-necklace-49612\\\/\",\"name\":\"22ct Gold Armari Lattice Drop Necklace | PureJewels London\",\"isPartOf\":{\"@id\":\"https:\\\/\\\/www.purejewels.com\\\/#website\"},\"primaryImageOfPage\":{\"@id\":\"https:\\\/\\\/www.purejewels.com\\\/product\\\/22ct-gold-armari-lattice-drop-necklace-49612\\\/#primaryimage\"},\"image\":{\"@id\":\"https:\\\/\\\/www.purejewels.com\\\/product\\\/22ct-gold-armari-lattice-drop-necklace-49612\\\/#primaryimage\"},\"thumbnailUrl\":\"https:\\\/\\\/static.purejewels.com\\\/wp-content\\\/uploads\\\/2026\\\/03\\\/SKU-49612-FRONT.jpg\",\"datePublished\":\"2026-01-26T10:52:12+00:00\",\"dateModified\":\"2026-03-26T11:16:28+00:00\",\"description\":\"Discover the 22ct Gold Armari Lattice Drop Necklace, featuring intricate woven detailing with delicate drop elements. A refined expression of craftsmanship by PureJewels.\",\"breadcrumb\":{\"@id\":\"https:\\\/\\\/www.purejewels.com\\\/product\\\/22ct-gold-armari-lattice-drop-necklace-49612\\\/#breadcrumb\"},\"inLanguage\":\"de\",\"potentialAction\":[{\"@type\":\"ReadAction\",\"target\":[\"https:\\\/\\\/www.purejewels.com\\\/product\\\/22ct-gold-armari-lattice-drop-necklace-49612\\\/\"]}]},{\"@type\":\"ImageObject\",\"inLanguage\":\"de\",\"@id\":\"https:\\\/\\\/www.purejewels.com\\\/product\\\/22ct-gold-armari-lattice-drop-necklace-49612\\\/#primaryimage\",\"url\":\"https:\\\/\\\/static.purejewels.com\\\/wp-content\\\/uploads\\\/2026\\\/03\\\/SKU-49612-FRONT.jpg\",\"contentUrl\":\"https:\\\/\\\/static.purejewels.com\\\/wp-content\\\/uploads\\\/2026\\\/03\\\/SKU-49612-FRONT.jpg\",\"width\":1000,\"height\":1000,\"caption\":\"22ct Gold Armari Lattice Drop Necklace\"},{\"@type\":\"BreadcrumbList\",\"@id\":\"https:\\\/\\\/www.purejewels.com\\\/product\\\/22ct-gold-armari-lattice-drop-necklace-49612\\\/#breadcrumb\",\"itemListElement\":[{\"@type\":\"ListItem\",\"position\":1,\"name\":\"Home\",\"item\":\"https:\\\/\\\/www.purejewels.com\\\/\"},{\"@type\":\"ListItem\",\"position\":2,\"name\":\"Shop\",\"item\":\"https:\\\/\\\/www.purejewels.com\\\/shop\\\/\"},{\"@type\":\"ListItem\",\"position\":3,\"name\":\"22ct Gold Armari Lattice Drop Necklace\"}]},{\"@type\":\"WebSite\",\"@id\":\"https:\\\/\\\/www.purejewels.com\\\/#website\",\"url\":\"https:\\\/\\\/www.purejewels.com\\\/\",\"name\":\"PureJewels UK\",\"description\":\"Share the Love\",\"publisher\":{\"@id\":\"https:\\\/\\\/www.purejewels.com\\\/#organization\"},\"potentialAction\":[{\"@type\":\"SearchAction\",\"target\":{\"@type\":\"EntryPoint\",\"urlTemplate\":\"https:\\\/\\\/www.purejewels.com\\\/?s={search_term_string}\"},\"query-input\":{\"@type\":\"PropertyValueSpecification\",\"valueRequired\":true,\"valueName\":\"search_term_string\"}}],\"inLanguage\":\"de\"},{\"@type\":\"Organization\",\"@id\":\"https:\\\/\\\/www.purejewels.com\\\/#organization\",\"name\":\"PureJewels UK\",\"url\":\"https:\\\/\\\/www.purejewels.com\\\/\",\"logo\":{\"@type\":\"ImageObject\",\"inLanguage\":\"de\",\"@id\":\"https:\\\/\\\/www.purejewels.com\\\/#\\\/schema\\\/logo\\\/image\\\/\",\"url\":\"https:\\\/\\\/static.purejewels.com\\\/wp-content\\\/uploads\\\/2020\\\/11\\\/Logo-PJ-New-1.png\",\"contentUrl\":\"https:\\\/\\\/static.purejewels.com\\\/wp-content\\\/uploads\\\/2020\\\/11\\\/Logo-PJ-New-1.png\",\"width\":150,\"height\":80,\"caption\":\"PureJewels UK\"},\"image\":{\"@id\":\"https:\\\/\\\/www.purejewels.com\\\/#\\\/schema\\\/logo\\\/image\\\/\"}}]}<\/script>\n<!-- \/ Yoast SEO plugin. -->","yoast_head_json":{"title":"22ct Gold Armari Gitter Tropfen Halskette | PureJewels London","description":"Entdecken Sie die Armari Lattice Drop Necklace aus 22 Karat Gold, die mit filigranen Flechtdetails und zarten Tropfenelementen aufwartet. Ein raffinierter Ausdruck der Handwerkskunst von PureJewels.","robots":{"index":"index","follow":"follow","max-snippet":"max-snippet:-1","max-image-preview":"max-image-preview:large","max-video-preview":"max-video-preview:-1"},"canonical":"https:\/\/www.purejewels.com\/de\/produkt-2\/22-kt-gold-armari-gitter-tropfen-halskette-49612\/","og_locale":"de_DE","og_type":"article","og_title":"22ct Gold Armari Lattice Drop Necklace | PureJewels London","og_description":"Discover the 22ct Gold Armari Lattice Drop Necklace, featuring intricate woven detailing with delicate drop elements. A refined expression of craftsmanship by PureJewels.","og_url":"https:\/\/www.purejewels.com\/de\/produkt-2\/22-kt-gold-armari-gitter-tropfen-halskette-49612\/","og_site_name":"PureJewels UK","article_modified_time":"2026-03-26T11:16:28+00:00","og_image":[{"width":1000,"height":1000,"url":"https:\/\/static.purejewels.com\/wp-content\/uploads\/2026\/03\/SKU-49612-FRONT.jpg","type":"image\/jpeg"}],"twitter_card":"summary_large_image","twitter_misc":{"Gesch\u00e4tzte Lesezeit":"1\u00a0Minute"},"schema":{"@context":"https:\/\/schema.org","@graph":[{"@type":["WebPage","ItemPage"],"@id":"https:\/\/www.purejewels.com\/product\/22ct-gold-armari-lattice-drop-necklace-49612\/","url":"https:\/\/www.purejewels.com\/product\/22ct-gold-armari-lattice-drop-necklace-49612\/","name":"22ct Gold Armari Gitter Tropfen Halskette | PureJewels London","isPartOf":{"@id":"https:\/\/www.purejewels.com\/#website"},"primaryImageOfPage":{"@id":"https:\/\/www.purejewels.com\/product\/22ct-gold-armari-lattice-drop-necklace-49612\/#primaryimage"},"image":{"@id":"https:\/\/www.purejewels.com\/product\/22ct-gold-armari-lattice-drop-necklace-49612\/#primaryimage"},"thumbnailUrl":"https:\/\/static.purejewels.com\/wp-content\/uploads\/2026\/03\/SKU-49612-FRONT.jpg","datePublished":"2026-01-26T10:52:12+00:00","dateModified":"2026-03-26T11:16:28+00:00","description":"Entdecken Sie die Armari Lattice Drop Necklace aus 22 Karat Gold, die mit filigranen Flechtdetails und zarten Tropfenelementen aufwartet. Ein raffinierter Ausdruck der Handwerkskunst von PureJewels.","breadcrumb":{"@id":"https:\/\/www.purejewels.com\/product\/22ct-gold-armari-lattice-drop-necklace-49612\/#breadcrumb"},"inLanguage":"de","potentialAction":[{"@type":"ReadAction","target":["https:\/\/www.purejewels.com\/product\/22ct-gold-armari-lattice-drop-necklace-49612\/"]}]},{"@type":"ImageObject","inLanguage":"de","@id":"https:\/\/www.purejewels.com\/product\/22ct-gold-armari-lattice-drop-necklace-49612\/#primaryimage","url":"https:\/\/static.purejewels.com\/wp-content\/uploads\/2026\/03\/SKU-49612-FRONT.jpg","contentUrl":"https:\/\/static.purejewels.com\/wp-content\/uploads\/2026\/03\/SKU-49612-FRONT.jpg","width":1000,"height":1000,"caption":"22ct Gold Armari Lattice Drop Necklace"},{"@type":"BreadcrumbList","@id":"https:\/\/www.purejewels.com\/product\/22ct-gold-armari-lattice-drop-necklace-49612\/#breadcrumb","itemListElement":[{"@type":"ListItem","position":1,"name":"Home","item":"https:\/\/www.purejewels.com\/"},{"@type":"ListItem","position":2,"name":"Shop","item":"https:\/\/www.purejewels.com\/shop\/"},{"@type":"ListItem","position":3,"name":"22ct Gold Armari Lattice Drop Necklace"}]},{"@type":"WebSite","@id":"https:\/\/www.purejewels.com\/#website","url":"https:\/\/www.purejewels.com\/","name":"PureJewels UK","description":"Teile die Liebe","publisher":{"@id":"https:\/\/www.purejewels.com\/#organization"},"potentialAction":[{"@type":"SearchAction","target":{"@type":"EntryPoint","urlTemplate":"https:\/\/www.purejewels.com\/?s={search_term_string}"},"query-input":{"@type":"PropertyValueSpecification","valueRequired":true,"valueName":"search_term_string"}}],"inLanguage":"de"},{"@type":"Organization","@id":"https:\/\/www.purejewels.com\/#organization","name":"PureJewels UK","url":"https:\/\/www.purejewels.com\/","logo":{"@type":"ImageObject","inLanguage":"de","@id":"https:\/\/www.purejewels.com\/#\/schema\/logo\/image\/","url":"https:\/\/static.purejewels.com\/wp-content\/uploads\/2020\/11\/Logo-PJ-New-1.png","contentUrl":"https:\/\/static.purejewels.com\/wp-content\/uploads\/2020\/11\/Logo-PJ-New-1.png","width":150,"height":80,"caption":"PureJewels UK"},"image":{"@id":"https:\/\/www.purejewels.com\/#\/schema\/logo\/image\/"}}]}},"_links":{"self":[{"href":"https:\/\/www.purejewels.com\/de\/wp-json\/wp\/v2\/product\/427698","targetHints":{"allow":["GET"]}}],"collection":[{"href":"https:\/\/www.purejewels.com\/de\/wp-json\/wp\/v2\/product"}],"about":[{"href":"https:\/\/www.purejewels.com\/de\/wp-json\/wp\/v2\/types\/product"}],"replies":[{"embeddable":true,"href":"https:\/\/www.purejewels.com\/de\/wp-json\/wp\/v2\/comments?post=427698"}],"version-history":[{"count":1,"href":"https:\/\/www.purejewels.com\/de\/wp-json\/wp\/v2\/product\/427698\/revisions"}],"predecessor-version":[{"id":427700,"href":"https:\/\/www.purejewels.com\/de\/wp-json\/wp\/v2\/product\/427698\/revisions\/427700"}],"wp:featuredmedia":[{"embeddable":true,"href":"https:\/\/www.purejewels.com\/de\/wp-json\/wp\/v2\/media\/427699"}],"wp:attachment":[{"href":"https:\/\/www.purejewels.com\/de\/wp-json\/wp\/v2\/media?parent=427698"}],"wp:term":[{"taxonomy":"product_brand","embeddable":true,"href":"https:\/\/www.purejewels.com\/de\/wp-json\/wp\/v2\/product_brand?post=427698"},{"taxonomy":"product_cat","embeddable":true,"href":"https:\/\/www.purejewels.com\/de\/wp-json\/wp\/v2\/product_cat?post=427698"},{"taxonomy":"product_tag","embeddable":true,"href":"https:\/\/www.purejewels.com\/de\/wp-json\/wp\/v2\/product_tag?post=427698"}],"curies":[{"name":"wp","href":"https:\/\/api.w.org\/{rel}","templated":true}]}}