{"id":427959,"date":"2026-01-01T05:44:27","date_gmt":"2026-01-01T05:44:27","guid":{"rendered":"https:\/\/www.purejewels.com\/?post_type=product&#038;p=427959"},"modified":"2026-04-01T05:58:11","modified_gmt":"2026-04-01T04:58:11","slug":"22ct-gold-armari-frauen-hand-kette-ring-poncha-52995","status":"publish","type":"product","link":"https:\/\/www.purejewels.com\/de\/product\/22ct-gold-armari-womens-hand-chain-ring-poncha-52995\/","title":{"rendered":"22ct Gold Armari Frauen Hand Kette Ring Poncha"},"content":{"rendered":"<p><strong>Designkonzept<\/strong><\/p>\n<p>Der Armari Women's Hand Chain Ring Poncha ist ein poetischer Ausdruck der Verbundenheit, bei dem jedes kompliziert geformte Element nahtlos vom Armband zum Ring \u00fcbergeht. Inspiriert vom Rhythmus des Reisens und der Sch\u00f6nheit der Einheit, vereint das Design skulpturale Texturen und zarte Glieder zu einer anmutigen Silhouette, die sich m\u00fchelos mit der Hand bewegt und dabei sowohl das Erbe als auch die zeitgen\u00f6ssische Eleganz zelebriert.<\/p>\n<p><strong>Handwerkliches K\u00f6nnen<\/strong><\/p>\n<p>Diese aus gl\u00e4nzendem 22-kar\u00e4tigem Gold gefertigte Poncha spiegelt die Meisterschaft erfahrener Kunsthandwerker wider, die jedes Detail mit Pr\u00e4zision und Sorgfalt gestalten. Die strukturierten Elemente werden sorgf\u00e4ltig geformt, um Tiefe und Reichtum zu erzielen, w\u00e4hrend die feinen Ketten so zusammengesetzt werden, dass sie flie\u00dfend, komfortabel und langlebig sind. Jede Verbindung ist durchdacht, so dass das St\u00fcck nat\u00fcrlich in der Hand liegt und gleichzeitig St\u00e4rke und Gleichgewicht beibeh\u00e4lt.<\/p>\n<p><strong>Styling-Ideen<\/strong><\/p>\n<p>Die auff\u00e4llige und zugleich raffinierte Armari Poncha eignet sich perfekt f\u00fcr Brautmode und Anl\u00e4sse und verleiht traditionellen Ensembles einen besonderen Touch. Er kann als Einzelst\u00fcck getragen werden, um seine filigrane Sch\u00f6nheit zu betonen, oder mit passenden Goldarmb\u00e4ndern f\u00fcr einen mehrschichtigen, feierlichen Look kombiniert werden. Auch in Kombination mit minimalistischer Kleidung verleiht er einen modernen Touch und ist somit ein vielseitiger Ausdruck von Eleganz bei allen Gelegenheiten.<\/p>","protected":false},"excerpt":{"rendered":"<div class=\"woocommerce-product-details__short-description\">Der aus strahlendem 22-kar\u00e4tigem Gold gefertigte Armari Handkettenring Poncha verbindet Handgelenk und Finger auf elegante Art und Weise mit komplizierter Perlenarbeit und flie\u00dfender Form. Ein zeitloses, in der Tradition verwurzeltes Statement, entworfen f\u00fcr anmutige, moderne Verzierungen.<\/div>\n<div><\/div>\n<div>\n<p><strong>Material:<\/strong> 22ct Gold (91,6% reines Gold)<br \/>\n<strong>Wahrzeichen:\u00a0<\/strong>Britisches G\u00fctesiegel<strong><br \/>\n<\/strong><strong>Gewicht: <\/strong>17.30 Gms<br \/>\n<strong>SKU: <\/strong>52995<br \/>\n<strong>L\u00e4nge:<\/strong>\u00a07 Zoll<\/p>\n<p><strong>Preis und Lieferung:\u00a0<\/strong>Inklusive Mehrwertsteuer und Lieferkosten<strong><br \/>\n<a href=\"https:\/\/www.purejewels.com\/de\/ruckgabepolitik\/\">R\u00fcckgabepolitik<\/a><\/strong><\/p>\n<\/div>\n<div class=\"btn-atc atc-slide\"><\/div>\n<div class=\"product_meta\"><\/div>","protected":false},"featured_media":427960,"comment_status":"closed","ping_status":"closed","template":"","meta":{"_eb_attr":"","_crsspst_to_jayantr4sg-hostcom":false},"product_brand":[],"product_cat":[1791,245,6009,236,5701,5370,1792,1229,1718,5371,1574,5349],"product_tag":[],"class_list":{"0":"post-427959","1":"product","2":"type-product","3":"status-publish","4":"has-post-thumbnail","6":"product_cat-anniversary-gifts","7":"product_cat-armari-collections","8":"product_cat-bracelet-poncha","9":"product_cat-collections","10":"product_cat-eid-jewellery","11":"product_cat-ethnic-jewellery","12":"product_cat-festival-gifts","13":"product_cat-22ct-gold-jewellery","14":"product_cat-ladies-poncha","15":"product_cat-jewellery-for-hands","16":"product_cat-womens-jewellery","17":"product_cat-yellow-gold-jewellery","19":"first","20":"instock","21":"taxable","22":"shipping-taxable","23":"purchasable","24":"product-type-simple","25":"add-to-wishlist-before_image"},"yoast_head":"<!-- This site is optimized with the Yoast SEO plugin v27.3 - https:\/\/yoast.com\/product\/yoast-seo-wordpress\/ -->\n<title>Shop online 22ct Gold Armari Women\u2019s Hand Chain Ring Poncha<\/title>\n<meta name=\"description\" content=\"Discover the 22ct Gold Armari Women\u2019s Hand Chain Ring Poncha, crafted with intricate detailing and timeless design. A statement bridal and occasion piece by PureJewels.\" \/>\n<meta name=\"robots\" content=\"index, follow, max-snippet:-1, max-image-preview:large, max-video-preview:-1\" \/>\n<link rel=\"canonical\" href=\"https:\/\/www.purejewels.com\/de\/produkt-2\/22ct-gold-armari-frauen-hand-kette-ring-poncha-52995\/\" \/>\n<meta property=\"og:locale\" content=\"de_DE\" \/>\n<meta property=\"og:type\" content=\"article\" \/>\n<meta property=\"og:title\" content=\"Shop online 22ct Gold Armari Women\u2019s Hand Chain Ring Poncha\" \/>\n<meta property=\"og:description\" content=\"Discover the 22ct Gold Armari Women\u2019s Hand Chain Ring Poncha, crafted with intricate detailing and timeless design. A statement bridal and occasion piece by PureJewels.\" \/>\n<meta property=\"og:url\" content=\"https:\/\/www.purejewels.com\/de\/produkt-2\/22ct-gold-armari-frauen-hand-kette-ring-poncha-52995\/\" \/>\n<meta property=\"og:site_name\" content=\"PureJewels UK\" \/>\n<meta property=\"article:modified_time\" content=\"2026-04-01T04:58:11+00:00\" \/>\n<meta property=\"og:image\" content=\"https:\/\/static.purejewels.com\/wp-content\/uploads\/2026\/04\/sku-52995-front.jpg\" \/>\n\t<meta property=\"og:image:width\" content=\"1000\" \/>\n\t<meta property=\"og:image:height\" content=\"1000\" \/>\n\t<meta property=\"og:image:type\" content=\"image\/jpeg\" \/>\n<meta name=\"twitter:card\" content=\"summary_large_image\" \/>\n<meta name=\"twitter:label1\" content=\"Gesch\u00e4tzte Lesezeit\" \/>\n\t<meta name=\"twitter:data1\" content=\"2\u00a0Minuten\" \/>\n<script type=\"application\/ld+json\" class=\"yoast-schema-graph\">{\"@context\":\"https:\\\/\\\/schema.org\",\"@graph\":[{\"@type\":[\"WebPage\",\"ItemPage\"],\"@id\":\"https:\\\/\\\/www.purejewels.com\\\/product\\\/22ct-gold-armari-womens-hand-chain-ring-poncha-52995\\\/\",\"url\":\"https:\\\/\\\/www.purejewels.com\\\/product\\\/22ct-gold-armari-womens-hand-chain-ring-poncha-52995\\\/\",\"name\":\"Shop online 22ct Gold Armari Women\u2019s Hand Chain Ring Poncha\",\"isPartOf\":{\"@id\":\"https:\\\/\\\/www.purejewels.com\\\/#website\"},\"primaryImageOfPage\":{\"@id\":\"https:\\\/\\\/www.purejewels.com\\\/product\\\/22ct-gold-armari-womens-hand-chain-ring-poncha-52995\\\/#primaryimage\"},\"image\":{\"@id\":\"https:\\\/\\\/www.purejewels.com\\\/product\\\/22ct-gold-armari-womens-hand-chain-ring-poncha-52995\\\/#primaryimage\"},\"thumbnailUrl\":\"https:\\\/\\\/static.purejewels.com\\\/wp-content\\\/uploads\\\/2026\\\/04\\\/sku-52995-front.jpg\",\"datePublished\":\"2026-01-01T05:44:27+00:00\",\"dateModified\":\"2026-04-01T04:58:11+00:00\",\"description\":\"Discover the 22ct Gold Armari Women\u2019s Hand Chain Ring Poncha, crafted with intricate detailing and timeless design. A statement bridal and occasion piece by PureJewels.\",\"breadcrumb\":{\"@id\":\"https:\\\/\\\/www.purejewels.com\\\/product\\\/22ct-gold-armari-womens-hand-chain-ring-poncha-52995\\\/#breadcrumb\"},\"inLanguage\":\"de\",\"potentialAction\":[{\"@type\":\"ReadAction\",\"target\":[\"https:\\\/\\\/www.purejewels.com\\\/product\\\/22ct-gold-armari-womens-hand-chain-ring-poncha-52995\\\/\"]}]},{\"@type\":\"ImageObject\",\"inLanguage\":\"de\",\"@id\":\"https:\\\/\\\/www.purejewels.com\\\/product\\\/22ct-gold-armari-womens-hand-chain-ring-poncha-52995\\\/#primaryimage\",\"url\":\"https:\\\/\\\/static.purejewels.com\\\/wp-content\\\/uploads\\\/2026\\\/04\\\/sku-52995-front.jpg\",\"contentUrl\":\"https:\\\/\\\/static.purejewels.com\\\/wp-content\\\/uploads\\\/2026\\\/04\\\/sku-52995-front.jpg\",\"width\":1000,\"height\":1000,\"caption\":\"Stacked from 11 images. Method=B (R=8,S=4)\"},{\"@type\":\"BreadcrumbList\",\"@id\":\"https:\\\/\\\/www.purejewels.com\\\/product\\\/22ct-gold-armari-womens-hand-chain-ring-poncha-52995\\\/#breadcrumb\",\"itemListElement\":[{\"@type\":\"ListItem\",\"position\":1,\"name\":\"Home\",\"item\":\"https:\\\/\\\/www.purejewels.com\\\/\"},{\"@type\":\"ListItem\",\"position\":2,\"name\":\"Shop\",\"item\":\"https:\\\/\\\/www.purejewels.com\\\/shop\\\/\"},{\"@type\":\"ListItem\",\"position\":3,\"name\":\"22ct Gold Armari Women\u2019s Hand Chain Ring Poncha\"}]},{\"@type\":\"WebSite\",\"@id\":\"https:\\\/\\\/www.purejewels.com\\\/#website\",\"url\":\"https:\\\/\\\/www.purejewels.com\\\/\",\"name\":\"PureJewels UK\",\"description\":\"Share the Love\",\"publisher\":{\"@id\":\"https:\\\/\\\/www.purejewels.com\\\/#organization\"},\"potentialAction\":[{\"@type\":\"SearchAction\",\"target\":{\"@type\":\"EntryPoint\",\"urlTemplate\":\"https:\\\/\\\/www.purejewels.com\\\/?s={search_term_string}\"},\"query-input\":{\"@type\":\"PropertyValueSpecification\",\"valueRequired\":true,\"valueName\":\"search_term_string\"}}],\"inLanguage\":\"de\"},{\"@type\":\"Organization\",\"@id\":\"https:\\\/\\\/www.purejewels.com\\\/#organization\",\"name\":\"PureJewels UK\",\"url\":\"https:\\\/\\\/www.purejewels.com\\\/\",\"logo\":{\"@type\":\"ImageObject\",\"inLanguage\":\"de\",\"@id\":\"https:\\\/\\\/www.purejewels.com\\\/#\\\/schema\\\/logo\\\/image\\\/\",\"url\":\"https:\\\/\\\/static.purejewels.com\\\/wp-content\\\/uploads\\\/2020\\\/11\\\/Logo-PJ-New-1.png\",\"contentUrl\":\"https:\\\/\\\/static.purejewels.com\\\/wp-content\\\/uploads\\\/2020\\\/11\\\/Logo-PJ-New-1.png\",\"width\":150,\"height\":80,\"caption\":\"PureJewels UK\"},\"image\":{\"@id\":\"https:\\\/\\\/www.purejewels.com\\\/#\\\/schema\\\/logo\\\/image\\\/\"}}]}<\/script>\n<!-- \/ Yoast SEO plugin. -->","yoast_head_json":{"title":"Shop online 22ct Gold Armari Frauen Hand Kette Ring Poncha","description":"Entdecken Sie die 22ct Gold Armari Damen Handkette Ring Poncha, mit aufwendigen Details und zeitlosem Design gefertigt. Eine Aussage Braut und Anlass St\u00fcck von PureJewels.","robots":{"index":"index","follow":"follow","max-snippet":"max-snippet:-1","max-image-preview":"max-image-preview:large","max-video-preview":"max-video-preview:-1"},"canonical":"https:\/\/www.purejewels.com\/de\/produkt-2\/22ct-gold-armari-frauen-hand-kette-ring-poncha-52995\/","og_locale":"de_DE","og_type":"article","og_title":"Shop online 22ct Gold Armari Women\u2019s Hand Chain Ring Poncha","og_description":"Discover the 22ct Gold Armari Women\u2019s Hand Chain Ring Poncha, crafted with intricate detailing and timeless design. A statement bridal and occasion piece by PureJewels.","og_url":"https:\/\/www.purejewels.com\/de\/produkt-2\/22ct-gold-armari-frauen-hand-kette-ring-poncha-52995\/","og_site_name":"PureJewels UK","article_modified_time":"2026-04-01T04:58:11+00:00","og_image":[{"width":1000,"height":1000,"url":"https:\/\/static.purejewels.com\/wp-content\/uploads\/2026\/04\/sku-52995-front.jpg","type":"image\/jpeg"}],"twitter_card":"summary_large_image","twitter_misc":{"Gesch\u00e4tzte Lesezeit":"2\u00a0Minuten"},"schema":{"@context":"https:\/\/schema.org","@graph":[{"@type":["WebPage","ItemPage"],"@id":"https:\/\/www.purejewels.com\/product\/22ct-gold-armari-womens-hand-chain-ring-poncha-52995\/","url":"https:\/\/www.purejewels.com\/product\/22ct-gold-armari-womens-hand-chain-ring-poncha-52995\/","name":"Shop online 22ct Gold Armari Frauen Hand Kette Ring Poncha","isPartOf":{"@id":"https:\/\/www.purejewels.com\/#website"},"primaryImageOfPage":{"@id":"https:\/\/www.purejewels.com\/product\/22ct-gold-armari-womens-hand-chain-ring-poncha-52995\/#primaryimage"},"image":{"@id":"https:\/\/www.purejewels.com\/product\/22ct-gold-armari-womens-hand-chain-ring-poncha-52995\/#primaryimage"},"thumbnailUrl":"https:\/\/static.purejewels.com\/wp-content\/uploads\/2026\/04\/sku-52995-front.jpg","datePublished":"2026-01-01T05:44:27+00:00","dateModified":"2026-04-01T04:58:11+00:00","description":"Entdecken Sie die 22ct Gold Armari Damen Handkette Ring Poncha, mit aufwendigen Details und zeitlosem Design gefertigt. Eine Aussage Braut und Anlass St\u00fcck von PureJewels.","breadcrumb":{"@id":"https:\/\/www.purejewels.com\/product\/22ct-gold-armari-womens-hand-chain-ring-poncha-52995\/#breadcrumb"},"inLanguage":"de","potentialAction":[{"@type":"ReadAction","target":["https:\/\/www.purejewels.com\/product\/22ct-gold-armari-womens-hand-chain-ring-poncha-52995\/"]}]},{"@type":"ImageObject","inLanguage":"de","@id":"https:\/\/www.purejewels.com\/product\/22ct-gold-armari-womens-hand-chain-ring-poncha-52995\/#primaryimage","url":"https:\/\/static.purejewels.com\/wp-content\/uploads\/2026\/04\/sku-52995-front.jpg","contentUrl":"https:\/\/static.purejewels.com\/wp-content\/uploads\/2026\/04\/sku-52995-front.jpg","width":1000,"height":1000,"caption":"Stacked from 11 images. Method=B (R=8,S=4)"},{"@type":"BreadcrumbList","@id":"https:\/\/www.purejewels.com\/product\/22ct-gold-armari-womens-hand-chain-ring-poncha-52995\/#breadcrumb","itemListElement":[{"@type":"ListItem","position":1,"name":"Home","item":"https:\/\/www.purejewels.com\/"},{"@type":"ListItem","position":2,"name":"Shop","item":"https:\/\/www.purejewels.com\/shop\/"},{"@type":"ListItem","position":3,"name":"22ct Gold Armari Women\u2019s Hand Chain Ring Poncha"}]},{"@type":"WebSite","@id":"https:\/\/www.purejewels.com\/#website","url":"https:\/\/www.purejewels.com\/","name":"PureJewels UK","description":"Teile die Liebe","publisher":{"@id":"https:\/\/www.purejewels.com\/#organization"},"potentialAction":[{"@type":"SearchAction","target":{"@type":"EntryPoint","urlTemplate":"https:\/\/www.purejewels.com\/?s={search_term_string}"},"query-input":{"@type":"PropertyValueSpecification","valueRequired":true,"valueName":"search_term_string"}}],"inLanguage":"de"},{"@type":"Organization","@id":"https:\/\/www.purejewels.com\/#organization","name":"PureJewels UK","url":"https:\/\/www.purejewels.com\/","logo":{"@type":"ImageObject","inLanguage":"de","@id":"https:\/\/www.purejewels.com\/#\/schema\/logo\/image\/","url":"https:\/\/static.purejewels.com\/wp-content\/uploads\/2020\/11\/Logo-PJ-New-1.png","contentUrl":"https:\/\/static.purejewels.com\/wp-content\/uploads\/2020\/11\/Logo-PJ-New-1.png","width":150,"height":80,"caption":"PureJewels UK"},"image":{"@id":"https:\/\/www.purejewels.com\/#\/schema\/logo\/image\/"}}]}},"_links":{"self":[{"href":"https:\/\/www.purejewels.com\/de\/wp-json\/wp\/v2\/product\/427959","targetHints":{"allow":["GET"]}}],"collection":[{"href":"https:\/\/www.purejewels.com\/de\/wp-json\/wp\/v2\/product"}],"about":[{"href":"https:\/\/www.purejewels.com\/de\/wp-json\/wp\/v2\/types\/product"}],"replies":[{"embeddable":true,"href":"https:\/\/www.purejewels.com\/de\/wp-json\/wp\/v2\/comments?post=427959"}],"version-history":[{"count":1,"href":"https:\/\/www.purejewels.com\/de\/wp-json\/wp\/v2\/product\/427959\/revisions"}],"predecessor-version":[{"id":427962,"href":"https:\/\/www.purejewels.com\/de\/wp-json\/wp\/v2\/product\/427959\/revisions\/427962"}],"wp:featuredmedia":[{"embeddable":true,"href":"https:\/\/www.purejewels.com\/de\/wp-json\/wp\/v2\/media\/427960"}],"wp:attachment":[{"href":"https:\/\/www.purejewels.com\/de\/wp-json\/wp\/v2\/media?parent=427959"}],"wp:term":[{"taxonomy":"product_brand","embeddable":true,"href":"https:\/\/www.purejewels.com\/de\/wp-json\/wp\/v2\/product_brand?post=427959"},{"taxonomy":"product_cat","embeddable":true,"href":"https:\/\/www.purejewels.com\/de\/wp-json\/wp\/v2\/product_cat?post=427959"},{"taxonomy":"product_tag","embeddable":true,"href":"https:\/\/www.purejewels.com\/de\/wp-json\/wp\/v2\/product_tag?post=427959"}],"curies":[{"name":"wp","href":"https:\/\/api.w.org\/{rel}","templated":true}]}}