{"id":428172,"date":"2026-01-08T04:43:10","date_gmt":"2026-01-08T04:43:10","guid":{"rendered":"https:\/\/www.purejewels.com\/?post_type=product&#038;p=428172"},"modified":"2026-04-08T04:54:57","modified_gmt":"2026-04-08T03:54:57","slug":"22-karat-gold-rosettengirlande-mala-halskette-52601","status":"publish","type":"product","link":"https:\/\/www.purejewels.com\/de\/product\/22ct-gold-rosette-garland-mala-necklace-52601\/","title":{"rendered":"22ct Gold Rosette Girlande Mala Halskette"},"content":{"rendered":"<p><strong>Designkonzept<\/strong><\/p>\n<p>Die Rosette Garland Mala Necklace ist von der Reise des Lebens inspiriert - jede Rosette symbolisiert einen Moment, eine Erinnerung, eine Bl\u00fcte in der Zeit. Das sich wiederholende Motiv spiegelt Kontinuit\u00e4t, Harmonie und stilles Feiern wider und entstammt der charakteristischen Blumensprache von PureJewels. Die Girlandenform erzeugt einen sanften, rhythmischen Fluss, \u00e4hnlich wie Bl\u00fctenbl\u00e4tter, die sich bei Sonnenaufgang entfalten.<\/p>\n<p><strong>Handwerkliches K\u00f6nnen<\/strong><\/p>\n<p>Dieses aus reichem 22-kar\u00e4tigem Sunrise-Gold gefertigte Schmuckst\u00fcck ist ein Zeugnis akribischer Kunstfertigkeit. Jede Rosette ist fein detailliert, mit subtiler Textur, die das Licht wundersch\u00f6n einf\u00e4ngt und gleichzeitig eine raffinierte Zartheit bewahrt. Die Glieder sind so gestaltet, dass sie flie\u00dfend und bequem sind und die Halskette anmutig auf der Haut liegt. Sie ist mit einem Feingehaltsstempel versehen, der unser Engagement f\u00fcr Authentizit\u00e4t und dauerhafte Qualit\u00e4t widerspiegelt.<\/p>\n<p><strong>Styling-Ideen<\/strong><\/p>\n<p>Diese Mala ist m\u00fchelos vielseitig und geht nahtlos vom Tag in den Abend \u00fcber.<\/p>\n<ul>\n<li>Tragen Sie es solo f\u00fcr ein raffiniertes, minimalistisches Statement, das seine komplizierten Details hervorhebt<\/li>\n<li>Kombinieren Sie es mit l\u00e4ngeren Goldketten f\u00fcr einen modernen, kuratierten Look<\/li>\n<li>Kombinieren Sie es mit traditioneller Kleidung f\u00fcr festliche Anl\u00e4sse, wo sein floraler Rhythmus reiche Textilien wunderbar erg\u00e4nzt.<\/li>\n<li>Ideal als bedeutungsvolles Geschenk oder als pers\u00f6nliches Andenken, das Meilensteine und wertvolle Momente markiert<\/li>\n<\/ul>","protected":false},"excerpt":{"rendered":"<p>Diese Mala-Halskette aus 22-kar\u00e4tigem Gold ist eine anmutige Komposition aus zarten Rosettenmotiven und wurde in strahlendem Sunrise Gold gefertigt. Sie ist so konzipiert, dass sie m\u00fchelos am Dekollet\u00e9 entlang flie\u00dft und so die Kunst des Erbes mit der Eleganz des Alltags verbindet.<\/p>\n<p><strong>Material:<\/strong>\u00a022 Karat Sunrise Gold (91,61 TP5T Feingold)<strong><br \/>\nWahrzeichen:\u00a0<\/strong>Britisches G\u00fctesiegel<strong><br \/>\n<\/strong><strong>Bruttogewicht: <\/strong>20.46 Gms<br \/>\n<strong>L\u00e4nge:<\/strong> 20 Zoll<br \/>\n<strong>Breite der Bl\u00fcte:<\/strong>\u00a04 mm<br \/>\n<strong>SKU:<\/strong> 52601<\/p>\n<p><strong>Preis und Lieferung<\/strong>: Inklusive Mehrwertsteuer und Lieferkosten<br \/>\n<a href=\"https:\/\/www.purejewels.com\/de\/ruckgabepolitik\/\">R\u00fcckgabepolitik<\/a><\/p>\n<p>&nbsp;<\/p>","protected":false},"featured_media":428173,"comment_status":"closed","ping_status":"closed","template":"","meta":{"_eb_attr":"","_crsspst_to_jayantr4sg-hostcom":false},"product_brand":[],"product_cat":[5950,1229,1253,1779,5347,1656,5275,1573,1574,5349],"product_tag":[],"class_list":{"0":"post-428172","1":"product","2":"type-product","3":"status-publish","4":"has-post-thumbnail","6":"product_cat-bridal-necklace","7":"product_cat-22ct-gold-jewellery","8":"product_cat-gold-necklaces","9":"product_cat-mala-style-necklaces","10":"product_cat-shop-by-metal","11":"product_cat-rosettes-collections","12":"product_cat-rosettes-necklace","13":"product_cat-wedding-gifts","14":"product_cat-womens-jewellery","15":"product_cat-yellow-gold-jewellery","17":"first","18":"instock","19":"taxable","20":"shipping-taxable","21":"purchasable","22":"product-type-simple","23":"add-to-wishlist-before_image"},"yoast_head":"<!-- This site is optimized with the Yoast SEO plugin v27.3 - https:\/\/yoast.com\/product\/yoast-seo-wordpress\/ -->\n<title>22ct Gold Rosette Garland Mala Necklace | PureJewels London<\/title>\n<meta name=\"description\" content=\"Discover the 22ct Gold Rosette Garland Mala Necklace, crafted in radiant Sunrise Gold with delicate floral rosettes. Shop this necklace online today.\" \/>\n<meta name=\"robots\" content=\"index, follow, max-snippet:-1, max-image-preview:large, max-video-preview:-1\" \/>\n<link rel=\"canonical\" href=\"https:\/\/www.purejewels.com\/de\/produkt-2\/22-karat-gold-rosettengirlande-mala-halskette-52601\/\" \/>\n<meta property=\"og:locale\" content=\"de_DE\" \/>\n<meta property=\"og:type\" content=\"article\" \/>\n<meta property=\"og:title\" content=\"22ct Gold Rosette Garland Mala Necklace | PureJewels London\" \/>\n<meta property=\"og:description\" content=\"Discover the 22ct Gold Rosette Garland Mala Necklace, crafted in radiant Sunrise Gold with delicate floral rosettes. Shop this necklace online today.\" \/>\n<meta property=\"og:url\" content=\"https:\/\/www.purejewels.com\/de\/produkt-2\/22-karat-gold-rosettengirlande-mala-halskette-52601\/\" \/>\n<meta property=\"og:site_name\" content=\"PureJewels UK\" \/>\n<meta property=\"article:modified_time\" content=\"2026-04-08T03:54:57+00:00\" \/>\n<meta property=\"og:image\" content=\"https:\/\/static.purejewels.com\/wp-content\/uploads\/2026\/04\/48072.jpg\" \/>\n\t<meta property=\"og:image:width\" content=\"1000\" \/>\n\t<meta property=\"og:image:height\" content=\"1000\" \/>\n\t<meta property=\"og:image:type\" content=\"image\/jpeg\" \/>\n<meta name=\"twitter:card\" content=\"summary_large_image\" \/>\n<meta name=\"twitter:label1\" content=\"Gesch\u00e4tzte Lesezeit\" \/>\n\t<meta name=\"twitter:data1\" content=\"1\u00a0Minute\" \/>\n<script type=\"application\/ld+json\" class=\"yoast-schema-graph\">{\"@context\":\"https:\\\/\\\/schema.org\",\"@graph\":[{\"@type\":[\"WebPage\",\"ItemPage\"],\"@id\":\"https:\\\/\\\/www.purejewels.com\\\/product\\\/22ct-gold-rosette-garland-mala-necklace-52601\\\/\",\"url\":\"https:\\\/\\\/www.purejewels.com\\\/product\\\/22ct-gold-rosette-garland-mala-necklace-52601\\\/\",\"name\":\"22ct Gold Rosette Garland Mala Necklace | PureJewels London\",\"isPartOf\":{\"@id\":\"https:\\\/\\\/www.purejewels.com\\\/#website\"},\"primaryImageOfPage\":{\"@id\":\"https:\\\/\\\/www.purejewels.com\\\/product\\\/22ct-gold-rosette-garland-mala-necklace-52601\\\/#primaryimage\"},\"image\":{\"@id\":\"https:\\\/\\\/www.purejewels.com\\\/product\\\/22ct-gold-rosette-garland-mala-necklace-52601\\\/#primaryimage\"},\"thumbnailUrl\":\"https:\\\/\\\/static.purejewels.com\\\/wp-content\\\/uploads\\\/2026\\\/04\\\/48072.jpg\",\"datePublished\":\"2026-01-08T04:43:10+00:00\",\"dateModified\":\"2026-04-08T03:54:57+00:00\",\"description\":\"Discover the 22ct Gold Rosette Garland Mala Necklace, crafted in radiant Sunrise Gold with delicate floral rosettes. Shop this necklace online today.\",\"breadcrumb\":{\"@id\":\"https:\\\/\\\/www.purejewels.com\\\/product\\\/22ct-gold-rosette-garland-mala-necklace-52601\\\/#breadcrumb\"},\"inLanguage\":\"de\",\"potentialAction\":[{\"@type\":\"ReadAction\",\"target\":[\"https:\\\/\\\/www.purejewels.com\\\/product\\\/22ct-gold-rosette-garland-mala-necklace-52601\\\/\"]}]},{\"@type\":\"ImageObject\",\"inLanguage\":\"de\",\"@id\":\"https:\\\/\\\/www.purejewels.com\\\/product\\\/22ct-gold-rosette-garland-mala-necklace-52601\\\/#primaryimage\",\"url\":\"https:\\\/\\\/static.purejewels.com\\\/wp-content\\\/uploads\\\/2026\\\/04\\\/48072.jpg\",\"contentUrl\":\"https:\\\/\\\/static.purejewels.com\\\/wp-content\\\/uploads\\\/2026\\\/04\\\/48072.jpg\",\"width\":1000,\"height\":1000,\"caption\":\"22ct Gold Rosette Garland Mala Necklace\"},{\"@type\":\"BreadcrumbList\",\"@id\":\"https:\\\/\\\/www.purejewels.com\\\/product\\\/22ct-gold-rosette-garland-mala-necklace-52601\\\/#breadcrumb\",\"itemListElement\":[{\"@type\":\"ListItem\",\"position\":1,\"name\":\"Home\",\"item\":\"https:\\\/\\\/www.purejewels.com\\\/\"},{\"@type\":\"ListItem\",\"position\":2,\"name\":\"Shop\",\"item\":\"https:\\\/\\\/www.purejewels.com\\\/shop\\\/\"},{\"@type\":\"ListItem\",\"position\":3,\"name\":\"22ct Gold Rosette Garland Mala Necklace\"}]},{\"@type\":\"WebSite\",\"@id\":\"https:\\\/\\\/www.purejewels.com\\\/#website\",\"url\":\"https:\\\/\\\/www.purejewels.com\\\/\",\"name\":\"PureJewels UK\",\"description\":\"Share the Love\",\"publisher\":{\"@id\":\"https:\\\/\\\/www.purejewels.com\\\/#organization\"},\"potentialAction\":[{\"@type\":\"SearchAction\",\"target\":{\"@type\":\"EntryPoint\",\"urlTemplate\":\"https:\\\/\\\/www.purejewels.com\\\/?s={search_term_string}\"},\"query-input\":{\"@type\":\"PropertyValueSpecification\",\"valueRequired\":true,\"valueName\":\"search_term_string\"}}],\"inLanguage\":\"de\"},{\"@type\":\"Organization\",\"@id\":\"https:\\\/\\\/www.purejewels.com\\\/#organization\",\"name\":\"PureJewels UK\",\"url\":\"https:\\\/\\\/www.purejewels.com\\\/\",\"logo\":{\"@type\":\"ImageObject\",\"inLanguage\":\"de\",\"@id\":\"https:\\\/\\\/www.purejewels.com\\\/#\\\/schema\\\/logo\\\/image\\\/\",\"url\":\"https:\\\/\\\/static.purejewels.com\\\/wp-content\\\/uploads\\\/2020\\\/11\\\/Logo-PJ-New-1.png\",\"contentUrl\":\"https:\\\/\\\/static.purejewels.com\\\/wp-content\\\/uploads\\\/2020\\\/11\\\/Logo-PJ-New-1.png\",\"width\":150,\"height\":80,\"caption\":\"PureJewels UK\"},\"image\":{\"@id\":\"https:\\\/\\\/www.purejewels.com\\\/#\\\/schema\\\/logo\\\/image\\\/\"}}]}<\/script>\n<!-- \/ Yoast SEO plugin. -->","yoast_head_json":{"title":"22ct Gold Rosette Girlande Mala Halskette | PureJewels London","description":"Entdecken Sie die 22 Karat Gold Rosette Garland Mala Halskette aus strahlendem Sunrise Gold mit zarten Blumenrosetten. Kaufen Sie diese Halskette noch heute online.","robots":{"index":"index","follow":"follow","max-snippet":"max-snippet:-1","max-image-preview":"max-image-preview:large","max-video-preview":"max-video-preview:-1"},"canonical":"https:\/\/www.purejewels.com\/de\/produkt-2\/22-karat-gold-rosettengirlande-mala-halskette-52601\/","og_locale":"de_DE","og_type":"article","og_title":"22ct Gold Rosette Garland Mala Necklace | PureJewels London","og_description":"Discover the 22ct Gold Rosette Garland Mala Necklace, crafted in radiant Sunrise Gold with delicate floral rosettes. Shop this necklace online today.","og_url":"https:\/\/www.purejewels.com\/de\/produkt-2\/22-karat-gold-rosettengirlande-mala-halskette-52601\/","og_site_name":"PureJewels UK","article_modified_time":"2026-04-08T03:54:57+00:00","og_image":[{"width":1000,"height":1000,"url":"https:\/\/static.purejewels.com\/wp-content\/uploads\/2026\/04\/48072.jpg","type":"image\/jpeg"}],"twitter_card":"summary_large_image","twitter_misc":{"Gesch\u00e4tzte Lesezeit":"1\u00a0Minute"},"schema":{"@context":"https:\/\/schema.org","@graph":[{"@type":["WebPage","ItemPage"],"@id":"https:\/\/www.purejewels.com\/product\/22ct-gold-rosette-garland-mala-necklace-52601\/","url":"https:\/\/www.purejewels.com\/product\/22ct-gold-rosette-garland-mala-necklace-52601\/","name":"22ct Gold Rosette Girlande Mala Halskette | PureJewels London","isPartOf":{"@id":"https:\/\/www.purejewels.com\/#website"},"primaryImageOfPage":{"@id":"https:\/\/www.purejewels.com\/product\/22ct-gold-rosette-garland-mala-necklace-52601\/#primaryimage"},"image":{"@id":"https:\/\/www.purejewels.com\/product\/22ct-gold-rosette-garland-mala-necklace-52601\/#primaryimage"},"thumbnailUrl":"https:\/\/static.purejewels.com\/wp-content\/uploads\/2026\/04\/48072.jpg","datePublished":"2026-01-08T04:43:10+00:00","dateModified":"2026-04-08T03:54:57+00:00","description":"Entdecken Sie die 22 Karat Gold Rosette Garland Mala Halskette aus strahlendem Sunrise Gold mit zarten Blumenrosetten. Kaufen Sie diese Halskette noch heute online.","breadcrumb":{"@id":"https:\/\/www.purejewels.com\/product\/22ct-gold-rosette-garland-mala-necklace-52601\/#breadcrumb"},"inLanguage":"de","potentialAction":[{"@type":"ReadAction","target":["https:\/\/www.purejewels.com\/product\/22ct-gold-rosette-garland-mala-necklace-52601\/"]}]},{"@type":"ImageObject","inLanguage":"de","@id":"https:\/\/www.purejewels.com\/product\/22ct-gold-rosette-garland-mala-necklace-52601\/#primaryimage","url":"https:\/\/static.purejewels.com\/wp-content\/uploads\/2026\/04\/48072.jpg","contentUrl":"https:\/\/static.purejewels.com\/wp-content\/uploads\/2026\/04\/48072.jpg","width":1000,"height":1000,"caption":"22ct Gold Rosette Garland Mala Necklace"},{"@type":"BreadcrumbList","@id":"https:\/\/www.purejewels.com\/product\/22ct-gold-rosette-garland-mala-necklace-52601\/#breadcrumb","itemListElement":[{"@type":"ListItem","position":1,"name":"Home","item":"https:\/\/www.purejewels.com\/"},{"@type":"ListItem","position":2,"name":"Shop","item":"https:\/\/www.purejewels.com\/shop\/"},{"@type":"ListItem","position":3,"name":"22ct Gold Rosette Garland Mala Necklace"}]},{"@type":"WebSite","@id":"https:\/\/www.purejewels.com\/#website","url":"https:\/\/www.purejewels.com\/","name":"PureJewels UK","description":"Teile die Liebe","publisher":{"@id":"https:\/\/www.purejewels.com\/#organization"},"potentialAction":[{"@type":"SearchAction","target":{"@type":"EntryPoint","urlTemplate":"https:\/\/www.purejewels.com\/?s={search_term_string}"},"query-input":{"@type":"PropertyValueSpecification","valueRequired":true,"valueName":"search_term_string"}}],"inLanguage":"de"},{"@type":"Organization","@id":"https:\/\/www.purejewels.com\/#organization","name":"PureJewels UK","url":"https:\/\/www.purejewels.com\/","logo":{"@type":"ImageObject","inLanguage":"de","@id":"https:\/\/www.purejewels.com\/#\/schema\/logo\/image\/","url":"https:\/\/static.purejewels.com\/wp-content\/uploads\/2020\/11\/Logo-PJ-New-1.png","contentUrl":"https:\/\/static.purejewels.com\/wp-content\/uploads\/2020\/11\/Logo-PJ-New-1.png","width":150,"height":80,"caption":"PureJewels UK"},"image":{"@id":"https:\/\/www.purejewels.com\/#\/schema\/logo\/image\/"}}]}},"_links":{"self":[{"href":"https:\/\/www.purejewels.com\/de\/wp-json\/wp\/v2\/product\/428172","targetHints":{"allow":["GET"]}}],"collection":[{"href":"https:\/\/www.purejewels.com\/de\/wp-json\/wp\/v2\/product"}],"about":[{"href":"https:\/\/www.purejewels.com\/de\/wp-json\/wp\/v2\/types\/product"}],"replies":[{"embeddable":true,"href":"https:\/\/www.purejewels.com\/de\/wp-json\/wp\/v2\/comments?post=428172"}],"version-history":[{"count":1,"href":"https:\/\/www.purejewels.com\/de\/wp-json\/wp\/v2\/product\/428172\/revisions"}],"predecessor-version":[{"id":428174,"href":"https:\/\/www.purejewels.com\/de\/wp-json\/wp\/v2\/product\/428172\/revisions\/428174"}],"wp:featuredmedia":[{"embeddable":true,"href":"https:\/\/www.purejewels.com\/de\/wp-json\/wp\/v2\/media\/428173"}],"wp:attachment":[{"href":"https:\/\/www.purejewels.com\/de\/wp-json\/wp\/v2\/media?parent=428172"}],"wp:term":[{"taxonomy":"product_brand","embeddable":true,"href":"https:\/\/www.purejewels.com\/de\/wp-json\/wp\/v2\/product_brand?post=428172"},{"taxonomy":"product_cat","embeddable":true,"href":"https:\/\/www.purejewels.com\/de\/wp-json\/wp\/v2\/product_cat?post=428172"},{"taxonomy":"product_tag","embeddable":true,"href":"https:\/\/www.purejewels.com\/de\/wp-json\/wp\/v2\/product_tag?post=428172"}],"curies":[{"name":"wp","href":"https:\/\/api.w.org\/{rel}","templated":true}]}}