{"id":428209,"date":"2026-04-10T13:45:41","date_gmt":"2026-04-10T12:45:41","guid":{"rendered":"https:\/\/www.purejewels.com\/?post_type=product&#038;p=428209"},"modified":"2026-04-10T13:45:41","modified_gmt":"2026-04-10T12:45:41","slug":"22-kt-gold-arabeske-korb-ohrringe","status":"publish","type":"product","link":"https:\/\/www.purejewels.com\/de\/product\/22ct-gold-arabesque-basket-hoop-earrings\/","title":{"rendered":"22ct Gold Arabesque Korb Ohrringe"},"content":{"rendered":"<p><strong>Gestaltung<\/strong><\/p>\n<p>Inspiriert von Arabeskenmustern, weist die untere Kurve des Reifs eine strukturierte, korbartige Textur auf, die das Licht mit subtiler Tiefe reflektiert. Der geometrische Rhythmus verleiht der Silhouette Charakter und h\u00e4lt sie gleichzeitig kompakt und leicht zu tragen.<\/p>\n<p><strong>Handwerkliches K\u00f6nnen<\/strong><\/p>\n<p>Die strukturierte Oberfl\u00e4che aus 22-kar\u00e4tigem Gold wurde pr\u00e4zise geformt, um ein einheitliches Muster zu erzeugen. Die Reifchen sind leicht, haben einen sicheren Verschluss und eine glatte Innenw\u00f6lbung f\u00fcr Komfort. Gepunzt in Gro\u00dfbritannien, was Reinheit und vertrauensw\u00fcrdige Handwerkskunst garantiert.<\/p>\n<p><strong>Styling &amp; Geschenkartikel<\/strong><\/p>\n<p>Diese Creolen sind perfekt f\u00fcr den Alltag und passen sowohl zu minimalistischem als auch zu traditionellem Schmuck. Ihre strukturierte Oberfl\u00e4che verleiht ihnen ein raffiniertes Detail und macht sie zu einem durchdachten Geschenk f\u00fcr den t\u00e4glichen Gebrauch oder besondere Anl\u00e4sse.<\/p>","protected":false},"excerpt":{"rendered":"<p>Ohrringe aus 22-kar\u00e4tigem Gold mit einem von Arabesken inspirierten, strukturierten Korbmuster.<\/p>\n<p><strong>Material:<\/strong>\u00a022ct Gold<br \/>\n<strong>Reinheit:<\/strong>\u00a091.6% rein<br \/>\n<strong>Wahrzeichen:<\/strong>\u00a0Britisches G\u00fctesiegel<strong><br \/>\n<\/strong><strong>Bruttogewicht:\u00a0<\/strong>1,9 Gramm<br \/>\n<strong>SKU:<\/strong> 55311, 55348, 55349, 55360<\/p>\n<p><strong>Preis und Lieferung<\/strong>: Inklusive Mehrwertsteuer und Lieferkosten<br \/>\n<a href=\"https:\/\/www.purejewels.com\/de\/ruckgabepolitik\/\">R\u00fcckgabepolitik<\/a><\/p>","protected":false},"featured_media":428210,"comment_status":"closed","ping_status":"closed","template":"","meta":{"_eb_attr":"","_crsspst_to_jayantr4sg-hostcom":false},"product_brand":[],"product_cat":[1254,1579],"product_tag":[],"class_list":{"0":"post-428209","1":"product","2":"type-product","3":"status-publish","4":"has-post-thumbnail","6":"product_cat-gold-earrings","7":"product_cat-hoop-earrings","9":"first","10":"instock","11":"taxable","12":"shipping-taxable","13":"purchasable","14":"product-type-simple","15":"add-to-wishlist-before_image"},"yoast_head":"<!-- This site is optimized with the Yoast SEO plugin v27.3 - https:\/\/yoast.com\/product\/yoast-seo-wordpress\/ -->\n<title>22ct Gold Arabesque Hoop Earrings | Basket Hoops | PureJewels<\/title>\n<meta name=\"description\" content=\"Shop 22ct gold hoop earrings with an arabesque basket texture, crafted for lightweight everyday wear with a refined finish.\" \/>\n<meta name=\"robots\" content=\"index, follow, max-snippet:-1, max-image-preview:large, max-video-preview:-1\" \/>\n<link rel=\"canonical\" href=\"https:\/\/www.purejewels.com\/de\/produkt-2\/22-kt-gold-arabeske-korb-ohrringe\/\" \/>\n<meta property=\"og:locale\" content=\"de_DE\" \/>\n<meta property=\"og:type\" content=\"article\" \/>\n<meta property=\"og:title\" content=\"22ct Gold Arabesque Hoop Earrings | Basket Hoops | PureJewels\" \/>\n<meta property=\"og:description\" content=\"Shop 22ct gold hoop earrings with an arabesque basket texture, crafted for lightweight everyday wear with a refined finish.\" \/>\n<meta property=\"og:url\" content=\"https:\/\/www.purejewels.com\/de\/produkt-2\/22-kt-gold-arabeske-korb-ohrringe\/\" \/>\n<meta property=\"og:site_name\" content=\"PureJewels UK\" \/>\n<meta property=\"og:image\" content=\"https:\/\/static.purejewels.com\/wp-content\/uploads\/2026\/04\/Hoop-Earring.jpeg\" \/>\n\t<meta property=\"og:image:width\" content=\"715\" \/>\n\t<meta property=\"og:image:height\" content=\"728\" \/>\n\t<meta property=\"og:image:type\" content=\"image\/jpeg\" \/>\n<meta name=\"twitter:card\" content=\"summary_large_image\" \/>\n<meta name=\"twitter:label1\" content=\"Gesch\u00e4tzte Lesezeit\" \/>\n\t<meta name=\"twitter:data1\" content=\"1\u00a0Minute\" \/>\n<script type=\"application\/ld+json\" class=\"yoast-schema-graph\">{\"@context\":\"https:\\\/\\\/schema.org\",\"@graph\":[{\"@type\":[\"WebPage\",\"ItemPage\"],\"@id\":\"https:\\\/\\\/www.purejewels.com\\\/product\\\/22ct-gold-arabesque-basket-hoop-earrings\\\/\",\"url\":\"https:\\\/\\\/www.purejewels.com\\\/product\\\/22ct-gold-arabesque-basket-hoop-earrings\\\/\",\"name\":\"22ct Gold Arabesque Hoop Earrings | Basket Hoops | PureJewels\",\"isPartOf\":{\"@id\":\"https:\\\/\\\/www.purejewels.com\\\/#website\"},\"primaryImageOfPage\":{\"@id\":\"https:\\\/\\\/www.purejewels.com\\\/product\\\/22ct-gold-arabesque-basket-hoop-earrings\\\/#primaryimage\"},\"image\":{\"@id\":\"https:\\\/\\\/www.purejewels.com\\\/product\\\/22ct-gold-arabesque-basket-hoop-earrings\\\/#primaryimage\"},\"thumbnailUrl\":\"https:\\\/\\\/static.purejewels.com\\\/wp-content\\\/uploads\\\/2026\\\/04\\\/Hoop-Earring.jpeg\",\"datePublished\":\"2026-04-10T12:45:41+00:00\",\"description\":\"Shop 22ct gold hoop earrings with an arabesque basket texture, crafted for lightweight everyday wear with a refined finish.\",\"breadcrumb\":{\"@id\":\"https:\\\/\\\/www.purejewels.com\\\/product\\\/22ct-gold-arabesque-basket-hoop-earrings\\\/#breadcrumb\"},\"inLanguage\":\"de\",\"potentialAction\":[{\"@type\":\"ReadAction\",\"target\":[\"https:\\\/\\\/www.purejewels.com\\\/product\\\/22ct-gold-arabesque-basket-hoop-earrings\\\/\"]}]},{\"@type\":\"ImageObject\",\"inLanguage\":\"de\",\"@id\":\"https:\\\/\\\/www.purejewels.com\\\/product\\\/22ct-gold-arabesque-basket-hoop-earrings\\\/#primaryimage\",\"url\":\"https:\\\/\\\/static.purejewels.com\\\/wp-content\\\/uploads\\\/2026\\\/04\\\/Hoop-Earring.jpeg\",\"contentUrl\":\"https:\\\/\\\/static.purejewels.com\\\/wp-content\\\/uploads\\\/2026\\\/04\\\/Hoop-Earring.jpeg\",\"width\":715,\"height\":728,\"caption\":\"22ct Gold Radiant Fan Hoop Earrings\"},{\"@type\":\"BreadcrumbList\",\"@id\":\"https:\\\/\\\/www.purejewels.com\\\/product\\\/22ct-gold-arabesque-basket-hoop-earrings\\\/#breadcrumb\",\"itemListElement\":[{\"@type\":\"ListItem\",\"position\":1,\"name\":\"Home\",\"item\":\"https:\\\/\\\/www.purejewels.com\\\/\"},{\"@type\":\"ListItem\",\"position\":2,\"name\":\"Shop\",\"item\":\"https:\\\/\\\/www.purejewels.com\\\/shop\\\/\"},{\"@type\":\"ListItem\",\"position\":3,\"name\":\"22ct Gold Arabesque Basket Hoop Earrings\"}]},{\"@type\":\"WebSite\",\"@id\":\"https:\\\/\\\/www.purejewels.com\\\/#website\",\"url\":\"https:\\\/\\\/www.purejewels.com\\\/\",\"name\":\"PureJewels UK\",\"description\":\"Share the Love\",\"publisher\":{\"@id\":\"https:\\\/\\\/www.purejewels.com\\\/#organization\"},\"potentialAction\":[{\"@type\":\"SearchAction\",\"target\":{\"@type\":\"EntryPoint\",\"urlTemplate\":\"https:\\\/\\\/www.purejewels.com\\\/?s={search_term_string}\"},\"query-input\":{\"@type\":\"PropertyValueSpecification\",\"valueRequired\":true,\"valueName\":\"search_term_string\"}}],\"inLanguage\":\"de\"},{\"@type\":\"Organization\",\"@id\":\"https:\\\/\\\/www.purejewels.com\\\/#organization\",\"name\":\"PureJewels UK\",\"url\":\"https:\\\/\\\/www.purejewels.com\\\/\",\"logo\":{\"@type\":\"ImageObject\",\"inLanguage\":\"de\",\"@id\":\"https:\\\/\\\/www.purejewels.com\\\/#\\\/schema\\\/logo\\\/image\\\/\",\"url\":\"https:\\\/\\\/static.purejewels.com\\\/wp-content\\\/uploads\\\/2020\\\/11\\\/Logo-PJ-New-1.png\",\"contentUrl\":\"https:\\\/\\\/static.purejewels.com\\\/wp-content\\\/uploads\\\/2020\\\/11\\\/Logo-PJ-New-1.png\",\"width\":150,\"height\":80,\"caption\":\"PureJewels UK\"},\"image\":{\"@id\":\"https:\\\/\\\/www.purejewels.com\\\/#\\\/schema\\\/logo\\\/image\\\/\"}}]}<\/script>\n<!-- \/ Yoast SEO plugin. -->","yoast_head_json":{"title":"22ct Gold Arabesque Hoop Ohrringe | Basket Hoops | PureJewels","description":"Shoppen Sie 22-kar\u00e4tige goldene Ohrringe mit einer arabeskenf\u00f6rmigen Korbstruktur, die sich durch ihr leichtes Gewicht und ihr raffiniertes Finish f\u00fcr den Alltag eignen.","robots":{"index":"index","follow":"follow","max-snippet":"max-snippet:-1","max-image-preview":"max-image-preview:large","max-video-preview":"max-video-preview:-1"},"canonical":"https:\/\/www.purejewels.com\/de\/produkt-2\/22-kt-gold-arabeske-korb-ohrringe\/","og_locale":"de_DE","og_type":"article","og_title":"22ct Gold Arabesque Hoop Earrings | Basket Hoops | PureJewels","og_description":"Shop 22ct gold hoop earrings with an arabesque basket texture, crafted for lightweight everyday wear with a refined finish.","og_url":"https:\/\/www.purejewels.com\/de\/produkt-2\/22-kt-gold-arabeske-korb-ohrringe\/","og_site_name":"PureJewels UK","og_image":[{"width":715,"height":728,"url":"https:\/\/static.purejewels.com\/wp-content\/uploads\/2026\/04\/Hoop-Earring.jpeg","type":"image\/jpeg"}],"twitter_card":"summary_large_image","twitter_misc":{"Gesch\u00e4tzte Lesezeit":"1\u00a0Minute"},"schema":{"@context":"https:\/\/schema.org","@graph":[{"@type":["WebPage","ItemPage"],"@id":"https:\/\/www.purejewels.com\/product\/22ct-gold-arabesque-basket-hoop-earrings\/","url":"https:\/\/www.purejewels.com\/product\/22ct-gold-arabesque-basket-hoop-earrings\/","name":"22ct Gold Arabesque Hoop Ohrringe | Basket Hoops | PureJewels","isPartOf":{"@id":"https:\/\/www.purejewels.com\/#website"},"primaryImageOfPage":{"@id":"https:\/\/www.purejewels.com\/product\/22ct-gold-arabesque-basket-hoop-earrings\/#primaryimage"},"image":{"@id":"https:\/\/www.purejewels.com\/product\/22ct-gold-arabesque-basket-hoop-earrings\/#primaryimage"},"thumbnailUrl":"https:\/\/static.purejewels.com\/wp-content\/uploads\/2026\/04\/Hoop-Earring.jpeg","datePublished":"2026-04-10T12:45:41+00:00","description":"Shoppen Sie 22-kar\u00e4tige goldene Ohrringe mit einer arabeskenf\u00f6rmigen Korbstruktur, die sich durch ihr leichtes Gewicht und ihr raffiniertes Finish f\u00fcr den Alltag eignen.","breadcrumb":{"@id":"https:\/\/www.purejewels.com\/product\/22ct-gold-arabesque-basket-hoop-earrings\/#breadcrumb"},"inLanguage":"de","potentialAction":[{"@type":"ReadAction","target":["https:\/\/www.purejewels.com\/product\/22ct-gold-arabesque-basket-hoop-earrings\/"]}]},{"@type":"ImageObject","inLanguage":"de","@id":"https:\/\/www.purejewels.com\/product\/22ct-gold-arabesque-basket-hoop-earrings\/#primaryimage","url":"https:\/\/static.purejewels.com\/wp-content\/uploads\/2026\/04\/Hoop-Earring.jpeg","contentUrl":"https:\/\/static.purejewels.com\/wp-content\/uploads\/2026\/04\/Hoop-Earring.jpeg","width":715,"height":728,"caption":"22ct Gold Radiant Fan Hoop Earrings"},{"@type":"BreadcrumbList","@id":"https:\/\/www.purejewels.com\/product\/22ct-gold-arabesque-basket-hoop-earrings\/#breadcrumb","itemListElement":[{"@type":"ListItem","position":1,"name":"Home","item":"https:\/\/www.purejewels.com\/"},{"@type":"ListItem","position":2,"name":"Shop","item":"https:\/\/www.purejewels.com\/shop\/"},{"@type":"ListItem","position":3,"name":"22ct Gold Arabesque Basket Hoop Earrings"}]},{"@type":"WebSite","@id":"https:\/\/www.purejewels.com\/#website","url":"https:\/\/www.purejewels.com\/","name":"PureJewels UK","description":"Teile die Liebe","publisher":{"@id":"https:\/\/www.purejewels.com\/#organization"},"potentialAction":[{"@type":"SearchAction","target":{"@type":"EntryPoint","urlTemplate":"https:\/\/www.purejewels.com\/?s={search_term_string}"},"query-input":{"@type":"PropertyValueSpecification","valueRequired":true,"valueName":"search_term_string"}}],"inLanguage":"de"},{"@type":"Organization","@id":"https:\/\/www.purejewels.com\/#organization","name":"PureJewels UK","url":"https:\/\/www.purejewels.com\/","logo":{"@type":"ImageObject","inLanguage":"de","@id":"https:\/\/www.purejewels.com\/#\/schema\/logo\/image\/","url":"https:\/\/static.purejewels.com\/wp-content\/uploads\/2020\/11\/Logo-PJ-New-1.png","contentUrl":"https:\/\/static.purejewels.com\/wp-content\/uploads\/2020\/11\/Logo-PJ-New-1.png","width":150,"height":80,"caption":"PureJewels UK"},"image":{"@id":"https:\/\/www.purejewels.com\/#\/schema\/logo\/image\/"}}]}},"_links":{"self":[{"href":"https:\/\/www.purejewels.com\/de\/wp-json\/wp\/v2\/product\/428209","targetHints":{"allow":["GET"]}}],"collection":[{"href":"https:\/\/www.purejewels.com\/de\/wp-json\/wp\/v2\/product"}],"about":[{"href":"https:\/\/www.purejewels.com\/de\/wp-json\/wp\/v2\/types\/product"}],"replies":[{"embeddable":true,"href":"https:\/\/www.purejewels.com\/de\/wp-json\/wp\/v2\/comments?post=428209"}],"version-history":[{"count":2,"href":"https:\/\/www.purejewels.com\/de\/wp-json\/wp\/v2\/product\/428209\/revisions"}],"predecessor-version":[{"id":428213,"href":"https:\/\/www.purejewels.com\/de\/wp-json\/wp\/v2\/product\/428209\/revisions\/428213"}],"wp:featuredmedia":[{"embeddable":true,"href":"https:\/\/www.purejewels.com\/de\/wp-json\/wp\/v2\/media\/428210"}],"wp:attachment":[{"href":"https:\/\/www.purejewels.com\/de\/wp-json\/wp\/v2\/media?parent=428209"}],"wp:term":[{"taxonomy":"product_brand","embeddable":true,"href":"https:\/\/www.purejewels.com\/de\/wp-json\/wp\/v2\/product_brand?post=428209"},{"taxonomy":"product_cat","embeddable":true,"href":"https:\/\/www.purejewels.com\/de\/wp-json\/wp\/v2\/product_cat?post=428209"},{"taxonomy":"product_tag","embeddable":true,"href":"https:\/\/www.purejewels.com\/de\/wp-json\/wp\/v2\/product_tag?post=428209"}],"curies":[{"name":"wp","href":"https:\/\/api.w.org\/{rel}","templated":true}]}}