{"id":428229,"date":"2026-01-09T05:55:01","date_gmt":"2026-01-09T05:55:01","guid":{"rendered":"https:\/\/www.purejewels.com\/?post_type=product&#038;p=428229"},"modified":"2026-04-09T06:03:27","modified_gmt":"2026-04-09T05:03:27","slug":"22ct-gold-florale-rosette-halskette-16-zoll","status":"publish","type":"product","link":"https:\/\/www.purejewels.com\/de\/product\/22ct-gold-floral-rosette-necklace-16-inch\/","title":{"rendered":"22ct Gold Floral Rosette Halskette | 16 Zoll"},"content":{"rendered":"<p><strong>Designkonzept<\/strong><\/p>\n<p>Inspiriert von der Poesie bl\u00fchender Blumen, f\u00e4ngt dieses Collier die Essenz einer Reise in Bewegung ein - jede Rosette symbolisiert einen Moment, eine Erinnerung, einen Meilenstein. Das kaskadenartige Arrangement erinnert an einen sanften Blumenregen und erzeugt einen weichen Rhythmus, der sowohl flie\u00dfend als auch skulptural wirkt. Verwurzelt in der PureJewels-Philosophie, Reisen zu zelebrieren, vereint das Design historische Motive und zeitgen\u00f6ssische Eleganz zu einem ebenso bedeutungsvollen wie unverwechselbaren Schmuckst\u00fcck.<\/p>\n<p><strong>Handwerkliches K\u00f6nnen<\/strong><\/p>\n<p>Jede Rosette ist aus reichem 22-kar\u00e4tigem Gold gefertigt und sorgf\u00e4ltig geformt, um ein harmonisches Gleichgewicht von Textur, Licht und Bewegung zu erzielen. Die Pr\u00e4zision der Details spiegelt die Erfahrung von Generationen von Goldschmieden wider - jede Kurve, jedes Glied und jede Verbindung wird sorgf\u00e4ltig ausgef\u00fchrt. Die Halskette ist so konzipiert, dass sie anmutig sitzt, flie\u00dfend und bequem ist und gleichzeitig die Integrit\u00e4t ihrer komplizierten Struktur bewahrt. Sie ist mit einem Echtheitszertifikat versehen und zeugt von PureJewels\u2019 Engagement f\u00fcr Reinheit und Exzellenz.<\/p>\n<p><strong>Styling-Ideen<\/strong><\/p>\n<p>Diese Halskette passt sowohl zur traditionellen als auch zur modernen Garderobe.<\/p>\n<ul>\n<li>Kombinieren Sie es mit Brautkleidern oder festlicher Kleidung f\u00fcr ein Statement zeitloser Eleganz<\/li>\n<li>Kombinieren Sie es mit einem Seidensaree oder einer Lehenga, um die florale Erz\u00e4hlung zu unterstreichen.<\/li>\n<li>F\u00fcr einen modernen Ansatz tragen Sie es mit einem minimalistischen Ausschnitt, um die Rosetten in den Mittelpunkt zu stellen.<\/li>\n<li>Erg\u00e4nzen Sie es mit passenden goldenen Ohrsteckern oder lassen Sie es f\u00fcr einen schlichten, aber auff\u00e4lligen Look allein stehen.<\/li>\n<\/ul>","protected":false},"excerpt":{"rendered":"<p>Diese florale Rosetten-Halskette aus 22 Karat Gold ist ein anmutiger Ausdruck von Bewegung und Weiblichkeit. Die zart angeordneten Rosetten fallen m\u00fchelos \u00fcber das Dekollet\u00e9. Sie wurde aus hochreinem Gold gefertigt und ist ein zeitloses Schmuckst\u00fcck, das die sch\u00f6nsten Momente im Leben feiert.<\/p>\n<p><strong>Material:<\/strong> 22 Karat Sunrise Gold (91,61 TP5T Feingold)<strong><br \/>\nWahrzeichen:\u00a0<\/strong>Britisches G\u00fctesiegel<strong><br \/>\n<\/strong><strong>Bruttogewicht: <\/strong>20.40 Gms<br \/>\n<strong>L\u00e4nge:<\/strong> 16 Zoll<br \/>\n<strong>SKU:<\/strong> 52801<\/p>\n<p><strong>Preis und Lieferung<\/strong>: Inklusive Mehrwertsteuer und Lieferkosten<br \/>\n<a href=\"https:\/\/www.purejewels.com\/de\/ruckgabepolitik\/\">R\u00fcckgabepolitik<\/a><\/p>","protected":false},"featured_media":428230,"comment_status":"closed","ping_status":"closed","template":"","meta":{"_eb_attr":"","_crsspst_to_jayantr4sg-hostcom":false},"product_brand":[],"product_cat":[1791,236,5701,1229,1253,1656,5275,1778,1573,1574,5349],"product_tag":[],"class_list":{"0":"post-428229","1":"product","2":"type-product","3":"status-publish","4":"has-post-thumbnail","6":"product_cat-anniversary-gifts","7":"product_cat-collections","8":"product_cat-eid-jewellery","9":"product_cat-22ct-gold-jewellery","10":"product_cat-gold-necklaces","11":"product_cat-rosettes-collections","12":"product_cat-rosettes-necklace","13":"product_cat-short-necklaces","14":"product_cat-wedding-gifts","15":"product_cat-womens-jewellery","16":"product_cat-yellow-gold-jewellery","18":"first","19":"instock","20":"taxable","21":"shipping-taxable","22":"purchasable","23":"product-type-simple","24":"add-to-wishlist-before_image"},"yoast_head":"<!-- This site is optimized with the Yoast SEO plugin v27.3 - https:\/\/yoast.com\/product\/yoast-seo-wordpress\/ -->\n<title>22ct Gold Floral Rosette Necklace | Luxury Indian Gold Jewellery<\/title>\n<meta name=\"description\" content=\"Discover the elegance of our 22ct Gold Floral Rosette Necklace, featuring delicate cascading rosettes crafted with precision. Shon necklace today!\" \/>\n<meta name=\"robots\" content=\"index, follow, max-snippet:-1, max-image-preview:large, max-video-preview:-1\" \/>\n<link rel=\"canonical\" href=\"https:\/\/www.purejewels.com\/de\/produkt-2\/22ct-gold-florale-rosette-halskette-16-zoll\/\" \/>\n<meta property=\"og:locale\" content=\"de_DE\" \/>\n<meta property=\"og:type\" content=\"article\" \/>\n<meta property=\"og:title\" content=\"22ct Gold Floral Rosette Necklace | Luxury Indian Gold Jewellery\" \/>\n<meta property=\"og:description\" content=\"Discover the elegance of our 22ct Gold Floral Rosette Necklace, featuring delicate cascading rosettes crafted with precision. Shon necklace today!\" \/>\n<meta property=\"og:url\" content=\"https:\/\/www.purejewels.com\/de\/produkt-2\/22ct-gold-florale-rosette-halskette-16-zoll\/\" \/>\n<meta property=\"og:site_name\" content=\"PureJewels UK\" \/>\n<meta property=\"article:modified_time\" content=\"2026-04-09T05:03:27+00:00\" \/>\n<meta property=\"og:image\" content=\"https:\/\/static.purejewels.com\/wp-content\/uploads\/2026\/04\/50017_1.jpg\" \/>\n\t<meta property=\"og:image:width\" content=\"1000\" \/>\n\t<meta property=\"og:image:height\" content=\"1000\" \/>\n\t<meta property=\"og:image:type\" content=\"image\/jpeg\" \/>\n<meta name=\"twitter:card\" content=\"summary_large_image\" \/>\n<meta name=\"twitter:label1\" content=\"Gesch\u00e4tzte Lesezeit\" \/>\n\t<meta name=\"twitter:data1\" content=\"2\u00a0Minuten\" \/>\n<script type=\"application\/ld+json\" class=\"yoast-schema-graph\">{\"@context\":\"https:\\\/\\\/schema.org\",\"@graph\":[{\"@type\":[\"WebPage\",\"ItemPage\"],\"@id\":\"https:\\\/\\\/www.purejewels.com\\\/product\\\/22ct-gold-floral-rosette-necklace-16-inch\\\/\",\"url\":\"https:\\\/\\\/www.purejewels.com\\\/product\\\/22ct-gold-floral-rosette-necklace-16-inch\\\/\",\"name\":\"22ct Gold Floral Rosette Necklace | Luxury Indian Gold Jewellery\",\"isPartOf\":{\"@id\":\"https:\\\/\\\/www.purejewels.com\\\/#website\"},\"primaryImageOfPage\":{\"@id\":\"https:\\\/\\\/www.purejewels.com\\\/product\\\/22ct-gold-floral-rosette-necklace-16-inch\\\/#primaryimage\"},\"image\":{\"@id\":\"https:\\\/\\\/www.purejewels.com\\\/product\\\/22ct-gold-floral-rosette-necklace-16-inch\\\/#primaryimage\"},\"thumbnailUrl\":\"https:\\\/\\\/static.purejewels.com\\\/wp-content\\\/uploads\\\/2026\\\/04\\\/50017_1.jpg\",\"datePublished\":\"2026-01-09T05:55:01+00:00\",\"dateModified\":\"2026-04-09T05:03:27+00:00\",\"description\":\"Discover the elegance of our 22ct Gold Floral Rosette Necklace, featuring delicate cascading rosettes crafted with precision. Shon necklace today!\",\"breadcrumb\":{\"@id\":\"https:\\\/\\\/www.purejewels.com\\\/product\\\/22ct-gold-floral-rosette-necklace-16-inch\\\/#breadcrumb\"},\"inLanguage\":\"de\",\"potentialAction\":[{\"@type\":\"ReadAction\",\"target\":[\"https:\\\/\\\/www.purejewels.com\\\/product\\\/22ct-gold-floral-rosette-necklace-16-inch\\\/\"]}]},{\"@type\":\"ImageObject\",\"inLanguage\":\"de\",\"@id\":\"https:\\\/\\\/www.purejewels.com\\\/product\\\/22ct-gold-floral-rosette-necklace-16-inch\\\/#primaryimage\",\"url\":\"https:\\\/\\\/static.purejewels.com\\\/wp-content\\\/uploads\\\/2026\\\/04\\\/50017_1.jpg\",\"contentUrl\":\"https:\\\/\\\/static.purejewels.com\\\/wp-content\\\/uploads\\\/2026\\\/04\\\/50017_1.jpg\",\"width\":1000,\"height\":1000,\"caption\":\"22ct Gold Floral Rosette Necklace | 16 Inch\"},{\"@type\":\"BreadcrumbList\",\"@id\":\"https:\\\/\\\/www.purejewels.com\\\/product\\\/22ct-gold-floral-rosette-necklace-16-inch\\\/#breadcrumb\",\"itemListElement\":[{\"@type\":\"ListItem\",\"position\":1,\"name\":\"Home\",\"item\":\"https:\\\/\\\/www.purejewels.com\\\/\"},{\"@type\":\"ListItem\",\"position\":2,\"name\":\"Shop\",\"item\":\"https:\\\/\\\/www.purejewels.com\\\/shop\\\/\"},{\"@type\":\"ListItem\",\"position\":3,\"name\":\"22ct Gold Floral Rosette Necklace | 16 Inch\"}]},{\"@type\":\"WebSite\",\"@id\":\"https:\\\/\\\/www.purejewels.com\\\/#website\",\"url\":\"https:\\\/\\\/www.purejewels.com\\\/\",\"name\":\"PureJewels UK\",\"description\":\"Share the Love\",\"publisher\":{\"@id\":\"https:\\\/\\\/www.purejewels.com\\\/#organization\"},\"potentialAction\":[{\"@type\":\"SearchAction\",\"target\":{\"@type\":\"EntryPoint\",\"urlTemplate\":\"https:\\\/\\\/www.purejewels.com\\\/?s={search_term_string}\"},\"query-input\":{\"@type\":\"PropertyValueSpecification\",\"valueRequired\":true,\"valueName\":\"search_term_string\"}}],\"inLanguage\":\"de\"},{\"@type\":\"Organization\",\"@id\":\"https:\\\/\\\/www.purejewels.com\\\/#organization\",\"name\":\"PureJewels UK\",\"url\":\"https:\\\/\\\/www.purejewels.com\\\/\",\"logo\":{\"@type\":\"ImageObject\",\"inLanguage\":\"de\",\"@id\":\"https:\\\/\\\/www.purejewels.com\\\/#\\\/schema\\\/logo\\\/image\\\/\",\"url\":\"https:\\\/\\\/static.purejewels.com\\\/wp-content\\\/uploads\\\/2020\\\/11\\\/Logo-PJ-New-1.png\",\"contentUrl\":\"https:\\\/\\\/static.purejewels.com\\\/wp-content\\\/uploads\\\/2020\\\/11\\\/Logo-PJ-New-1.png\",\"width\":150,\"height\":80,\"caption\":\"PureJewels UK\"},\"image\":{\"@id\":\"https:\\\/\\\/www.purejewels.com\\\/#\\\/schema\\\/logo\\\/image\\\/\"}}]}<\/script>\n<!-- \/ Yoast SEO plugin. -->","yoast_head_json":{"title":"22ct Gold Floral Rosette Halskette | Luxus Indischer Goldschmuck","description":"Entdecken Sie die Eleganz unserer floralen Rosetten-Halskette aus 22-kar\u00e4tigem Gold mit zarten, kaskadenf\u00f6rmigen Rosetten, die mit Pr\u00e4zision gefertigt wurden. Shon Halskette heute!","robots":{"index":"index","follow":"follow","max-snippet":"max-snippet:-1","max-image-preview":"max-image-preview:large","max-video-preview":"max-video-preview:-1"},"canonical":"https:\/\/www.purejewels.com\/de\/produkt-2\/22ct-gold-florale-rosette-halskette-16-zoll\/","og_locale":"de_DE","og_type":"article","og_title":"22ct Gold Floral Rosette Necklace | Luxury Indian Gold Jewellery","og_description":"Discover the elegance of our 22ct Gold Floral Rosette Necklace, featuring delicate cascading rosettes crafted with precision. Shon necklace today!","og_url":"https:\/\/www.purejewels.com\/de\/produkt-2\/22ct-gold-florale-rosette-halskette-16-zoll\/","og_site_name":"PureJewels UK","article_modified_time":"2026-04-09T05:03:27+00:00","og_image":[{"width":1000,"height":1000,"url":"https:\/\/static.purejewels.com\/wp-content\/uploads\/2026\/04\/50017_1.jpg","type":"image\/jpeg"}],"twitter_card":"summary_large_image","twitter_misc":{"Gesch\u00e4tzte Lesezeit":"2\u00a0Minuten"},"schema":{"@context":"https:\/\/schema.org","@graph":[{"@type":["WebPage","ItemPage"],"@id":"https:\/\/www.purejewels.com\/product\/22ct-gold-floral-rosette-necklace-16-inch\/","url":"https:\/\/www.purejewels.com\/product\/22ct-gold-floral-rosette-necklace-16-inch\/","name":"22ct Gold Floral Rosette Halskette | Luxus Indischer Goldschmuck","isPartOf":{"@id":"https:\/\/www.purejewels.com\/#website"},"primaryImageOfPage":{"@id":"https:\/\/www.purejewels.com\/product\/22ct-gold-floral-rosette-necklace-16-inch\/#primaryimage"},"image":{"@id":"https:\/\/www.purejewels.com\/product\/22ct-gold-floral-rosette-necklace-16-inch\/#primaryimage"},"thumbnailUrl":"https:\/\/static.purejewels.com\/wp-content\/uploads\/2026\/04\/50017_1.jpg","datePublished":"2026-01-09T05:55:01+00:00","dateModified":"2026-04-09T05:03:27+00:00","description":"Entdecken Sie die Eleganz unserer floralen Rosetten-Halskette aus 22-kar\u00e4tigem Gold mit zarten, kaskadenf\u00f6rmigen Rosetten, die mit Pr\u00e4zision gefertigt wurden. Shon Halskette heute!","breadcrumb":{"@id":"https:\/\/www.purejewels.com\/product\/22ct-gold-floral-rosette-necklace-16-inch\/#breadcrumb"},"inLanguage":"de","potentialAction":[{"@type":"ReadAction","target":["https:\/\/www.purejewels.com\/product\/22ct-gold-floral-rosette-necklace-16-inch\/"]}]},{"@type":"ImageObject","inLanguage":"de","@id":"https:\/\/www.purejewels.com\/product\/22ct-gold-floral-rosette-necklace-16-inch\/#primaryimage","url":"https:\/\/static.purejewels.com\/wp-content\/uploads\/2026\/04\/50017_1.jpg","contentUrl":"https:\/\/static.purejewels.com\/wp-content\/uploads\/2026\/04\/50017_1.jpg","width":1000,"height":1000,"caption":"22ct Gold Floral Rosette Necklace | 16 Inch"},{"@type":"BreadcrumbList","@id":"https:\/\/www.purejewels.com\/product\/22ct-gold-floral-rosette-necklace-16-inch\/#breadcrumb","itemListElement":[{"@type":"ListItem","position":1,"name":"Home","item":"https:\/\/www.purejewels.com\/"},{"@type":"ListItem","position":2,"name":"Shop","item":"https:\/\/www.purejewels.com\/shop\/"},{"@type":"ListItem","position":3,"name":"22ct Gold Floral Rosette Necklace | 16 Inch"}]},{"@type":"WebSite","@id":"https:\/\/www.purejewels.com\/#website","url":"https:\/\/www.purejewels.com\/","name":"PureJewels UK","description":"Teile die Liebe","publisher":{"@id":"https:\/\/www.purejewels.com\/#organization"},"potentialAction":[{"@type":"SearchAction","target":{"@type":"EntryPoint","urlTemplate":"https:\/\/www.purejewels.com\/?s={search_term_string}"},"query-input":{"@type":"PropertyValueSpecification","valueRequired":true,"valueName":"search_term_string"}}],"inLanguage":"de"},{"@type":"Organization","@id":"https:\/\/www.purejewels.com\/#organization","name":"PureJewels UK","url":"https:\/\/www.purejewels.com\/","logo":{"@type":"ImageObject","inLanguage":"de","@id":"https:\/\/www.purejewels.com\/#\/schema\/logo\/image\/","url":"https:\/\/static.purejewels.com\/wp-content\/uploads\/2020\/11\/Logo-PJ-New-1.png","contentUrl":"https:\/\/static.purejewels.com\/wp-content\/uploads\/2020\/11\/Logo-PJ-New-1.png","width":150,"height":80,"caption":"PureJewels UK"},"image":{"@id":"https:\/\/www.purejewels.com\/#\/schema\/logo\/image\/"}}]}},"_links":{"self":[{"href":"https:\/\/www.purejewels.com\/de\/wp-json\/wp\/v2\/product\/428229","targetHints":{"allow":["GET"]}}],"collection":[{"href":"https:\/\/www.purejewels.com\/de\/wp-json\/wp\/v2\/product"}],"about":[{"href":"https:\/\/www.purejewels.com\/de\/wp-json\/wp\/v2\/types\/product"}],"replies":[{"embeddable":true,"href":"https:\/\/www.purejewels.com\/de\/wp-json\/wp\/v2\/comments?post=428229"}],"version-history":[{"count":1,"href":"https:\/\/www.purejewels.com\/de\/wp-json\/wp\/v2\/product\/428229\/revisions"}],"predecessor-version":[{"id":428231,"href":"https:\/\/www.purejewels.com\/de\/wp-json\/wp\/v2\/product\/428229\/revisions\/428231"}],"wp:featuredmedia":[{"embeddable":true,"href":"https:\/\/www.purejewels.com\/de\/wp-json\/wp\/v2\/media\/428230"}],"wp:attachment":[{"href":"https:\/\/www.purejewels.com\/de\/wp-json\/wp\/v2\/media?parent=428229"}],"wp:term":[{"taxonomy":"product_brand","embeddable":true,"href":"https:\/\/www.purejewels.com\/de\/wp-json\/wp\/v2\/product_brand?post=428229"},{"taxonomy":"product_cat","embeddable":true,"href":"https:\/\/www.purejewels.com\/de\/wp-json\/wp\/v2\/product_cat?post=428229"},{"taxonomy":"product_tag","embeddable":true,"href":"https:\/\/www.purejewels.com\/de\/wp-json\/wp\/v2\/product_tag?post=428229"}],"curies":[{"name":"wp","href":"https:\/\/api.w.org\/{rel}","templated":true}]}}