{"id":428232,"date":"2026-01-09T06:14:22","date_gmt":"2026-01-09T06:14:22","guid":{"rendered":"https:\/\/www.purejewels.com\/?post_type=product&#038;p=428232"},"modified":"2026-04-09T06:29:49","modified_gmt":"2026-04-09T05:29:49","slug":"22ct-gold-tulsi-mala-mit-schwarzen-perlen-10061","status":"publish","type":"product","link":"https:\/\/www.purejewels.com\/de\/product\/22ct-gold-tulsi-mala-with-black-beads-10061\/","title":{"rendered":"22ct Gold Tulsi Mala mit schwarzen Perlen"},"content":{"rendered":"<p><strong>Designkonzept<\/strong><\/p>\n<p>Die Tulsi Mala ist im kulturellen Erbe verwurzelt und wird seit langem mit Schutz, Gleichgewicht und spiritueller Erdung in Verbindung gebracht. Dieses St\u00fcck interpretiert diese Tradition durch eine moderne Linse neu - es verbindet rhythmische schwarze Perlen mit warmen 22-kar\u00e4tigen Goldelementen, um einen harmonischen Fluss zu schaffen. Das abwechselnde Muster spiegelt die Dualit\u00e4t des Lebens wider - St\u00e4rke und Sanftheit, Tradition und Modernit\u00e4t - und macht es zu einem Schmuckst\u00fcck, das sowohl Bedeutung als auch Stil ausstrahlt.<\/p>\n<p>Bei PureJewels zelebriert jedes Design die Reise, und diese Mala wird zu einem stillen Begleiter f\u00fcr allt\u00e4gliche Momente wie auch f\u00fcr bedeutende Meilensteine.<\/p>\n<p><strong>Handwerkliches K\u00f6nnen<\/strong><\/p>\n<p>Die aus hochreinem 22-kar\u00e4tigem Gold gefertigten Perlen und Glieder werden sorgf\u00e4ltig zusammengesetzt, um Ausgewogenheit, Haltbarkeit und Flie\u00dff\u00e4higkeit zu gew\u00e4hrleisten. Die schwarzen Perlen werden sorgf\u00e4ltig gesetzt, um einen gleichm\u00e4\u00dfigen Rhythmus \u00fcber die gesamte Kette zu schaffen, w\u00e4hrend die goldenen Elemente mit Pr\u00e4zision bearbeitet werden, um ihre W\u00e4rme und Textur zu verst\u00e4rken.<\/p>\n<p>Die f\u00fcr Komfort und Langlebigkeit konzipierte Halskette sitzt anmutig am Dekollet\u00e9 und bietet sowohl Leichtigkeit als auch St\u00e4rke. Sie ist mit einem Echtheitszertifikat versehen und spiegelt das Engagement von PureJewels f\u00fcr Exzellenz und die Erfahrung von Generationen von Goldschmieden wider.<\/p>\n<p><strong>Styling-Ideen<\/strong><\/p>\n<p>Diese Tulsi Mala ist wunderbar vielseitig - sie l\u00e4sst sich m\u00fchelos im Alltag und bei besonderen Anl\u00e4ssen tragen:<\/p>\n<ul>\n<li>Tragen Sie es t\u00e4glich als Markenzeichen, \u00fcbereinander oder allein<\/li>\n<li>Kombinieren Sie es mit traditionellen Kleidern wie Sarees oder Salwar-Anz\u00fcgen f\u00fcr einen zeitlosen Look<\/li>\n<li>Kombinieren Sie es mit modernen Outfits und setzen Sie einen subtilen kulturellen Akzent.<\/li>\n<li>Kombiniert mit anderen zarten Goldketten f\u00fcr eine moderne, kuratierte \u00c4sthetik<\/li>\n<\/ul>\n<p>Seine schlichte Eleganz erlaubt es, dass er Teil Ihrer t\u00e4glichen Geschichte wird - leise, bedeutungsvoll und unendlich tragbar.<\/p>","protected":false},"excerpt":{"rendered":"<div class=\"woocommerce-product-details__short-description\">\n<table class=\"sh_desc\">\n<tbody>\n<tr>\n<td>Art der Mala<\/td>\n<td>Tulsi Mala<\/td>\n<\/tr>\n<tr>\n<td>SKU<\/td>\n<td>10061<\/td>\n<\/tr>\n<tr>\n<td>Bruttogewicht<\/td>\n<td>10,80 Gramm<\/td>\n<\/tr>\n<tr>\n<td>L\u00e4nge<\/td>\n<td>26,5 Zoll<\/td>\n<\/tr>\n<tr>\n<td>Metall<\/td>\n<td>22ct Gold<\/td>\n<\/tr>\n<tr>\n<td>Entgelte<\/td>\n<td>Lieferung und Mehrwertsteuer inbegriffen<\/td>\n<\/tr>\n<tr>\n<td>Verpackung<\/td>\n<td>Mit Pr\u00e4sentationsbox<\/td>\n<\/tr>\n<tr>\n<td>Mehr Informationen<\/td>\n<td>Live-Chat mit uns f\u00fcr Verf\u00fcgbarkeit und mehr Bilder<\/td>\n<\/tr>\n<\/tbody>\n<\/table>\n<\/div>\n<div class=\"btn-atc atc-slide\"><\/div>\n<div class=\"product_meta\"><\/div>","protected":false},"featured_media":428234,"comment_status":"closed","ping_status":"closed","template":"","meta":{"_eb_attr":"","_crsspst_to_jayantr4sg-hostcom":true},"product_brand":[],"product_cat":[1617,1475,1229,1253,1779,1570,5349],"product_tag":[],"class_list":{"0":"post-428232","1":"product","2":"type-product","3":"status-publish","4":"has-post-thumbnail","6":"product_cat-fancy-mala-chains","7":"product_cat-gold-chains","8":"product_cat-22ct-gold-jewellery","9":"product_cat-gold-necklaces","10":"product_cat-mala-style-necklaces","11":"product_cat-mothers-day-gifts","12":"product_cat-yellow-gold-jewellery","14":"first","15":"instock","16":"taxable","17":"shipping-taxable","18":"purchasable","19":"product-type-simple","20":"add-to-wishlist-before_image"},"yoast_head":"<!-- This site is optimized with the Yoast SEO plugin v27.3 - https:\/\/yoast.com\/product\/yoast-seo-wordpress\/ -->\n<title>22ct Gold Tulsi Mala with Beads Necklace | Traditional Jewellery<\/title>\n<meta name=\"description\" content=\"Explore our 22ct Gold Tulsi Mala with Black Beads Necklace, a timeless blend of tradition and elegance. Crafted in pure gold, perfect for everyday wear and meaningful gifting.\" \/>\n<meta name=\"robots\" content=\"index, follow, max-snippet:-1, max-image-preview:large, max-video-preview:-1\" \/>\n<link rel=\"canonical\" href=\"https:\/\/www.purejewels.com\/de\/produkt-2\/22ct-gold-tulsi-mala-mit-schwarzen-perlen-10061\/\" \/>\n<meta property=\"og:locale\" content=\"de_DE\" \/>\n<meta property=\"og:type\" content=\"article\" \/>\n<meta property=\"og:title\" content=\"22ct Gold Tulsi Mala with Beads Necklace | Traditional Jewellery\" \/>\n<meta property=\"og:description\" content=\"Explore our 22ct Gold Tulsi Mala with Black Beads Necklace, a timeless blend of tradition and elegance. Crafted in pure gold, perfect for everyday wear and meaningful gifting.\" \/>\n<meta property=\"og:url\" content=\"https:\/\/www.purejewels.com\/de\/produkt-2\/22ct-gold-tulsi-mala-mit-schwarzen-perlen-10061\/\" \/>\n<meta property=\"og:site_name\" content=\"PureJewels UK\" \/>\n<meta property=\"article:modified_time\" content=\"2026-04-09T05:29:49+00:00\" \/>\n<meta property=\"og:image\" content=\"https:\/\/static.purejewels.com\/wp-content\/uploads\/2026\/04\/10061.jpg\" \/>\n\t<meta property=\"og:image:width\" content=\"1000\" \/>\n\t<meta property=\"og:image:height\" content=\"1000\" \/>\n\t<meta property=\"og:image:type\" content=\"image\/jpeg\" \/>\n<meta name=\"twitter:card\" content=\"summary_large_image\" \/>\n<meta name=\"twitter:label1\" content=\"Gesch\u00e4tzte Lesezeit\" \/>\n\t<meta name=\"twitter:data1\" content=\"2\u00a0Minuten\" \/>\n<script type=\"application\/ld+json\" class=\"yoast-schema-graph\">{\"@context\":\"https:\\\/\\\/schema.org\",\"@graph\":[{\"@type\":[\"WebPage\",\"ItemPage\"],\"@id\":\"https:\\\/\\\/www.purejewels.com\\\/product\\\/22ct-gold-tulsi-mala-with-black-beads-10061\\\/\",\"url\":\"https:\\\/\\\/www.purejewels.com\\\/product\\\/22ct-gold-tulsi-mala-with-black-beads-10061\\\/\",\"name\":\"22ct Gold Tulsi Mala with Beads Necklace | Traditional Jewellery\",\"isPartOf\":{\"@id\":\"https:\\\/\\\/www.purejewels.com\\\/#website\"},\"primaryImageOfPage\":{\"@id\":\"https:\\\/\\\/www.purejewels.com\\\/product\\\/22ct-gold-tulsi-mala-with-black-beads-10061\\\/#primaryimage\"},\"image\":{\"@id\":\"https:\\\/\\\/www.purejewels.com\\\/product\\\/22ct-gold-tulsi-mala-with-black-beads-10061\\\/#primaryimage\"},\"thumbnailUrl\":\"https:\\\/\\\/static.purejewels.com\\\/wp-content\\\/uploads\\\/2026\\\/04\\\/10061.jpg\",\"datePublished\":\"2026-01-09T06:14:22+00:00\",\"dateModified\":\"2026-04-09T05:29:49+00:00\",\"description\":\"Explore our 22ct Gold Tulsi Mala with Black Beads Necklace, a timeless blend of tradition and elegance. Crafted in pure gold, perfect for everyday wear and meaningful gifting.\",\"breadcrumb\":{\"@id\":\"https:\\\/\\\/www.purejewels.com\\\/product\\\/22ct-gold-tulsi-mala-with-black-beads-10061\\\/#breadcrumb\"},\"inLanguage\":\"de\",\"potentialAction\":[{\"@type\":\"ReadAction\",\"target\":[\"https:\\\/\\\/www.purejewels.com\\\/product\\\/22ct-gold-tulsi-mala-with-black-beads-10061\\\/\"]}]},{\"@type\":\"ImageObject\",\"inLanguage\":\"de\",\"@id\":\"https:\\\/\\\/www.purejewels.com\\\/product\\\/22ct-gold-tulsi-mala-with-black-beads-10061\\\/#primaryimage\",\"url\":\"https:\\\/\\\/static.purejewels.com\\\/wp-content\\\/uploads\\\/2026\\\/04\\\/10061.jpg\",\"contentUrl\":\"https:\\\/\\\/static.purejewels.com\\\/wp-content\\\/uploads\\\/2026\\\/04\\\/10061.jpg\",\"width\":1000,\"height\":1000,\"caption\":\"22ct Gold Tulsi Mala with Black Beads\"},{\"@type\":\"BreadcrumbList\",\"@id\":\"https:\\\/\\\/www.purejewels.com\\\/product\\\/22ct-gold-tulsi-mala-with-black-beads-10061\\\/#breadcrumb\",\"itemListElement\":[{\"@type\":\"ListItem\",\"position\":1,\"name\":\"Home\",\"item\":\"https:\\\/\\\/www.purejewels.com\\\/\"},{\"@type\":\"ListItem\",\"position\":2,\"name\":\"Shop\",\"item\":\"https:\\\/\\\/www.purejewels.com\\\/shop\\\/\"},{\"@type\":\"ListItem\",\"position\":3,\"name\":\"22ct Gold Tulsi Mala with Black Beads\"}]},{\"@type\":\"WebSite\",\"@id\":\"https:\\\/\\\/www.purejewels.com\\\/#website\",\"url\":\"https:\\\/\\\/www.purejewels.com\\\/\",\"name\":\"PureJewels UK\",\"description\":\"Share the Love\",\"publisher\":{\"@id\":\"https:\\\/\\\/www.purejewels.com\\\/#organization\"},\"potentialAction\":[{\"@type\":\"SearchAction\",\"target\":{\"@type\":\"EntryPoint\",\"urlTemplate\":\"https:\\\/\\\/www.purejewels.com\\\/?s={search_term_string}\"},\"query-input\":{\"@type\":\"PropertyValueSpecification\",\"valueRequired\":true,\"valueName\":\"search_term_string\"}}],\"inLanguage\":\"de\"},{\"@type\":\"Organization\",\"@id\":\"https:\\\/\\\/www.purejewels.com\\\/#organization\",\"name\":\"PureJewels UK\",\"url\":\"https:\\\/\\\/www.purejewels.com\\\/\",\"logo\":{\"@type\":\"ImageObject\",\"inLanguage\":\"de\",\"@id\":\"https:\\\/\\\/www.purejewels.com\\\/#\\\/schema\\\/logo\\\/image\\\/\",\"url\":\"https:\\\/\\\/static.purejewels.com\\\/wp-content\\\/uploads\\\/2020\\\/11\\\/Logo-PJ-New-1.png\",\"contentUrl\":\"https:\\\/\\\/static.purejewels.com\\\/wp-content\\\/uploads\\\/2020\\\/11\\\/Logo-PJ-New-1.png\",\"width\":150,\"height\":80,\"caption\":\"PureJewels UK\"},\"image\":{\"@id\":\"https:\\\/\\\/www.purejewels.com\\\/#\\\/schema\\\/logo\\\/image\\\/\"}}]}<\/script>\n<!-- \/ Yoast SEO plugin. -->","yoast_head_json":{"title":"22ct Gold Tulsi Mala mit Perlen Halskette | Traditioneller Schmuck","description":"Entdecken Sie unsere 22ct Gold Tulsi Mala mit schwarzen Perlen Halskette, eine zeitlose Mischung aus Tradition und Eleganz. Gefertigt aus reinem Gold, perfekt f\u00fcr das t\u00e4gliche Tragen und sinnvolle Geschenke.","robots":{"index":"index","follow":"follow","max-snippet":"max-snippet:-1","max-image-preview":"max-image-preview:large","max-video-preview":"max-video-preview:-1"},"canonical":"https:\/\/www.purejewels.com\/de\/produkt-2\/22ct-gold-tulsi-mala-mit-schwarzen-perlen-10061\/","og_locale":"de_DE","og_type":"article","og_title":"22ct Gold Tulsi Mala with Beads Necklace | Traditional Jewellery","og_description":"Explore our 22ct Gold Tulsi Mala with Black Beads Necklace, a timeless blend of tradition and elegance. Crafted in pure gold, perfect for everyday wear and meaningful gifting.","og_url":"https:\/\/www.purejewels.com\/de\/produkt-2\/22ct-gold-tulsi-mala-mit-schwarzen-perlen-10061\/","og_site_name":"PureJewels UK","article_modified_time":"2026-04-09T05:29:49+00:00","og_image":[{"width":1000,"height":1000,"url":"https:\/\/static.purejewels.com\/wp-content\/uploads\/2026\/04\/10061.jpg","type":"image\/jpeg"}],"twitter_card":"summary_large_image","twitter_misc":{"Gesch\u00e4tzte Lesezeit":"2\u00a0Minuten"},"schema":{"@context":"https:\/\/schema.org","@graph":[{"@type":["WebPage","ItemPage"],"@id":"https:\/\/www.purejewels.com\/product\/22ct-gold-tulsi-mala-with-black-beads-10061\/","url":"https:\/\/www.purejewels.com\/product\/22ct-gold-tulsi-mala-with-black-beads-10061\/","name":"22ct Gold Tulsi Mala mit Perlen Halskette | Traditioneller Schmuck","isPartOf":{"@id":"https:\/\/www.purejewels.com\/#website"},"primaryImageOfPage":{"@id":"https:\/\/www.purejewels.com\/product\/22ct-gold-tulsi-mala-with-black-beads-10061\/#primaryimage"},"image":{"@id":"https:\/\/www.purejewels.com\/product\/22ct-gold-tulsi-mala-with-black-beads-10061\/#primaryimage"},"thumbnailUrl":"https:\/\/static.purejewels.com\/wp-content\/uploads\/2026\/04\/10061.jpg","datePublished":"2026-01-09T06:14:22+00:00","dateModified":"2026-04-09T05:29:49+00:00","description":"Entdecken Sie unsere 22ct Gold Tulsi Mala mit schwarzen Perlen Halskette, eine zeitlose Mischung aus Tradition und Eleganz. Gefertigt aus reinem Gold, perfekt f\u00fcr das t\u00e4gliche Tragen und sinnvolle Geschenke.","breadcrumb":{"@id":"https:\/\/www.purejewels.com\/product\/22ct-gold-tulsi-mala-with-black-beads-10061\/#breadcrumb"},"inLanguage":"de","potentialAction":[{"@type":"ReadAction","target":["https:\/\/www.purejewels.com\/product\/22ct-gold-tulsi-mala-with-black-beads-10061\/"]}]},{"@type":"ImageObject","inLanguage":"de","@id":"https:\/\/www.purejewels.com\/product\/22ct-gold-tulsi-mala-with-black-beads-10061\/#primaryimage","url":"https:\/\/static.purejewels.com\/wp-content\/uploads\/2026\/04\/10061.jpg","contentUrl":"https:\/\/static.purejewels.com\/wp-content\/uploads\/2026\/04\/10061.jpg","width":1000,"height":1000,"caption":"22ct Gold Tulsi Mala with Black Beads"},{"@type":"BreadcrumbList","@id":"https:\/\/www.purejewels.com\/product\/22ct-gold-tulsi-mala-with-black-beads-10061\/#breadcrumb","itemListElement":[{"@type":"ListItem","position":1,"name":"Home","item":"https:\/\/www.purejewels.com\/"},{"@type":"ListItem","position":2,"name":"Shop","item":"https:\/\/www.purejewels.com\/shop\/"},{"@type":"ListItem","position":3,"name":"22ct Gold Tulsi Mala with Black Beads"}]},{"@type":"WebSite","@id":"https:\/\/www.purejewels.com\/#website","url":"https:\/\/www.purejewels.com\/","name":"PureJewels UK","description":"Teile die Liebe","publisher":{"@id":"https:\/\/www.purejewels.com\/#organization"},"potentialAction":[{"@type":"SearchAction","target":{"@type":"EntryPoint","urlTemplate":"https:\/\/www.purejewels.com\/?s={search_term_string}"},"query-input":{"@type":"PropertyValueSpecification","valueRequired":true,"valueName":"search_term_string"}}],"inLanguage":"de"},{"@type":"Organization","@id":"https:\/\/www.purejewels.com\/#organization","name":"PureJewels UK","url":"https:\/\/www.purejewels.com\/","logo":{"@type":"ImageObject","inLanguage":"de","@id":"https:\/\/www.purejewels.com\/#\/schema\/logo\/image\/","url":"https:\/\/static.purejewels.com\/wp-content\/uploads\/2020\/11\/Logo-PJ-New-1.png","contentUrl":"https:\/\/static.purejewels.com\/wp-content\/uploads\/2020\/11\/Logo-PJ-New-1.png","width":150,"height":80,"caption":"PureJewels UK"},"image":{"@id":"https:\/\/www.purejewels.com\/#\/schema\/logo\/image\/"}}]}},"_links":{"self":[{"href":"https:\/\/www.purejewels.com\/de\/wp-json\/wp\/v2\/product\/428232","targetHints":{"allow":["GET"]}}],"collection":[{"href":"https:\/\/www.purejewels.com\/de\/wp-json\/wp\/v2\/product"}],"about":[{"href":"https:\/\/www.purejewels.com\/de\/wp-json\/wp\/v2\/types\/product"}],"replies":[{"embeddable":true,"href":"https:\/\/www.purejewels.com\/de\/wp-json\/wp\/v2\/comments?post=428232"}],"version-history":[{"count":1,"href":"https:\/\/www.purejewels.com\/de\/wp-json\/wp\/v2\/product\/428232\/revisions"}],"predecessor-version":[{"id":428235,"href":"https:\/\/www.purejewels.com\/de\/wp-json\/wp\/v2\/product\/428232\/revisions\/428235"}],"wp:featuredmedia":[{"embeddable":true,"href":"https:\/\/www.purejewels.com\/de\/wp-json\/wp\/v2\/media\/428234"}],"wp:attachment":[{"href":"https:\/\/www.purejewels.com\/de\/wp-json\/wp\/v2\/media?parent=428232"}],"wp:term":[{"taxonomy":"product_brand","embeddable":true,"href":"https:\/\/www.purejewels.com\/de\/wp-json\/wp\/v2\/product_brand?post=428232"},{"taxonomy":"product_cat","embeddable":true,"href":"https:\/\/www.purejewels.com\/de\/wp-json\/wp\/v2\/product_cat?post=428232"},{"taxonomy":"product_tag","embeddable":true,"href":"https:\/\/www.purejewels.com\/de\/wp-json\/wp\/v2\/product_tag?post=428232"}],"curies":[{"name":"wp","href":"https:\/\/api.w.org\/{rel}","templated":true}]}}