{"id":428242,"date":"2026-01-09T09:50:16","date_gmt":"2026-01-09T09:50:16","guid":{"rendered":"https:\/\/www.purejewels.com\/?post_type=product&#038;p=428242"},"modified":"2026-04-09T10:33:33","modified_gmt":"2026-04-09T09:33:33","slug":"22ct-gold-strukturierte-perlenkette-mala-55442","status":"publish","type":"product","link":"https:\/\/www.purejewels.com\/de\/product\/22ct-gold-textured-bead-chain-mala-55442\/","title":{"rendered":"22ct Gold Texturierte Perlenkette Mala"},"content":{"rendered":"<p><strong>Designkonzept<\/strong><\/p>\n<p>Dieses St\u00fcck ist eine Erkundung der stillen Raffinesse - wo Minimalismus auf durchdachte Details trifft. Die strukturierten Perlen, die in sanften Abst\u00e4nden angeordnet sind, erzeugen einen sanften Rhythmus entlang der Kette, der an Momente erinnert, die in perfekter Harmonie aneinandergereiht sind.<\/p>\n<p>Inspiriert von der PureJewels-Philosophie, Reisen zu zelebrieren, kann jede Perle als eine Markierung der Zeit gesehen werden - subtil, bedeutungsvoll und wundersch\u00f6n unaufdringlich. Das Design ist modern und gleichzeitig tief in der zeitlosen Anziehungskraft von 22 Karat Gold verwurzelt.<\/p>\n<p><strong>Handwerkliches K\u00f6nnen<\/strong><\/p>\n<p>Die aus hochreinem 22-kar\u00e4tigem Gold gefertigte Halskette zeichnet sich durch die Liebe zum Detail aus. Jede Perle ist mit einer strukturierten, matten Oberfl\u00e4che versehen, die einen sanften Kontrast zu der glatten, polierten Kette bildet.<\/p>\n<p>Die pr\u00e4zisen Abst\u00e4nde sorgen f\u00fcr Ausgewogenheit und Flie\u00dff\u00e4higkeit, so dass sich die Kette anmutig um das Dekollet\u00e9 schmiegt. Sie ist leicht und dennoch haltbar und wurde f\u00fcr den allt\u00e4glichen Komfort entworfen, ohne dabei den Reichtum und die Integrit\u00e4t von Feingoldschmuck zu verlieren. Sie ist mit einem Echtheitsstempel versehen und zeugt von Generationen fachm\u00e4nnischer Handwerkskunst.<\/p>\n<p><strong>Styling-Ideen<\/strong><\/p>\n<p>Diese vielseitige und m\u00fchelos elegante Halskette eignet sich f\u00fcr eine Vielzahl von Stylingm\u00f6glichkeiten:<\/p>\n<ul>\n<li>Tragen Sie es solo f\u00fcr ein klares, minimalistisches Statement<\/li>\n<li>F\u00fcr einen modernen Look mit anderen Goldketten unterschiedlicher L\u00e4nge kombinieren<\/li>\n<li>Passt sowohl zu traditioneller Kleidung als auch zu modernen Silhouetten f\u00fcr allt\u00e4glichen Luxus<\/li>\n<li>Ideal f\u00fcr die Arbeitskleidung, als Geschenk oder als Grundelement Ihrer Schmuckgarderobe<\/li>\n<\/ul>\n<p>Sein unaufdringlicher Charme macht ihn zu einem St\u00fcck, zu dem Sie immer wieder greifen werden - und das jeden Moment, den es begleitet, leise aufwertet.<\/p>","protected":false},"excerpt":{"rendered":"<p>Diese 22-kar\u00e4tige Goldkette mit strukturierter Perlenkette zelebriert subtile Textur und raffinierte Schlichtheit mit zart verteilten, matten Perlen entlang einer schlanken Goldkette. Sie ist sowohl modern als auch zeitlos und steht f\u00fcr m\u00fchelose Eleganz im Alltag.<\/p>\n<p><strong>SKU:<\/strong> 55444, 55443, 55442<br \/>\n<strong>Metall:<\/strong>\u00a022ct Gold<br \/>\n<strong>L\u00e4nge:<\/strong> 16 Zoll<br \/>\n<strong>Gewicht:<\/strong> 5,60 Gramm<br \/>\n<strong>Wahrzeichen:<\/strong>\u00a022ct Gold gestempelt von UK Assay Office<br \/>\n<strong>Anklagen:<\/strong>\u00a0Lieferung und Mehrwertsteuer inbegriffen<\/p>","protected":false},"featured_media":428244,"comment_status":"closed","ping_status":"closed","template":"","meta":{"_eb_attr":"","_crsspst_to_jayantr4sg-hostcom":true},"product_brand":[],"product_cat":[1791,1617,1559,1698,3628,1475,1229,1570,1573,1574],"product_tag":[],"class_list":{"0":"post-428242","1":"product","2":"type-product","3":"status-publish","4":"has-post-thumbnail","6":"product_cat-anniversary-gifts","7":"product_cat-fancy-mala-chains","8":"product_cat-birthday-gifts","9":"product_cat-choker-chains","10":"product_cat-glow-collections","11":"product_cat-gold-chains","12":"product_cat-22ct-gold-jewellery","13":"product_cat-mothers-day-gifts","14":"product_cat-wedding-gifts","15":"product_cat-womens-jewellery","17":"first","18":"instock","19":"taxable","20":"shipping-taxable","21":"purchasable","22":"product-type-simple","23":"add-to-wishlist-before_image"},"yoast_head":"<!-- This site is optimized with the Yoast SEO plugin v27.3 - https:\/\/yoast.com\/product\/yoast-seo-wordpress\/ -->\n<title>22ct Gold Textured Bead Chain Necklace | Elegant Gold Chain<\/title>\n<meta name=\"description\" content=\"Discover the refined beauty of our 22ct Gold Textured Bead Chain Necklace. Crafted in pure gold with delicate textured beads, perfect for everyday elegance and layering.\" \/>\n<meta name=\"robots\" content=\"index, follow, max-snippet:-1, max-image-preview:large, max-video-preview:-1\" \/>\n<link rel=\"canonical\" href=\"https:\/\/www.purejewels.com\/de\/produkt-2\/22ct-gold-strukturierte-perlenkette-mala-55442\/\" \/>\n<meta property=\"og:locale\" content=\"de_DE\" \/>\n<meta property=\"og:type\" content=\"article\" \/>\n<meta property=\"og:title\" content=\"22ct Gold Textured Bead Chain Necklace | Elegant Gold Chain\" \/>\n<meta property=\"og:description\" content=\"Discover the refined beauty of our 22ct Gold Textured Bead Chain Necklace. Crafted in pure gold with delicate textured beads, perfect for everyday elegance and layering.\" \/>\n<meta property=\"og:url\" content=\"https:\/\/www.purejewels.com\/de\/produkt-2\/22ct-gold-strukturierte-perlenkette-mala-55442\/\" \/>\n<meta property=\"og:site_name\" content=\"PureJewels UK\" \/>\n<meta property=\"article:modified_time\" content=\"2026-04-09T09:33:33+00:00\" \/>\n<meta property=\"og:image\" content=\"https:\/\/static.purejewels.com\/wp-content\/uploads\/2026\/04\/sku-55444-side.png\" \/>\n\t<meta property=\"og:image:width\" content=\"1079\" \/>\n\t<meta property=\"og:image:height\" content=\"1920\" \/>\n\t<meta property=\"og:image:type\" content=\"image\/png\" \/>\n<meta name=\"twitter:card\" content=\"summary_large_image\" \/>\n<meta name=\"twitter:label1\" content=\"Gesch\u00e4tzte Lesezeit\" \/>\n\t<meta name=\"twitter:data1\" content=\"2\u00a0Minuten\" \/>\n<script type=\"application\/ld+json\" class=\"yoast-schema-graph\">{\"@context\":\"https:\\\/\\\/schema.org\",\"@graph\":[{\"@type\":[\"WebPage\",\"ItemPage\"],\"@id\":\"https:\\\/\\\/www.purejewels.com\\\/product\\\/22ct-gold-textured-bead-chain-mala-55442\\\/\",\"url\":\"https:\\\/\\\/www.purejewels.com\\\/product\\\/22ct-gold-textured-bead-chain-mala-55442\\\/\",\"name\":\"22ct Gold Textured Bead Chain Necklace | Elegant Gold Chain\",\"isPartOf\":{\"@id\":\"https:\\\/\\\/www.purejewels.com\\\/#website\"},\"primaryImageOfPage\":{\"@id\":\"https:\\\/\\\/www.purejewels.com\\\/product\\\/22ct-gold-textured-bead-chain-mala-55442\\\/#primaryimage\"},\"image\":{\"@id\":\"https:\\\/\\\/www.purejewels.com\\\/product\\\/22ct-gold-textured-bead-chain-mala-55442\\\/#primaryimage\"},\"thumbnailUrl\":\"https:\\\/\\\/static.purejewels.com\\\/wp-content\\\/uploads\\\/2026\\\/04\\\/sku-55444-side.png\",\"datePublished\":\"2026-01-09T09:50:16+00:00\",\"dateModified\":\"2026-04-09T09:33:33+00:00\",\"description\":\"Discover the refined beauty of our 22ct Gold Textured Bead Chain Necklace. Crafted in pure gold with delicate textured beads, perfect for everyday elegance and layering.\",\"breadcrumb\":{\"@id\":\"https:\\\/\\\/www.purejewels.com\\\/product\\\/22ct-gold-textured-bead-chain-mala-55442\\\/#breadcrumb\"},\"inLanguage\":\"de\",\"potentialAction\":[{\"@type\":\"ReadAction\",\"target\":[\"https:\\\/\\\/www.purejewels.com\\\/product\\\/22ct-gold-textured-bead-chain-mala-55442\\\/\"]}]},{\"@type\":\"ImageObject\",\"inLanguage\":\"de\",\"@id\":\"https:\\\/\\\/www.purejewels.com\\\/product\\\/22ct-gold-textured-bead-chain-mala-55442\\\/#primaryimage\",\"url\":\"https:\\\/\\\/static.purejewels.com\\\/wp-content\\\/uploads\\\/2026\\\/04\\\/sku-55444-side.png\",\"contentUrl\":\"https:\\\/\\\/static.purejewels.com\\\/wp-content\\\/uploads\\\/2026\\\/04\\\/sku-55444-side.png\",\"width\":1079,\"height\":1920,\"caption\":\"22ct Gold Textured Bead Chain Mala\"},{\"@type\":\"BreadcrumbList\",\"@id\":\"https:\\\/\\\/www.purejewels.com\\\/product\\\/22ct-gold-textured-bead-chain-mala-55442\\\/#breadcrumb\",\"itemListElement\":[{\"@type\":\"ListItem\",\"position\":1,\"name\":\"Home\",\"item\":\"https:\\\/\\\/www.purejewels.com\\\/\"},{\"@type\":\"ListItem\",\"position\":2,\"name\":\"Shop\",\"item\":\"https:\\\/\\\/www.purejewels.com\\\/shop\\\/\"},{\"@type\":\"ListItem\",\"position\":3,\"name\":\"22ct Gold Textured Bead Chain Mala\"}]},{\"@type\":\"WebSite\",\"@id\":\"https:\\\/\\\/www.purejewels.com\\\/#website\",\"url\":\"https:\\\/\\\/www.purejewels.com\\\/\",\"name\":\"PureJewels UK\",\"description\":\"Share the Love\",\"publisher\":{\"@id\":\"https:\\\/\\\/www.purejewels.com\\\/#organization\"},\"potentialAction\":[{\"@type\":\"SearchAction\",\"target\":{\"@type\":\"EntryPoint\",\"urlTemplate\":\"https:\\\/\\\/www.purejewels.com\\\/?s={search_term_string}\"},\"query-input\":{\"@type\":\"PropertyValueSpecification\",\"valueRequired\":true,\"valueName\":\"search_term_string\"}}],\"inLanguage\":\"de\"},{\"@type\":\"Organization\",\"@id\":\"https:\\\/\\\/www.purejewels.com\\\/#organization\",\"name\":\"PureJewels UK\",\"url\":\"https:\\\/\\\/www.purejewels.com\\\/\",\"logo\":{\"@type\":\"ImageObject\",\"inLanguage\":\"de\",\"@id\":\"https:\\\/\\\/www.purejewels.com\\\/#\\\/schema\\\/logo\\\/image\\\/\",\"url\":\"https:\\\/\\\/static.purejewels.com\\\/wp-content\\\/uploads\\\/2020\\\/11\\\/Logo-PJ-New-1.png\",\"contentUrl\":\"https:\\\/\\\/static.purejewels.com\\\/wp-content\\\/uploads\\\/2020\\\/11\\\/Logo-PJ-New-1.png\",\"width\":150,\"height\":80,\"caption\":\"PureJewels UK\"},\"image\":{\"@id\":\"https:\\\/\\\/www.purejewels.com\\\/#\\\/schema\\\/logo\\\/image\\\/\"}}]}<\/script>\n<!-- \/ Yoast SEO plugin. -->","yoast_head_json":{"title":"22ct Gold Strukturierte Perlenkette Halskette | Elegante Goldkette","description":"Entdecken Sie die raffinierte Sch\u00f6nheit unserer 22ct Gold Textured Bead Chain Necklace. Sie ist aus reinem Gold gefertigt und mit zarten, strukturierten Perlen versehen - perfekt f\u00fcr den eleganten Alltag und zum \u00dcbereinanderlegen.","robots":{"index":"index","follow":"follow","max-snippet":"max-snippet:-1","max-image-preview":"max-image-preview:large","max-video-preview":"max-video-preview:-1"},"canonical":"https:\/\/www.purejewels.com\/de\/produkt-2\/22ct-gold-strukturierte-perlenkette-mala-55442\/","og_locale":"de_DE","og_type":"article","og_title":"22ct Gold Textured Bead Chain Necklace | Elegant Gold Chain","og_description":"Discover the refined beauty of our 22ct Gold Textured Bead Chain Necklace. Crafted in pure gold with delicate textured beads, perfect for everyday elegance and layering.","og_url":"https:\/\/www.purejewels.com\/de\/produkt-2\/22ct-gold-strukturierte-perlenkette-mala-55442\/","og_site_name":"PureJewels UK","article_modified_time":"2026-04-09T09:33:33+00:00","og_image":[{"width":1079,"height":1920,"url":"https:\/\/static.purejewels.com\/wp-content\/uploads\/2026\/04\/sku-55444-side.png","type":"image\/png"}],"twitter_card":"summary_large_image","twitter_misc":{"Gesch\u00e4tzte Lesezeit":"2\u00a0Minuten"},"schema":{"@context":"https:\/\/schema.org","@graph":[{"@type":["WebPage","ItemPage"],"@id":"https:\/\/www.purejewels.com\/product\/22ct-gold-textured-bead-chain-mala-55442\/","url":"https:\/\/www.purejewels.com\/product\/22ct-gold-textured-bead-chain-mala-55442\/","name":"22ct Gold Strukturierte Perlenkette Halskette | Elegante Goldkette","isPartOf":{"@id":"https:\/\/www.purejewels.com\/#website"},"primaryImageOfPage":{"@id":"https:\/\/www.purejewels.com\/product\/22ct-gold-textured-bead-chain-mala-55442\/#primaryimage"},"image":{"@id":"https:\/\/www.purejewels.com\/product\/22ct-gold-textured-bead-chain-mala-55442\/#primaryimage"},"thumbnailUrl":"https:\/\/static.purejewels.com\/wp-content\/uploads\/2026\/04\/sku-55444-side.png","datePublished":"2026-01-09T09:50:16+00:00","dateModified":"2026-04-09T09:33:33+00:00","description":"Entdecken Sie die raffinierte Sch\u00f6nheit unserer 22ct Gold Textured Bead Chain Necklace. Sie ist aus reinem Gold gefertigt und mit zarten, strukturierten Perlen versehen - perfekt f\u00fcr den eleganten Alltag und zum \u00dcbereinanderlegen.","breadcrumb":{"@id":"https:\/\/www.purejewels.com\/product\/22ct-gold-textured-bead-chain-mala-55442\/#breadcrumb"},"inLanguage":"de","potentialAction":[{"@type":"ReadAction","target":["https:\/\/www.purejewels.com\/product\/22ct-gold-textured-bead-chain-mala-55442\/"]}]},{"@type":"ImageObject","inLanguage":"de","@id":"https:\/\/www.purejewels.com\/product\/22ct-gold-textured-bead-chain-mala-55442\/#primaryimage","url":"https:\/\/static.purejewels.com\/wp-content\/uploads\/2026\/04\/sku-55444-side.png","contentUrl":"https:\/\/static.purejewels.com\/wp-content\/uploads\/2026\/04\/sku-55444-side.png","width":1079,"height":1920,"caption":"22ct Gold Textured Bead Chain Mala"},{"@type":"BreadcrumbList","@id":"https:\/\/www.purejewels.com\/product\/22ct-gold-textured-bead-chain-mala-55442\/#breadcrumb","itemListElement":[{"@type":"ListItem","position":1,"name":"Home","item":"https:\/\/www.purejewels.com\/"},{"@type":"ListItem","position":2,"name":"Shop","item":"https:\/\/www.purejewels.com\/shop\/"},{"@type":"ListItem","position":3,"name":"22ct Gold Textured Bead Chain Mala"}]},{"@type":"WebSite","@id":"https:\/\/www.purejewels.com\/#website","url":"https:\/\/www.purejewels.com\/","name":"PureJewels UK","description":"Teile die Liebe","publisher":{"@id":"https:\/\/www.purejewels.com\/#organization"},"potentialAction":[{"@type":"SearchAction","target":{"@type":"EntryPoint","urlTemplate":"https:\/\/www.purejewels.com\/?s={search_term_string}"},"query-input":{"@type":"PropertyValueSpecification","valueRequired":true,"valueName":"search_term_string"}}],"inLanguage":"de"},{"@type":"Organization","@id":"https:\/\/www.purejewels.com\/#organization","name":"PureJewels UK","url":"https:\/\/www.purejewels.com\/","logo":{"@type":"ImageObject","inLanguage":"de","@id":"https:\/\/www.purejewels.com\/#\/schema\/logo\/image\/","url":"https:\/\/static.purejewels.com\/wp-content\/uploads\/2020\/11\/Logo-PJ-New-1.png","contentUrl":"https:\/\/static.purejewels.com\/wp-content\/uploads\/2020\/11\/Logo-PJ-New-1.png","width":150,"height":80,"caption":"PureJewels UK"},"image":{"@id":"https:\/\/www.purejewels.com\/#\/schema\/logo\/image\/"}}]}},"_links":{"self":[{"href":"https:\/\/www.purejewels.com\/de\/wp-json\/wp\/v2\/product\/428242","targetHints":{"allow":["GET"]}}],"collection":[{"href":"https:\/\/www.purejewels.com\/de\/wp-json\/wp\/v2\/product"}],"about":[{"href":"https:\/\/www.purejewels.com\/de\/wp-json\/wp\/v2\/types\/product"}],"replies":[{"embeddable":true,"href":"https:\/\/www.purejewels.com\/de\/wp-json\/wp\/v2\/comments?post=428242"}],"version-history":[{"count":1,"href":"https:\/\/www.purejewels.com\/de\/wp-json\/wp\/v2\/product\/428242\/revisions"}],"predecessor-version":[{"id":428245,"href":"https:\/\/www.purejewels.com\/de\/wp-json\/wp\/v2\/product\/428242\/revisions\/428245"}],"wp:featuredmedia":[{"embeddable":true,"href":"https:\/\/www.purejewels.com\/de\/wp-json\/wp\/v2\/media\/428244"}],"wp:attachment":[{"href":"https:\/\/www.purejewels.com\/de\/wp-json\/wp\/v2\/media?parent=428242"}],"wp:term":[{"taxonomy":"product_brand","embeddable":true,"href":"https:\/\/www.purejewels.com\/de\/wp-json\/wp\/v2\/product_brand?post=428242"},{"taxonomy":"product_cat","embeddable":true,"href":"https:\/\/www.purejewels.com\/de\/wp-json\/wp\/v2\/product_cat?post=428242"},{"taxonomy":"product_tag","embeddable":true,"href":"https:\/\/www.purejewels.com\/de\/wp-json\/wp\/v2\/product_tag?post=428242"}],"curies":[{"name":"wp","href":"https:\/\/api.w.org\/{rel}","templated":true}]}}