{"id":428265,"date":"2026-04-10T08:31:43","date_gmt":"2026-04-10T07:31:43","guid":{"rendered":"https:\/\/www.purejewels.com\/?post_type=product&#038;p=428265"},"modified":"2026-04-10T09:23:53","modified_gmt":"2026-04-10T08:23:53","slug":"22-karat-gelbgold-perlenkette-55298","status":"publish","type":"product","link":"https:\/\/www.purejewels.com\/de\/product\/22ct-yellow-gold-beaded-necklace-55298\/","title":{"rendered":"22ct Gelbgold Perlenkette"},"content":{"rendered":"<p><strong>Designkonzept<\/strong><\/p>\n<p>Diese elegante, schlichte Perlenkette zelebriert den Rhythmus und das Gleichgewicht. Jede einzelne Goldperle wurde sorgf\u00e4ltig platziert, um einen harmonischen Fluss zu schaffen, der bei jeder Bewegung das Licht reflektiert. Die kontinuierliche Abfolge der Perlen symbolisiert Momente, die sich im Laufe der Zeit angesammelt haben. Jede einzelne Perle ist ein stiller Meilenstein, der sich zu einem wundervollen Ganzen zusammenf\u00fcgt, das der Philosophie von PureJewels entspricht.<\/p>\n<p><strong>Handwerkliches K\u00f6nnen<\/strong><\/p>\n<p>Diese Halskette aus reichhaltigem 22-kar\u00e4tigem Gelbgold spiegelt die Erfahrung von Generationen in der Herstellung von feinem Schmuck wider. Jede Perle ist pr\u00e4zise geformt und poliert, um einen sanften, strahlenden Glanz zu erzielen. Das Design der Halskette ist flie\u00dfend und bequem, sodass sie sich anmutig an die Haut anschmiegt und gleichzeitig f\u00fcr das t\u00e4gliche Tragen geeignet ist. Jedes Detail zeugt von PureJewels\u2019 Engagement f\u00fcr Authentizit\u00e4t, Reinheit und raffinierte Handwerkskunst.<\/p>\n<p><strong>Styling-Ideen<\/strong><\/p>\n<p>Ein vielseitiges Kleidungsst\u00fcck, das sich m\u00fchelos zu verschiedenen Anl\u00e4ssen tragen l\u00e4sst:<\/p>\n<ul>\n<li>Allt\u00e4gliche Eleganz: Tragen Sie ihn allein f\u00fcr einen klaren, minimalen Look, der jedes Outfit aufwertet.<\/li>\n<li>Mehrschichtiger Look: Kombinieren Sie sie mit feineren Ketten oder Anh\u00e4ngern f\u00fcr einen modernen, kuratierten Stil.<\/li>\n<li>Passend f\u00fcr jeden Anlass: Passt sowohl zu traditioneller als auch zu moderner Kleidung mit Leichtigkeit.<\/li>\n<li>Bedeutungsvolles Geschenk: Ein zeitloses St\u00fcck, perfekt f\u00fcr Geburtstage, Jahrestage oder pers\u00f6nliche Meilensteine.<\/li>\n<\/ul>","protected":false},"excerpt":{"rendered":"<p>Eine zeitlose Perlenkette aus 22 Karat Gelbgold mit zarten Goldkugeln f\u00fcr einen raffinierten und eleganten Alltagslook. Leicht, vielseitig und m\u00fchelos stilvoll.<\/p>\n<p><strong>Material:<\/strong> 22ct Gold (91,6% reines Gold)<strong><br \/>\nWahrzeichen:\u00a0<\/strong>Britisches G\u00fctesiegel<strong><br \/>\nBeenden: <\/strong>Rhodium-Finish<strong><br \/>\n<\/strong><strong>Bruttogewicht: <\/strong>3.31 Gms<br \/>\n<strong>SKU:<\/strong> 55298<br \/>\n<strong>L\u00e4nge:<\/strong> 16 Zoll<br \/>\n<strong>Preis und Lieferung:<\/strong> Inklusive Mehrwertsteuer und Lieferkosten<strong><br \/>\n<a href=\"https:\/\/www.purejewels.com\/de\/ruckgabepolitik\/\">R\u00fcckgabepolitik<\/a><\/strong><\/p>","protected":false},"featured_media":428266,"comment_status":"closed","ping_status":"closed","template":"","meta":{"_eb_attr":"","_crsspst_to_jayantr4sg-hostcom":true},"product_brand":[],"product_cat":[1791,1559,1793,5701,1792,1229,1253,5344,1570,1778,1574,5349],"product_tag":[],"class_list":{"0":"post-428265","1":"product","2":"type-product","3":"status-publish","4":"has-post-thumbnail","6":"product_cat-anniversary-gifts","7":"product_cat-birthday-gifts","8":"product_cat-diwali-gifts","9":"product_cat-eid-jewellery","10":"product_cat-festival-gifts","11":"product_cat-22ct-gold-jewellery","12":"product_cat-gold-necklaces","13":"product_cat-jewellery-under-750","14":"product_cat-mothers-day-gifts","15":"product_cat-short-necklaces","16":"product_cat-womens-jewellery","17":"product_cat-yellow-gold-jewellery","19":"first","20":"instock","21":"taxable","22":"shipping-taxable","23":"purchasable","24":"product-type-simple","25":"add-to-wishlist-before_image"},"yoast_head":"<!-- This site is optimized with the Yoast SEO plugin v27.3 - https:\/\/yoast.com\/product\/yoast-seo-wordpress\/ -->\n<title>22ct Yellow Gold Beaded Necklace | PureJewels London<\/title>\n<meta name=\"description\" content=\"Shop a 22ct yellow gold beaded necklace, crafted for everyday elegance. Lightweight, timeless and perfect for layering or gifting. Discover PureJewels London.\" \/>\n<meta name=\"robots\" content=\"index, follow, max-snippet:-1, max-image-preview:large, max-video-preview:-1\" \/>\n<link rel=\"canonical\" href=\"https:\/\/www.purejewels.com\/de\/produkt-2\/22-karat-gelbgold-perlenkette-55298\/\" \/>\n<meta property=\"og:locale\" content=\"de_DE\" \/>\n<meta property=\"og:type\" content=\"article\" \/>\n<meta property=\"og:title\" content=\"22ct Yellow Gold Beaded Necklace | PureJewels London\" \/>\n<meta property=\"og:description\" content=\"Shop a 22ct yellow gold beaded necklace, crafted for everyday elegance. Lightweight, timeless and perfect for layering or gifting. Discover PureJewels London.\" \/>\n<meta property=\"og:url\" content=\"https:\/\/www.purejewels.com\/de\/produkt-2\/22-karat-gelbgold-perlenkette-55298\/\" \/>\n<meta property=\"og:site_name\" content=\"PureJewels UK\" \/>\n<meta property=\"article:modified_time\" content=\"2026-04-10T08:23:53+00:00\" \/>\n<meta property=\"og:image\" content=\"https:\/\/static.purejewels.com\/wp-content\/uploads\/2026\/04\/sku-54077-side.jpg\" \/>\n\t<meta property=\"og:image:width\" content=\"1000\" \/>\n\t<meta property=\"og:image:height\" content=\"1000\" \/>\n\t<meta property=\"og:image:type\" content=\"image\/jpeg\" \/>\n<meta name=\"twitter:card\" content=\"summary_large_image\" \/>\n<meta name=\"twitter:label1\" content=\"Gesch\u00e4tzte Lesezeit\" \/>\n\t<meta name=\"twitter:data1\" content=\"2\u00a0Minuten\" \/>\n<script type=\"application\/ld+json\" class=\"yoast-schema-graph\">{\"@context\":\"https:\\\/\\\/schema.org\",\"@graph\":[{\"@type\":[\"WebPage\",\"ItemPage\"],\"@id\":\"https:\\\/\\\/www.purejewels.com\\\/product\\\/22ct-yellow-gold-beaded-necklace-55298\\\/\",\"url\":\"https:\\\/\\\/www.purejewels.com\\\/product\\\/22ct-yellow-gold-beaded-necklace-55298\\\/\",\"name\":\"22ct Yellow Gold Beaded Necklace | PureJewels London\",\"isPartOf\":{\"@id\":\"https:\\\/\\\/www.purejewels.com\\\/#website\"},\"primaryImageOfPage\":{\"@id\":\"https:\\\/\\\/www.purejewels.com\\\/product\\\/22ct-yellow-gold-beaded-necklace-55298\\\/#primaryimage\"},\"image\":{\"@id\":\"https:\\\/\\\/www.purejewels.com\\\/product\\\/22ct-yellow-gold-beaded-necklace-55298\\\/#primaryimage\"},\"thumbnailUrl\":\"https:\\\/\\\/static.purejewels.com\\\/wp-content\\\/uploads\\\/2026\\\/04\\\/sku-54077-side.jpg\",\"datePublished\":\"2026-04-10T07:31:43+00:00\",\"dateModified\":\"2026-04-10T08:23:53+00:00\",\"description\":\"Shop a 22ct yellow gold beaded necklace, crafted for everyday elegance. Lightweight, timeless and perfect for layering or gifting. Discover PureJewels London.\",\"breadcrumb\":{\"@id\":\"https:\\\/\\\/www.purejewels.com\\\/product\\\/22ct-yellow-gold-beaded-necklace-55298\\\/#breadcrumb\"},\"inLanguage\":\"de\",\"potentialAction\":[{\"@type\":\"ReadAction\",\"target\":[\"https:\\\/\\\/www.purejewels.com\\\/product\\\/22ct-yellow-gold-beaded-necklace-55298\\\/\"]}]},{\"@type\":\"ImageObject\",\"inLanguage\":\"de\",\"@id\":\"https:\\\/\\\/www.purejewels.com\\\/product\\\/22ct-yellow-gold-beaded-necklace-55298\\\/#primaryimage\",\"url\":\"https:\\\/\\\/static.purejewels.com\\\/wp-content\\\/uploads\\\/2026\\\/04\\\/sku-54077-side.jpg\",\"contentUrl\":\"https:\\\/\\\/static.purejewels.com\\\/wp-content\\\/uploads\\\/2026\\\/04\\\/sku-54077-side.jpg\",\"width\":1000,\"height\":1000,\"caption\":\"Stacked from 10 images. Method=B (R=8,S=4)\"},{\"@type\":\"BreadcrumbList\",\"@id\":\"https:\\\/\\\/www.purejewels.com\\\/product\\\/22ct-yellow-gold-beaded-necklace-55298\\\/#breadcrumb\",\"itemListElement\":[{\"@type\":\"ListItem\",\"position\":1,\"name\":\"Home\",\"item\":\"https:\\\/\\\/www.purejewels.com\\\/\"},{\"@type\":\"ListItem\",\"position\":2,\"name\":\"Shop\",\"item\":\"https:\\\/\\\/www.purejewels.com\\\/shop\\\/\"},{\"@type\":\"ListItem\",\"position\":3,\"name\":\"22ct Yellow Gold Beaded Necklace\"}]},{\"@type\":\"WebSite\",\"@id\":\"https:\\\/\\\/www.purejewels.com\\\/#website\",\"url\":\"https:\\\/\\\/www.purejewels.com\\\/\",\"name\":\"PureJewels UK\",\"description\":\"Share the Love\",\"publisher\":{\"@id\":\"https:\\\/\\\/www.purejewels.com\\\/#organization\"},\"potentialAction\":[{\"@type\":\"SearchAction\",\"target\":{\"@type\":\"EntryPoint\",\"urlTemplate\":\"https:\\\/\\\/www.purejewels.com\\\/?s={search_term_string}\"},\"query-input\":{\"@type\":\"PropertyValueSpecification\",\"valueRequired\":true,\"valueName\":\"search_term_string\"}}],\"inLanguage\":\"de\"},{\"@type\":\"Organization\",\"@id\":\"https:\\\/\\\/www.purejewels.com\\\/#organization\",\"name\":\"PureJewels UK\",\"url\":\"https:\\\/\\\/www.purejewels.com\\\/\",\"logo\":{\"@type\":\"ImageObject\",\"inLanguage\":\"de\",\"@id\":\"https:\\\/\\\/www.purejewels.com\\\/#\\\/schema\\\/logo\\\/image\\\/\",\"url\":\"https:\\\/\\\/static.purejewels.com\\\/wp-content\\\/uploads\\\/2020\\\/11\\\/Logo-PJ-New-1.png\",\"contentUrl\":\"https:\\\/\\\/static.purejewels.com\\\/wp-content\\\/uploads\\\/2020\\\/11\\\/Logo-PJ-New-1.png\",\"width\":150,\"height\":80,\"caption\":\"PureJewels UK\"},\"image\":{\"@id\":\"https:\\\/\\\/www.purejewels.com\\\/#\\\/schema\\\/logo\\\/image\\\/\"}}]}<\/script>\n<!-- \/ Yoast SEO plugin. -->","yoast_head_json":{"title":"22ct Gelbgold Perlenkette | PureJewels London","description":"Shoppen Sie eine Perlenkette aus 22 Karat Gelbgold, die f\u00fcr die Eleganz des Alltags gemacht ist. Leicht, zeitlos und perfekt zum \u00dcbereinanderlegen oder Verschenken. Entdecken Sie PureJewels London.","robots":{"index":"index","follow":"follow","max-snippet":"max-snippet:-1","max-image-preview":"max-image-preview:large","max-video-preview":"max-video-preview:-1"},"canonical":"https:\/\/www.purejewels.com\/de\/produkt-2\/22-karat-gelbgold-perlenkette-55298\/","og_locale":"de_DE","og_type":"article","og_title":"22ct Yellow Gold Beaded Necklace | PureJewels London","og_description":"Shop a 22ct yellow gold beaded necklace, crafted for everyday elegance. Lightweight, timeless and perfect for layering or gifting. Discover PureJewels London.","og_url":"https:\/\/www.purejewels.com\/de\/produkt-2\/22-karat-gelbgold-perlenkette-55298\/","og_site_name":"PureJewels UK","article_modified_time":"2026-04-10T08:23:53+00:00","og_image":[{"width":1000,"height":1000,"url":"https:\/\/static.purejewels.com\/wp-content\/uploads\/2026\/04\/sku-54077-side.jpg","type":"image\/jpeg"}],"twitter_card":"summary_large_image","twitter_misc":{"Gesch\u00e4tzte Lesezeit":"2\u00a0Minuten"},"schema":{"@context":"https:\/\/schema.org","@graph":[{"@type":["WebPage","ItemPage"],"@id":"https:\/\/www.purejewels.com\/product\/22ct-yellow-gold-beaded-necklace-55298\/","url":"https:\/\/www.purejewels.com\/product\/22ct-yellow-gold-beaded-necklace-55298\/","name":"22ct Gelbgold Perlenkette | PureJewels London","isPartOf":{"@id":"https:\/\/www.purejewels.com\/#website"},"primaryImageOfPage":{"@id":"https:\/\/www.purejewels.com\/product\/22ct-yellow-gold-beaded-necklace-55298\/#primaryimage"},"image":{"@id":"https:\/\/www.purejewels.com\/product\/22ct-yellow-gold-beaded-necklace-55298\/#primaryimage"},"thumbnailUrl":"https:\/\/static.purejewels.com\/wp-content\/uploads\/2026\/04\/sku-54077-side.jpg","datePublished":"2026-04-10T07:31:43+00:00","dateModified":"2026-04-10T08:23:53+00:00","description":"Shoppen Sie eine Perlenkette aus 22 Karat Gelbgold, die f\u00fcr die Eleganz des Alltags gemacht ist. Leicht, zeitlos und perfekt zum \u00dcbereinanderlegen oder Verschenken. Entdecken Sie PureJewels London.","breadcrumb":{"@id":"https:\/\/www.purejewels.com\/product\/22ct-yellow-gold-beaded-necklace-55298\/#breadcrumb"},"inLanguage":"de","potentialAction":[{"@type":"ReadAction","target":["https:\/\/www.purejewels.com\/product\/22ct-yellow-gold-beaded-necklace-55298\/"]}]},{"@type":"ImageObject","inLanguage":"de","@id":"https:\/\/www.purejewels.com\/product\/22ct-yellow-gold-beaded-necklace-55298\/#primaryimage","url":"https:\/\/static.purejewels.com\/wp-content\/uploads\/2026\/04\/sku-54077-side.jpg","contentUrl":"https:\/\/static.purejewels.com\/wp-content\/uploads\/2026\/04\/sku-54077-side.jpg","width":1000,"height":1000,"caption":"Stacked from 10 images. Method=B (R=8,S=4)"},{"@type":"BreadcrumbList","@id":"https:\/\/www.purejewels.com\/product\/22ct-yellow-gold-beaded-necklace-55298\/#breadcrumb","itemListElement":[{"@type":"ListItem","position":1,"name":"Home","item":"https:\/\/www.purejewels.com\/"},{"@type":"ListItem","position":2,"name":"Shop","item":"https:\/\/www.purejewels.com\/shop\/"},{"@type":"ListItem","position":3,"name":"22ct Yellow Gold Beaded Necklace"}]},{"@type":"WebSite","@id":"https:\/\/www.purejewels.com\/#website","url":"https:\/\/www.purejewels.com\/","name":"PureJewels UK","description":"Teile die Liebe","publisher":{"@id":"https:\/\/www.purejewels.com\/#organization"},"potentialAction":[{"@type":"SearchAction","target":{"@type":"EntryPoint","urlTemplate":"https:\/\/www.purejewels.com\/?s={search_term_string}"},"query-input":{"@type":"PropertyValueSpecification","valueRequired":true,"valueName":"search_term_string"}}],"inLanguage":"de"},{"@type":"Organization","@id":"https:\/\/www.purejewels.com\/#organization","name":"PureJewels UK","url":"https:\/\/www.purejewels.com\/","logo":{"@type":"ImageObject","inLanguage":"de","@id":"https:\/\/www.purejewels.com\/#\/schema\/logo\/image\/","url":"https:\/\/static.purejewels.com\/wp-content\/uploads\/2020\/11\/Logo-PJ-New-1.png","contentUrl":"https:\/\/static.purejewels.com\/wp-content\/uploads\/2020\/11\/Logo-PJ-New-1.png","width":150,"height":80,"caption":"PureJewels UK"},"image":{"@id":"https:\/\/www.purejewels.com\/#\/schema\/logo\/image\/"}}]}},"_links":{"self":[{"href":"https:\/\/www.purejewels.com\/de\/wp-json\/wp\/v2\/product\/428265","targetHints":{"allow":["GET"]}}],"collection":[{"href":"https:\/\/www.purejewels.com\/de\/wp-json\/wp\/v2\/product"}],"about":[{"href":"https:\/\/www.purejewels.com\/de\/wp-json\/wp\/v2\/types\/product"}],"replies":[{"embeddable":true,"href":"https:\/\/www.purejewels.com\/de\/wp-json\/wp\/v2\/comments?post=428265"}],"version-history":[{"count":3,"href":"https:\/\/www.purejewels.com\/de\/wp-json\/wp\/v2\/product\/428265\/revisions"}],"predecessor-version":[{"id":428272,"href":"https:\/\/www.purejewels.com\/de\/wp-json\/wp\/v2\/product\/428265\/revisions\/428272"}],"wp:featuredmedia":[{"embeddable":true,"href":"https:\/\/www.purejewels.com\/de\/wp-json\/wp\/v2\/media\/428266"}],"wp:attachment":[{"href":"https:\/\/www.purejewels.com\/de\/wp-json\/wp\/v2\/media?parent=428265"}],"wp:term":[{"taxonomy":"product_brand","embeddable":true,"href":"https:\/\/www.purejewels.com\/de\/wp-json\/wp\/v2\/product_brand?post=428265"},{"taxonomy":"product_cat","embeddable":true,"href":"https:\/\/www.purejewels.com\/de\/wp-json\/wp\/v2\/product_cat?post=428265"},{"taxonomy":"product_tag","embeddable":true,"href":"https:\/\/www.purejewels.com\/de\/wp-json\/wp\/v2\/product_tag?post=428265"}],"curies":[{"name":"wp","href":"https:\/\/api.w.org\/{rel}","templated":true}]}}