{"id":428290,"date":"2026-03-10T11:00:32","date_gmt":"2026-03-10T11:00:32","guid":{"rendered":"https:\/\/www.purejewels.com\/?post_type=product&#038;p=428290"},"modified":"2026-04-10T11:15:28","modified_gmt":"2026-04-10T10:15:28","slug":"22ct-gelbgold-box-spirale-kette-55415","status":"publish","type":"product","link":"https:\/\/www.purejewels.com\/de\/product\/22ct-yellow-gold-box-spiral-chain-55415\/","title":{"rendered":"22ct Gelbgold Box Spirale Kette | 16 Zoll"},"content":{"rendered":"<p><strong>Designkonzept<\/strong><\/p>\n<p>Diese Kette ist eine Studie in Struktur und Bewegung. Das klassische Kastenglied wird mit einem sanften Spiralrhythmus neu interpretiert, wodurch ein Spiel aus Licht und Textur entsteht, das sowohl modern als auch zeitlos wirkt. Das abwechselnde Muster sorgt f\u00fcr eine ruhige Dynamik - jedes Segment spiegelt eine andere Facette des Lichts wider, ganz wie die sich entwickelnde Reise, die es repr\u00e4sentiert. Verwurzelt in der PureJewels-Philosophie, Reisen zu feiern, symbolisiert das Spiralmotiv Kontinuit\u00e4t, Wachstum und Vorw\u00e4rtsbewegung.<\/p>\n<p><strong>Handwerkliches K\u00f6nnen<\/strong><\/p>\n<p>Diese Kette aus reichem 22-kar\u00e4tigem Gelbgold spiegelt die Pr\u00e4zision und das Erbe der Goldschmiedekunst wider. Die spiralf\u00f6rmig strukturierten Segmente sind sorgf\u00e4ltig verarbeitet, um Tiefe und Brillanz zu verst\u00e4rken und einen taktilen und visuellen Kontrast zu bieten, w\u00e4hrend sie sich gleichzeitig glatt und angenehm auf der Haut anf\u00fchlen. Diese Kette ist sowohl auf Haltbarkeit als auch auf Eleganz ausgelegt. Sie h\u00e4lt ihre Struktur auf wunderbare Weise und ist gleichzeitig leicht genug f\u00fcr das t\u00e4gliche Tragen - eine Verk\u00f6rperung von raffinierter Handwerkskunst und dauerhafter Qualit\u00e4t.<\/p>\n<p><strong>Styling-Ideen<\/strong><\/p>\n<p>Eine vielseitige Kette, die sich m\u00fchelos an Ihren Stil anpasst:<\/p>\n<ul>\n<li>Schlichte Aussage: Tragen Sie ihn allein, um seine filigrane Textur und strukturierte Eleganz zu betonen.<\/li>\n<li>Mehrschichtiger Look: Kombinieren Sie sie mit feineren oder l\u00e4ngeren Ketten, um Tiefe und einen modernen Lagenlook zu schaffen.<\/li>\n<li>Paarung mit Anh\u00e4nger: F\u00fcgen Sie einen schlichten Goldanh\u00e4nger hinzu, um dem Design eine pers\u00f6nliche Note zu verleihen, ohne es zu \u00fcbertreiben.<\/li>\n<li>Vom Tag zum Abend: Mit seinen dezenten Details eignet er sich sowohl f\u00fcr den Alltag als auch f\u00fcr gehobene Anl\u00e4sse.<\/li>\n<\/ul>","protected":false},"excerpt":{"rendered":"<p>Eine unverwechselbare, spiralf\u00f6rmige Kette aus 22-kar\u00e4tigem Gelbgold mit komplizierten, strukturierten Gliedern, die einen subtilen Twist-Effekt erzeugen. Elegant, langlebig und ideal f\u00fcr den t\u00e4glichen Gebrauch oder als Lagenschmuck.<\/p>\n<p><strong>Material:<\/strong>\u00a022ct Gold (91,6% reines Gold)<strong><br \/>\nWahrzeichen:\u00a0<\/strong>Britisches G\u00fctesiegel<strong><br \/>\n<\/strong><strong>Bruttogewicht: <\/strong>5,89 Gramm<br \/>\n<strong>SKU:<\/strong> 55415, 55416, 55417, 55419, 55420<br \/>\n<strong>L\u00e4nge:<\/strong>\u00a016 Zoll<br \/>\n<strong>Preis und Lieferung:<\/strong>\u00a0Inklusive Mehrwertsteuer und Lieferkosten<strong><br \/>\n<a href=\"https:\/\/www.purejewels.com\/de\/ruckgabepolitik\/\">R\u00fcckgabepolitik<\/a><\/strong><\/p>","protected":false},"featured_media":428292,"comment_status":"closed","ping_status":"closed","template":"","meta":{"_eb_attr":"","_crsspst_to_jayantr4sg-hostcom":true},"product_brand":[],"product_cat":[1791,1559,5267,1794,1475,1229,5343,1569,1574,5349],"product_tag":[],"class_list":{"0":"post-428290","1":"product","2":"type-product","3":"status-publish","4":"has-post-thumbnail","6":"product_cat-anniversary-gifts","7":"product_cat-birthday-gifts","8":"product_cat-box-chain","9":"product_cat-christmas-gifts","10":"product_cat-gold-chains","11":"product_cat-22ct-gold-jewellery","12":"product_cat-jewellery-under-550","13":"product_cat-valentine-day-gifts","14":"product_cat-womens-jewellery","15":"product_cat-yellow-gold-jewellery","17":"first","18":"instock","19":"taxable","20":"shipping-taxable","21":"purchasable","22":"product-type-simple","23":"add-to-wishlist-before_image"},"yoast_head":"<!-- This site is optimized with the Yoast SEO plugin v27.3 - https:\/\/yoast.com\/product\/yoast-seo-wordpress\/ -->\n<title>Shop 22ct Yellow Gold Box Spiral Chain | PureJewels London<\/title>\n<meta name=\"description\" content=\"Explore a 22ct yellow gold box spiral chain, crafted with textured detailing for a refined everyday look. Elegant, durable and perfect for layering or solo wear.\" \/>\n<meta name=\"robots\" content=\"index, follow, max-snippet:-1, max-image-preview:large, max-video-preview:-1\" \/>\n<link rel=\"canonical\" href=\"https:\/\/www.purejewels.com\/de\/produkt-2\/22ct-gelbgold-box-spirale-kette-55415\/\" \/>\n<meta property=\"og:locale\" content=\"de_DE\" \/>\n<meta property=\"og:type\" content=\"article\" \/>\n<meta property=\"og:title\" content=\"Shop 22ct Yellow Gold Box Spiral Chain | PureJewels London\" \/>\n<meta property=\"og:description\" content=\"Explore a 22ct yellow gold box spiral chain, crafted with textured detailing for a refined everyday look. Elegant, durable and perfect for layering or solo wear.\" \/>\n<meta property=\"og:url\" content=\"https:\/\/www.purejewels.com\/de\/produkt-2\/22ct-gelbgold-box-spirale-kette-55415\/\" \/>\n<meta property=\"og:site_name\" content=\"PureJewels UK\" \/>\n<meta property=\"article:modified_time\" content=\"2026-04-10T10:15:28+00:00\" \/>\n<meta property=\"og:image\" content=\"https:\/\/static.purejewels.com\/wp-content\/uploads\/2026\/04\/sku-55416-side.jpg\" \/>\n\t<meta property=\"og:image:width\" content=\"1000\" \/>\n\t<meta property=\"og:image:height\" content=\"1000\" \/>\n\t<meta property=\"og:image:type\" content=\"image\/jpeg\" \/>\n<meta name=\"twitter:card\" content=\"summary_large_image\" \/>\n<meta name=\"twitter:label1\" content=\"Gesch\u00e4tzte Lesezeit\" \/>\n\t<meta name=\"twitter:data1\" content=\"2\u00a0Minuten\" \/>\n<script type=\"application\/ld+json\" class=\"yoast-schema-graph\">{\"@context\":\"https:\\\/\\\/schema.org\",\"@graph\":[{\"@type\":[\"WebPage\",\"ItemPage\"],\"@id\":\"https:\\\/\\\/www.purejewels.com\\\/product\\\/22ct-yellow-gold-box-spiral-chain-55415\\\/\",\"url\":\"https:\\\/\\\/www.purejewels.com\\\/product\\\/22ct-yellow-gold-box-spiral-chain-55415\\\/\",\"name\":\"Shop 22ct Yellow Gold Box Spiral Chain | PureJewels London\",\"isPartOf\":{\"@id\":\"https:\\\/\\\/www.purejewels.com\\\/#website\"},\"primaryImageOfPage\":{\"@id\":\"https:\\\/\\\/www.purejewels.com\\\/product\\\/22ct-yellow-gold-box-spiral-chain-55415\\\/#primaryimage\"},\"image\":{\"@id\":\"https:\\\/\\\/www.purejewels.com\\\/product\\\/22ct-yellow-gold-box-spiral-chain-55415\\\/#primaryimage\"},\"thumbnailUrl\":\"https:\\\/\\\/static.purejewels.com\\\/wp-content\\\/uploads\\\/2026\\\/04\\\/sku-55416-side.jpg\",\"datePublished\":\"2026-03-10T11:00:32+00:00\",\"dateModified\":\"2026-04-10T10:15:28+00:00\",\"description\":\"Explore a 22ct yellow gold box spiral chain, crafted with textured detailing for a refined everyday look. Elegant, durable and perfect for layering or solo wear.\",\"breadcrumb\":{\"@id\":\"https:\\\/\\\/www.purejewels.com\\\/product\\\/22ct-yellow-gold-box-spiral-chain-55415\\\/#breadcrumb\"},\"inLanguage\":\"de\",\"potentialAction\":[{\"@type\":\"ReadAction\",\"target\":[\"https:\\\/\\\/www.purejewels.com\\\/product\\\/22ct-yellow-gold-box-spiral-chain-55415\\\/\"]}]},{\"@type\":\"ImageObject\",\"inLanguage\":\"de\",\"@id\":\"https:\\\/\\\/www.purejewels.com\\\/product\\\/22ct-yellow-gold-box-spiral-chain-55415\\\/#primaryimage\",\"url\":\"https:\\\/\\\/static.purejewels.com\\\/wp-content\\\/uploads\\\/2026\\\/04\\\/sku-55416-side.jpg\",\"contentUrl\":\"https:\\\/\\\/static.purejewels.com\\\/wp-content\\\/uploads\\\/2026\\\/04\\\/sku-55416-side.jpg\",\"width\":1000,\"height\":1000,\"caption\":\"Stacked from 10 images. Method=B (R=8,S=4)\"},{\"@type\":\"BreadcrumbList\",\"@id\":\"https:\\\/\\\/www.purejewels.com\\\/product\\\/22ct-yellow-gold-box-spiral-chain-55415\\\/#breadcrumb\",\"itemListElement\":[{\"@type\":\"ListItem\",\"position\":1,\"name\":\"Home\",\"item\":\"https:\\\/\\\/www.purejewels.com\\\/\"},{\"@type\":\"ListItem\",\"position\":2,\"name\":\"Shop\",\"item\":\"https:\\\/\\\/www.purejewels.com\\\/shop\\\/\"},{\"@type\":\"ListItem\",\"position\":3,\"name\":\"22ct Yellow Gold Box Spiral Chain | 16 Inch\"}]},{\"@type\":\"WebSite\",\"@id\":\"https:\\\/\\\/www.purejewels.com\\\/#website\",\"url\":\"https:\\\/\\\/www.purejewels.com\\\/\",\"name\":\"PureJewels UK\",\"description\":\"Share the Love\",\"publisher\":{\"@id\":\"https:\\\/\\\/www.purejewels.com\\\/#organization\"},\"potentialAction\":[{\"@type\":\"SearchAction\",\"target\":{\"@type\":\"EntryPoint\",\"urlTemplate\":\"https:\\\/\\\/www.purejewels.com\\\/?s={search_term_string}\"},\"query-input\":{\"@type\":\"PropertyValueSpecification\",\"valueRequired\":true,\"valueName\":\"search_term_string\"}}],\"inLanguage\":\"de\"},{\"@type\":\"Organization\",\"@id\":\"https:\\\/\\\/www.purejewels.com\\\/#organization\",\"name\":\"PureJewels UK\",\"url\":\"https:\\\/\\\/www.purejewels.com\\\/\",\"logo\":{\"@type\":\"ImageObject\",\"inLanguage\":\"de\",\"@id\":\"https:\\\/\\\/www.purejewels.com\\\/#\\\/schema\\\/logo\\\/image\\\/\",\"url\":\"https:\\\/\\\/static.purejewels.com\\\/wp-content\\\/uploads\\\/2020\\\/11\\\/Logo-PJ-New-1.png\",\"contentUrl\":\"https:\\\/\\\/static.purejewels.com\\\/wp-content\\\/uploads\\\/2020\\\/11\\\/Logo-PJ-New-1.png\",\"width\":150,\"height\":80,\"caption\":\"PureJewels UK\"},\"image\":{\"@id\":\"https:\\\/\\\/www.purejewels.com\\\/#\\\/schema\\\/logo\\\/image\\\/\"}}]}<\/script>\n<!-- \/ Yoast SEO plugin. -->","yoast_head_json":{"title":"Shop 22ct Gelbgold Box Spiralkette | PureJewels London","description":"Entdecken Sie eine Spiralkette aus 22 Karat Gelbgold mit strukturierten Details f\u00fcr einen raffinierten Alltagslook. Elegant, langlebig und perfekt zum Tragen in Lagen oder solo.","robots":{"index":"index","follow":"follow","max-snippet":"max-snippet:-1","max-image-preview":"max-image-preview:large","max-video-preview":"max-video-preview:-1"},"canonical":"https:\/\/www.purejewels.com\/de\/produkt-2\/22ct-gelbgold-box-spirale-kette-55415\/","og_locale":"de_DE","og_type":"article","og_title":"Shop 22ct Yellow Gold Box Spiral Chain | PureJewels London","og_description":"Explore a 22ct yellow gold box spiral chain, crafted with textured detailing for a refined everyday look. Elegant, durable and perfect for layering or solo wear.","og_url":"https:\/\/www.purejewels.com\/de\/produkt-2\/22ct-gelbgold-box-spirale-kette-55415\/","og_site_name":"PureJewels UK","article_modified_time":"2026-04-10T10:15:28+00:00","og_image":[{"width":1000,"height":1000,"url":"https:\/\/static.purejewels.com\/wp-content\/uploads\/2026\/04\/sku-55416-side.jpg","type":"image\/jpeg"}],"twitter_card":"summary_large_image","twitter_misc":{"Gesch\u00e4tzte Lesezeit":"2\u00a0Minuten"},"schema":{"@context":"https:\/\/schema.org","@graph":[{"@type":["WebPage","ItemPage"],"@id":"https:\/\/www.purejewels.com\/product\/22ct-yellow-gold-box-spiral-chain-55415\/","url":"https:\/\/www.purejewels.com\/product\/22ct-yellow-gold-box-spiral-chain-55415\/","name":"Shop 22ct Gelbgold Box Spiralkette | PureJewels London","isPartOf":{"@id":"https:\/\/www.purejewels.com\/#website"},"primaryImageOfPage":{"@id":"https:\/\/www.purejewels.com\/product\/22ct-yellow-gold-box-spiral-chain-55415\/#primaryimage"},"image":{"@id":"https:\/\/www.purejewels.com\/product\/22ct-yellow-gold-box-spiral-chain-55415\/#primaryimage"},"thumbnailUrl":"https:\/\/static.purejewels.com\/wp-content\/uploads\/2026\/04\/sku-55416-side.jpg","datePublished":"2026-03-10T11:00:32+00:00","dateModified":"2026-04-10T10:15:28+00:00","description":"Entdecken Sie eine Spiralkette aus 22 Karat Gelbgold mit strukturierten Details f\u00fcr einen raffinierten Alltagslook. Elegant, langlebig und perfekt zum Tragen in Lagen oder solo.","breadcrumb":{"@id":"https:\/\/www.purejewels.com\/product\/22ct-yellow-gold-box-spiral-chain-55415\/#breadcrumb"},"inLanguage":"de","potentialAction":[{"@type":"ReadAction","target":["https:\/\/www.purejewels.com\/product\/22ct-yellow-gold-box-spiral-chain-55415\/"]}]},{"@type":"ImageObject","inLanguage":"de","@id":"https:\/\/www.purejewels.com\/product\/22ct-yellow-gold-box-spiral-chain-55415\/#primaryimage","url":"https:\/\/static.purejewels.com\/wp-content\/uploads\/2026\/04\/sku-55416-side.jpg","contentUrl":"https:\/\/static.purejewels.com\/wp-content\/uploads\/2026\/04\/sku-55416-side.jpg","width":1000,"height":1000,"caption":"Stacked from 10 images. Method=B (R=8,S=4)"},{"@type":"BreadcrumbList","@id":"https:\/\/www.purejewels.com\/product\/22ct-yellow-gold-box-spiral-chain-55415\/#breadcrumb","itemListElement":[{"@type":"ListItem","position":1,"name":"Home","item":"https:\/\/www.purejewels.com\/"},{"@type":"ListItem","position":2,"name":"Shop","item":"https:\/\/www.purejewels.com\/shop\/"},{"@type":"ListItem","position":3,"name":"22ct Yellow Gold Box Spiral Chain | 16 Inch"}]},{"@type":"WebSite","@id":"https:\/\/www.purejewels.com\/#website","url":"https:\/\/www.purejewels.com\/","name":"PureJewels UK","description":"Teile die Liebe","publisher":{"@id":"https:\/\/www.purejewels.com\/#organization"},"potentialAction":[{"@type":"SearchAction","target":{"@type":"EntryPoint","urlTemplate":"https:\/\/www.purejewels.com\/?s={search_term_string}"},"query-input":{"@type":"PropertyValueSpecification","valueRequired":true,"valueName":"search_term_string"}}],"inLanguage":"de"},{"@type":"Organization","@id":"https:\/\/www.purejewels.com\/#organization","name":"PureJewels UK","url":"https:\/\/www.purejewels.com\/","logo":{"@type":"ImageObject","inLanguage":"de","@id":"https:\/\/www.purejewels.com\/#\/schema\/logo\/image\/","url":"https:\/\/static.purejewels.com\/wp-content\/uploads\/2020\/11\/Logo-PJ-New-1.png","contentUrl":"https:\/\/static.purejewels.com\/wp-content\/uploads\/2020\/11\/Logo-PJ-New-1.png","width":150,"height":80,"caption":"PureJewels UK"},"image":{"@id":"https:\/\/www.purejewels.com\/#\/schema\/logo\/image\/"}}]}},"_links":{"self":[{"href":"https:\/\/www.purejewels.com\/de\/wp-json\/wp\/v2\/product\/428290","targetHints":{"allow":["GET"]}}],"collection":[{"href":"https:\/\/www.purejewels.com\/de\/wp-json\/wp\/v2\/product"}],"about":[{"href":"https:\/\/www.purejewels.com\/de\/wp-json\/wp\/v2\/types\/product"}],"replies":[{"embeddable":true,"href":"https:\/\/www.purejewels.com\/de\/wp-json\/wp\/v2\/comments?post=428290"}],"version-history":[{"count":2,"href":"https:\/\/www.purejewels.com\/de\/wp-json\/wp\/v2\/product\/428290\/revisions"}],"predecessor-version":[{"id":428295,"href":"https:\/\/www.purejewels.com\/de\/wp-json\/wp\/v2\/product\/428290\/revisions\/428295"}],"wp:featuredmedia":[{"embeddable":true,"href":"https:\/\/www.purejewels.com\/de\/wp-json\/wp\/v2\/media\/428292"}],"wp:attachment":[{"href":"https:\/\/www.purejewels.com\/de\/wp-json\/wp\/v2\/media?parent=428290"}],"wp:term":[{"taxonomy":"product_brand","embeddable":true,"href":"https:\/\/www.purejewels.com\/de\/wp-json\/wp\/v2\/product_brand?post=428290"},{"taxonomy":"product_cat","embeddable":true,"href":"https:\/\/www.purejewels.com\/de\/wp-json\/wp\/v2\/product_cat?post=428290"},{"taxonomy":"product_tag","embeddable":true,"href":"https:\/\/www.purejewels.com\/de\/wp-json\/wp\/v2\/product_tag?post=428290"}],"curies":[{"name":"wp","href":"https:\/\/api.w.org\/{rel}","templated":true}]}}