{"id":428351,"date":"2026-01-13T06:32:41","date_gmt":"2026-01-13T06:32:41","guid":{"rendered":"https:\/\/www.purejewels.com\/?post_type=product&#038;p=428351"},"modified":"2026-04-13T06:46:00","modified_gmt":"2026-04-13T05:46:00","slug":"22ct-gold-rudraksha-mala-mit-goldperlen-48120","status":"publish","type":"product","link":"https:\/\/www.purejewels.com\/de\/product\/22ct-gold-rudraksha-mala-with-gold-beads-48120\/","title":{"rendered":"22ct Gold Rudraksha Mala mit Goldperlen | 26 Zoll"},"content":{"rendered":"<p><strong>Designkonzept<\/strong><br \/>\nDiese in der Tradition und spirituellen Symbolik verwurzelte Rudraksha-Mala wurde mit Bedacht entworfen, um ihre heiligen Urspr\u00fcnge zu ehren und sie gleichzeitig durch feines Schmuckhandwerk aufzuwerten. Die nat\u00fcrliche Textur der Rudraksha-Perlen steht in wunderbarem Kontrast zu der W\u00e4rme und dem Glanz der 22-kar\u00e4tigen Goldperlen und schafft ein rhythmisches Gleichgewicht, das sowohl Hingabe als auch Eleganz widerspiegelt.<\/p>\n<p><strong>Handwerkliches K\u00f6nnen<\/strong><br \/>\nJedes Element der Mala wird sorgf\u00e4ltig zusammengesetzt, um Harmonie in Proportion und Fluss zu gew\u00e4hrleisten. Die Rudraksha-Perlen werden aufgrund ihres nat\u00fcrlichen Charakters ausgew\u00e4hlt, w\u00e4hrend die Goldperlen mit aufwendigen Details versehen sind, um ihren visuellen Reichtum zu verst\u00e4rken. Das mit Pr\u00e4zision gefertigte und auf Hochglanz polierte Schmuckst\u00fcck spiegelt das Engagement von PureJewels wider, die traditionelle Handwerkskunst zu bewahren und gleichzeitig Haltbarkeit und Komfort zu gew\u00e4hrleisten. Wie alle unsere Kreationen ist auch diese mit einem Echtheits- und Qualit\u00e4tssiegel versehen.<\/p>\n<p><strong>Styling-Ideen<\/strong><br \/>\nDiese vielseitige Mala kann als Glaubensbekenntnis oder als unverwechselbares Designerst\u00fcck getragen werden. Sie passt wunderbar zu traditioneller Kleidung bei feierlichen Anl\u00e4ssen, verleiht aber auch modernen Outfits Tiefe und Charakter. Einzeln getragen hat sie eine kraftvolle Pr\u00e4senz; \u00fcbereinandergelegt schafft sie einen bedeutungsvollen und strukturierten Look, der den pers\u00f6nlichen Stil und die Geschichte widerspiegelt.<\/p>","protected":false},"excerpt":{"rendered":"<div class=\"product_meta\">Eine heilige Rudraksha-Mala aus 22-kar\u00e4tigem Gold, akzentuiert mit kunstvoll gestalteten Goldperlen, gefertigt in einer L\u00e4nge von 26 Zoll. Eine harmonische Mischung aus spiritueller Symbolik und raffinierter Eleganz.<\/div>\n<div><\/div>\n<div><strong>Material:<\/strong>\u00a022ct Gold (91,6% reines Gold)<strong><br \/>\nWahrzeichen:\u00a0<\/strong>Britisches G\u00fctesiegel<strong><br \/>\n<\/strong><strong>Stein: <\/strong>Rudraksh<strong><br \/>\n<\/strong><strong>Bruttogewicht: <\/strong>33.20 Gms<br \/>\n<strong>Nettogewicht:<\/strong> 31.10 Gms<br \/>\n<strong>SKU:<\/strong> 48120<br \/>\n<strong>L\u00e4nge:<\/strong> 26 Zoll<br \/>\n<strong>Preis und Lieferung:<\/strong>\u00a0Inklusive Mehrwertsteuer und Lieferkosten<strong><br \/>\n<a href=\"https:\/\/www.purejewels.com\/de\/ruckgabepolitik\/\">R\u00fcckgabepolitik<\/a><\/strong><\/div>\n<div class=\"pls-deliver-return-ask-questions\"><\/div>","protected":false},"featured_media":428352,"comment_status":"closed","ping_status":"closed","template":"","meta":{"_eb_attr":"","_crsspst_to_jayantr4sg-hostcom":true},"product_brand":[],"product_cat":[5023,1617,6164,5313,1571,1475,1779,1572,1774],"product_tag":[],"class_list":{"0":"post-428351","1":"product","2":"type-product","3":"status-publish","4":"has-post-thumbnail","6":"product_cat-26-inch-mala-chain","7":"product_cat-fancy-mala-chains","8":"product_cat-chain-gents","9":"product_cat-chains-2","10":"product_cat-fathers-day-gifts","11":"product_cat-gold-chains","12":"product_cat-mala-style-necklaces","13":"product_cat-mens-jewellery","14":"product_cat-mens-chains","16":"first","17":"instock","18":"taxable","19":"shipping-taxable","20":"purchasable","21":"product-type-simple","22":"add-to-wishlist-before_image"},"yoast_head":"<!-- This site is optimized with the Yoast SEO plugin v27.4 - https:\/\/yoast.com\/product\/yoast-seo-wordpress\/ -->\n<title>Shop 22ct Gold Rudraksha Mala with Gold Beads \u2013 26 Inch<\/title>\n<meta name=\"description\" content=\"Explore a 22ct gold Rudraksha mala with intricately crafted gold beads. A 26 inch spiritual necklace blending tradition and elegance. Shop PureJewels London.\" \/>\n<meta name=\"robots\" content=\"index, follow, max-snippet:-1, max-image-preview:large, max-video-preview:-1\" \/>\n<link rel=\"canonical\" href=\"https:\/\/www.purejewels.com\/de\/produkt-2\/22ct-gold-rudraksha-mala-mit-goldperlen-48120\/\" \/>\n<meta property=\"og:locale\" content=\"de_DE\" \/>\n<meta property=\"og:type\" content=\"article\" \/>\n<meta property=\"og:title\" content=\"Shop 22ct Gold Rudraksha Mala with Gold Beads \u2013 26 Inch\" \/>\n<meta property=\"og:description\" content=\"Explore a 22ct gold Rudraksha mala with intricately crafted gold beads. A 26 inch spiritual necklace blending tradition and elegance. Shop PureJewels London.\" \/>\n<meta property=\"og:url\" content=\"https:\/\/www.purejewels.com\/de\/produkt-2\/22ct-gold-rudraksha-mala-mit-goldperlen-48120\/\" \/>\n<meta property=\"og:site_name\" content=\"PureJewels UK\" \/>\n<meta property=\"article:modified_time\" content=\"2026-04-13T05:46:00+00:00\" \/>\n<meta property=\"og:image\" content=\"https:\/\/static.purejewels.com\/wp-content\/uploads\/2026\/04\/SKU-48120-FRONT.jpg\" \/>\n\t<meta property=\"og:image:width\" content=\"1000\" \/>\n\t<meta property=\"og:image:height\" content=\"1000\" \/>\n\t<meta property=\"og:image:type\" content=\"image\/jpeg\" \/>\n<meta name=\"twitter:card\" content=\"summary_large_image\" \/>\n<meta name=\"twitter:label1\" content=\"Gesch\u00e4tzte Lesezeit\" \/>\n\t<meta name=\"twitter:data1\" content=\"2\u00a0Minuten\" \/>\n<script type=\"application\/ld+json\" class=\"yoast-schema-graph\">{\"@context\":\"https:\\\/\\\/schema.org\",\"@graph\":[{\"@type\":[\"WebPage\",\"ItemPage\"],\"@id\":\"https:\\\/\\\/www.purejewels.com\\\/product\\\/22ct-gold-rudraksha-mala-with-gold-beads-48120\\\/\",\"url\":\"https:\\\/\\\/www.purejewels.com\\\/product\\\/22ct-gold-rudraksha-mala-with-gold-beads-48120\\\/\",\"name\":\"Shop 22ct Gold Rudraksha Mala with Gold Beads \u2013 26 Inch\",\"isPartOf\":{\"@id\":\"https:\\\/\\\/www.purejewels.com\\\/#website\"},\"primaryImageOfPage\":{\"@id\":\"https:\\\/\\\/www.purejewels.com\\\/product\\\/22ct-gold-rudraksha-mala-with-gold-beads-48120\\\/#primaryimage\"},\"image\":{\"@id\":\"https:\\\/\\\/www.purejewels.com\\\/product\\\/22ct-gold-rudraksha-mala-with-gold-beads-48120\\\/#primaryimage\"},\"thumbnailUrl\":\"https:\\\/\\\/static.purejewels.com\\\/wp-content\\\/uploads\\\/2026\\\/04\\\/SKU-48120-FRONT.jpg\",\"datePublished\":\"2026-01-13T06:32:41+00:00\",\"dateModified\":\"2026-04-13T05:46:00+00:00\",\"description\":\"Explore a 22ct gold Rudraksha mala with intricately crafted gold beads. A 26 inch spiritual necklace blending tradition and elegance. Shop PureJewels London.\",\"breadcrumb\":{\"@id\":\"https:\\\/\\\/www.purejewels.com\\\/product\\\/22ct-gold-rudraksha-mala-with-gold-beads-48120\\\/#breadcrumb\"},\"inLanguage\":\"de\",\"potentialAction\":[{\"@type\":\"ReadAction\",\"target\":[\"https:\\\/\\\/www.purejewels.com\\\/product\\\/22ct-gold-rudraksha-mala-with-gold-beads-48120\\\/\"]}]},{\"@type\":\"ImageObject\",\"inLanguage\":\"de\",\"@id\":\"https:\\\/\\\/www.purejewels.com\\\/product\\\/22ct-gold-rudraksha-mala-with-gold-beads-48120\\\/#primaryimage\",\"url\":\"https:\\\/\\\/static.purejewels.com\\\/wp-content\\\/uploads\\\/2026\\\/04\\\/SKU-48120-FRONT.jpg\",\"contentUrl\":\"https:\\\/\\\/static.purejewels.com\\\/wp-content\\\/uploads\\\/2026\\\/04\\\/SKU-48120-FRONT.jpg\",\"width\":1000,\"height\":1000,\"caption\":\"22ct Gold Rudraksha Mala with Gold Beads | 26 Inch\"},{\"@type\":\"BreadcrumbList\",\"@id\":\"https:\\\/\\\/www.purejewels.com\\\/product\\\/22ct-gold-rudraksha-mala-with-gold-beads-48120\\\/#breadcrumb\",\"itemListElement\":[{\"@type\":\"ListItem\",\"position\":1,\"name\":\"Home\",\"item\":\"https:\\\/\\\/www.purejewels.com\\\/\"},{\"@type\":\"ListItem\",\"position\":2,\"name\":\"Shop\",\"item\":\"https:\\\/\\\/www.purejewels.com\\\/shop\\\/\"},{\"@type\":\"ListItem\",\"position\":3,\"name\":\"22ct Gold Rudraksha Mala with Gold Beads | 26 Inch\"}]},{\"@type\":\"WebSite\",\"@id\":\"https:\\\/\\\/www.purejewels.com\\\/#website\",\"url\":\"https:\\\/\\\/www.purejewels.com\\\/\",\"name\":\"PureJewels UK\",\"description\":\"Share the Love\",\"publisher\":{\"@id\":\"https:\\\/\\\/www.purejewels.com\\\/#organization\"},\"potentialAction\":[{\"@type\":\"SearchAction\",\"target\":{\"@type\":\"EntryPoint\",\"urlTemplate\":\"https:\\\/\\\/www.purejewels.com\\\/?s={search_term_string}\"},\"query-input\":{\"@type\":\"PropertyValueSpecification\",\"valueRequired\":true,\"valueName\":\"search_term_string\"}}],\"inLanguage\":\"de\"},{\"@type\":\"Organization\",\"@id\":\"https:\\\/\\\/www.purejewels.com\\\/#organization\",\"name\":\"PureJewels UK\",\"url\":\"https:\\\/\\\/www.purejewels.com\\\/\",\"logo\":{\"@type\":\"ImageObject\",\"inLanguage\":\"de\",\"@id\":\"https:\\\/\\\/www.purejewels.com\\\/#\\\/schema\\\/logo\\\/image\\\/\",\"url\":\"https:\\\/\\\/static.purejewels.com\\\/wp-content\\\/uploads\\\/2020\\\/11\\\/Logo-PJ-New-1.png\",\"contentUrl\":\"https:\\\/\\\/static.purejewels.com\\\/wp-content\\\/uploads\\\/2020\\\/11\\\/Logo-PJ-New-1.png\",\"width\":150,\"height\":80,\"caption\":\"PureJewels UK\"},\"image\":{\"@id\":\"https:\\\/\\\/www.purejewels.com\\\/#\\\/schema\\\/logo\\\/image\\\/\"}}]}<\/script>\n<!-- \/ Yoast SEO plugin. -->","yoast_head_json":{"title":"Shop 22ct Gold Rudraksha Mala mit Goldperlen - 26 Zoll","description":"Entdecken Sie eine Rudraksha-Mala aus 22 Karat Gold mit aufw\u00e4ndig gearbeiteten Goldperlen. Eine 26 Zoll spirituelle Halskette, die Tradition und Eleganz verbindet. Shop PureJewels London.","robots":{"index":"index","follow":"follow","max-snippet":"max-snippet:-1","max-image-preview":"max-image-preview:large","max-video-preview":"max-video-preview:-1"},"canonical":"https:\/\/www.purejewels.com\/de\/produkt-2\/22ct-gold-rudraksha-mala-mit-goldperlen-48120\/","og_locale":"de_DE","og_type":"article","og_title":"Shop 22ct Gold Rudraksha Mala with Gold Beads \u2013 26 Inch","og_description":"Explore a 22ct gold Rudraksha mala with intricately crafted gold beads. A 26 inch spiritual necklace blending tradition and elegance. Shop PureJewels London.","og_url":"https:\/\/www.purejewels.com\/de\/produkt-2\/22ct-gold-rudraksha-mala-mit-goldperlen-48120\/","og_site_name":"PureJewels UK","article_modified_time":"2026-04-13T05:46:00+00:00","og_image":[{"width":1000,"height":1000,"url":"https:\/\/static.purejewels.com\/wp-content\/uploads\/2026\/04\/SKU-48120-FRONT.jpg","type":"image\/jpeg"}],"twitter_card":"summary_large_image","twitter_misc":{"Gesch\u00e4tzte Lesezeit":"2\u00a0Minuten"},"schema":{"@context":"https:\/\/schema.org","@graph":[{"@type":["WebPage","ItemPage"],"@id":"https:\/\/www.purejewels.com\/product\/22ct-gold-rudraksha-mala-with-gold-beads-48120\/","url":"https:\/\/www.purejewels.com\/product\/22ct-gold-rudraksha-mala-with-gold-beads-48120\/","name":"Shop 22ct Gold Rudraksha Mala mit Goldperlen - 26 Zoll","isPartOf":{"@id":"https:\/\/www.purejewels.com\/#website"},"primaryImageOfPage":{"@id":"https:\/\/www.purejewels.com\/product\/22ct-gold-rudraksha-mala-with-gold-beads-48120\/#primaryimage"},"image":{"@id":"https:\/\/www.purejewels.com\/product\/22ct-gold-rudraksha-mala-with-gold-beads-48120\/#primaryimage"},"thumbnailUrl":"https:\/\/static.purejewels.com\/wp-content\/uploads\/2026\/04\/SKU-48120-FRONT.jpg","datePublished":"2026-01-13T06:32:41+00:00","dateModified":"2026-04-13T05:46:00+00:00","description":"Entdecken Sie eine Rudraksha-Mala aus 22 Karat Gold mit aufw\u00e4ndig gearbeiteten Goldperlen. Eine 26 Zoll spirituelle Halskette, die Tradition und Eleganz verbindet. Shop PureJewels London.","breadcrumb":{"@id":"https:\/\/www.purejewels.com\/product\/22ct-gold-rudraksha-mala-with-gold-beads-48120\/#breadcrumb"},"inLanguage":"de","potentialAction":[{"@type":"ReadAction","target":["https:\/\/www.purejewels.com\/product\/22ct-gold-rudraksha-mala-with-gold-beads-48120\/"]}]},{"@type":"ImageObject","inLanguage":"de","@id":"https:\/\/www.purejewels.com\/product\/22ct-gold-rudraksha-mala-with-gold-beads-48120\/#primaryimage","url":"https:\/\/static.purejewels.com\/wp-content\/uploads\/2026\/04\/SKU-48120-FRONT.jpg","contentUrl":"https:\/\/static.purejewels.com\/wp-content\/uploads\/2026\/04\/SKU-48120-FRONT.jpg","width":1000,"height":1000,"caption":"22ct Gold Rudraksha Mala with Gold Beads | 26 Inch"},{"@type":"BreadcrumbList","@id":"https:\/\/www.purejewels.com\/product\/22ct-gold-rudraksha-mala-with-gold-beads-48120\/#breadcrumb","itemListElement":[{"@type":"ListItem","position":1,"name":"Home","item":"https:\/\/www.purejewels.com\/"},{"@type":"ListItem","position":2,"name":"Shop","item":"https:\/\/www.purejewels.com\/shop\/"},{"@type":"ListItem","position":3,"name":"22ct Gold Rudraksha Mala with Gold Beads | 26 Inch"}]},{"@type":"WebSite","@id":"https:\/\/www.purejewels.com\/#website","url":"https:\/\/www.purejewels.com\/","name":"PureJewels UK","description":"Teile die Liebe","publisher":{"@id":"https:\/\/www.purejewels.com\/#organization"},"potentialAction":[{"@type":"SearchAction","target":{"@type":"EntryPoint","urlTemplate":"https:\/\/www.purejewels.com\/?s={search_term_string}"},"query-input":{"@type":"PropertyValueSpecification","valueRequired":true,"valueName":"search_term_string"}}],"inLanguage":"de"},{"@type":"Organization","@id":"https:\/\/www.purejewels.com\/#organization","name":"PureJewels UK","url":"https:\/\/www.purejewels.com\/","logo":{"@type":"ImageObject","inLanguage":"de","@id":"https:\/\/www.purejewels.com\/#\/schema\/logo\/image\/","url":"https:\/\/static.purejewels.com\/wp-content\/uploads\/2020\/11\/Logo-PJ-New-1.png","contentUrl":"https:\/\/static.purejewels.com\/wp-content\/uploads\/2020\/11\/Logo-PJ-New-1.png","width":150,"height":80,"caption":"PureJewels UK"},"image":{"@id":"https:\/\/www.purejewels.com\/#\/schema\/logo\/image\/"}}]}},"_links":{"self":[{"href":"https:\/\/www.purejewels.com\/de\/wp-json\/wp\/v2\/product\/428351","targetHints":{"allow":["GET"]}}],"collection":[{"href":"https:\/\/www.purejewels.com\/de\/wp-json\/wp\/v2\/product"}],"about":[{"href":"https:\/\/www.purejewels.com\/de\/wp-json\/wp\/v2\/types\/product"}],"replies":[{"embeddable":true,"href":"https:\/\/www.purejewels.com\/de\/wp-json\/wp\/v2\/comments?post=428351"}],"version-history":[{"count":1,"href":"https:\/\/www.purejewels.com\/de\/wp-json\/wp\/v2\/product\/428351\/revisions"}],"predecessor-version":[{"id":428353,"href":"https:\/\/www.purejewels.com\/de\/wp-json\/wp\/v2\/product\/428351\/revisions\/428353"}],"wp:featuredmedia":[{"embeddable":true,"href":"https:\/\/www.purejewels.com\/de\/wp-json\/wp\/v2\/media\/428352"}],"wp:attachment":[{"href":"https:\/\/www.purejewels.com\/de\/wp-json\/wp\/v2\/media?parent=428351"}],"wp:term":[{"taxonomy":"product_brand","embeddable":true,"href":"https:\/\/www.purejewels.com\/de\/wp-json\/wp\/v2\/product_brand?post=428351"},{"taxonomy":"product_cat","embeddable":true,"href":"https:\/\/www.purejewels.com\/de\/wp-json\/wp\/v2\/product_cat?post=428351"},{"taxonomy":"product_tag","embeddable":true,"href":"https:\/\/www.purejewels.com\/de\/wp-json\/wp\/v2\/product_tag?post=428351"}],"curies":[{"name":"wp","href":"https:\/\/api.w.org\/{rel}","templated":true}]}}