{"id":428354,"date":"2026-01-13T07:24:39","date_gmt":"2026-01-13T07:24:39","guid":{"rendered":"https:\/\/www.purejewels.com\/?post_type=product&#038;p=428354"},"modified":"2026-04-13T07:31:50","modified_gmt":"2026-04-13T06:31:50","slug":"traditionelle-rudraksha-mala-aus-22-kt-gold-48121","status":"publish","type":"product","link":"https:\/\/www.purejewels.com\/de\/product\/traditional-22ct-gold-rudraksha-mala-48121\/","title":{"rendered":"Traditionelle 22ct Gold Rudraksha Mala | 26 Zoll"},"content":{"rendered":"<p><strong>Designkonzept<\/strong><br \/>\nDiese traditionelle Rudraksha-Mala aus 22 Karat Gold ist im spirituellen Erbe verwurzelt und zelebriert das Gleichgewicht und die Bedeutung. Der rhythmische Wechsel von reich strukturierten Rudraksha-Perlen mit leuchtenden Goldkugeln spiegelt die Harmonie zwischen dem Irdischen und dem G\u00f6ttlichen wider und schafft ein St\u00fcck, das sowohl symbolisch als auch elegant unaufdringlich ist.<\/p>\n<p><strong>Handwerkliches K\u00f6nnen<\/strong><br \/>\nJedes Element dieser Mala ist sorgf\u00e4ltig komponiert. Sorgf\u00e4ltig ausgew\u00e4hlte Rudraksha-Perlen werden mit fein gearbeiteten Gliedern aus 22-kar\u00e4tigem Gold gepaart. Die Reinheit des Goldes unterstreicht die W\u00e4rme der nat\u00fcrlichen Perlen, w\u00e4hrend die pr\u00e4zisen Abst\u00e4nde und die flie\u00dfende Konstruktion f\u00fcr einen nahtlosen Verlauf sorgen und das dauerhafte Erbe der handwerklichen Exzellenz verk\u00f6rpern.<\/p>\n<p><strong>Styling-Ideen<\/strong><br \/>\nDiese anmutige, vielseitige Mala kann als eigenst\u00e4ndiges Schmuckst\u00fcck getragen werden oder mit feineren Goldketten f\u00fcr einen modernen Look kombiniert werden. Ob in Kombination mit traditioneller Kleidung oder modernen Silhouetten, sie verleiht Ihrem Alltagsstil eine ruhige St\u00e4rke und spirituelle Eleganz.<\/p>","protected":false},"excerpt":{"rendered":"<div class=\"product_meta\">Diese 26 cm lange Rudraksha-Mala aus 22-kar\u00e4tigem Gold ist ein zeitloser Ausdruck der Hingabe. Sie vereint heilige Symbolik und raffinierte Handwerkskunst und kann jeden Tag mit Anmut getragen werden.<\/div>\n<div><\/div>\n<div><strong>Material:<\/strong>\u00a022ct Gold (91,6% reines Gold)<strong><br \/>\nWahrzeichen:\u00a0<\/strong>Britisches G\u00fctesiegel<strong><br \/>\n<\/strong><strong>Stein: <\/strong>Rudraksh<strong><br \/>\n<\/strong><strong>Bruttogewicht: <\/strong>31,90 Gramm<br \/>\n<strong>Nettogewicht:<\/strong> 29,80 Gramm<br \/>\n<strong>SKU:<\/strong> 48121<br \/>\n<strong>L\u00e4nge:<\/strong> 26 Zoll<br \/>\n<strong>Preis und Lieferung:<\/strong>\u00a0Inklusive Mehrwertsteuer und Lieferkosten<strong><br \/>\n<a href=\"https:\/\/www.purejewels.com\/de\/ruckgabepolitik\/\">R\u00fcckgabepolitik<\/a><\/strong><\/div>\n<div class=\"pls-deliver-return-ask-questions\"><\/div>","protected":false},"featured_media":428355,"comment_status":"closed","ping_status":"closed","template":"","meta":{"_eb_attr":"","_crsspst_to_jayantr4sg-hostcom":true},"product_brand":[],"product_cat":[5023,1617,6164,5313,1571,1475,1779,1572,1774],"product_tag":[],"class_list":{"0":"post-428354","1":"product","2":"type-product","3":"status-publish","4":"has-post-thumbnail","6":"product_cat-26-inch-mala-chain","7":"product_cat-fancy-mala-chains","8":"product_cat-chain-gents","9":"product_cat-chains-2","10":"product_cat-fathers-day-gifts","11":"product_cat-gold-chains","12":"product_cat-mala-style-necklaces","13":"product_cat-mens-jewellery","14":"product_cat-mens-chains","16":"first","17":"instock","18":"taxable","19":"shipping-taxable","20":"purchasable","21":"product-type-simple","22":"add-to-wishlist-before_image"},"yoast_head":"<!-- This site is optimized with the Yoast SEO plugin v27.4 - https:\/\/yoast.com\/product\/yoast-seo-wordpress\/ -->\n<title>Shop Traditional 22ct Gold Rudraksha Mala Necklace 26 Inch<\/title>\n<meta name=\"description\" content=\"Discover our Traditional 22ct Gold Rudraksha Mala Necklace, 26 inch length. Crafted in pure gold with sacred Rudraksha beads, blending heritage, devotion.\" \/>\n<meta name=\"robots\" content=\"index, follow, max-snippet:-1, max-image-preview:large, max-video-preview:-1\" \/>\n<link rel=\"canonical\" href=\"https:\/\/www.purejewels.com\/de\/produkt-2\/traditionelle-rudraksha-mala-aus-22-kt-gold-48121\/\" \/>\n<meta property=\"og:locale\" content=\"de_DE\" \/>\n<meta property=\"og:type\" content=\"article\" \/>\n<meta property=\"og:title\" content=\"Shop Traditional 22ct Gold Rudraksha Mala Necklace 26 Inch\" \/>\n<meta property=\"og:description\" content=\"Discover our Traditional 22ct Gold Rudraksha Mala Necklace, 26 inch length. Crafted in pure gold with sacred Rudraksha beads, blending heritage, devotion.\" \/>\n<meta property=\"og:url\" content=\"https:\/\/www.purejewels.com\/de\/produkt-2\/traditionelle-rudraksha-mala-aus-22-kt-gold-48121\/\" \/>\n<meta property=\"og:site_name\" content=\"PureJewels UK\" \/>\n<meta property=\"article:modified_time\" content=\"2026-04-13T06:31:50+00:00\" \/>\n<meta property=\"og:image\" content=\"https:\/\/static.purejewels.com\/wp-content\/uploads\/2026\/04\/SKU-48121-FRONT.jpg\" \/>\n\t<meta property=\"og:image:width\" content=\"1000\" \/>\n\t<meta property=\"og:image:height\" content=\"1000\" \/>\n\t<meta property=\"og:image:type\" content=\"image\/jpeg\" \/>\n<meta name=\"twitter:card\" content=\"summary_large_image\" \/>\n<meta name=\"twitter:label1\" content=\"Gesch\u00e4tzte Lesezeit\" \/>\n\t<meta name=\"twitter:data1\" content=\"1\u00a0Minute\" \/>\n<script type=\"application\/ld+json\" class=\"yoast-schema-graph\">{\"@context\":\"https:\\\/\\\/schema.org\",\"@graph\":[{\"@type\":[\"WebPage\",\"ItemPage\"],\"@id\":\"https:\\\/\\\/www.purejewels.com\\\/product\\\/traditional-22ct-gold-rudraksha-mala-48121\\\/\",\"url\":\"https:\\\/\\\/www.purejewels.com\\\/product\\\/traditional-22ct-gold-rudraksha-mala-48121\\\/\",\"name\":\"Shop Traditional 22ct Gold Rudraksha Mala Necklace 26 Inch\",\"isPartOf\":{\"@id\":\"https:\\\/\\\/www.purejewels.com\\\/#website\"},\"primaryImageOfPage\":{\"@id\":\"https:\\\/\\\/www.purejewels.com\\\/product\\\/traditional-22ct-gold-rudraksha-mala-48121\\\/#primaryimage\"},\"image\":{\"@id\":\"https:\\\/\\\/www.purejewels.com\\\/product\\\/traditional-22ct-gold-rudraksha-mala-48121\\\/#primaryimage\"},\"thumbnailUrl\":\"https:\\\/\\\/static.purejewels.com\\\/wp-content\\\/uploads\\\/2026\\\/04\\\/SKU-48121-FRONT.jpg\",\"datePublished\":\"2026-01-13T07:24:39+00:00\",\"dateModified\":\"2026-04-13T06:31:50+00:00\",\"description\":\"Discover our Traditional 22ct Gold Rudraksha Mala Necklace, 26 inch length. Crafted in pure gold with sacred Rudraksha beads, blending heritage, devotion.\",\"breadcrumb\":{\"@id\":\"https:\\\/\\\/www.purejewels.com\\\/product\\\/traditional-22ct-gold-rudraksha-mala-48121\\\/#breadcrumb\"},\"inLanguage\":\"de\",\"potentialAction\":[{\"@type\":\"ReadAction\",\"target\":[\"https:\\\/\\\/www.purejewels.com\\\/product\\\/traditional-22ct-gold-rudraksha-mala-48121\\\/\"]}]},{\"@type\":\"ImageObject\",\"inLanguage\":\"de\",\"@id\":\"https:\\\/\\\/www.purejewels.com\\\/product\\\/traditional-22ct-gold-rudraksha-mala-48121\\\/#primaryimage\",\"url\":\"https:\\\/\\\/static.purejewels.com\\\/wp-content\\\/uploads\\\/2026\\\/04\\\/SKU-48121-FRONT.jpg\",\"contentUrl\":\"https:\\\/\\\/static.purejewels.com\\\/wp-content\\\/uploads\\\/2026\\\/04\\\/SKU-48121-FRONT.jpg\",\"width\":1000,\"height\":1000,\"caption\":\"Traditional 22ct Gold Rudraksha Mala\"},{\"@type\":\"BreadcrumbList\",\"@id\":\"https:\\\/\\\/www.purejewels.com\\\/product\\\/traditional-22ct-gold-rudraksha-mala-48121\\\/#breadcrumb\",\"itemListElement\":[{\"@type\":\"ListItem\",\"position\":1,\"name\":\"Home\",\"item\":\"https:\\\/\\\/www.purejewels.com\\\/\"},{\"@type\":\"ListItem\",\"position\":2,\"name\":\"Shop\",\"item\":\"https:\\\/\\\/www.purejewels.com\\\/shop\\\/\"},{\"@type\":\"ListItem\",\"position\":3,\"name\":\"Traditional 22ct Gold Rudraksha Mala | 26 Inch\"}]},{\"@type\":\"WebSite\",\"@id\":\"https:\\\/\\\/www.purejewels.com\\\/#website\",\"url\":\"https:\\\/\\\/www.purejewels.com\\\/\",\"name\":\"PureJewels UK\",\"description\":\"Share the Love\",\"publisher\":{\"@id\":\"https:\\\/\\\/www.purejewels.com\\\/#organization\"},\"potentialAction\":[{\"@type\":\"SearchAction\",\"target\":{\"@type\":\"EntryPoint\",\"urlTemplate\":\"https:\\\/\\\/www.purejewels.com\\\/?s={search_term_string}\"},\"query-input\":{\"@type\":\"PropertyValueSpecification\",\"valueRequired\":true,\"valueName\":\"search_term_string\"}}],\"inLanguage\":\"de\"},{\"@type\":\"Organization\",\"@id\":\"https:\\\/\\\/www.purejewels.com\\\/#organization\",\"name\":\"PureJewels UK\",\"url\":\"https:\\\/\\\/www.purejewels.com\\\/\",\"logo\":{\"@type\":\"ImageObject\",\"inLanguage\":\"de\",\"@id\":\"https:\\\/\\\/www.purejewels.com\\\/#\\\/schema\\\/logo\\\/image\\\/\",\"url\":\"https:\\\/\\\/static.purejewels.com\\\/wp-content\\\/uploads\\\/2020\\\/11\\\/Logo-PJ-New-1.png\",\"contentUrl\":\"https:\\\/\\\/static.purejewels.com\\\/wp-content\\\/uploads\\\/2020\\\/11\\\/Logo-PJ-New-1.png\",\"width\":150,\"height\":80,\"caption\":\"PureJewels UK\"},\"image\":{\"@id\":\"https:\\\/\\\/www.purejewels.com\\\/#\\\/schema\\\/logo\\\/image\\\/\"}}]}<\/script>\n<!-- \/ Yoast SEO plugin. -->","yoast_head_json":{"title":"Shop Traditionelle 22ct Gold Rudraksha Mala Halskette 26 Zoll","description":"Entdecken Sie unsere traditionelle 22ct Gold Rudraksha Mala Halskette, 26 Zoll L\u00e4nge. Gefertigt aus reinem Gold mit heiligen Rudraksha-Perlen, die das Erbe und die Hingabe vereinen.","robots":{"index":"index","follow":"follow","max-snippet":"max-snippet:-1","max-image-preview":"max-image-preview:large","max-video-preview":"max-video-preview:-1"},"canonical":"https:\/\/www.purejewels.com\/de\/produkt-2\/traditionelle-rudraksha-mala-aus-22-kt-gold-48121\/","og_locale":"de_DE","og_type":"article","og_title":"Shop Traditional 22ct Gold Rudraksha Mala Necklace 26 Inch","og_description":"Discover our Traditional 22ct Gold Rudraksha Mala Necklace, 26 inch length. Crafted in pure gold with sacred Rudraksha beads, blending heritage, devotion.","og_url":"https:\/\/www.purejewels.com\/de\/produkt-2\/traditionelle-rudraksha-mala-aus-22-kt-gold-48121\/","og_site_name":"PureJewels UK","article_modified_time":"2026-04-13T06:31:50+00:00","og_image":[{"width":1000,"height":1000,"url":"https:\/\/static.purejewels.com\/wp-content\/uploads\/2026\/04\/SKU-48121-FRONT.jpg","type":"image\/jpeg"}],"twitter_card":"summary_large_image","twitter_misc":{"Gesch\u00e4tzte Lesezeit":"1\u00a0Minute"},"schema":{"@context":"https:\/\/schema.org","@graph":[{"@type":["WebPage","ItemPage"],"@id":"https:\/\/www.purejewels.com\/product\/traditional-22ct-gold-rudraksha-mala-48121\/","url":"https:\/\/www.purejewels.com\/product\/traditional-22ct-gold-rudraksha-mala-48121\/","name":"Shop Traditionelle 22ct Gold Rudraksha Mala Halskette 26 Zoll","isPartOf":{"@id":"https:\/\/www.purejewels.com\/#website"},"primaryImageOfPage":{"@id":"https:\/\/www.purejewels.com\/product\/traditional-22ct-gold-rudraksha-mala-48121\/#primaryimage"},"image":{"@id":"https:\/\/www.purejewels.com\/product\/traditional-22ct-gold-rudraksha-mala-48121\/#primaryimage"},"thumbnailUrl":"https:\/\/static.purejewels.com\/wp-content\/uploads\/2026\/04\/SKU-48121-FRONT.jpg","datePublished":"2026-01-13T07:24:39+00:00","dateModified":"2026-04-13T06:31:50+00:00","description":"Entdecken Sie unsere traditionelle 22ct Gold Rudraksha Mala Halskette, 26 Zoll L\u00e4nge. Gefertigt aus reinem Gold mit heiligen Rudraksha-Perlen, die das Erbe und die Hingabe vereinen.","breadcrumb":{"@id":"https:\/\/www.purejewels.com\/product\/traditional-22ct-gold-rudraksha-mala-48121\/#breadcrumb"},"inLanguage":"de","potentialAction":[{"@type":"ReadAction","target":["https:\/\/www.purejewels.com\/product\/traditional-22ct-gold-rudraksha-mala-48121\/"]}]},{"@type":"ImageObject","inLanguage":"de","@id":"https:\/\/www.purejewels.com\/product\/traditional-22ct-gold-rudraksha-mala-48121\/#primaryimage","url":"https:\/\/static.purejewels.com\/wp-content\/uploads\/2026\/04\/SKU-48121-FRONT.jpg","contentUrl":"https:\/\/static.purejewels.com\/wp-content\/uploads\/2026\/04\/SKU-48121-FRONT.jpg","width":1000,"height":1000,"caption":"Traditional 22ct Gold Rudraksha Mala"},{"@type":"BreadcrumbList","@id":"https:\/\/www.purejewels.com\/product\/traditional-22ct-gold-rudraksha-mala-48121\/#breadcrumb","itemListElement":[{"@type":"ListItem","position":1,"name":"Home","item":"https:\/\/www.purejewels.com\/"},{"@type":"ListItem","position":2,"name":"Shop","item":"https:\/\/www.purejewels.com\/shop\/"},{"@type":"ListItem","position":3,"name":"Traditional 22ct Gold Rudraksha Mala | 26 Inch"}]},{"@type":"WebSite","@id":"https:\/\/www.purejewels.com\/#website","url":"https:\/\/www.purejewels.com\/","name":"PureJewels UK","description":"Teile die Liebe","publisher":{"@id":"https:\/\/www.purejewels.com\/#organization"},"potentialAction":[{"@type":"SearchAction","target":{"@type":"EntryPoint","urlTemplate":"https:\/\/www.purejewels.com\/?s={search_term_string}"},"query-input":{"@type":"PropertyValueSpecification","valueRequired":true,"valueName":"search_term_string"}}],"inLanguage":"de"},{"@type":"Organization","@id":"https:\/\/www.purejewels.com\/#organization","name":"PureJewels UK","url":"https:\/\/www.purejewels.com\/","logo":{"@type":"ImageObject","inLanguage":"de","@id":"https:\/\/www.purejewels.com\/#\/schema\/logo\/image\/","url":"https:\/\/static.purejewels.com\/wp-content\/uploads\/2020\/11\/Logo-PJ-New-1.png","contentUrl":"https:\/\/static.purejewels.com\/wp-content\/uploads\/2020\/11\/Logo-PJ-New-1.png","width":150,"height":80,"caption":"PureJewels UK"},"image":{"@id":"https:\/\/www.purejewels.com\/#\/schema\/logo\/image\/"}}]}},"_links":{"self":[{"href":"https:\/\/www.purejewels.com\/de\/wp-json\/wp\/v2\/product\/428354","targetHints":{"allow":["GET"]}}],"collection":[{"href":"https:\/\/www.purejewels.com\/de\/wp-json\/wp\/v2\/product"}],"about":[{"href":"https:\/\/www.purejewels.com\/de\/wp-json\/wp\/v2\/types\/product"}],"replies":[{"embeddable":true,"href":"https:\/\/www.purejewels.com\/de\/wp-json\/wp\/v2\/comments?post=428354"}],"version-history":[{"count":1,"href":"https:\/\/www.purejewels.com\/de\/wp-json\/wp\/v2\/product\/428354\/revisions"}],"predecessor-version":[{"id":428356,"href":"https:\/\/www.purejewels.com\/de\/wp-json\/wp\/v2\/product\/428354\/revisions\/428356"}],"wp:featuredmedia":[{"embeddable":true,"href":"https:\/\/www.purejewels.com\/de\/wp-json\/wp\/v2\/media\/428355"}],"wp:attachment":[{"href":"https:\/\/www.purejewels.com\/de\/wp-json\/wp\/v2\/media?parent=428354"}],"wp:term":[{"taxonomy":"product_brand","embeddable":true,"href":"https:\/\/www.purejewels.com\/de\/wp-json\/wp\/v2\/product_brand?post=428354"},{"taxonomy":"product_cat","embeddable":true,"href":"https:\/\/www.purejewels.com\/de\/wp-json\/wp\/v2\/product_cat?post=428354"},{"taxonomy":"product_tag","embeddable":true,"href":"https:\/\/www.purejewels.com\/de\/wp-json\/wp\/v2\/product_tag?post=428354"}],"curies":[{"name":"wp","href":"https:\/\/api.w.org\/{rel}","templated":true}]}}