{"id":428358,"date":"2026-01-13T07:44:37","date_gmt":"2026-01-13T07:44:37","guid":{"rendered":"https:\/\/www.purejewels.com\/?post_type=product&#038;p=428358"},"modified":"2026-04-13T09:21:22","modified_gmt":"2026-04-13T08:21:22","slug":"traditionelle-22ct-gold-tulsi-mala-halskette-51788","status":"publish","type":"product","link":"https:\/\/www.purejewels.com\/de\/product\/traditional-22ct-gold-tulsi-mala-necklace-51788\/","title":{"rendered":"Traditionelle 22ct Gold Tulsi Mala Halskette"},"content":{"rendered":"<p data-start=\"674\" data-end=\"982\"><strong data-start=\"674\" data-end=\"692\">Designkonzept<\/strong><br data-start=\"692\" data-end=\"695\" \/>Inspiriert von heiligen Traditionen, spiegelt diese Tulsi Mala Reinheit, Ruhe und spirituelle Verbindung wider. Die weiche, organische Textur der Tulsi-Perlen steht in sch\u00f6nem Kontrast zum sanften Schimmer des 22-kar\u00e4tigen Goldes und bildet einen harmonischen Rhythmus, der Gelassenheit und Hingabe in ihrer raffiniertesten Form verk\u00f6rpert.<\/p>\n<p data-start=\"984\" data-end=\"1322\"><strong data-start=\"984\" data-end=\"1001\">Handwerkliches K\u00f6nnen<\/strong><br data-start=\"1001\" data-end=\"1004\" \/>Jede einzelne Tulsi-Perle wird sorgf\u00e4ltig ausgew\u00e4hlt und mit fein gearbeiteten Goldgliedern kombiniert, wobei auf Ausgewogenheit und Fluss geachtet wird. Die nat\u00fcrliche Leichtigkeit der Perlen in Kombination mit dem Reichtum des hochreinen Goldes sorgt f\u00fcr ein flie\u00dfendes, angenehmes Tragegef\u00fchl - eine Hommage an traditionelle Techniken und best\u00e4ndige Handwerkskunst.<\/p>\n<p data-start=\"1324\" data-end=\"1652\"><strong data-start=\"1324\" data-end=\"1341\">Styling-Ideen<\/strong><br data-start=\"1341\" data-end=\"1344\" \/>Diese elegante, schlichte Mala eignet sich perfekt f\u00fcr den t\u00e4glichen Gebrauch und bietet eine subtile spirituelle Pr\u00e4senz. Sie kann allein getragen werden, um einen minimalen, bedeutungsvollen Look zu erzielen, oder mit zarten Goldketten \u00fcbereinander gelegt werden, um einen modernen und doch verwurzelten Ausdruck von Stil zu schaffen, der sowohl traditionelle als auch zeitgen\u00f6ssische Kleidung nahtlos erg\u00e4nzt.<\/p>","protected":false},"excerpt":{"rendered":"<p>Diese traditionelle Tulsi Mala aus 22 Karat Gold ist ein anmutiges Symbol der Hingabe. Sie verbindet heilige Tulsi-Perlen mit strahlendem Gold und ist ein zeitloses St\u00fcck spiritueller Eleganz f\u00fcr den Alltag.<\/p>\n<p><strong>Material:<\/strong>\u00a022ct Gold (91,6% reines Gold)<strong><br \/>\nWahrzeichen:\u00a0<\/strong>Britisches G\u00fctesiegel<strong><br \/>\n<\/strong><strong>Stein: <\/strong>Tulsi-Perlen<strong><br \/>\n<\/strong><strong>Bruttogewicht: <\/strong>9.30 Gms<br \/>\n<strong>Nettogewicht:<\/strong> 8,40 Gramm<br \/>\n<strong>SKU:<\/strong> 51788<br \/>\n<strong>L\u00e4nge:<\/strong> 25 Zoll<br \/>\n<strong>Preis und Lieferung:<\/strong>\u00a0Inklusive Mehrwertsteuer und Lieferkosten<strong><br \/>\n<a href=\"https:\/\/www.purejewels.com\/de\/ruckgabepolitik\/\">R\u00fcckgabepolitik<\/a><\/strong><\/p>","protected":false},"featured_media":428359,"comment_status":"closed","ping_status":"closed","template":"","meta":{"_eb_attr":"","_crsspst_to_jayantr4sg-hostcom":true},"product_brand":[],"product_cat":[1617,1475,1229,1253,1779,1570,1574,5349],"product_tag":[],"class_list":{"0":"post-428358","1":"product","2":"type-product","3":"status-publish","4":"has-post-thumbnail","6":"product_cat-fancy-mala-chains","7":"product_cat-gold-chains","8":"product_cat-22ct-gold-jewellery","9":"product_cat-gold-necklaces","10":"product_cat-mala-style-necklaces","11":"product_cat-mothers-day-gifts","12":"product_cat-womens-jewellery","13":"product_cat-yellow-gold-jewellery","15":"first","16":"instock","17":"taxable","18":"shipping-taxable","19":"purchasable","20":"product-type-simple","21":"add-to-wishlist-before_image"},"yoast_head":"<!-- This site is optimized with the Yoast SEO plugin v27.4 - https:\/\/yoast.com\/product\/yoast-seo-wordpress\/ -->\n<title>Traditional 22ct Gold Tulsi Mala Necklace | PureJewels London<\/title>\n<meta name=\"description\" content=\"Explore the Traditional 22ct Gold Tulsi Mala, crafted with sacred Tulsi beads and pure gold. A timeless expression of devotion, spirituality, and elegant heritage design.\" \/>\n<meta name=\"robots\" content=\"index, follow, max-snippet:-1, max-image-preview:large, max-video-preview:-1\" \/>\n<link rel=\"canonical\" href=\"https:\/\/www.purejewels.com\/de\/produkt-2\/traditionelle-22ct-gold-tulsi-mala-halskette-51788\/\" \/>\n<meta property=\"og:locale\" content=\"de_DE\" \/>\n<meta property=\"og:type\" content=\"article\" \/>\n<meta property=\"og:title\" content=\"Traditional 22ct Gold Tulsi Mala Necklace | PureJewels London\" \/>\n<meta property=\"og:description\" content=\"Explore the Traditional 22ct Gold Tulsi Mala, crafted with sacred Tulsi beads and pure gold. A timeless expression of devotion, spirituality, and elegant heritage design.\" \/>\n<meta property=\"og:url\" content=\"https:\/\/www.purejewels.com\/de\/produkt-2\/traditionelle-22ct-gold-tulsi-mala-halskette-51788\/\" \/>\n<meta property=\"og:site_name\" content=\"PureJewels UK\" \/>\n<meta property=\"article:modified_time\" content=\"2026-04-13T08:21:22+00:00\" \/>\n<meta property=\"og:image\" content=\"https:\/\/static.purejewels.com\/wp-content\/uploads\/2026\/04\/SKU-51788-FRONT.jpg\" \/>\n\t<meta property=\"og:image:width\" content=\"1000\" \/>\n\t<meta property=\"og:image:height\" content=\"1000\" \/>\n\t<meta property=\"og:image:type\" content=\"image\/jpeg\" \/>\n<meta name=\"twitter:card\" content=\"summary_large_image\" \/>\n<meta name=\"twitter:label1\" content=\"Gesch\u00e4tzte Lesezeit\" \/>\n\t<meta name=\"twitter:data1\" content=\"1\u00a0Minute\" \/>\n<script type=\"application\/ld+json\" class=\"yoast-schema-graph\">{\"@context\":\"https:\\\/\\\/schema.org\",\"@graph\":[{\"@type\":[\"WebPage\",\"ItemPage\"],\"@id\":\"https:\\\/\\\/www.purejewels.com\\\/product\\\/traditional-22ct-gold-tulsi-mala-necklace-51788\\\/\",\"url\":\"https:\\\/\\\/www.purejewels.com\\\/product\\\/traditional-22ct-gold-tulsi-mala-necklace-51788\\\/\",\"name\":\"Traditional 22ct Gold Tulsi Mala Necklace | PureJewels London\",\"isPartOf\":{\"@id\":\"https:\\\/\\\/www.purejewels.com\\\/#website\"},\"primaryImageOfPage\":{\"@id\":\"https:\\\/\\\/www.purejewels.com\\\/product\\\/traditional-22ct-gold-tulsi-mala-necklace-51788\\\/#primaryimage\"},\"image\":{\"@id\":\"https:\\\/\\\/www.purejewels.com\\\/product\\\/traditional-22ct-gold-tulsi-mala-necklace-51788\\\/#primaryimage\"},\"thumbnailUrl\":\"https:\\\/\\\/static.purejewels.com\\\/wp-content\\\/uploads\\\/2026\\\/04\\\/SKU-51788-FRONT.jpg\",\"datePublished\":\"2026-01-13T07:44:37+00:00\",\"dateModified\":\"2026-04-13T08:21:22+00:00\",\"description\":\"Explore the Traditional 22ct Gold Tulsi Mala, crafted with sacred Tulsi beads and pure gold. A timeless expression of devotion, spirituality, and elegant heritage design.\",\"breadcrumb\":{\"@id\":\"https:\\\/\\\/www.purejewels.com\\\/product\\\/traditional-22ct-gold-tulsi-mala-necklace-51788\\\/#breadcrumb\"},\"inLanguage\":\"de\",\"potentialAction\":[{\"@type\":\"ReadAction\",\"target\":[\"https:\\\/\\\/www.purejewels.com\\\/product\\\/traditional-22ct-gold-tulsi-mala-necklace-51788\\\/\"]}]},{\"@type\":\"ImageObject\",\"inLanguage\":\"de\",\"@id\":\"https:\\\/\\\/www.purejewels.com\\\/product\\\/traditional-22ct-gold-tulsi-mala-necklace-51788\\\/#primaryimage\",\"url\":\"https:\\\/\\\/static.purejewels.com\\\/wp-content\\\/uploads\\\/2026\\\/04\\\/SKU-51788-FRONT.jpg\",\"contentUrl\":\"https:\\\/\\\/static.purejewels.com\\\/wp-content\\\/uploads\\\/2026\\\/04\\\/SKU-51788-FRONT.jpg\",\"width\":1000,\"height\":1000,\"caption\":\"Traditional 22ct Gold Tulsi Mala Necklace\"},{\"@type\":\"BreadcrumbList\",\"@id\":\"https:\\\/\\\/www.purejewels.com\\\/product\\\/traditional-22ct-gold-tulsi-mala-necklace-51788\\\/#breadcrumb\",\"itemListElement\":[{\"@type\":\"ListItem\",\"position\":1,\"name\":\"Home\",\"item\":\"https:\\\/\\\/www.purejewels.com\\\/\"},{\"@type\":\"ListItem\",\"position\":2,\"name\":\"Shop\",\"item\":\"https:\\\/\\\/www.purejewels.com\\\/shop\\\/\"},{\"@type\":\"ListItem\",\"position\":3,\"name\":\"Traditional 22ct Gold Tulsi Mala Necklace\"}]},{\"@type\":\"WebSite\",\"@id\":\"https:\\\/\\\/www.purejewels.com\\\/#website\",\"url\":\"https:\\\/\\\/www.purejewels.com\\\/\",\"name\":\"PureJewels UK\",\"description\":\"Share the Love\",\"publisher\":{\"@id\":\"https:\\\/\\\/www.purejewels.com\\\/#organization\"},\"potentialAction\":[{\"@type\":\"SearchAction\",\"target\":{\"@type\":\"EntryPoint\",\"urlTemplate\":\"https:\\\/\\\/www.purejewels.com\\\/?s={search_term_string}\"},\"query-input\":{\"@type\":\"PropertyValueSpecification\",\"valueRequired\":true,\"valueName\":\"search_term_string\"}}],\"inLanguage\":\"de\"},{\"@type\":\"Organization\",\"@id\":\"https:\\\/\\\/www.purejewels.com\\\/#organization\",\"name\":\"PureJewels UK\",\"url\":\"https:\\\/\\\/www.purejewels.com\\\/\",\"logo\":{\"@type\":\"ImageObject\",\"inLanguage\":\"de\",\"@id\":\"https:\\\/\\\/www.purejewels.com\\\/#\\\/schema\\\/logo\\\/image\\\/\",\"url\":\"https:\\\/\\\/static.purejewels.com\\\/wp-content\\\/uploads\\\/2020\\\/11\\\/Logo-PJ-New-1.png\",\"contentUrl\":\"https:\\\/\\\/static.purejewels.com\\\/wp-content\\\/uploads\\\/2020\\\/11\\\/Logo-PJ-New-1.png\",\"width\":150,\"height\":80,\"caption\":\"PureJewels UK\"},\"image\":{\"@id\":\"https:\\\/\\\/www.purejewels.com\\\/#\\\/schema\\\/logo\\\/image\\\/\"}}]}<\/script>\n<!-- \/ Yoast SEO plugin. -->","yoast_head_json":{"title":"Traditionelle 22ct Gold Tulsi Mala Halskette | PureJewels London","description":"Entdecken Sie die traditionelle Tulsi Mala aus 22 Karat Gold, die aus heiligen Tulsi-Perlen und reinem Gold gefertigt ist. Ein zeitloser Ausdruck von Hingabe, Spiritualit\u00e4t und elegantem, traditionellem Design.","robots":{"index":"index","follow":"follow","max-snippet":"max-snippet:-1","max-image-preview":"max-image-preview:large","max-video-preview":"max-video-preview:-1"},"canonical":"https:\/\/www.purejewels.com\/de\/produkt-2\/traditionelle-22ct-gold-tulsi-mala-halskette-51788\/","og_locale":"de_DE","og_type":"article","og_title":"Traditional 22ct Gold Tulsi Mala Necklace | PureJewels London","og_description":"Explore the Traditional 22ct Gold Tulsi Mala, crafted with sacred Tulsi beads and pure gold. A timeless expression of devotion, spirituality, and elegant heritage design.","og_url":"https:\/\/www.purejewels.com\/de\/produkt-2\/traditionelle-22ct-gold-tulsi-mala-halskette-51788\/","og_site_name":"PureJewels UK","article_modified_time":"2026-04-13T08:21:22+00:00","og_image":[{"width":1000,"height":1000,"url":"https:\/\/static.purejewels.com\/wp-content\/uploads\/2026\/04\/SKU-51788-FRONT.jpg","type":"image\/jpeg"}],"twitter_card":"summary_large_image","twitter_misc":{"Gesch\u00e4tzte Lesezeit":"1\u00a0Minute"},"schema":{"@context":"https:\/\/schema.org","@graph":[{"@type":["WebPage","ItemPage"],"@id":"https:\/\/www.purejewels.com\/product\/traditional-22ct-gold-tulsi-mala-necklace-51788\/","url":"https:\/\/www.purejewels.com\/product\/traditional-22ct-gold-tulsi-mala-necklace-51788\/","name":"Traditionelle 22ct Gold Tulsi Mala Halskette | PureJewels London","isPartOf":{"@id":"https:\/\/www.purejewels.com\/#website"},"primaryImageOfPage":{"@id":"https:\/\/www.purejewels.com\/product\/traditional-22ct-gold-tulsi-mala-necklace-51788\/#primaryimage"},"image":{"@id":"https:\/\/www.purejewels.com\/product\/traditional-22ct-gold-tulsi-mala-necklace-51788\/#primaryimage"},"thumbnailUrl":"https:\/\/static.purejewels.com\/wp-content\/uploads\/2026\/04\/SKU-51788-FRONT.jpg","datePublished":"2026-01-13T07:44:37+00:00","dateModified":"2026-04-13T08:21:22+00:00","description":"Entdecken Sie die traditionelle Tulsi Mala aus 22 Karat Gold, die aus heiligen Tulsi-Perlen und reinem Gold gefertigt ist. Ein zeitloser Ausdruck von Hingabe, Spiritualit\u00e4t und elegantem, traditionellem Design.","breadcrumb":{"@id":"https:\/\/www.purejewels.com\/product\/traditional-22ct-gold-tulsi-mala-necklace-51788\/#breadcrumb"},"inLanguage":"de","potentialAction":[{"@type":"ReadAction","target":["https:\/\/www.purejewels.com\/product\/traditional-22ct-gold-tulsi-mala-necklace-51788\/"]}]},{"@type":"ImageObject","inLanguage":"de","@id":"https:\/\/www.purejewels.com\/product\/traditional-22ct-gold-tulsi-mala-necklace-51788\/#primaryimage","url":"https:\/\/static.purejewels.com\/wp-content\/uploads\/2026\/04\/SKU-51788-FRONT.jpg","contentUrl":"https:\/\/static.purejewels.com\/wp-content\/uploads\/2026\/04\/SKU-51788-FRONT.jpg","width":1000,"height":1000,"caption":"Traditional 22ct Gold Tulsi Mala Necklace"},{"@type":"BreadcrumbList","@id":"https:\/\/www.purejewels.com\/product\/traditional-22ct-gold-tulsi-mala-necklace-51788\/#breadcrumb","itemListElement":[{"@type":"ListItem","position":1,"name":"Home","item":"https:\/\/www.purejewels.com\/"},{"@type":"ListItem","position":2,"name":"Shop","item":"https:\/\/www.purejewels.com\/shop\/"},{"@type":"ListItem","position":3,"name":"Traditional 22ct Gold Tulsi Mala Necklace"}]},{"@type":"WebSite","@id":"https:\/\/www.purejewels.com\/#website","url":"https:\/\/www.purejewels.com\/","name":"PureJewels UK","description":"Teile die Liebe","publisher":{"@id":"https:\/\/www.purejewels.com\/#organization"},"potentialAction":[{"@type":"SearchAction","target":{"@type":"EntryPoint","urlTemplate":"https:\/\/www.purejewels.com\/?s={search_term_string}"},"query-input":{"@type":"PropertyValueSpecification","valueRequired":true,"valueName":"search_term_string"}}],"inLanguage":"de"},{"@type":"Organization","@id":"https:\/\/www.purejewels.com\/#organization","name":"PureJewels UK","url":"https:\/\/www.purejewels.com\/","logo":{"@type":"ImageObject","inLanguage":"de","@id":"https:\/\/www.purejewels.com\/#\/schema\/logo\/image\/","url":"https:\/\/static.purejewels.com\/wp-content\/uploads\/2020\/11\/Logo-PJ-New-1.png","contentUrl":"https:\/\/static.purejewels.com\/wp-content\/uploads\/2020\/11\/Logo-PJ-New-1.png","width":150,"height":80,"caption":"PureJewels UK"},"image":{"@id":"https:\/\/www.purejewels.com\/#\/schema\/logo\/image\/"}}]}},"_links":{"self":[{"href":"https:\/\/www.purejewels.com\/de\/wp-json\/wp\/v2\/product\/428358","targetHints":{"allow":["GET"]}}],"collection":[{"href":"https:\/\/www.purejewels.com\/de\/wp-json\/wp\/v2\/product"}],"about":[{"href":"https:\/\/www.purejewels.com\/de\/wp-json\/wp\/v2\/types\/product"}],"replies":[{"embeddable":true,"href":"https:\/\/www.purejewels.com\/de\/wp-json\/wp\/v2\/comments?post=428358"}],"version-history":[{"count":1,"href":"https:\/\/www.purejewels.com\/de\/wp-json\/wp\/v2\/product\/428358\/revisions"}],"predecessor-version":[{"id":428360,"href":"https:\/\/www.purejewels.com\/de\/wp-json\/wp\/v2\/product\/428358\/revisions\/428360"}],"wp:featuredmedia":[{"embeddable":true,"href":"https:\/\/www.purejewels.com\/de\/wp-json\/wp\/v2\/media\/428359"}],"wp:attachment":[{"href":"https:\/\/www.purejewels.com\/de\/wp-json\/wp\/v2\/media?parent=428358"}],"wp:term":[{"taxonomy":"product_brand","embeddable":true,"href":"https:\/\/www.purejewels.com\/de\/wp-json\/wp\/v2\/product_brand?post=428358"},{"taxonomy":"product_cat","embeddable":true,"href":"https:\/\/www.purejewels.com\/de\/wp-json\/wp\/v2\/product_cat?post=428358"},{"taxonomy":"product_tag","embeddable":true,"href":"https:\/\/www.purejewels.com\/de\/wp-json\/wp\/v2\/product_tag?post=428358"}],"curies":[{"name":"wp","href":"https:\/\/api.w.org\/{rel}","templated":true}]}}