{"id":428389,"date":"2026-01-13T13:07:21","date_gmt":"2026-01-13T13:07:21","guid":{"rendered":"https:\/\/www.purejewels.com\/?post_type=product&#038;p=428389"},"modified":"2026-04-13T13:35:04","modified_gmt":"2026-04-13T12:35:04","slug":"22ct-sunrise-gold-floral-mangalsutra-55137","status":"publish","type":"product","link":"https:\/\/www.purejewels.com\/de\/product\/22ct-sunrise-gold-floral-mangalsutra-55137\/","title":{"rendered":"22ct Sunrise Gold Blumenmangalsutra"},"content":{"rendered":"<p data-start=\"605\" data-end=\"919\"><strong data-start=\"605\" data-end=\"623\">Designkonzept<\/strong><br data-start=\"623\" data-end=\"626\" \/>Inspiriert von der Sch\u00f6nheit bl\u00fchender Blumen, interpretiert dieser Mangalsutra die Tradition mit einem sanften, femininen Touch neu. Die fein detaillierten Blumenmotive bilden einen anmutigen Mittelpunkt und symbolisieren Wachstum, Liebe und Neuanf\u00e4nge, w\u00e4hrend die klassische schwarze Perlenkette ihre kulturelle Bedeutung bewahrt.<\/p>\n<p data-start=\"921\" data-end=\"1256\"><strong data-start=\"921\" data-end=\"938\">Handwerkliches K\u00f6nnen<\/strong><br data-start=\"938\" data-end=\"941\" \/>Die aus 22-kar\u00e4tigem Gold gefertigten floralen Elemente sind aufw\u00e4ndig geformt, um feine Details und Tiefe einzufangen. Die schwarzen Perlen sind sorgf\u00e4ltig aufgereiht und beabstandet, um Ausgewogenheit und Langlebigkeit zu gew\u00e4hrleisten. Das goldene Herzst\u00fcck ist nahtlos integriert und spiegelt die Pr\u00e4zision und traditionelle Handwerkskunst wider, die f\u00fcr PureJewels steht.<\/p>\n<p data-start=\"1258\" data-end=\"1549\"><strong data-start=\"1258\" data-end=\"1275\">Styling-Ideen<\/strong><br data-start=\"1275\" data-end=\"1278\" \/>Diese elegante und vielseitige Mangalsutra kann t\u00e4glich als aussagekr\u00e4ftiges Schmuckst\u00fcck getragen oder mit anderen zarten Goldketten f\u00fcr einen mehrschichtigen, modernen Look kombiniert werden. Die floralen Details verleihen ihr einen sanften Charme und machen sie sowohl f\u00fcr traditionelle Anl\u00e4sse als auch f\u00fcr moderne Kleidung perfekt.<\/p>","protected":false},"excerpt":{"rendered":"<p>Diese Mangalsutra aus 22-kar\u00e4tigem Gold mit Blumenmotiven ist ein zarter Ausdruck der Tradition und verleiht einem zeitlosen Symbol der Liebe Zartheit und Eleganz.<\/p>\n<p><strong>Material:<\/strong> 22 Karat Sunrise Gold (91,61 TP5T Feingold)<br \/>\n<strong>Wahrzeichen:<\/strong> Britisches G\u00fctesiegel<br \/>\n<strong>Bruttogewicht:\u00a0<\/strong> 6,70 Gramm<br \/>\n<strong>SKU:<\/strong> 55137<\/p>\n<p><strong>Preis und Lieferung:\u00a0<\/strong>Inklusive Mehrwertsteuer und Lieferkosten<strong><br \/>\n<a href=\"https:\/\/www.purejewels.com\/de\/ruckgabepolitik\/\">R\u00fcckgabepolitik<\/a><\/strong><\/p>","protected":false},"featured_media":428391,"comment_status":"closed","ping_status":"closed","template":"","meta":{"_eb_attr":"","_crsspst_to_jayantr4sg-hostcom":false},"product_brand":[],"product_cat":[1791,1559,236,1775,1793,1792,1229,1284,5666,1656,6081,1573],"product_tag":[],"class_list":{"0":"post-428389","1":"product","2":"type-product","3":"status-publish","4":"has-post-thumbnail","6":"product_cat-anniversary-gifts","7":"product_cat-birthday-gifts","8":"product_cat-collections","9":"product_cat-daily-wear-mangalsutras","10":"product_cat-diwali-gifts","11":"product_cat-festival-gifts","12":"product_cat-22ct-gold-jewellery","13":"product_cat-gold-mangalsutras","14":"product_cat-rosette-mangalsutra","15":"product_cat-rosettes-collections","16":"product_cat-sunrise-gold","17":"product_cat-wedding-gifts","19":"first","20":"instock","21":"taxable","22":"shipping-taxable","23":"purchasable","24":"product-type-simple","25":"add-to-wishlist-before_image"},"yoast_head":"<!-- This site is optimized with the Yoast SEO plugin v27.4 - https:\/\/yoast.com\/product\/yoast-seo-wordpress\/ -->\n<title>22ct Gold Floral Mangalsutra Necklace | PureJewels London<\/title>\n<meta name=\"description\" content=\"Discover the 22ct Gold Floral Mangalsutra Necklace, featuring delicate floral motifs in pure gold. A timeless blend of tradition, elegance, and modern design.\" \/>\n<meta name=\"robots\" content=\"index, follow, max-snippet:-1, max-image-preview:large, max-video-preview:-1\" \/>\n<link rel=\"canonical\" href=\"https:\/\/www.purejewels.com\/de\/produkt-2\/22ct-sunrise-gold-floral-mangalsutra-55137\/\" \/>\n<meta property=\"og:locale\" content=\"de_DE\" \/>\n<meta property=\"og:type\" content=\"article\" \/>\n<meta property=\"og:title\" content=\"22ct Gold Floral Mangalsutra Necklace | PureJewels London\" \/>\n<meta property=\"og:description\" content=\"Discover the 22ct Gold Floral Mangalsutra Necklace, featuring delicate floral motifs in pure gold. A timeless blend of tradition, elegance, and modern design.\" \/>\n<meta property=\"og:url\" content=\"https:\/\/www.purejewels.com\/de\/produkt-2\/22ct-sunrise-gold-floral-mangalsutra-55137\/\" \/>\n<meta property=\"og:site_name\" content=\"PureJewels UK\" \/>\n<meta property=\"article:modified_time\" content=\"2026-04-13T12:35:04+00:00\" \/>\n<meta property=\"og:image\" content=\"https:\/\/static.purejewels.com\/wp-content\/uploads\/2026\/04\/SKU-55137-FRONT.jpg\" \/>\n\t<meta property=\"og:image:width\" content=\"1000\" \/>\n\t<meta property=\"og:image:height\" content=\"1000\" \/>\n\t<meta property=\"og:image:type\" content=\"image\/jpeg\" \/>\n<meta name=\"twitter:card\" content=\"summary_large_image\" \/>\n<meta name=\"twitter:label1\" content=\"Gesch\u00e4tzte Lesezeit\" \/>\n\t<meta name=\"twitter:data1\" content=\"1\u00a0Minute\" \/>\n<script type=\"application\/ld+json\" class=\"yoast-schema-graph\">{\"@context\":\"https:\\\/\\\/schema.org\",\"@graph\":[{\"@type\":[\"WebPage\",\"ItemPage\"],\"@id\":\"https:\\\/\\\/www.purejewels.com\\\/product\\\/22ct-sunrise-gold-floral-mangalsutra-55137\\\/\",\"url\":\"https:\\\/\\\/www.purejewels.com\\\/product\\\/22ct-sunrise-gold-floral-mangalsutra-55137\\\/\",\"name\":\"22ct Gold Floral Mangalsutra Necklace | PureJewels London\",\"isPartOf\":{\"@id\":\"https:\\\/\\\/www.purejewels.com\\\/#website\"},\"primaryImageOfPage\":{\"@id\":\"https:\\\/\\\/www.purejewels.com\\\/product\\\/22ct-sunrise-gold-floral-mangalsutra-55137\\\/#primaryimage\"},\"image\":{\"@id\":\"https:\\\/\\\/www.purejewels.com\\\/product\\\/22ct-sunrise-gold-floral-mangalsutra-55137\\\/#primaryimage\"},\"thumbnailUrl\":\"https:\\\/\\\/static.purejewels.com\\\/wp-content\\\/uploads\\\/2026\\\/04\\\/SKU-55137-FRONT.jpg\",\"datePublished\":\"2026-01-13T13:07:21+00:00\",\"dateModified\":\"2026-04-13T12:35:04+00:00\",\"description\":\"Discover the 22ct Gold Floral Mangalsutra Necklace, featuring delicate floral motifs in pure gold. A timeless blend of tradition, elegance, and modern design.\",\"breadcrumb\":{\"@id\":\"https:\\\/\\\/www.purejewels.com\\\/product\\\/22ct-sunrise-gold-floral-mangalsutra-55137\\\/#breadcrumb\"},\"inLanguage\":\"de\",\"potentialAction\":[{\"@type\":\"ReadAction\",\"target\":[\"https:\\\/\\\/www.purejewels.com\\\/product\\\/22ct-sunrise-gold-floral-mangalsutra-55137\\\/\"]}]},{\"@type\":\"ImageObject\",\"inLanguage\":\"de\",\"@id\":\"https:\\\/\\\/www.purejewels.com\\\/product\\\/22ct-sunrise-gold-floral-mangalsutra-55137\\\/#primaryimage\",\"url\":\"https:\\\/\\\/static.purejewels.com\\\/wp-content\\\/uploads\\\/2026\\\/04\\\/SKU-55137-FRONT.jpg\",\"contentUrl\":\"https:\\\/\\\/static.purejewels.com\\\/wp-content\\\/uploads\\\/2026\\\/04\\\/SKU-55137-FRONT.jpg\",\"width\":1000,\"height\":1000,\"caption\":\"22ct Sunrise Gold Floral Mangalsutra\"},{\"@type\":\"BreadcrumbList\",\"@id\":\"https:\\\/\\\/www.purejewels.com\\\/product\\\/22ct-sunrise-gold-floral-mangalsutra-55137\\\/#breadcrumb\",\"itemListElement\":[{\"@type\":\"ListItem\",\"position\":1,\"name\":\"Home\",\"item\":\"https:\\\/\\\/www.purejewels.com\\\/\"},{\"@type\":\"ListItem\",\"position\":2,\"name\":\"Shop\",\"item\":\"https:\\\/\\\/www.purejewels.com\\\/shop\\\/\"},{\"@type\":\"ListItem\",\"position\":3,\"name\":\"22ct Sunrise Gold Floral Mangalsutra\"}]},{\"@type\":\"WebSite\",\"@id\":\"https:\\\/\\\/www.purejewels.com\\\/#website\",\"url\":\"https:\\\/\\\/www.purejewels.com\\\/\",\"name\":\"PureJewels UK\",\"description\":\"Share the Love\",\"publisher\":{\"@id\":\"https:\\\/\\\/www.purejewels.com\\\/#organization\"},\"potentialAction\":[{\"@type\":\"SearchAction\",\"target\":{\"@type\":\"EntryPoint\",\"urlTemplate\":\"https:\\\/\\\/www.purejewels.com\\\/?s={search_term_string}\"},\"query-input\":{\"@type\":\"PropertyValueSpecification\",\"valueRequired\":true,\"valueName\":\"search_term_string\"}}],\"inLanguage\":\"de\"},{\"@type\":\"Organization\",\"@id\":\"https:\\\/\\\/www.purejewels.com\\\/#organization\",\"name\":\"PureJewels UK\",\"url\":\"https:\\\/\\\/www.purejewels.com\\\/\",\"logo\":{\"@type\":\"ImageObject\",\"inLanguage\":\"de\",\"@id\":\"https:\\\/\\\/www.purejewels.com\\\/#\\\/schema\\\/logo\\\/image\\\/\",\"url\":\"https:\\\/\\\/static.purejewels.com\\\/wp-content\\\/uploads\\\/2020\\\/11\\\/Logo-PJ-New-1.png\",\"contentUrl\":\"https:\\\/\\\/static.purejewels.com\\\/wp-content\\\/uploads\\\/2020\\\/11\\\/Logo-PJ-New-1.png\",\"width\":150,\"height\":80,\"caption\":\"PureJewels UK\"},\"image\":{\"@id\":\"https:\\\/\\\/www.purejewels.com\\\/#\\\/schema\\\/logo\\\/image\\\/\"}}]}<\/script>\n<!-- \/ Yoast SEO plugin. -->","yoast_head_json":{"title":"22ct Gold Floral Mangalsutra Halskette | PureJewels London","description":"Entdecken Sie die 22ct Gold Floral Mangalsutra Halskette mit zarten floralen Motiven aus reinem Gold. Eine zeitlose Mischung aus Tradition, Eleganz und modernem Design.","robots":{"index":"index","follow":"follow","max-snippet":"max-snippet:-1","max-image-preview":"max-image-preview:large","max-video-preview":"max-video-preview:-1"},"canonical":"https:\/\/www.purejewels.com\/de\/produkt-2\/22ct-sunrise-gold-floral-mangalsutra-55137\/","og_locale":"de_DE","og_type":"article","og_title":"22ct Gold Floral Mangalsutra Necklace | PureJewels London","og_description":"Discover the 22ct Gold Floral Mangalsutra Necklace, featuring delicate floral motifs in pure gold. A timeless blend of tradition, elegance, and modern design.","og_url":"https:\/\/www.purejewels.com\/de\/produkt-2\/22ct-sunrise-gold-floral-mangalsutra-55137\/","og_site_name":"PureJewels UK","article_modified_time":"2026-04-13T12:35:04+00:00","og_image":[{"width":1000,"height":1000,"url":"https:\/\/static.purejewels.com\/wp-content\/uploads\/2026\/04\/SKU-55137-FRONT.jpg","type":"image\/jpeg"}],"twitter_card":"summary_large_image","twitter_misc":{"Gesch\u00e4tzte Lesezeit":"1\u00a0Minute"},"schema":{"@context":"https:\/\/schema.org","@graph":[{"@type":["WebPage","ItemPage"],"@id":"https:\/\/www.purejewels.com\/product\/22ct-sunrise-gold-floral-mangalsutra-55137\/","url":"https:\/\/www.purejewels.com\/product\/22ct-sunrise-gold-floral-mangalsutra-55137\/","name":"22ct Gold Floral Mangalsutra Halskette | PureJewels London","isPartOf":{"@id":"https:\/\/www.purejewels.com\/#website"},"primaryImageOfPage":{"@id":"https:\/\/www.purejewels.com\/product\/22ct-sunrise-gold-floral-mangalsutra-55137\/#primaryimage"},"image":{"@id":"https:\/\/www.purejewels.com\/product\/22ct-sunrise-gold-floral-mangalsutra-55137\/#primaryimage"},"thumbnailUrl":"https:\/\/static.purejewels.com\/wp-content\/uploads\/2026\/04\/SKU-55137-FRONT.jpg","datePublished":"2026-01-13T13:07:21+00:00","dateModified":"2026-04-13T12:35:04+00:00","description":"Entdecken Sie die 22ct Gold Floral Mangalsutra Halskette mit zarten floralen Motiven aus reinem Gold. Eine zeitlose Mischung aus Tradition, Eleganz und modernem Design.","breadcrumb":{"@id":"https:\/\/www.purejewels.com\/product\/22ct-sunrise-gold-floral-mangalsutra-55137\/#breadcrumb"},"inLanguage":"de","potentialAction":[{"@type":"ReadAction","target":["https:\/\/www.purejewels.com\/product\/22ct-sunrise-gold-floral-mangalsutra-55137\/"]}]},{"@type":"ImageObject","inLanguage":"de","@id":"https:\/\/www.purejewels.com\/product\/22ct-sunrise-gold-floral-mangalsutra-55137\/#primaryimage","url":"https:\/\/static.purejewels.com\/wp-content\/uploads\/2026\/04\/SKU-55137-FRONT.jpg","contentUrl":"https:\/\/static.purejewels.com\/wp-content\/uploads\/2026\/04\/SKU-55137-FRONT.jpg","width":1000,"height":1000,"caption":"22ct Sunrise Gold Floral Mangalsutra"},{"@type":"BreadcrumbList","@id":"https:\/\/www.purejewels.com\/product\/22ct-sunrise-gold-floral-mangalsutra-55137\/#breadcrumb","itemListElement":[{"@type":"ListItem","position":1,"name":"Home","item":"https:\/\/www.purejewels.com\/"},{"@type":"ListItem","position":2,"name":"Shop","item":"https:\/\/www.purejewels.com\/shop\/"},{"@type":"ListItem","position":3,"name":"22ct Sunrise Gold Floral Mangalsutra"}]},{"@type":"WebSite","@id":"https:\/\/www.purejewels.com\/#website","url":"https:\/\/www.purejewels.com\/","name":"PureJewels UK","description":"Teile die Liebe","publisher":{"@id":"https:\/\/www.purejewels.com\/#organization"},"potentialAction":[{"@type":"SearchAction","target":{"@type":"EntryPoint","urlTemplate":"https:\/\/www.purejewels.com\/?s={search_term_string}"},"query-input":{"@type":"PropertyValueSpecification","valueRequired":true,"valueName":"search_term_string"}}],"inLanguage":"de"},{"@type":"Organization","@id":"https:\/\/www.purejewels.com\/#organization","name":"PureJewels UK","url":"https:\/\/www.purejewels.com\/","logo":{"@type":"ImageObject","inLanguage":"de","@id":"https:\/\/www.purejewels.com\/#\/schema\/logo\/image\/","url":"https:\/\/static.purejewels.com\/wp-content\/uploads\/2020\/11\/Logo-PJ-New-1.png","contentUrl":"https:\/\/static.purejewels.com\/wp-content\/uploads\/2020\/11\/Logo-PJ-New-1.png","width":150,"height":80,"caption":"PureJewels UK"},"image":{"@id":"https:\/\/www.purejewels.com\/#\/schema\/logo\/image\/"}}]}},"_links":{"self":[{"href":"https:\/\/www.purejewels.com\/de\/wp-json\/wp\/v2\/product\/428389","targetHints":{"allow":["GET"]}}],"collection":[{"href":"https:\/\/www.purejewels.com\/de\/wp-json\/wp\/v2\/product"}],"about":[{"href":"https:\/\/www.purejewels.com\/de\/wp-json\/wp\/v2\/types\/product"}],"replies":[{"embeddable":true,"href":"https:\/\/www.purejewels.com\/de\/wp-json\/wp\/v2\/comments?post=428389"}],"version-history":[{"count":2,"href":"https:\/\/www.purejewels.com\/de\/wp-json\/wp\/v2\/product\/428389\/revisions"}],"predecessor-version":[{"id":428392,"href":"https:\/\/www.purejewels.com\/de\/wp-json\/wp\/v2\/product\/428389\/revisions\/428392"}],"wp:featuredmedia":[{"embeddable":true,"href":"https:\/\/www.purejewels.com\/de\/wp-json\/wp\/v2\/media\/428391"}],"wp:attachment":[{"href":"https:\/\/www.purejewels.com\/de\/wp-json\/wp\/v2\/media?parent=428389"}],"wp:term":[{"taxonomy":"product_brand","embeddable":true,"href":"https:\/\/www.purejewels.com\/de\/wp-json\/wp\/v2\/product_brand?post=428389"},{"taxonomy":"product_cat","embeddable":true,"href":"https:\/\/www.purejewels.com\/de\/wp-json\/wp\/v2\/product_cat?post=428389"},{"taxonomy":"product_tag","embeddable":true,"href":"https:\/\/www.purejewels.com\/de\/wp-json\/wp\/v2\/product_tag?post=428389"}],"curies":[{"name":"wp","href":"https:\/\/api.w.org\/{rel}","templated":true}]}}