{"id":428499,"date":"2026-01-16T05:16:45","date_gmt":"2026-01-16T05:16:45","guid":{"rendered":"https:\/\/www.purejewels.com\/?post_type=product&#038;p=428499"},"modified":"2026-04-16T05:59:40","modified_gmt":"2026-04-16T04:59:40","slug":"verstellbarer-baby-armreif-aus-22-karat-gold-mit-schragstrich-textur-53755","status":"publish","type":"product","link":"https:\/\/www.purejewels.com\/de\/product\/22ct-gold-adjustable-baby-bangle-with-slash-texture-53755\/","title":{"rendered":"Verstellbarer Baby-Armreif aus 22 Karat Gold mit Schr\u00e4gstrich-Textur"},"content":{"rendered":"<p><strong>Designkonzept<\/strong><br \/>\nDie Zwillingsband-Silhouette symbolisiert Kontinuit\u00e4t und F\u00fcrsorge - zwei Linien, die sich zusammen bewegen, \u00e4hnlich wie die Reise eines Kindes, das von der Liebe gef\u00fchrt wird. Die fein gravierte Schr\u00e4gstrich-Textur f\u00e4ngt das Licht bei jeder Bewegung ein und erzeugt einen sanften, strahlenden Schimmer, der sowohl verspielt als auch raffiniert wirkt. Diese subtilen Details verleihen dem St\u00fcck Charakter und sind gleichzeitig zeitlos, so dass es \u00fcber Jahre hinweg gesch\u00e4tzt werden kann.<\/p>\n<p><strong>Handwerkliches K\u00f6nnen<\/strong><br \/>\nDieser handgefertigte Armreif aus reichem 22-kar\u00e4tigem Gold spiegelt das Erbe der au\u00dfergew\u00f6hnlichen Goldschmiedekunst von PureJewels wider. Jede Oberfl\u00e4che ist sorgf\u00e4ltig strukturiert, um einen pr\u00e4zisen Diamantschliff zu erzielen, der den Glanz verst\u00e4rkt und gleichzeitig ein glattes, angenehmes Gef\u00fchl auf der zarten Haut vermittelt. Das verstellbare Design sorgt f\u00fcr einen sicheren und dennoch sanften Sitz, so dass der Armreif mit dem Kind mitwachsen kann.<\/p>\n<p>Dieses St\u00fcck ist mit einem Echtheitszertifikat versehen und entspricht den h\u00f6chsten Standards in Bezug auf Reinheit und Handwerkskunst - ein Erbst\u00fcck im Entstehen.<\/p>\n<p><strong>Styling-Ideen<\/strong><br \/>\nDieser Armreif eignet sich perfekt als bedeutungsvolles Geschenk f\u00fcr Neugeborene, Geburtstage oder Namensgebungszeremonien. Er kann allein getragen werden, um einen zarten Akzent zu setzen, oder mit einem passenden St\u00fcck f\u00fcr einen traditionellen Look kombiniert werden. Der warme Goldton passt sowohl zum Alltag als auch zu besonderen Anl\u00e4ssen und macht ihn zu einem vielseitigen Andenken.<\/p>\n<p>Ob als erstes Schmuckst\u00fcck gew\u00e4hlt oder als Symbol der Liebe verschenkt, dieser Armreif tr\u00e4gt eine Geschichte in sich - eine Geschichte, die mit Sorgfalt, Handwerkskunst und Feierlichkeiten beginnt.<\/p>","protected":false},"excerpt":{"rendered":"<p>Ein wundersch\u00f6n gearbeiteter Armreif aus 22-kar\u00e4tigem Gold mit zarter Schr\u00e4gstrich-Textur und verstellbarer Passform. Die Armspange wurde f\u00fcr Komfort und Eleganz entworfen und ist ein perfektes Andenken, um die ersten Meilensteine des Kindes zu feiern.<\/p>\n<ul>\n<li><strong>Material:<\/strong> 22ct Gold (91,6% reines Gold)<\/li>\n<li><strong>Wahrzeichen:\u00a0<\/strong>Britisches G\u00fctesiegel<\/li>\n<li><strong>Bruttogewicht: <\/strong>4,58 Gramm<\/li>\n<li><b>Gr\u00f6\u00dfe: <\/b>Einstellbar<\/li>\n<li><strong>SKU: <\/strong>53755, 53756, 53758<\/li>\n<\/ul>\n<p>&nbsp;<\/p>\n<p><strong>Preis und Lieferung:\u00a0<\/strong>Inklusive Mehrwertsteuer und Lieferkosten<br \/>\n<strong><a href=\"https:\/\/www.purejewels.com\/de\/ruckgabepolitik\/\">R\u00fcckgabepolitik<\/a><\/strong><\/p>\n<p>&nbsp;<\/p>","protected":false},"featured_media":428500,"comment_status":"closed","ping_status":"closed","template":"","meta":{"_eb_attr":"","_crsspst_to_jayantr4sg-hostcom":true},"product_brand":[],"product_cat":[5677,1576,1233,1229,252,1526,1436,5349],"product_tag":[1546,5373],"class_list":{"0":"post-428499","1":"product","2":"type-product","3":"status-publish","4":"has-post-thumbnail","6":"product_cat-babys-gold-bangle","7":"product_cat-childrens-jewellery","8":"product_cat-gold-bangles","9":"product_cat-22ct-gold-jewellery","10":"product_cat-jali-collections","11":"product_cat-kids-bangles","12":"product_cat-kids-bracelet-kada","13":"product_cat-yellow-gold-jewellery","14":"product_tag-children","15":"product_tag-indian-gold-bangles-for-kids","17":"first","18":"instock","19":"featured","20":"taxable","21":"shipping-taxable","22":"purchasable","23":"product-type-simple","24":"add-to-wishlist-before_image"},"yoast_head":"<!-- This site is optimized with the Yoast SEO plugin v27.4 - https:\/\/yoast.com\/product\/yoast-seo-wordpress\/ -->\n<title>22ct Gold Adjustable Baby Bangle with Slash Texture | PureJewels<\/title>\n<meta name=\"description\" content=\"Discover our 22ct gold adjustable baby bangle with elegant slash texture. Crafted with care for comfort, purity, and timeless gifting.\" \/>\n<meta name=\"robots\" content=\"noindex, nofollow\" \/>\n<meta property=\"og:locale\" content=\"de_DE\" \/>\n<meta property=\"og:type\" content=\"article\" \/>\n<meta property=\"og:title\" content=\"22ct Gold Adjustable Baby Bangle with Slash Texture | PureJewels\" \/>\n<meta property=\"og:description\" content=\"Discover our 22ct gold adjustable baby bangle with elegant slash texture. Crafted with care for comfort, purity, and timeless gifting.\" \/>\n<meta property=\"og:url\" content=\"https:\/\/www.purejewels.com\/de\/produkt-2\/verstellbarer-baby-armreif-aus-22-karat-gold-mit-schragstrich-textur-53755\/\" \/>\n<meta property=\"og:site_name\" content=\"PureJewels UK\" \/>\n<meta property=\"article:modified_time\" content=\"2026-04-16T04:59:40+00:00\" \/>\n<meta property=\"og:image\" content=\"https:\/\/static.purejewels.com\/wp-content\/uploads\/2026\/04\/sku-54778-side.jpg\" \/>\n\t<meta property=\"og:image:width\" content=\"1000\" \/>\n\t<meta property=\"og:image:height\" content=\"1000\" \/>\n\t<meta property=\"og:image:type\" content=\"image\/jpeg\" \/>\n<meta name=\"twitter:card\" content=\"summary_large_image\" \/>\n<meta name=\"twitter:label1\" content=\"Gesch\u00e4tzte Lesezeit\" \/>\n\t<meta name=\"twitter:data1\" content=\"2\u00a0Minuten\" \/>\n<script type=\"application\/ld+json\" class=\"yoast-schema-graph\">{\"@context\":\"https:\\\/\\\/schema.org\",\"@graph\":[{\"@type\":[\"WebPage\",\"ItemPage\"],\"@id\":\"https:\\\/\\\/www.purejewels.com\\\/product\\\/22ct-gold-adjustable-baby-bangle-with-slash-texture-53755\\\/\",\"url\":\"https:\\\/\\\/www.purejewels.com\\\/product\\\/22ct-gold-adjustable-baby-bangle-with-slash-texture-53755\\\/\",\"name\":\"22ct Gold Adjustable Baby Bangle with Slash Texture | PureJewels\",\"isPartOf\":{\"@id\":\"https:\\\/\\\/www.purejewels.com\\\/#website\"},\"primaryImageOfPage\":{\"@id\":\"https:\\\/\\\/www.purejewels.com\\\/product\\\/22ct-gold-adjustable-baby-bangle-with-slash-texture-53755\\\/#primaryimage\"},\"image\":{\"@id\":\"https:\\\/\\\/www.purejewels.com\\\/product\\\/22ct-gold-adjustable-baby-bangle-with-slash-texture-53755\\\/#primaryimage\"},\"thumbnailUrl\":\"https:\\\/\\\/static.purejewels.com\\\/wp-content\\\/uploads\\\/2026\\\/04\\\/sku-54778-side.jpg\",\"datePublished\":\"2026-01-16T05:16:45+00:00\",\"dateModified\":\"2026-04-16T04:59:40+00:00\",\"description\":\"Discover our 22ct gold adjustable baby bangle with elegant slash texture. Crafted with care for comfort, purity, and timeless gifting.\",\"breadcrumb\":{\"@id\":\"https:\\\/\\\/www.purejewels.com\\\/product\\\/22ct-gold-adjustable-baby-bangle-with-slash-texture-53755\\\/#breadcrumb\"},\"inLanguage\":\"de\",\"potentialAction\":[{\"@type\":\"ReadAction\",\"target\":[\"https:\\\/\\\/www.purejewels.com\\\/product\\\/22ct-gold-adjustable-baby-bangle-with-slash-texture-53755\\\/\"]}]},{\"@type\":\"ImageObject\",\"inLanguage\":\"de\",\"@id\":\"https:\\\/\\\/www.purejewels.com\\\/product\\\/22ct-gold-adjustable-baby-bangle-with-slash-texture-53755\\\/#primaryimage\",\"url\":\"https:\\\/\\\/static.purejewels.com\\\/wp-content\\\/uploads\\\/2026\\\/04\\\/sku-54778-side.jpg\",\"contentUrl\":\"https:\\\/\\\/static.purejewels.com\\\/wp-content\\\/uploads\\\/2026\\\/04\\\/sku-54778-side.jpg\",\"width\":1000,\"height\":1000,\"caption\":\"Stacked from 12 images. Method=B (R=8,S=4)\"},{\"@type\":\"BreadcrumbList\",\"@id\":\"https:\\\/\\\/www.purejewels.com\\\/product\\\/22ct-gold-adjustable-baby-bangle-with-slash-texture-53755\\\/#breadcrumb\",\"itemListElement\":[{\"@type\":\"ListItem\",\"position\":1,\"name\":\"Home\",\"item\":\"https:\\\/\\\/www.purejewels.com\\\/\"},{\"@type\":\"ListItem\",\"position\":2,\"name\":\"Shop\",\"item\":\"https:\\\/\\\/www.purejewels.com\\\/shop\\\/\"},{\"@type\":\"ListItem\",\"position\":3,\"name\":\"22ct Gold Adjustable Baby Bangle with Slash Texture\"}]},{\"@type\":\"WebSite\",\"@id\":\"https:\\\/\\\/www.purejewels.com\\\/#website\",\"url\":\"https:\\\/\\\/www.purejewels.com\\\/\",\"name\":\"PureJewels UK\",\"description\":\"Share the Love\",\"publisher\":{\"@id\":\"https:\\\/\\\/www.purejewels.com\\\/#organization\"},\"potentialAction\":[{\"@type\":\"SearchAction\",\"target\":{\"@type\":\"EntryPoint\",\"urlTemplate\":\"https:\\\/\\\/www.purejewels.com\\\/?s={search_term_string}\"},\"query-input\":{\"@type\":\"PropertyValueSpecification\",\"valueRequired\":true,\"valueName\":\"search_term_string\"}}],\"inLanguage\":\"de\"},{\"@type\":\"Organization\",\"@id\":\"https:\\\/\\\/www.purejewels.com\\\/#organization\",\"name\":\"PureJewels UK\",\"url\":\"https:\\\/\\\/www.purejewels.com\\\/\",\"logo\":{\"@type\":\"ImageObject\",\"inLanguage\":\"de\",\"@id\":\"https:\\\/\\\/www.purejewels.com\\\/#\\\/schema\\\/logo\\\/image\\\/\",\"url\":\"https:\\\/\\\/static.purejewels.com\\\/wp-content\\\/uploads\\\/2020\\\/11\\\/Logo-PJ-New-1.png\",\"contentUrl\":\"https:\\\/\\\/static.purejewels.com\\\/wp-content\\\/uploads\\\/2020\\\/11\\\/Logo-PJ-New-1.png\",\"width\":150,\"height\":80,\"caption\":\"PureJewels UK\"},\"image\":{\"@id\":\"https:\\\/\\\/www.purejewels.com\\\/#\\\/schema\\\/logo\\\/image\\\/\"}}]}<\/script>\n<!-- \/ Yoast SEO plugin. -->","yoast_head_json":{"title":"22ct Gold einstellbare Baby Armreif mit Slash Textur | PureJewels","description":"Entdecken Sie unseren verstellbaren Baby-Armreif aus 22 Karat Gold mit eleganter Schr\u00e4gstrich-Struktur. Mit Sorgfalt gefertigt f\u00fcr Komfort, Reinheit und zeitlose Geschenke.","robots":{"index":"noindex","follow":"nofollow"},"og_locale":"de_DE","og_type":"article","og_title":"22ct Gold Adjustable Baby Bangle with Slash Texture | PureJewels","og_description":"Discover our 22ct gold adjustable baby bangle with elegant slash texture. Crafted with care for comfort, purity, and timeless gifting.","og_url":"https:\/\/www.purejewels.com\/de\/produkt-2\/verstellbarer-baby-armreif-aus-22-karat-gold-mit-schragstrich-textur-53755\/","og_site_name":"PureJewels UK","article_modified_time":"2026-04-16T04:59:40+00:00","og_image":[{"width":1000,"height":1000,"url":"https:\/\/static.purejewels.com\/wp-content\/uploads\/2026\/04\/sku-54778-side.jpg","type":"image\/jpeg"}],"twitter_card":"summary_large_image","twitter_misc":{"Gesch\u00e4tzte Lesezeit":"2\u00a0Minuten"},"schema":{"@context":"https:\/\/schema.org","@graph":[{"@type":["WebPage","ItemPage"],"@id":"https:\/\/www.purejewels.com\/product\/22ct-gold-adjustable-baby-bangle-with-slash-texture-53755\/","url":"https:\/\/www.purejewels.com\/product\/22ct-gold-adjustable-baby-bangle-with-slash-texture-53755\/","name":"22ct Gold einstellbare Baby Armreif mit Slash Textur | PureJewels","isPartOf":{"@id":"https:\/\/www.purejewels.com\/#website"},"primaryImageOfPage":{"@id":"https:\/\/www.purejewels.com\/product\/22ct-gold-adjustable-baby-bangle-with-slash-texture-53755\/#primaryimage"},"image":{"@id":"https:\/\/www.purejewels.com\/product\/22ct-gold-adjustable-baby-bangle-with-slash-texture-53755\/#primaryimage"},"thumbnailUrl":"https:\/\/static.purejewels.com\/wp-content\/uploads\/2026\/04\/sku-54778-side.jpg","datePublished":"2026-01-16T05:16:45+00:00","dateModified":"2026-04-16T04:59:40+00:00","description":"Entdecken Sie unseren verstellbaren Baby-Armreif aus 22 Karat Gold mit eleganter Schr\u00e4gstrich-Struktur. Mit Sorgfalt gefertigt f\u00fcr Komfort, Reinheit und zeitlose Geschenke.","breadcrumb":{"@id":"https:\/\/www.purejewels.com\/product\/22ct-gold-adjustable-baby-bangle-with-slash-texture-53755\/#breadcrumb"},"inLanguage":"de","potentialAction":[{"@type":"ReadAction","target":["https:\/\/www.purejewels.com\/product\/22ct-gold-adjustable-baby-bangle-with-slash-texture-53755\/"]}]},{"@type":"ImageObject","inLanguage":"de","@id":"https:\/\/www.purejewels.com\/product\/22ct-gold-adjustable-baby-bangle-with-slash-texture-53755\/#primaryimage","url":"https:\/\/static.purejewels.com\/wp-content\/uploads\/2026\/04\/sku-54778-side.jpg","contentUrl":"https:\/\/static.purejewels.com\/wp-content\/uploads\/2026\/04\/sku-54778-side.jpg","width":1000,"height":1000,"caption":"Stacked from 12 images. Method=B (R=8,S=4)"},{"@type":"BreadcrumbList","@id":"https:\/\/www.purejewels.com\/product\/22ct-gold-adjustable-baby-bangle-with-slash-texture-53755\/#breadcrumb","itemListElement":[{"@type":"ListItem","position":1,"name":"Home","item":"https:\/\/www.purejewels.com\/"},{"@type":"ListItem","position":2,"name":"Shop","item":"https:\/\/www.purejewels.com\/shop\/"},{"@type":"ListItem","position":3,"name":"22ct Gold Adjustable Baby Bangle with Slash Texture"}]},{"@type":"WebSite","@id":"https:\/\/www.purejewels.com\/#website","url":"https:\/\/www.purejewels.com\/","name":"PureJewels UK","description":"Teile die Liebe","publisher":{"@id":"https:\/\/www.purejewels.com\/#organization"},"potentialAction":[{"@type":"SearchAction","target":{"@type":"EntryPoint","urlTemplate":"https:\/\/www.purejewels.com\/?s={search_term_string}"},"query-input":{"@type":"PropertyValueSpecification","valueRequired":true,"valueName":"search_term_string"}}],"inLanguage":"de"},{"@type":"Organization","@id":"https:\/\/www.purejewels.com\/#organization","name":"PureJewels UK","url":"https:\/\/www.purejewels.com\/","logo":{"@type":"ImageObject","inLanguage":"de","@id":"https:\/\/www.purejewels.com\/#\/schema\/logo\/image\/","url":"https:\/\/static.purejewels.com\/wp-content\/uploads\/2020\/11\/Logo-PJ-New-1.png","contentUrl":"https:\/\/static.purejewels.com\/wp-content\/uploads\/2020\/11\/Logo-PJ-New-1.png","width":150,"height":80,"caption":"PureJewels UK"},"image":{"@id":"https:\/\/www.purejewels.com\/#\/schema\/logo\/image\/"}}]}},"_links":{"self":[{"href":"https:\/\/www.purejewels.com\/de\/wp-json\/wp\/v2\/product\/428499","targetHints":{"allow":["GET"]}}],"collection":[{"href":"https:\/\/www.purejewels.com\/de\/wp-json\/wp\/v2\/product"}],"about":[{"href":"https:\/\/www.purejewels.com\/de\/wp-json\/wp\/v2\/types\/product"}],"replies":[{"embeddable":true,"href":"https:\/\/www.purejewels.com\/de\/wp-json\/wp\/v2\/comments?post=428499"}],"version-history":[{"count":1,"href":"https:\/\/www.purejewels.com\/de\/wp-json\/wp\/v2\/product\/428499\/revisions"}],"predecessor-version":[{"id":428502,"href":"https:\/\/www.purejewels.com\/de\/wp-json\/wp\/v2\/product\/428499\/revisions\/428502"}],"wp:featuredmedia":[{"embeddable":true,"href":"https:\/\/www.purejewels.com\/de\/wp-json\/wp\/v2\/media\/428500"}],"wp:attachment":[{"href":"https:\/\/www.purejewels.com\/de\/wp-json\/wp\/v2\/media?parent=428499"}],"wp:term":[{"taxonomy":"product_brand","embeddable":true,"href":"https:\/\/www.purejewels.com\/de\/wp-json\/wp\/v2\/product_brand?post=428499"},{"taxonomy":"product_cat","embeddable":true,"href":"https:\/\/www.purejewels.com\/de\/wp-json\/wp\/v2\/product_cat?post=428499"},{"taxonomy":"product_tag","embeddable":true,"href":"https:\/\/www.purejewels.com\/de\/wp-json\/wp\/v2\/product_tag?post=428499"}],"curies":[{"name":"wp","href":"https:\/\/api.w.org\/{rel}","templated":true}]}}