{"id":428520,"date":"2026-01-16T07:39:12","date_gmt":"2026-01-16T07:39:12","guid":{"rendered":"https:\/\/www.purejewels.com\/?post_type=product&#038;p=428520"},"modified":"2026-04-16T07:53:10","modified_gmt":"2026-04-16T06:53:10","slug":"22ct-gold-filigran-tun-ladaa-haar-braut-halskette-50849","status":"publish","type":"product","link":"https:\/\/www.purejewels.com\/de\/product\/22ct-gold-filigree-do-ladaa-haar-bridal-necklace-50849\/","title":{"rendered":"22ct Gold Filigrane Do Ladaa Haar | Braut Halskette"},"content":{"rendered":"<p data-start=\"973\" data-end=\"1358\"><strong data-start=\"973\" data-end=\"991\">Designkonzept<\/strong><br data-start=\"991\" data-end=\"994\" \/>Das Do Ladaa Haar, das f\u00fcr seine mehrschichtige Eleganz bekannt ist, symbolisiert \u00dcberfluss, Wohlstand und das Zusammentreffen von zwei Wegen. Dieses Design zeichnet sich durch zart strukturierte Zwillingsstr\u00e4nge aus, die anmutig in einen verschn\u00f6rkelten zentralen Anh\u00e4nger m\u00fcnden. Die filigrane Arbeit bildet einen Wandteppich aus feinen Goldf\u00e4den - leicht und doch visuell reichhaltig - und schafft ein Gef\u00fchl von Bewegung und Tiefe.<\/p>\n<p data-start=\"1360\" data-end=\"1540\">Der Anh\u00e4nger ist das Herzst\u00fcck des Schmuckst\u00fccks, das mit seiner detaillierten Verarbeitung an traditionelle Motive und Geschichten erinnert, w\u00e4hrend die kaskadenf\u00f6rmigen Elemente einen sanften, rhythmischen Charme verbreiten.<\/p>\n<p data-start=\"1542\" data-end=\"1895\"><strong data-start=\"1542\" data-end=\"1559\">Handwerkliches K\u00f6nnen<\/strong><br data-start=\"1559\" data-end=\"1562\" \/>Diese in Handarbeit aus luxuri\u00f6sem 22-kar\u00e4tigem Gold gefertigte Halskette ist ein Meisterwerk der Filigrantechnik - eine uralte Technik, bei der feine Golddr\u00e4hte aufw\u00e4ndig geformt und verl\u00f6tet werden, um spitzenartige Muster zu schaffen. Jedes Detail wird von erfahrenen Kunsthandwerkern sorgf\u00e4ltig geformt, um Pr\u00e4zision, Ausgewogenheit und Langlebigkeit zu gew\u00e4hrleisten und gleichzeitig ein zartes Aussehen zu erhalten.<\/p>\n<p data-start=\"1897\" data-end=\"2061\">Das mit einem Echtheitszertifikat versehene Schmuckst\u00fcck spiegelt das Engagement von PureJewels f\u00fcr h\u00f6chste Standards in Bezug auf Reinheit und Handwerkskunst wider - hier trifft Tradition auf raffinierte Ausf\u00fchrung.<\/p>\n<p data-start=\"2063\" data-end=\"2368\"><strong data-start=\"2063\" data-end=\"2080\">Styling-Ideen<\/strong><br data-start=\"2080\" data-end=\"2083\" \/>Dieses Do Ladaa Haar eignet sich perfekt f\u00fcr die Brautmode und l\u00e4sst sich wunderbar mit traditionellen Kleidern wie Lehengas oder Sarees kombinieren, wobei es das Dekollet\u00e9 mit seiner mehrschichtigen Eleganz hervorhebt. Es kann als Einzelst\u00fcck gestylt werden oder mit passenden Ohrringen und Armreifen f\u00fcr einen kompletten Brautlook erg\u00e4nzt werden.<\/p>\n<p data-start=\"2370\" data-end=\"2499\">\u00dcber den Hochzeitstag hinaus bleibt es ein wertvolles Erbst\u00fcck, das bei besonderen Anl\u00e4ssen getragen und als Symbol der Liebe und des Verm\u00e4chtnisses weitergegeben wird.<\/p>","protected":false},"excerpt":{"rendered":"<p>Eine exquisite filigrane Do Ladaa Haar-Brautkette aus 22-kar\u00e4tigem Gold, die sich durch aufw\u00e4ndige Handwerkskunst und eine mehrschichtige Silhouette auszeichnet. Ein Statement-St\u00fcck f\u00fcr Hochzeiten und besondere Anl\u00e4sse.<\/p>\n<p><strong>Material:<\/strong> 22ct Gold (91,6% reines Gold)<strong><br \/>\nWahrzeichen:\u00a0<\/strong>Britisches G\u00fctesiegel<strong><br \/>\n<\/strong><strong>Bruttogewicht: <\/strong>53 Gms<br \/>\n<strong>SKU:<\/strong> 50849<\/p>\n<p><strong>Preis und Lieferung<\/strong>: Inklusive Mehrwertsteuer und Lieferkosten<br \/>\n<a href=\"https:\/\/www.purejewels.com\/de\/ruckgabepolitik\/\">R\u00fcckgabepolitik<\/a><\/p>","protected":false},"featured_media":428522,"comment_status":"closed","ping_status":"closed","template":"","meta":{"_eb_attr":"","_crsspst_to_jayantr4sg-hostcom":true},"product_brand":[],"product_cat":[5950,236,1229,1253,252,5945,1573,1574,5349],"product_tag":[],"class_list":{"0":"post-428520","1":"product","2":"type-product","3":"status-publish","4":"has-post-thumbnail","6":"product_cat-bridal-necklace","7":"product_cat-collections","8":"product_cat-22ct-gold-jewellery","9":"product_cat-gold-necklaces","10":"product_cat-jali-collections","11":"product_cat-rani-haar","12":"product_cat-wedding-gifts","13":"product_cat-womens-jewellery","14":"product_cat-yellow-gold-jewellery","16":"first","17":"instock","18":"taxable","19":"shipping-taxable","20":"purchasable","21":"product-type-simple","22":"add-to-wishlist-before_image"},"yoast_head":"<!-- This site is optimized with the Yoast SEO plugin v27.4 - https:\/\/yoast.com\/product\/yoast-seo-wordpress\/ -->\n<title>22ct Gold Filigree Do Ladaa Haar Bridal Necklace | PureJewels UK<\/title>\n<meta name=\"description\" content=\"Discover our 22ct gold filigree Do Ladaa Haar bridal necklace. Intricately handcrafted, perfect for weddings and timeless heirloom gifting.\" \/>\n<meta name=\"robots\" content=\"index, follow, max-snippet:-1, max-image-preview:large, max-video-preview:-1\" \/>\n<link rel=\"canonical\" href=\"https:\/\/www.purejewels.com\/de\/produkt-2\/22ct-gold-filigran-tun-ladaa-haar-braut-halskette-50849\/\" \/>\n<meta property=\"og:locale\" content=\"de_DE\" \/>\n<meta property=\"og:type\" content=\"article\" \/>\n<meta property=\"og:title\" content=\"22ct Gold Filigree Do Ladaa Haar Bridal Necklace | PureJewels UK\" \/>\n<meta property=\"og:description\" content=\"Discover our 22ct gold filigree Do Ladaa Haar bridal necklace. Intricately handcrafted, perfect for weddings and timeless heirloom gifting.\" \/>\n<meta property=\"og:url\" content=\"https:\/\/www.purejewels.com\/de\/produkt-2\/22ct-gold-filigran-tun-ladaa-haar-braut-halskette-50849\/\" \/>\n<meta property=\"og:site_name\" content=\"PureJewels UK\" \/>\n<meta property=\"article:modified_time\" content=\"2026-04-16T06:53:10+00:00\" \/>\n<meta property=\"og:image\" content=\"https:\/\/static.purejewels.com\/wp-content\/uploads\/2026\/04\/sku-50849-front.jpg\" \/>\n\t<meta property=\"og:image:width\" content=\"1000\" \/>\n\t<meta property=\"og:image:height\" content=\"1000\" \/>\n\t<meta property=\"og:image:type\" content=\"image\/jpeg\" \/>\n<meta name=\"twitter:card\" content=\"summary_large_image\" \/>\n<meta name=\"twitter:label1\" content=\"Gesch\u00e4tzte Lesezeit\" \/>\n\t<meta name=\"twitter:data1\" content=\"2\u00a0Minuten\" \/>\n<script type=\"application\/ld+json\" class=\"yoast-schema-graph\">{\"@context\":\"https:\\\/\\\/schema.org\",\"@graph\":[{\"@type\":[\"WebPage\",\"ItemPage\"],\"@id\":\"https:\\\/\\\/www.purejewels.com\\\/product\\\/22ct-gold-filigree-do-ladaa-haar-bridal-necklace-50849\\\/\",\"url\":\"https:\\\/\\\/www.purejewels.com\\\/product\\\/22ct-gold-filigree-do-ladaa-haar-bridal-necklace-50849\\\/\",\"name\":\"22ct Gold Filigree Do Ladaa Haar Bridal Necklace | PureJewels UK\",\"isPartOf\":{\"@id\":\"https:\\\/\\\/www.purejewels.com\\\/#website\"},\"primaryImageOfPage\":{\"@id\":\"https:\\\/\\\/www.purejewels.com\\\/product\\\/22ct-gold-filigree-do-ladaa-haar-bridal-necklace-50849\\\/#primaryimage\"},\"image\":{\"@id\":\"https:\\\/\\\/www.purejewels.com\\\/product\\\/22ct-gold-filigree-do-ladaa-haar-bridal-necklace-50849\\\/#primaryimage\"},\"thumbnailUrl\":\"https:\\\/\\\/static.purejewels.com\\\/wp-content\\\/uploads\\\/2026\\\/04\\\/sku-50849-front.jpg\",\"datePublished\":\"2026-01-16T07:39:12+00:00\",\"dateModified\":\"2026-04-16T06:53:10+00:00\",\"description\":\"Discover our 22ct gold filigree Do Ladaa Haar bridal necklace. Intricately handcrafted, perfect for weddings and timeless heirloom gifting.\",\"breadcrumb\":{\"@id\":\"https:\\\/\\\/www.purejewels.com\\\/product\\\/22ct-gold-filigree-do-ladaa-haar-bridal-necklace-50849\\\/#breadcrumb\"},\"inLanguage\":\"de\",\"potentialAction\":[{\"@type\":\"ReadAction\",\"target\":[\"https:\\\/\\\/www.purejewels.com\\\/product\\\/22ct-gold-filigree-do-ladaa-haar-bridal-necklace-50849\\\/\"]}]},{\"@type\":\"ImageObject\",\"inLanguage\":\"de\",\"@id\":\"https:\\\/\\\/www.purejewels.com\\\/product\\\/22ct-gold-filigree-do-ladaa-haar-bridal-necklace-50849\\\/#primaryimage\",\"url\":\"https:\\\/\\\/static.purejewels.com\\\/wp-content\\\/uploads\\\/2026\\\/04\\\/sku-50849-front.jpg\",\"contentUrl\":\"https:\\\/\\\/static.purejewels.com\\\/wp-content\\\/uploads\\\/2026\\\/04\\\/sku-50849-front.jpg\",\"width\":1000,\"height\":1000,\"caption\":\"22ct Gold Filigree Do Ladaa Haar Bridal Necklace\"},{\"@type\":\"BreadcrumbList\",\"@id\":\"https:\\\/\\\/www.purejewels.com\\\/product\\\/22ct-gold-filigree-do-ladaa-haar-bridal-necklace-50849\\\/#breadcrumb\",\"itemListElement\":[{\"@type\":\"ListItem\",\"position\":1,\"name\":\"Home\",\"item\":\"https:\\\/\\\/www.purejewels.com\\\/\"},{\"@type\":\"ListItem\",\"position\":2,\"name\":\"Shop\",\"item\":\"https:\\\/\\\/www.purejewels.com\\\/shop\\\/\"},{\"@type\":\"ListItem\",\"position\":3,\"name\":\"22ct Gold Filigree Do Ladaa Haar | Bridal Necklace\"}]},{\"@type\":\"WebSite\",\"@id\":\"https:\\\/\\\/www.purejewels.com\\\/#website\",\"url\":\"https:\\\/\\\/www.purejewels.com\\\/\",\"name\":\"PureJewels UK\",\"description\":\"Share the Love\",\"publisher\":{\"@id\":\"https:\\\/\\\/www.purejewels.com\\\/#organization\"},\"potentialAction\":[{\"@type\":\"SearchAction\",\"target\":{\"@type\":\"EntryPoint\",\"urlTemplate\":\"https:\\\/\\\/www.purejewels.com\\\/?s={search_term_string}\"},\"query-input\":{\"@type\":\"PropertyValueSpecification\",\"valueRequired\":true,\"valueName\":\"search_term_string\"}}],\"inLanguage\":\"de\"},{\"@type\":\"Organization\",\"@id\":\"https:\\\/\\\/www.purejewels.com\\\/#organization\",\"name\":\"PureJewels UK\",\"url\":\"https:\\\/\\\/www.purejewels.com\\\/\",\"logo\":{\"@type\":\"ImageObject\",\"inLanguage\":\"de\",\"@id\":\"https:\\\/\\\/www.purejewels.com\\\/#\\\/schema\\\/logo\\\/image\\\/\",\"url\":\"https:\\\/\\\/static.purejewels.com\\\/wp-content\\\/uploads\\\/2020\\\/11\\\/Logo-PJ-New-1.png\",\"contentUrl\":\"https:\\\/\\\/static.purejewels.com\\\/wp-content\\\/uploads\\\/2020\\\/11\\\/Logo-PJ-New-1.png\",\"width\":150,\"height\":80,\"caption\":\"PureJewels UK\"},\"image\":{\"@id\":\"https:\\\/\\\/www.purejewels.com\\\/#\\\/schema\\\/logo\\\/image\\\/\"}}]}<\/script>\n<!-- \/ Yoast SEO plugin. -->","yoast_head_json":{"title":"22ct Gold Filigran Do Ladaa Haar Braut Halskette | PureJewels UK","description":"Entdecken Sie unsere filigrane Do Ladaa Haar-Halskette aus 22 Karat Gold. In aufw\u00e4ndiger Handarbeit gefertigt, perfekt f\u00fcr Hochzeiten und zeitlose Erbst\u00fccke zum Verschenken.","robots":{"index":"index","follow":"follow","max-snippet":"max-snippet:-1","max-image-preview":"max-image-preview:large","max-video-preview":"max-video-preview:-1"},"canonical":"https:\/\/www.purejewels.com\/de\/produkt-2\/22ct-gold-filigran-tun-ladaa-haar-braut-halskette-50849\/","og_locale":"de_DE","og_type":"article","og_title":"22ct Gold Filigree Do Ladaa Haar Bridal Necklace | PureJewels UK","og_description":"Discover our 22ct gold filigree Do Ladaa Haar bridal necklace. Intricately handcrafted, perfect for weddings and timeless heirloom gifting.","og_url":"https:\/\/www.purejewels.com\/de\/produkt-2\/22ct-gold-filigran-tun-ladaa-haar-braut-halskette-50849\/","og_site_name":"PureJewels UK","article_modified_time":"2026-04-16T06:53:10+00:00","og_image":[{"width":1000,"height":1000,"url":"https:\/\/static.purejewels.com\/wp-content\/uploads\/2026\/04\/sku-50849-front.jpg","type":"image\/jpeg"}],"twitter_card":"summary_large_image","twitter_misc":{"Gesch\u00e4tzte Lesezeit":"2\u00a0Minuten"},"schema":{"@context":"https:\/\/schema.org","@graph":[{"@type":["WebPage","ItemPage"],"@id":"https:\/\/www.purejewels.com\/product\/22ct-gold-filigree-do-ladaa-haar-bridal-necklace-50849\/","url":"https:\/\/www.purejewels.com\/product\/22ct-gold-filigree-do-ladaa-haar-bridal-necklace-50849\/","name":"22ct Gold Filigran Do Ladaa Haar Braut Halskette | PureJewels UK","isPartOf":{"@id":"https:\/\/www.purejewels.com\/#website"},"primaryImageOfPage":{"@id":"https:\/\/www.purejewels.com\/product\/22ct-gold-filigree-do-ladaa-haar-bridal-necklace-50849\/#primaryimage"},"image":{"@id":"https:\/\/www.purejewels.com\/product\/22ct-gold-filigree-do-ladaa-haar-bridal-necklace-50849\/#primaryimage"},"thumbnailUrl":"https:\/\/static.purejewels.com\/wp-content\/uploads\/2026\/04\/sku-50849-front.jpg","datePublished":"2026-01-16T07:39:12+00:00","dateModified":"2026-04-16T06:53:10+00:00","description":"Entdecken Sie unsere filigrane Do Ladaa Haar-Halskette aus 22 Karat Gold. In aufw\u00e4ndiger Handarbeit gefertigt, perfekt f\u00fcr Hochzeiten und zeitlose Erbst\u00fccke zum Verschenken.","breadcrumb":{"@id":"https:\/\/www.purejewels.com\/product\/22ct-gold-filigree-do-ladaa-haar-bridal-necklace-50849\/#breadcrumb"},"inLanguage":"de","potentialAction":[{"@type":"ReadAction","target":["https:\/\/www.purejewels.com\/product\/22ct-gold-filigree-do-ladaa-haar-bridal-necklace-50849\/"]}]},{"@type":"ImageObject","inLanguage":"de","@id":"https:\/\/www.purejewels.com\/product\/22ct-gold-filigree-do-ladaa-haar-bridal-necklace-50849\/#primaryimage","url":"https:\/\/static.purejewels.com\/wp-content\/uploads\/2026\/04\/sku-50849-front.jpg","contentUrl":"https:\/\/static.purejewels.com\/wp-content\/uploads\/2026\/04\/sku-50849-front.jpg","width":1000,"height":1000,"caption":"22ct Gold Filigree Do Ladaa Haar Bridal Necklace"},{"@type":"BreadcrumbList","@id":"https:\/\/www.purejewels.com\/product\/22ct-gold-filigree-do-ladaa-haar-bridal-necklace-50849\/#breadcrumb","itemListElement":[{"@type":"ListItem","position":1,"name":"Home","item":"https:\/\/www.purejewels.com\/"},{"@type":"ListItem","position":2,"name":"Shop","item":"https:\/\/www.purejewels.com\/shop\/"},{"@type":"ListItem","position":3,"name":"22ct Gold Filigree Do Ladaa Haar | Bridal Necklace"}]},{"@type":"WebSite","@id":"https:\/\/www.purejewels.com\/#website","url":"https:\/\/www.purejewels.com\/","name":"PureJewels UK","description":"Teile die Liebe","publisher":{"@id":"https:\/\/www.purejewels.com\/#organization"},"potentialAction":[{"@type":"SearchAction","target":{"@type":"EntryPoint","urlTemplate":"https:\/\/www.purejewels.com\/?s={search_term_string}"},"query-input":{"@type":"PropertyValueSpecification","valueRequired":true,"valueName":"search_term_string"}}],"inLanguage":"de"},{"@type":"Organization","@id":"https:\/\/www.purejewels.com\/#organization","name":"PureJewels UK","url":"https:\/\/www.purejewels.com\/","logo":{"@type":"ImageObject","inLanguage":"de","@id":"https:\/\/www.purejewels.com\/#\/schema\/logo\/image\/","url":"https:\/\/static.purejewels.com\/wp-content\/uploads\/2020\/11\/Logo-PJ-New-1.png","contentUrl":"https:\/\/static.purejewels.com\/wp-content\/uploads\/2020\/11\/Logo-PJ-New-1.png","width":150,"height":80,"caption":"PureJewels UK"},"image":{"@id":"https:\/\/www.purejewels.com\/#\/schema\/logo\/image\/"}}]}},"_links":{"self":[{"href":"https:\/\/www.purejewels.com\/de\/wp-json\/wp\/v2\/product\/428520","targetHints":{"allow":["GET"]}}],"collection":[{"href":"https:\/\/www.purejewels.com\/de\/wp-json\/wp\/v2\/product"}],"about":[{"href":"https:\/\/www.purejewels.com\/de\/wp-json\/wp\/v2\/types\/product"}],"replies":[{"embeddable":true,"href":"https:\/\/www.purejewels.com\/de\/wp-json\/wp\/v2\/comments?post=428520"}],"version-history":[{"count":1,"href":"https:\/\/www.purejewels.com\/de\/wp-json\/wp\/v2\/product\/428520\/revisions"}],"predecessor-version":[{"id":428524,"href":"https:\/\/www.purejewels.com\/de\/wp-json\/wp\/v2\/product\/428520\/revisions\/428524"}],"wp:featuredmedia":[{"embeddable":true,"href":"https:\/\/www.purejewels.com\/de\/wp-json\/wp\/v2\/media\/428522"}],"wp:attachment":[{"href":"https:\/\/www.purejewels.com\/de\/wp-json\/wp\/v2\/media?parent=428520"}],"wp:term":[{"taxonomy":"product_brand","embeddable":true,"href":"https:\/\/www.purejewels.com\/de\/wp-json\/wp\/v2\/product_brand?post=428520"},{"taxonomy":"product_cat","embeddable":true,"href":"https:\/\/www.purejewels.com\/de\/wp-json\/wp\/v2\/product_cat?post=428520"},{"taxonomy":"product_tag","embeddable":true,"href":"https:\/\/www.purejewels.com\/de\/wp-json\/wp\/v2\/product_tag?post=428520"}],"curies":[{"name":"wp","href":"https:\/\/api.w.org\/{rel}","templated":true}]}}