{"id":428533,"date":"2026-01-16T08:40:37","date_gmt":"2026-01-16T08:40:37","guid":{"rendered":"https:\/\/www.purejewels.com\/?post_type=product&#038;p=428533"},"modified":"2026-04-16T08:49:05","modified_gmt":"2026-04-16T07:49:05","slug":"22k-sunrise-gold-zeitgenossische-poncha-mit-naturlichen-saphiren-51922","status":"publish","type":"product","link":"https:\/\/www.purejewels.com\/de\/product\/22k-sunrise-gold-contemporary-poncha-with-natural-sapphires-51922\/","title":{"rendered":"22k Sunrise Gold Zeitgen\u00f6ssische Poncha mit nat\u00fcrlichen Saphiren"},"content":{"rendered":"<p data-start=\"692\" data-end=\"946\">Der zeitgen\u00f6ssische Poncha aus 22-kar\u00e4tigem Sunrise Gold mit nat\u00fcrlichen Saphiren ist ein anmutiger Ausdruck moderner Eleganz, bei dem feine Handwerkskunst auf flie\u00dfendes Design trifft. Leicht in der Form, aber reich an Details, zelebriert dieses St\u00fcck Individualit\u00e4t durch Farbe und Bewegung.<\/p>\n<p data-start=\"948\" data-end=\"1310\"><strong data-start=\"948\" data-end=\"966\">Designkonzept<\/strong><br data-start=\"966\" data-end=\"969\" \/>Dieser Poncha mit zartem, vertikalem Fall schafft eine weiche, verl\u00e4ngerte Silhouette, die das Dekollet\u00e9 mit unaufdringlicher Raffinesse betont. Nat\u00fcrliche, mehrfarbige Saphire sind sorgf\u00e4ltig entlang der Kette verteilt, wobei jeder Edelstein seinen eigenen Farbton und Charakter mitbringt - ein Symbol f\u00fcr Vielfalt, Harmonie und die Sch\u00f6nheit der vielen Momente des Lebens.<\/p>\n<p data-start=\"1312\" data-end=\"1466\">Die sanfte Kaskade der herabh\u00e4ngenden Kette, die mit einer subtilen Quaste abschlie\u00dft, bringt Bewegung und Rhythmus ins Spiel und verleiht dem Schmuckst\u00fcck einen modernen und zugleich zeitlosen Charakter.<\/p>\n<p data-start=\"1468\" data-end=\"1808\"><strong data-start=\"1468\" data-end=\"1485\">Handwerkliches K\u00f6nnen<\/strong><br data-start=\"1485\" data-end=\"1488\" \/>Dieser Poncha aus strahlendem 22-kar\u00e4tigem Sunrise Gold spiegelt das Engagement von PureJewels f\u00fcr raffinierte Kunstfertigkeit wider. Jeder Saphir wird sorgf\u00e4ltig ausgew\u00e4hlt und eingefasst, um seine nat\u00fcrliche Sch\u00f6nheit hervorzuheben und gleichzeitig seine Haltbarkeit zu gew\u00e4hrleisten. Die feine Kette und die filigrane Montage sind sorgf\u00e4ltig konstruiert, um das Gleichgewicht, die Geschmeidigkeit und den Komfort zu erhalten.<\/p>\n<p data-start=\"1810\" data-end=\"1922\">Dieses St\u00fcck ist mit einem Echtheitszertifikat versehen und entspricht den h\u00f6chsten Standards f\u00fcr Goldreinheit und Edelsteinverarbeitung.<\/p>\n<p data-start=\"1924\" data-end=\"2221\"><strong data-start=\"1924\" data-end=\"1941\">Styling-Ideen<\/strong><br data-start=\"1941\" data-end=\"1944\" \/>Diese Poncha eignet sich perfekt f\u00fcr moderne Anl\u00e4sse, f\u00fcr die Abendgarderobe oder f\u00fcr ein elegantes Styling am Tag und l\u00e4sst sich wunderbar mit westlichen und traditionellen Outfits kombinieren. Tragen Sie sie als Einzelst\u00fcck f\u00fcr einen minimalistischen, modernen Look oder kombinieren Sie sie mit k\u00fcrzeren Halsketten, um Tiefe und Kontrast zu erzeugen.<\/p>\n<p data-start=\"2223\" data-end=\"2314\" data-is-last-node=\"\" data-is-only-node=\"\">Ein zartes und doch unverwechselbares St\u00fcck, das sich mit Ihnen bewegt und Ihre einzigartige Reise widerspiegelt.<\/p>","protected":false},"excerpt":{"rendered":"<div class=\"btn-atc atc-slide\">\n<p>Ein raffinierter 22k Sunrise Gold Poncha mit nat\u00fcrlichen mehrfarbigen Saphiren in einem modernen Tropfen-Design. Leicht, elegant und perfekt f\u00fcr moderne Anl\u00e4sse.<\/p>\n<p><strong>Material:<\/strong> 22ct Sonnenaufgang Gold<br \/>\n<strong>Reinheit: <\/strong>91.6% reines Gold<strong><br \/>\n<strong>Wahrzeichen: <\/strong><\/strong>Britisches G\u00fctesiegel<strong><strong><br \/>\n<strong>Edelstein: <\/strong><\/strong><\/strong>Nat\u00fcrliche mehrfarbige Saphire<br \/>\n<strong><strong><strong>Edelstein Gewicht: <\/strong><\/strong><\/strong>2,84ct gesamt<strong><strong><strong><strong><strong><br \/>\n<strong>Bruttogewicht: <\/strong><\/strong><\/strong><\/strong><\/strong><\/strong>3.9 Gms<strong><strong><strong><strong><strong><br \/>\n<strong>SKU: <\/strong><\/strong><\/strong><\/strong><\/strong><\/strong>51922<strong><strong><strong><strong><strong><br \/>\n<strong>L\u00e4nge: <\/strong><\/strong><\/strong><\/strong><\/strong><\/strong>7 Zoll<\/p>\n<p><strong>Preis und Lieferung:<\/strong>\u00a0Inklusive Mehrwertsteuer und Lieferkosten<br \/>\n<a href=\"https:\/\/www.purejewels.com\/de\/ruckgabepolitik\/\">R\u00fcckgabepolitik<\/a><\/p>\n<\/div>\n<div class=\"product_meta\"><\/div>","protected":false},"featured_media":428534,"comment_status":"closed","ping_status":"closed","template":"","meta":{"_eb_attr":"","_crsspst_to_jayantr4sg-hostcom":false},"product_brand":[],"product_cat":[1791,6009,5699,1229,1718,5752,1573,1574],"product_tag":[1430],"class_list":{"0":"post-428533","1":"product","2":"type-product","3":"status-publish","4":"has-post-thumbnail","6":"product_cat-anniversary-gifts","7":"product_cat-bracelet-poncha","8":"product_cat-coloured-gemstone-jewellery","9":"product_cat-22ct-gold-jewellery","10":"product_cat-ladies-poncha","11":"product_cat-gold-sapphire-jewellery","12":"product_cat-wedding-gifts","13":"product_cat-womens-jewellery","14":"product_tag-diwali-gift","16":"first","17":"onbackorder","18":"taxable","19":"shipping-taxable","20":"product-type-simple","21":"add-to-wishlist-before_image"},"yoast_head":"<!-- This site is optimized with the Yoast SEO plugin v27.4 - https:\/\/yoast.com\/product\/yoast-seo-wordpress\/ -->\n<title>Shop 22k Sunrise Gold Poncha with Natural Sapphires<\/title>\n<meta name=\"description\" content=\"Discover a 22k Sunrise Gold contemporary poncha with natural multi-colour sapphires. Elegant, handcrafted design perfect for modern styling.\" \/>\n<meta name=\"robots\" content=\"index, follow, max-snippet:-1, max-image-preview:large, max-video-preview:-1\" \/>\n<link rel=\"canonical\" href=\"https:\/\/www.purejewels.com\/de\/produkt-2\/22k-sunrise-gold-zeitgenossische-poncha-mit-naturlichen-saphiren-51922\/\" \/>\n<meta property=\"og:locale\" content=\"de_DE\" \/>\n<meta property=\"og:type\" content=\"article\" \/>\n<meta property=\"og:title\" content=\"Shop 22k Sunrise Gold Poncha with Natural Sapphires\" \/>\n<meta property=\"og:description\" content=\"Discover a 22k Sunrise Gold contemporary poncha with natural multi-colour sapphires. Elegant, handcrafted design perfect for modern styling.\" \/>\n<meta property=\"og:url\" content=\"https:\/\/www.purejewels.com\/de\/produkt-2\/22k-sunrise-gold-zeitgenossische-poncha-mit-naturlichen-saphiren-51922\/\" \/>\n<meta property=\"og:site_name\" content=\"PureJewels UK\" \/>\n<meta property=\"article:modified_time\" content=\"2026-04-16T07:49:05+00:00\" \/>\n<meta property=\"og:image\" content=\"https:\/\/static.purejewels.com\/wp-content\/uploads\/2026\/04\/SKU-51922-FRONT.jpg\" \/>\n\t<meta property=\"og:image:width\" content=\"1000\" \/>\n\t<meta property=\"og:image:height\" content=\"1000\" \/>\n\t<meta property=\"og:image:type\" content=\"image\/jpeg\" \/>\n<meta name=\"twitter:card\" content=\"summary_large_image\" \/>\n<meta name=\"twitter:label1\" content=\"Gesch\u00e4tzte Lesezeit\" \/>\n\t<meta name=\"twitter:data1\" content=\"2\u00a0Minuten\" \/>\n<script type=\"application\/ld+json\" class=\"yoast-schema-graph\">{\"@context\":\"https:\\\/\\\/schema.org\",\"@graph\":[{\"@type\":[\"WebPage\",\"ItemPage\"],\"@id\":\"https:\\\/\\\/www.purejewels.com\\\/product\\\/22k-sunrise-gold-contemporary-poncha-with-natural-sapphires-51922\\\/\",\"url\":\"https:\\\/\\\/www.purejewels.com\\\/product\\\/22k-sunrise-gold-contemporary-poncha-with-natural-sapphires-51922\\\/\",\"name\":\"Shop 22k Sunrise Gold Poncha with Natural Sapphires\",\"isPartOf\":{\"@id\":\"https:\\\/\\\/www.purejewels.com\\\/#website\"},\"primaryImageOfPage\":{\"@id\":\"https:\\\/\\\/www.purejewels.com\\\/product\\\/22k-sunrise-gold-contemporary-poncha-with-natural-sapphires-51922\\\/#primaryimage\"},\"image\":{\"@id\":\"https:\\\/\\\/www.purejewels.com\\\/product\\\/22k-sunrise-gold-contemporary-poncha-with-natural-sapphires-51922\\\/#primaryimage\"},\"thumbnailUrl\":\"https:\\\/\\\/static.purejewels.com\\\/wp-content\\\/uploads\\\/2026\\\/04\\\/SKU-51922-FRONT.jpg\",\"datePublished\":\"2026-01-16T08:40:37+00:00\",\"dateModified\":\"2026-04-16T07:49:05+00:00\",\"description\":\"Discover a 22k Sunrise Gold contemporary poncha with natural multi-colour sapphires. Elegant, handcrafted design perfect for modern styling.\",\"breadcrumb\":{\"@id\":\"https:\\\/\\\/www.purejewels.com\\\/product\\\/22k-sunrise-gold-contemporary-poncha-with-natural-sapphires-51922\\\/#breadcrumb\"},\"inLanguage\":\"de\",\"potentialAction\":[{\"@type\":\"ReadAction\",\"target\":[\"https:\\\/\\\/www.purejewels.com\\\/product\\\/22k-sunrise-gold-contemporary-poncha-with-natural-sapphires-51922\\\/\"]}]},{\"@type\":\"ImageObject\",\"inLanguage\":\"de\",\"@id\":\"https:\\\/\\\/www.purejewels.com\\\/product\\\/22k-sunrise-gold-contemporary-poncha-with-natural-sapphires-51922\\\/#primaryimage\",\"url\":\"https:\\\/\\\/static.purejewels.com\\\/wp-content\\\/uploads\\\/2026\\\/04\\\/SKU-51922-FRONT.jpg\",\"contentUrl\":\"https:\\\/\\\/static.purejewels.com\\\/wp-content\\\/uploads\\\/2026\\\/04\\\/SKU-51922-FRONT.jpg\",\"width\":1000,\"height\":1000,\"caption\":\"Stacked from 9 images. Method=B (R=8,S=4)\"},{\"@type\":\"BreadcrumbList\",\"@id\":\"https:\\\/\\\/www.purejewels.com\\\/product\\\/22k-sunrise-gold-contemporary-poncha-with-natural-sapphires-51922\\\/#breadcrumb\",\"itemListElement\":[{\"@type\":\"ListItem\",\"position\":1,\"name\":\"Home\",\"item\":\"https:\\\/\\\/www.purejewels.com\\\/\"},{\"@type\":\"ListItem\",\"position\":2,\"name\":\"Shop\",\"item\":\"https:\\\/\\\/www.purejewels.com\\\/shop\\\/\"},{\"@type\":\"ListItem\",\"position\":3,\"name\":\"22k Sunrise Gold Contemporary Poncha with Natural Sapphires\"}]},{\"@type\":\"WebSite\",\"@id\":\"https:\\\/\\\/www.purejewels.com\\\/#website\",\"url\":\"https:\\\/\\\/www.purejewels.com\\\/\",\"name\":\"PureJewels UK\",\"description\":\"Share the Love\",\"publisher\":{\"@id\":\"https:\\\/\\\/www.purejewels.com\\\/#organization\"},\"potentialAction\":[{\"@type\":\"SearchAction\",\"target\":{\"@type\":\"EntryPoint\",\"urlTemplate\":\"https:\\\/\\\/www.purejewels.com\\\/?s={search_term_string}\"},\"query-input\":{\"@type\":\"PropertyValueSpecification\",\"valueRequired\":true,\"valueName\":\"search_term_string\"}}],\"inLanguage\":\"de\"},{\"@type\":\"Organization\",\"@id\":\"https:\\\/\\\/www.purejewels.com\\\/#organization\",\"name\":\"PureJewels UK\",\"url\":\"https:\\\/\\\/www.purejewels.com\\\/\",\"logo\":{\"@type\":\"ImageObject\",\"inLanguage\":\"de\",\"@id\":\"https:\\\/\\\/www.purejewels.com\\\/#\\\/schema\\\/logo\\\/image\\\/\",\"url\":\"https:\\\/\\\/static.purejewels.com\\\/wp-content\\\/uploads\\\/2020\\\/11\\\/Logo-PJ-New-1.png\",\"contentUrl\":\"https:\\\/\\\/static.purejewels.com\\\/wp-content\\\/uploads\\\/2020\\\/11\\\/Logo-PJ-New-1.png\",\"width\":150,\"height\":80,\"caption\":\"PureJewels UK\"},\"image\":{\"@id\":\"https:\\\/\\\/www.purejewels.com\\\/#\\\/schema\\\/logo\\\/image\\\/\"}}]}<\/script>\n<!-- \/ Yoast SEO plugin. -->","yoast_head_json":{"title":"Shop 22k Sunrise Gold Poncha mit nat\u00fcrlichen Saphiren","description":"Entdecken Sie einen zeitgen\u00f6ssischen Poncha aus 22k Sunrise Gold mit nat\u00fcrlichen mehrfarbigen Saphiren. Elegantes, handgefertigtes Design, perfekt f\u00fcr modernes Styling.","robots":{"index":"index","follow":"follow","max-snippet":"max-snippet:-1","max-image-preview":"max-image-preview:large","max-video-preview":"max-video-preview:-1"},"canonical":"https:\/\/www.purejewels.com\/de\/produkt-2\/22k-sunrise-gold-zeitgenossische-poncha-mit-naturlichen-saphiren-51922\/","og_locale":"de_DE","og_type":"article","og_title":"Shop 22k Sunrise Gold Poncha with Natural Sapphires","og_description":"Discover a 22k Sunrise Gold contemporary poncha with natural multi-colour sapphires. Elegant, handcrafted design perfect for modern styling.","og_url":"https:\/\/www.purejewels.com\/de\/produkt-2\/22k-sunrise-gold-zeitgenossische-poncha-mit-naturlichen-saphiren-51922\/","og_site_name":"PureJewels UK","article_modified_time":"2026-04-16T07:49:05+00:00","og_image":[{"width":1000,"height":1000,"url":"https:\/\/static.purejewels.com\/wp-content\/uploads\/2026\/04\/SKU-51922-FRONT.jpg","type":"image\/jpeg"}],"twitter_card":"summary_large_image","twitter_misc":{"Gesch\u00e4tzte Lesezeit":"2\u00a0Minuten"},"schema":{"@context":"https:\/\/schema.org","@graph":[{"@type":["WebPage","ItemPage"],"@id":"https:\/\/www.purejewels.com\/product\/22k-sunrise-gold-contemporary-poncha-with-natural-sapphires-51922\/","url":"https:\/\/www.purejewels.com\/product\/22k-sunrise-gold-contemporary-poncha-with-natural-sapphires-51922\/","name":"Shop 22k Sunrise Gold Poncha mit nat\u00fcrlichen Saphiren","isPartOf":{"@id":"https:\/\/www.purejewels.com\/#website"},"primaryImageOfPage":{"@id":"https:\/\/www.purejewels.com\/product\/22k-sunrise-gold-contemporary-poncha-with-natural-sapphires-51922\/#primaryimage"},"image":{"@id":"https:\/\/www.purejewels.com\/product\/22k-sunrise-gold-contemporary-poncha-with-natural-sapphires-51922\/#primaryimage"},"thumbnailUrl":"https:\/\/static.purejewels.com\/wp-content\/uploads\/2026\/04\/SKU-51922-FRONT.jpg","datePublished":"2026-01-16T08:40:37+00:00","dateModified":"2026-04-16T07:49:05+00:00","description":"Entdecken Sie einen zeitgen\u00f6ssischen Poncha aus 22k Sunrise Gold mit nat\u00fcrlichen mehrfarbigen Saphiren. Elegantes, handgefertigtes Design, perfekt f\u00fcr modernes Styling.","breadcrumb":{"@id":"https:\/\/www.purejewels.com\/product\/22k-sunrise-gold-contemporary-poncha-with-natural-sapphires-51922\/#breadcrumb"},"inLanguage":"de","potentialAction":[{"@type":"ReadAction","target":["https:\/\/www.purejewels.com\/product\/22k-sunrise-gold-contemporary-poncha-with-natural-sapphires-51922\/"]}]},{"@type":"ImageObject","inLanguage":"de","@id":"https:\/\/www.purejewels.com\/product\/22k-sunrise-gold-contemporary-poncha-with-natural-sapphires-51922\/#primaryimage","url":"https:\/\/static.purejewels.com\/wp-content\/uploads\/2026\/04\/SKU-51922-FRONT.jpg","contentUrl":"https:\/\/static.purejewels.com\/wp-content\/uploads\/2026\/04\/SKU-51922-FRONT.jpg","width":1000,"height":1000,"caption":"Stacked from 9 images. Method=B (R=8,S=4)"},{"@type":"BreadcrumbList","@id":"https:\/\/www.purejewels.com\/product\/22k-sunrise-gold-contemporary-poncha-with-natural-sapphires-51922\/#breadcrumb","itemListElement":[{"@type":"ListItem","position":1,"name":"Home","item":"https:\/\/www.purejewels.com\/"},{"@type":"ListItem","position":2,"name":"Shop","item":"https:\/\/www.purejewels.com\/shop\/"},{"@type":"ListItem","position":3,"name":"22k Sunrise Gold Contemporary Poncha with Natural Sapphires"}]},{"@type":"WebSite","@id":"https:\/\/www.purejewels.com\/#website","url":"https:\/\/www.purejewels.com\/","name":"PureJewels UK","description":"Teile die Liebe","publisher":{"@id":"https:\/\/www.purejewels.com\/#organization"},"potentialAction":[{"@type":"SearchAction","target":{"@type":"EntryPoint","urlTemplate":"https:\/\/www.purejewels.com\/?s={search_term_string}"},"query-input":{"@type":"PropertyValueSpecification","valueRequired":true,"valueName":"search_term_string"}}],"inLanguage":"de"},{"@type":"Organization","@id":"https:\/\/www.purejewels.com\/#organization","name":"PureJewels UK","url":"https:\/\/www.purejewels.com\/","logo":{"@type":"ImageObject","inLanguage":"de","@id":"https:\/\/www.purejewels.com\/#\/schema\/logo\/image\/","url":"https:\/\/static.purejewels.com\/wp-content\/uploads\/2020\/11\/Logo-PJ-New-1.png","contentUrl":"https:\/\/static.purejewels.com\/wp-content\/uploads\/2020\/11\/Logo-PJ-New-1.png","width":150,"height":80,"caption":"PureJewels UK"},"image":{"@id":"https:\/\/www.purejewels.com\/#\/schema\/logo\/image\/"}}]}},"_links":{"self":[{"href":"https:\/\/www.purejewels.com\/de\/wp-json\/wp\/v2\/product\/428533","targetHints":{"allow":["GET"]}}],"collection":[{"href":"https:\/\/www.purejewels.com\/de\/wp-json\/wp\/v2\/product"}],"about":[{"href":"https:\/\/www.purejewels.com\/de\/wp-json\/wp\/v2\/types\/product"}],"replies":[{"embeddable":true,"href":"https:\/\/www.purejewels.com\/de\/wp-json\/wp\/v2\/comments?post=428533"}],"version-history":[{"count":1,"href":"https:\/\/www.purejewels.com\/de\/wp-json\/wp\/v2\/product\/428533\/revisions"}],"predecessor-version":[{"id":428537,"href":"https:\/\/www.purejewels.com\/de\/wp-json\/wp\/v2\/product\/428533\/revisions\/428537"}],"wp:featuredmedia":[{"embeddable":true,"href":"https:\/\/www.purejewels.com\/de\/wp-json\/wp\/v2\/media\/428534"}],"wp:attachment":[{"href":"https:\/\/www.purejewels.com\/de\/wp-json\/wp\/v2\/media?parent=428533"}],"wp:term":[{"taxonomy":"product_brand","embeddable":true,"href":"https:\/\/www.purejewels.com\/de\/wp-json\/wp\/v2\/product_brand?post=428533"},{"taxonomy":"product_cat","embeddable":true,"href":"https:\/\/www.purejewels.com\/de\/wp-json\/wp\/v2\/product_cat?post=428533"},{"taxonomy":"product_tag","embeddable":true,"href":"https:\/\/www.purejewels.com\/de\/wp-json\/wp\/v2\/product_tag?post=428533"}],"curies":[{"name":"wp","href":"https:\/\/api.w.org\/{rel}","templated":true}]}}