{"id":428575,"date":"2026-01-16T10:51:15","date_gmt":"2026-01-16T10:51:15","guid":{"rendered":"https:\/\/www.purejewels.com\/?post_type=product&#038;p=428575"},"modified":"2026-04-16T11:13:25","modified_gmt":"2026-04-16T10:13:25","slug":"22ct-gold-filigrane-lange-rani-haar-halskette-50762","status":"publish","type":"product","link":"https:\/\/www.purejewels.com\/de\/product\/22ct-gold-filigree-long-rani-haar-necklace-50762\/","title":{"rendered":"Filigrane lange Rani-Haar-Kette aus 22 Karat Gold"},"content":{"rendered":"<p data-start=\"959\" data-end=\"1238\"><strong data-start=\"959\" data-end=\"977\">Designkonzept<\/strong><br data-start=\"977\" data-end=\"980\" \/>Die lange, flie\u00dfende Struktur des Rani-Haars symbolisiert Anmut und Statur und wird traditionell getragen, um den Reichtum der Brautgarderobe zu unterstreichen. Dieses Design zeichnet sich durch fein geschichtete Ketten aus, die in einen kunstvollen, filigran gearbeiteten Anh\u00e4nger in der Mitte m\u00fcnden.<\/p>\n<p data-start=\"1240\" data-end=\"1496\">Die detaillierten Muster des Anh\u00e4ngers bilden einen zarten Wandteppich aus Gold, w\u00e4hrend die kaskadenf\u00f6rmigen Elemente f\u00fcr Bewegung und Tiefe sorgen. Akzentuiert durch symmetrische Motive entlang der Kette, erreicht die Kette ein harmonisches Gleichgewicht zwischen k\u00fchner Pr\u00e4senz und raffinierter Kunstfertigkeit.<\/p>\n<p data-start=\"1498\" data-end=\"1826\"><strong data-start=\"1498\" data-end=\"1515\">Handwerkliches K\u00f6nnen<\/strong><br data-start=\"1515\" data-end=\"1518\" \/>Dieses in Handarbeit aus luxuri\u00f6sem 22-kar\u00e4tigem Gold gefertigte Schmuckst\u00fcck ist ein Meisterwerk der Filigrantechnik - eine uralte Technik, bei der feine Golddr\u00e4hte aufw\u00e4ndig geformt und verschmolzen werden, um spitzenartige Muster zu schaffen. Jedes Element wird sorgf\u00e4ltig zusammengesetzt, um Pr\u00e4zision, Langlebigkeit und eine luftige Eleganz trotz seines reichen Aussehens zu gew\u00e4hrleisten.<\/p>\n<p data-start=\"1828\" data-end=\"1975\">Die mit einem Echtheitszertifikat versehene Halskette spiegelt das Engagement von PureJewels f\u00fcr hervorragende Qualit\u00e4t wider und bewahrt die traditionelle Handwerkskunst f\u00fcr k\u00fcnftige Generationen.<\/p>\n<p data-start=\"1977\" data-end=\"2254\"><strong data-start=\"1977\" data-end=\"1994\">Styling-Ideen<\/strong><br data-start=\"1994\" data-end=\"1997\" \/>Dieses Rani-Haar eignet sich perfekt f\u00fcr Hochzeiten, festliche Anl\u00e4sse und gro\u00dfe Feiern und l\u00e4sst sich wunderbar mit Lehengas, Sarees und traditionellen Ensembles kombinieren. Es kann als eigenst\u00e4ndiges Schmuckst\u00fcck gestylt werden oder mit k\u00fcrzeren Halsketten f\u00fcr einen klassischen Brautlook kombiniert werden.<\/p>\n<p data-start=\"2256\" data-end=\"2377\" data-is-last-node=\"\" data-is-only-node=\"\">Ein zeitloses Erbst\u00fcck - gefertigt, um die wichtigsten Momente des Lebens zu feiern und als Symbol f\u00fcr Verm\u00e4chtnis und Liebe weitergegeben zu werden.<\/p>","protected":false},"excerpt":{"rendered":"<p>Eine exquisite, filigrane, lange Rani-Haar-Halskette aus 22-kar\u00e4tigem Gold mit aufw\u00e4ndigen Details und einem anmutigen, l\u00e4nglichen Design. Perfekt f\u00fcr Braut und Anlass tragen.<\/p>\n<p><strong>Material:<\/strong> 22ct Gold (91,6% reines Gold)<strong><br \/>\nWahrzeichen:\u00a0<\/strong>Britisches G\u00fctesiegel<strong><br \/>\n<\/strong><strong>Bruttogewicht: <\/strong>38,30 Gramm<br \/>\n<strong>L\u00e4nge: <\/strong>27,5 Zoll<br \/>\n<strong>SKU:<\/strong> 50762<\/p>\n<p><strong>Preis und Lieferung<\/strong>: Inklusive Mehrwertsteuer und Lieferkosten<br \/>\n<a href=\"https:\/\/www.purejewels.com\/de\/ruckgabepolitik\/\">R\u00fcckgabepolitik<\/a><\/p>","protected":false},"featured_media":428576,"comment_status":"closed","ping_status":"closed","template":"","meta":{"_eb_attr":"","_crsspst_to_jayantr4sg-hostcom":true},"product_brand":[],"product_cat":[5950,236,1229,1253,252,5945,1573,1574,5349],"product_tag":[],"class_list":{"0":"post-428575","1":"product","2":"type-product","3":"status-publish","4":"has-post-thumbnail","6":"product_cat-bridal-necklace","7":"product_cat-collections","8":"product_cat-22ct-gold-jewellery","9":"product_cat-gold-necklaces","10":"product_cat-jali-collections","11":"product_cat-rani-haar","12":"product_cat-wedding-gifts","13":"product_cat-womens-jewellery","14":"product_cat-yellow-gold-jewellery","16":"first","17":"instock","18":"taxable","19":"shipping-taxable","20":"purchasable","21":"product-type-simple","22":"add-to-wishlist-before_image"},"yoast_head":"<!-- This site is optimized with the Yoast SEO plugin v27.4 - https:\/\/yoast.com\/product\/yoast-seo-wordpress\/ -->\n<title>22ct Gold Filigree Long Rani Haar Necklace | PureJewels London<\/title>\n<meta name=\"description\" content=\"Discover our 22ct gold filigree long Rani Haar necklace. Intricately handcrafted, perfect for bridal wear and timeless heirloom jewellery.\" \/>\n<meta name=\"robots\" content=\"index, follow, max-snippet:-1, max-image-preview:large, max-video-preview:-1\" \/>\n<link rel=\"canonical\" href=\"https:\/\/www.purejewels.com\/de\/produkt-2\/22ct-gold-filigrane-lange-rani-haar-halskette-50762\/\" \/>\n<meta property=\"og:locale\" content=\"de_DE\" \/>\n<meta property=\"og:type\" content=\"article\" \/>\n<meta property=\"og:title\" content=\"22ct Gold Filigree Long Rani Haar Necklace | PureJewels London\" \/>\n<meta property=\"og:description\" content=\"Discover our 22ct gold filigree long Rani Haar necklace. Intricately handcrafted, perfect for bridal wear and timeless heirloom jewellery.\" \/>\n<meta property=\"og:url\" content=\"https:\/\/www.purejewels.com\/de\/produkt-2\/22ct-gold-filigrane-lange-rani-haar-halskette-50762\/\" \/>\n<meta property=\"og:site_name\" content=\"PureJewels UK\" \/>\n<meta property=\"article:modified_time\" content=\"2026-04-16T10:13:25+00:00\" \/>\n<meta property=\"og:image\" content=\"https:\/\/static.purejewels.com\/wp-content\/uploads\/2026\/04\/sku-50762-front.jpg\" \/>\n\t<meta property=\"og:image:width\" content=\"1000\" \/>\n\t<meta property=\"og:image:height\" content=\"1000\" \/>\n\t<meta property=\"og:image:type\" content=\"image\/jpeg\" \/>\n<meta name=\"twitter:card\" content=\"summary_large_image\" \/>\n<meta name=\"twitter:label1\" content=\"Gesch\u00e4tzte Lesezeit\" \/>\n\t<meta name=\"twitter:data1\" content=\"2\u00a0Minuten\" \/>\n<script type=\"application\/ld+json\" class=\"yoast-schema-graph\">{\"@context\":\"https:\\\/\\\/schema.org\",\"@graph\":[{\"@type\":[\"WebPage\",\"ItemPage\"],\"@id\":\"https:\\\/\\\/www.purejewels.com\\\/product\\\/22ct-gold-filigree-long-rani-haar-necklace-50762\\\/\",\"url\":\"https:\\\/\\\/www.purejewels.com\\\/product\\\/22ct-gold-filigree-long-rani-haar-necklace-50762\\\/\",\"name\":\"22ct Gold Filigree Long Rani Haar Necklace | PureJewels London\",\"isPartOf\":{\"@id\":\"https:\\\/\\\/www.purejewels.com\\\/#website\"},\"primaryImageOfPage\":{\"@id\":\"https:\\\/\\\/www.purejewels.com\\\/product\\\/22ct-gold-filigree-long-rani-haar-necklace-50762\\\/#primaryimage\"},\"image\":{\"@id\":\"https:\\\/\\\/www.purejewels.com\\\/product\\\/22ct-gold-filigree-long-rani-haar-necklace-50762\\\/#primaryimage\"},\"thumbnailUrl\":\"https:\\\/\\\/static.purejewels.com\\\/wp-content\\\/uploads\\\/2026\\\/04\\\/sku-50762-front.jpg\",\"datePublished\":\"2026-01-16T10:51:15+00:00\",\"dateModified\":\"2026-04-16T10:13:25+00:00\",\"description\":\"Discover our 22ct gold filigree long Rani Haar necklace. Intricately handcrafted, perfect for bridal wear and timeless heirloom jewellery.\",\"breadcrumb\":{\"@id\":\"https:\\\/\\\/www.purejewels.com\\\/product\\\/22ct-gold-filigree-long-rani-haar-necklace-50762\\\/#breadcrumb\"},\"inLanguage\":\"de\",\"potentialAction\":[{\"@type\":\"ReadAction\",\"target\":[\"https:\\\/\\\/www.purejewels.com\\\/product\\\/22ct-gold-filigree-long-rani-haar-necklace-50762\\\/\"]}]},{\"@type\":\"ImageObject\",\"inLanguage\":\"de\",\"@id\":\"https:\\\/\\\/www.purejewels.com\\\/product\\\/22ct-gold-filigree-long-rani-haar-necklace-50762\\\/#primaryimage\",\"url\":\"https:\\\/\\\/static.purejewels.com\\\/wp-content\\\/uploads\\\/2026\\\/04\\\/sku-50762-front.jpg\",\"contentUrl\":\"https:\\\/\\\/static.purejewels.com\\\/wp-content\\\/uploads\\\/2026\\\/04\\\/sku-50762-front.jpg\",\"width\":1000,\"height\":1000,\"caption\":\"Stacked from 8 images. Method=B (R=8,S=4)\"},{\"@type\":\"BreadcrumbList\",\"@id\":\"https:\\\/\\\/www.purejewels.com\\\/product\\\/22ct-gold-filigree-long-rani-haar-necklace-50762\\\/#breadcrumb\",\"itemListElement\":[{\"@type\":\"ListItem\",\"position\":1,\"name\":\"Home\",\"item\":\"https:\\\/\\\/www.purejewels.com\\\/\"},{\"@type\":\"ListItem\",\"position\":2,\"name\":\"Shop\",\"item\":\"https:\\\/\\\/www.purejewels.com\\\/shop\\\/\"},{\"@type\":\"ListItem\",\"position\":3,\"name\":\"22ct Gold Filigree Long Rani Haar Necklace\"}]},{\"@type\":\"WebSite\",\"@id\":\"https:\\\/\\\/www.purejewels.com\\\/#website\",\"url\":\"https:\\\/\\\/www.purejewels.com\\\/\",\"name\":\"PureJewels UK\",\"description\":\"Share the Love\",\"publisher\":{\"@id\":\"https:\\\/\\\/www.purejewels.com\\\/#organization\"},\"potentialAction\":[{\"@type\":\"SearchAction\",\"target\":{\"@type\":\"EntryPoint\",\"urlTemplate\":\"https:\\\/\\\/www.purejewels.com\\\/?s={search_term_string}\"},\"query-input\":{\"@type\":\"PropertyValueSpecification\",\"valueRequired\":true,\"valueName\":\"search_term_string\"}}],\"inLanguage\":\"de\"},{\"@type\":\"Organization\",\"@id\":\"https:\\\/\\\/www.purejewels.com\\\/#organization\",\"name\":\"PureJewels UK\",\"url\":\"https:\\\/\\\/www.purejewels.com\\\/\",\"logo\":{\"@type\":\"ImageObject\",\"inLanguage\":\"de\",\"@id\":\"https:\\\/\\\/www.purejewels.com\\\/#\\\/schema\\\/logo\\\/image\\\/\",\"url\":\"https:\\\/\\\/static.purejewels.com\\\/wp-content\\\/uploads\\\/2020\\\/11\\\/Logo-PJ-New-1.png\",\"contentUrl\":\"https:\\\/\\\/static.purejewels.com\\\/wp-content\\\/uploads\\\/2020\\\/11\\\/Logo-PJ-New-1.png\",\"width\":150,\"height\":80,\"caption\":\"PureJewels UK\"},\"image\":{\"@id\":\"https:\\\/\\\/www.purejewels.com\\\/#\\\/schema\\\/logo\\\/image\\\/\"}}]}<\/script>\n<!-- \/ Yoast SEO plugin. -->","yoast_head_json":{"title":"22ct Gold Filigran lange Rani Haar Halskette | PureJewels London","description":"Entdecken Sie unsere filigrane lange Rani-Haar-Kette aus 22 Karat Gold. In aufw\u00e4ndiger Handarbeit gefertigt, perfekt f\u00fcr Brautmode und zeitlosen Erbst\u00fcckschmuck.","robots":{"index":"index","follow":"follow","max-snippet":"max-snippet:-1","max-image-preview":"max-image-preview:large","max-video-preview":"max-video-preview:-1"},"canonical":"https:\/\/www.purejewels.com\/de\/produkt-2\/22ct-gold-filigrane-lange-rani-haar-halskette-50762\/","og_locale":"de_DE","og_type":"article","og_title":"22ct Gold Filigree Long Rani Haar Necklace | PureJewels London","og_description":"Discover our 22ct gold filigree long Rani Haar necklace. Intricately handcrafted, perfect for bridal wear and timeless heirloom jewellery.","og_url":"https:\/\/www.purejewels.com\/de\/produkt-2\/22ct-gold-filigrane-lange-rani-haar-halskette-50762\/","og_site_name":"PureJewels UK","article_modified_time":"2026-04-16T10:13:25+00:00","og_image":[{"width":1000,"height":1000,"url":"https:\/\/static.purejewels.com\/wp-content\/uploads\/2026\/04\/sku-50762-front.jpg","type":"image\/jpeg"}],"twitter_card":"summary_large_image","twitter_misc":{"Gesch\u00e4tzte Lesezeit":"2\u00a0Minuten"},"schema":{"@context":"https:\/\/schema.org","@graph":[{"@type":["WebPage","ItemPage"],"@id":"https:\/\/www.purejewels.com\/product\/22ct-gold-filigree-long-rani-haar-necklace-50762\/","url":"https:\/\/www.purejewels.com\/product\/22ct-gold-filigree-long-rani-haar-necklace-50762\/","name":"22ct Gold Filigran lange Rani Haar Halskette | PureJewels London","isPartOf":{"@id":"https:\/\/www.purejewels.com\/#website"},"primaryImageOfPage":{"@id":"https:\/\/www.purejewels.com\/product\/22ct-gold-filigree-long-rani-haar-necklace-50762\/#primaryimage"},"image":{"@id":"https:\/\/www.purejewels.com\/product\/22ct-gold-filigree-long-rani-haar-necklace-50762\/#primaryimage"},"thumbnailUrl":"https:\/\/static.purejewels.com\/wp-content\/uploads\/2026\/04\/sku-50762-front.jpg","datePublished":"2026-01-16T10:51:15+00:00","dateModified":"2026-04-16T10:13:25+00:00","description":"Entdecken Sie unsere filigrane lange Rani-Haar-Kette aus 22 Karat Gold. In aufw\u00e4ndiger Handarbeit gefertigt, perfekt f\u00fcr Brautmode und zeitlosen Erbst\u00fcckschmuck.","breadcrumb":{"@id":"https:\/\/www.purejewels.com\/product\/22ct-gold-filigree-long-rani-haar-necklace-50762\/#breadcrumb"},"inLanguage":"de","potentialAction":[{"@type":"ReadAction","target":["https:\/\/www.purejewels.com\/product\/22ct-gold-filigree-long-rani-haar-necklace-50762\/"]}]},{"@type":"ImageObject","inLanguage":"de","@id":"https:\/\/www.purejewels.com\/product\/22ct-gold-filigree-long-rani-haar-necklace-50762\/#primaryimage","url":"https:\/\/static.purejewels.com\/wp-content\/uploads\/2026\/04\/sku-50762-front.jpg","contentUrl":"https:\/\/static.purejewels.com\/wp-content\/uploads\/2026\/04\/sku-50762-front.jpg","width":1000,"height":1000,"caption":"Stacked from 8 images. Method=B (R=8,S=4)"},{"@type":"BreadcrumbList","@id":"https:\/\/www.purejewels.com\/product\/22ct-gold-filigree-long-rani-haar-necklace-50762\/#breadcrumb","itemListElement":[{"@type":"ListItem","position":1,"name":"Home","item":"https:\/\/www.purejewels.com\/"},{"@type":"ListItem","position":2,"name":"Shop","item":"https:\/\/www.purejewels.com\/shop\/"},{"@type":"ListItem","position":3,"name":"22ct Gold Filigree Long Rani Haar Necklace"}]},{"@type":"WebSite","@id":"https:\/\/www.purejewels.com\/#website","url":"https:\/\/www.purejewels.com\/","name":"PureJewels UK","description":"Teile die Liebe","publisher":{"@id":"https:\/\/www.purejewels.com\/#organization"},"potentialAction":[{"@type":"SearchAction","target":{"@type":"EntryPoint","urlTemplate":"https:\/\/www.purejewels.com\/?s={search_term_string}"},"query-input":{"@type":"PropertyValueSpecification","valueRequired":true,"valueName":"search_term_string"}}],"inLanguage":"de"},{"@type":"Organization","@id":"https:\/\/www.purejewels.com\/#organization","name":"PureJewels UK","url":"https:\/\/www.purejewels.com\/","logo":{"@type":"ImageObject","inLanguage":"de","@id":"https:\/\/www.purejewels.com\/#\/schema\/logo\/image\/","url":"https:\/\/static.purejewels.com\/wp-content\/uploads\/2020\/11\/Logo-PJ-New-1.png","contentUrl":"https:\/\/static.purejewels.com\/wp-content\/uploads\/2020\/11\/Logo-PJ-New-1.png","width":150,"height":80,"caption":"PureJewels UK"},"image":{"@id":"https:\/\/www.purejewels.com\/#\/schema\/logo\/image\/"}}]}},"_links":{"self":[{"href":"https:\/\/www.purejewels.com\/de\/wp-json\/wp\/v2\/product\/428575","targetHints":{"allow":["GET"]}}],"collection":[{"href":"https:\/\/www.purejewels.com\/de\/wp-json\/wp\/v2\/product"}],"about":[{"href":"https:\/\/www.purejewels.com\/de\/wp-json\/wp\/v2\/types\/product"}],"replies":[{"embeddable":true,"href":"https:\/\/www.purejewels.com\/de\/wp-json\/wp\/v2\/comments?post=428575"}],"version-history":[{"count":1,"href":"https:\/\/www.purejewels.com\/de\/wp-json\/wp\/v2\/product\/428575\/revisions"}],"predecessor-version":[{"id":428578,"href":"https:\/\/www.purejewels.com\/de\/wp-json\/wp\/v2\/product\/428575\/revisions\/428578"}],"wp:featuredmedia":[{"embeddable":true,"href":"https:\/\/www.purejewels.com\/de\/wp-json\/wp\/v2\/media\/428576"}],"wp:attachment":[{"href":"https:\/\/www.purejewels.com\/de\/wp-json\/wp\/v2\/media?parent=428575"}],"wp:term":[{"taxonomy":"product_brand","embeddable":true,"href":"https:\/\/www.purejewels.com\/de\/wp-json\/wp\/v2\/product_brand?post=428575"},{"taxonomy":"product_cat","embeddable":true,"href":"https:\/\/www.purejewels.com\/de\/wp-json\/wp\/v2\/product_cat?post=428575"},{"taxonomy":"product_tag","embeddable":true,"href":"https:\/\/www.purejewels.com\/de\/wp-json\/wp\/v2\/product_tag?post=428575"}],"curies":[{"name":"wp","href":"https:\/\/api.w.org\/{rel}","templated":true}]}}