{"id":428585,"date":"2026-01-17T08:06:46","date_gmt":"2026-01-17T08:06:46","guid":{"rendered":"https:\/\/www.purejewels.com\/?post_type=product&#038;p=428585"},"modified":"2026-04-17T08:28:30","modified_gmt":"2026-04-17T07:28:30","slug":"22ct-gold-babyloffel","status":"publish","type":"product","link":"https:\/\/www.purejewels.com\/de\/product\/22ct-gold-baby-spoon\/","title":{"rendered":"22ct Gold Baby L\u00f6ffel"},"content":{"rendered":"<p data-start=\"154\" data-end=\"664\"><strong data-start=\"154\" data-end=\"172\">Designkonzept<\/strong><br data-start=\"172\" data-end=\"175\" \/>Feiern Sie die kostbarsten Anf\u00e4nge des Lebens mit unserem Babyl\u00f6ffel aus 22-kar\u00e4tigem Gold, der die ersten Meilensteine eines Kindes mit Anmut und Bedeutung w\u00fcrdigt. Das Design ist von raffinierter Schlichtheit: Die sanft geschwungene Schale sorgt f\u00fcr sanfte Funktionalit\u00e4t, w\u00e4hrend der dezent strukturierte Griff ein zartes optisches Detail darstellt. Dieses harmonische Gleichgewicht aus Minimalismus und Tradition l\u00e4sst das St\u00fcck sowohl modern als auch zeitlos erscheinen und macht es zu einem bedeutungsvollen Symbol der Liebe und des Neubeginns.<\/p>\n<p data-start=\"666\" data-end=\"1132\"><strong data-start=\"666\" data-end=\"683\">Handwerkliches K\u00f6nnen<\/strong><br data-start=\"683\" data-end=\"686\" \/>Dieser L\u00f6ffel aus reichhaltigem 22-kar\u00e4tigem Gold (Reinheitsgrad 916) ist mit einem Echtheitszertifikat versehen und zeugt von Generationen fachm\u00e4nnischer Goldschmiedekunst. Jedes St\u00fcck wird sorgf\u00e4ltig bearbeitet, um eine glatte, polierte Oberfl\u00e4che mit ausgewogenen Proportionen zu erhalten, die sowohl Komfort beim Gebrauch als auch dauerhafte Qualit\u00e4t gew\u00e4hrleistet. Verwurzelt in Erbe und Pr\u00e4zision, verk\u00f6rpert die Handwerkskunst eine Verpflichtung zu Reinheit, Detailtreue und dauerhafter Sch\u00f6nheit - entworfen, um \u00fcber Jahre hinweg gesch\u00e4tzt zu werden.<\/p>\n<p data-start=\"1134\" data-end=\"1633\" data-is-last-node=\"\" data-is-only-node=\"\"><strong data-start=\"1134\" data-end=\"1161\">Ideen f\u00fcr Styling und Geschenke<\/strong><br data-start=\"1161\" data-end=\"1164\" \/>Ideal als bedeutungsvolles Geschenk f\u00fcr Neugeborene, Namensgebungszeremonien, Taufen oder erste Meilensteine, hat dieses St\u00fcck eine ruhige emotionale Tiefe, die es zu einem gesch\u00e4tzten Andenken macht. F\u00fcr eine noch pers\u00f6nlichere Note kann ein Name oder ein besonderes Datum eingraviert werden, wodurch ein wirklich einzigartiges Erbst\u00fcck entsteht. Es kann auch elegant als Teil eines koordinierten Geschenksets zusammen mit einem Goldarmband oder -anh\u00e4nger gestaltet werden und bietet eine raffinierte und durchdachte M\u00f6glichkeit, eine neue Reise zu feiern.<\/p>","protected":false},"excerpt":{"rendered":"<p>Dieser Babyl\u00f6ffel aus 22-kar\u00e4tigem Gold ist ein zeitloses Andenken, das mit Reinheit und Sorgfalt gefertigt wurde. Er ist ein bedeutungsvolles Geschenk, um die ersten Meilensteine eines Neugeborenen mit Eleganz und Tradition zu feiern.<\/p>\n<p><strong>Material:<\/strong>\u00a022ct Gold (91,6% reines Gold)<strong><br \/>\nWahrzeichen:\u00a0<\/strong>Britisches G\u00fctesiegel<strong><br \/>\n<\/strong><strong>Bruttogewicht: <\/strong>7,5 Gramm<br \/>\n<strong>SKU:<\/strong> 55115<\/p>\n<p><strong>Preis und Lieferung:<\/strong>\u00a0Inklusive Mehrwertsteuer und Lieferkosten<strong><br \/>\n<a href=\"https:\/\/www.purejewels.com\/de\/ruckgabepolitik\/\">R\u00fcckgabepolitik<\/a><\/strong><\/p>","protected":false},"featured_media":428598,"comment_status":"closed","ping_status":"closed","template":"","meta":{"_eb_attr":"","_crsspst_to_jayantr4sg-hostcom":false},"product_brand":[],"product_cat":[1576,1790,6196],"product_tag":[],"class_list":{"0":"post-428585","1":"product","2":"type-product","3":"status-publish","4":"has-post-thumbnail","6":"product_cat-childrens-jewellery","7":"product_cat-for-whom-when","8":"product_cat-gold-spoon","10":"first","11":"instock","12":"taxable","13":"shipping-taxable","14":"purchasable","15":"product-type-simple","16":"add-to-wishlist-before_image"},"yoast_head":"<!-- This site is optimized with the Yoast SEO plugin v27.4 - https:\/\/yoast.com\/product\/yoast-seo-wordpress\/ -->\n<title>22ct Gold Baby Spoon | Hallmarked Gifts| Luxury Baby Gift UK<\/title>\n<meta name=\"description\" content=\"Discover our 22ct gold baby spoon, beautifully crafted and hallmarked for purity, making it a meaningful luxury gift for newborns, christenings, and naming ceremonies.\" \/>\n<meta name=\"robots\" content=\"index, follow, max-snippet:-1, max-image-preview:large, max-video-preview:-1\" \/>\n<link rel=\"canonical\" href=\"https:\/\/www.purejewels.com\/de\/produkt-2\/22ct-gold-babyloffel\/\" \/>\n<meta property=\"og:locale\" content=\"de_DE\" \/>\n<meta property=\"og:type\" content=\"article\" \/>\n<meta property=\"og:title\" content=\"22ct Gold Baby Spoon | Hallmarked Gifts| Luxury Baby Gift UK\" \/>\n<meta property=\"og:description\" content=\"Discover our 22ct gold baby spoon, beautifully crafted and hallmarked for purity, making it a meaningful luxury gift for newborns, christenings, and naming ceremonies.\" \/>\n<meta property=\"og:url\" content=\"https:\/\/www.purejewels.com\/de\/produkt-2\/22ct-gold-babyloffel\/\" \/>\n<meta property=\"og:site_name\" content=\"PureJewels UK\" \/>\n<meta property=\"article:modified_time\" content=\"2026-04-17T07:28:30+00:00\" \/>\n<meta property=\"og:image\" content=\"https:\/\/static.purejewels.com\/wp-content\/uploads\/2026\/04\/sku-55115-back.jpg\" \/>\n\t<meta property=\"og:image:width\" content=\"1000\" \/>\n\t<meta property=\"og:image:height\" content=\"1000\" \/>\n\t<meta property=\"og:image:type\" content=\"image\/jpeg\" \/>\n<meta name=\"twitter:card\" content=\"summary_large_image\" \/>\n<meta name=\"twitter:label1\" content=\"Gesch\u00e4tzte Lesezeit\" \/>\n\t<meta name=\"twitter:data1\" content=\"2\u00a0Minuten\" \/>\n<script type=\"application\/ld+json\" class=\"yoast-schema-graph\">{\"@context\":\"https:\\\/\\\/schema.org\",\"@graph\":[{\"@type\":[\"WebPage\",\"ItemPage\"],\"@id\":\"https:\\\/\\\/www.purejewels.com\\\/product\\\/22ct-gold-baby-spoon\\\/\",\"url\":\"https:\\\/\\\/www.purejewels.com\\\/product\\\/22ct-gold-baby-spoon\\\/\",\"name\":\"22ct Gold Baby Spoon | Hallmarked Gifts| Luxury Baby Gift UK\",\"isPartOf\":{\"@id\":\"https:\\\/\\\/www.purejewels.com\\\/#website\"},\"primaryImageOfPage\":{\"@id\":\"https:\\\/\\\/www.purejewels.com\\\/product\\\/22ct-gold-baby-spoon\\\/#primaryimage\"},\"image\":{\"@id\":\"https:\\\/\\\/www.purejewels.com\\\/product\\\/22ct-gold-baby-spoon\\\/#primaryimage\"},\"thumbnailUrl\":\"https:\\\/\\\/static.purejewels.com\\\/wp-content\\\/uploads\\\/2026\\\/04\\\/sku-55115-back.jpg\",\"datePublished\":\"2026-01-17T08:06:46+00:00\",\"dateModified\":\"2026-04-17T07:28:30+00:00\",\"description\":\"Discover our 22ct gold baby spoon, beautifully crafted and hallmarked for purity, making it a meaningful luxury gift for newborns, christenings, and naming ceremonies.\",\"breadcrumb\":{\"@id\":\"https:\\\/\\\/www.purejewels.com\\\/product\\\/22ct-gold-baby-spoon\\\/#breadcrumb\"},\"inLanguage\":\"de\",\"potentialAction\":[{\"@type\":\"ReadAction\",\"target\":[\"https:\\\/\\\/www.purejewels.com\\\/product\\\/22ct-gold-baby-spoon\\\/\"]}]},{\"@type\":\"ImageObject\",\"inLanguage\":\"de\",\"@id\":\"https:\\\/\\\/www.purejewels.com\\\/product\\\/22ct-gold-baby-spoon\\\/#primaryimage\",\"url\":\"https:\\\/\\\/static.purejewels.com\\\/wp-content\\\/uploads\\\/2026\\\/04\\\/sku-55115-back.jpg\",\"contentUrl\":\"https:\\\/\\\/static.purejewels.com\\\/wp-content\\\/uploads\\\/2026\\\/04\\\/sku-55115-back.jpg\",\"width\":1000,\"height\":1000,\"caption\":\"Stacked from 13 images. Method=B (R=8,S=4)\"},{\"@type\":\"BreadcrumbList\",\"@id\":\"https:\\\/\\\/www.purejewels.com\\\/product\\\/22ct-gold-baby-spoon\\\/#breadcrumb\",\"itemListElement\":[{\"@type\":\"ListItem\",\"position\":1,\"name\":\"Home\",\"item\":\"https:\\\/\\\/www.purejewels.com\\\/\"},{\"@type\":\"ListItem\",\"position\":2,\"name\":\"Shop\",\"item\":\"https:\\\/\\\/www.purejewels.com\\\/shop\\\/\"},{\"@type\":\"ListItem\",\"position\":3,\"name\":\"22ct Gold Baby Spoon\"}]},{\"@type\":\"WebSite\",\"@id\":\"https:\\\/\\\/www.purejewels.com\\\/#website\",\"url\":\"https:\\\/\\\/www.purejewels.com\\\/\",\"name\":\"PureJewels UK\",\"description\":\"Share the Love\",\"publisher\":{\"@id\":\"https:\\\/\\\/www.purejewels.com\\\/#organization\"},\"potentialAction\":[{\"@type\":\"SearchAction\",\"target\":{\"@type\":\"EntryPoint\",\"urlTemplate\":\"https:\\\/\\\/www.purejewels.com\\\/?s={search_term_string}\"},\"query-input\":{\"@type\":\"PropertyValueSpecification\",\"valueRequired\":true,\"valueName\":\"search_term_string\"}}],\"inLanguage\":\"de\"},{\"@type\":\"Organization\",\"@id\":\"https:\\\/\\\/www.purejewels.com\\\/#organization\",\"name\":\"PureJewels UK\",\"url\":\"https:\\\/\\\/www.purejewels.com\\\/\",\"logo\":{\"@type\":\"ImageObject\",\"inLanguage\":\"de\",\"@id\":\"https:\\\/\\\/www.purejewels.com\\\/#\\\/schema\\\/logo\\\/image\\\/\",\"url\":\"https:\\\/\\\/static.purejewels.com\\\/wp-content\\\/uploads\\\/2020\\\/11\\\/Logo-PJ-New-1.png\",\"contentUrl\":\"https:\\\/\\\/static.purejewels.com\\\/wp-content\\\/uploads\\\/2020\\\/11\\\/Logo-PJ-New-1.png\",\"width\":150,\"height\":80,\"caption\":\"PureJewels UK\"},\"image\":{\"@id\":\"https:\\\/\\\/www.purejewels.com\\\/#\\\/schema\\\/logo\\\/image\\\/\"}}]}<\/script>\n<!-- \/ Yoast SEO plugin. -->","yoast_head_json":{"title":"22ct Gold Baby L\u00f6ffel | Hallmarked Geschenke| Luxus Baby Geschenk UK","description":"Entdecken Sie unseren Babyl\u00f6ffel aus 22-kar\u00e4tigem Gold. Er ist wundersch\u00f6n gearbeitet und f\u00fcr seine Reinheit gepunzt, was ihn zu einem bedeutungsvollen Luxusgeschenk f\u00fcr Neugeborene, Taufen und Namensgebungszeremonien macht.","robots":{"index":"index","follow":"follow","max-snippet":"max-snippet:-1","max-image-preview":"max-image-preview:large","max-video-preview":"max-video-preview:-1"},"canonical":"https:\/\/www.purejewels.com\/de\/produkt-2\/22ct-gold-babyloffel\/","og_locale":"de_DE","og_type":"article","og_title":"22ct Gold Baby Spoon | Hallmarked Gifts| Luxury Baby Gift UK","og_description":"Discover our 22ct gold baby spoon, beautifully crafted and hallmarked for purity, making it a meaningful luxury gift for newborns, christenings, and naming ceremonies.","og_url":"https:\/\/www.purejewels.com\/de\/produkt-2\/22ct-gold-babyloffel\/","og_site_name":"PureJewels UK","article_modified_time":"2026-04-17T07:28:30+00:00","og_image":[{"width":1000,"height":1000,"url":"https:\/\/static.purejewels.com\/wp-content\/uploads\/2026\/04\/sku-55115-back.jpg","type":"image\/jpeg"}],"twitter_card":"summary_large_image","twitter_misc":{"Gesch\u00e4tzte Lesezeit":"2\u00a0Minuten"},"schema":{"@context":"https:\/\/schema.org","@graph":[{"@type":["WebPage","ItemPage"],"@id":"https:\/\/www.purejewels.com\/product\/22ct-gold-baby-spoon\/","url":"https:\/\/www.purejewels.com\/product\/22ct-gold-baby-spoon\/","name":"22ct Gold Baby L\u00f6ffel | Hallmarked Geschenke| Luxus Baby Geschenk UK","isPartOf":{"@id":"https:\/\/www.purejewels.com\/#website"},"primaryImageOfPage":{"@id":"https:\/\/www.purejewels.com\/product\/22ct-gold-baby-spoon\/#primaryimage"},"image":{"@id":"https:\/\/www.purejewels.com\/product\/22ct-gold-baby-spoon\/#primaryimage"},"thumbnailUrl":"https:\/\/static.purejewels.com\/wp-content\/uploads\/2026\/04\/sku-55115-back.jpg","datePublished":"2026-01-17T08:06:46+00:00","dateModified":"2026-04-17T07:28:30+00:00","description":"Entdecken Sie unseren Babyl\u00f6ffel aus 22-kar\u00e4tigem Gold. Er ist wundersch\u00f6n gearbeitet und f\u00fcr seine Reinheit gepunzt, was ihn zu einem bedeutungsvollen Luxusgeschenk f\u00fcr Neugeborene, Taufen und Namensgebungszeremonien macht.","breadcrumb":{"@id":"https:\/\/www.purejewels.com\/product\/22ct-gold-baby-spoon\/#breadcrumb"},"inLanguage":"de","potentialAction":[{"@type":"ReadAction","target":["https:\/\/www.purejewels.com\/product\/22ct-gold-baby-spoon\/"]}]},{"@type":"ImageObject","inLanguage":"de","@id":"https:\/\/www.purejewels.com\/product\/22ct-gold-baby-spoon\/#primaryimage","url":"https:\/\/static.purejewels.com\/wp-content\/uploads\/2026\/04\/sku-55115-back.jpg","contentUrl":"https:\/\/static.purejewels.com\/wp-content\/uploads\/2026\/04\/sku-55115-back.jpg","width":1000,"height":1000,"caption":"Stacked from 13 images. Method=B (R=8,S=4)"},{"@type":"BreadcrumbList","@id":"https:\/\/www.purejewels.com\/product\/22ct-gold-baby-spoon\/#breadcrumb","itemListElement":[{"@type":"ListItem","position":1,"name":"Home","item":"https:\/\/www.purejewels.com\/"},{"@type":"ListItem","position":2,"name":"Shop","item":"https:\/\/www.purejewels.com\/shop\/"},{"@type":"ListItem","position":3,"name":"22ct Gold Baby Spoon"}]},{"@type":"WebSite","@id":"https:\/\/www.purejewels.com\/#website","url":"https:\/\/www.purejewels.com\/","name":"PureJewels UK","description":"Teile die Liebe","publisher":{"@id":"https:\/\/www.purejewels.com\/#organization"},"potentialAction":[{"@type":"SearchAction","target":{"@type":"EntryPoint","urlTemplate":"https:\/\/www.purejewels.com\/?s={search_term_string}"},"query-input":{"@type":"PropertyValueSpecification","valueRequired":true,"valueName":"search_term_string"}}],"inLanguage":"de"},{"@type":"Organization","@id":"https:\/\/www.purejewels.com\/#organization","name":"PureJewels UK","url":"https:\/\/www.purejewels.com\/","logo":{"@type":"ImageObject","inLanguage":"de","@id":"https:\/\/www.purejewels.com\/#\/schema\/logo\/image\/","url":"https:\/\/static.purejewels.com\/wp-content\/uploads\/2020\/11\/Logo-PJ-New-1.png","contentUrl":"https:\/\/static.purejewels.com\/wp-content\/uploads\/2020\/11\/Logo-PJ-New-1.png","width":150,"height":80,"caption":"PureJewels UK"},"image":{"@id":"https:\/\/www.purejewels.com\/#\/schema\/logo\/image\/"}}]}},"_links":{"self":[{"href":"https:\/\/www.purejewels.com\/de\/wp-json\/wp\/v2\/product\/428585","targetHints":{"allow":["GET"]}}],"collection":[{"href":"https:\/\/www.purejewels.com\/de\/wp-json\/wp\/v2\/product"}],"about":[{"href":"https:\/\/www.purejewels.com\/de\/wp-json\/wp\/v2\/types\/product"}],"replies":[{"embeddable":true,"href":"https:\/\/www.purejewels.com\/de\/wp-json\/wp\/v2\/comments?post=428585"}],"version-history":[{"count":2,"href":"https:\/\/www.purejewels.com\/de\/wp-json\/wp\/v2\/product\/428585\/revisions"}],"predecessor-version":[{"id":428604,"href":"https:\/\/www.purejewels.com\/de\/wp-json\/wp\/v2\/product\/428585\/revisions\/428604"}],"wp:featuredmedia":[{"embeddable":true,"href":"https:\/\/www.purejewels.com\/de\/wp-json\/wp\/v2\/media\/428598"}],"wp:attachment":[{"href":"https:\/\/www.purejewels.com\/de\/wp-json\/wp\/v2\/media?parent=428585"}],"wp:term":[{"taxonomy":"product_brand","embeddable":true,"href":"https:\/\/www.purejewels.com\/de\/wp-json\/wp\/v2\/product_brand?post=428585"},{"taxonomy":"product_cat","embeddable":true,"href":"https:\/\/www.purejewels.com\/de\/wp-json\/wp\/v2\/product_cat?post=428585"},{"taxonomy":"product_tag","embeddable":true,"href":"https:\/\/www.purejewels.com\/de\/wp-json\/wp\/v2\/product_tag?post=428585"}],"curies":[{"name":"wp","href":"https:\/\/api.w.org\/{rel}","templated":true}]}}