{"id":428602,"date":"2026-01-17T08:22:29","date_gmt":"2026-01-17T08:22:29","guid":{"rendered":"https:\/\/www.purejewels.com\/?post_type=product&#038;p=428602"},"modified":"2026-04-17T08:41:32","modified_gmt":"2026-04-17T07:41:32","slug":"22ct-gold-baby-loffel-eingraviert-griff-55116","status":"publish","type":"product","link":"https:\/\/www.purejewels.com\/de\/product\/22ct-gold-baby-spoon-engraved-handle-55116\/","title":{"rendered":"22ct Gold Baby L\u00f6ffel - Gravierter Griff"},"content":{"rendered":"<p data-start=\"627\" data-end=\"1100\"><strong data-start=\"627\" data-end=\"645\">Designkonzept<\/strong><br data-start=\"645\" data-end=\"648\" \/>Feiern Sie die Sch\u00f6nheit neuer Anf\u00e4nge mit unserem Babyl\u00f6ffel mit graviertem Griff aus 22 Karat Gold, wo zarte Kunstfertigkeit auf bedeutungsvolles Design trifft. Die weich konturierte Schale bietet sanfte Funktionalit\u00e4t, w\u00e4hrend der kunstvoll gravierte Griff ein flie\u00dfendes, von Bl\u00e4ttern inspiriertes Muster aufweist, das Wachstum, Nahrung und neues Leben symbolisiert. Diese harmonische Mischung aus ornamentalen Details und raffinierter Form schafft ein St\u00fcck, das sowohl zeitlos als auch emotional bedeutsam ist.<\/p>\n<p data-start=\"1102\" data-end=\"1547\"><strong data-start=\"1102\" data-end=\"1119\">Handwerkliches K\u00f6nnen<\/strong><br data-start=\"1119\" data-end=\"1122\" \/>Dieser L\u00f6ffel aus reichhaltigem 22-kar\u00e4tigem Gold (Reinheitsgrad 916) ist mit einem Echtheitszertifikat versehen und zeugt von Generationen fachm\u00e4nnischer Goldschmiedekunst. Die eingravierten Details sind sorgf\u00e4ltig ausgef\u00fchrt, um Tiefe und Klarheit zu erzielen, w\u00e4hrend die gesamte Oberfl\u00e4che glatt und poliert bleibt, um Komfort und Haltbarkeit zu gew\u00e4hrleisten. Jedes Element ist sorgf\u00e4ltig aufeinander abgestimmt, so dass das St\u00fcck nicht nur exquisit aussieht, sondern auch \u00fcber Jahre hinweg gesch\u00e4tzt wird.<\/p>\n<p data-start=\"1549\" data-end=\"2038\" data-is-last-node=\"\" data-is-only-node=\"\"><strong data-start=\"1549\" data-end=\"1576\">Geschenk-Ideen<\/strong><br data-start=\"1576\" data-end=\"1579\" \/>Dieser L\u00f6ffel eignet sich perfekt als bedeutungsvolles Geschenk f\u00fcr Neugeborene, Namensgebungszeremonien, Taufen oder erste Meilensteine. Er besitzt eine ruhige, emotionale Tiefe, die ihn zu einem gesch\u00e4tzten Erbst\u00fcck macht. F\u00fcr eine noch pers\u00f6nlichere Note kann er mit einem Namen oder einem besonderen Datum graviert werden und l\u00e4sst sich wunderbar mit einem Goldarmband oder -anh\u00e4nger zu einem abgestimmten Geschenkset kombinieren. Eine raffinierte Art, eine neue Reise zu feiern, und ein dauerhaftes Symbol der Liebe, des Erbes und des aufmerksamen Schenkens.<\/p>","protected":false},"excerpt":{"rendered":"<p data-start=\"446\" data-end=\"594\">Ein wundersch\u00f6n detaillierter Babyl\u00f6ffel aus 22 Karat Gold mit eingraviertem Griff, der als zeitloses Andenken an die ersten Meilensteine eines Neugeborenen gedacht ist.<\/p>\n<p><strong>Material:<\/strong>\u00a022ct Gold (91,6% reines Gold)<strong><br \/>\nWahrzeichen:\u00a0<\/strong>Britisches G\u00fctesiegel<strong><br \/>\n<\/strong><strong>Bruttogewicht: <\/strong>7,60 Gramm<br \/>\n<strong>SKU:<\/strong> 55116<\/p>\n<p><strong>Preis und Lieferung:<\/strong>\u00a0Inklusive Mehrwertsteuer und Lieferkosten<strong><br \/>\n<a href=\"https:\/\/www.purejewels.com\/de\/ruckgabepolitik\/\">R\u00fcckgabepolitik<\/a><\/strong><\/p>","protected":false},"featured_media":428605,"comment_status":"closed","ping_status":"closed","template":"","meta":{"_eb_attr":"","_crsspst_to_jayantr4sg-hostcom":false},"product_brand":[],"product_cat":[1576,1790,6196],"product_tag":[],"class_list":{"0":"post-428602","1":"product","2":"type-product","3":"status-publish","4":"has-post-thumbnail","6":"product_cat-childrens-jewellery","7":"product_cat-for-whom-when","8":"product_cat-gold-spoon","10":"first","11":"instock","12":"taxable","13":"shipping-taxable","14":"purchasable","15":"product-type-simple","16":"add-to-wishlist-before_image"},"yoast_head":"<!-- This site is optimized with the Yoast SEO plugin v27.4 - https:\/\/yoast.com\/product\/yoast-seo-wordpress\/ -->\n<title>22ct Gold Baby Spoon \u2013 Engraved Handle | Luxury Baby Gift UK<\/title>\n<meta name=\"description\" content=\"Shop a 22ct gold baby spoon with an engraved handle, hallmarked for purity. A timeless luxury gift for newborns, christenings, and naming ceremonies.\" \/>\n<meta name=\"robots\" content=\"index, follow, max-snippet:-1, max-image-preview:large, max-video-preview:-1\" \/>\n<link rel=\"canonical\" href=\"https:\/\/www.purejewels.com\/de\/produkt-2\/22ct-gold-baby-loffel-eingraviert-griff-55116\/\" \/>\n<meta property=\"og:locale\" content=\"de_DE\" \/>\n<meta property=\"og:type\" content=\"article\" \/>\n<meta property=\"og:title\" content=\"22ct Gold Baby Spoon \u2013 Engraved Handle | Luxury Baby Gift UK\" \/>\n<meta property=\"og:description\" content=\"Shop a 22ct gold baby spoon with an engraved handle, hallmarked for purity. A timeless luxury gift for newborns, christenings, and naming ceremonies.\" \/>\n<meta property=\"og:url\" content=\"https:\/\/www.purejewels.com\/de\/produkt-2\/22ct-gold-baby-loffel-eingraviert-griff-55116\/\" \/>\n<meta property=\"og:site_name\" content=\"PureJewels UK\" \/>\n<meta property=\"article:modified_time\" content=\"2026-04-17T07:41:32+00:00\" \/>\n<meta property=\"og:image\" content=\"https:\/\/static.purejewels.com\/wp-content\/uploads\/2026\/01\/sku-55116-back.jpg\" \/>\n\t<meta property=\"og:image:width\" content=\"1000\" \/>\n\t<meta property=\"og:image:height\" content=\"1000\" \/>\n\t<meta property=\"og:image:type\" content=\"image\/jpeg\" \/>\n<meta name=\"twitter:card\" content=\"summary_large_image\" \/>\n<meta name=\"twitter:label1\" content=\"Gesch\u00e4tzte Lesezeit\" \/>\n\t<meta name=\"twitter:data1\" content=\"2\u00a0Minuten\" \/>\n<script type=\"application\/ld+json\" class=\"yoast-schema-graph\">{\"@context\":\"https:\\\/\\\/schema.org\",\"@graph\":[{\"@type\":[\"WebPage\",\"ItemPage\"],\"@id\":\"https:\\\/\\\/www.purejewels.com\\\/product\\\/22ct-gold-baby-spoon-engraved-handle-55116\\\/\",\"url\":\"https:\\\/\\\/www.purejewels.com\\\/product\\\/22ct-gold-baby-spoon-engraved-handle-55116\\\/\",\"name\":\"22ct Gold Baby Spoon \u2013 Engraved Handle | Luxury Baby Gift UK\",\"isPartOf\":{\"@id\":\"https:\\\/\\\/www.purejewels.com\\\/#website\"},\"primaryImageOfPage\":{\"@id\":\"https:\\\/\\\/www.purejewels.com\\\/product\\\/22ct-gold-baby-spoon-engraved-handle-55116\\\/#primaryimage\"},\"image\":{\"@id\":\"https:\\\/\\\/www.purejewels.com\\\/product\\\/22ct-gold-baby-spoon-engraved-handle-55116\\\/#primaryimage\"},\"thumbnailUrl\":\"https:\\\/\\\/static.purejewels.com\\\/wp-content\\\/uploads\\\/2026\\\/01\\\/sku-55116-back.jpg\",\"datePublished\":\"2026-01-17T08:22:29+00:00\",\"dateModified\":\"2026-04-17T07:41:32+00:00\",\"description\":\"Shop a 22ct gold baby spoon with an engraved handle, hallmarked for purity. A timeless luxury gift for newborns, christenings, and naming ceremonies.\",\"breadcrumb\":{\"@id\":\"https:\\\/\\\/www.purejewels.com\\\/product\\\/22ct-gold-baby-spoon-engraved-handle-55116\\\/#breadcrumb\"},\"inLanguage\":\"de\",\"potentialAction\":[{\"@type\":\"ReadAction\",\"target\":[\"https:\\\/\\\/www.purejewels.com\\\/product\\\/22ct-gold-baby-spoon-engraved-handle-55116\\\/\"]}]},{\"@type\":\"ImageObject\",\"inLanguage\":\"de\",\"@id\":\"https:\\\/\\\/www.purejewels.com\\\/product\\\/22ct-gold-baby-spoon-engraved-handle-55116\\\/#primaryimage\",\"url\":\"https:\\\/\\\/static.purejewels.com\\\/wp-content\\\/uploads\\\/2026\\\/01\\\/sku-55116-back.jpg\",\"contentUrl\":\"https:\\\/\\\/static.purejewels.com\\\/wp-content\\\/uploads\\\/2026\\\/01\\\/sku-55116-back.jpg\",\"width\":1000,\"height\":1000,\"caption\":\"22ct Gold Spoon\"},{\"@type\":\"BreadcrumbList\",\"@id\":\"https:\\\/\\\/www.purejewels.com\\\/product\\\/22ct-gold-baby-spoon-engraved-handle-55116\\\/#breadcrumb\",\"itemListElement\":[{\"@type\":\"ListItem\",\"position\":1,\"name\":\"Home\",\"item\":\"https:\\\/\\\/www.purejewels.com\\\/\"},{\"@type\":\"ListItem\",\"position\":2,\"name\":\"Shop\",\"item\":\"https:\\\/\\\/www.purejewels.com\\\/shop\\\/\"},{\"@type\":\"ListItem\",\"position\":3,\"name\":\"22ct Gold Baby Spoon \u2013 Engraved Handle\"}]},{\"@type\":\"WebSite\",\"@id\":\"https:\\\/\\\/www.purejewels.com\\\/#website\",\"url\":\"https:\\\/\\\/www.purejewels.com\\\/\",\"name\":\"PureJewels UK\",\"description\":\"Share the Love\",\"publisher\":{\"@id\":\"https:\\\/\\\/www.purejewels.com\\\/#organization\"},\"potentialAction\":[{\"@type\":\"SearchAction\",\"target\":{\"@type\":\"EntryPoint\",\"urlTemplate\":\"https:\\\/\\\/www.purejewels.com\\\/?s={search_term_string}\"},\"query-input\":{\"@type\":\"PropertyValueSpecification\",\"valueRequired\":true,\"valueName\":\"search_term_string\"}}],\"inLanguage\":\"de\"},{\"@type\":\"Organization\",\"@id\":\"https:\\\/\\\/www.purejewels.com\\\/#organization\",\"name\":\"PureJewels UK\",\"url\":\"https:\\\/\\\/www.purejewels.com\\\/\",\"logo\":{\"@type\":\"ImageObject\",\"inLanguage\":\"de\",\"@id\":\"https:\\\/\\\/www.purejewels.com\\\/#\\\/schema\\\/logo\\\/image\\\/\",\"url\":\"https:\\\/\\\/static.purejewels.com\\\/wp-content\\\/uploads\\\/2020\\\/11\\\/Logo-PJ-New-1.png\",\"contentUrl\":\"https:\\\/\\\/static.purejewels.com\\\/wp-content\\\/uploads\\\/2020\\\/11\\\/Logo-PJ-New-1.png\",\"width\":150,\"height\":80,\"caption\":\"PureJewels UK\"},\"image\":{\"@id\":\"https:\\\/\\\/www.purejewels.com\\\/#\\\/schema\\\/logo\\\/image\\\/\"}}]}<\/script>\n<!-- \/ Yoast SEO plugin. -->","yoast_head_json":{"title":"22ct Gold Baby L\u00f6ffel - Gravierte Griff | Luxus Baby Geschenk UK","description":"Kaufen Sie einen Babyl\u00f6ffel aus 22-kar\u00e4tigem Gold mit graviertem Griff, der f\u00fcr seine Reinheit gepunzt ist. Ein zeitloses Luxusgeschenk f\u00fcr Neugeborene, Taufen und Namensgebungszeremonien.","robots":{"index":"index","follow":"follow","max-snippet":"max-snippet:-1","max-image-preview":"max-image-preview:large","max-video-preview":"max-video-preview:-1"},"canonical":"https:\/\/www.purejewels.com\/de\/produkt-2\/22ct-gold-baby-loffel-eingraviert-griff-55116\/","og_locale":"de_DE","og_type":"article","og_title":"22ct Gold Baby Spoon \u2013 Engraved Handle | Luxury Baby Gift UK","og_description":"Shop a 22ct gold baby spoon with an engraved handle, hallmarked for purity. A timeless luxury gift for newborns, christenings, and naming ceremonies.","og_url":"https:\/\/www.purejewels.com\/de\/produkt-2\/22ct-gold-baby-loffel-eingraviert-griff-55116\/","og_site_name":"PureJewels UK","article_modified_time":"2026-04-17T07:41:32+00:00","og_image":[{"width":1000,"height":1000,"url":"https:\/\/static.purejewels.com\/wp-content\/uploads\/2026\/01\/sku-55116-back.jpg","type":"image\/jpeg"}],"twitter_card":"summary_large_image","twitter_misc":{"Gesch\u00e4tzte Lesezeit":"2\u00a0Minuten"},"schema":{"@context":"https:\/\/schema.org","@graph":[{"@type":["WebPage","ItemPage"],"@id":"https:\/\/www.purejewels.com\/product\/22ct-gold-baby-spoon-engraved-handle-55116\/","url":"https:\/\/www.purejewels.com\/product\/22ct-gold-baby-spoon-engraved-handle-55116\/","name":"22ct Gold Baby L\u00f6ffel - Gravierte Griff | Luxus Baby Geschenk UK","isPartOf":{"@id":"https:\/\/www.purejewels.com\/#website"},"primaryImageOfPage":{"@id":"https:\/\/www.purejewels.com\/product\/22ct-gold-baby-spoon-engraved-handle-55116\/#primaryimage"},"image":{"@id":"https:\/\/www.purejewels.com\/product\/22ct-gold-baby-spoon-engraved-handle-55116\/#primaryimage"},"thumbnailUrl":"https:\/\/static.purejewels.com\/wp-content\/uploads\/2026\/01\/sku-55116-back.jpg","datePublished":"2026-01-17T08:22:29+00:00","dateModified":"2026-04-17T07:41:32+00:00","description":"Kaufen Sie einen Babyl\u00f6ffel aus 22-kar\u00e4tigem Gold mit graviertem Griff, der f\u00fcr seine Reinheit gepunzt ist. Ein zeitloses Luxusgeschenk f\u00fcr Neugeborene, Taufen und Namensgebungszeremonien.","breadcrumb":{"@id":"https:\/\/www.purejewels.com\/product\/22ct-gold-baby-spoon-engraved-handle-55116\/#breadcrumb"},"inLanguage":"de","potentialAction":[{"@type":"ReadAction","target":["https:\/\/www.purejewels.com\/product\/22ct-gold-baby-spoon-engraved-handle-55116\/"]}]},{"@type":"ImageObject","inLanguage":"de","@id":"https:\/\/www.purejewels.com\/product\/22ct-gold-baby-spoon-engraved-handle-55116\/#primaryimage","url":"https:\/\/static.purejewels.com\/wp-content\/uploads\/2026\/01\/sku-55116-back.jpg","contentUrl":"https:\/\/static.purejewels.com\/wp-content\/uploads\/2026\/01\/sku-55116-back.jpg","width":1000,"height":1000,"caption":"22ct Gold Spoon"},{"@type":"BreadcrumbList","@id":"https:\/\/www.purejewels.com\/product\/22ct-gold-baby-spoon-engraved-handle-55116\/#breadcrumb","itemListElement":[{"@type":"ListItem","position":1,"name":"Home","item":"https:\/\/www.purejewels.com\/"},{"@type":"ListItem","position":2,"name":"Shop","item":"https:\/\/www.purejewels.com\/shop\/"},{"@type":"ListItem","position":3,"name":"22ct Gold Baby Spoon \u2013 Engraved Handle"}]},{"@type":"WebSite","@id":"https:\/\/www.purejewels.com\/#website","url":"https:\/\/www.purejewels.com\/","name":"PureJewels UK","description":"Teile die Liebe","publisher":{"@id":"https:\/\/www.purejewels.com\/#organization"},"potentialAction":[{"@type":"SearchAction","target":{"@type":"EntryPoint","urlTemplate":"https:\/\/www.purejewels.com\/?s={search_term_string}"},"query-input":{"@type":"PropertyValueSpecification","valueRequired":true,"valueName":"search_term_string"}}],"inLanguage":"de"},{"@type":"Organization","@id":"https:\/\/www.purejewels.com\/#organization","name":"PureJewels UK","url":"https:\/\/www.purejewels.com\/","logo":{"@type":"ImageObject","inLanguage":"de","@id":"https:\/\/www.purejewels.com\/#\/schema\/logo\/image\/","url":"https:\/\/static.purejewels.com\/wp-content\/uploads\/2020\/11\/Logo-PJ-New-1.png","contentUrl":"https:\/\/static.purejewels.com\/wp-content\/uploads\/2020\/11\/Logo-PJ-New-1.png","width":150,"height":80,"caption":"PureJewels UK"},"image":{"@id":"https:\/\/www.purejewels.com\/#\/schema\/logo\/image\/"}}]}},"_links":{"self":[{"href":"https:\/\/www.purejewels.com\/de\/wp-json\/wp\/v2\/product\/428602","targetHints":{"allow":["GET"]}}],"collection":[{"href":"https:\/\/www.purejewels.com\/de\/wp-json\/wp\/v2\/product"}],"about":[{"href":"https:\/\/www.purejewels.com\/de\/wp-json\/wp\/v2\/types\/product"}],"replies":[{"embeddable":true,"href":"https:\/\/www.purejewels.com\/de\/wp-json\/wp\/v2\/comments?post=428602"}],"version-history":[{"count":1,"href":"https:\/\/www.purejewels.com\/de\/wp-json\/wp\/v2\/product\/428602\/revisions"}],"predecessor-version":[{"id":428603,"href":"https:\/\/www.purejewels.com\/de\/wp-json\/wp\/v2\/product\/428602\/revisions\/428603"}],"wp:featuredmedia":[{"embeddable":true,"href":"https:\/\/www.purejewels.com\/de\/wp-json\/wp\/v2\/media\/428605"}],"wp:attachment":[{"href":"https:\/\/www.purejewels.com\/de\/wp-json\/wp\/v2\/media?parent=428602"}],"wp:term":[{"taxonomy":"product_brand","embeddable":true,"href":"https:\/\/www.purejewels.com\/de\/wp-json\/wp\/v2\/product_brand?post=428602"},{"taxonomy":"product_cat","embeddable":true,"href":"https:\/\/www.purejewels.com\/de\/wp-json\/wp\/v2\/product_cat?post=428602"},{"taxonomy":"product_tag","embeddable":true,"href":"https:\/\/www.purejewels.com\/de\/wp-json\/wp\/v2\/product_tag?post=428602"}],"curies":[{"name":"wp","href":"https:\/\/api.w.org\/{rel}","templated":true}]}}