{"id":428632,"date":"2026-01-17T10:48:56","date_gmt":"2026-01-17T10:48:56","guid":{"rendered":"https:\/\/www.purejewels.com\/?post_type=product&#038;p=428632"},"modified":"2026-04-17T11:00:13","modified_gmt":"2026-04-17T10:00:13","slug":"22-karat-gold-strukturierte-korb-ohrringe-55333","status":"publish","type":"product","link":"https:\/\/www.purejewels.com\/de\/product\/22ct-gold-textured-basket-hoop-earrings-55333\/","title":{"rendered":"22ct Gold Texturierte Korb-Ohrringe"},"content":{"rendered":"<p data-start=\"662\" data-end=\"1135\"><strong data-start=\"662\" data-end=\"680\">Designkonzept<\/strong><br data-start=\"680\" data-end=\"683\" \/>Die 22ct Gold Textured Basket Hoop Earrings sind von skulpturalen Formen und komplizierten Oberfl\u00e4chendetails inspiriert und zeichnen sich durch eine sanft geschwungene Silhouette mit einer unverwechselbaren korbartigen Struktur aus. Die facettierte Struktur der Oberfl\u00e4che erzeugt ein reiches Spiel von Licht und Schatten und verleiht den Ohrringen eine strahlende, dimensionale Qualit\u00e4t. Dieses Design verbindet traditionelle Kunstfertigkeit mit moderner Raffinesse und bietet einen k\u00fchnen und doch zeitlosen Ausdruck von Goldschmuck.<\/p>\n<p data-start=\"1137\" data-end=\"1570\"><strong data-start=\"1137\" data-end=\"1154\">Handwerkliches K\u00f6nnen<\/strong><br data-start=\"1154\" data-end=\"1157\" \/>Diese Ohrringe aus reichhaltigem 22-kar\u00e4tigem Gold (Reinheitsgrad 916) sind mit einem Echtheitszertifikat versehen und zeugen von au\u00dfergew\u00f6hnlicher Goldschmiedekunst. Jede Facette ist sorgf\u00e4ltig geschliffen, um die Brillanz zu erh\u00f6hen, w\u00e4hrend die Struktur ausgewogen ist, um sowohl St\u00e4rke als auch Komfort zu erhalten. Die innere Rundung ist f\u00fcr ein angenehmes Tragegef\u00fchl sanft geschliffen, und jedes Detail wurde verfeinert, um eine lange Haltbarkeit und ein luxuri\u00f6ses Finish zu gew\u00e4hrleisten, an dem man sich jahrelang erfreuen kann.<\/p>\n<p data-start=\"1572\" data-end=\"1972\" data-is-last-node=\"\" data-is-only-node=\"\"><strong data-start=\"1572\" data-end=\"1589\">Styling-Ideen<\/strong><br data-start=\"1589\" data-end=\"1592\" \/>Diese vielseitigen und doch unverwechselbaren Ohrringe sind sowohl f\u00fcr den Alltag als auch f\u00fcr besondere Anl\u00e4sse geeignet. Kombinieren Sie sie mit einer schlichten Goldkette f\u00fcr einen raffinierten, minimalistischen Look, oder kombinieren Sie sie mit strukturierten Armreifen und Lagenschmuck, um ihren handwerklichen Reiz zu verst\u00e4rken. Dank ihrer kr\u00e4ftigen Textur fallen sie m\u00fchelos auf und sind eine raffinierte Erg\u00e4nzung f\u00fcr jede Schmucksammlung.<\/p>","protected":false},"excerpt":{"rendered":"<p>Wundersch\u00f6n gearbeitete, strukturierte Korb-Ohrringe aus 22 Karat Gold mit facettierten Details, die Ihrem Look Tiefe und Brillanz verleihen.<\/p>\n<p><strong>Material:<\/strong>\u00a022ct Gold<br \/>\n<strong>Reinheit:<\/strong>\u00a091.6% rein<br \/>\n<strong>Wahrzeichen:<\/strong>\u00a0Britisches G\u00fctesiegel<strong><br \/>\n<\/strong><strong>Bruttogewicht: <\/strong>1,89 Gramm<br \/>\n<strong>SKU:<\/strong> 55333, 55332, 55331, 55329, 55327, 55326<\/p>\n<p><strong>Preis und Lieferung<\/strong>: Inklusive Mehrwertsteuer und Lieferkosten<br \/>\n<a href=\"https:\/\/www.purejewels.com\/de\/ruckgabepolitik\/\">R\u00fcckgabepolitik<\/a><\/p>","protected":false},"featured_media":428633,"comment_status":"closed","ping_status":"closed","template":"","meta":{"_eb_attr":"","_crsspst_to_jayantr4sg-hostcom":true},"product_brand":[],"product_cat":[1559,1793,1254,1579,5343,5608,1575,1574,5349],"product_tag":[],"class_list":{"0":"post-428632","1":"product","2":"type-product","3":"status-publish","4":"has-post-thumbnail","6":"product_cat-birthday-gifts","7":"product_cat-diwali-gifts","8":"product_cat-gold-earrings","9":"product_cat-hoop-earrings","10":"product_cat-jewellery-under-550","11":"product_cat-simple-hoops","12":"product_cat-teenage-jewellery","13":"product_cat-womens-jewellery","14":"product_cat-yellow-gold-jewellery","16":"first","17":"instock","18":"taxable","19":"shipping-taxable","20":"purchasable","21":"product-type-simple","22":"add-to-wishlist-before_image"},"yoast_head":"<!-- This site is optimized with the Yoast SEO plugin v27.4 - https:\/\/yoast.com\/product\/yoast-seo-wordpress\/ -->\n<title>22ct Gold Textured Basket Hoop Earrings | Gold Hoops UK<\/title>\n<meta name=\"description\" content=\"Discover 22ct gold textured basket hoop earrings with intricate faceted detailing. Hallmarked for purity, perfect for everyday elegance and special occasions.\" \/>\n<meta name=\"robots\" content=\"index, follow, max-snippet:-1, max-image-preview:large, max-video-preview:-1\" \/>\n<link rel=\"canonical\" href=\"https:\/\/www.purejewels.com\/de\/produkt-2\/22-karat-gold-strukturierte-korb-ohrringe-55333\/\" \/>\n<meta property=\"og:locale\" content=\"de_DE\" \/>\n<meta property=\"og:type\" content=\"article\" \/>\n<meta property=\"og:title\" content=\"22ct Gold Textured Basket Hoop Earrings | Gold Hoops UK\" \/>\n<meta property=\"og:description\" content=\"Discover 22ct gold textured basket hoop earrings with intricate faceted detailing. Hallmarked for purity, perfect for everyday elegance and special occasions.\" \/>\n<meta property=\"og:url\" content=\"https:\/\/www.purejewels.com\/de\/produkt-2\/22-karat-gold-strukturierte-korb-ohrringe-55333\/\" \/>\n<meta property=\"og:site_name\" content=\"PureJewels UK\" \/>\n<meta property=\"article:modified_time\" content=\"2026-04-17T10:00:13+00:00\" \/>\n<meta property=\"og:image\" content=\"https:\/\/static.purejewels.com\/wp-content\/uploads\/2026\/04\/jwerbnrp068-side.jpg\" \/>\n\t<meta property=\"og:image:width\" content=\"1000\" \/>\n\t<meta property=\"og:image:height\" content=\"1000\" \/>\n\t<meta property=\"og:image:type\" content=\"image\/jpeg\" \/>\n<meta name=\"twitter:card\" content=\"summary_large_image\" \/>\n<meta name=\"twitter:label1\" content=\"Gesch\u00e4tzte Lesezeit\" \/>\n\t<meta name=\"twitter:data1\" content=\"2\u00a0Minuten\" \/>\n<script type=\"application\/ld+json\" class=\"yoast-schema-graph\">{\"@context\":\"https:\\\/\\\/schema.org\",\"@graph\":[{\"@type\":[\"WebPage\",\"ItemPage\"],\"@id\":\"https:\\\/\\\/www.purejewels.com\\\/product\\\/22ct-gold-textured-basket-hoop-earrings-55333\\\/\",\"url\":\"https:\\\/\\\/www.purejewels.com\\\/product\\\/22ct-gold-textured-basket-hoop-earrings-55333\\\/\",\"name\":\"22ct Gold Textured Basket Hoop Earrings | Gold Hoops UK\",\"isPartOf\":{\"@id\":\"https:\\\/\\\/www.purejewels.com\\\/#website\"},\"primaryImageOfPage\":{\"@id\":\"https:\\\/\\\/www.purejewels.com\\\/product\\\/22ct-gold-textured-basket-hoop-earrings-55333\\\/#primaryimage\"},\"image\":{\"@id\":\"https:\\\/\\\/www.purejewels.com\\\/product\\\/22ct-gold-textured-basket-hoop-earrings-55333\\\/#primaryimage\"},\"thumbnailUrl\":\"https:\\\/\\\/static.purejewels.com\\\/wp-content\\\/uploads\\\/2026\\\/04\\\/jwerbnrp068-side.jpg\",\"datePublished\":\"2026-01-17T10:48:56+00:00\",\"dateModified\":\"2026-04-17T10:00:13+00:00\",\"description\":\"Discover 22ct gold textured basket hoop earrings with intricate faceted detailing. Hallmarked for purity, perfect for everyday elegance and special occasions.\",\"breadcrumb\":{\"@id\":\"https:\\\/\\\/www.purejewels.com\\\/product\\\/22ct-gold-textured-basket-hoop-earrings-55333\\\/#breadcrumb\"},\"inLanguage\":\"de\",\"potentialAction\":[{\"@type\":\"ReadAction\",\"target\":[\"https:\\\/\\\/www.purejewels.com\\\/product\\\/22ct-gold-textured-basket-hoop-earrings-55333\\\/\"]}]},{\"@type\":\"ImageObject\",\"inLanguage\":\"de\",\"@id\":\"https:\\\/\\\/www.purejewels.com\\\/product\\\/22ct-gold-textured-basket-hoop-earrings-55333\\\/#primaryimage\",\"url\":\"https:\\\/\\\/static.purejewels.com\\\/wp-content\\\/uploads\\\/2026\\\/04\\\/jwerbnrp068-side.jpg\",\"contentUrl\":\"https:\\\/\\\/static.purejewels.com\\\/wp-content\\\/uploads\\\/2026\\\/04\\\/jwerbnrp068-side.jpg\",\"width\":1000,\"height\":1000,\"caption\":\"22ct Gold Textured Basket Hoop Earrings\"},{\"@type\":\"BreadcrumbList\",\"@id\":\"https:\\\/\\\/www.purejewels.com\\\/product\\\/22ct-gold-textured-basket-hoop-earrings-55333\\\/#breadcrumb\",\"itemListElement\":[{\"@type\":\"ListItem\",\"position\":1,\"name\":\"Home\",\"item\":\"https:\\\/\\\/www.purejewels.com\\\/\"},{\"@type\":\"ListItem\",\"position\":2,\"name\":\"Shop\",\"item\":\"https:\\\/\\\/www.purejewels.com\\\/shop\\\/\"},{\"@type\":\"ListItem\",\"position\":3,\"name\":\"22ct Gold Textured Basket Hoop Earrings\"}]},{\"@type\":\"WebSite\",\"@id\":\"https:\\\/\\\/www.purejewels.com\\\/#website\",\"url\":\"https:\\\/\\\/www.purejewels.com\\\/\",\"name\":\"PureJewels UK\",\"description\":\"Share the Love\",\"publisher\":{\"@id\":\"https:\\\/\\\/www.purejewels.com\\\/#organization\"},\"potentialAction\":[{\"@type\":\"SearchAction\",\"target\":{\"@type\":\"EntryPoint\",\"urlTemplate\":\"https:\\\/\\\/www.purejewels.com\\\/?s={search_term_string}\"},\"query-input\":{\"@type\":\"PropertyValueSpecification\",\"valueRequired\":true,\"valueName\":\"search_term_string\"}}],\"inLanguage\":\"de\"},{\"@type\":\"Organization\",\"@id\":\"https:\\\/\\\/www.purejewels.com\\\/#organization\",\"name\":\"PureJewels UK\",\"url\":\"https:\\\/\\\/www.purejewels.com\\\/\",\"logo\":{\"@type\":\"ImageObject\",\"inLanguage\":\"de\",\"@id\":\"https:\\\/\\\/www.purejewels.com\\\/#\\\/schema\\\/logo\\\/image\\\/\",\"url\":\"https:\\\/\\\/static.purejewels.com\\\/wp-content\\\/uploads\\\/2020\\\/11\\\/Logo-PJ-New-1.png\",\"contentUrl\":\"https:\\\/\\\/static.purejewels.com\\\/wp-content\\\/uploads\\\/2020\\\/11\\\/Logo-PJ-New-1.png\",\"width\":150,\"height\":80,\"caption\":\"PureJewels UK\"},\"image\":{\"@id\":\"https:\\\/\\\/www.purejewels.com\\\/#\\\/schema\\\/logo\\\/image\\\/\"}}]}<\/script>\n<!-- \/ Yoast SEO plugin. -->","yoast_head_json":{"title":"22ct Gold Textured Basket Hoop Ohrringe | Gold Hoops UK","description":"Entdecken Sie die strukturierten Korb-Ohrringe aus 22 Karat Gold mit filigranen, facettierten Details. F\u00fcr Reinheit gepunzt, perfekt f\u00fcr den Alltag und besondere Anl\u00e4sse.","robots":{"index":"index","follow":"follow","max-snippet":"max-snippet:-1","max-image-preview":"max-image-preview:large","max-video-preview":"max-video-preview:-1"},"canonical":"https:\/\/www.purejewels.com\/de\/produkt-2\/22-karat-gold-strukturierte-korb-ohrringe-55333\/","og_locale":"de_DE","og_type":"article","og_title":"22ct Gold Textured Basket Hoop Earrings | Gold Hoops UK","og_description":"Discover 22ct gold textured basket hoop earrings with intricate faceted detailing. Hallmarked for purity, perfect for everyday elegance and special occasions.","og_url":"https:\/\/www.purejewels.com\/de\/produkt-2\/22-karat-gold-strukturierte-korb-ohrringe-55333\/","og_site_name":"PureJewels UK","article_modified_time":"2026-04-17T10:00:13+00:00","og_image":[{"width":1000,"height":1000,"url":"https:\/\/static.purejewels.com\/wp-content\/uploads\/2026\/04\/jwerbnrp068-side.jpg","type":"image\/jpeg"}],"twitter_card":"summary_large_image","twitter_misc":{"Gesch\u00e4tzte Lesezeit":"2\u00a0Minuten"},"schema":{"@context":"https:\/\/schema.org","@graph":[{"@type":["WebPage","ItemPage"],"@id":"https:\/\/www.purejewels.com\/product\/22ct-gold-textured-basket-hoop-earrings-55333\/","url":"https:\/\/www.purejewels.com\/product\/22ct-gold-textured-basket-hoop-earrings-55333\/","name":"22ct Gold Textured Basket Hoop Ohrringe | Gold Hoops UK","isPartOf":{"@id":"https:\/\/www.purejewels.com\/#website"},"primaryImageOfPage":{"@id":"https:\/\/www.purejewels.com\/product\/22ct-gold-textured-basket-hoop-earrings-55333\/#primaryimage"},"image":{"@id":"https:\/\/www.purejewels.com\/product\/22ct-gold-textured-basket-hoop-earrings-55333\/#primaryimage"},"thumbnailUrl":"https:\/\/static.purejewels.com\/wp-content\/uploads\/2026\/04\/jwerbnrp068-side.jpg","datePublished":"2026-01-17T10:48:56+00:00","dateModified":"2026-04-17T10:00:13+00:00","description":"Entdecken Sie die strukturierten Korb-Ohrringe aus 22 Karat Gold mit filigranen, facettierten Details. F\u00fcr Reinheit gepunzt, perfekt f\u00fcr den Alltag und besondere Anl\u00e4sse.","breadcrumb":{"@id":"https:\/\/www.purejewels.com\/product\/22ct-gold-textured-basket-hoop-earrings-55333\/#breadcrumb"},"inLanguage":"de","potentialAction":[{"@type":"ReadAction","target":["https:\/\/www.purejewels.com\/product\/22ct-gold-textured-basket-hoop-earrings-55333\/"]}]},{"@type":"ImageObject","inLanguage":"de","@id":"https:\/\/www.purejewels.com\/product\/22ct-gold-textured-basket-hoop-earrings-55333\/#primaryimage","url":"https:\/\/static.purejewels.com\/wp-content\/uploads\/2026\/04\/jwerbnrp068-side.jpg","contentUrl":"https:\/\/static.purejewels.com\/wp-content\/uploads\/2026\/04\/jwerbnrp068-side.jpg","width":1000,"height":1000,"caption":"22ct Gold Textured Basket Hoop Earrings"},{"@type":"BreadcrumbList","@id":"https:\/\/www.purejewels.com\/product\/22ct-gold-textured-basket-hoop-earrings-55333\/#breadcrumb","itemListElement":[{"@type":"ListItem","position":1,"name":"Home","item":"https:\/\/www.purejewels.com\/"},{"@type":"ListItem","position":2,"name":"Shop","item":"https:\/\/www.purejewels.com\/shop\/"},{"@type":"ListItem","position":3,"name":"22ct Gold Textured Basket Hoop Earrings"}]},{"@type":"WebSite","@id":"https:\/\/www.purejewels.com\/#website","url":"https:\/\/www.purejewels.com\/","name":"PureJewels UK","description":"Teile die Liebe","publisher":{"@id":"https:\/\/www.purejewels.com\/#organization"},"potentialAction":[{"@type":"SearchAction","target":{"@type":"EntryPoint","urlTemplate":"https:\/\/www.purejewels.com\/?s={search_term_string}"},"query-input":{"@type":"PropertyValueSpecification","valueRequired":true,"valueName":"search_term_string"}}],"inLanguage":"de"},{"@type":"Organization","@id":"https:\/\/www.purejewels.com\/#organization","name":"PureJewels UK","url":"https:\/\/www.purejewels.com\/","logo":{"@type":"ImageObject","inLanguage":"de","@id":"https:\/\/www.purejewels.com\/#\/schema\/logo\/image\/","url":"https:\/\/static.purejewels.com\/wp-content\/uploads\/2020\/11\/Logo-PJ-New-1.png","contentUrl":"https:\/\/static.purejewels.com\/wp-content\/uploads\/2020\/11\/Logo-PJ-New-1.png","width":150,"height":80,"caption":"PureJewels UK"},"image":{"@id":"https:\/\/www.purejewels.com\/#\/schema\/logo\/image\/"}}]}},"_links":{"self":[{"href":"https:\/\/www.purejewels.com\/de\/wp-json\/wp\/v2\/product\/428632","targetHints":{"allow":["GET"]}}],"collection":[{"href":"https:\/\/www.purejewels.com\/de\/wp-json\/wp\/v2\/product"}],"about":[{"href":"https:\/\/www.purejewels.com\/de\/wp-json\/wp\/v2\/types\/product"}],"replies":[{"embeddable":true,"href":"https:\/\/www.purejewels.com\/de\/wp-json\/wp\/v2\/comments?post=428632"}],"version-history":[{"count":1,"href":"https:\/\/www.purejewels.com\/de\/wp-json\/wp\/v2\/product\/428632\/revisions"}],"predecessor-version":[{"id":428636,"href":"https:\/\/www.purejewels.com\/de\/wp-json\/wp\/v2\/product\/428632\/revisions\/428636"}],"wp:featuredmedia":[{"embeddable":true,"href":"https:\/\/www.purejewels.com\/de\/wp-json\/wp\/v2\/media\/428633"}],"wp:attachment":[{"href":"https:\/\/www.purejewels.com\/de\/wp-json\/wp\/v2\/media?parent=428632"}],"wp:term":[{"taxonomy":"product_brand","embeddable":true,"href":"https:\/\/www.purejewels.com\/de\/wp-json\/wp\/v2\/product_brand?post=428632"},{"taxonomy":"product_cat","embeddable":true,"href":"https:\/\/www.purejewels.com\/de\/wp-json\/wp\/v2\/product_cat?post=428632"},{"taxonomy":"product_tag","embeddable":true,"href":"https:\/\/www.purejewels.com\/de\/wp-json\/wp\/v2\/product_tag?post=428632"}],"curies":[{"name":"wp","href":"https:\/\/api.w.org\/{rel}","templated":true}]}}