{"id":428639,"date":"2026-01-17T12:02:35","date_gmt":"2026-01-17T12:02:35","guid":{"rendered":"https:\/\/www.purejewels.com\/?post_type=product&#038;p=428639"},"modified":"2026-04-17T20:41:07","modified_gmt":"2026-04-17T19:41:07","slug":"geometrische-creolen-aus-22-karat-gold-55461","status":"publish","type":"product","link":"https:\/\/www.purejewels.com\/de\/product\/22ct-gold-geometric-hoop-earrings-55461\/","title":{"rendered":"22ct Gold Geometrische Ohrringe"},"content":{"rendered":"<p data-start=\"622\" data-end=\"1024\"><strong data-start=\"622\" data-end=\"640\">Designkonzept<\/strong><br data-start=\"640\" data-end=\"643\" \/>Die 22ct Gold Geometric Hoop Earrings sind von klaren Linien und strukturierten Formen inspiriert. Die facettierte Oberfl\u00e4che mit subtilen, chevron\u00e4hnlichen Details erzeugt ein beeindruckendes Lichtspiel. Die sanft geschwungene Silhouette wird durch pr\u00e4zise geometrische Schliffe unterstrichen und bietet eine zeitgem\u00e4\u00dfe Interpretation klassischer Goldreifen, w\u00e4hrend sie gleichzeitig eine zeitlose Eleganz bewahrt, die in der Tradition verwurzelt ist.<\/p>\n<p data-start=\"1026\" data-end=\"1446\"><strong data-start=\"1026\" data-end=\"1043\">Handwerkliches K\u00f6nnen<\/strong><br data-start=\"1043\" data-end=\"1046\" \/>Diese Ohrringe aus reichhaltigem 22-kar\u00e4tigem Gold (Reinheitsgrad 916) sind mit einem Echtheitszertifikat versehen und zeugen von au\u00dfergew\u00f6hnlicher Goldschmiedekunst. Jede Facette wurde sorgf\u00e4ltig geschliffen, um Symmetrie und Brillanz zu gew\u00e4hrleisten, so dass die Ohrringe das Licht aus jedem Winkel einfangen k\u00f6nnen. Die innere Rundung ist f\u00fcr einen angenehmen Tragekomfort sanft geschliffen, w\u00e4hrend die Gesamtstruktur sorgf\u00e4ltig ausbalanciert ist, um eine lange Lebensdauer und ein raffiniertes Finish zu gew\u00e4hrleisten.<\/p>\n<p data-start=\"1448\" data-end=\"1857\" data-is-last-node=\"\" data-is-only-node=\"\"><strong data-start=\"1448\" data-end=\"1465\">Styling-Ideen<\/strong><br data-start=\"1465\" data-end=\"1468\" \/>Diese vielseitigen und m\u00fchelos eleganten Ohrringe lassen sich nahtlos von der Tages- in die Abendgarderobe \u00fcbertragen. Kombinieren Sie sie mit schlichten Goldketten f\u00fcr einen modernen, minimalistischen Look oder mit mehrschichtigen Texturen und Armreifen f\u00fcr ein ausdrucksstarkes Statement. Durch ihr strukturiertes Design sind sie sowohl f\u00fcr den Alltag als auch f\u00fcr besondere Anl\u00e4sse geeignet und verleihen jeder Schmucksammlung einen besonderen Touch.<\/p>","protected":false},"excerpt":{"rendered":"<p>Moderne geometrische Ohrringe aus 22 Karat Gold mit facettierten Details, die Ihrem Look Struktur, Glanz und Raffinesse verleihen.<\/p>\n<p><strong>Material:<\/strong>\u00a022ct Gold<br \/>\n<strong>Reinheit:<\/strong>\u00a091.6% rein<br \/>\n<strong>Wahrzeichen:<\/strong>\u00a0Britisches G\u00fctesiegel<strong><br \/>\n<\/strong><strong>Bruttogewicht: <\/strong>1,93 Gramm<br \/>\n<strong>SKU:<\/strong> 55461, 55313, 55312, 55310, 55309, 55308<\/p>\n<p><strong>Preis und Lieferung<\/strong>: Inklusive Mehrwertsteuer und Lieferkosten<br \/>\n<a href=\"https:\/\/www.purejewels.com\/de\/ruckgabepolitik\/\">R\u00fcckgabepolitik<\/a><\/p>","protected":false},"featured_media":428640,"comment_status":"closed","ping_status":"closed","template":"","meta":{"_eb_attr":"","_crsspst_to_jayantr4sg-hostcom":false},"product_brand":[],"product_cat":[1559,1793,1254,1579,5343,5608,1575,1574,5349],"product_tag":[],"class_list":{"0":"post-428639","1":"product","2":"type-product","3":"status-publish","4":"has-post-thumbnail","6":"product_cat-birthday-gifts","7":"product_cat-diwali-gifts","8":"product_cat-gold-earrings","9":"product_cat-hoop-earrings","10":"product_cat-jewellery-under-550","11":"product_cat-simple-hoops","12":"product_cat-teenage-jewellery","13":"product_cat-womens-jewellery","14":"product_cat-yellow-gold-jewellery","16":"first","17":"instock","18":"taxable","19":"shipping-taxable","20":"purchasable","21":"product-type-simple","22":"add-to-wishlist-before_image"},"yoast_head":"<!-- This site is optimized with the Yoast SEO plugin v27.4 - https:\/\/yoast.com\/product\/yoast-seo-wordpress\/ -->\n<title>22ct Gold Geometric Hoop Earrings | Textured Gold Hoops UK<\/title>\n<meta name=\"description\" content=\"Shop 22ct gold geometric hoop earrings with faceted detailing. Hallmarked for purity, perfect for everyday wear and special occasions.\" \/>\n<meta name=\"robots\" content=\"index, follow, max-snippet:-1, max-image-preview:large, max-video-preview:-1\" \/>\n<link rel=\"canonical\" href=\"https:\/\/www.purejewels.com\/de\/produkt-2\/geometrische-creolen-aus-22-karat-gold-55461\/\" \/>\n<meta property=\"og:locale\" content=\"de_DE\" \/>\n<meta property=\"og:type\" content=\"article\" \/>\n<meta property=\"og:title\" content=\"22ct Gold Geometric Hoop Earrings | Textured Gold Hoops UK\" \/>\n<meta property=\"og:description\" content=\"Shop 22ct gold geometric hoop earrings with faceted detailing. Hallmarked for purity, perfect for everyday wear and special occasions.\" \/>\n<meta property=\"og:url\" content=\"https:\/\/www.purejewels.com\/de\/produkt-2\/geometrische-creolen-aus-22-karat-gold-55461\/\" \/>\n<meta property=\"og:site_name\" content=\"PureJewels UK\" \/>\n<meta property=\"article:modified_time\" content=\"2026-04-17T19:41:07+00:00\" \/>\n<meta property=\"og:image\" content=\"https:\/\/static.purejewels.com\/wp-content\/uploads\/2026\/04\/jwerbnrp069-side.jpg\" \/>\n\t<meta property=\"og:image:width\" content=\"1000\" \/>\n\t<meta property=\"og:image:height\" content=\"1000\" \/>\n\t<meta property=\"og:image:type\" content=\"image\/jpeg\" \/>\n<meta name=\"twitter:card\" content=\"summary_large_image\" \/>\n<meta name=\"twitter:label1\" content=\"Gesch\u00e4tzte Lesezeit\" \/>\n\t<meta name=\"twitter:data1\" content=\"1\u00a0Minute\" \/>\n<script type=\"application\/ld+json\" class=\"yoast-schema-graph\">{\"@context\":\"https:\\\/\\\/schema.org\",\"@graph\":[{\"@type\":[\"WebPage\",\"ItemPage\"],\"@id\":\"https:\\\/\\\/www.purejewels.com\\\/product\\\/22ct-gold-geometric-hoop-earrings-55461\\\/\",\"url\":\"https:\\\/\\\/www.purejewels.com\\\/product\\\/22ct-gold-geometric-hoop-earrings-55461\\\/\",\"name\":\"22ct Gold Geometric Hoop Earrings | Textured Gold Hoops UK\",\"isPartOf\":{\"@id\":\"https:\\\/\\\/www.purejewels.com\\\/#website\"},\"primaryImageOfPage\":{\"@id\":\"https:\\\/\\\/www.purejewels.com\\\/product\\\/22ct-gold-geometric-hoop-earrings-55461\\\/#primaryimage\"},\"image\":{\"@id\":\"https:\\\/\\\/www.purejewels.com\\\/product\\\/22ct-gold-geometric-hoop-earrings-55461\\\/#primaryimage\"},\"thumbnailUrl\":\"https:\\\/\\\/static.purejewels.com\\\/wp-content\\\/uploads\\\/2026\\\/04\\\/jwerbnrp069-side.jpg\",\"datePublished\":\"2026-01-17T12:02:35+00:00\",\"dateModified\":\"2026-04-17T19:41:07+00:00\",\"description\":\"Shop 22ct gold geometric hoop earrings with faceted detailing. Hallmarked for purity, perfect for everyday wear and special occasions.\",\"breadcrumb\":{\"@id\":\"https:\\\/\\\/www.purejewels.com\\\/product\\\/22ct-gold-geometric-hoop-earrings-55461\\\/#breadcrumb\"},\"inLanguage\":\"de\",\"potentialAction\":[{\"@type\":\"ReadAction\",\"target\":[\"https:\\\/\\\/www.purejewels.com\\\/product\\\/22ct-gold-geometric-hoop-earrings-55461\\\/\"]}]},{\"@type\":\"ImageObject\",\"inLanguage\":\"de\",\"@id\":\"https:\\\/\\\/www.purejewels.com\\\/product\\\/22ct-gold-geometric-hoop-earrings-55461\\\/#primaryimage\",\"url\":\"https:\\\/\\\/static.purejewels.com\\\/wp-content\\\/uploads\\\/2026\\\/04\\\/jwerbnrp069-side.jpg\",\"contentUrl\":\"https:\\\/\\\/static.purejewels.com\\\/wp-content\\\/uploads\\\/2026\\\/04\\\/jwerbnrp069-side.jpg\",\"width\":1000,\"height\":1000,\"caption\":\"22ct Gold Geometric Hoop Earrings\"},{\"@type\":\"BreadcrumbList\",\"@id\":\"https:\\\/\\\/www.purejewels.com\\\/product\\\/22ct-gold-geometric-hoop-earrings-55461\\\/#breadcrumb\",\"itemListElement\":[{\"@type\":\"ListItem\",\"position\":1,\"name\":\"Home\",\"item\":\"https:\\\/\\\/www.purejewels.com\\\/\"},{\"@type\":\"ListItem\",\"position\":2,\"name\":\"Shop\",\"item\":\"https:\\\/\\\/www.purejewels.com\\\/shop\\\/\"},{\"@type\":\"ListItem\",\"position\":3,\"name\":\"22ct Gold Geometric Hoop Earrings\"}]},{\"@type\":\"WebSite\",\"@id\":\"https:\\\/\\\/www.purejewels.com\\\/#website\",\"url\":\"https:\\\/\\\/www.purejewels.com\\\/\",\"name\":\"PureJewels UK\",\"description\":\"Share the Love\",\"publisher\":{\"@id\":\"https:\\\/\\\/www.purejewels.com\\\/#organization\"},\"potentialAction\":[{\"@type\":\"SearchAction\",\"target\":{\"@type\":\"EntryPoint\",\"urlTemplate\":\"https:\\\/\\\/www.purejewels.com\\\/?s={search_term_string}\"},\"query-input\":{\"@type\":\"PropertyValueSpecification\",\"valueRequired\":true,\"valueName\":\"search_term_string\"}}],\"inLanguage\":\"de\"},{\"@type\":\"Organization\",\"@id\":\"https:\\\/\\\/www.purejewels.com\\\/#organization\",\"name\":\"PureJewels UK\",\"url\":\"https:\\\/\\\/www.purejewels.com\\\/\",\"logo\":{\"@type\":\"ImageObject\",\"inLanguage\":\"de\",\"@id\":\"https:\\\/\\\/www.purejewels.com\\\/#\\\/schema\\\/logo\\\/image\\\/\",\"url\":\"https:\\\/\\\/static.purejewels.com\\\/wp-content\\\/uploads\\\/2020\\\/11\\\/Logo-PJ-New-1.png\",\"contentUrl\":\"https:\\\/\\\/static.purejewels.com\\\/wp-content\\\/uploads\\\/2020\\\/11\\\/Logo-PJ-New-1.png\",\"width\":150,\"height\":80,\"caption\":\"PureJewels UK\"},\"image\":{\"@id\":\"https:\\\/\\\/www.purejewels.com\\\/#\\\/schema\\\/logo\\\/image\\\/\"}}]}<\/script>\n<!-- \/ Yoast SEO plugin. -->","yoast_head_json":{"title":"22ct Gold Geometrische Ohrringe | Textured Gold Hoops UK","description":"Geometrische Creolen aus 22 Karat Gold mit facettierten Details. F\u00fcr Reinheit gepunzt, perfekt f\u00fcr den Alltag und besondere Anl\u00e4sse.","robots":{"index":"index","follow":"follow","max-snippet":"max-snippet:-1","max-image-preview":"max-image-preview:large","max-video-preview":"max-video-preview:-1"},"canonical":"https:\/\/www.purejewels.com\/de\/produkt-2\/geometrische-creolen-aus-22-karat-gold-55461\/","og_locale":"de_DE","og_type":"article","og_title":"22ct Gold Geometric Hoop Earrings | Textured Gold Hoops UK","og_description":"Shop 22ct gold geometric hoop earrings with faceted detailing. Hallmarked for purity, perfect for everyday wear and special occasions.","og_url":"https:\/\/www.purejewels.com\/de\/produkt-2\/geometrische-creolen-aus-22-karat-gold-55461\/","og_site_name":"PureJewels UK","article_modified_time":"2026-04-17T19:41:07+00:00","og_image":[{"width":1000,"height":1000,"url":"https:\/\/static.purejewels.com\/wp-content\/uploads\/2026\/04\/jwerbnrp069-side.jpg","type":"image\/jpeg"}],"twitter_card":"summary_large_image","twitter_misc":{"Gesch\u00e4tzte Lesezeit":"1\u00a0Minute"},"schema":{"@context":"https:\/\/schema.org","@graph":[{"@type":["WebPage","ItemPage"],"@id":"https:\/\/www.purejewels.com\/product\/22ct-gold-geometric-hoop-earrings-55461\/","url":"https:\/\/www.purejewels.com\/product\/22ct-gold-geometric-hoop-earrings-55461\/","name":"22ct Gold Geometrische Ohrringe | Textured Gold Hoops UK","isPartOf":{"@id":"https:\/\/www.purejewels.com\/#website"},"primaryImageOfPage":{"@id":"https:\/\/www.purejewels.com\/product\/22ct-gold-geometric-hoop-earrings-55461\/#primaryimage"},"image":{"@id":"https:\/\/www.purejewels.com\/product\/22ct-gold-geometric-hoop-earrings-55461\/#primaryimage"},"thumbnailUrl":"https:\/\/static.purejewels.com\/wp-content\/uploads\/2026\/04\/jwerbnrp069-side.jpg","datePublished":"2026-01-17T12:02:35+00:00","dateModified":"2026-04-17T19:41:07+00:00","description":"Geometrische Creolen aus 22 Karat Gold mit facettierten Details. F\u00fcr Reinheit gepunzt, perfekt f\u00fcr den Alltag und besondere Anl\u00e4sse.","breadcrumb":{"@id":"https:\/\/www.purejewels.com\/product\/22ct-gold-geometric-hoop-earrings-55461\/#breadcrumb"},"inLanguage":"de","potentialAction":[{"@type":"ReadAction","target":["https:\/\/www.purejewels.com\/product\/22ct-gold-geometric-hoop-earrings-55461\/"]}]},{"@type":"ImageObject","inLanguage":"de","@id":"https:\/\/www.purejewels.com\/product\/22ct-gold-geometric-hoop-earrings-55461\/#primaryimage","url":"https:\/\/static.purejewels.com\/wp-content\/uploads\/2026\/04\/jwerbnrp069-side.jpg","contentUrl":"https:\/\/static.purejewels.com\/wp-content\/uploads\/2026\/04\/jwerbnrp069-side.jpg","width":1000,"height":1000,"caption":"22ct Gold Geometric Hoop Earrings"},{"@type":"BreadcrumbList","@id":"https:\/\/www.purejewels.com\/product\/22ct-gold-geometric-hoop-earrings-55461\/#breadcrumb","itemListElement":[{"@type":"ListItem","position":1,"name":"Home","item":"https:\/\/www.purejewels.com\/"},{"@type":"ListItem","position":2,"name":"Shop","item":"https:\/\/www.purejewels.com\/shop\/"},{"@type":"ListItem","position":3,"name":"22ct Gold Geometric Hoop Earrings"}]},{"@type":"WebSite","@id":"https:\/\/www.purejewels.com\/#website","url":"https:\/\/www.purejewels.com\/","name":"PureJewels UK","description":"Teile die Liebe","publisher":{"@id":"https:\/\/www.purejewels.com\/#organization"},"potentialAction":[{"@type":"SearchAction","target":{"@type":"EntryPoint","urlTemplate":"https:\/\/www.purejewels.com\/?s={search_term_string}"},"query-input":{"@type":"PropertyValueSpecification","valueRequired":true,"valueName":"search_term_string"}}],"inLanguage":"de"},{"@type":"Organization","@id":"https:\/\/www.purejewels.com\/#organization","name":"PureJewels UK","url":"https:\/\/www.purejewels.com\/","logo":{"@type":"ImageObject","inLanguage":"de","@id":"https:\/\/www.purejewels.com\/#\/schema\/logo\/image\/","url":"https:\/\/static.purejewels.com\/wp-content\/uploads\/2020\/11\/Logo-PJ-New-1.png","contentUrl":"https:\/\/static.purejewels.com\/wp-content\/uploads\/2020\/11\/Logo-PJ-New-1.png","width":150,"height":80,"caption":"PureJewels UK"},"image":{"@id":"https:\/\/www.purejewels.com\/#\/schema\/logo\/image\/"}}]}},"_links":{"self":[{"href":"https:\/\/www.purejewels.com\/de\/wp-json\/wp\/v2\/product\/428639","targetHints":{"allow":["GET"]}}],"collection":[{"href":"https:\/\/www.purejewels.com\/de\/wp-json\/wp\/v2\/product"}],"about":[{"href":"https:\/\/www.purejewels.com\/de\/wp-json\/wp\/v2\/types\/product"}],"replies":[{"embeddable":true,"href":"https:\/\/www.purejewels.com\/de\/wp-json\/wp\/v2\/comments?post=428639"}],"version-history":[{"count":1,"href":"https:\/\/www.purejewels.com\/de\/wp-json\/wp\/v2\/product\/428639\/revisions"}],"predecessor-version":[{"id":428643,"href":"https:\/\/www.purejewels.com\/de\/wp-json\/wp\/v2\/product\/428639\/revisions\/428643"}],"wp:featuredmedia":[{"embeddable":true,"href":"https:\/\/www.purejewels.com\/de\/wp-json\/wp\/v2\/media\/428640"}],"wp:attachment":[{"href":"https:\/\/www.purejewels.com\/de\/wp-json\/wp\/v2\/media?parent=428639"}],"wp:term":[{"taxonomy":"product_brand","embeddable":true,"href":"https:\/\/www.purejewels.com\/de\/wp-json\/wp\/v2\/product_brand?post=428639"},{"taxonomy":"product_cat","embeddable":true,"href":"https:\/\/www.purejewels.com\/de\/wp-json\/wp\/v2\/product_cat?post=428639"},{"taxonomy":"product_tag","embeddable":true,"href":"https:\/\/www.purejewels.com\/de\/wp-json\/wp\/v2\/product_tag?post=428639"}],"curies":[{"name":"wp","href":"https:\/\/api.w.org\/{rel}","templated":true}]}}